{"id":26353,"date":"2025-10-03T17:30:12","date_gmt":"2025-10-03T15:30:12","guid":{"rendered":"https:\/\/lavia.cc\/gpx\/?post_type=product&#038;p=26353"},"modified":"2025-10-03T17:30:16","modified_gmt":"2025-10-03T15:30:16","slug":"giannutri-la-perla-dellarcipelago-toscano","status":"publish","type":"product","link":"https:\/\/lavia.cc\/gpx\/tracce\/giannutri-la-perla-dellarcipelago-toscano\/","title":{"rendered":"Giannutri &#8211; La Perla dell&#8217;Arcipelago Toscano"},"content":{"rendered":"<h5>Giannutri &#8211; La Perla dell&#8217;Arcipelago Toscano<\/h5>\n<p>\ud83d\udca1 Qualora si rimanga a dormire almeno una notte sull&#8217;isola in qualche struttura ricettiva, si acquisiscono i privilegi dei residenti, potendo percorrere i sentieri escursionistici anche senza guida \ud83d\ude42<\/p>\n<p>\ud83d\uddfa\ufe0f Mappa e altimetria dell&#8217;escursione guidata sull&#8217;<strong>Isola di Giannutri<\/strong>:<\/p>\n\r\n\t\t<div id=\"wpgpxmaps_26353_2921539\" class=\"wpgpxmaps\">\r\n\t\t\t<div id=\"map_26353_2921539_cont\" style=\"width:100%; height:450px;position:relative\" >\r\n\t\t\t\t<div id=\"map_26353_2921539\" style=\"width:100%; height:450px\"><\/div>\r\n\t\t\t\t<div id=\"wpgpxmaps_26353_2921539_osm_footer\" class=\"wpgpxmaps_osm_footer\" style=\"display:none;\"><span> &copy; <a href=\"http:\/\/www.openstreetmap.org\/copyright\" target=\"_blank\" rel=\"noopener\">OpenStreetMap<\/a> contributors<\/span><\/div>\r\n\t\t\t<\/div>\r\n\t\t\t<canvas id=\"myChart_26353_2921539\" class=\"plot\" style=\"width:100%; height:200px\"><\/canvas>\r\n\t\t\t<div id=\"ngimages_26353_2921539\" class=\"ngimages\" style=\"display:none\"><\/div>\r\n\t\t\t<div id=\"report_26353_2921539\" class=\"report\"><\/div>\r\n\t\t<\/div>\r\n\t\t\r\n\t\t<script type=\"text\/javascript\">\r\n\r\n\t\t\tjQuery(document).ready(function() {\r\n\r\n\t\t\t\tjQuery( \"#wpgpxmaps_26353_2921539\" ).wpgpxmaps( {\r\n\t\t\t\t\ttargetId           : \"26353_2921539\",\r\n\t\t\t\t\tmapType            : \"HYBRID\",\r\n\t\t\t\t\tmapData            : [[42.2541040,11.1049070],[42.2541800,11.1048900],[42.2542250,11.1048850],[42.2542690,11.1047840],[42.2542520,11.1046450],[42.2542560,11.1044780],[42.2543110,11.1042140],[42.2543540,11.1040990],[42.2543450,11.1039680],[42.2542600,11.1038290],[42.2542380,11.1036070],[42.2541020,11.1034230],[42.2541430,11.1032500],[42.2542500,11.1033260],[42.2541430,11.1032500],[42.2540290,11.1031260],[42.2539240,11.1030910],[42.2537760,11.1030500],[42.2537760,11.1030500],[42.2536640,11.1031710],[42.2535100,11.1031410],[42.2535230,11.1029810],[42.2536590,11.1022850],[42.2538430,11.1015520],[42.2537240,11.1015030],[42.2536630,11.1013960],[42.2536470,11.1010340],[42.2536460,11.1006680],[42.2536400,11.1004700],[42.2536490,11.0999040],[42.2535220,11.0998990],[42.2532800,11.0998900],[42.2529160,11.0998030],[42.2524370,11.0996560],[42.2521050,11.0994270],[42.2518600,11.0993280],[42.2516720,11.0992860],[42.2515580,11.0992490],[42.2513540,11.0992590],[42.2509720,11.0992360],[42.2507960,11.0992150],[42.2506350,11.0991090],[42.2504920,11.0990650],[42.2503900,11.0990880],[42.2502800,11.0991620],[42.2499840,11.0995380],[42.2497790,11.0996810],[42.2496900,11.0997130],[42.2495500,11.0996810],[42.2493320,11.0995480],[42.2492290,11.0995090],[42.2491710,11.0995040],[42.2489720,11.0994900],[42.2482590,11.0996130],[42.2481440,11.0995810],[42.2479710,11.0994480],[42.2478260,11.0994000],[42.2477340,11.0994280],[42.2475310,11.0996190],[42.2473320,11.0998780],[42.2470740,11.1001740],[42.2468680,11.1003150],[42.2467800,11.1004030],[42.2466690,11.1004860],[42.2463550,11.1005700],[42.2457130,11.1008460],[42.2452870,11.1010680],[42.2451010,11.1011560],[42.2449100,11.1014520],[42.2446700,11.1018550],[42.2444730,11.1021120],[42.2443760,11.1022850],[42.2443020,11.1027700],[42.2441820,11.1030330],[42.2441300,11.1032510],[42.2440690,11.1034200],[42.2435860,11.1040230],[42.2435460,11.1041680],[42.2435250,11.1043940],[42.2434940,11.1045270],[42.2434380,11.1046390],[42.2432710,11.1046720],[42.2431310,11.1045960],[42.2429720,11.1044590],[42.2426250,11.1044330],[42.2425110,11.1044650],[42.2423540,11.1045970],[42.2422620,11.1047430],[42.2421890,11.1048620],[42.2418150,11.1053960],[42.2411370,11.1061150],[42.2410450,11.1062620],[42.2409090,11.1064330],[42.2407780,11.1066920],[42.2406410,11.1068790],[42.2405670,11.1070670],[42.2404090,11.1072090],[42.2402440,11.1075110],[42.2400730,11.1077530],[42.2397230,11.1078910],[42.2395310,11.1078460],[42.2392100,11.1081833],[42.2392150,11.1081833],[42.2392283,11.1081500],[42.2392650,11.1080783],[42.2392800,11.1079733],[42.2393617,11.1079250],[42.2394183,11.1078500],[42.2395000,11.1078133],[42.2395483,11.1078933],[42.2396083,11.1079267],[42.2396883,11.1078900],[42.2397783,11.1078650],[42.2398683,11.1078383],[42.2399567,11.1078000],[42.2400433,11.1077667],[42.2400960,11.1077190],[42.2402440,11.1075110],[42.2403590,11.1072740],[42.2405100,11.1071330],[42.2406410,11.1068790],[42.2407780,11.1066920],[42.2409090,11.1064330],[42.2410450,11.1062620],[42.2411370,11.1061150],[42.2418150,11.1053960],[42.2421890,11.1048620],[42.2423540,11.1045970],[42.2424330,11.1045050],[42.2426250,11.1044330],[42.2429240,11.1044370],[42.2431310,11.1045960],[42.2432710,11.1046720],[42.2433870,11.1046730],[42.2434810,11.1045690],[42.2435250,11.1043940],[42.2435460,11.1041680],[42.2435860,11.1040230],[42.2440690,11.1034200],[42.2441300,11.1032510],[42.2441820,11.1030330],[42.2443020,11.1027700],[42.2443760,11.1022850],[42.2444730,11.1021120],[42.2446700,11.1018550],[42.2449100,11.1014520],[42.2450420,11.1011980],[42.2452870,11.1010680],[42.2457130,11.1008460],[42.2463550,11.1005700],[42.2466690,11.1004860],[42.2467800,11.1004030],[42.2468680,11.1003150],[42.2470740,11.1001740],[42.2473320,11.0998780],[42.2475310,11.0996190],[42.2477340,11.0994280],[42.2478260,11.0994000],[42.2479710,11.0994480],[42.2481400,11.0995800],[42.2482590,11.0996130],[42.2489720,11.0994900],[42.2490640,11.0994960],[42.2492290,11.0995090],[42.2493320,11.0995480],[42.2495500,11.0996810],[42.2497050,11.0997140],[42.2499840,11.0995380],[42.2502800,11.0991620],[42.2503900,11.0990880],[42.2504920,11.0990650],[42.2506350,11.0991090],[42.2507390,11.0991860],[42.2509720,11.0992360],[42.2512810,11.0992440],[42.2515580,11.0992490],[42.2516720,11.0992860],[42.2518600,11.0993280],[42.2520280,11.0993950],[42.2524370,11.0996560],[42.2529160,11.0998030],[42.2532800,11.0998900],[42.2533790,11.0998930],[42.2536490,11.0999040],[42.2536770,11.0995590],[42.2534760,11.0981660],[42.2535220,11.0973960],[42.2535740,11.0970620],[42.2537170,11.0968730],[42.2537840,11.0967850],[42.2540880,11.0966820],[42.2540933,11.0966417],[42.2540667,11.0965667],[42.2541033,11.0965283],[42.2541083,11.0965533],[42.2541283,11.0965317],[42.2541833,11.0964450],[42.2541550,11.0964000],[42.2541617,11.0963933],[42.2542250,11.0963317],[42.2542483,11.0962883],[42.2542683,11.0962017],[42.2542700,11.0961583],[42.2542067,11.0961617],[42.2541333,11.0962117],[42.2541217,11.0961467],[42.2541100,11.0961583],[42.2541567,11.0961467],[42.2541850,11.0961367],[42.2541683,11.0961883],[42.2541417,11.0962083],[42.2541617,11.0961933],[42.2541833,11.0961900],[42.2541467,11.0961917],[42.2541633,11.0961533],[42.2542017,11.0961450],[42.2542067,11.0961217],[42.2542250,11.0961150],[42.2541967,11.0961533],[42.2541767,11.0961683],[42.2541800,11.0961667],[42.2541883,11.0961500],[42.2542617,11.0961600],[42.2542733,11.0961617],[42.2542700,11.0961867],[42.2542317,11.0961917],[42.2541983,11.0961850],[42.2542083,11.0961850],[42.2541533,11.0961667],[42.2541317,11.0961683],[42.2541083,11.0961483],[42.2541167,11.0961433],[42.2540800,11.0961183],[42.2541450,11.0961783],[42.2542267,11.0961783],[42.2542550,11.0961400],[42.2542850,11.0960967],[42.2543383,11.0959900],[42.2542717,11.0958033],[42.2542800,11.0959533],[42.2543133,11.0960150],[42.2543267,11.0960317],[42.2543167,11.0960533],[42.2543200,11.0960467],[42.2543200,11.0960733],[42.2543600,11.0960950],[42.2543350,11.0961317],[42.2543017,11.0961633],[42.2542583,11.0962150],[42.2541917,11.0962033],[42.2541917,11.0961850],[42.2541250,11.0962267],[42.2541050,11.0961717],[42.2541333,11.0961917],[42.2541200,11.0961850],[42.2541667,11.0962083],[42.2541517,11.0961867],[42.2541800,11.0961917],[42.2541817,11.0961983],[42.2541900,11.0961833],[42.2541833,11.0961150],[42.2541550,11.0961383],[42.2541150,11.0962117],[42.2541100,11.0961700],[42.2541133,11.0961767],[42.2540950,11.0961717],[42.2541533,11.0962150],[42.2541983,11.0962083],[42.2542283,11.0962367],[42.2542250,11.0962250],[42.2542033,11.0962117],[42.2542083,11.0962100],[42.2542233,11.0962267],[42.2542667,11.0962283],[42.2542633,11.0962017],[42.2542433,11.0961750],[42.2542850,11.0962017],[42.2542383,11.0961967],[42.2542333,11.0962167],[42.2542400,11.0962050],[42.2542650,11.0962100],[42.2543033,11.0962200],[42.2542433,11.0962217],[42.2542500,11.0962350],[42.2542783,11.0962183],[42.2542517,11.0962050],[42.2542533,11.0961650],[42.2542667,11.0961583],[42.2542650,11.0961533],[42.2542300,11.0962250],[42.2542050,11.0962300],[42.2542267,11.0961883],[42.2542250,11.0962217],[42.2542050,11.0962050],[42.2542000,11.0961950],[42.2541667,11.0961633],[42.2541733,11.0961600],[42.2541950,11.0961950],[42.2541483,11.0961400],[42.2541683,11.0961650],[42.2541500,11.0961300],[42.2541733,11.0961900],[42.2541850,11.0961900],[42.2541883,11.0961650],[42.2541950,11.0961683],[42.2541683,11.0962067],[42.2541233,11.0962417],[42.2540733,11.0962000],[42.2540800,11.0961950],[42.2541300,11.0961983],[42.2541483,11.0962117],[42.2541400,11.0962183],[42.2541233,11.0962250],[42.2540800,11.0962233],[42.2540700,11.0962167],[42.2540967,11.0961967],[42.2540900,11.0962200],[42.2541183,11.0961900],[42.2541083,11.0961967],[42.2541150,11.0961850],[42.2541383,11.0961700],[42.2541000,11.0962083],[42.2540983,11.0962033],[42.2540767,11.0961850],[42.2541350,11.0961917],[42.2541433,11.0961950],[42.2541450,11.0961817],[42.2541250,11.0962000],[42.2541233,11.0962067],[42.2541183,11.0962067],[42.2540617,11.0962100],[42.2540917,11.0961800],[42.2540633,11.0962067],[42.2540600,11.0962067],[42.2540567,11.0962050],[42.2540600,11.0961817],[42.2540600,11.0961983],[42.2540867,11.0961617],[42.2540783,11.0961567],[42.2540633,11.0961950],[42.2540850,11.0962033],[42.2540983,11.0962400],[42.2541083,11.0962333],[42.2540883,11.0962383],[42.2540967,11.0962317],[42.2541400,11.0962133],[42.2541883,11.0962117],[42.2542417,11.0962517],[42.2542300,11.0962417],[42.2542550,11.0962183],[42.2541833,11.0962000],[42.2541117,11.0962017],[42.2540383,11.0961683],[42.2540717,11.0961850],[42.2540833,11.0961483],[42.2540900,11.0961900],[42.2541117,11.0961967],[42.2540950,11.0962317],[42.2540850,11.0961750],[42.2541233,11.0962233],[42.2541200,11.0962250],[42.2541033,11.0961850],[42.2540950,11.0961983],[42.2541333,11.0962050],[42.2541667,11.0962217],[42.2541767,11.0962233],[42.2542033,11.0962017],[42.2541833,11.0962133],[42.2542133,11.0962050],[42.2542083,11.0962200],[42.2541783,11.0961683],[42.2541733,11.0961783],[42.2541783,11.0962217],[42.2541700,11.0961450],[42.2541833,11.0961350],[42.2540950,11.0961733],[42.2541100,11.0961800],[42.2540967,11.0962017],[42.2540967,11.0961867],[42.2540683,11.0961717],[42.2540933,11.0962183],[42.2540883,11.0961950],[42.2541333,11.0962117],[42.2541417,11.0961817],[42.2541483,11.0962017],[42.2541733,11.0962133],[42.2541850,11.0962400],[42.2542467,11.0962383],[42.2542717,11.0963133],[42.2542333,11.0963867],[42.2541867,11.0964067],[42.2542650,11.0964220],[42.2543750,11.0964080],[42.2544860,11.0963300],[42.2546080,11.0962660],[42.2547450,11.0962120],[42.2547650,11.0960590],[42.2546890,11.0959560],[42.2546840,11.0958230],[42.2547530,11.0957240],[42.2547100,11.0956533],[42.2547530,11.0957240],[42.2546840,11.0958230],[42.2546890,11.0959560],[42.2547650,11.0960590],[42.2547450,11.0962120],[42.2546580,11.0964890],[42.2540880,11.0966820],[42.2537840,11.0967850],[42.2537170,11.0968730],[42.2535740,11.0970620],[42.2535220,11.0973960],[42.2534760,11.0981660],[42.2536770,11.0995590],[42.2536550,11.0998260],[42.2536370,11.1003510],[42.2536460,11.1006680],[42.2536460,11.1008560],[42.2536480,11.1013300],[42.2536880,11.1014490],[42.2537770,11.1015140],[42.2543730,11.1017710],[42.2544240,11.1016550],[42.2545790,11.1015750],[42.2547550,11.1015830],[42.2549160,11.1015650],[42.2550610,11.1014310],[42.2551620,11.1014280],[42.2554120,11.1013180],[42.2556410,11.1010770],[42.2557790,11.1008130],[42.2558880,11.1006090],[42.2562770,11.0997740],[42.2564350,11.0995920],[42.2566050,11.0994330],[42.2566480,11.0992450],[42.2566510,11.0991160],[42.2566460,11.0989930],[42.2563920,11.0990840],[42.2563333,11.0991950],[42.2560350,11.0992290],[42.2558280,11.0992710],[42.2551930,11.0997060],[42.2549200,11.0997433],[42.2549133,11.0996317],[42.2549550,11.0995567],[42.2549583,11.0994333],[42.2549483,11.0993983],[42.2549417,11.0994017],[42.2549400,11.0994100],[42.2549417,11.0994117],[42.2549550,11.0994800],[42.2550133,11.0995000],[42.2550517,11.0994633],[42.2550567,11.0994533],[42.2550617,11.0994517],[42.2550683,11.0994633],[42.2551067,11.0995683],[42.2551000,11.0995683],[42.2550933,11.0995567],[42.2550883,11.0996133],[42.2550767,11.0997017],[42.2551050,11.0997060],[42.2558180,11.0992770],[42.2560630,11.0992240],[42.2563220,11.0991720],[42.2563233,11.0991733],[42.2563220,11.0991720],[42.2563920,11.0990840],[42.2565730,11.0989280],[42.2566460,11.0989930],[42.2566510,11.0991160],[42.2566480,11.0992450],[42.2566050,11.0994330],[42.2564350,11.0995920],[42.2563150,11.0996930],[42.2558880,11.1006090],[42.2556410,11.1010770],[42.2554580,11.1012990],[42.2551620,11.1014280],[42.2550610,11.1014310],[42.2549160,11.1015650],[42.2547550,11.1015830],[42.2545790,11.1015750],[42.2544420,11.1016160],[42.2543730,11.1017710],[42.2538430,11.1015520],[42.2536590,11.1022850],[42.2535230,11.1029810],[42.2535100,11.1031410],[42.2535940,11.1032310],[42.2536800,11.1031410],[42.2538410,11.1030450],[42.2539430,11.1031010],[42.2541430,11.1032500],[42.2543560,11.1035060],[42.2543520,11.1036430],[42.2543733,11.1035417],[42.2543560,11.1035060],[42.2541960,11.1033130],[42.2543560,11.1035060],[42.2543520,11.1036430],[42.2544650,11.1036910],[42.2546350,11.1037820],[42.2545170,11.1036300],[42.2543520,11.1036430],[42.2543560,11.1035060],[42.2542933,11.1034283],[42.2543750,11.1034783],[42.2544083,11.1034767],[42.2544017,11.1034567],[42.2544117,11.1034617],[42.2543883,11.1034767],[42.2543083,11.1034517],[42.2542683,11.1035433],[42.2542450,11.1035490],[42.2542600,11.1038290],[42.2543360,11.1039310],[42.2543540,11.1040990],[42.2543110,11.1042140],[42.2542580,11.1044010],[42.2542670,11.1045440],[42.2542750,11.1047500],[42.2542250,11.1048850],[42.2541150,11.1048890]],\r\n\t\t\t\t\tgraphDist          : [0.00,0.02,0.03,0.04,0.05,0.06,0.09,0.10,0.11,0.12,0.14,0.17,0.18,0.19,0.21,0.23,0.24,0.26,0.27,0.29,0.31,0.33,0.39,0.45,0.46,0.48,0.51,0.54,0.55,0.60,0.61,0.64,0.68,0.74,0.78,0.81,0.83,0.84,0.86,0.91,0.93,0.95,0.96,0.98,0.99,1.03,1.06,1.07,1.09,1.11,1.12,1.14,1.16,1.24,1.25,1.27,1.29,1.30,1.33,1.36,1.40,1.42,1.44,1.45,1.49,1.56,1.61,1.63,1.67,1.71,1.74,1.76,1.80,1.82,1.84,1.86,1.93,1.94,1.96,1.97,1.99,2.01,2.02,2.04,2.08,2.10,2.12,2.13,2.15,2.21,2.30,2.32,2.34,2.36,2.39,2.40,2.43,2.46,2.48,2.53,2.55,2.60,2.61,2.62,2.63,2.64,2.65,2.66,2.67,2.68,2.69,2.70,2.71,2.72,2.73,2.75,2.76,2.79,2.81,2.83,2.86,2.88,2.90,2.92,2.94,3.04,3.10,3.12,3.14,3.16,3.19,3.22,3.24,3.25,3.26,3.28,3.30,3.31,3.38,3.40,3.42,3.44,3.48,3.50,3.53,3.58,3.60,3.63,3.68,3.76,3.79,3.81,3.82,3.84,3.88,3.91,3.94,3.95,3.97,3.99,4.00,4.08,4.09,4.11,4.12,4.15,4.17,4.20,4.25,4.26,4.27,4.29,4.30,4.33,4.36,4.39,4.41,4.43,4.45,4.50,4.55,4.59,4.60,4.64,4.67,4.78,4.85,4.88,4.90,4.91,4.94,4.95,4.97,4.98,4.99,5.00,5.01,5.02,5.03,5.04,5.05,5.06,5.07,5.08,5.09,5.10,5.11,5.12,5.13,5.14,5.16,5.17,5.18,5.19,5.20,5.21,5.22,5.23,5.24,5.25,5.26,5.27,5.28,5.29,5.30,5.31,5.32,5.33,5.35,5.36,5.37,5.38,5.39,5.40,5.41,5.42,5.43,5.44,5.46,5.47,5.48,5.49,5.50,5.51,5.52,5.53,5.54,5.56,5.57,5.58,5.59,5.60,5.61,5.62,5.63,5.64,5.65,5.66,5.67,5.68,5.69,5.70,5.71,5.72,5.73,5.74,5.75,5.76,5.77,5.79,5.80,5.81,5.82,5.83,5.84,5.85,5.86,5.87,5.88,5.89,5.90,5.91,5.92,5.93,5.94,5.95,5.96,5.97,5.98,6.00,6.01,6.02,6.03,6.04,6.05,6.06,6.07,6.08,6.09,6.10,6.11,6.12,6.13,6.14,6.15,6.16,6.18,6.19,6.20,6.21,6.22,6.23,6.24,6.25,6.26,6.27,6.28,6.29,6.30,6.31,6.32,6.33,6.34,6.35,6.36,6.37,6.39,6.40,6.41,6.42,6.43,6.44,6.45,6.46,6.47,6.48,6.49,6.50,6.51,6.52,6.53,6.54,6.55,6.56,6.57,6.58,6.60,6.61,6.62,6.63,6.64,6.65,6.66,6.67,6.68,6.69,6.70,6.71,6.72,6.73,6.75,6.76,6.77,6.78,6.79,6.80,6.81,6.82,6.83,6.84,6.85,6.86,6.87,6.88,6.89,6.90,6.91,6.92,6.94,6.95,6.96,6.97,6.98,6.99,7.00,7.01,7.02,7.03,7.04,7.05,7.06,7.07,7.09,7.10,7.12,7.13,7.14,7.16,7.17,7.18,7.19,7.20,7.21,7.22,7.24,7.25,7.28,7.34,7.38,7.39,7.41,7.44,7.50,7.62,7.64,7.68,7.71,7.72,7.76,7.77,7.79,7.86,7.87,7.89,7.91,7.93,7.95,7.96,7.99,8.02,8.05,8.07,8.15,8.17,8.20,8.21,8.22,8.23,8.27,8.29,8.33,8.36,8.44,8.48,8.49,8.50,8.51,8.52,8.53,8.54,8.55,8.56,8.57,8.58,8.59,8.60,8.61,8.62,8.63,8.64,8.66,8.67,8.70,8.78,8.81,8.84,8.85,8.86,8.87,8.90,8.91,8.92,8.93,8.94,8.97,8.98,9.07,9.12,9.15,9.18,9.19,9.21,9.23,9.25,9.27,9.28,9.34,9.41,9.47,9.49,9.50,9.51,9.53,9.54,9.57,9.60,9.61,9.62,9.64,9.67,9.70,9.71,9.72,9.75,9.77,9.79,9.80,9.81,9.82,9.83,9.84,9.85,9.86,9.88,9.89,9.90,9.92,9.93,9.95,9.96,9.97,9.98,10.00,10.02,10.03],\r\n\t\t\t\t\tgraphEle           : [6.00,13.00,7.25,8.25,8.50,9.00,10.75,12.00,13.00,12.75,14.50,15.50,17.25,17.75,17.25,19.50,21.75,22.25,22.00,20.75,22.00,24.25,32.75,38.75,38.75,38.75,40.00,40.00,40.25,40.50,37.50,37.50,38.00,38.50,37.25,37.25,37.25,36.25,34.50,31.00,29.50,28.00,26.50,25.50,24.50,21.25,19.50,18.25,17.50,15.75,14.75,14.50,14.50,16.50,17.25,17.50,18.00,18.75,21.50,23.50,24.50,24.50,24.25,24.00,24.50,26.25,27.75,29.00,30.75,34.00,37.25,39.50,43.00,45.00,45.75,46.50,53.25,54.75,56.25,57.50,58.50,60.50,61.50,62.00,65.25,66.50,66.25,67.25,67.25,69.25,65.00,64.00,62.25,60.00,57.50,56.25,54.00,52.50,50.00,42.00,37.25,54.00,55.00,56.00,56.00,57.00,56.00,57.00,56.00,55.00,53.00,55.00,57.00,56.00,57.00,58.00,50.25,52.50,53.50,55.50,57.50,60.00,62.25,64.00,65.00,69.25,67.25,66.25,66.25,65.25,62.50,61.50,60.50,59.25,57.50,56.25,54.75,53.25,46.50,45.75,45.00,43.00,39.50,37.25,34.00,30.75,29.50,27.75,26.25,24.50,24.00,24.25,24.50,24.50,23.50,21.50,18.75,18.00,17.50,17.25,16.50,14.50,14.75,14.75,15.75,17.50,18.75,21.25,24.50,25.50,26.50,28.00,29.00,31.00,33.75,36.25,37.25,37.25,37.25,38.50,38.00,37.50,40.50,40.50,39.75,26.75,20.75,18.00,16.25,15.00,12.50,21.00,22.00,17.00,18.00,19.00,18.00,18.00,11.00,10.00,8.00,8.00,6.00,2.00,5.00,8.00,15.00,17.00,12.00,16.00,24.00,29.00,29.00,35.00,34.00,28.00,27.00,26.00,24.00,20.00,15.00,21.00,23.00,21.00,28.00,26.00,20.00,16.00,11.00,15.00,15.00,20.00,21.00,16.00,12.00,8.00,3.00,2.00,3.00,3.00,2.00,2.00,2.00,3.00,6.00,8.00,4.00,4.00,8.00,10.00,4.00,3.00,7.00,9.00,9.00,14.00,10.00,10.00,17.00,18.00,13.00,9.00,10.00,13.00,11.00,9.00,8.00,8.00,14.00,8.00,8.00,8.00,14.00,17.00,14.00,14.00,17.00,15.00,15.00,15.00,11.00,19.00,14.00,15.00,12.00,9.00,14.00,16.00,13.00,6.00,3.00,8.00,1.00,6.00,4.00,9.00,11.00,5.00,7.00,5.00,8.00,4.00,11.00,13.00,5.00,-4.00,-2.00,0.00,4.00,7.00,13.00,11.00,6.00,3.00,2.00,5.00,12.00,10.00,6.00,7.00,5.00,5.00,4.00,4.00,7.00,10.00,11.00,11.00,13.00,7.00,3.00,3.00,0.00,3.00,4.00,5.00,6.00,6.00,7.00,4.00,6.00,8.00,9.00,5.00,8.00,11.00,15.00,18.00,13.00,11.00,7.00,3.00,4.00,4.00,6.00,7.00,9.00,11.00,10.00,7.00,1.00,1.00,3.00,3.00,7.00,7.00,6.00,3.00,1.00,1.00,3.00,3.00,0.00,3.00,3.00,3.00,7.00,11.00,8.00,8.00,13.00,12.00,8.00,13.00,12.00,9.00,9.00,5.00,5.00,5.00,6.00,10.25,10.50,10.25,10.00,10.00,8.50,7.25,6.00,5.75,14.00,5.75,6.00,7.25,8.50,10.00,12.50,12.50,15.00,16.25,18.00,20.75,26.75,39.75,40.50,40.25,40.00,38.75,38.75,38.75,38.75,38.75,40.75,42.00,43.25,44.50,46.75,47.50,50.25,52.25,55.00,55.00,54.25,53.25,51.75,51.75,51.75,51.50,54.00,64.00,59.75,59.75,61.50,80.00,83.00,82.00,84.00,81.00,79.00,82.00,81.00,80.00,82.00,82.00,76.00,80.00,81.00,80.00,83.00,82.00,79.00,81.00,61.75,59.75,55.00,55.00,65.00,55.00,54.00,51.50,51.50,51.75,51.75,51.75,53.25,54.25,55.00,52.25,50.25,47.50,46.75,44.50,43.25,42.00,40.75,38.75,38.75,32.75,24.25,22.00,20.25,22.25,21.75,20.25,17.25,16.50,15.50,17.00,16.50,17.25,16.50,15.50,16.50,17.75,17.50,15.50,16.50,21.00,19.00,24.00,18.00,22.00,25.00,23.00,22.00,15.00,12.75,13.00,12.00,10.75,9.25,9.00,8.50,7.25,6.25],\r\n\t\t\t\t\tgraphSpeed         : [],\r\n\t\t\t\t\tgraphHr            : [],\r\n\t\t\t\t\tgraphAtemp         : [],\r\n\t\t\t\t\tgraphCad           : [],\r\n\t\t\t\t\tgraphGrade         : [],\r\n\t\t\t\t\twaypoints          : [],\r\n\t\t\t\t\tunit               : \"2\",\r\n\t\t\t\t\tunitspeed          : \"0\",\r\n\t\t\t\t\tcolor1             : [\"#3366cc\"],\r\n\t\t\t\t\tcolor2             : \"#3366cc\",\r\n\t\t\t\t\tcolor3             : \"#ff0000\",\r\n\t\t\t\t\tcolor4             : \"#ff77bd\",\r\n\t\t\t\t\tcolor5             : \"#beecff\",\r\n\t\t\t\t\tcolor6             : \"#beecff\",\r\n\t\t\t\t\tcolor7             : \"#ff77bd\",\r\n\t\t\t\t\tchartFrom1         : \"\",\r\n\t\t\t\t\tchartTo1           : \"\",\r\n\t\t\t\t\tchartFrom2         : \"\",\r\n\t\t\t\t\tchartTo2           : \"\",\r\n\t\t\t\t\tstartIcon          : \"\",\r\n\t\t\t\t\tendIcon            : \"\",\r\n\t\t\t\t\tcurrentIcon        : \"\",\r\n\t\t\t\t\twaypointIcon       : \"https:\/\/lavia.cc\/gpx\/wp-content\/uploads\/gpx\/cropped-icona.ico\",\r\n\t\t\t\t\tcurrentpositioncon : \"\",\r\n\t\t\t\t\tusegpsposition     : \"\",\r\n\t\t\t\t\tzoomOnScrollWheel  : \"\",\r\n\t\t\t\t\tngGalleries        : [],\r\n\t\t\t\t\tngImages           : [],\r\n\t\t\t\t\tpluginUrl          : \"https:\/\/lavia.cc\/gpx\/wp-content\/plugins\",\r\n\t\t\t\t\tTFApiKey           : \"\",\r\n\t\t\t\t\tMapBoxApiKey           : \"\",\r\n\t\t\t\t\tlangs              : {\r\n\t\t\t\t\t\taltitude        : \"Altitudine\",\r\n\t\t\t\t\t\tcurrentPosition : \"Current position\",\r\n\t\t\t\t\t\tspeed           : \"Velocit\u00e0\",\r\n\t\t\t\t\t\tgrade           : \"Grade\",\r\n\t\t\t\t\t\theartRate       : \"Battito Cardiaco\",\r\n\t\t\t\t\t\tatemp           : \"Temperature\",\r\n\t\t\t\t\t\tcadence         : \"Cadenza\",\r\n\t\t\t\t\t\tgoFullScreen    : \"Go full screen\",\r\n\t\t\t\t\t\texitFullFcreen  : \"Exit full screen\",\r\n\t\t\t\t\t\thideImages      : \"Hide images\",\r\n\t\t\t\t\t\tshowImages      : \"Show images\",\r\n\t\t\t\t\t\tbackToCenter\t: \"Ritorna al centro della mappa\"\r\n\t\t\t\t\t}\r\n\t\t\t\t});\r\n\r\n\t\t\t});\r\n\r\n\t\t<\/script>\n<p>\ud83d\udfe2 Visita\u00a0<a href=\"https:\/\/lavia.cc\/gpx\/\">LAVIA.CC<\/a>\u00a0per altre tracce gpx e condividi le tue avventure con la nostra\u00a0<a href=\"https:\/\/www.instagram.com\/lavia.cc\/\" target=\"_blank\" rel=\"noopener\">community<\/a>! \ud83d\udeb4\u200d\u2642\ufe0f\ud83c\udf32\ud83c\udfde\ufe0f<\/p>\n","protected":false},"excerpt":{"rendered":"<p><strong>\ud83d\udccd TRACCIA CARICATA DA:\u00a0<a href=\"https:\/\/lavia.cc\/gpx\/maremma-green-passion\/\" target=\"_blank\" rel=\"noopener\">MAREMMA GREEN PASSION<\/a><\/strong><\/p>\n<p>La graziosa Isola di Giannutri \u00e8 la pi\u00f9 a sud dell&#8217;Arcipelago Toscano, \u00e8 anche conosciuta come &#8220;Dianum&#8221; in onore della dea della caccia, perch\u00e9 guardandola dall&#8217;alto la sua forma a mezzaluna la fa assomigliare a un arco. La partenza \u00e8 da Porto Santo Stefano per un&#8217;escursione con la guida autorizzata Andrea Mariottini. L&#8217;isola \u00e8 infatti un&#8217;Area Protetta del Parco Nazionale e bisogna essere accompagnati nell&#8217;esplorazione giornaliera* dei sentieri diversi dal corridoio di collegamento fra le uniche due calette di approdo: Cala\u00a0 dello Spalmatoio e la contrapposta Cala Maestra. Il percorso naturalistico 502 ci porta fino all&#8217;estremit\u00e0 pi\u00f9 meridionale, risalendo il Poggio Capelrosso attraverso i cespugli di euforbia ed entrando nella zona di riserva integrale, fino a\u00a0 raggiungere il faro. La costa in questo tratto scende a picco sul mare ed \u00e8 ricca di affascinanti grotte carsiche &#8211; i cosiddetti Grottoni. Tornando indietro si pu\u00f2 ammirare dall&#8217;alto una bella prospettiva sull&#8217;Isola del Giglio. Ci dirigiamo quindi verso Cala Maestra, dove possiamo fare il bagno immersi in un&#8217;acqua limpidissima piena di pesci e circondati dai resti dell&#8217;antica Villa Romana. Ma la nostra esplorazione non finisce qui, perch\u00e9 per avere un punto di vista panoramico a 360\u00b0 saliamo fino in cima al secondo rilievo importante presente sull&#8217;isola, ovvero Monte Mario, lasciandoci cos\u00ec conquistare dalla singolare silhouette arcuata di Giannutri.<\/p>\n<p>\ud83c\udf89 W L&#8217;ARCIPELAGO TOSCANO!<\/p>\n<p>\ud83d\udfe2 Segui\u00a0<strong>LAVIA,<\/strong>\u00a0arriva alla\u00a0<strong>META<\/strong>!<\/p>\n","protected":false},"featured_media":26356,"comment_status":"open","ping_status":"closed","template":"","meta":[],"product_brand":[],"product_cat":[1897],"product_tag":[880,1972,126],"class_list":{"0":"post-26353","1":"product","2":"type-product","3":"status-publish","4":"has-post-thumbnail","6":"product_cat-escursione-con-guida","7":"product_tag-grosseto","8":"product_tag-isola-di-giannutri","9":"product_tag-toscana","11":"first","12":"instock","13":"downloadable","14":"virtual","15":"product-type-simple"},"_links":{"self":[{"href":"https:\/\/lavia.cc\/gpx\/wp-json\/wp\/v2\/product\/26353","targetHints":{"allow":["GET"]}}],"collection":[{"href":"https:\/\/lavia.cc\/gpx\/wp-json\/wp\/v2\/product"}],"about":[{"href":"https:\/\/lavia.cc\/gpx\/wp-json\/wp\/v2\/types\/product"}],"replies":[{"embeddable":true,"href":"https:\/\/lavia.cc\/gpx\/wp-json\/wp\/v2\/comments?post=26353"}],"version-history":[{"count":1,"href":"https:\/\/lavia.cc\/gpx\/wp-json\/wp\/v2\/product\/26353\/revisions"}],"predecessor-version":[{"id":26355,"href":"https:\/\/lavia.cc\/gpx\/wp-json\/wp\/v2\/product\/26353\/revisions\/26355"}],"wp:featuredmedia":[{"embeddable":true,"href":"https:\/\/lavia.cc\/gpx\/wp-json\/wp\/v2\/media\/26356"}],"wp:attachment":[{"href":"https:\/\/lavia.cc\/gpx\/wp-json\/wp\/v2\/media?parent=26353"}],"wp:term":[{"taxonomy":"product_brand","embeddable":true,"href":"https:\/\/lavia.cc\/gpx\/wp-json\/wp\/v2\/product_brand?post=26353"},{"taxonomy":"product_cat","embeddable":true,"href":"https:\/\/lavia.cc\/gpx\/wp-json\/wp\/v2\/product_cat?post=26353"},{"taxonomy":"product_tag","embeddable":true,"href":"https:\/\/lavia.cc\/gpx\/wp-json\/wp\/v2\/product_tag?post=26353"}],"curies":[{"name":"wp","href":"https:\/\/api.w.org\/{rel}","templated":true}]}}