{"id":2670,"date":"2022-10-03T15:22:32","date_gmt":"2022-10-03T13:22:32","guid":{"rendered":"https:\/\/lavia.cc\/gpx\/?post_type=product&#038;p=2670"},"modified":"2024-09-24T20:39:28","modified_gmt":"2024-09-24T18:39:28","slug":"monte-coltignone-da-ballabio","status":"publish","type":"product","link":"https:\/\/lavia.cc\/gpx\/tracce\/monte-coltignone-da-ballabio\/","title":{"rendered":"Monte Coltignone da Ballabio"},"content":{"rendered":"<h4>Monte Coltignone da Ballabio<\/h4>\n<p>\u27a1\ufe0f Clicca qui per raggiungere il punto di partenza: <a href=\"https:\/\/www.google.it\/maps\/place\/Parco+Grignetta\/@45.8981159,9.4206092,17.25z\/data=!4m13!1m7!3m6!1s0x0:0x2d9a36729c0a0af1!2zNDXCsDUzJzU5LjEiTiA5wrAyNScxNi40IkU!3b1!8m2!3d45.89975!4d9.42122!3m4!1s0x478404aa8b6845c5:0x5d1bc1fc2363d8aa!8m2!3d45.8980097!4d9.422437\" target=\"_blank\" rel=\"noopener\">Google Maps<\/a>.<\/p>\n<p>\ud83d\uddfa\ufe0f Mappa e altimetria dell&#8217;<a href=\"https:\/\/lavia.cc\/gpx\/categoria-tracce\/escursionismo\/\">escursione<\/a> sul Monte Coltignone:<\/p>\n\r\n\t\t<div id=\"wpgpxmaps_2670_3063679\" class=\"wpgpxmaps\">\r\n\t\t\t<div id=\"map_2670_3063679_cont\" style=\"width:100%; height:450px;position:relative\" >\r\n\t\t\t\t<div id=\"map_2670_3063679\" style=\"width:100%; height:450px\"><\/div>\r\n\t\t\t\t<div id=\"wpgpxmaps_2670_3063679_osm_footer\" class=\"wpgpxmaps_osm_footer\" style=\"display:none;\"><span> &copy; <a href=\"http:\/\/www.openstreetmap.org\/copyright\" target=\"_blank\" rel=\"noopener\">OpenStreetMap<\/a> contributors<\/span><\/div>\r\n\t\t\t<\/div>\r\n\t\t\t<canvas id=\"myChart_2670_3063679\" class=\"plot\" style=\"width:100%; height:200px\"><\/canvas>\r\n\t\t\t<div id=\"ngimages_2670_3063679\" class=\"ngimages\" style=\"display:none\"><\/div>\r\n\t\t\t<div id=\"report_2670_3063679\" class=\"report\"><\/div>\r\n\t\t<\/div>\r\n\t\t\r\n\t\t<script type=\"text\/javascript\">\r\n\r\n\t\t\tjQuery(document).ready(function() {\r\n\r\n\t\t\t\tjQuery( \"#wpgpxmaps_2670_3063679\" ).wpgpxmaps( {\r\n\t\t\t\t\ttargetId           : \"2670_3063679\",\r\n\t\t\t\t\tmapType            : \"HYBRID\",\r\n\t\t\t\t\tmapData            : [[45.8998640,9.4212410],[45.8999820,9.4208720],[45.9001110,9.4206960],[45.9002850,9.4204760],[45.9008480,9.4201640],[45.9011630,9.4200830],[45.9015530,9.4201100],[45.9019310,9.4201180],[45.9021190,9.4201960],[45.9023310,9.4202420],[45.9026440,9.4201740],[45.9029450,9.4200130],[45.9029890,9.4199190],[45.9032420,9.4196400],[45.9033190,9.4193430],[45.9034000,9.4192200],[45.9035390,9.4190350],[45.9036710,9.4186810],[45.9037900,9.4184250],[45.9038690,9.4179460],[45.9038160,9.4174830],[45.9038660,9.4173580],[45.9039220,9.4171970],[45.9039310,9.4170630],[45.9039450,9.4171170],[45.9039760,9.4172640],[45.9040160,9.4174120],[45.9041050,9.4174070],[45.9041660,9.4172600],[45.9041970,9.4173460],[45.9042510,9.4174950],[45.9043010,9.4176200],[45.9043580,9.4177510],[45.9044320,9.4178810],[45.9043790,9.4169170],[45.9044030,9.4164870],[45.9046210,9.4171040],[45.9046110,9.4168150],[45.9046700,9.4165690],[45.9047550,9.4163690],[45.9049780,9.4158500],[45.9051190,9.4156790],[45.9052170,9.4152290],[45.9053890,9.4153940],[45.9054640,9.4156630],[45.9054350,9.4159430],[45.9055030,9.4163370],[45.9053650,9.4173260],[45.9054090,9.4174480],[45.9058010,9.4178860],[45.9061990,9.4181060],[45.9064070,9.4183320],[45.9065500,9.4184620],[45.9067900,9.4185570],[45.9067990,9.4192020],[45.9068610,9.4194300],[45.9069980,9.4191890],[45.9070990,9.4191350],[45.9071900,9.4189150],[45.9073830,9.4191560],[45.9075540,9.4185610],[45.9075600,9.4179710],[45.9074650,9.4176220],[45.9071940,9.4171470],[45.9068990,9.4170030],[45.9068710,9.4167610],[45.9069540,9.4166510],[45.9073680,9.4165890],[45.9074370,9.4164690],[45.9073320,9.4159810],[45.9072890,9.4157780],[45.9072800,9.4153660],[45.9074620,9.4146730],[45.9075390,9.4146760],[45.9076490,9.4150230],[45.9079640,9.4152160],[45.9077990,9.4149200],[45.9078030,9.4143550],[45.9076260,9.4138150],[45.9075810,9.4131480],[45.9074680,9.4128450],[45.9075410,9.4124390],[45.9078110,9.4120180],[45.9078460,9.4113510],[45.9081190,9.4109460],[45.9081140,9.4107640],[45.9080680,9.4107050],[45.9081250,9.4105410],[45.9081710,9.4104090],[45.9082040,9.4102550],[45.9081910,9.4101220],[45.9082000,9.4100270],[45.9082230,9.4100080],[45.9082940,9.4099090],[45.9083670,9.4098220],[45.9084510,9.4098170],[45.9085170,9.4098680],[45.9086250,9.4098070],[45.9087110,9.4097470],[45.9087620,9.4096410],[45.9088000,9.4092120],[45.9089170,9.4090480],[45.9092420,9.4080970],[45.9093870,9.4079090],[45.9093580,9.4075590],[45.9094230,9.4072890],[45.9091820,9.4072370],[45.9086410,9.4068380],[45.9085460,9.4068330],[45.9085250,9.4071000],[45.9083700,9.4069130],[45.9082290,9.4068030],[45.9080640,9.4066550],[45.9079320,9.4062930],[45.9078780,9.4060540],[45.9078660,9.4056570],[45.9076460,9.4051140],[45.9075780,9.4047650],[45.9074160,9.4045460],[45.9075760,9.4046260],[45.9077280,9.4048200],[45.9080170,9.4048010],[45.9081860,9.4045730],[45.9081900,9.4040740],[45.9083330,9.4034660],[45.9082790,9.4032620],[45.9084640,9.4028970],[45.9084030,9.4027410],[45.9082010,9.4024980],[45.9083270,9.4024690],[45.9083790,9.4020100],[45.9083620,9.4016410],[45.9082900,9.4013850],[45.9079800,9.4011450],[45.9075300,9.4011260],[45.9072540,9.4008730],[45.9069890,9.4007980],[45.9063520,9.4008540],[45.9062610,9.4008170],[45.9061350,9.4006110],[45.9061170,9.4001270],[45.9060580,9.3998260],[45.9061810,9.3994460],[45.9064700,9.3992830],[45.9065620,9.3990050],[45.9067740,9.3988500],[45.9069550,9.3988810],[45.9069860,9.3986250],[45.9069570,9.3984420],[45.9070220,9.3978920],[45.9069830,9.3975960],[45.9071050,9.3967620],[45.9071740,9.3964610],[45.9072600,9.3963720],[45.9073300,9.3961740],[45.9070780,9.3958950],[45.9067530,9.3958410],[45.9065990,9.3956440],[45.9064340,9.3953400],[45.9062540,9.3950090],[45.9059760,9.3946830],[45.9058950,9.3946610],[45.9060370,9.3951510],[45.9059420,9.3951910],[45.9055250,9.3942910],[45.9054490,9.3941090],[45.9053660,9.3939090],[45.9053740,9.3937410],[45.9052160,9.3933580],[45.9047560,9.3928100],[45.9042700,9.3926500],[45.9036580,9.3925850],[45.9034150,9.3927310],[45.9031590,9.3929630],[45.9027800,9.3934510],[45.9024000,9.3941120],[45.9022920,9.3941920],[45.9020970,9.3940700],[45.9014880,9.3934700],[45.9011700,9.3928940],[45.9009920,9.3927100],[45.9001480,9.3920910],[45.9000410,9.3920300],[45.8998760,9.3919310],[45.8996420,9.3916740],[45.8995600,9.3917340],[45.8993480,9.3917840],[45.8992720,9.3918700],[45.8988830,9.3926770],[45.8986990,9.3925910],[45.8979450,9.3917340],[45.8970570,9.3911120],[45.8967490,9.3910540],[45.8963870,9.3907960],[45.8957930,9.3905750],[45.8956770,9.3904920],[45.8951940,9.3899590],[45.8947530,9.3892640],[45.8942180,9.3886340],[45.8941040,9.3885000],[45.8938160,9.3883140],[45.8934150,9.3883810],[45.8931010,9.3881140],[45.8930090,9.3879810],[45.8920390,9.3869760],[45.8910250,9.3866090],[45.8905630,9.3862720],[45.8902250,9.3855850],[45.8893290,9.3848750],[45.8890860,9.3848410],[45.8882470,9.3843940],[45.8873500,9.3833800],[45.8871410,9.3832400],[45.8869330,9.3829940],[45.8866850,9.3829220],[45.8864340,9.3830060],[45.8861730,9.3834440],[45.8861100,9.3836360],[45.8860310,9.3836930],[45.8859470,9.3837130],[45.8858500,9.3837610],[45.8857640,9.3838300],[45.8856700,9.3837760],[45.8856780,9.3837760],[45.8856520,9.3837950],[45.8857670,9.3838270],[45.8858360,9.3838880],[45.8858860,9.3838940],[45.8858030,9.3839110],[45.8857370,9.3837920],[45.8856830,9.3838150],[45.8857680,9.3838390],[45.8857790,9.3837840],[45.8857790,9.3838720],[45.8858480,9.3839750],[45.8859000,9.3840870],[45.8859690,9.3842220],[45.8860390,9.3842900],[45.8861230,9.3844250],[45.8861810,9.3845230],[45.8862430,9.3846370],[45.8862790,9.3847570],[45.8862920,9.3849090],[45.8863180,9.3850890],[45.8863430,9.3852050],[45.8863960,9.3853310],[45.8864830,9.3854080],[45.8865940,9.3854450],[45.8865420,9.3853240],[45.8865130,9.3852000],[45.8864700,9.3851080],[45.8864800,9.3849500],[45.8865270,9.3850590],[45.8865650,9.3851730],[45.8866570,9.3853000],[45.8867410,9.3853930],[45.8868140,9.3855000],[45.8868560,9.3856080],[45.8869120,9.3857740],[45.8869440,9.3859250],[45.8869540,9.3860570],[45.8869350,9.3862080],[45.8869890,9.3861390],[45.8870190,9.3860300],[45.8870280,9.3859070],[45.8870290,9.3857300],[45.8871380,9.3862980],[45.8871120,9.3865340],[45.8870160,9.3868200],[45.8869000,9.3869980],[45.8865680,9.3872550],[45.8865140,9.3873790],[45.8862580,9.3877510],[45.8860520,9.3880730],[45.8858970,9.3884780],[45.8857900,9.3885590],[45.8855670,9.3887280],[45.8854520,9.3889290],[45.8856850,9.3892750],[45.8855100,9.3889440],[45.8855670,9.3887280],[45.8857900,9.3885590],[45.8858970,9.3884780],[45.8860520,9.3880730],[45.8862580,9.3877510],[45.8864270,9.3874020],[45.8865680,9.3872550],[45.8869000,9.3869980],[45.8870990,9.3870270],[45.8873370,9.3871820],[45.8877930,9.3872890],[45.8881930,9.3871720],[45.8884950,9.3872260],[45.8887410,9.3874000],[45.8889790,9.3877030],[45.8890590,9.3879140],[45.8897610,9.3891150],[45.8899330,9.3893160],[45.8900030,9.3895210],[45.8909450,9.3904940],[45.8910340,9.3907270],[45.8910420,9.3909490],[45.8909630,9.3911540],[45.8908750,9.3913810],[45.8908090,9.3915160],[45.8907390,9.3916030],[45.8906600,9.3917390],[45.8906020,9.3919030],[45.8905350,9.3920460],[45.8905080,9.3921710],[45.8904880,9.3923400],[45.8904480,9.3924010],[45.8905120,9.3924410],[45.8905200,9.3924210],[45.8905050,9.3923240],[45.8905190,9.3921470],[45.8905570,9.3920020],[45.8906140,9.3918990],[45.8906590,9.3917620],[45.8907340,9.3916470],[45.8907940,9.3915490],[45.8908900,9.3914320],[45.8909600,9.3913070],[45.8910180,9.3911980],[45.8910420,9.3909490],[45.8913680,9.3910180],[45.8914890,9.3908780],[45.8917850,9.3906940],[45.8922330,9.3903420],[45.8923630,9.3903370],[45.8927070,9.3898120],[45.8934870,9.3892600],[45.8936100,9.3891280],[45.8942690,9.3892810],[45.8949170,9.3897040],[45.8951940,9.3899590],[45.8956470,9.3904570],[45.8957930,9.3905750],[45.8963870,9.3907960],[45.8967490,9.3910540],[45.8970570,9.3911120],[45.8979450,9.3917340],[45.8986990,9.3925910],[45.8988830,9.3926770],[45.8992720,9.3918700],[45.8993480,9.3917840],[45.8995600,9.3917340],[45.8996420,9.3916740],[45.8998760,9.3919310],[45.9000410,9.3920300],[45.9001050,9.3923730],[45.9003470,9.3929120],[45.9007140,9.3932030],[45.9011710,9.3942630],[45.9015540,9.3943200],[45.9017940,9.3944710],[45.9021310,9.3949720],[45.9023820,9.3951430],[45.9026520,9.3952450],[45.9031520,9.3950480],[45.9032300,9.3951390],[45.9032460,9.3952910],[45.9030500,9.3960100],[45.9029600,9.3960400],[45.9033960,9.3964670],[45.9035700,9.3966480],[45.9037980,9.3968800],[45.9039930,9.3969770],[45.9040610,9.3971420],[45.9038920,9.3972980],[45.9038380,9.3974810],[45.9034140,9.3977660],[45.9032590,9.3982590],[45.9031450,9.3983640],[45.9029400,9.3984280],[45.9027840,9.3987070],[45.9027280,9.3989690],[45.9027420,9.3991380],[45.9026500,9.3992500],[45.9025100,9.3996200],[45.9025400,9.3999000],[45.9022190,9.4000620],[45.9021230,9.4002740],[45.9016500,9.4008350],[45.9013730,9.4009530],[45.9010500,9.4015110],[45.9002070,9.4018380],[45.8997720,9.4023340],[45.8990970,9.4027580],[45.8990090,9.4028970],[45.8989630,9.4032780],[45.8989900,9.4036500],[45.8991790,9.4045500],[45.8991610,9.4047610],[45.8988620,9.4048980],[45.8987430,9.4050960],[45.8982000,9.4049800],[45.8976000,9.4053100],[45.8972500,9.4052400],[45.8969400,9.4053400],[45.8960700,9.4054000],[45.8941800,9.4059600],[45.8936400,9.4066500],[45.8932300,9.4068600],[45.8929300,9.4071700],[45.8928800,9.4074000],[45.8926500,9.4078200],[45.8922500,9.4082200],[45.8921400,9.4084100],[45.8918100,9.4094100],[45.8917100,9.4094600],[45.8915300,9.4097300],[45.8914300,9.4097900],[45.8913800,9.4099300],[45.8912900,9.4099900],[45.8911400,9.4102700],[45.8909600,9.4104700],[45.8911100,9.4107500],[45.8913400,9.4108700],[45.8920400,9.4110200],[45.8922900,9.4109800],[45.8925300,9.4110300],[45.8932900,9.4113200],[45.8936900,9.4112400],[45.8937600,9.4113200],[45.8942300,9.4113400],[45.8943200,9.4114800],[45.8942000,9.4114700],[45.8940400,9.4115800],[45.8937400,9.4123600],[45.8934700,9.4128000],[45.8933800,9.4130900],[45.8934300,9.4133000],[45.8936000,9.4135200],[45.8949500,9.4140000],[45.8951300,9.4141900],[45.8950300,9.4145900],[45.8950090,9.4151620],[45.8950200,9.4160100],[45.8947800,9.4168600],[45.8946000,9.4173300],[45.8943300,9.4184600],[45.8943500,9.4190000],[45.8946000,9.4195200],[45.8948900,9.4196200],[45.8957000,9.4190300],[45.8964500,9.4186500],[45.8969200,9.4182920],[45.8971200,9.4181400],[45.8974270,9.4181230],[45.8979500,9.4179800],[45.8980350,9.4178970],[45.8979500,9.4179800],[45.8980760,9.4182970],[45.8980030,9.4185460],[45.8975560,9.4190520],[45.8974480,9.4193760],[45.8971800,9.4197900],[45.8965700,9.4205400],[45.8965040,9.4207680],[45.8965260,9.4212520],[45.8974630,9.4211670],[45.8978890,9.4209460],[45.8980740,9.4209120],[45.8982110,9.4209300],[45.8987370,9.4209990],[45.8993020,9.4211790],[45.8997520,9.4212280]],\r\n\t\t\t\t\tgraphDist          : [0.00,0.03,0.05,0.08,0.14,0.18,0.22,0.27,0.29,0.31,0.35,0.39,0.40,0.44,0.46,0.48,0.50,0.53,0.55,0.59,0.63,0.64,0.66,0.67,0.68,0.69,0.70,0.71,0.73,0.74,0.75,0.77,0.78,0.79,0.87,0.91,0.97,0.99,1.01,1.03,1.07,1.09,1.13,1.16,1.18,1.20,1.23,1.31,1.32,1.38,1.42,1.45,1.47,1.50,1.55,1.57,1.59,1.61,1.63,1.66,1.71,1.75,1.78,1.83,1.86,1.89,1.90,1.94,1.96,2.00,2.01,2.05,2.10,2.12,2.14,2.18,2.21,2.26,2.30,2.35,2.38,2.41,2.46,2.51,2.55,2.57,2.58,2.60,2.61,2.62,2.63,2.64,2.65,2.66,2.67,2.69,2.70,2.71,2.72,2.73,2.77,2.79,2.87,2.89,2.92,2.95,2.98,3.05,3.06,3.08,3.11,3.12,3.15,3.18,3.20,3.23,3.28,3.31,3.33,3.35,3.38,3.41,3.43,3.47,3.52,3.54,3.58,3.59,3.62,3.64,3.67,3.70,3.72,3.76,3.81,3.85,3.88,3.95,3.96,3.98,4.02,4.04,4.08,4.11,4.13,4.16,4.18,4.20,4.22,4.26,4.28,4.35,4.37,4.38,4.40,4.44,4.48,4.50,4.53,4.56,4.60,4.61,4.66,4.67,4.76,4.77,4.79,4.80,4.84,4.91,4.96,5.03,5.06,5.09,5.15,5.22,5.23,5.25,5.33,5.39,5.42,5.52,5.53,5.55,5.59,5.60,5.62,5.63,5.71,5.73,5.84,5.95,5.98,6.03,6.09,6.11,6.18,6.25,6.33,6.35,6.38,6.43,6.47,6.48,6.62,6.73,6.79,6.86,6.97,7.00,7.10,7.23,7.25,7.29,7.32,7.35,7.39,7.42,7.43,7.44,7.45,7.46,7.47,7.48,7.49,7.51,7.52,7.53,7.54,7.55,7.56,7.57,7.59,7.60,7.61,7.62,7.64,7.65,7.66,7.67,7.69,7.70,7.71,7.73,7.74,7.75,7.76,7.77,7.79,7.80,7.81,7.82,7.83,7.84,7.86,7.87,7.88,7.89,7.91,7.92,7.93,7.94,7.96,7.97,7.98,7.99,8.04,8.06,8.08,8.10,8.15,8.16,8.20,8.23,8.27,8.28,8.31,8.33,8.37,8.40,8.43,8.46,8.47,8.51,8.54,8.57,8.59,8.64,8.66,8.69,8.74,8.78,8.82,8.85,8.88,8.90,9.02,9.05,9.07,9.20,9.22,9.23,9.25,9.27,9.28,9.30,9.31,9.32,9.34,9.35,9.36,9.37,9.38,9.40,9.41,9.42,9.44,9.45,9.46,9.47,9.48,9.50,9.51,9.52,9.54,9.58,9.60,9.63,9.69,9.71,9.76,9.86,9.88,9.96,10.04,10.08,10.14,10.16,10.23,10.27,10.31,10.42,10.53,10.55,10.62,10.63,10.66,10.67,10.70,10.72,10.75,10.80,10.85,10.95,10.99,11.02,11.07,11.10,11.13,11.19,11.20,11.22,11.28,11.29,11.35,11.37,11.40,11.43,11.44,11.46,11.48,11.53,11.57,11.59,11.61,11.64,11.66,11.67,11.69,11.72,11.74,11.78,11.80,11.87,11.90,11.96,12.05,12.11,12.20,12.21,12.24,12.27,12.35,12.36,12.40,12.42,12.48,12.56,12.60,12.64,12.74,12.96,13.04,13.09,13.14,13.16,13.20,13.26,13.27,13.36,13.37,13.40,13.42,13.43,13.44,13.47,13.49,13.52,13.55,13.63,13.66,13.68,13.77,13.82,13.83,13.88,13.90,13.91,13.93,14.00,14.04,14.07,14.09,14.11,14.27,14.29,14.33,14.37,14.44,14.51,14.55,14.64,14.69,14.73,14.77,14.87,14.96,15.02,15.04,15.08,15.14,15.15,15.16,15.19,15.21,15.27,15.30,15.34,15.43,15.45,15.49,15.59,15.65,15.67,15.68,15.74,15.80,15.85],\r\n\t\t\t\t\tgraphEle           : [725.23,725.23,725.23,725.23,730.05,733.95,738.70,743.30,745.68,748.76,754.18,760.15,761.93,768.18,771.95,773.96,777.20,781.05,783.95,788.48,792.80,794.25,795.91,797.15,798.48,799.89,801.36,802.18,803.01,803.93,804.72,805.41,806.15,806.95,811.89,813.99,820.00,822.28,824.33,826.17,830.97,833.06,836.72,839.13,841.36,843.54,846.66,854.50,855.81,862.65,868.52,872.11,874.44,877.87,885.44,888.42,892.21,894.09,897.21,901.68,909.51,917.07,921.89,929.80,935.57,938.98,941.07,948.85,950.88,957.56,960.33,965.72,975.40,977.25,979.93,983.29,985.87,989.72,993.79,996.51,997.54,998.80,1000.52,1002.54,1009.17,1011.63,1013.76,1016.25,1018.24,1020.43,1022.31,1024.16,1026.11,1028.05,1029.90,1031.92,1033.88,1036.13,1038.19,1041.04,1050.53,1055.53,1078.07,1084.04,1091.78,1097.47,1105.38,1122.54,1125.22,1130.50,1136.71,1141.24,1146.10,1152.58,1156.56,1162.86,1172.83,1178.57,1183.64,1187.02,1190.91,1196.45,1200.89,1207.54,1216.10,1219.01,1225.17,1227.61,1232.78,1235.28,1241.63,1246.67,1250.44,1256.11,1261.49,1265.40,1268.63,1275.86,1276.20,1276.89,1278.10,1278.89,1279.94,1281.06,1281.83,1282.37,1282.62,1282.87,1283.05,1283.58,1283.87,1284.66,1284.74,1284.78,1284.84,1284.96,1285.08,1285.16,1285.26,1285.13,1284.67,1284.51,1283.97,1283.85,1282.53,1281.88,1281.16,1280.64,1279.27,1276.62,1274.40,1271.59,1270.39,1269.01,1266.85,1267.13,1267.19,1267.29,1267.65,1270.56,1272.08,1278.65,1279.44,1280.78,1283.20,1283.96,1285.72,1286.51,1292.12,1293.70,1298.97,1303.92,1306.93,1310.83,1316.76,1318.02,1326.68,1339.69,1353.43,1356.36,1360.85,1366.34,1371.29,1373.07,1385.63,1393.18,1395.15,1396.36,1396.67,1394.31,1385.66,1353.72,1343.92,1332.46,1321.70,1310.75,1298.83,1294.37,1292.38,1290.41,1288.12,1285.96,1283.73,1281.76,1279.75,1276.91,1274.66,1272.58,1270.35,1267.84,1265.86,1266.98,1272.69,1276.99,1281.40,1285.53,1290.69,1294.44,1300.01,1303.96,1308.41,1312.43,1317.16,1322.81,1326.56,1331.08,1335.60,1340.63,1344.91,1348.35,1351.61,1355.50,1358.74,1361.84,1366.37,1370.12,1373.80,1376.89,1381.44,1385.30,1388.67,1392.43,1396.67,1399.79,1402.83,1407.18,1410.43,1411.54,1413.00,1414.13,1416.63,1417.31,1419.43,1418.84,1418.21,1417.98,1417.49,1417.14,1416.46,1416.40,1417.65,1418.96,1419.59,1421.27,1422.86,1424.41,1425.40,1426.43,1426.97,1427.67,1428.92,1430.03,1429.65,1428.82,1427.86,1427.36,1421.46,1418.59,1416.54,1401.54,1399.51,1397.81,1396.01,1394.03,1392.77,1391.72,1390.37,1388.95,1387.59,1386.50,1385.16,1384.11,1383.12,1381.87,1383.32,1384.81,1386.13,1387.22,1388.49,1389.80,1390.88,1392.38,1393.71,1394.85,1397.54,1401.46,1403.18,1400.87,1397.17,1396.24,1392.66,1374.96,1369.31,1350.61,1334.37,1328.81,1319.18,1316.34,1308.52,1306.46,1304.87,1299.55,1292.36,1290.91,1284.63,1283.19,1279.99,1278.62,1274.24,1271.58,1267.90,1261.26,1253.26,1235.99,1228.32,1223.56,1217.27,1213.67,1210.05,1203.32,1202.01,1200.92,1198.48,1198.06,1195.48,1194.51,1193.24,1192.76,1192.60,1192.38,1192.22,1191.69,1191.27,1191.11,1190.87,1191.33,1191.69,1191.91,1192.14,1192.69,1193.05,1193.69,1194.02,1194.61,1194.83,1195.22,1192.44,1187.64,1181.26,1180.13,1174.76,1169.46,1156.13,1152.85,1146.46,1142.53,1128.86,1112.85,1102.80,1094.63,1070.81,1015.83,994.31,981.09,969.87,964.77,953.48,939.75,935.95,918.94,916.60,910.86,908.47,906.05,903.86,900.08,896.66,893.23,889.83,879.98,876.26,872.37,859.74,853.25,851.81,844.85,842.98,841.29,838.80,830.08,824.34,821.52,819.61,816.77,799.14,795.81,791.40,785.46,776.66,767.91,762.92,751.81,749.01,746.63,744.97,739.93,734.93,731.59,730.17,727.03,720.43,719.15,717.88,714.73,712.41,705.68,703.12,699.09,690.87,689.11,689.11,690.08,690.55,690.65,690.65,690.65,690.65,690.65],\r\n\t\t\t\t\tgraphSpeed         : [],\r\n\t\t\t\t\tgraphHr            : [],\r\n\t\t\t\t\tgraphAtemp         : [],\r\n\t\t\t\t\tgraphCad           : [],\r\n\t\t\t\t\tgraphGrade         : [],\r\n\t\t\t\t\twaypoints          : [],\r\n\t\t\t\t\tunit               : \"2\",\r\n\t\t\t\t\tunitspeed          : \"0\",\r\n\t\t\t\t\tcolor1             : [\"#3366cc\"],\r\n\t\t\t\t\tcolor2             : \"#3366cc\",\r\n\t\t\t\t\tcolor3             : \"#ff0000\",\r\n\t\t\t\t\tcolor4             : \"#ff77bd\",\r\n\t\t\t\t\tcolor5             : \"#beecff\",\r\n\t\t\t\t\tcolor6             : \"#beecff\",\r\n\t\t\t\t\tcolor7             : \"#ff77bd\",\r\n\t\t\t\t\tchartFrom1         : \"\",\r\n\t\t\t\t\tchartTo1           : \"\",\r\n\t\t\t\t\tchartFrom2         : \"\",\r\n\t\t\t\t\tchartTo2           : \"\",\r\n\t\t\t\t\tstartIcon          : \"\",\r\n\t\t\t\t\tendIcon            : \"\",\r\n\t\t\t\t\tcurrentIcon        : \"\",\r\n\t\t\t\t\twaypointIcon       : \"https:\/\/lavia.cc\/gpx\/wp-content\/uploads\/gpx\/cropped-icona.ico\",\r\n\t\t\t\t\tcurrentpositioncon : \"\",\r\n\t\t\t\t\tusegpsposition     : \"\",\r\n\t\t\t\t\tzoomOnScrollWheel  : \"\",\r\n\t\t\t\t\tngGalleries        : [],\r\n\t\t\t\t\tngImages           : [],\r\n\t\t\t\t\tpluginUrl          : \"https:\/\/lavia.cc\/gpx\/wp-content\/plugins\",\r\n\t\t\t\t\tTFApiKey           : \"\",\r\n\t\t\t\t\tMapBoxApiKey           : \"\",\r\n\t\t\t\t\tlangs              : {\r\n\t\t\t\t\t\taltitude        : \"Altitudine\",\r\n\t\t\t\t\t\tcurrentPosition : \"Current position\",\r\n\t\t\t\t\t\tspeed           : \"Velocit\u00e0\",\r\n\t\t\t\t\t\tgrade           : \"Grade\",\r\n\t\t\t\t\t\theartRate       : \"Battito Cardiaco\",\r\n\t\t\t\t\t\tatemp           : \"Temperature\",\r\n\t\t\t\t\t\tcadence         : \"Cadenza\",\r\n\t\t\t\t\t\tgoFullScreen    : \"Go full screen\",\r\n\t\t\t\t\t\texitFullFcreen  : \"Exit full screen\",\r\n\t\t\t\t\t\thideImages      : \"Hide images\",\r\n\t\t\t\t\t\tshowImages      : \"Show images\",\r\n\t\t\t\t\t\tbackToCenter\t: \"Ritorna al centro della mappa\"\r\n\t\t\t\t\t}\r\n\t\t\t\t});\r\n\r\n\t\t\t});\r\n\r\n\t\t<\/script>\n<p>\ud83d\udfe2 Visita\u00a0<a href=\"https:\/\/lavia.cc\/gpx\/\">LAVIA.CC<\/a>\u00a0per altre tracce gpx e condividi le tue avventure con la nostra\u00a0<a href=\"https:\/\/www.instagram.com\/lavia.cc\/\" target=\"_blank\" rel=\"noopener\">community<\/a>! \ud83d\udeb4\u200d\u2642\ufe0f\ud83c\udf32\ud83c\udfde\ufe0f<\/p>\n","protected":false},"excerpt":{"rendered":"<p>ll Monte Coltignone \u00e8 un fantastico punto panoramico sul Lago di Como e il Lago di Garlate. La sua vetta a 1479 metri, che scende letteralmente a picco sulla citt\u00e0 di Lecco, si trova alle spalle del Monte San Martino e il Corno Medale. Per raggiungerla esistono diversi itinerari molto semplici. Noi abbiamo scelto quello con partenza da Ballabio, pi\u00f9 impegnativo ma molto molto appagante. Il percorso \u00e8 percorribile in mezza giornata ed \u00e8 particolarmente indicato anche per escursioni sulle ciaspole, sicuro da pericolo valanghe e adatto a chi si avvicina all\u2019 escursionismo invernale. Dalla cima si pu\u00f2 godere ancora una volta delle meraviglie dei laghi e delle cime lecchesi che riempiono gli occhi. Il panorama \u00e8 straordinario: il Lago di Como e il Lago di Garlate, la citt\u00e0 di Lecco, il Monte Barro, nelle giornate pi\u00f9 terse si riescono a vedere anche la Brianza e Milano. Escursione da fare assolutamente, adatta a tutti gli escursionisti.<\/p>\n<p>\ud83d\udfe2 Segui\u00a0<strong>LAVIA,<\/strong>\u00a0arriva alla\u00a0<strong>META<\/strong>!<\/p>\n","protected":false},"featured_media":2671,"comment_status":"open","ping_status":"closed","template":"","meta":[],"product_brand":[],"product_cat":[31],"product_tag":[362,490,73],"class_list":{"0":"post-2670","1":"product","2":"type-product","3":"status-publish","4":"has-post-thumbnail","6":"product_cat-escursionismo","7":"product_tag-como","8":"product_tag-lecco","9":"product_tag-lombardia","11":"first","12":"instock","13":"downloadable","14":"virtual","15":"product-type-simple"},"_links":{"self":[{"href":"https:\/\/lavia.cc\/gpx\/wp-json\/wp\/v2\/product\/2670","targetHints":{"allow":["GET"]}}],"collection":[{"href":"https:\/\/lavia.cc\/gpx\/wp-json\/wp\/v2\/product"}],"about":[{"href":"https:\/\/lavia.cc\/gpx\/wp-json\/wp\/v2\/types\/product"}],"replies":[{"embeddable":true,"href":"https:\/\/lavia.cc\/gpx\/wp-json\/wp\/v2\/comments?post=2670"}],"version-history":[{"count":5,"href":"https:\/\/lavia.cc\/gpx\/wp-json\/wp\/v2\/product\/2670\/revisions"}],"predecessor-version":[{"id":16861,"href":"https:\/\/lavia.cc\/gpx\/wp-json\/wp\/v2\/product\/2670\/revisions\/16861"}],"wp:featuredmedia":[{"embeddable":true,"href":"https:\/\/lavia.cc\/gpx\/wp-json\/wp\/v2\/media\/2671"}],"wp:attachment":[{"href":"https:\/\/lavia.cc\/gpx\/wp-json\/wp\/v2\/media?parent=2670"}],"wp:term":[{"taxonomy":"product_brand","embeddable":true,"href":"https:\/\/lavia.cc\/gpx\/wp-json\/wp\/v2\/product_brand?post=2670"},{"taxonomy":"product_cat","embeddable":true,"href":"https:\/\/lavia.cc\/gpx\/wp-json\/wp\/v2\/product_cat?post=2670"},{"taxonomy":"product_tag","embeddable":true,"href":"https:\/\/lavia.cc\/gpx\/wp-json\/wp\/v2\/product_tag?post=2670"}],"curies":[{"name":"wp","href":"https:\/\/api.w.org\/{rel}","templated":true}]}}