{"id":2899,"date":"2022-10-17T20:56:26","date_gmt":"2022-10-17T18:56:26","guid":{"rendered":"https:\/\/lavia.cc\/gpx\/?post_type=product&#038;p=2899"},"modified":"2023-08-11T18:34:00","modified_gmt":"2023-08-11T16:34:00","slug":"il-passo-delle-sette-crocette","status":"publish","type":"product","link":"https:\/\/lavia.cc\/gpx\/tracce\/il-passo-delle-sette-crocette\/","title":{"rendered":"Il Passo delle Sette Crocette"},"content":{"rendered":"<h4>Il Passo delle Sette Crocette, 2041m<\/h4>\n<p>\u27a1\ufe0f Vai al punto di partenza: <a title=\"Parcheggio Passo delle Sette Crocette\" href=\"https:\/\/www.google.it\/maps\/place\/45%C2%B050&#039;30.9%22N+10%C2%B021&#039;56.5%22E\/@45.841945,10.3656878,19z\/data=!4m14!1m7!3m6!1s0x4783d305c67c5835:0x88fb8fb41426eaa7!2sSette+Crocette!3b1!8m2!3d45.8494513!4d10.3179646!3m5!1s0x0:0x91f7d66134acd5ed!7e2!8m2!3d45.8419226!4d10.3656851?hl=it&amp;authuser=0\" target=\"_blank\" rel=\"noopener\">GOOGLE MAPS<\/a> (parcheggio al Casermone al Pian delle Baste)<\/p>\n<p>\ud83d\uddfa\ufe0f Mappa e altimetria dell&#8217;escursione:<\/p>\n\r\n\t\t<div id=\"wpgpxmaps_2899_4946004\" class=\"wpgpxmaps\">\r\n\t\t\t<div id=\"map_2899_4946004_cont\" style=\"width:100%; height:450px;position:relative\" >\r\n\t\t\t\t<div id=\"map_2899_4946004\" style=\"width:100%; height:450px\"><\/div>\r\n\t\t\t\t<div id=\"wpgpxmaps_2899_4946004_osm_footer\" class=\"wpgpxmaps_osm_footer\" style=\"display:none;\"><span> &copy; <a href=\"http:\/\/www.openstreetmap.org\/copyright\" target=\"_blank\" rel=\"noopener\">OpenStreetMap<\/a> contributors<\/span><\/div>\r\n\t\t\t<\/div>\r\n\t\t\t<canvas id=\"myChart_2899_4946004\" class=\"plot\" style=\"width:100%; height:200px\"><\/canvas>\r\n\t\t\t<div id=\"ngimages_2899_4946004\" class=\"ngimages\" style=\"display:none\"><\/div>\r\n\t\t\t<div id=\"report_2899_4946004\" class=\"report\"><\/div>\r\n\t\t<\/div>\r\n\t\t\r\n\t\t<script type=\"text\/javascript\">\r\n\r\n\t\t\tjQuery(document).ready(function() {\r\n\r\n\t\t\t\tjQuery( \"#wpgpxmaps_2899_4946004\" ).wpgpxmaps( {\r\n\t\t\t\t\ttargetId           : \"2899_4946004\",\r\n\t\t\t\t\tmapType            : \"HYBRID\",\r\n\t\t\t\t\tmapData            : [[45.8418930,10.3657020],[45.8419950,10.3654340],[45.8419730,10.3652560],[45.8417260,10.3647240],[45.8416540,10.3642270],[45.8414110,10.3637460],[45.8412140,10.3622610],[45.8413390,10.3618240],[45.8414720,10.3616930],[45.8420420,10.3611690],[45.8423590,10.3610690],[45.8426700,10.3608860],[45.8427570,10.3607050],[45.8427720,10.3604740],[45.8428800,10.3601820],[45.8429330,10.3591440],[45.8428630,10.3582800],[45.8426840,10.3576630],[45.8426860,10.3571960],[45.8427560,10.3568600],[45.8433640,10.3559670],[45.8434580,10.3557960],[45.8435020,10.3555140],[45.8435090,10.3551670],[45.8432570,10.3534370],[45.8432360,10.3526860],[45.8436670,10.3527480],[45.8440020,10.3526870],[45.8444350,10.3524090],[45.8445710,10.3521970],[45.8448170,10.3521150],[45.8448130,10.3518120],[45.8450600,10.3516710],[45.8451760,10.3515320],[45.8452870,10.3513020],[45.8455090,10.3510430],[45.8455930,10.3508080],[45.8459000,10.3503900],[45.8459730,10.3500530],[45.8458900,10.3495990],[45.8457830,10.3491660],[45.8455190,10.3486910],[45.8452920,10.3484570],[45.8449170,10.3484320],[45.8448230,10.3483390],[45.8449990,10.3478770],[45.8450920,10.3472160],[45.8453210,10.3468620],[45.8456130,10.3465760],[45.8456970,10.3455560],[45.8462460,10.3450330],[45.8462840,10.3448400],[45.8465360,10.3443890],[45.8465660,10.3438610],[45.8468750,10.3434530],[45.8469600,10.3431700],[45.8468790,10.3425170],[45.8469400,10.3422610],[45.8470500,10.3421680],[45.8471470,10.3419720],[45.8471030,10.3414890],[45.8473070,10.3411470],[45.8474050,10.3407930],[45.8476800,10.3401100],[45.8478170,10.3398780],[45.8479000,10.3394780],[45.8482020,10.3391300],[45.8483060,10.3385790],[45.8485290,10.3381080],[45.8485620,10.3379440],[45.8485790,10.3374210],[45.8484890,10.3365560],[45.8486790,10.3359690],[45.8483330,10.3354940],[45.8477030,10.3346670],[45.8474820,10.3339230],[45.8473300,10.3330810],[45.8473260,10.3299930],[45.8472440,10.3288930],[45.8471640,10.3284270],[45.8468650,10.3274000],[45.8467430,10.3261310],[45.8464720,10.3255000],[45.8464700,10.3251550],[45.8467750,10.3243030],[45.8468030,10.3238030],[45.8471970,10.3230220],[45.8472420,10.3226420],[45.8474080,10.3220810],[45.8473550,10.3214300],[45.8473620,10.3210090],[45.8475030,10.3208950],[45.8475170,10.3207570],[45.8475030,10.3208950],[45.8473620,10.3210090],[45.8473610,10.3213340],[45.8474080,10.3220810],[45.8472420,10.3226420],[45.8471970,10.3230220],[45.8468030,10.3238030],[45.8467750,10.3243030],[45.8464700,10.3251550],[45.8464720,10.3255000],[45.8467430,10.3261310],[45.8468650,10.3274000],[45.8471640,10.3284270],[45.8472440,10.3288930],[45.8473260,10.3299930],[45.8473300,10.3330810],[45.8474820,10.3339230],[45.8477030,10.3346670],[45.8483330,10.3354940],[45.8486790,10.3359690],[45.8484890,10.3365560],[45.8485790,10.3374210],[45.8485620,10.3379440],[45.8485290,10.3381080],[45.8483060,10.3385790],[45.8482020,10.3391300],[45.8479000,10.3394780],[45.8478170,10.3398780],[45.8476800,10.3401100],[45.8474050,10.3407930],[45.8473070,10.3411470],[45.8471030,10.3414890],[45.8471470,10.3419720],[45.8470500,10.3421680],[45.8469400,10.3422610],[45.8468790,10.3425170],[45.8469600,10.3431700],[45.8468750,10.3434530],[45.8465660,10.3438610],[45.8465360,10.3443890],[45.8462840,10.3448400],[45.8462460,10.3450330],[45.8456970,10.3455560],[45.8456500,10.3464680],[45.8453210,10.3468620],[45.8450920,10.3472160],[45.8449990,10.3478770],[45.8448230,10.3483390],[45.8449170,10.3484320],[45.8452920,10.3484570],[45.8455190,10.3486910],[45.8457830,10.3491660],[45.8458900,10.3495990],[45.8459730,10.3500530],[45.8459000,10.3503900],[45.8455930,10.3508080],[45.8455090,10.3510430],[45.8452870,10.3513020],[45.8451760,10.3515320],[45.8450600,10.3516710],[45.8448130,10.3518120],[45.8448170,10.3521150],[45.8445710,10.3521970],[45.8444350,10.3524090],[45.8440020,10.3526870],[45.8436670,10.3527480],[45.8432360,10.3526860],[45.8432570,10.3534370],[45.8435090,10.3551670],[45.8435020,10.3555140],[45.8434580,10.3557960],[45.8433640,10.3559670],[45.8427560,10.3568600],[45.8426860,10.3571960],[45.8426840,10.3576630],[45.8428630,10.3582800],[45.8429330,10.3591440],[45.8428800,10.3601820],[45.8427720,10.3604740],[45.8427570,10.3607050],[45.8426700,10.3608860],[45.8423590,10.3610690],[45.8420420,10.3611690],[45.8414720,10.3616930],[45.8413390,10.3618240],[45.8412140,10.3622610],[45.8414110,10.3637460],[45.8416540,10.3642270],[45.8417260,10.3647240],[45.8419730,10.3652560],[45.8419950,10.3654340],[45.8419520,10.3657080]],\r\n\t\t\t\t\tgraphDist          : [0.00,0.03,0.04,0.09,0.13,0.18,0.29,0.33,0.35,0.42,0.46,0.50,0.52,0.53,0.56,0.64,0.71,0.76,0.80,0.82,0.92,0.94,0.96,0.99,1.12,1.18,1.23,1.27,1.32,1.34,1.37,1.39,1.42,1.44,1.46,1.49,1.52,1.56,1.59,1.63,1.66,1.71,1.74,1.78,1.79,1.84,1.89,1.93,1.96,2.05,2.12,2.13,2.18,2.22,2.27,2.29,2.34,2.36,2.38,2.40,2.43,2.47,2.50,2.56,2.58,2.61,2.66,2.70,2.75,2.76,2.80,2.87,2.92,2.97,3.07,3.13,3.20,3.44,3.52,3.56,3.64,3.74,3.80,3.83,3.90,3.94,4.02,4.05,4.09,4.14,4.18,4.19,4.20,4.22,4.23,4.26,4.32,4.36,4.39,4.47,4.51,4.58,4.61,4.67,4.77,4.85,4.89,4.97,5.21,5.28,5.34,5.44,5.49,5.54,5.61,5.65,5.66,5.71,5.75,5.80,5.83,5.85,5.91,5.94,5.98,6.01,6.03,6.05,6.07,6.12,6.14,6.19,6.23,6.28,6.29,6.36,6.44,6.48,6.52,6.57,6.62,6.63,6.67,6.70,6.75,6.78,6.82,6.85,6.89,6.92,6.95,6.97,6.99,7.01,7.04,7.07,7.09,7.14,7.18,7.23,7.29,7.42,7.45,7.47,7.49,7.59,7.61,7.65,7.70,7.77,7.85,7.88,7.89,7.91,7.95,7.99,8.06,8.08,8.12,8.23,8.28,8.32,8.37,8.38,8.40],\r\n\t\t\t\t\tgraphEle           : [2031.18,2031.18,2031.18,2031.18,2028.81,2025.32,2016.42,2014.06,2012.94,2008.23,2005.98,2003.64,2001.81,1999.73,1996.78,1987.47,1980.04,1976.99,1974.85,1973.24,1969.18,1969.73,1970.46,1971.33,1977.31,1983.42,1988.48,1992.42,1996.24,1996.43,1996.66,1996.86,1997.10,1997.24,1997.42,1997.68,1996.79,1992.97,1990.76,1987.81,1984.93,1981.73,1982.80,1984.23,1984.67,1986.07,1987.87,1989.89,1992.62,1998.17,2002.12,2001.96,2001.47,2001.02,2000.51,2000.25,2000.10,2000.10,2000.10,2000.10,2000.09,2000.09,2000.09,2003.12,2004.44,2006.24,2008.65,2011.12,2013.91,2014.76,2017.35,2021.67,2024.49,2026.33,2029.61,2030.87,2030.67,2028.68,2027.77,2027.72,2027.61,2027.25,2026.84,2026.65,2026.13,2024.59,2021.43,2020.17,2018.18,2017.67,2017.67,2017.67,2017.67,2017.67,2017.67,2017.67,2018.18,2020.18,2021.43,2024.59,2026.13,2026.65,2026.84,2027.25,2027.61,2027.72,2027.77,2028.68,2030.67,2030.87,2029.61,2026.33,2024.49,2021.67,2017.35,2014.76,2013.91,2011.12,2008.65,2006.24,2004.44,2003.12,2000.09,2000.09,2000.09,2000.10,2000.10,2000.10,2000.10,2000.25,2000.51,2001.02,2001.47,2001.96,2002.13,1998.17,1993.26,1989.90,1987.87,1986.07,1984.67,1984.23,1982.80,1981.73,1984.93,1987.81,1990.76,1992.97,1996.79,1997.68,1997.42,1997.24,1997.10,1996.86,1996.66,1996.43,1996.24,1992.42,1988.48,1983.42,1977.31,1971.33,1970.46,1969.73,1969.18,1973.24,1974.85,1976.99,1980.04,1987.47,1996.78,1999.73,2001.81,2003.64,2005.98,2008.23,2012.94,2014.06,2016.42,2025.32,2028.81,2031.18,2031.18,2031.18,2031.18],\r\n\t\t\t\t\tgraphSpeed         : [],\r\n\t\t\t\t\tgraphHr            : [],\r\n\t\t\t\t\tgraphAtemp         : [],\r\n\t\t\t\t\tgraphCad           : [],\r\n\t\t\t\t\tgraphGrade         : [],\r\n\t\t\t\t\twaypoints          : [],\r\n\t\t\t\t\tunit               : \"2\",\r\n\t\t\t\t\tunitspeed          : \"0\",\r\n\t\t\t\t\tcolor1             : [\"#3366cc\"],\r\n\t\t\t\t\tcolor2             : \"#3366cc\",\r\n\t\t\t\t\tcolor3             : \"#ff0000\",\r\n\t\t\t\t\tcolor4             : \"#ff77bd\",\r\n\t\t\t\t\tcolor5             : \"#beecff\",\r\n\t\t\t\t\tcolor6             : \"#beecff\",\r\n\t\t\t\t\tcolor7             : \"#ff77bd\",\r\n\t\t\t\t\tchartFrom1         : \"\",\r\n\t\t\t\t\tchartTo1           : \"\",\r\n\t\t\t\t\tchartFrom2         : \"\",\r\n\t\t\t\t\tchartTo2           : \"\",\r\n\t\t\t\t\tstartIcon          : \"\",\r\n\t\t\t\t\tendIcon            : \"\",\r\n\t\t\t\t\tcurrentIcon        : \"\",\r\n\t\t\t\t\twaypointIcon       : \"https:\/\/lavia.cc\/gpx\/wp-content\/uploads\/gpx\/cropped-icona.ico\",\r\n\t\t\t\t\tcurrentpositioncon : \"\",\r\n\t\t\t\t\tusegpsposition     : \"\",\r\n\t\t\t\t\tzoomOnScrollWheel  : \"\",\r\n\t\t\t\t\tngGalleries        : [],\r\n\t\t\t\t\tngImages           : [],\r\n\t\t\t\t\tpluginUrl          : \"https:\/\/lavia.cc\/gpx\/wp-content\/plugins\",\r\n\t\t\t\t\tTFApiKey           : \"\",\r\n\t\t\t\t\tMapBoxApiKey           : \"\",\r\n\t\t\t\t\tlangs              : {\r\n\t\t\t\t\t\taltitude        : \"Altitudine\",\r\n\t\t\t\t\t\tcurrentPosition : \"Current position\",\r\n\t\t\t\t\t\tspeed           : \"Velocit\u00e0\",\r\n\t\t\t\t\t\tgrade           : \"Grade\",\r\n\t\t\t\t\t\theartRate       : \"Battito Cardiaco\",\r\n\t\t\t\t\t\tatemp           : \"Temperature\",\r\n\t\t\t\t\t\tcadence         : \"Cadenza\",\r\n\t\t\t\t\t\tgoFullScreen    : \"Go full screen\",\r\n\t\t\t\t\t\texitFullFcreen  : \"Exit full screen\",\r\n\t\t\t\t\t\thideImages      : \"Hide images\",\r\n\t\t\t\t\t\tshowImages      : \"Show images\",\r\n\t\t\t\t\t\tbackToCenter\t: \"Ritorna al centro della mappa\"\r\n\t\t\t\t\t}\r\n\t\t\t\t});\r\n\r\n\t\t\t});\r\n\r\n\t\t<\/script>\n<p>\ud83d\udfe2 Segui\u00a0<strong><a href=\"https:\/\/www.instagram.com\/lavia.cc\/\" target=\"_blank\" rel=\"noopener\">LAVIA<\/a>,<\/strong>\u00a0arriva alla\u00a0<strong>META<\/strong><\/p>\n","protected":false},"excerpt":{"rendered":"<p>\u26f0\ufe0f Siamo sul Maniva, una zona montana ricca di sentieri, situata in provincia di Brescia. Il divertente sentiero, adatto a tutti, di cui parliamo oggi, parte dal <strong>Casermone al Pian delle Baste <\/strong>(c&#8217;\u00e8 parcheggio!), che si trova su un vasto e panoramico pianoro alle pendici dei Monti Dasdana e Colombine, ed \u00e8 il sentiero che porta al <strong>Passo delle Sette Crocette<\/strong>. Dal Casermone, tramite il <strong>Sentiero delle 3 Valli <\/strong>(il famoso <strong>3V<\/strong>), in poco pi\u00f9 di un\u2019ora e pressoch\u00e9 in piano, si giunge al misterioso <strong>Passo delle Sette Crocette <\/strong>(2041m). Percorso sin dai tempi antichi, il tranquillo passo \u00e8 caratterizzato da un muretto in pietra a secco con infisse sette piccole croci in ferro con un cippo datato 1668. Attorno a queste crocette aleggiano oscure leggende che parlano di streghe e di banditi; la pi\u00f9 attendibile fa risalire le sette croci all\u2019uccisione di sette uomini, forse contrabbandieri. Ha segnato un\u2019importante via di collegamento fra l\u2019alta <strong>Val Trompia<\/strong> e la <strong>Valle Camonica<\/strong> ed \u00e8 stato un percorso attraverso il quale venivano praticati il commercio dei prodotti d\u2019alpeggio ed il passaggio del bestiame. Circa a met\u00e0 percorso, a quota 2036 m, si trova il Goletto di Cludona, un passo attraverso il quale chi lo vorr\u00e0, potr\u00e0 raggiungere in pochi minuti il Bivacco Grazzini (2020 m), oppure il Monte Colombine (2217 m), la vetta pi\u00f9 alta della Val Trompia, in circa un\u2019ora.<\/p>\n<p>\ud83d\udcf7 Durante l&#8217;escursione cerca l\u2019<a href=\"https:\/\/lavia.cc\/gpx\/mappa-degli-adesivi-lavia\/\" target=\"_blank\" rel=\"noopener\">adesivo LAVIA<\/a>. Se lo trovi fai una foto e taggaci in una storia su Instagram!<\/p>\n<p>\ud83d\udfe2 Segui\u00a0<strong>LAVIA,<\/strong>\u00a0arriva alla\u00a0<strong>META<\/strong>!<\/p>\n","protected":false},"featured_media":2913,"comment_status":"open","ping_status":"closed","template":"","meta":[],"product_brand":[],"product_cat":[31],"product_tag":[74,539,112,537],"class_list":{"0":"post-2899","1":"product","2":"type-product","3":"status-publish","4":"has-post-thumbnail","6":"product_cat-escursionismo","7":"product_tag-brescia","8":"product_tag-passo-del-maniva","9":"product_tag-val-camonica","10":"product_tag-val-trompia","12":"first","13":"instock","14":"downloadable","15":"virtual","16":"product-type-simple"},"_links":{"self":[{"href":"https:\/\/lavia.cc\/gpx\/wp-json\/wp\/v2\/product\/2899","targetHints":{"allow":["GET"]}}],"collection":[{"href":"https:\/\/lavia.cc\/gpx\/wp-json\/wp\/v2\/product"}],"about":[{"href":"https:\/\/lavia.cc\/gpx\/wp-json\/wp\/v2\/types\/product"}],"replies":[{"embeddable":true,"href":"https:\/\/lavia.cc\/gpx\/wp-json\/wp\/v2\/comments?post=2899"}],"version-history":[{"count":14,"href":"https:\/\/lavia.cc\/gpx\/wp-json\/wp\/v2\/product\/2899\/revisions"}],"predecessor-version":[{"id":6888,"href":"https:\/\/lavia.cc\/gpx\/wp-json\/wp\/v2\/product\/2899\/revisions\/6888"}],"wp:featuredmedia":[{"embeddable":true,"href":"https:\/\/lavia.cc\/gpx\/wp-json\/wp\/v2\/media\/2913"}],"wp:attachment":[{"href":"https:\/\/lavia.cc\/gpx\/wp-json\/wp\/v2\/media?parent=2899"}],"wp:term":[{"taxonomy":"product_brand","embeddable":true,"href":"https:\/\/lavia.cc\/gpx\/wp-json\/wp\/v2\/product_brand?post=2899"},{"taxonomy":"product_cat","embeddable":true,"href":"https:\/\/lavia.cc\/gpx\/wp-json\/wp\/v2\/product_cat?post=2899"},{"taxonomy":"product_tag","embeddable":true,"href":"https:\/\/lavia.cc\/gpx\/wp-json\/wp\/v2\/product_tag?post=2899"}],"curies":[{"name":"wp","href":"https:\/\/api.w.org\/{rel}","templated":true}]}}