{"id":2901,"date":"2022-10-17T16:31:14","date_gmt":"2022-10-17T14:31:14","guid":{"rendered":"https:\/\/lavia.cc\/gpx\/?post_type=product&#038;p=2901"},"modified":"2024-09-24T21:29:34","modified_gmt":"2024-09-24T19:29:34","slug":"al-redentore-di-monte-san-biagio","status":"publish","type":"product","link":"https:\/\/lavia.cc\/gpx\/tracce\/al-redentore-di-monte-san-biagio\/","title":{"rendered":"Al Redentore di Monte San Biagio"},"content":{"rendered":"<h4>Al Redentore di Monte San Biagio<\/h4>\n<p>\u27a1\ufe0f Clicca qui per raggiungere il punto di partenza: <a href=\"https:\/\/www.google.it\/maps\/place\/Ristorante+1999+Porto+di+Maratea\/@39.9899396,15.7060436,17z\/data=!4m13!1m7!3m6!1s0x0:0xf67afaf16332e552!2zMznCsDU5JzIzLjAiTiAxNcKwNDInMzEuMSJF!3b1!8m2!3d39.98973!4d15.70864!3m4!1s0x133ed96c473b2e9d:0xf953e82ef274b112!8m2!3d39.9893661!4d15.7076922\" target=\"_blank\" rel=\"noopener\">Google Maps<\/a>.<\/p>\n<p>\ud83d\udd5c Periodo consigliato: tutto l\u2019anno.<\/p>\n<p>\ud83d\uddfa\ufe0f Mappa e altimetria dell&#8217;<a href=\"https:\/\/lavia.cc\/gpx\/categoria-tracce\/escursionismo\/\">escursione<\/a>:<\/p>\n\r\n\t\t<div id=\"wpgpxmaps_2901_3393205\" class=\"wpgpxmaps\">\r\n\t\t\t<div id=\"map_2901_3393205_cont\" style=\"width:100%; height:450px;position:relative\" >\r\n\t\t\t\t<div id=\"map_2901_3393205\" style=\"width:100%; height:450px\"><\/div>\r\n\t\t\t\t<div id=\"wpgpxmaps_2901_3393205_osm_footer\" class=\"wpgpxmaps_osm_footer\" style=\"display:none;\"><span> &copy; <a href=\"http:\/\/www.openstreetmap.org\/copyright\" target=\"_blank\" rel=\"noopener\">OpenStreetMap<\/a> contributors<\/span><\/div>\r\n\t\t\t<\/div>\r\n\t\t\t<canvas id=\"myChart_2901_3393205\" class=\"plot\" style=\"width:100%; height:200px\"><\/canvas>\r\n\t\t\t<div id=\"ngimages_2901_3393205\" class=\"ngimages\" style=\"display:none\"><\/div>\r\n\t\t\t<div id=\"report_2901_3393205\" class=\"report\"><\/div>\r\n\t\t<\/div>\r\n\t\t\r\n\t\t<script type=\"text\/javascript\">\r\n\r\n\t\t\tjQuery(document).ready(function() {\r\n\r\n\t\t\t\tjQuery( \"#wpgpxmaps_2901_3393205\" ).wpgpxmaps( {\r\n\t\t\t\t\ttargetId           : \"2901_3393205\",\r\n\t\t\t\t\tmapType            : \"HYBRID\",\r\n\t\t\t\t\tmapData            : [[39.9873010,15.7216700],[39.9873910,15.7220220],[39.9873970,15.7226320],[39.9874640,15.7231360],[39.9874200,15.7233940],[39.9873310,15.7238100],[39.9872560,15.7238290],[39.9870940,15.7238830],[39.9870390,15.7241300],[39.9869010,15.7242700],[39.9867950,15.7242580],[39.9867040,15.7246930],[39.9865940,15.7243900],[39.9866170,15.7240870],[39.9865210,15.7241350],[39.9864070,15.7251070],[39.9863510,15.7252190],[39.9865040,15.7260760],[39.9866090,15.7263070],[39.9866420,15.7264880],[39.9866130,15.7266610],[39.9864910,15.7266230],[39.9864450,15.7264010],[39.9863500,15.7262700],[39.9859850,15.7256190],[39.9858870,15.7254230],[39.9858220,15.7249320],[39.9858940,15.7245450],[39.9859460,15.7237300],[39.9861140,15.7231070],[39.9862540,15.7222920],[39.9865430,15.7199190],[39.9866150,15.7195730],[39.9869470,15.7190970],[39.9869830,15.7189120],[39.9870680,15.7188320],[39.9872800,15.7188280],[39.9882870,15.7185530],[39.9884500,15.7183950],[39.9887490,15.7183450],[39.9892840,15.7181120],[39.9897130,15.7177340],[39.9901730,15.7178070],[39.9904220,15.7176540],[39.9905680,15.7176810],[39.9911960,15.7185440],[39.9911270,15.7178870],[39.9914840,15.7183260],[39.9915740,15.7184880],[39.9916250,15.7186360],[39.9917060,15.7186860],[39.9917520,15.7187920],[39.9917980,15.7189020],[39.9918850,15.7189710],[39.9919380,15.7190750],[39.9919750,15.7191850],[39.9919900,15.7193220],[39.9920160,15.7194510],[39.9920170,15.7195800],[39.9919960,15.7197030],[39.9919470,15.7198250],[39.9918850,15.7199160],[39.9919190,15.7200340],[39.9919490,15.7201570],[39.9919450,15.7203020],[39.9920160,15.7204610],[39.9921550,15.7207160],[39.9922910,15.7207140],[39.9924640,15.7208190],[39.9923930,15.7209950],[39.9923090,15.7211180],[39.9923810,15.7212150],[39.9923070,15.7215450],[39.9922900,15.7216130],[39.9923520,15.7217010],[39.9923610,15.7217240],[39.9923320,15.7218350],[39.9924110,15.7218320],[39.9924670,15.7219330],[39.9925540,15.7219840],[39.9925550,15.7219610],[39.9926330,15.7218680],[39.9925980,15.7218970],[39.9926370,15.7219430],[39.9926460,15.7220610],[39.9926360,15.7220660],[39.9926990,15.7219720],[39.9927960,15.7219250],[39.9930580,15.7214510],[39.9931380,15.7213150],[39.9932010,15.7211990],[39.9931380,15.7213150],[39.9930580,15.7214510],[39.9927960,15.7219250],[39.9928030,15.7220200],[39.9928290,15.7221150],[39.9929180,15.7220940],[39.9930600,15.7221240],[39.9931200,15.7219590],[39.9931240,15.7218270],[39.9931010,15.7217010],[39.9931180,15.7215850],[39.9931870,15.7215090],[39.9932770,15.7215630],[39.9933570,15.7215120],[39.9934530,15.7214940],[39.9935500,15.7214290],[39.9938350,15.7211410],[39.9938830,15.7209400],[39.9941070,15.7208730],[39.9944810,15.7205130],[39.9947890,15.7203820],[39.9950560,15.7201540],[39.9953450,15.7198190],[39.9954930,15.7196120],[39.9956090,15.7192920],[39.9956490,15.7190600],[39.9956240,15.7179670],[39.9955470,15.7174890],[39.9953180,15.7167850],[39.9943390,15.7156580],[39.9940990,15.7149000],[39.9939730,15.7147570],[39.9936770,15.7146830],[39.9935390,15.7144690],[39.9934370,15.7140140],[39.9933850,15.7134760],[39.9928630,15.7116360],[39.9926550,15.7113800],[39.9925210,15.7114550],[39.9924190,15.7114400],[39.9921810,15.7114760],[39.9917730,15.7109410],[39.9920390,15.7109540],[39.9921800,15.7107510],[39.9919210,15.7103740],[39.9918650,15.7102840],[39.9917690,15.7103540],[39.9916000,15.7103190],[39.9915640,15.7099260],[39.9914750,15.7100400],[39.9913870,15.7100780],[39.9913280,15.7099450],[39.9908730,15.7095640],[39.9905690,15.7091470],[39.9903710,15.7091420],[39.9897570,15.7089670],[39.9894870,15.7092490],[39.9895750,15.7091260],[39.9894760,15.7091430],[39.9894290,15.7090350],[39.9893710,15.7089320],[39.9893530,15.7088050],[39.9892990,15.7087380],[39.9892460,15.7085400],[39.9892350,15.7084230],[39.9891540,15.7083490],[39.9891080,15.7082310],[39.9890630,15.7081190],[39.9890360,15.7080040],[39.9891210,15.7079410],[39.9890770,15.7076400],[39.9890790,15.7075010],[39.9891730,15.7067980],[39.9893310,15.7062270],[39.9895030,15.7060360],[39.9893130,15.7065580],[39.9892170,15.7071220],[39.9892130,15.7073320],[39.9893650,15.7079230],[39.9894860,15.7081560],[39.9896220,15.7082020],[39.9897070,15.7083910],[39.9897800,15.7086280],[39.9897570,15.7089670],[39.9903710,15.7091420],[39.9905690,15.7091470],[39.9908730,15.7095640],[39.9913280,15.7099450],[39.9913870,15.7100780],[39.9914750,15.7100400],[39.9915640,15.7099260],[39.9915540,15.7102290],[39.9917690,15.7103540],[39.9918850,15.7102430],[39.9919210,15.7103740],[39.9921800,15.7107510],[39.9920390,15.7109540],[39.9917730,15.7109410],[39.9921810,15.7114760],[39.9924190,15.7114400],[39.9925210,15.7114550],[39.9926550,15.7113800],[39.9928630,15.7116360],[39.9933850,15.7134760],[39.9934370,15.7140140],[39.9935390,15.7144690],[39.9936770,15.7146830],[39.9939730,15.7147570],[39.9940990,15.7149000],[39.9943390,15.7156580],[39.9953180,15.7167850],[39.9955470,15.7174890],[39.9956240,15.7179670],[39.9956490,15.7190600],[39.9956510,15.7192250],[39.9954930,15.7196120],[39.9953840,15.7197250],[39.9950560,15.7201540],[39.9947890,15.7203820],[39.9944810,15.7205130],[39.9941070,15.7208730],[39.9938830,15.7209400],[39.9938350,15.7211410],[39.9934940,15.7214670],[39.9932680,15.7214870],[39.9931530,15.7213600],[39.9927390,15.7214010],[39.9926410,15.7214890],[39.9925780,15.7217370],[39.9925740,15.7222140],[39.9925880,15.7226940],[39.9926140,15.7229270],[39.9927100,15.7233490],[39.9926070,15.7234720],[39.9926690,15.7237950],[39.9923290,15.7239270],[39.9922980,15.7240640],[39.9925470,15.7246440],[39.9926800,15.7250820],[39.9928160,15.7253020],[39.9930150,15.7260250],[39.9933030,15.7267170],[39.9932080,15.7267430],[39.9929280,15.7263170],[39.9927080,15.7261990],[39.9925160,15.7261990],[39.9924110,15.7262470],[39.9923840,15.7264290],[39.9922570,15.7264050],[39.9917660,15.7259630],[39.9916520,15.7260040],[39.9916870,15.7261990],[39.9915980,15.7263180],[39.9911580,15.7259230],[39.9910730,15.7257930],[39.9909120,15.7257260],[39.9908050,15.7255960],[39.9900000,15.7251890],[39.9899230,15.7252750],[39.9895250,15.7246840],[39.9891420,15.7241900],[39.9888110,15.7231460],[39.9887910,15.7225890],[39.9886160,15.7219560],[39.9885830,15.7214580],[39.9886160,15.7205220],[39.9886700,15.7202270],[39.9886350,15.7199950],[39.9885530,15.7201770],[39.9884200,15.7204650],[39.9882420,15.7206310],[39.9881540,15.7210240],[39.9880380,15.7213060],[39.9880410,15.7216210],[39.9878440,15.7223450],[39.9878890,15.7233160],[39.9877410,15.7227820],[39.9874930,15.7220210],[39.9874360,15.7216340],[39.9873010,15.7216700]],\r\n\t\t\t\t\tgraphDist          : [0.00,0.03,0.08,0.13,0.15,0.19,0.20,0.22,0.24,0.26,0.28,0.32,0.35,0.38,0.39,0.47,0.48,0.56,0.58,0.60,0.61,0.63,0.65,0.66,0.73,0.75,0.79,0.83,0.90,0.95,1.02,1.23,1.26,1.31,1.33,1.34,1.37,1.48,1.50,1.54,1.60,1.66,1.71,1.74,1.76,1.86,1.92,1.98,1.99,2.01,2.02,2.03,2.04,2.05,2.07,2.08,2.09,2.10,2.11,2.12,2.13,2.14,2.16,2.17,2.18,2.20,2.23,2.25,2.27,2.29,2.30,2.31,2.34,2.36,2.37,2.38,2.39,2.40,2.41,2.43,2.44,2.45,2.46,2.47,2.49,2.50,2.51,2.52,2.57,2.59,2.60,2.61,2.63,2.68,2.69,2.70,2.71,2.72,2.74,2.75,2.76,2.77,2.78,2.79,2.80,2.82,2.83,2.87,2.89,2.91,2.97,3.00,3.04,3.08,3.11,3.14,3.16,3.25,3.30,3.36,3.51,3.58,3.60,3.63,3.65,3.69,3.74,3.91,3.94,3.96,3.97,4.00,4.06,4.09,4.12,4.16,4.17,4.19,4.21,4.25,4.26,4.27,4.29,4.35,4.40,4.42,4.49,4.53,4.55,4.56,4.57,4.58,4.59,4.60,4.62,4.63,4.64,4.65,4.66,4.67,4.69,4.71,4.73,4.79,4.84,4.86,4.91,4.96,4.98,5.03,5.06,5.07,5.09,5.12,5.14,5.22,5.24,5.29,5.35,5.36,5.37,5.39,5.41,5.44,5.46,5.48,5.52,5.54,5.57,5.64,5.67,5.68,5.69,5.73,5.89,5.94,5.98,6.01,6.04,6.06,6.13,6.27,6.34,6.38,6.48,6.49,6.53,6.55,6.60,6.63,6.67,6.72,6.75,6.77,6.81,6.85,6.87,6.91,6.93,6.95,6.99,7.03,7.05,7.09,7.11,7.14,7.18,7.20,7.25,7.30,7.32,7.39,7.46,7.47,7.52,7.54,7.57,7.58,7.60,7.61,7.68,7.69,7.71,7.72,7.78,7.80,7.82,7.83,7.93,7.94,8.01,8.07,8.18,8.22,8.28,8.32,8.40,8.43,8.45,8.47,8.50,8.52,8.56,8.59,8.61,8.68,8.76,8.81,8.88,8.91,8.93],\r\n\t\t\t\t\tgraphEle           : [544.99,544.99,544.99,542.19,539.88,536.09,534.68,532.51,530.25,528.25,526.73,522.34,518.85,515.85,514.52,504.83,503.51,496.86,495.05,493.79,492.59,491.49,489.94,488.72,482.87,481.00,477.02,473.83,467.29,462.49,456.51,443.96,442.52,440.44,440.43,440.42,440.41,440.33,440.31,438.66,435.48,432.56,429.67,426.19,424.32,412.79,405.45,392.91,389.30,386.38,383.90,381.58,379.23,376.76,374.41,372.14,369.63,367.22,364.89,362.59,360.08,357.86,355.56,353.17,349.76,345.52,339.27,336.02,331.48,327.86,324.85,322.39,319.69,318.35,317.23,316.27,315.33,314.35,313.29,312.32,311.35,310.25,309.18,307.88,306.87,305.94,304.98,303.80,301.36,300.65,300.05,299.46,298.74,296.30,295.79,295.25,294.76,293.54,291.94,290.80,289.69,288.62,287.56,286.45,285.44,284.35,283.12,278.97,277.17,274.59,265.68,259.27,252.97,245.33,240.96,235.52,231.62,214.68,207.12,198.18,182.69,175.71,173.89,170.60,168.27,164.31,158.82,132.53,127.30,124.50,122.53,117.93,106.83,101.72,97.70,89.67,87.27,83.41,79.75,73.02,70.21,68.23,65.72,54.56,46.43,42.78,31.20,24.83,23.22,22.40,21.64,20.85,20.02,19.23,17.85,17.10,16.30,15.49,14.68,13.94,13.15,11.14,10.29,9.29,9.15,9.07,8.93,11.02,12.62,17.35,19.59,21.09,22.75,24.69,27.91,40.91,45.01,54.13,65.35,67.86,69.84,72.63,77.59,83.00,86.07,89.25,97.52,102.00,107.06,117.99,122.52,124.46,127.22,132.63,158.14,165.08,169.16,171.28,174.26,175.92,182.15,198.88,206.69,213.79,231.48,234.15,241.28,244.21,253.50,259.73,266.06,275.14,279.63,282.41,288.76,292.99,295.78,302.02,303.81,306.81,314.06,321.96,325.83,333.06,336.06,341.53,349.91,354.58,369.06,379.32,385.48,402.17,419.15,421.88,433.99,440.68,446.09,449.05,452.05,454.75,467.35,469.85,473.09,475.78,487.10,490.09,493.96,497.31,517.07,519.39,533.82,547.16,569.34,575.06,579.74,583.22,588.48,588.30,588.16,588.03,587.80,587.63,587.39,587.20,585.38,580.51,574.36,572.32,572.32,572.32,572.32],\r\n\t\t\t\t\tgraphSpeed         : [],\r\n\t\t\t\t\tgraphHr            : [],\r\n\t\t\t\t\tgraphAtemp         : [],\r\n\t\t\t\t\tgraphCad           : [],\r\n\t\t\t\t\tgraphGrade         : [],\r\n\t\t\t\t\twaypoints          : [],\r\n\t\t\t\t\tunit               : \"2\",\r\n\t\t\t\t\tunitspeed          : \"0\",\r\n\t\t\t\t\tcolor1             : [\"#3366cc\"],\r\n\t\t\t\t\tcolor2             : \"#3366cc\",\r\n\t\t\t\t\tcolor3             : \"#ff0000\",\r\n\t\t\t\t\tcolor4             : \"#ff77bd\",\r\n\t\t\t\t\tcolor5             : \"#beecff\",\r\n\t\t\t\t\tcolor6             : \"#beecff\",\r\n\t\t\t\t\tcolor7             : \"#ff77bd\",\r\n\t\t\t\t\tchartFrom1         : \"\",\r\n\t\t\t\t\tchartTo1           : \"\",\r\n\t\t\t\t\tchartFrom2         : \"\",\r\n\t\t\t\t\tchartTo2           : \"\",\r\n\t\t\t\t\tstartIcon          : \"\",\r\n\t\t\t\t\tendIcon            : \"\",\r\n\t\t\t\t\tcurrentIcon        : \"\",\r\n\t\t\t\t\twaypointIcon       : \"https:\/\/lavia.cc\/gpx\/wp-content\/uploads\/gpx\/cropped-icona.ico\",\r\n\t\t\t\t\tcurrentpositioncon : \"\",\r\n\t\t\t\t\tusegpsposition     : \"\",\r\n\t\t\t\t\tzoomOnScrollWheel  : \"\",\r\n\t\t\t\t\tngGalleries        : [],\r\n\t\t\t\t\tngImages           : [],\r\n\t\t\t\t\tpluginUrl          : \"https:\/\/lavia.cc\/gpx\/wp-content\/plugins\",\r\n\t\t\t\t\tTFApiKey           : \"\",\r\n\t\t\t\t\tMapBoxApiKey           : \"\",\r\n\t\t\t\t\tlangs              : {\r\n\t\t\t\t\t\taltitude        : \"Altitudine\",\r\n\t\t\t\t\t\tcurrentPosition : \"Current position\",\r\n\t\t\t\t\t\tspeed           : \"Velocit\u00e0\",\r\n\t\t\t\t\t\tgrade           : \"Grade\",\r\n\t\t\t\t\t\theartRate       : \"Battito Cardiaco\",\r\n\t\t\t\t\t\tatemp           : \"Temperature\",\r\n\t\t\t\t\t\tcadence         : \"Cadenza\",\r\n\t\t\t\t\t\tgoFullScreen    : \"Go full screen\",\r\n\t\t\t\t\t\texitFullFcreen  : \"Exit full screen\",\r\n\t\t\t\t\t\thideImages      : \"Hide images\",\r\n\t\t\t\t\t\tshowImages      : \"Show images\",\r\n\t\t\t\t\t\tbackToCenter\t: \"Ritorna al centro della mappa\"\r\n\t\t\t\t\t}\r\n\t\t\t\t});\r\n\r\n\t\t\t});\r\n\r\n\t\t<\/script>\n<p>\ud83d\udfe2 Visita\u00a0<a href=\"https:\/\/lavia.cc\/gpx\/\">LAVIA.CC<\/a>\u00a0per altre tracce gpx e condividi le tue avventure con la nostra\u00a0<a href=\"https:\/\/www.instagram.com\/lavia.cc\/\" target=\"_blank\" rel=\"noopener\">community<\/a>! \ud83d\udeb4\u200d\u2642\ufe0f\ud83c\udf32\ud83c\udfde\ufe0f<\/p>\n","protected":false},"excerpt":{"rendered":"<p>Il<strong> Monte San Biagio<\/strong> (620m) \u00e8 un monte dell&#8217;Appennino lucano, interamente contenuto nel territorio del comune di <strong>Maratea<\/strong>, in provincia di <strong>Potenza<\/strong>. Il monte domina il paesaggio costiero di <strong>Maratea<\/strong>, che si estende quasi a picco sul <strong>mar Tirreno<\/strong>. Oggi il suo aspetto \u00e8 dominato dalla colossale statua del <strong>Redentore<\/strong>, che si trova sul suo sperone roccioso pi\u00f9 alto. La statua del Redentore o Cristo Redentore realizzata dall\u2019artista fiorentino <strong>Bruno Innocenti<\/strong> tra il 1963 e il 1965. \u00c8 alta <strong>21,13 m<\/strong> ed \u00e8 seconda come dimensioni solo al Cristo del Corcovado di Rio de Janeiro. Il belvedere ai piedi della statua \u00e8 il punto pi\u00f9 panoramico di tutto il territorio di Maratea con una eccezionale vista a 360\u00b0 del magico profilo della costa e delle montagne interne. Escursione adatta a tutti, tappa obbligata per chi passa da Maratea. Ma quanto \u00e8 bella la <strong>Basilicata<\/strong>??<\/p>\n<p>\ud83d\udfe2 Segui\u00a0<strong>LAVIA,<\/strong>\u00a0arriva alla\u00a0<strong>META<\/strong>!<\/p>\n","protected":false},"featured_media":2902,"comment_status":"open","ping_status":"closed","template":"","meta":[],"product_brand":[],"product_cat":[31],"product_tag":[294,543],"class_list":{"0":"post-2901","1":"product","2":"type-product","3":"status-publish","4":"has-post-thumbnail","6":"product_cat-escursionismo","7":"product_tag-basilicata","8":"product_tag-potenza","10":"first","11":"instock","12":"downloadable","13":"virtual","14":"product-type-simple"},"_links":{"self":[{"href":"https:\/\/lavia.cc\/gpx\/wp-json\/wp\/v2\/product\/2901","targetHints":{"allow":["GET"]}}],"collection":[{"href":"https:\/\/lavia.cc\/gpx\/wp-json\/wp\/v2\/product"}],"about":[{"href":"https:\/\/lavia.cc\/gpx\/wp-json\/wp\/v2\/types\/product"}],"replies":[{"embeddable":true,"href":"https:\/\/lavia.cc\/gpx\/wp-json\/wp\/v2\/comments?post=2901"}],"version-history":[{"count":8,"href":"https:\/\/lavia.cc\/gpx\/wp-json\/wp\/v2\/product\/2901\/revisions"}],"predecessor-version":[{"id":16879,"href":"https:\/\/lavia.cc\/gpx\/wp-json\/wp\/v2\/product\/2901\/revisions\/16879"}],"wp:featuredmedia":[{"embeddable":true,"href":"https:\/\/lavia.cc\/gpx\/wp-json\/wp\/v2\/media\/2902"}],"wp:attachment":[{"href":"https:\/\/lavia.cc\/gpx\/wp-json\/wp\/v2\/media?parent=2901"}],"wp:term":[{"taxonomy":"product_brand","embeddable":true,"href":"https:\/\/lavia.cc\/gpx\/wp-json\/wp\/v2\/product_brand?post=2901"},{"taxonomy":"product_cat","embeddable":true,"href":"https:\/\/lavia.cc\/gpx\/wp-json\/wp\/v2\/product_cat?post=2901"},{"taxonomy":"product_tag","embeddable":true,"href":"https:\/\/lavia.cc\/gpx\/wp-json\/wp\/v2\/product_tag?post=2901"}],"curies":[{"name":"wp","href":"https:\/\/api.w.org\/{rel}","templated":true}]}}