{"id":30121,"date":"2026-05-09T20:20:09","date_gmt":"2026-05-09T18:20:09","guid":{"rendered":"https:\/\/lavia.cc\/gpx\/?post_type=product&#038;p=30121"},"modified":"2026-05-09T20:22:13","modified_gmt":"2026-05-09T18:22:13","slug":"escursione-anello-delle-bandite-di-scarlino","status":"publish","type":"product","link":"https:\/\/lavia.cc\/gpx\/tracce\/escursione-anello-delle-bandite-di-scarlino\/","title":{"rendered":"Anello delle Bandite di Scarlino"},"content":{"rendered":"<h5>Anello delle Bandite di Scarlino<\/h5>\n<p>\u27a1\ufe0f Clicca qui per raggiungere il punto di partenza: <a href=\"https:\/\/www.google.com\/maps\/place\/42%C2%B051&#039;25.2%22N+10%C2%B047&#039;35.3%22E\/@42.857008,10.7905521,17z\/data=!3m1!4b1!4m4!3m3!8m2!3d42.857008!4d10.793127?authuser=0&amp;entry=ttu&amp;g_ep=EgoyMDI2MDUwNi4wIKXMDSoASAFQAw%3D%3D\" target=\"_blank\" rel=\"noopener\">GOOGLE MAPS<\/a> (Parcheggio di Val Martina, Scarlino, GR).<\/p>\n<p>\u26a0\ufe0f\ud83d\uddd3\ufe0f da Giugno a Settembre il parcheggio va prenotato e pagato sul sito dell&#8217;Ufficio Turistico del Comune di Scarlino.<\/p>\n<p>\u2757\ud83d\udc15 L&#8217;anello si pu\u00f2 fare anche con i cani, ma c&#8217;\u00e8 un&#8217;alta probabilit\u00e0 di incontrare vari animali selvatici come i cinghiali.<\/p>\n<p>\ud83d\udd5c Periodo consigliato: tutto l&#8217;anno.<\/p>\n<p>\ud83d\uddfa\ufe0f Mappa e altimetria dell&#8217;escursione &#8220;Anello delle <strong>Bandite di Scarlino<\/strong>&#8220;:<\/p>\n\r\n\t\t<div id=\"wpgpxmaps_30121_2948601\" class=\"wpgpxmaps\">\r\n\t\t\t<div id=\"map_30121_2948601_cont\" style=\"width:100%; height:450px;position:relative\" >\r\n\t\t\t\t<div id=\"map_30121_2948601\" style=\"width:100%; height:450px\"><\/div>\r\n\t\t\t\t<div id=\"wpgpxmaps_30121_2948601_osm_footer\" class=\"wpgpxmaps_osm_footer\" style=\"display:none;\"><span> &copy; <a href=\"http:\/\/www.openstreetmap.org\/copyright\" target=\"_blank\" rel=\"noopener\">OpenStreetMap<\/a> contributors<\/span><\/div>\r\n\t\t\t<\/div>\r\n\t\t\t<canvas id=\"myChart_30121_2948601\" class=\"plot\" style=\"width:100%; height:200px\"><\/canvas>\r\n\t\t\t<div id=\"ngimages_30121_2948601\" class=\"ngimages\" style=\"display:none\"><\/div>\r\n\t\t\t<div id=\"report_30121_2948601\" class=\"report\"><\/div>\r\n\t\t<\/div>\r\n\t\t\r\n\t\t<script type=\"text\/javascript\">\r\n\r\n\t\t\tjQuery(document).ready(function() {\r\n\r\n\t\t\t\tjQuery( \"#wpgpxmaps_30121_2948601\" ).wpgpxmaps( {\r\n\t\t\t\t\ttargetId           : \"30121_2948601\",\r\n\t\t\t\t\tmapType            : \"HYBRID\",\r\n\t\t\t\t\tmapData            : [[42.8570080,10.7931270],[42.8568640,10.7930170],[42.8568800,10.7927920],[42.8570900,10.7920460],[42.8571390,10.7918910],[42.8573760,10.7913760],[42.8574190,10.7912030],[42.8575070,10.7906730],[42.8575690,10.7901270],[42.8577760,10.7891080],[42.8581910,10.7863380],[42.8583120,10.7857270],[42.8584090,10.7854590],[42.8588740,10.7844530],[42.8591000,10.7837460],[42.8591240,10.7838820],[42.8594230,10.7841140],[42.8595980,10.7841400],[42.8597380,10.7839390],[42.8599230,10.7837460],[42.8601150,10.7837090],[42.8606480,10.7834830],[42.8609560,10.7832960],[42.8611360,10.7833420],[42.8612840,10.7833190],[42.8613800,10.7832790],[42.8612840,10.7833190],[42.8613000,10.7834910],[42.8612090,10.7836170],[42.8609980,10.7838420],[42.8608230,10.7841420],[42.8607790,10.7843580],[42.8608120,10.7848590],[42.8610700,10.7851450],[42.8613560,10.7852220],[42.8619770,10.7852560],[42.8622860,10.7853230],[42.8623240,10.7854940],[42.8622470,10.7856240],[42.8622620,10.7858010],[42.8619910,10.7866380],[42.8621010,10.7870880],[42.8620420,10.7871900],[42.8615310,10.7874480],[42.8613110,10.7876190],[42.8610160,10.7881560],[42.8609480,10.7884070],[42.8609550,10.7887230],[42.8613150,10.7891380],[42.8619050,10.7895640],[42.8621410,10.7896580],[42.8622980,10.7898880],[42.8623340,10.7903600],[42.8622620,10.7908110],[42.8622570,10.7911710],[42.8623440,10.7913490],[42.8629990,10.7923600],[42.8628200,10.7927260],[42.8626860,10.7929100],[42.8624650,10.7933300],[42.8622990,10.7940300],[42.8619720,10.7943880],[42.8619150,10.7945100],[42.8619050,10.7948310],[42.8620490,10.7950490],[42.8621690,10.7951420],[42.8622260,10.7953050],[42.8628880,10.7957840],[42.8630160,10.7957990],[42.8632900,10.7957380],[42.8636050,10.7954710],[42.8641050,10.7952850],[42.8642260,10.7953440],[42.8644450,10.7955450],[42.8645680,10.7955910],[42.8647680,10.7955810],[42.8650440,10.7954930],[42.8653530,10.7955200],[42.8655440,10.7954910],[42.8657400,10.7954340],[42.8658560,10.7953210],[42.8662510,10.7950920],[42.8663310,10.7950080],[42.8664210,10.7948190],[42.8665160,10.7942570],[42.8665360,10.7936840],[42.8664380,10.7933380],[42.8662850,10.7929850],[42.8663100,10.7927960],[42.8663990,10.7926390],[42.8665310,10.7922970],[42.8667190,10.7919320],[42.8667810,10.7916770],[42.8668690,10.7914830],[42.8669370,10.7910090],[42.8669250,10.7907830],[42.8668700,10.7906210],[42.8669860,10.7906160],[42.8670610,10.7906680],[42.8672490,10.7908330],[42.8675510,10.7909220],[42.8679210,10.7910860],[42.8680310,10.7911010],[42.8681180,10.7910700],[42.8681220,10.7913200],[42.8680500,10.7920090],[42.8681360,10.7925560],[42.8680450,10.7929750],[42.8680490,10.7931730],[42.8681180,10.7935040],[42.8680950,10.7940460],[42.8679860,10.7946610],[42.8678740,10.7949630],[42.8679000,10.7950750],[42.8681030,10.7951210],[42.8683090,10.7950700],[42.8684930,10.7950630],[42.8688460,10.7951380],[42.8693230,10.7951250],[42.8702290,10.7948100],[42.8703550,10.7948190],[42.8707240,10.7947420],[42.8708890,10.7946600],[42.8709860,10.7945380],[42.8711680,10.7941920],[42.8712460,10.7939520],[42.8713760,10.7933840],[42.8715630,10.7929390],[42.8716120,10.7927690],[42.8718120,10.7924270],[42.8720150,10.7919510],[42.8721000,10.7918540],[42.8722080,10.7917820],[42.8722720,10.7916870],[42.8723960,10.7916540],[42.8725070,10.7915360],[42.8727730,10.7912660],[42.8729440,10.7909540],[42.8730850,10.7907940],[42.8733330,10.7905740],[42.8737690,10.7902930],[42.8739790,10.7900900],[42.8741730,10.7899070],[42.8745470,10.7896830],[42.8746470,10.7896340],[42.8749330,10.7892780],[42.8751340,10.7890720],[42.8752350,10.7889960],[42.8753770,10.7887900],[42.8754800,10.7887850],[42.8757420,10.7888180],[42.8757150,10.7884570],[42.8757350,10.7881590],[42.8763560,10.7880200],[42.8764160,10.7879130],[42.8766650,10.7877110],[42.8768200,10.7874570],[42.8771590,10.7870850],[42.8773600,10.7869900],[42.8774900,10.7869200],[42.8777100,10.7868800],[42.8779600,10.7867900],[42.8782700,10.7866200],[42.8783540,10.7865280],[42.8786500,10.7863200],[42.8791200,10.7861300],[42.8793600,10.7860000],[42.8797560,10.7856330],[42.8799740,10.7855590],[42.8800900,10.7855700],[42.8803280,10.7854690],[42.8805660,10.7851000],[42.8808010,10.7848210],[42.8808360,10.7844550],[42.8806240,10.7842410],[42.8806080,10.7841140],[42.8815600,10.7829740],[42.8822910,10.7820900],[42.8825880,10.7817080],[42.8826220,10.7814410],[42.8825830,10.7812910],[42.8824710,10.7811440],[42.8822370,10.7809730],[42.8822280,10.7808500],[42.8821220,10.7808000],[42.8815860,10.7806780],[42.8814140,10.7805840],[42.8812140,10.7804340],[42.8809000,10.7801200],[42.8805480,10.7798460],[42.8801610,10.7794730],[42.8800340,10.7793740],[42.8797800,10.7787410],[42.8795190,10.7782060],[42.8793530,10.7780530],[42.8791810,10.7780510],[42.8788240,10.7781120],[42.8783930,10.7782950],[42.8782370,10.7783120],[42.8778860,10.7782300],[42.8777020,10.7781280],[42.8776210,10.7780210],[42.8775460,10.7778190],[42.8774750,10.7777040],[42.8772680,10.7775370],[42.8770010,10.7774360],[42.8764380,10.7774590],[42.8757480,10.7774970],[42.8753820,10.7776670],[42.8751740,10.7778080],[42.8749990,10.7778730],[42.8746800,10.7778500],[42.8745830,10.7778930],[42.8744280,10.7779020],[42.8744230,10.7777380],[42.8747300,10.7771920],[42.8748690,10.7769980],[42.8749890,10.7767380],[42.8750640,10.7764640],[42.8751640,10.7758050],[42.8752290,10.7755270],[42.8751800,10.7752340],[42.8750720,10.7751510],[42.8745700,10.7749070],[42.8743560,10.7747490],[42.8742030,10.7747250],[42.8737800,10.7748400],[42.8733300,10.7750100],[42.8730430,10.7749590],[42.8726720,10.7744250],[42.8725190,10.7743360],[42.8723450,10.7743030],[42.8716800,10.7746300],[42.8715800,10.7747890],[42.8714400,10.7749380],[42.8713200,10.7749350],[42.8712440,10.7747500],[42.8712700,10.7746310],[42.8713740,10.7743680],[42.8714820,10.7738560],[42.8717880,10.7730070],[42.8717920,10.7726320],[42.8714400,10.7722200],[42.8712300,10.7719400],[42.8709500,10.7717300],[42.8707450,10.7713450],[42.8704500,10.7710370],[42.8703400,10.7709730],[42.8702000,10.7709400],[42.8698500,10.7707400],[42.8690770,10.7699290],[42.8688280,10.7697610],[42.8686070,10.7696430],[42.8685070,10.7696670],[42.8683350,10.7703670],[42.8682630,10.7709810],[42.8682180,10.7711960],[42.8681570,10.7713580],[42.8679630,10.7717260],[42.8678070,10.7720250],[42.8676600,10.7722130],[42.8677380,10.7723540],[42.8676600,10.7722130],[42.8678070,10.7720250],[42.8677350,10.7718040],[42.8676270,10.7718530],[42.8677350,10.7718040],[42.8678070,10.7720250],[42.8676600,10.7722130],[42.8675600,10.7722530],[42.8672360,10.7722380],[42.8669100,10.7721470],[42.8666270,10.7720300],[42.8665380,10.7719940],[42.8665610,10.7720030],[42.8665610,10.7720030],[42.8665380,10.7719940],[42.8666230,10.7720290],[42.8665340,10.7719920],[42.8665550,10.7720010],[42.8665940,10.7720170],[42.8665050,10.7719800],[42.8663550,10.7720760],[42.8662300,10.7722200],[42.8659830,10.7724260],[42.8656990,10.7725360],[42.8653840,10.7725230],[42.8651670,10.7724140],[42.8648260,10.7720050],[42.8646960,10.7717850],[42.8644000,10.7716000],[42.8637600,10.7713900],[42.8632710,10.7711480],[42.8628200,10.7710000],[42.8626400,10.7708100],[42.8624320,10.7704520],[42.8622800,10.7702900],[42.8619100,10.7701000],[42.8611200,10.7694100],[42.8608000,10.7690900],[42.8606180,10.7689780],[42.8602420,10.7688520],[42.8601230,10.7688620],[42.8599360,10.7689860],[42.8598290,10.7691400],[42.8596000,10.7697300],[42.8594700,10.7701400],[42.8594300,10.7705300],[42.8594360,10.7712890],[42.8594900,10.7717100],[42.8596200,10.7721400],[42.8597000,10.7723300],[42.8598620,10.7725660],[42.8598860,10.7727380],[42.8598450,10.7728800],[42.8596840,10.7730190],[42.8593430,10.7732790],[42.8589840,10.7735880],[42.8589100,10.7736800],[42.8587800,10.7737700],[42.8580300,10.7743000],[42.8576900,10.7746500],[42.8575100,10.7749060],[42.8571700,10.7748200],[42.8567600,10.7748400],[42.8565080,10.7749160],[42.8561400,10.7749700],[42.8560400,10.7750100],[42.8557600,10.7752500],[42.8555200,10.7753600],[42.8553900,10.7753800],[42.8551300,10.7753100],[42.8550100,10.7752700],[42.8545800,10.7749500],[42.8544460,10.7748670],[42.8540400,10.7748000],[42.8538300,10.7748600],[42.8535700,10.7748800],[42.8533500,10.7747800],[42.8531200,10.7745000],[42.8526520,10.7740450],[42.8524600,10.7737480],[42.8520700,10.7733000],[42.8519060,10.7732100],[42.8517520,10.7732420],[42.8516420,10.7733500],[42.8514400,10.7736400],[42.8511400,10.7738800],[42.8508600,10.7741500],[42.8504600,10.7744600],[42.8503900,10.7745600],[42.8501600,10.7749900],[42.8500500,10.7752300],[42.8500000,10.7754000],[42.8500000,10.7756660],[42.8500480,10.7758640],[42.8500920,10.7759720],[42.8503860,10.7765130],[42.8504520,10.7767460],[42.8502660,10.7770970],[42.8502030,10.7772490],[42.8502240,10.7776580],[42.8503300,10.7780200],[42.8503460,10.7781720],[42.8503280,10.7782980],[42.8501980,10.7785360],[42.8501200,10.7788390],[42.8499960,10.7799890],[42.8499850,10.7802630],[42.8499140,10.7804470],[42.8497500,10.7805700],[42.8494300,10.7807000],[42.8491870,10.7807740],[42.8489330,10.7807540],[42.8486800,10.7806800],[42.8481600,10.7805100],[42.8479940,10.7804250],[42.8478870,10.7804780],[42.8482000,10.7812400],[42.8490470,10.7828520],[42.8496930,10.7829240],[42.8498120,10.7830040],[42.8499710,10.7831870],[42.8500590,10.7834970],[42.8501920,10.7837230],[42.8502690,10.7838640],[42.8506280,10.7839840],[42.8506950,10.7843640],[42.8507530,10.7846170],[42.8508520,10.7852980],[42.8510590,10.7858660],[42.8510760,10.7860700],[42.8511480,10.7863320],[42.8512730,10.7871620],[42.8512810,10.7873080],[42.8513580,10.7875810],[42.8514590,10.7879690],[42.8510390,10.7881080],[42.8507800,10.7883080],[42.8506960,10.7884560],[42.8506990,10.7886280],[42.8503650,10.7887780],[42.8502930,10.7889200],[42.8501900,10.7889630],[42.8500540,10.7894490],[42.8500320,10.7896120],[42.8501230,10.7907920],[42.8501770,10.7912080],[42.8503140,10.7918530],[42.8503840,10.7922220],[42.8502980,10.7928710],[42.8501620,10.7931470],[42.8500700,10.7936420],[42.8500860,10.7937940],[42.8500100,10.7939590],[42.8498660,10.7949890],[42.8499650,10.7955630],[42.8500430,10.7957220],[42.8502630,10.7957110],[42.8508010,10.7960950],[42.8510400,10.7962170],[42.8512610,10.7964270],[42.8514610,10.7967250],[42.8515160,10.7968240],[42.8515820,10.7971010],[42.8516990,10.7973990],[42.8519410,10.7977340],[42.8522790,10.7980490],[42.8527680,10.7983400],[42.8528720,10.7983490],[42.8532290,10.7983210],[42.8534280,10.7981740],[42.8538500,10.7977400],[42.8543090,10.7972470],[42.8545800,10.7968800],[42.8548800,10.7963600],[42.8550940,10.7960970],[42.8555730,10.7959180],[42.8559020,10.7958400],[42.8564170,10.7956600],[42.8565210,10.7956250],[42.8566690,10.7950930],[42.8567080,10.7947100],[42.8567190,10.7944930],[42.8566830,10.7941600],[42.8566870,10.7940090],[42.8568570,10.7932980],[42.8568640,10.7930170],[42.8570080,10.7931270]],\r\n\t\t\t\t\tgraphDist          : [0.00,0.02,0.04,0.10,0.12,0.17,0.18,0.22,0.27,0.36,0.59,0.64,0.66,0.76,0.82,0.83,0.87,0.89,0.92,0.94,0.96,1.03,1.06,1.08,1.10,1.11,1.12,1.14,1.15,1.18,1.21,1.23,1.27,1.31,1.34,1.41,1.45,1.46,1.48,1.49,1.57,1.60,1.62,1.68,1.70,1.76,1.78,1.81,1.86,1.93,1.96,1.99,2.02,2.06,2.09,2.11,2.22,2.25,2.28,2.32,2.38,2.43,2.44,2.46,2.49,2.50,2.52,2.60,2.62,2.65,2.69,2.75,2.76,2.79,2.81,2.83,2.86,2.90,2.92,2.94,2.95,3.00,3.01,3.03,3.08,3.13,3.16,3.19,3.21,3.22,3.25,3.29,3.31,3.33,3.37,3.39,3.40,3.42,3.43,3.46,3.49,3.53,3.55,3.56,3.58,3.64,3.68,3.72,3.73,3.76,3.81,3.86,3.89,3.90,3.92,3.94,3.96,4.00,4.06,4.16,4.17,4.22,4.24,4.25,4.28,4.31,4.35,4.40,4.41,4.45,4.49,4.50,4.52,4.53,4.54,4.56,4.59,4.63,4.65,4.68,4.73,4.76,4.79,4.83,4.85,4.89,4.92,4.93,4.95,4.96,4.99,5.02,5.05,5.12,5.13,5.16,5.19,5.24,5.26,5.28,5.30,5.33,5.37,5.38,5.42,5.47,5.50,5.55,5.58,5.59,5.62,5.66,5.69,5.72,5.75,5.77,5.91,6.02,6.06,6.08,6.10,6.11,6.14,6.16,6.17,6.23,6.25,6.27,6.32,6.36,6.42,6.43,6.49,6.54,6.57,6.59,6.63,6.68,6.69,6.73,6.75,6.77,6.79,6.80,6.82,6.86,6.92,6.99,7.04,7.06,7.08,7.12,7.13,7.15,7.16,7.22,7.24,7.27,7.29,7.35,7.37,7.39,7.41,7.47,7.49,7.51,7.56,7.61,7.64,7.70,7.72,7.74,7.82,7.84,7.86,7.87,7.89,7.90,7.92,7.97,8.04,8.07,8.13,8.16,8.19,8.23,8.27,8.29,8.30,8.35,8.45,8.49,8.51,8.52,8.58,8.63,8.65,8.67,8.70,8.73,8.76,8.77,8.79,8.81,8.83,8.84,8.86,8.87,8.90,8.91,8.94,8.98,9.01,9.03,9.04,9.05,9.06,9.07,9.08,9.09,9.10,9.11,9.13,9.15,9.18,9.21,9.25,9.27,9.32,9.35,9.38,9.46,9.51,9.57,9.59,9.63,9.65,9.69,9.80,9.84,9.86,9.91,9.92,9.94,9.96,10.02,10.05,10.08,10.15,10.18,10.22,10.24,10.26,10.28,10.29,10.31,10.35,10.40,10.41,10.43,10.52,10.57,10.60,10.64,10.68,10.71,10.75,10.77,10.80,10.83,10.84,10.87,10.89,10.94,10.96,11.00,11.03,11.06,11.08,11.12,11.18,11.21,11.27,11.29,11.31,11.32,11.35,11.39,11.43,11.48,11.49,11.54,11.56,11.58,11.60,11.61,11.62,11.68,11.70,11.74,11.75,11.78,11.82,11.83,11.84,11.86,11.89,11.99,12.01,12.02,12.05,12.08,12.11,12.14,12.17,12.23,12.25,12.26,12.33,12.49,12.57,12.58,12.61,12.63,12.66,12.67,12.71,12.74,12.77,12.82,12.87,12.89,12.91,12.98,12.99,13.02,13.05,13.10,13.13,13.15,13.16,13.20,13.22,13.23,13.27,13.29,13.38,13.42,13.47,13.50,13.56,13.58,13.62,13.64,13.65,13.74,13.79,13.80,13.83,13.90,13.93,13.96,13.99,14.00,14.02,14.05,14.09,14.13,14.19,14.20,14.24,14.27,14.33,14.39,14.44,14.49,14.52,14.58,14.61,14.67,14.68,14.73,14.76,14.78,14.81,14.82,14.88,14.90,14.92],\r\n\t\t\t\t\tgraphEle           : [43.40,43.40,43.40,43.50,44.21,46.78,47.55,49.84,52.17,57.57,72.73,75.87,77.36,81.70,83.86,84.25,85.59,86.26,87.48,89.18,90.60,94.67,97.13,98.47,99.55,99.64,99.60,99.55,99.49,99.38,99.27,99.20,99.04,99.12,99.82,101.30,102.04,102.41,102.70,103.01,101.08,99.78,99.43,97.41,96.56,96.74,96.81,96.89,97.06,96.81,96.47,96.15,95.66,95.19,94.83,94.15,85.95,83.28,81.70,78.24,72.61,68.16,67.05,64.59,62.35,60.94,59.97,54.28,53.34,51.30,48.58,46.94,46.67,46.12,45.85,45.43,44.84,44.19,44.71,45.83,46.62,49.01,49.58,50.50,52.85,55.51,57.44,59.58,60.60,61.64,63.66,65.99,66.98,67.23,67.75,67.99,68.19,68.42,68.56,68.89,69.35,68.01,67.30,66.78,65.57,62.65,60.30,58.43,57.56,56.05,53.66,50.88,49.40,48.85,48.60,48.82,49.02,49.40,49.91,52.67,53.25,54.95,55.75,56.35,57.77,58.64,60.56,62.22,62.81,64.22,66.00,66.49,67.18,67.72,68.45,69.26,71.16,72.80,73.85,75.55,77.66,78.48,79.25,80.56,80.90,82.14,82.64,82.69,82.78,82.83,82.94,83.07,83.17,83.35,83.32,83.24,83.17,83.05,82.99,82.95,82.88,81.08,78.51,77.68,75.11,71.33,69.34,63.86,61.21,59.83,56.89,52.63,48.95,45.65,42.34,41.11,25.38,17.37,14.02,12.35,11.39,10.89,11.86,12.24,12.65,14.63,15.31,16.14,17.65,19.50,21.67,22.34,24.76,24.71,24.25,23.86,23.04,22.02,21.66,21.53,21.67,21.76,21.88,21.96,22.14,22.35,23.41,28.73,31.72,33.51,34.90,36.45,36.34,36.17,36.02,35.46,35.24,35.00,34.76,33.77,33.24,32.70,32.40,31.09,30.50,30.27,31.69,33.24,34.19,35.98,36.62,37.32,40.14,40.76,41.47,41.94,42.60,42.96,42.99,42.01,40.28,39.60,38.20,37.06,35.83,34.48,33.04,32.58,32.03,29.12,21.22,18.97,17.27,17.14,16.49,15.94,15.74,15.58,15.18,14.72,14.37,14.14,13.91,13.55,13.24,13.02,12.80,12.49,12.13,11.95,11.96,11.98,11.99,11.99,12.00,12.00,12.00,12.01,12.01,12.01,12.02,12.12,12.95,13.78,15.23,16.71,18.29,19.44,21.65,22.59,24.07,27.06,29.20,29.20,29.21,29.21,29.21,29.22,23.10,20.07,18.55,15.60,15.11,14.35,13.78,11.99,10.79,9.73,8.61,8.32,8.01,7.86,7.64,7.52,7.42,7.24,6.74,6.20,6.08,5.89,5.23,6.05,6.55,7.22,8.01,8.52,9.40,9.65,10.43,11.04,11.35,11.98,12.27,14.61,15.54,18.13,19.48,21.13,22.59,24.10,24.18,24.22,24.29,24.32,24.34,24.17,23.75,23.24,22.74,22.07,21.93,23.41,24.79,25.68,26.99,28.01,28.61,31.90,33.11,36.48,37.98,41.53,44.88,46.20,47.30,49.85,52.61,58.92,60.17,61.13,62.29,64.37,65.92,64.66,63.32,60.54,59.62,59.03,55.65,48.46,47.75,47.77,47.78,47.80,47.82,47.83,47.85,47.41,47.11,46.33,45.62,45.39,45.05,43.60,43.34,42.84,42.14,41.13,40.36,39.98,39.64,38.64,38.30,38.00,36.97,36.64,35.25,34.88,34.29,33.96,33.70,33.59,33.43,33.39,33.33,32.86,32.44,32.29,32.07,31.48,30.85,29.80,28.64,28.28,27.45,26.48,25.13,24.67,25.68,25.88,26.55,26.98,28.27,30.55,32.03,33.92,34.69,34.72,34.73,34.76,34.77,34.78,34.78,34.78,34.78,34.78,34.78,34.78,34.78],\r\n\t\t\t\t\tgraphSpeed         : [],\r\n\t\t\t\t\tgraphHr            : [],\r\n\t\t\t\t\tgraphAtemp         : [],\r\n\t\t\t\t\tgraphCad           : [],\r\n\t\t\t\t\tgraphGrade         : [],\r\n\t\t\t\t\twaypoints          : [],\r\n\t\t\t\t\tunit               : \"2\",\r\n\t\t\t\t\tunitspeed          : \"0\",\r\n\t\t\t\t\tcolor1             : [\"#3366cc\"],\r\n\t\t\t\t\tcolor2             : \"#3366cc\",\r\n\t\t\t\t\tcolor3             : \"#ff0000\",\r\n\t\t\t\t\tcolor4             : \"#ff77bd\",\r\n\t\t\t\t\tcolor5             : \"#beecff\",\r\n\t\t\t\t\tcolor6             : \"#beecff\",\r\n\t\t\t\t\tcolor7             : \"#ff77bd\",\r\n\t\t\t\t\tchartFrom1         : \"\",\r\n\t\t\t\t\tchartTo1           : \"\",\r\n\t\t\t\t\tchartFrom2         : \"\",\r\n\t\t\t\t\tchartTo2           : \"\",\r\n\t\t\t\t\tstartIcon          : \"\",\r\n\t\t\t\t\tendIcon            : \"\",\r\n\t\t\t\t\tcurrentIcon        : \"\",\r\n\t\t\t\t\twaypointIcon       : \"https:\/\/lavia.cc\/gpx\/wp-content\/uploads\/gpx\/cropped-icona.ico\",\r\n\t\t\t\t\tcurrentpositioncon : \"\",\r\n\t\t\t\t\tusegpsposition     : \"\",\r\n\t\t\t\t\tzoomOnScrollWheel  : \"\",\r\n\t\t\t\t\tngGalleries        : [],\r\n\t\t\t\t\tngImages           : [],\r\n\t\t\t\t\tpluginUrl          : \"https:\/\/lavia.cc\/gpx\/wp-content\/plugins\",\r\n\t\t\t\t\tTFApiKey           : \"\",\r\n\t\t\t\t\tMapBoxApiKey           : \"\",\r\n\t\t\t\t\tlangs              : {\r\n\t\t\t\t\t\taltitude        : \"Altitudine\",\r\n\t\t\t\t\t\tcurrentPosition : \"Current position\",\r\n\t\t\t\t\t\tspeed           : \"Velocit\u00e0\",\r\n\t\t\t\t\t\tgrade           : \"Grade\",\r\n\t\t\t\t\t\theartRate       : \"Battito Cardiaco\",\r\n\t\t\t\t\t\tatemp           : \"Temperature\",\r\n\t\t\t\t\t\tcadence         : \"Cadenza\",\r\n\t\t\t\t\t\tgoFullScreen    : \"Go full screen\",\r\n\t\t\t\t\t\texitFullFcreen  : \"Exit full screen\",\r\n\t\t\t\t\t\thideImages      : \"Hide images\",\r\n\t\t\t\t\t\tshowImages      : \"Show images\",\r\n\t\t\t\t\t\tbackToCenter\t: \"Ritorna al centro della mappa\"\r\n\t\t\t\t\t}\r\n\t\t\t\t});\r\n\r\n\t\t\t});\r\n\r\n\t\t<\/script>\n<p>\ud83d\udfe2 Visita\u00a0<a href=\"https:\/\/lavia.cc\/gpx\/\">LAVIA.CC<\/a>\u00a0per altre tracce gpx e condividi le tue avventure con la nostra\u00a0<a href=\"https:\/\/www.instagram.com\/lavia.cc\/\" target=\"_blank\" rel=\"noopener\">community<\/a>! \ud83d\udeb4\u200d\u2642\ufe0f\ud83c\udf32\ud83c\udfde\ufe0f<\/p>\n","protected":false},"excerpt":{"rendered":"<p><strong>\ud83d\udccd TRACCIA CARICATA DA:\u00a0<a href=\"https:\/\/lavia.cc\/gpx\/maremma-green-passion\/\" target=\"_blank\" rel=\"noopener\">MAREMMA GREEN PASSION<\/a><\/strong><\/p>\n<p>La partenza \u00e8 al Parcheggio di Val Martina dove si imbocca il sentiero 2A seguendo le indicazioni per Cala Violina, per poi girare a destra sul sentiero 3 che ci far\u00e0 addentrare nella trama intricata della macchia mediterranea. Girando nuovamente a destra sul sentiero 4, ci troveremo contrapposti all\u2019area di sosta, attraversando il bosco selvaggio su sentieri poco battuti. Al bivio proseguiamo quindi a diritto sul sentiero 9 in direzione di Portiglioni, dove all\u2019uscita della macchia si pu\u00f2 ammirare uno scorcio\u00a0 sul porto turistico della Marina di Scarlino che si trova in localit\u00e0 Puntone e su Follonica. Qui si svolta a sinistra verso Cala Felice e, superata Terra Rossa, si recupera il sentiero 1 Antica Strada vicinale della Dogana detta dei Cavalleggeri, che ci porta in un viaggio lungo la costa che si articola in calette di indescrivibile bellezza! La prima che si incontra e nella quale ci soffermeremo \u00e8 Cala Martina, che raggiungiamo dopo aver ammirato il monumento a Giuseppe Garibaldi che si innalza subito sopra. Cala Martina \u00e8 libera all\u2019accesso dei cani e quindi ci fermiamo qui per una pausa pranzo e di relax. La baia ha fondali principalmente sassosi e un grazioso affaccio sul Golfo di Follonica. Proseguiamo quindi sul sentiero 1 ampio e spazioso che offre numerosi affacci sulla costa rocciosa e sulle isole dell\u2019Arcipelago Toscano. La seconda caletta che incontriamo \u00e8 la rinomata Cala Violina, celebre per le sue acque cristalline e i granelli di quarzo che suonano al passaggio, una delle perle della Maremma che vale assolutamente la pena visitare! Oltrepassata anche questa tappa, si giunge al termine della \u201cpasseggiata lungomare\u201d incontrando la graziosa Cala Civette, una piccola baia che si sviluppa sotto l\u2019omonima torre cinquecentesca. Qui rientreremo verso l\u2019interno proseguendo sul sentiero 1 che ritorna al parcheggio.<\/p>\n<p>\ud83c\udf89 W LA MAREMMA WILD!<\/p>\n<p>\ud83d\udfe2 Segui\u00a0<strong>LAVIA,<\/strong>\u00a0arriva alla\u00a0<strong>META<\/strong>!<\/p>\n","protected":false},"featured_media":30126,"comment_status":"open","ping_status":"closed","template":"","meta":[],"product_brand":[],"product_cat":[31],"product_tag":[880,1221,126],"class_list":{"0":"post-30121","1":"product","2":"type-product","3":"status-publish","4":"has-post-thumbnail","6":"product_cat-escursionismo","7":"product_tag-grosseto","8":"product_tag-scarlino","9":"product_tag-toscana","11":"first","12":"instock","13":"downloadable","14":"virtual","15":"product-type-simple"},"_links":{"self":[{"href":"https:\/\/lavia.cc\/gpx\/wp-json\/wp\/v2\/product\/30121","targetHints":{"allow":["GET"]}}],"collection":[{"href":"https:\/\/lavia.cc\/gpx\/wp-json\/wp\/v2\/product"}],"about":[{"href":"https:\/\/lavia.cc\/gpx\/wp-json\/wp\/v2\/types\/product"}],"replies":[{"embeddable":true,"href":"https:\/\/lavia.cc\/gpx\/wp-json\/wp\/v2\/comments?post=30121"}],"version-history":[{"count":2,"href":"https:\/\/lavia.cc\/gpx\/wp-json\/wp\/v2\/product\/30121\/revisions"}],"predecessor-version":[{"id":30127,"href":"https:\/\/lavia.cc\/gpx\/wp-json\/wp\/v2\/product\/30121\/revisions\/30127"}],"wp:featuredmedia":[{"embeddable":true,"href":"https:\/\/lavia.cc\/gpx\/wp-json\/wp\/v2\/media\/30126"}],"wp:attachment":[{"href":"https:\/\/lavia.cc\/gpx\/wp-json\/wp\/v2\/media?parent=30121"}],"wp:term":[{"taxonomy":"product_brand","embeddable":true,"href":"https:\/\/lavia.cc\/gpx\/wp-json\/wp\/v2\/product_brand?post=30121"},{"taxonomy":"product_cat","embeddable":true,"href":"https:\/\/lavia.cc\/gpx\/wp-json\/wp\/v2\/product_cat?post=30121"},{"taxonomy":"product_tag","embeddable":true,"href":"https:\/\/lavia.cc\/gpx\/wp-json\/wp\/v2\/product_tag?post=30121"}],"curies":[{"name":"wp","href":"https:\/\/api.w.org\/{rel}","templated":true}]}}