{"id":3043,"date":"2022-10-27T15:30:13","date_gmt":"2022-10-27T13:30:13","guid":{"rendered":"https:\/\/lavia.cc\/gpx\/?post_type=product&#038;p=3043"},"modified":"2023-07-04T20:54:27","modified_gmt":"2023-07-04T18:54:27","slug":"monte-cammarata","status":"publish","type":"product","link":"https:\/\/lavia.cc\/gpx\/tracce\/monte-cammarata\/","title":{"rendered":"Monte Cammarata"},"content":{"rendered":"<h4>Monte Cammarata<\/h4>\n<p>Mappa dell&#8217; <a href=\"https:\/\/lavia.cc\/gpx\/categoria-tracce\/escursionismo\/\">escursione.<\/a><\/p>\n<p>Vai al punto di partenza: <a title=\"Parcheggio Passo delle Sette Crocette\" href=\"https:\/\/www.google.it\/maps\/place\/Belvedere+Cammarata\/@37.6380942,13.6209913,17z\/data=!4m13!1m7!3m6!1s0x0:0x6d7ac1b59c505823!2zMzfCsDM4JzE3LjEiTiAxM8KwMzcnMjMuNSJF!3b1!8m2!3d37.63809!4d13.62318!3m4!1s0x1310a690204931d7:0xb12faa8d01f02fc5!8m2!3d37.6386209!4d13.6232527\" target=\"_blank\" rel=\"noopener\">GOOGLE MAPS<\/a><\/p>\n\r\n\t\t<div id=\"wpgpxmaps_3043_828824\" class=\"wpgpxmaps\">\r\n\t\t\t<div id=\"map_3043_828824_cont\" style=\"width:100%; height:450px;position:relative\" >\r\n\t\t\t\t<div id=\"map_3043_828824\" style=\"width:100%; height:450px\"><\/div>\r\n\t\t\t\t<div id=\"wpgpxmaps_3043_828824_osm_footer\" class=\"wpgpxmaps_osm_footer\" style=\"display:none;\"><span> &copy; <a href=\"http:\/\/www.openstreetmap.org\/copyright\" target=\"_blank\" rel=\"noopener\">OpenStreetMap<\/a> contributors<\/span><\/div>\r\n\t\t\t<\/div>\r\n\t\t\t<canvas id=\"myChart_3043_828824\" class=\"plot\" style=\"width:100%; height:200px\"><\/canvas>\r\n\t\t\t<div id=\"ngimages_3043_828824\" class=\"ngimages\" style=\"display:none\"><\/div>\r\n\t\t\t<div id=\"report_3043_828824\" class=\"report\"><\/div>\r\n\t\t<\/div>\r\n\t\t\r\n\t\t<script type=\"text\/javascript\">\r\n\r\n\t\t\tjQuery(document).ready(function() {\r\n\r\n\t\t\t\tjQuery( \"#wpgpxmaps_3043_828824\" ).wpgpxmaps( {\r\n\t\t\t\t\ttargetId           : \"3043_828824\",\r\n\t\t\t\t\tmapType            : \"HYBRID\",\r\n\t\t\t\t\tmapData            : [[37.6382580,13.6231350],[37.6380930,13.6231830],[37.6378390,13.6232570],[37.6377580,13.6231660],[37.6376750,13.6231120],[37.6376120,13.6230230],[37.6375630,13.6229200],[37.6375030,13.6228350],[37.6375400,13.6227270],[37.6376330,13.6227070],[37.6377170,13.6226430],[37.6376600,13.6225380],[37.6375720,13.6224970],[37.6375330,13.6223830],[37.6374450,13.6223280],[37.6373520,13.6222850],[37.6372630,13.6222530],[37.6373450,13.6221980],[37.6373400,13.6220820],[37.6372830,13.6219730],[37.6371920,13.6218770],[37.6373190,13.6217160],[37.6372030,13.6215020],[37.6373110,13.6214240],[37.6373720,13.6211820],[37.6373910,13.6205790],[37.6372790,13.6197800],[37.6372220,13.6196290],[37.6370810,13.6194900],[37.6368920,13.6194070],[37.6370240,13.6199670],[37.6369500,13.6202840],[37.6368220,13.6204050],[37.6365950,13.6202810],[37.6366010,13.6201530],[37.6363890,13.6201980],[37.6363360,13.6200520],[37.6357210,13.6203910],[37.6356410,13.6206070],[37.6353940,13.6209530],[37.6350630,13.6211700],[37.6348160,13.6212820],[37.6343800,13.6212210],[37.6341180,13.6212940],[37.6339250,13.6213650],[37.6338480,13.6214510],[37.6337950,13.6213380],[37.6339270,13.6210780],[37.6337210,13.6211420],[37.6328350,13.6221720],[37.6328520,13.6223280],[37.6327770,13.6224020],[37.6327100,13.6224800],[37.6326430,13.6225600],[37.6325420,13.6226000],[37.6325620,13.6224880],[37.6325830,13.6223680],[37.6325020,13.6223200],[37.6325370,13.6222030],[37.6326080,13.6221220],[37.6326520,13.6219980],[37.6327050,13.6219020],[37.6326570,13.6218030],[37.6325630,13.6218300],[37.6324770,13.6218650],[37.6323950,13.6219480],[37.6323320,13.6220600],[37.6323280,13.6219470],[37.6323630,13.6218380],[37.6323950,13.6217220],[37.6324550,13.6216350],[37.6323720,13.6215630],[37.6322800,13.6215450],[37.6322780,13.6214320],[37.6323200,13.6213300],[37.6323820,13.6212350],[37.6323820,13.6211130],[37.6323150,13.6210230],[37.6322220,13.6210130],[37.6321280,13.6210650],[37.6321530,13.6209520],[37.6320650,13.6209100],[37.6316980,13.6213890],[37.6315820,13.6214860],[37.6315300,13.6216070],[37.6314480,13.6215480],[37.6315420,13.6214650],[37.6315500,13.6213420],[37.6314980,13.6212470],[37.6314150,13.6212950],[37.6313270,13.6213270],[37.6312420,13.6212800],[37.6312800,13.6211600],[37.6311830,13.6211280],[37.6310880,13.6210920],[37.6309970,13.6210380],[37.6308880,13.6210120],[37.6307950,13.6209820],[37.6307000,13.6209380],[37.6306000,13.6209320],[37.6305730,13.6208230],[37.6306650,13.6208600],[37.6307570,13.6208330],[37.6306730,13.6207650],[37.6305850,13.6207080],[37.6304880,13.6207020],[37.6305340,13.6205630],[37.6310150,13.6204720],[37.6302800,13.6201580],[37.6308890,13.6199970],[37.6297100,13.6195970],[37.6293390,13.6192110],[37.6287360,13.6187120],[37.6284050,13.6185190],[37.6280530,13.6184280],[37.6278060,13.6184260],[37.6276870,13.6179420],[37.6275430,13.6178170],[37.6275150,13.6176900],[37.6271990,13.6174280],[37.6267840,13.6171520],[37.6267310,13.6173760],[37.6266290,13.6174720],[37.6264630,13.6175850],[37.6264100,13.6176780],[37.6264750,13.6175830],[37.6265050,13.6174630],[37.6265000,13.6173420],[37.6264480,13.6172470],[37.6263520,13.6172700],[37.6262700,13.6173500],[37.6262970,13.6172300],[37.6262720,13.6171120],[37.6261780,13.6171300],[37.6260920,13.6171720],[37.6260030,13.6172580],[37.6260480,13.6171570],[37.6260530,13.6170120],[37.6260170,13.6169020],[37.6258510,13.6170270],[37.6257560,13.6170330],[37.6257450,13.6164930],[37.6256470,13.6160240],[37.6253540,13.6162830],[37.6254220,13.6159860],[37.6254180,13.6156590],[37.6251030,13.6157020],[37.6249290,13.6158150],[37.6245940,13.6157720],[37.6243220,13.6158630],[37.6241570,13.6158220],[37.6241560,13.6156750],[37.6238240,13.6158360],[37.6238130,13.6156710],[37.6239430,13.6154180],[37.6240260,13.6152950],[37.6235230,13.6155570],[37.6232010,13.6157240],[37.6224920,13.6157350],[37.6222180,13.6158530],[37.6221090,13.6158280],[37.6219690,13.6158160],[37.6220610,13.6156810],[37.6220910,13.6155040],[37.6220230,13.6154290],[37.6218800,13.6154020],[37.6217340,13.6154180],[37.6209330,13.6157990],[37.6205250,13.6159010],[37.6200560,13.6161530],[37.6195650,13.6158920],[37.6191410,13.6159310],[37.6190150,13.6157830],[37.6192990,13.6155200],[37.6194950,13.6152520],[37.6197570,13.6153210],[37.6200430,13.6151280],[37.6204640,13.6151390],[37.6206210,13.6150850],[37.6207960,13.6148230],[37.6209790,13.6146780],[37.6213180,13.6145220],[37.6214070,13.6143720],[37.6213400,13.6142810],[37.6208930,13.6140500],[37.6204480,13.6141100],[37.6202470,13.6142590],[37.6197120,13.6142380],[37.6192480,13.6138250],[37.6188020,13.6137340],[37.6186920,13.6136530],[37.6181650,13.6137440],[37.6171920,13.6134760],[37.6170010,13.6134010],[37.6168430,13.6132290],[37.6176250,13.6130200],[37.6179140,13.6128810],[37.6182330,13.6129130],[37.6183920,13.6128010],[37.6186080,13.6124730],[37.6188960,13.6123760],[37.6197200,13.6123170],[37.6202850,13.6121620],[37.6204810,13.6121560],[37.6206590,13.6122320],[37.6210200,13.6120970],[37.6204340,13.6118180],[37.6201250,13.6117920],[37.6196740,13.6115070],[37.6195630,13.6114970],[37.6194720,13.6114680],[37.6195620,13.6114850],[37.6196550,13.6115120],[37.6197550,13.6115580],[37.6198570,13.6115580],[37.6199470,13.6115250],[37.6200000,13.6114180],[37.6199170,13.6113680],[37.6198430,13.6112930],[37.6197550,13.6112470],[37.6198470,13.6111850],[37.6199120,13.6110920],[37.6199770,13.6110100],[37.6201830,13.6106970],[37.6204380,13.6106490],[37.6205630,13.6105100],[37.6205810,13.6102410],[37.6204400,13.6102940],[37.6195170,13.6099680],[37.6192680,13.6098380],[37.6188990,13.6095310],[37.6190950,13.6094570],[37.6192300,13.6094120],[37.6196340,13.6092780],[37.6199400,13.6090750],[37.6200130,13.6085340],[37.6199190,13.6085290],[37.6198520,13.6088150],[37.6196140,13.6087780],[37.6192860,13.6087720],[37.6191620,13.6087170],[37.6188120,13.6082570],[37.6187400,13.6081820],[37.6186470,13.6081250],[37.6185600,13.6080820],[37.6184800,13.6080050],[37.6184200,13.6079150],[37.6184880,13.6078220],[37.6185550,13.6077420],[37.6187420,13.6079830],[37.6186320,13.6078800],[37.6185370,13.6078450],[37.6184720,13.6079380],[37.6184670,13.6080530],[37.6188110,13.6082550],[37.6191620,13.6087170],[37.6192860,13.6087720],[37.6196140,13.6087780],[37.6198520,13.6088150],[37.6199190,13.6085290],[37.6200130,13.6085340],[37.6200690,13.6084380],[37.6201880,13.6086180],[37.6203120,13.6086810],[37.6205320,13.6086270],[37.6205970,13.6087720],[37.6206100,13.6090720],[37.6206970,13.6093830],[37.6209990,13.6097320],[37.6210710,13.6099190],[37.6207820,13.6100160],[37.6206550,13.6101020],[37.6205810,13.6102410],[37.6207480,13.6102750],[37.6208480,13.6103150],[37.6209380,13.6103580],[37.6210120,13.6104420],[37.6209330,13.6104980],[37.6208350,13.6105080],[37.6207530,13.6105600],[37.6206930,13.6106630],[37.6207900,13.6106970],[37.6208820,13.6107220],[37.6209680,13.6107670],[37.6210670,13.6108020],[37.6211550,13.6108370],[37.6212470,13.6108470],[37.6213380,13.6108600],[37.6214370,13.6108450],[37.6215180,13.6108970],[37.6214370,13.6109700],[37.6213420,13.6110030],[37.6212400,13.6110430],[37.6211470,13.6110720],[37.6207500,13.6114050],[37.6202940,13.6114430],[37.6201330,13.6114090],[37.6201230,13.6115160],[37.6204290,13.6115850],[37.6208930,13.6117840],[37.6214210,13.6117040],[37.6220310,13.6119350],[37.6221640,13.6118480],[37.6223100,13.6114610],[37.6227870,13.6105130],[37.6228840,13.6102090],[37.6229750,13.6097260],[37.6229790,13.6091680],[37.6230360,13.6089240],[37.6232990,13.6082580],[37.6233990,13.6081550],[37.6238110,13.6080620],[37.6246090,13.6081770],[37.6247140,13.6081550],[37.6248660,13.6079740],[37.6250140,13.6079540],[37.6250110,13.6076810],[37.6249600,13.6075660],[37.6243950,13.6069960],[37.6241710,13.6066870],[37.6237270,13.6064910],[37.6233400,13.6058870],[37.6232870,13.6057920],[37.6232380,13.6056920],[37.6231930,13.6055700],[37.6231200,13.6054950],[37.6230780,13.6053930],[37.6230500,13.6052630],[37.6230250,13.6051530],[37.6230000,13.6050320],[37.6229550,13.6049170],[37.6229270,13.6047920],[37.6229250,13.6046730],[37.6230100,13.6047150],[37.6230180,13.6048330],[37.6230550,13.6049600],[37.6231540,13.6051540],[37.6233230,13.6053000],[37.6236690,13.6054160],[37.6239270,13.6056200],[37.6240130,13.6055600],[37.6241810,13.6054010],[37.6242890,13.6054920],[37.6252750,13.6058000],[37.6255950,13.6059580],[37.6256680,13.6060800],[37.6257580,13.6061020],[37.6258470,13.6061370],[37.6259350,13.6061600],[37.6260320,13.6061950],[37.6261150,13.6062570],[37.6261320,13.6061450],[37.6260620,13.6060570],[37.6259900,13.6059750],[37.6259130,13.6059080],[37.6258320,13.6058280],[37.6257420,13.6057800],[37.6258180,13.6057070],[37.6259130,13.6057580],[37.6259930,13.6058180],[37.6263900,13.6060070],[37.6268510,13.6064010],[37.6260010,13.6050490],[37.6264980,13.6054060],[37.6273270,13.6064060],[37.6275420,13.6068290],[37.6277890,13.6074730],[37.6279120,13.6082450],[37.6285570,13.6097360],[37.6292460,13.6107520],[37.6295990,13.6111260],[37.6298990,13.6115940],[37.6300550,13.6120850],[37.6302480,13.6124470],[37.6301580,13.6127940],[37.6304200,13.6138060],[37.6305630,13.6140140],[37.6305740,13.6147710],[37.6306170,13.6150750],[37.6309610,13.6156170],[37.6308450,13.6161910],[37.6305840,13.6167950],[37.6310510,13.6164320],[37.6312780,13.6160900],[37.6311070,13.6169570],[37.6310220,13.6171940],[37.6307750,13.6176170],[37.6308530,13.6176380],[37.6309450,13.6176420],[37.6310480,13.6176330],[37.6311400,13.6175820],[37.6312370,13.6175780],[37.6313230,13.6176120],[37.6312700,13.6177030],[37.6311800,13.6177450],[37.6310830,13.6177720],[37.6309980,13.6178500],[37.6309170,13.6179130],[37.6309070,13.6180350],[37.6309720,13.6181270],[37.6310680,13.6181580],[37.6311620,13.6181570],[37.6312550,13.6181830],[37.6309510,13.6184820],[37.6307460,13.6187060],[37.6300930,13.6191900],[37.6298110,13.6192590],[37.6293390,13.6192110],[37.6287360,13.6187120],[37.6284050,13.6185190],[37.6280530,13.6184280],[37.6278060,13.6184260],[37.6279800,13.6185880],[37.6279630,13.6189540],[37.6277750,13.6189550],[37.6279630,13.6189540],[37.6277750,13.6189550],[37.6276230,13.6189550],[37.6275970,13.6191980],[37.6276840,13.6193990],[37.6276720,13.6195400],[37.6278050,13.6197030],[37.6279460,13.6197150],[37.6281610,13.6205600],[37.6283410,13.6209860],[37.6285620,13.6213770],[37.6289820,13.6216860],[37.6294040,13.6218990],[37.6297930,13.6219960],[37.6300850,13.6218100],[37.6302330,13.6215750],[37.6304710,13.6213470],[37.6306180,13.6212930],[37.6307850,13.6213250],[37.6310600,13.6214860],[37.6311130,13.6216150],[37.6312100,13.6216600],[37.6313000,13.6217180],[37.6313900,13.6217720],[37.6314820,13.6217600],[37.6313800,13.6217580],[37.6312830,13.6217750],[37.6312130,13.6218650],[37.6311720,13.6219950],[37.6311450,13.6221200],[37.6311430,13.6222450],[37.6312220,13.6223270],[37.6313120,13.6223750],[37.6314080,13.6223880],[37.6316260,13.6223220],[37.6320030,13.6221000],[37.6322190,13.6216470],[37.6323990,13.6215180],[37.6332770,13.6208660],[37.6336150,13.6205160],[37.6341810,13.6197510],[37.6342770,13.6198650],[37.6343450,13.6197870],[37.6344180,13.6197020],[37.6344830,13.6196200],[37.6345620,13.6195350],[37.6345880,13.6194150],[37.6345600,13.6195350],[37.6345150,13.6196430],[37.6344830,13.6197500],[37.6344220,13.6198530],[37.6343580,13.6199530],[37.6342950,13.6200680],[37.6342480,13.6202220],[37.6343470,13.6201920],[37.6344180,13.6201020],[37.6345050,13.6200350],[37.6345970,13.6199750],[37.6346830,13.6198970],[37.6347630,13.6198250],[37.6348520,13.6198500],[37.6349250,13.6199220],[37.6349100,13.6200430],[37.6348330,13.6203370],[37.6347950,13.6206110],[37.6347100,13.6207780],[37.6345940,13.6209260],[37.6341160,13.6211270],[37.6340700,13.6212330],[37.6343800,13.6212210],[37.6348160,13.6212820],[37.6350630,13.6211700],[37.6353940,13.6209530],[37.6356410,13.6206070],[37.6357210,13.6203910],[37.6362890,13.6200140],[37.6363890,13.6201980],[37.6365590,13.6200990],[37.6365950,13.6202810],[37.6368220,13.6204050],[37.6369500,13.6202840],[37.6370240,13.6199670],[37.6368920,13.6194070],[37.6370810,13.6194900],[37.6372220,13.6196290],[37.6372790,13.6197800],[37.6373910,13.6205790],[37.6373720,13.6211820],[37.6373110,13.6214240],[37.6372030,13.6215020],[37.6373190,13.6217160],[37.6371750,13.6218320],[37.6372880,13.6219630],[37.6374460,13.6221040],[37.6372810,13.6222070],[37.6375470,13.6223060],[37.6376420,13.6223940],[37.6375310,13.6224480],[37.6377300,13.6226420],[37.6375210,13.6227230],[37.6374340,13.6228250],[37.6376550,13.6229650],[37.6375660,13.6230010],[37.6377420,13.6231490],[37.6378390,13.6232570],[37.6380930,13.6231830]],\r\n\t\t\t\t\tgraphDist          : [0.00,0.02,0.05,0.06,0.07,0.08,0.09,0.10,0.11,0.13,0.14,0.15,0.16,0.17,0.18,0.19,0.20,0.21,0.22,0.24,0.25,0.27,0.30,0.31,0.33,0.39,0.46,0.47,0.49,0.52,0.57,0.60,0.62,0.64,0.65,0.68,0.70,0.77,0.80,0.84,0.88,0.91,0.96,0.99,1.01,1.02,1.04,1.06,1.09,1.22,1.24,1.25,1.26,1.27,1.29,1.30,1.31,1.32,1.33,1.34,1.35,1.36,1.37,1.38,1.39,1.40,1.42,1.43,1.44,1.45,1.46,1.47,1.48,1.49,1.50,1.51,1.52,1.53,1.54,1.55,1.57,1.58,1.64,1.65,1.67,1.68,1.69,1.71,1.72,1.73,1.74,1.75,1.76,1.77,1.78,1.79,1.80,1.81,1.83,1.84,1.85,1.86,1.87,1.88,1.89,1.90,1.92,1.97,2.06,2.13,2.27,2.33,2.41,2.45,2.49,2.52,2.56,2.58,2.59,2.64,2.69,2.71,2.72,2.74,2.75,2.77,2.78,2.79,2.80,2.81,2.82,2.83,2.84,2.85,2.86,2.88,2.89,2.90,2.91,2.94,2.95,3.00,3.04,3.08,3.11,3.14,3.17,3.19,3.23,3.26,3.28,3.30,3.35,3.36,3.39,3.41,3.47,3.51,3.59,3.62,3.63,3.65,3.66,3.68,3.69,3.71,3.72,3.82,3.87,3.92,3.98,4.03,4.05,4.09,4.12,4.15,4.19,4.23,4.25,4.28,4.31,4.35,4.36,4.37,4.43,4.48,4.50,4.56,4.63,4.68,4.69,4.75,4.86,4.88,4.91,5.00,5.03,5.07,5.09,5.13,5.16,5.25,5.32,5.34,5.36,5.40,5.47,5.51,5.56,5.58,5.59,5.60,5.61,5.62,5.63,5.64,5.65,5.66,5.67,5.68,5.70,5.71,5.72,5.76,5.79,5.81,5.83,5.85,5.96,5.99,6.04,6.06,6.08,6.13,6.16,6.21,6.22,6.25,6.28,6.31,6.33,6.38,6.40,6.41,6.42,6.43,6.44,6.45,6.46,6.49,6.51,6.52,6.53,6.54,6.58,6.64,6.65,6.69,6.72,6.74,6.75,6.76,6.78,6.80,6.82,6.84,6.87,6.90,6.94,6.96,6.99,7.01,7.02,7.04,7.06,7.07,7.08,7.09,7.10,7.11,7.12,7.13,7.14,7.15,7.17,7.18,7.19,7.20,7.21,7.22,7.23,7.24,7.25,7.26,7.32,7.37,7.39,7.40,7.43,7.49,7.55,7.62,7.63,7.67,7.77,7.80,7.84,7.89,7.92,7.98,8.00,8.04,8.13,8.14,8.17,8.18,8.21,8.22,8.30,8.34,8.39,8.46,8.47,8.48,8.49,8.50,8.51,8.52,8.53,8.55,8.56,8.57,8.58,8.59,8.60,8.61,8.63,8.65,8.69,8.73,8.74,8.77,8.78,8.90,8.93,8.95,8.96,8.97,8.98,9.00,9.01,9.02,9.03,9.04,9.05,9.06,9.07,9.08,9.09,9.10,9.16,9.22,9.37,9.43,9.56,9.61,9.67,9.74,9.89,10.01,10.06,10.11,10.16,10.20,10.23,10.32,10.35,10.41,10.44,10.50,10.56,10.62,10.68,10.72,10.80,10.82,10.87,10.88,10.89,10.90,10.91,10.92,10.93,10.94,10.95,10.96,10.97,10.98,11.00,11.01,11.02,11.03,11.04,11.09,11.12,11.21,11.24,11.29,11.37,11.41,11.45,11.48,11.50,11.54,11.56,11.58,11.60,11.62,11.64,11.66,11.67,11.69,11.71,11.79,11.83,11.87,11.92,11.98,12.02,12.06,12.08,12.12,12.13,12.15,12.19,12.20,12.22,12.23,12.24,12.25,12.26,12.27,12.28,12.29,12.31,12.32,12.33,12.34,12.35,12.38,12.43,12.47,12.50,12.61,12.66,12.75,12.77,12.78,12.79,12.80,12.81,12.82,12.83,12.84,12.85,12.86,12.88,12.89,12.90,12.91,12.93,12.94,12.95,12.96,12.97,12.98,12.99,13.00,13.03,13.06,13.07,13.09,13.15,13.16,13.20,13.25,13.28,13.32,13.36,13.38,13.45,13.47,13.49,13.51,13.54,13.56,13.59,13.64,13.66,13.68,13.69,13.77,13.82,13.84,13.86,13.88,13.90,13.92,13.94,13.96,13.99,14.00,14.02,14.05,14.07,14.08,14.11,14.12,14.15,14.17,14.19],\r\n\t\t\t\t\tgraphEle           : [867.05,867.05,867.05,867.05,867.05,867.05,867.05,867.84,869.80,871.80,873.87,875.99,877.97,880.05,882.12,884.21,886.17,888.13,890.07,892.25,894.94,899.38,903.71,906.14,909.73,918.28,929.77,932.14,935.34,938.25,943.36,946.25,948.01,950.74,951.86,954.58,955.99,965.26,967.84,972.87,977.96,981.55,987.78,991.60,994.46,995.92,997.90,1001.38,1004.39,1018.96,1021.03,1022.14,1023.20,1024.28,1025.52,1026.58,1027.72,1028.99,1030.61,1032.18,1033.94,1035.46,1036.97,1038.55,1040.03,1041.75,1043.53,1045.00,1046.53,1048.12,1049.62,1051.26,1052.79,1054.26,1055.75,1057.34,1058.80,1060.24,1061.61,1063.12,1064.49,1065.88,1073.70,1075.74,1078.38,1079.77,1081.46,1082.90,1084.21,1085.12,1086.03,1086.95,1087.97,1088.97,1089.96,1090.96,1092.07,1093.02,1094.03,1095.03,1095.93,1096.89,1097.83,1098.82,1099.81,1100.78,1102.20,1104.83,1109.04,1112.59,1121.79,1125.51,1132.88,1136.61,1140.28,1142.80,1148.40,1150.84,1152.30,1157.58,1164.13,1166.72,1168.53,1171.36,1172.74,1174.24,1175.73,1177.17,1178.54,1180.01,1181.56,1183.05,1184.50,1185.92,1187.31,1188.99,1190.36,1192.09,1193.50,1197.63,1199.30,1206.83,1213.60,1219.89,1224.21,1228.71,1234.15,1237.51,1243.29,1248.13,1251.01,1254.31,1259.44,1260.64,1262.82,1264.25,1269.22,1272.40,1278.25,1280.56,1281.44,1282.56,1283.83,1285.08,1285.80,1286.96,1288.13,1290.37,1291.41,1292.70,1297.60,1301.70,1303.36,1306.75,1309.54,1312.75,1316.86,1322.20,1324.26,1327.70,1330.44,1334.20,1335.35,1336.12,1339.87,1343.34,1345.16,1350.14,1356.04,1360.74,1362.06,1367.58,1377.85,1379.92,1382.07,1392.09,1396.20,1400.46,1402.88,1407.37,1411.76,1424.17,1432.86,1435.46,1436.91,1439.82,1444.65,1447.04,1451.81,1453.30,1454.35,1455.37,1456.43,1457.62,1458.76,1459.80,1460.92,1461.94,1463.00,1464.06,1465.23,1466.32,1467.35,1473.22,1478.24,1481.49,1485.65,1488.52,1506.24,1509.91,1515.91,1519.40,1521.30,1526.98,1530.53,1534.29,1535.11,1537.15,1539.23,1542.07,1543.21,1544.96,1545.22,1545.44,1545.64,1545.86,1546.06,1546.28,1546.48,1547.05,1547.35,1547.56,1547.77,1547.96,1545.74,1542.78,1542.01,1540.10,1538.70,1537.12,1535.82,1534.52,1531.95,1530.10,1527.01,1525.18,1521.90,1518.29,1512.63,1509.84,1504.76,1502.31,1500.06,1497.04,1495.26,1493.62,1491.93,1490.39,1488.73,1487.17,1485.45,1483.74,1482.14,1481.36,1480.53,1479.79,1479.05,1478.31,1477.51,1476.78,1475.97,1475.18,1474.32,1473.55,1469.60,1465.79,1464.38,1463.50,1460.81,1456.56,1451.93,1445.32,1443.77,1440.24,1431.08,1428.47,1424.51,1420.07,1418.04,1410.71,1408.83,1402.73,1391.03,1389.48,1387.50,1386.22,1384.36,1383.46,1377.25,1374.40,1371.71,1368.66,1368.18,1367.72,1367.19,1366.72,1366.27,1365.74,1365.29,1364.80,1363.91,1362.82,1361.83,1360.87,1359.88,1358.76,1356.78,1354.63,1350.86,1347.65,1346.62,1343.93,1342.48,1331.15,1327.31,1325.41,1324.67,1323.92,1323.19,1322.37,1321.59,1320.86,1320.06,1319.27,1318.52,1317.68,1316.89,1316.12,1315.28,1314.53,1310.63,1305.62,1293.82,1290.36,1283.86,1283.29,1282.47,1281.58,1277.37,1271.85,1268.42,1264.87,1261.64,1258.33,1255.55,1247.45,1245.36,1236.34,1232.53,1223.96,1216.69,1209.96,1203.18,1198.82,1190.30,1187.88,1182.99,1181.93,1180.85,1179.64,1178.46,1177.32,1176.26,1175.21,1174.08,1172.86,1171.50,1170.27,1169.01,1167.75,1166.47,1165.25,1164.02,1158.05,1154.54,1146.52,1144.01,1139.87,1133.53,1130.20,1126.92,1124.66,1122.69,1120.03,1118.32,1116.04,1113.66,1111.74,1109.29,1107.00,1105.58,1103.24,1101.46,1093.09,1089.16,1085.24,1080.23,1076.28,1074.51,1073.06,1072.00,1070.67,1069.99,1069.24,1067.56,1066.50,1065.88,1065.28,1064.68,1064.12,1063.51,1062.92,1062.32,1061.65,1061.03,1060.44,1059.82,1059.24,1058.66,1056.41,1052.56,1048.68,1046.76,1037.31,1033.25,1025.55,1024.37,1023.65,1022.87,1022.15,1021.33,1020.55,1019.77,1019.01,1018.30,1017.50,1016.70,1015.83,1014.80,1014.00,1013.20,1012.40,1011.59,1010.75,1009.74,1008.68,1007.59,1006.46,1003.42,1000.85,999.01,997.09,991.21,990.09,985.65,979.74,976.21,971.18,966.21,963.97,956.98,954.99,952.95,951.20,948.50,946.76,943.40,936.91,934.10,931.59,929.74,920.72,911.23,907.18,904.68,900.54,897.11,893.94,890.05,886.35,884.24,884.24,884.24,884.24,884.24,884.24,884.24,884.24,884.24,884.24,884.24],\r\n\t\t\t\t\tgraphSpeed         : [],\r\n\t\t\t\t\tgraphHr            : [],\r\n\t\t\t\t\tgraphAtemp         : [],\r\n\t\t\t\t\tgraphCad           : [],\r\n\t\t\t\t\tgraphGrade         : [],\r\n\t\t\t\t\twaypoints          : [],\r\n\t\t\t\t\tunit               : \"2\",\r\n\t\t\t\t\tunitspeed          : \"0\",\r\n\t\t\t\t\tcolor1             : [\"#3366cc\"],\r\n\t\t\t\t\tcolor2             : \"#3366cc\",\r\n\t\t\t\t\tcolor3             : \"#ff0000\",\r\n\t\t\t\t\tcolor4             : \"#ff77bd\",\r\n\t\t\t\t\tcolor5             : \"#beecff\",\r\n\t\t\t\t\tcolor6             : \"#beecff\",\r\n\t\t\t\t\tcolor7             : \"#ff77bd\",\r\n\t\t\t\t\tchartFrom1         : \"\",\r\n\t\t\t\t\tchartTo1           : \"\",\r\n\t\t\t\t\tchartFrom2         : \"\",\r\n\t\t\t\t\tchartTo2           : \"\",\r\n\t\t\t\t\tstartIcon          : \"\",\r\n\t\t\t\t\tendIcon            : \"\",\r\n\t\t\t\t\tcurrentIcon        : \"\",\r\n\t\t\t\t\twaypointIcon       : \"https:\/\/lavia.cc\/gpx\/wp-content\/uploads\/gpx\/cropped-icona.ico\",\r\n\t\t\t\t\tcurrentpositioncon : \"\",\r\n\t\t\t\t\tusegpsposition     : \"\",\r\n\t\t\t\t\tzoomOnScrollWheel  : \"\",\r\n\t\t\t\t\tngGalleries        : [],\r\n\t\t\t\t\tngImages           : [],\r\n\t\t\t\t\tpluginUrl          : \"https:\/\/lavia.cc\/gpx\/wp-content\/plugins\",\r\n\t\t\t\t\tTFApiKey           : \"\",\r\n\t\t\t\t\tMapBoxApiKey           : \"\",\r\n\t\t\t\t\tlangs              : {\r\n\t\t\t\t\t\taltitude        : \"Altitudine\",\r\n\t\t\t\t\t\tcurrentPosition : \"Current position\",\r\n\t\t\t\t\t\tspeed           : \"Velocit\u00e0\",\r\n\t\t\t\t\t\tgrade           : \"Grade\",\r\n\t\t\t\t\t\theartRate       : \"Battito Cardiaco\",\r\n\t\t\t\t\t\tatemp           : \"Temperature\",\r\n\t\t\t\t\t\tcadence         : \"Cadenza\",\r\n\t\t\t\t\t\tgoFullScreen    : \"Go full screen\",\r\n\t\t\t\t\t\texitFullFcreen  : \"Exit full screen\",\r\n\t\t\t\t\t\thideImages      : \"Hide images\",\r\n\t\t\t\t\t\tshowImages      : \"Show images\",\r\n\t\t\t\t\t\tbackToCenter\t: \"Ritorna al centro della mappa\"\r\n\t\t\t\t\t}\r\n\t\t\t\t});\r\n\r\n\t\t\t});\r\n\r\n\t\t<\/script>\n<p>\ud83d\udfe2 Segui <a title=\"Lavia Instagram\" href=\"https:\/\/www.instagram.com\/lavia.cc\/\" target=\"_blank\" rel=\"noopener\">LAVIA<\/a>!<\/p>\n","protected":false},"excerpt":{"rendered":"<p>Siamo nel cuore della <strong>Sicilia<\/strong>, sui Monti Sicani, all\u2019interno della<strong> Riserva Naturale Orientata di Monte Cammarata<\/strong> un\u2019area che tocca sia la provincia di <strong>Palermo<\/strong> che quella di <strong>Agrigento<\/strong>. La Valle del Belice e quella del Platani si toccano regalando al paesaggio scenari unici. Quest\u2019area \u00e8 caratterizzata da una serie di alture che, nel loro complesso, costituiscono un vasto altopiano ondulato di rocce argillose sul quale sovrastano grandi masse calcaree e gessose. Il <strong>Monte Cammarata<\/strong> con i suoi <strong>1578 metri<\/strong> \u00e8 la vetta pi\u00f9 alta e la si pu\u00f2 esplorare senza troppe difficolt\u00e0. Boschi di conifere e latifoglie si alternano sino al raggiungimento della vetta a, in un percorso adatto a tutti nonostante il dislivello di circa <strong>700 metri<\/strong> da percorrere. Il punto di partenza per l\u2019escursione \u00e8 a quasi 900 metri di quota. Si inizia a salire lungo un percorso che alterna boschi a punti panoramici che consentono di vedere anche la dorsale montuosa delle <strong>Madonie<\/strong>. La bellezza del percorso \u00e8 fornita dalla grande quantit\u00e0 di vegetazione e fiori, tra cui orchidee, che accompagnano il cammino. Il <strong>percorso escursionistico<\/strong> ,medio facile, \u00e8 adatto a tutti gli escursionisti e per percorrerlo ci vogliono circa 6 ore. Tappa obbligatoria \u00e8 infine il <strong>bellissimo e storico borgo di Cammarata<\/strong>, da non perdere!<\/p>\n<p>\ud83d\udfe2 Segui <a href=\"https:\/\/www.instagram.com\/lavia.cc\/\">LAVIA<\/a>!<\/p>\n","protected":false},"featured_media":3046,"comment_status":"open","ping_status":"closed","template":"","meta":[],"product_brand":[],"product_cat":[31],"product_tag":[583,452],"class_list":{"0":"post-3043","1":"product","2":"type-product","3":"status-publish","4":"has-post-thumbnail","6":"product_cat-escursionismo","7":"product_tag-agrigento","8":"product_tag-sicilia","10":"first","11":"instock","12":"downloadable","13":"virtual","14":"product-type-simple"},"_links":{"self":[{"href":"https:\/\/lavia.cc\/gpx\/wp-json\/wp\/v2\/product\/3043","targetHints":{"allow":["GET"]}}],"collection":[{"href":"https:\/\/lavia.cc\/gpx\/wp-json\/wp\/v2\/product"}],"about":[{"href":"https:\/\/lavia.cc\/gpx\/wp-json\/wp\/v2\/types\/product"}],"replies":[{"embeddable":true,"href":"https:\/\/lavia.cc\/gpx\/wp-json\/wp\/v2\/comments?post=3043"}],"version-history":[{"count":5,"href":"https:\/\/lavia.cc\/gpx\/wp-json\/wp\/v2\/product\/3043\/revisions"}],"predecessor-version":[{"id":3301,"href":"https:\/\/lavia.cc\/gpx\/wp-json\/wp\/v2\/product\/3043\/revisions\/3301"}],"wp:featuredmedia":[{"embeddable":true,"href":"https:\/\/lavia.cc\/gpx\/wp-json\/wp\/v2\/media\/3046"}],"wp:attachment":[{"href":"https:\/\/lavia.cc\/gpx\/wp-json\/wp\/v2\/media?parent=3043"}],"wp:term":[{"taxonomy":"product_brand","embeddable":true,"href":"https:\/\/lavia.cc\/gpx\/wp-json\/wp\/v2\/product_brand?post=3043"},{"taxonomy":"product_cat","embeddable":true,"href":"https:\/\/lavia.cc\/gpx\/wp-json\/wp\/v2\/product_cat?post=3043"},{"taxonomy":"product_tag","embeddable":true,"href":"https:\/\/lavia.cc\/gpx\/wp-json\/wp\/v2\/product_tag?post=3043"}],"curies":[{"name":"wp","href":"https:\/\/api.w.org\/{rel}","templated":true}]}}