{"id":3139,"date":"2022-11-14T16:30:44","date_gmt":"2022-11-14T15:30:44","guid":{"rendered":"https:\/\/lavia.cc\/gpx\/?post_type=product&#038;p=3139"},"modified":"2024-09-24T22:03:55","modified_gmt":"2024-09-24T20:03:55","slug":"monte-taburno-da-piano-melaino","status":"publish","type":"product","link":"https:\/\/lavia.cc\/gpx\/tracce\/monte-taburno-da-piano-melaino\/","title":{"rendered":"Monte Taburno da Piano Melaino"},"content":{"rendered":"<h4>Monte Taburno da Piano Melaino<\/h4>\n<p>\u27a1\ufe0f Clicca qui per raggiungere il punto di partenz: <a title=\"Parcheggio Passo delle Sette Crocette\" href=\"https:\/\/www.google.com\/maps\/place\/Escursione+Taburno\/@41.1017858,14.6019869,17z\/data=!3m1!4b1!4m5!3m4!1s0x0:0x3f6232281ee96e7e!8m2!3d41.1017858!4d14.6019869\" target=\"_blank\" rel=\"noopener\">GOOGLE MAPS<\/a>.<\/p>\n<p>\ud83d\uddfa\ufe0f Mappa e altimetria dell&#8217;escursione sul Monte Taburno:<\/p>\n\r\n\t\t<div id=\"wpgpxmaps_3139_2325295\" class=\"wpgpxmaps\">\r\n\t\t\t<div id=\"map_3139_2325295_cont\" style=\"width:100%; height:450px;position:relative\" >\r\n\t\t\t\t<div id=\"map_3139_2325295\" style=\"width:100%; height:450px\"><\/div>\r\n\t\t\t\t<div id=\"wpgpxmaps_3139_2325295_osm_footer\" class=\"wpgpxmaps_osm_footer\" style=\"display:none;\"><span> &copy; <a href=\"http:\/\/www.openstreetmap.org\/copyright\" target=\"_blank\" rel=\"noopener\">OpenStreetMap<\/a> contributors<\/span><\/div>\r\n\t\t\t<\/div>\r\n\t\t\t<canvas id=\"myChart_3139_2325295\" class=\"plot\" style=\"width:100%; height:200px\"><\/canvas>\r\n\t\t\t<div id=\"ngimages_3139_2325295\" class=\"ngimages\" style=\"display:none\"><\/div>\r\n\t\t\t<div id=\"report_3139_2325295\" class=\"report\"><\/div>\r\n\t\t<\/div>\r\n\t\t\r\n\t\t<script type=\"text\/javascript\">\r\n\r\n\t\t\tjQuery(document).ready(function() {\r\n\r\n\t\t\t\tjQuery( \"#wpgpxmaps_3139_2325295\" ).wpgpxmaps( {\r\n\t\t\t\t\ttargetId           : \"3139_2325295\",\r\n\t\t\t\t\tmapType            : \"HYBRID\",\r\n\t\t\t\t\tmapData            : [[41.1015100,14.6022240],[41.1016280,14.6024150],[41.1017340,14.6022080],[41.1018660,14.6020210],[41.1018710,14.6017760],[41.1017630,14.6013020],[41.1010980,14.6004220],[41.1010770,14.5999930],[41.1011410,14.5997360],[41.1012910,14.5994570],[41.1013560,14.5991780],[41.1013980,14.5986410],[41.1014200,14.5978690],[41.1013130,14.5975470],[41.1013770,14.5972680],[41.1015700,14.5970110],[41.1014630,14.5966030],[41.1013130,14.5963240],[41.1012270,14.5956160],[41.1007980,14.5952940],[41.1007980,14.5951010],[41.1005620,14.5940070],[41.1004110,14.5935990],[41.1003470,14.5932130],[41.1003470,14.5927830],[41.1002830,14.5924830],[41.0997250,14.5916890],[41.0996820,14.5915600],[41.0997460,14.5913030],[41.1003260,14.5909810],[41.1005830,14.5907240],[41.1011410,14.5861320],[41.1013980,14.5854660],[41.1016350,14.5844360],[41.1017850,14.5842000],[41.1018060,14.5839430],[41.1019140,14.5834490],[41.1018060,14.5839430],[41.1017850,14.5842000],[41.1016830,14.5843610],[41.1013980,14.5854660],[41.1009900,14.5855530],[41.1007930,14.5858090],[41.1004290,14.5865570],[41.1001320,14.5868400],[41.0995750,14.5876770],[41.0992830,14.5884180],[41.0991840,14.5883640],[41.0986730,14.5888140],[41.0984160,14.5888570],[41.0982440,14.5887710],[41.0981110,14.5888170],[41.0978150,14.5892430],[41.0976030,14.5901910],[41.0974740,14.5905630],[41.0973220,14.5908310],[41.0971170,14.5914710],[41.0970850,14.5917530],[41.0971930,14.5921830],[41.0971310,14.5931470],[41.0969790,14.5938640],[41.0971030,14.5952010],[41.0970790,14.5954170],[41.0971710,14.5955940],[41.0974290,14.5956800],[41.0975530,14.5958690],[41.0976560,14.5964090],[41.0976450,14.5971270],[41.0975810,14.5973040],[41.0975170,14.5977850],[41.0973650,14.5981370],[41.0968800,14.5986830],[41.0964520,14.5989920],[41.0962440,14.5993510],[41.0961620,14.5998580],[41.0962030,14.6006090],[41.0961780,14.6008110],[41.0962190,14.6011890],[41.0961800,14.6013780],[41.0958610,14.6015220],[41.0957640,14.6016920],[41.0956970,14.6020420],[41.0955440,14.6023760],[41.0953060,14.6023150],[41.0952120,14.6026070],[41.0951130,14.6026480],[41.0949040,14.6024310],[41.0948720,14.6026470],[41.0947450,14.6025950],[41.0946910,14.6027900],[41.0946190,14.6026780],[41.0944430,14.6026520],[41.0940870,14.6022260],[41.0940880,14.6023840],[41.0940820,14.6026130],[41.0940610,14.6023750],[41.0939450,14.6025720],[41.0938310,14.6023820],[41.0936990,14.6025540],[41.0937250,14.6027920],[41.0936430,14.6025700],[41.0935070,14.6023880],[41.0933990,14.6025810],[41.0934460,14.6028160],[41.0933280,14.6026170],[41.0931680,14.6025080],[41.0931080,14.6027390],[41.0930070,14.6025350],[41.0929390,14.6027710],[41.0928710,14.6029960],[41.0927680,14.6027970],[41.0926010,14.6027070],[41.0925710,14.6029470],[41.0926010,14.6031830],[41.0925690,14.6026910],[41.0926680,14.6028750],[41.0927980,14.6030400],[41.0928740,14.6032670],[41.0929420,14.6030450],[41.0929080,14.6028010],[41.0929180,14.6025570],[41.0929560,14.6027940],[41.0931140,14.6026730],[41.0932140,14.6028770],[41.0933860,14.6028020],[41.0934630,14.6025820],[41.0935720,14.6027800],[41.0936620,14.6027700],[41.0937550,14.6027760],[41.0937130,14.6025550],[41.0939450,14.6026920],[41.0939710,14.6025440],[41.0940910,14.6026120],[41.0940880,14.6023840],[41.0940870,14.6022260],[41.0944430,14.6026520],[41.0946190,14.6026780],[41.0946910,14.6027900],[41.0947450,14.6025950],[41.0948720,14.6026470],[41.0949040,14.6024310],[41.0951130,14.6026480],[41.0952120,14.6026070],[41.0953060,14.6023150],[41.0955440,14.6023760],[41.0956970,14.6020420],[41.0957640,14.6016920],[41.0958610,14.6015220],[41.0961800,14.6013780],[41.0962190,14.6011890],[41.0961780,14.6008110],[41.0962390,14.6009180],[41.0963520,14.6009360],[41.0965710,14.6012060],[41.0968910,14.6014700],[41.0970230,14.6015150],[41.0974030,14.6024990],[41.0973610,14.6026870],[41.0971480,14.6028040],[41.0968570,14.6032600],[41.0968470,14.6033980],[41.0969500,14.6036230],[41.0970680,14.6035500],[41.0969780,14.6039750],[41.0971360,14.6041520],[41.0972670,14.6045370],[41.0973780,14.6046250],[41.0974510,14.6048090],[41.0975710,14.6048630],[41.0975590,14.6050110],[41.0978410,14.6052280],[41.0980280,14.6053080],[41.0982470,14.6050290],[41.0985020,14.6052110],[41.0986520,14.6063750],[41.0984920,14.6069970],[41.0986240,14.6074660],[41.0984450,14.6079120],[41.0985710,14.6082700],[41.0986260,14.6079970],[41.0987010,14.6078560],[41.0990400,14.6077470],[41.0991460,14.6076410],[41.0991790,14.6074360],[41.0992500,14.6073490],[41.0993260,14.6068910],[41.0994250,14.6067740],[41.0999710,14.6065380],[41.1002040,14.6062230],[41.1002790,14.6058210],[41.1005370,14.6049930],[41.1010460,14.6047040],[41.1016910,14.6049140],[41.1018760,14.6047450],[41.1019020,14.6045620],[41.1016280,14.6034050],[41.1016520,14.6027620],[41.1017500,14.6024670]],\r\n\t\t\t\t\tgraphDist          : [0.00,0.02,0.04,0.06,0.08,0.13,0.23,0.27,0.29,0.32,0.34,0.39,0.45,0.48,0.51,0.54,0.58,0.60,0.66,0.72,0.74,0.83,0.87,0.90,0.94,0.96,1.06,1.07,1.09,1.16,1.20,1.59,1.65,1.74,1.77,1.79,1.83,1.87,1.90,1.91,2.01,2.06,2.09,2.16,2.20,2.30,2.37,2.38,2.45,2.48,2.50,2.51,2.56,2.64,2.68,2.71,2.76,2.79,2.83,2.91,2.97,3.08,3.10,3.12,3.15,3.17,3.22,3.28,3.29,3.33,3.37,3.44,3.49,3.53,3.58,3.64,3.66,3.69,3.71,3.75,3.77,3.80,3.83,3.86,3.89,3.90,3.93,3.95,3.96,3.98,3.99,4.01,4.07,4.08,4.11,4.13,4.15,4.17,4.19,4.21,4.23,4.25,4.27,4.29,4.31,4.33,4.35,4.37,4.40,4.42,4.44,4.46,4.48,4.50,4.54,4.56,4.58,4.61,4.63,4.65,4.67,4.69,4.71,4.73,4.75,4.77,4.79,4.80,4.81,4.83,4.86,4.88,4.89,4.91,4.92,4.98,5.00,5.01,5.03,5.04,5.06,5.09,5.10,5.13,5.16,5.19,5.23,5.24,5.28,5.30,5.33,5.34,5.36,5.39,5.43,5.45,5.54,5.56,5.59,5.64,5.65,5.67,5.68,5.73,5.76,5.79,5.81,5.83,5.84,5.85,5.89,5.92,5.95,5.98,6.09,6.14,6.19,6.23,6.26,6.29,6.31,6.35,6.36,6.38,6.39,6.43,6.44,6.51,6.54,6.58,6.65,6.72,6.79,6.81,6.83,6.93,6.99,7.01],\r\n\t\t\t\t\tgraphEle           : [1061.65,1061.65,1061.65,1061.65,1061.65,1063.90,1072.48,1075.44,1077.30,1079.32,1080.89,1083.81,1087.98,1089.88,1091.52,1093.74,1096.38,1098.48,1102.86,1106.98,1108.27,1115.87,1118.90,1121.52,1123.46,1124.86,1129.75,1130.38,1131.60,1135.84,1138.06,1162.05,1164.31,1166.82,1167.23,1167.58,1168.26,1168.95,1169.29,1170.16,1177.78,1181.34,1183.71,1189.52,1192.69,1199.99,1202.94,1203.40,1206.02,1207.13,1207.92,1208.09,1207.51,1206.53,1206.12,1205.72,1203.42,1202.47,1200.97,1197.81,1196.19,1193.26,1192.79,1193.01,1193.62,1194.05,1195.01,1196.24,1196.58,1199.06,1201.64,1207.00,1211.11,1217.49,1226.52,1239.63,1243.20,1249.85,1253.26,1263.29,1268.12,1276.29,1285.14,1292.42,1299.61,1302.72,1309.45,1312.47,1314.88,1317.99,1320.00,1323.22,1331.93,1334.09,1338.28,1340.82,1342.33,1343.79,1345.27,1346.72,1348.21,1349.76,1351.21,1352.68,1354.21,1354.79,1355.03,1355.27,1355.52,1355.75,1355.99,1356.22,1356.46,1356.69,1356.84,1356.70,1356.59,1356.48,1356.37,1356.25,1356.14,1356.03,1355.92,1355.02,1353.09,1351.14,1349.17,1347.81,1346.82,1344.99,1342.29,1340.93,1339.54,1337.71,1336.18,1325.58,1321.66,1319.21,1315.43,1312.49,1308.82,1302.96,1300.66,1294.77,1287.32,1278.28,1269.92,1264.99,1254.64,1250.10,1241.39,1239.17,1236.68,1230.14,1221.88,1218.90,1201.30,1199.32,1196.23,1190.19,1188.79,1186.13,1184.39,1178.56,1173.73,1166.48,1163.54,1159.97,1157.09,1154.53,1146.83,1142.36,1134.79,1125.74,1097.92,1082.54,1074.04,1065.83,1059.40,1054.05,1051.25,1043.72,1042.11,1041.20,1040.65,1038.61,1037.85,1034.55,1032.63,1031.89,1030.97,1030.21,1029.76,1029.76,1029.76,1029.76,1029.76,1029.76],\r\n\t\t\t\t\tgraphSpeed         : [],\r\n\t\t\t\t\tgraphHr            : [],\r\n\t\t\t\t\tgraphAtemp         : [],\r\n\t\t\t\t\tgraphCad           : [],\r\n\t\t\t\t\tgraphGrade         : [],\r\n\t\t\t\t\twaypoints          : [],\r\n\t\t\t\t\tunit               : \"2\",\r\n\t\t\t\t\tunitspeed          : \"0\",\r\n\t\t\t\t\tcolor1             : [\"#3366cc\"],\r\n\t\t\t\t\tcolor2             : \"#3366cc\",\r\n\t\t\t\t\tcolor3             : \"#ff0000\",\r\n\t\t\t\t\tcolor4             : \"#ff77bd\",\r\n\t\t\t\t\tcolor5             : \"#beecff\",\r\n\t\t\t\t\tcolor6             : \"#beecff\",\r\n\t\t\t\t\tcolor7             : \"#ff77bd\",\r\n\t\t\t\t\tchartFrom1         : \"\",\r\n\t\t\t\t\tchartTo1           : \"\",\r\n\t\t\t\t\tchartFrom2         : \"\",\r\n\t\t\t\t\tchartTo2           : \"\",\r\n\t\t\t\t\tstartIcon          : \"\",\r\n\t\t\t\t\tendIcon            : \"\",\r\n\t\t\t\t\tcurrentIcon        : \"\",\r\n\t\t\t\t\twaypointIcon       : \"https:\/\/lavia.cc\/gpx\/wp-content\/uploads\/gpx\/cropped-icona.ico\",\r\n\t\t\t\t\tcurrentpositioncon : \"\",\r\n\t\t\t\t\tusegpsposition     : \"\",\r\n\t\t\t\t\tzoomOnScrollWheel  : \"\",\r\n\t\t\t\t\tngGalleries        : [],\r\n\t\t\t\t\tngImages           : [],\r\n\t\t\t\t\tpluginUrl          : \"https:\/\/lavia.cc\/gpx\/wp-content\/plugins\",\r\n\t\t\t\t\tTFApiKey           : \"\",\r\n\t\t\t\t\tMapBoxApiKey           : \"\",\r\n\t\t\t\t\tlangs              : {\r\n\t\t\t\t\t\taltitude        : \"Altitudine\",\r\n\t\t\t\t\t\tcurrentPosition : \"Current position\",\r\n\t\t\t\t\t\tspeed           : \"Velocit\u00e0\",\r\n\t\t\t\t\t\tgrade           : \"Grade\",\r\n\t\t\t\t\t\theartRate       : \"Battito Cardiaco\",\r\n\t\t\t\t\t\tatemp           : \"Temperature\",\r\n\t\t\t\t\t\tcadence         : \"Cadenza\",\r\n\t\t\t\t\t\tgoFullScreen    : \"Go full screen\",\r\n\t\t\t\t\t\texitFullFcreen  : \"Exit full screen\",\r\n\t\t\t\t\t\thideImages      : \"Hide images\",\r\n\t\t\t\t\t\tshowImages      : \"Show images\",\r\n\t\t\t\t\t\tbackToCenter\t: \"Ritorna al centro della mappa\"\r\n\t\t\t\t\t}\r\n\t\t\t\t});\r\n\r\n\t\t\t});\r\n\r\n\t\t<\/script>\n<p>\ud83d\udfe2 Visita\u00a0<a href=\"https:\/\/lavia.cc\/gpx\/\">LAVIA.CC<\/a>\u00a0per altre tracce gpx e condividi le tue avventure con la nostra\u00a0<a href=\"https:\/\/www.instagram.com\/lavia.cc\/\" target=\"_blank\" rel=\"noopener\">community<\/a>! \ud83d\udeb4\u200d\u2642\ufe0f\ud83c\udf32\ud83c\udfde\ufe0f<\/p>\n","protected":false},"excerpt":{"rendered":"<p>Il massiccio del Taburno-Camposauro si trova interamente in provincia di Benevento nel parco regionale Taburno Camposauro. Il Monte Taburno, insieme al Camposauro, costituisce un massiccio calcareo isolato dell&#8217;Appennino Campano. Il versante Sud e Ovest si erge con pareti ripide e solcate da profondi canaloni sulla Valle Caudina, sede di antichi insediamenti Romani. Il versante orientale digrada con una serie di colline fino alla conca Beneventana attraversata dal fiume Calore. Alla sua base sgorgano le abbondanti sorgenti del FIZZO, che una volta alimentavano le cascate del Parco Reale della Reggia di Caserta. La vetta, 1393 m, \u00e8 raggiungibile da Piano Melaino, depressione carsica di particolare bellezza. Dalla cima si gode un vasto panorama su tutta la Valle Caudina chiusa dalla parte opposta dal massiccio del Partenio. Ad ovest, dove la valle diventa pi\u00f9 stretta, si nota una macchia bianca sul fianco di un monte: \u00e8 la cava del Monte Tairano. Oltre il Partenio nelle giornate pi\u00f9 limpide si scorgono il Vesuvio e i monti Lattari e, se l&#8217;aria \u00e8 particolarmente tersa, anche le isole dell&#8217;arcipelago Partenopeo. Dalla parte opposta, la vista spazia su tutto il massiccio Taburno-Camposauro e sui monti del Matese all&#8217;orizzonte Nord. Verso Est si susseguono le colline del Sannio Beneventano, con la citt\u00e0 capoluogo nella vallata. Verso Sud, nelle giornate pi\u00f9 limpide, si possono osservare anche le cime dei monti Picentini.<\/p>\n<p>Foto di <a href=\"https:\/\/www.instagram.com\/p\/Cc0yRkkIC_y\/\">@mammacreattiva<\/a><\/p>\n<p>\ud83d\udfe2 Segui\u00a0<strong>LAVIA,<\/strong>\u00a0arriva alla\u00a0<strong>META<\/strong>!<\/p>\n","protected":false},"featured_media":3141,"comment_status":"open","ping_status":"closed","template":"","meta":[],"product_brand":[],"product_cat":[31],"product_tag":[631,63],"class_list":{"0":"post-3139","1":"product","2":"type-product","3":"status-publish","4":"has-post-thumbnail","6":"product_cat-escursionismo","7":"product_tag-benevento","8":"product_tag-r-campania","10":"first","11":"instock","12":"downloadable","13":"virtual","14":"product-type-simple"},"_links":{"self":[{"href":"https:\/\/lavia.cc\/gpx\/wp-json\/wp\/v2\/product\/3139","targetHints":{"allow":["GET"]}}],"collection":[{"href":"https:\/\/lavia.cc\/gpx\/wp-json\/wp\/v2\/product"}],"about":[{"href":"https:\/\/lavia.cc\/gpx\/wp-json\/wp\/v2\/types\/product"}],"replies":[{"embeddable":true,"href":"https:\/\/lavia.cc\/gpx\/wp-json\/wp\/v2\/comments?post=3139"}],"version-history":[{"count":6,"href":"https:\/\/lavia.cc\/gpx\/wp-json\/wp\/v2\/product\/3139\/revisions"}],"predecessor-version":[{"id":3200,"href":"https:\/\/lavia.cc\/gpx\/wp-json\/wp\/v2\/product\/3139\/revisions\/3200"}],"wp:featuredmedia":[{"embeddable":true,"href":"https:\/\/lavia.cc\/gpx\/wp-json\/wp\/v2\/media\/3141"}],"wp:attachment":[{"href":"https:\/\/lavia.cc\/gpx\/wp-json\/wp\/v2\/media?parent=3139"}],"wp:term":[{"taxonomy":"product_brand","embeddable":true,"href":"https:\/\/lavia.cc\/gpx\/wp-json\/wp\/v2\/product_brand?post=3139"},{"taxonomy":"product_cat","embeddable":true,"href":"https:\/\/lavia.cc\/gpx\/wp-json\/wp\/v2\/product_cat?post=3139"},{"taxonomy":"product_tag","embeddable":true,"href":"https:\/\/lavia.cc\/gpx\/wp-json\/wp\/v2\/product_tag?post=3139"}],"curies":[{"name":"wp","href":"https:\/\/api.w.org\/{rel}","templated":true}]}}