{"id":4444,"date":"2023-02-06T11:11:18","date_gmt":"2023-02-06T10:11:18","guid":{"rendered":"https:\/\/lavia.cc\/gpx\/?post_type=product&#038;p=4444"},"modified":"2023-07-04T20:24:15","modified_gmt":"2023-07-04T18:24:15","slug":"rocca-di-pietracassia-toscana","status":"publish","type":"product","link":"https:\/\/lavia.cc\/gpx\/tracce\/rocca-di-pietracassia-toscana\/","title":{"rendered":"Rocca di Pietracassia, che panorama!"},"content":{"rendered":"<h4>Dog Walking in Toscana: la Rocca di Pietracassia<\/h4>\n<p>Le uniche, FONDAMENTALI raccomandazioni riguardano il periodo dell&#8217;<a href=\"https:\/\/lavia.cc\/gpx\/categoria-tracce\/escursionismo\/\" target=\"_blank\" rel=\"noopener\">escursione<\/a>. Il sentiero infatti attraversa un&#8217;ampia area di caccia, ed \u00e8 quindi molto pericoloso percorrerlo da settembre a febbraio: per non correre rischi, si consiglia di controllare il calendario venatorio.<\/p>\n<p>Rispetta la natura: non lasciare in giro i rifiuti e tieni il tuo cane al guinzaglio!<\/p>\n<p>\u27a1\ufe0f Clicca qui per raggiungere il punto di partenza: <a href=\"https:\/\/www.google.it\/maps\/place\/Parcheggio+1+Rocca+di+Pietracassia\/@43.4493995,10.6955339,15z\/data=!4m2!3m1!1s0x0:0x43af0de468c55354?sa=X&amp;ved=2ahUKEwjn2LDr0YD9AhU6R_EDHUJFDV0Q_BJ6BAhkEAg\" target=\"_blank\" rel=\"noopener\">GOOGLE MAPS<\/a> (Parcheggio 1 Rocca di Pietracassia)<\/p>\n<p>\ud83d\udca7 Purtroppo, non ci sono punti di acqua potabile.<\/p>\n<p>\ud83d\uddfa\ufe0f Mappa e altimetria dell&#8217;escursione alla Rocca di Pietracassia:<\/p>\n\r\n\t\t<div id=\"wpgpxmaps_4444_2299028\" class=\"wpgpxmaps\">\r\n\t\t\t<div id=\"map_4444_2299028_cont\" style=\"width:100%; height:450px;position:relative\" >\r\n\t\t\t\t<div id=\"map_4444_2299028\" style=\"width:100%; height:450px\"><\/div>\r\n\t\t\t\t<div id=\"wpgpxmaps_4444_2299028_osm_footer\" class=\"wpgpxmaps_osm_footer\" style=\"display:none;\"><span> &copy; <a href=\"http:\/\/www.openstreetmap.org\/copyright\" target=\"_blank\" rel=\"noopener\">OpenStreetMap<\/a> contributors<\/span><\/div>\r\n\t\t\t<\/div>\r\n\t\t\t<canvas id=\"myChart_4444_2299028\" class=\"plot\" style=\"width:100%; height:200px\"><\/canvas>\r\n\t\t\t<div id=\"ngimages_4444_2299028\" class=\"ngimages\" style=\"display:none\"><\/div>\r\n\t\t\t<div id=\"report_4444_2299028\" class=\"report\"><\/div>\r\n\t\t<\/div>\r\n\t\t\r\n\t\t<script type=\"text\/javascript\">\r\n\r\n\t\t\tjQuery(document).ready(function() {\r\n\r\n\t\t\t\tjQuery( \"#wpgpxmaps_4444_2299028\" ).wpgpxmaps( {\r\n\t\t\t\t\ttargetId           : \"4444_2299028\",\r\n\t\t\t\t\tmapType            : \"HYBRID\",\r\n\t\t\t\t\tmapData            : [[43.4493590,10.6956430],[43.4491350,10.6958540],[43.4489580,10.6959080],[43.4487600,10.6959180],[43.4486340,10.6958020],[43.4483610,10.6953380],[43.4481160,10.6952730],[43.4478640,10.6953520],[43.4475220,10.6956920],[43.4473220,10.6957840],[43.4472410,10.6957280],[43.4469900,10.6953270],[43.4468340,10.6952080],[43.4466060,10.6945310],[43.4464660,10.6944480],[43.4462770,10.6947050],[43.4459700,10.6944060],[43.4457500,10.6940980],[43.4456700,10.6937870],[43.4452370,10.6937490],[43.4451370,10.6938050],[43.4448030,10.6941940],[43.4444980,10.6944280],[43.4443980,10.6944640],[43.4441800,10.6944540],[43.4440180,10.6944940],[43.4435690,10.6947580],[43.4431120,10.6951100],[43.4430070,10.6951560],[43.4427750,10.6953080],[43.4424690,10.6954940],[43.4423770,10.6954820],[43.4422660,10.6952010],[43.4420740,10.6948300],[43.4419540,10.6946680],[43.4418870,10.6945320],[43.4418760,10.6943210],[43.4419000,10.6941280],[43.4414770,10.6940170],[43.4413040,10.6939120],[43.4411960,10.6937280],[43.4411840,10.6935780],[43.4409560,10.6933350],[43.4407210,10.6932080],[43.4405900,10.6930790],[43.4404380,10.6930160],[43.4402880,10.6929080],[43.4401900,10.6927350],[43.4393650,10.6919600],[43.4392650,10.6917770],[43.4391920,10.6916990],[43.4389140,10.6915910],[43.4386050,10.6913290],[43.4384290,10.6913130],[43.4378460,10.6906990],[43.4376780,10.6906320],[43.4373900,10.6903850],[43.4371070,10.6902350],[43.4366520,10.6896650],[43.4365070,10.6894000],[43.4363730,10.6892200],[43.4362570,10.6891270],[43.4358020,10.6889180],[43.4356230,10.6887420],[43.4353690,10.6886320],[43.4349170,10.6882840],[43.4347290,10.6882840],[43.4345290,10.6883860],[43.4339660,10.6880160],[43.4337440,10.6876770],[43.4336880,10.6874750],[43.4336830,10.6873110],[43.4334460,10.6870600],[43.4333520,10.6869280],[43.4332210,10.6865850],[43.4331120,10.6864360],[43.4329800,10.6863400],[43.4327930,10.6862580],[43.4323250,10.6863990],[43.4322180,10.6863920],[43.4321150,10.6862040],[43.4321240,10.6859630],[43.4322770,10.6857380],[43.4323330,10.6855710],[43.4323040,10.6854360],[43.4320040,10.6851920],[43.4317080,10.6851130],[43.4311890,10.6848360],[43.4311890,10.6847160],[43.4309650,10.6846030],[43.4308750,10.6844910],[43.4307590,10.6842510],[43.4305360,10.6837570],[43.4305320,10.6834560],[43.4305280,10.6832050],[43.4305860,10.6829710],[43.4306190,10.6831680],[43.4307240,10.6832510],[43.4308130,10.6831240],[43.4307240,10.6832510],[43.4306360,10.6832140],[43.4306310,10.6830320],[43.4305280,10.6832050],[43.4305320,10.6834560],[43.4305360,10.6837570],[43.4307590,10.6842510],[43.4308750,10.6844910],[43.4309650,10.6846030],[43.4311890,10.6847160],[43.4311890,10.6848360],[43.4317080,10.6851130],[43.4320040,10.6851920],[43.4323040,10.6854360],[43.4323330,10.6855710],[43.4322770,10.6857380],[43.4321240,10.6859630],[43.4321010,10.6860870],[43.4322180,10.6863920],[43.4323250,10.6863990],[43.4327930,10.6862580],[43.4329800,10.6863400],[43.4331120,10.6864360],[43.4332210,10.6865850],[43.4333520,10.6869280],[43.4334460,10.6870600],[43.4336360,10.6872120],[43.4336880,10.6874750],[43.4337440,10.6876770],[43.4339660,10.6880160],[43.4344580,10.6883920],[43.4347290,10.6882840],[43.4349170,10.6882840],[43.4353690,10.6886320],[43.4356230,10.6887420],[43.4358020,10.6889180],[43.4362570,10.6891270],[43.4363730,10.6892200],[43.4365070,10.6894000],[43.4366520,10.6896650],[43.4371070,10.6902350],[43.4373900,10.6903850],[43.4376780,10.6906320],[43.4378460,10.6906990],[43.4383510,10.6912600],[43.4386050,10.6913290],[43.4389140,10.6915910],[43.4391920,10.6916990],[43.4392650,10.6917770],[43.4393650,10.6919600],[43.4401900,10.6927350],[43.4402880,10.6929080],[43.4404380,10.6930160],[43.4405900,10.6930790],[43.4407210,10.6932080],[43.4409560,10.6933350],[43.4411370,10.6934870],[43.4411960,10.6937280],[43.4413040,10.6939120],[43.4414770,10.6940170],[43.4418650,10.6940240],[43.4418760,10.6943210],[43.4418870,10.6945320],[43.4419540,10.6946680],[43.4420740,10.6948300],[43.4422660,10.6952010],[43.4423770,10.6954820],[43.4424690,10.6954940],[43.4427750,10.6953080],[43.4429630,10.6952390],[43.4431120,10.6951100],[43.4435690,10.6947580],[43.4440180,10.6944940],[43.4441800,10.6944540],[43.4443980,10.6944640],[43.4444980,10.6944280],[43.4448030,10.6941940],[43.4451370,10.6938050],[43.4452370,10.6937490],[43.4456200,10.6937530],[43.4457500,10.6940980],[43.4459700,10.6944060],[43.4461970,10.6947240],[43.4464660,10.6944480],[43.4466060,10.6945310],[43.4468340,10.6952080],[43.4469900,10.6953270],[43.4472410,10.6957280],[43.4473220,10.6957840],[43.4474500,10.6957470],[43.4478640,10.6953520],[43.4481160,10.6952730],[43.4482990,10.6952870],[43.4486340,10.6958020],[43.4487600,10.6959180],[43.4489580,10.6959080],[43.4491350,10.6958540],[43.4493590,10.6956430]],\r\n\t\t\t\t\tgraphDist          : [0.00,0.03,0.05,0.07,0.09,0.14,0.17,0.19,0.24,0.27,0.28,0.32,0.34,0.40,0.42,0.45,0.49,0.53,0.56,0.60,0.62,0.67,0.70,0.72,0.74,0.76,0.81,0.87,0.88,0.91,0.95,0.96,0.99,1.02,1.04,1.06,1.07,1.09,1.14,1.16,1.18,1.19,1.23,1.25,1.27,1.29,1.31,1.33,1.44,1.46,1.47,1.50,1.54,1.56,1.64,1.66,1.70,1.73,1.80,1.83,1.85,1.86,1.92,1.94,1.97,2.03,2.05,2.07,2.14,2.18,2.20,2.21,2.24,2.26,2.29,2.31,2.32,2.35,2.40,2.41,2.43,2.45,2.48,2.49,2.50,2.54,2.57,2.64,2.65,2.67,2.69,2.71,2.76,2.78,2.80,2.82,2.84,2.86,2.87,2.88,2.90,2.91,2.94,2.96,2.98,3.03,3.05,3.07,3.09,3.10,3.17,3.20,3.24,3.25,3.26,3.29,3.30,3.33,3.34,3.39,3.42,3.43,3.45,3.48,3.50,3.52,3.54,3.56,3.60,3.66,3.69,3.71,3.77,3.80,3.82,3.88,3.89,3.91,3.94,4.01,4.04,4.08,4.10,4.17,4.20,4.24,4.27,4.28,4.30,4.41,4.43,4.45,4.47,4.49,4.51,4.54,4.56,4.58,4.60,4.64,4.67,4.68,4.70,4.72,4.75,4.78,4.79,4.83,4.85,4.87,4.93,4.98,5.00,5.02,5.04,5.08,5.12,5.14,5.18,5.21,5.25,5.28,5.32,5.34,5.40,5.42,5.46,5.47,5.49,5.55,5.57,5.59,5.65,5.67,5.69,5.71,5.74],\r\n\t\t\t\t\tgraphEle           : [315.05,315.05,315.05,315.05,315.05,318.54,321.19,323.87,328.24,330.45,331.39,335.73,337.95,344.73,346.83,350.15,355.21,359.24,362.33,368.01,369.40,375.06,379.55,380.60,382.83,384.51,389.50,394.86,395.98,398.55,401.28,402.03,403.93,406.63,408.00,408.97,410.22,411.38,414.50,415.63,416.66,417.32,419.07,420.59,421.55,422.50,423.46,424.20,428.84,429.62,430.05,431.39,432.65,433.22,435.62,436.19,437.30,438.34,440.47,441.30,441.95,442.42,444.24,445.36,446.71,449.34,450.29,451.37,455.26,457.59,458.69,459.53,461.68,462.62,464.60,465.67,466.64,467.91,471.02,471.71,472.82,473.98,475.43,476.31,476.97,478.94,480.61,483.71,484.22,485.55,486.22,487.26,488.14,488.60,488.98,489.36,489.72,490.00,490.27,490.55,490.74,490.78,489.75,489.01,488.12,486.41,485.56,485.06,484.09,483.72,480.55,478.81,476.81,476.22,475.44,474.15,473.62,471.92,471.18,467.89,466.54,465.51,464.45,462.52,461.59,460.12,458.77,457.74,455.56,451.86,449.99,448.86,446.62,445.46,444.51,442.43,441.84,441.10,440.33,438.36,437.39,436.31,435.75,433.40,432.44,431.10,430.04,429.70,429.09,424.13,423.32,422.47,421.67,420.86,419.49,418.05,416.75,415.58,414.29,411.65,410.11,409.07,408.26,406.96,404.01,401.95,401.13,398.15,396.43,394.78,389.74,384.27,382.43,379.98,378.82,374.92,369.77,368.36,363.37,359.52,355.42,351.20,346.78,344.74,338.19,336.03,331.38,330.29,328.71,326.29,326.29,326.29,326.29,326.29,326.29,326.29,326.29],\r\n\t\t\t\t\tgraphSpeed         : [],\r\n\t\t\t\t\tgraphHr            : [],\r\n\t\t\t\t\tgraphAtemp         : [],\r\n\t\t\t\t\tgraphCad           : [],\r\n\t\t\t\t\tgraphGrade         : [],\r\n\t\t\t\t\twaypoints          : [],\r\n\t\t\t\t\tunit               : \"2\",\r\n\t\t\t\t\tunitspeed          : \"0\",\r\n\t\t\t\t\tcolor1             : [\"#3366cc\"],\r\n\t\t\t\t\tcolor2             : \"#3366cc\",\r\n\t\t\t\t\tcolor3             : \"#ff0000\",\r\n\t\t\t\t\tcolor4             : \"#ff77bd\",\r\n\t\t\t\t\tcolor5             : \"#beecff\",\r\n\t\t\t\t\tcolor6             : \"#beecff\",\r\n\t\t\t\t\tcolor7             : \"#ff77bd\",\r\n\t\t\t\t\tchartFrom1         : \"\",\r\n\t\t\t\t\tchartTo1           : \"\",\r\n\t\t\t\t\tchartFrom2         : \"\",\r\n\t\t\t\t\tchartTo2           : \"\",\r\n\t\t\t\t\tstartIcon          : \"\",\r\n\t\t\t\t\tendIcon            : \"\",\r\n\t\t\t\t\tcurrentIcon        : \"\",\r\n\t\t\t\t\twaypointIcon       : \"https:\/\/lavia.cc\/gpx\/wp-content\/uploads\/gpx\/cropped-icona.ico\",\r\n\t\t\t\t\tcurrentpositioncon : \"\",\r\n\t\t\t\t\tusegpsposition     : \"\",\r\n\t\t\t\t\tzoomOnScrollWheel  : \"\",\r\n\t\t\t\t\tngGalleries        : [],\r\n\t\t\t\t\tngImages           : [],\r\n\t\t\t\t\tpluginUrl          : \"https:\/\/lavia.cc\/gpx\/wp-content\/plugins\",\r\n\t\t\t\t\tTFApiKey           : \"\",\r\n\t\t\t\t\tMapBoxApiKey           : \"\",\r\n\t\t\t\t\tlangs              : {\r\n\t\t\t\t\t\taltitude        : \"Altitudine\",\r\n\t\t\t\t\t\tcurrentPosition : \"Current position\",\r\n\t\t\t\t\t\tspeed           : \"Velocit\u00e0\",\r\n\t\t\t\t\t\tgrade           : \"Grade\",\r\n\t\t\t\t\t\theartRate       : \"Battito Cardiaco\",\r\n\t\t\t\t\t\tatemp           : \"Temperature\",\r\n\t\t\t\t\t\tcadence         : \"Cadenza\",\r\n\t\t\t\t\t\tgoFullScreen    : \"Go full screen\",\r\n\t\t\t\t\t\texitFullFcreen  : \"Exit full screen\",\r\n\t\t\t\t\t\thideImages      : \"Hide images\",\r\n\t\t\t\t\t\tshowImages      : \"Show images\",\r\n\t\t\t\t\t\tbackToCenter\t: \"Ritorna al centro della mappa\"\r\n\t\t\t\t\t}\r\n\t\t\t\t});\r\n\r\n\t\t\t});\r\n\r\n\t\t<\/script>\n<p>\ud83d\udfe2 Scarica la traccia GPX e Segui <a href=\"https:\/\/www.instagram.com\/lavia.cc\/\" target=\"_blank\" rel=\"noopener\">LAVIA<\/a>!<\/p>\n","protected":false},"excerpt":{"rendered":"<p><strong>\ud83d\udccd TRACCIA CARICATA DA:\u00a0<a href=\"https:\/\/www.instagram.com\/cubadogtrekking\/\" target=\"_blank\" rel=\"noopener\">@cubadogtrekking<\/a><\/strong><\/p>\n<p>La Rocca di Pietracassia, sita nel comune di Lajatico &#8211; piccolo borgo che ha dato i natali ad Andrea Bocelli &#8211; \u00e8 tra i monumenti altomedievali pi\u00f9 importanti della provincia di Pisa, nonch\u00e9 uno di quelli che si \u00e8 conservato meglio. Situata a 532m di altitudine, fu un importante avamposto militare per via della posizione strategica che permetteva di controllare la Valdera, la Valdicecina e parte della costa. Non \u00e8 certa la data della sua costruzione: sebbene l&#8217;altura fosse gi\u00e0 utilizzata fin dai tempi degli Etruschi per controllare la via di commercio del rame, le prime fonti storiche che documentano l&#8217;esistenza della struttura risalgono 1028 d.C.. A seguito della conquista da parte dei fiorentini nel 1434, la fortezza fu smantellata e da allora il sito \u00e8 rimasto praticamente abbandonato, soprattutto a causa della lontananza da centri abitati importanti: ci\u00f2 ha permesso a questa maestosa fortezza di giungere fino a oggi senza sostanziali modifiche, se non quelle provocate dalle intemperie e dal tempo. Il trekking \u00e8 facilmente percorribile a 6 zampe! Si snoda in mezzo al bosco su un sentiero ben segnalato e, salvo pochi tratti, ombreggiato. La salita \u00e8 costante: specialmente nel tratto iniziale potrebbe risultare un po&#8217; faticosa, ma \u00e8 facilmente percorribile poich\u00e9 non eccessivamente ripida. Una volta raggiunta la Rocca, il panorama \u00e8 mozzafiato: mentre gambe e zampe si riposano, \u00e8 possibile spingere lo sguardo dalla piana pisana all&#8217;appennino, dalla costa livornese all&#8217;Isola d&#8217;Elba, dalla Valdera a Volterra!<\/p>\n<p>\ud83d\udfe2 Scarica la traccia e Segui\u00a0<a href=\"https:\/\/www.instagram.com\/lavia.cc\/\" target=\"_blank\" rel=\"noopener\">LAVIA<\/a><\/p>\n","protected":false},"featured_media":4448,"comment_status":"open","ping_status":"closed","template":"","meta":[],"product_brand":[],"product_cat":[31,720],"product_tag":[802,803,126],"class_list":{"0":"post-4444","1":"product","2":"type-product","3":"status-publish","4":"has-post-thumbnail","6":"product_cat-escursionismo","7":"product_cat-dog-walking","8":"product_tag-lajatico","9":"product_tag-pisa","10":"product_tag-toscana","12":"first","13":"instock","14":"downloadable","15":"virtual","16":"product-type-simple"},"_links":{"self":[{"href":"https:\/\/lavia.cc\/gpx\/wp-json\/wp\/v2\/product\/4444","targetHints":{"allow":["GET"]}}],"collection":[{"href":"https:\/\/lavia.cc\/gpx\/wp-json\/wp\/v2\/product"}],"about":[{"href":"https:\/\/lavia.cc\/gpx\/wp-json\/wp\/v2\/types\/product"}],"replies":[{"embeddable":true,"href":"https:\/\/lavia.cc\/gpx\/wp-json\/wp\/v2\/comments?post=4444"}],"version-history":[{"count":6,"href":"https:\/\/lavia.cc\/gpx\/wp-json\/wp\/v2\/product\/4444\/revisions"}],"predecessor-version":[{"id":5075,"href":"https:\/\/lavia.cc\/gpx\/wp-json\/wp\/v2\/product\/4444\/revisions\/5075"}],"wp:featuredmedia":[{"embeddable":true,"href":"https:\/\/lavia.cc\/gpx\/wp-json\/wp\/v2\/media\/4448"}],"wp:attachment":[{"href":"https:\/\/lavia.cc\/gpx\/wp-json\/wp\/v2\/media?parent=4444"}],"wp:term":[{"taxonomy":"product_brand","embeddable":true,"href":"https:\/\/lavia.cc\/gpx\/wp-json\/wp\/v2\/product_brand?post=4444"},{"taxonomy":"product_cat","embeddable":true,"href":"https:\/\/lavia.cc\/gpx\/wp-json\/wp\/v2\/product_cat?post=4444"},{"taxonomy":"product_tag","embeddable":true,"href":"https:\/\/lavia.cc\/gpx\/wp-json\/wp\/v2\/product_tag?post=4444"}],"curies":[{"name":"wp","href":"https:\/\/api.w.org\/{rel}","templated":true}]}}