{"id":4979,"date":"2023-03-10T17:10:11","date_gmt":"2023-03-10T16:10:11","guid":{"rendered":"https:\/\/lavia.cc\/gpx\/?post_type=product&#038;p=4979"},"modified":"2023-07-04T20:22:57","modified_gmt":"2023-07-04T18:22:57","slug":"sentierelsa-dogwalking-toscana","status":"publish","type":"product","link":"https:\/\/lavia.cc\/gpx\/tracce\/sentierelsa-dogwalking-toscana\/","title":{"rendered":"SentierElsa &#8211; Urban &#038; Nature a 6 zampe"},"content":{"rendered":"<h5>SentierElsa &#8211; Urban &amp; Nature a 6 zampe<\/h5>\n<p>\u26a0\ufe0f L\u2019itinerario in estate potrebbe essere molto affollato. Purtroppo non \u00e8 accessibile a passeggini, persone e cani con disabilit\u00e0. Sul tratto urbano segnato nella traccia l\u2019ombra scarseggia, e si cammina su strade mediamente trafficate. Per tali motivi, il percorso \u00e8 inadatto a chi ha cani fobici e\/o non abituati a camminare su sentieri impervi.<\/p>\n<p>C\u2019\u00e8 un unico sentiero ben segnalato, che pu\u00f2 risultare un po\u2019 impegnativo per via dei ripidi dislivelli e dei guadi. La lunghezza totale \u00e8 poco pi\u00f9 di 8km.<\/p>\n<p>\u27a1\ufe0f Clicca qui per raggiungere il punto di partenza: <a href=\"https:\/\/www.google.it\/maps\/place\/Parcheggio+SentierElsa\/@43.4033862,11.1352743,17.75z\/data=!4m15!1m8!3m7!1s0x132a3abc8d92115b:0x2c70a744e96d28c!2sLocalit%C3%A0+S.+Marziale,+53034+Selvamaggio+SI!3b1!8m2!3d43.4124768!4d11.1466353!16s%2Fg%2F119w0rtty!3m5!1s0x132a3b65519cf0b9:0x4f9e9ad96d06c81c!8m2!3d43.4037582!4d11.1382106!16s%2Fg%2F11k6tzx79_?hl=it&amp;authuser=0\" target=\"_blank\" rel=\"noopener\">GOOGLE MAPS<\/a> (Parcheggio SentierElsa)<\/p>\n<p>\ud83d\uddfa\ufe0f Mappa e altimetria dell&#8217;<a href=\"https:\/\/lavia.cc\/gpx\/categoria-tracce\/escursionismo\/\" target=\"_blank\" rel=\"noopener\">escursione<\/a> SentierElsa &#8211; Urban &amp; Nature a 6 zampe:<\/p>\n\r\n\t\t<div id=\"wpgpxmaps_4979_1542639\" class=\"wpgpxmaps\">\r\n\t\t\t<div id=\"map_4979_1542639_cont\" style=\"width:100%; height:450px;position:relative\" >\r\n\t\t\t\t<div id=\"map_4979_1542639\" style=\"width:100%; height:450px\"><\/div>\r\n\t\t\t\t<div id=\"wpgpxmaps_4979_1542639_osm_footer\" class=\"wpgpxmaps_osm_footer\" style=\"display:none;\"><span> &copy; <a href=\"http:\/\/www.openstreetmap.org\/copyright\" target=\"_blank\" rel=\"noopener\">OpenStreetMap<\/a> contributors<\/span><\/div>\r\n\t\t\t<\/div>\r\n\t\t\t<canvas id=\"myChart_4979_1542639\" class=\"plot\" style=\"width:100%; height:200px\"><\/canvas>\r\n\t\t\t<div id=\"ngimages_4979_1542639\" class=\"ngimages\" style=\"display:none\"><\/div>\r\n\t\t\t<div id=\"report_4979_1542639\" class=\"report\"><\/div>\r\n\t\t<\/div>\r\n\t\t\r\n\t\t<script type=\"text\/javascript\">\r\n\r\n\t\t\tjQuery(document).ready(function() {\r\n\r\n\t\t\t\tjQuery( \"#wpgpxmaps_4979_1542639\" ).wpgpxmaps( {\r\n\t\t\t\t\ttargetId           : \"4979_1542639\",\r\n\t\t\t\t\tmapType            : \"HYBRID\",\r\n\t\t\t\t\tmapData            : [[43.4038680,11.1382270],[43.4038690,11.1379740],[43.4028490,11.1370360],[43.4027180,11.1368780],[43.4030740,11.1355930],[43.4031160,11.1353970],[43.4032010,11.1350840],[43.4033170,11.1347400],[43.4034080,11.1345790],[43.4035790,11.1344320],[43.4040010,11.1343100],[43.4041120,11.1342830],[43.4040910,11.1344710],[43.4039910,11.1345390],[43.4041030,11.1347830],[43.4042200,11.1351410],[43.4043340,11.1355150],[43.4044850,11.1358110],[43.4046080,11.1359490],[43.4047350,11.1356350],[43.4048300,11.1355880],[43.4049260,11.1352760],[43.4050120,11.1352300],[43.4052070,11.1353810],[43.4053470,11.1353780],[43.4056060,11.1351760],[43.4057230,11.1351670],[43.4058540,11.1352670],[43.4062760,11.1352350],[43.4064500,11.1352070],[43.4065720,11.1351270],[43.4068330,11.1350370],[43.4072320,11.1350900],[43.4074010,11.1350550],[43.4077410,11.1350690],[43.4081490,11.1349080],[43.4083980,11.1351010],[43.4085140,11.1351840],[43.4086680,11.1354200],[43.4086470,11.1355550],[43.4086590,11.1356780],[43.4087790,11.1357560],[43.4089240,11.1356660],[43.4090490,11.1357400],[43.4092540,11.1359390],[43.4093010,11.1360930],[43.4095390,11.1362740],[43.4095150,11.1364290],[43.4099000,11.1365810],[43.4099870,11.1365170],[43.4100820,11.1364150],[43.4103220,11.1365500],[43.4107690,11.1372820],[43.4112240,11.1381380],[43.4113330,11.1382810],[43.4116480,11.1383650],[43.4117420,11.1382960],[43.4118700,11.1380930],[43.4120680,11.1382850],[43.4122000,11.1382480],[43.4122620,11.1378020],[43.4123450,11.1375020],[43.4125080,11.1373170],[43.4130040,11.1372140],[43.4130920,11.1370910],[43.4139960,11.1368660],[43.4142560,11.1367290],[43.4145480,11.1362930],[43.4145660,11.1361630],[43.4145280,11.1359650],[43.4146000,11.1358040],[43.4146470,11.1354730],[43.4146960,11.1353090],[43.4147420,11.1351580],[43.4150450,11.1347860],[43.4152620,11.1345990],[43.4155990,11.1345540],[43.4159480,11.1345480],[43.4160870,11.1344600],[43.4162080,11.1344630],[43.4163250,11.1345310],[43.4164200,11.1346940],[43.4166550,11.1347030],[43.4167640,11.1346690],[43.4172670,11.1343500],[43.4177860,11.1340710],[43.4178260,11.1339380],[43.4178310,11.1337350],[43.4179160,11.1336140],[43.4180160,11.1336260],[43.4183810,11.1339890],[43.4186510,11.1340530],[43.4190420,11.1339000],[43.4192560,11.1338660],[43.4195610,11.1335080],[43.4196580,11.1333700],[43.4197670,11.1333050],[43.4199620,11.1328910],[43.4201410,11.1327870],[43.4204870,11.1322400],[43.4205880,11.1321840],[43.4207020,11.1323340],[43.4209290,11.1321140],[43.4213120,11.1319270],[43.4214390,11.1317330],[43.4217960,11.1313240],[43.4223400,11.1310350],[43.4227860,11.1306580],[43.4232740,11.1306410],[43.4235440,11.1308640],[43.4237130,11.1308920],[43.4229930,11.1299740],[43.4228800,11.1297840],[43.4226790,11.1295330],[43.4225960,11.1293350],[43.4225600,11.1291190],[43.4229090,11.1279890],[43.4229840,11.1277400],[43.4230330,11.1275700],[43.4231320,11.1272460],[43.4233250,11.1266130],[43.4228550,11.1266940],[43.4224150,11.1267490],[43.4221440,11.1267750],[43.4217030,11.1268250],[43.4210390,11.1269010],[43.4204510,11.1269580],[43.4201070,11.1269630],[43.4199500,11.1270460],[43.4201580,11.1265120],[43.4202870,11.1261120],[43.4203910,11.1258940],[43.4201720,11.1257080],[43.4199440,11.1255260],[43.4195300,11.1252520],[43.4194590,11.1254290],[43.4193080,11.1253310],[43.4192200,11.1252740],[43.4191340,11.1250080],[43.4190480,11.1249480],[43.4189570,11.1254410],[43.4188870,11.1258230],[43.4187560,11.1265380],[43.4186530,11.1271040],[43.4184140,11.1284010],[43.4182090,11.1295230],[43.4175660,11.1304000],[43.4173580,11.1306860],[43.4171970,11.1309060],[43.4169250,11.1311780],[43.4164150,11.1316220],[43.4161210,11.1317680],[43.4160300,11.1317540],[43.4157580,11.1312110],[43.4157130,11.1309540],[43.4155990,11.1305760],[43.4157280,11.1299500],[43.4157080,11.1297910],[43.4157280,11.1299500],[43.4155990,11.1305760],[43.4155030,11.1302600],[43.4154130,11.1303210],[43.4150590,11.1291740],[43.4149740,11.1289700],[43.4149020,11.1288640],[43.4146180,11.1287510],[43.4140460,11.1290530],[43.4138850,11.1291100],[43.4135690,11.1291460],[43.4134040,11.1291150],[43.4130730,11.1289890],[43.4121540,11.1283810],[43.4118870,11.1282080],[43.4116700,11.1281050],[43.4112240,11.1280270],[43.4104850,11.1280930],[43.4101830,11.1282100],[43.4101050,11.1283060],[43.4099260,11.1280790],[43.4097300,11.1278410],[43.4089530,11.1276030],[43.4089970,11.1271890],[43.4088850,11.1270370],[43.4089160,11.1268970],[43.4089920,11.1265270],[43.4090150,11.1263660],[43.4087430,11.1260230],[43.4079150,11.1255830],[43.4078370,11.1253640],[43.4076970,11.1252960],[43.4074480,11.1253380],[43.4071780,11.1253140],[43.4071890,11.1254970],[43.4071670,11.1257340],[43.4069520,11.1268500],[43.4069290,11.1270500],[43.4069290,11.1272440],[43.4066660,11.1272090],[43.4057740,11.1270020],[43.4056920,11.1268670],[43.4055830,11.1268620],[43.4054540,11.1268550],[43.4049310,11.1269390],[43.4046350,11.1269310],[43.4044220,11.1268920],[43.4041990,11.1268650],[43.4038270,11.1270320],[43.4035100,11.1273900],[43.4029740,11.1282880],[43.4028300,11.1290340],[43.4027410,11.1292230],[43.4026770,11.1295660],[43.4026870,11.1297480],[43.4027250,11.1299120],[43.4028410,11.1300230],[43.4034350,11.1306670],[43.4034730,11.1308370],[43.4034300,11.1319630],[43.4034300,11.1322530],[43.4034580,11.1324790],[43.4036050,11.1330970],[43.4037830,11.1335180],[43.4040280,11.1339950],[43.4040580,11.1342160],[43.4042080,11.1341650],[43.4035790,11.1344320],[43.4034440,11.1344490],[43.4032840,11.1347270],[43.4032000,11.1350480],[43.4031160,11.1353970],[43.4030780,11.1355420],[43.4027180,11.1368780],[43.4028490,11.1370360],[43.4038690,11.1379740],[43.4038680,11.1382270],[43.4038660,11.1385970]],\r\n\t\t\t\t\tgraphDist          : [0.00,0.02,0.16,0.18,0.29,0.30,0.33,0.37,0.38,0.40,0.45,0.46,0.48,0.50,0.52,0.55,0.58,0.61,0.63,0.66,0.68,0.70,0.71,0.74,0.75,0.79,0.80,0.82,0.86,0.88,0.90,0.93,0.97,0.99,1.03,1.08,1.11,1.12,1.15,1.16,1.17,1.19,1.20,1.22,1.25,1.26,1.29,1.30,1.35,1.36,1.38,1.41,1.48,1.57,1.59,1.62,1.63,1.66,1.68,1.70,1.73,1.76,1.78,1.84,1.85,1.96,1.99,2.03,2.05,2.06,2.08,2.10,2.12,2.13,2.18,2.21,2.24,2.28,2.30,2.31,2.33,2.34,2.37,2.38,2.44,2.51,2.52,2.54,2.55,2.56,2.61,2.64,2.69,2.71,2.76,2.77,2.78,2.82,2.85,2.91,2.92,2.93,2.97,3.01,3.03,3.08,3.15,3.21,3.26,3.30,3.32,3.43,3.45,3.48,3.49,3.51,3.61,3.63,3.65,3.68,3.73,3.78,3.83,3.86,3.91,3.99,4.05,4.09,4.11,4.16,4.19,4.21,4.24,4.27,4.32,4.34,4.36,4.37,4.39,4.41,4.45,4.48,4.54,4.59,4.69,4.79,4.89,4.92,4.95,4.98,5.05,5.08,5.09,5.15,5.17,5.20,5.25,5.27,5.28,5.33,5.36,5.37,5.47,5.49,5.50,5.54,5.60,5.62,5.66,5.68,5.72,5.83,5.86,5.89,5.94,6.02,6.05,6.07,6.09,6.12,6.22,6.26,6.27,6.29,6.32,6.33,6.37,6.47,6.49,6.51,6.53,6.56,6.58,6.60,6.69,6.71,6.72,6.75,6.85,6.87,6.88,6.90,6.95,6.99,7.01,7.04,7.08,7.12,7.22,7.28,7.30,7.33,7.34,7.36,7.37,7.46,7.47,7.56,7.59,7.60,7.66,7.70,7.74,7.76,7.78,7.86,7.88,7.91,7.93,7.96,7.98,8.09,8.11,8.25,8.27,8.30],\r\n\t\t\t\t\tgraphEle           : [174.41,174.41,174.65,174.72,175.18,175.17,174.73,174.17,173.90,173.54,172.76,172.56,172.31,172.06,171.45,170.57,169.63,168.82,168.33,167.44,167.08,166.35,166.16,165.70,165.41,164.81,164.58,164.27,163.42,163.06,162.79,162.52,162.14,161.98,161.65,161.25,160.94,160.78,160.50,160.38,160.27,160.11,159.92,159.75,159.45,159.30,158.97,158.81,157.96,157.77,157.54,157.06,155.74,153.55,153.09,152.11,151.78,151.18,150.44,150.03,149.32,148.83,148.39,147.34,147.08,146.47,146.62,146.84,146.90,146.97,147.05,147.21,147.40,147.57,148.16,148.53,149.02,149.53,149.75,149.72,149.67,149.60,149.51,149.46,149.23,148.85,148.60,148.24,147.93,147.68,146.59,145.92,144.93,144.39,143.34,142.97,142.66,141.71,141.19,139.88,139.76,139.59,139.29,138.84,138.63,138.12,137.88,137.79,137.70,137.64,137.84,139.26,139.52,139.91,140.15,140.39,141.76,142.06,142.26,142.65,143.62,144.69,145.68,146.30,147.29,148.79,150.11,150.88,151.15,151.57,151.88,152.06,152.31,152.56,153.26,153.56,153.91,154.11,154.56,154.76,155.52,156.11,157.83,159.46,163.21,164.77,166.31,166.42,166.31,166.16,165.88,165.73,165.69,165.67,165.67,165.67,165.68,165.68,165.68,166.00,166.26,166.36,167.31,167.49,167.71,168.91,171.41,172.09,173.38,174.06,175.81,182.49,184.43,185.94,188.53,192.61,194.34,194.91,196.25,197.38,200.80,202.13,202.74,203.16,203.91,204.11,204.73,206.22,206.52,206.66,206.57,206.48,206.43,206.37,206.08,205.96,205.77,205.41,204.18,204.00,203.86,203.68,201.64,200.43,199.55,198.63,197.02,195.34,191.86,189.55,188.87,188.07,187.66,187.28,186.84,184.51,184.11,181.15,180.33,179.68,177.84,176.47,176.03,175.92,175.81,175.31,175.19,175.04,175.03,175.02,175.02,174.98,174.98,174.98,174.98,174.98],\r\n\t\t\t\t\tgraphSpeed         : [],\r\n\t\t\t\t\tgraphHr            : [],\r\n\t\t\t\t\tgraphAtemp         : [],\r\n\t\t\t\t\tgraphCad           : [],\r\n\t\t\t\t\tgraphGrade         : [],\r\n\t\t\t\t\twaypoints          : [],\r\n\t\t\t\t\tunit               : \"2\",\r\n\t\t\t\t\tunitspeed          : \"0\",\r\n\t\t\t\t\tcolor1             : [\"#3366cc\"],\r\n\t\t\t\t\tcolor2             : \"#3366cc\",\r\n\t\t\t\t\tcolor3             : \"#ff0000\",\r\n\t\t\t\t\tcolor4             : \"#ff77bd\",\r\n\t\t\t\t\tcolor5             : \"#beecff\",\r\n\t\t\t\t\tcolor6             : \"#beecff\",\r\n\t\t\t\t\tcolor7             : \"#ff77bd\",\r\n\t\t\t\t\tchartFrom1         : \"\",\r\n\t\t\t\t\tchartTo1           : \"\",\r\n\t\t\t\t\tchartFrom2         : \"\",\r\n\t\t\t\t\tchartTo2           : \"\",\r\n\t\t\t\t\tstartIcon          : \"\",\r\n\t\t\t\t\tendIcon            : \"\",\r\n\t\t\t\t\tcurrentIcon        : \"\",\r\n\t\t\t\t\twaypointIcon       : \"https:\/\/lavia.cc\/gpx\/wp-content\/uploads\/gpx\/cropped-icona.ico\",\r\n\t\t\t\t\tcurrentpositioncon : \"\",\r\n\t\t\t\t\tusegpsposition     : \"\",\r\n\t\t\t\t\tzoomOnScrollWheel  : \"\",\r\n\t\t\t\t\tngGalleries        : [],\r\n\t\t\t\t\tngImages           : [],\r\n\t\t\t\t\tpluginUrl          : \"https:\/\/lavia.cc\/gpx\/wp-content\/plugins\",\r\n\t\t\t\t\tTFApiKey           : \"\",\r\n\t\t\t\t\tMapBoxApiKey           : \"\",\r\n\t\t\t\t\tlangs              : {\r\n\t\t\t\t\t\taltitude        : \"Altitudine\",\r\n\t\t\t\t\t\tcurrentPosition : \"Current position\",\r\n\t\t\t\t\t\tspeed           : \"Velocit\u00e0\",\r\n\t\t\t\t\t\tgrade           : \"Grade\",\r\n\t\t\t\t\t\theartRate       : \"Battito Cardiaco\",\r\n\t\t\t\t\t\tatemp           : \"Temperature\",\r\n\t\t\t\t\t\tcadence         : \"Cadenza\",\r\n\t\t\t\t\t\tgoFullScreen    : \"Go full screen\",\r\n\t\t\t\t\t\texitFullFcreen  : \"Exit full screen\",\r\n\t\t\t\t\t\thideImages      : \"Hide images\",\r\n\t\t\t\t\t\tshowImages      : \"Show images\",\r\n\t\t\t\t\t\tbackToCenter\t: \"Ritorna al centro della mappa\"\r\n\t\t\t\t\t}\r\n\t\t\t\t});\r\n\r\n\t\t\t});\r\n\r\n\t\t<\/script>\n<p>\ud83d\udfe2 Scarica la traccia e Segui\u00a0<a href=\"https:\/\/www.instagram.com\/lavia.cc\/\" target=\"_blank\" rel=\"noopener\">LAVIA<\/a>!<\/p>\n<p>&nbsp;<\/p>\n","protected":false},"excerpt":{"rendered":"<p><strong>\ud83d\udccd TRACCIA CARICATA DA: <a href=\"https:\/\/www.instagram.com\/cubadogtrekking\/\" target=\"_blank\" rel=\"noopener\">@cubadogtrekking<\/a><\/strong><\/p>\n<p>Il Parco fluviale dell\u2019Elsa \u00e8 un suggestivo sentiero lungo il quale sono presenti numerosi punti di interesse naturalistico e storico. Questa traccia GPX comprende inoltre anche un breve itinerario urbano nella parte bassa di Colle di Val d\u2019Elsa, cittadina legata da sempre all&#8217;omonimo fiume &#8211; il cui uso meccanico delle acque ha garantito un rapido sviluppo industriale. Ancora oggi, infatti, \u00e8 nota come &#8220;Citt\u00e0 della carta&#8221; (per le numerose cartiere, le cui macchine venivano alimentate dalla forza motrice del fiume) e &#8220;Citt\u00e0 del Cristallo&#8221; (di cui \u00e8 uno dei maggiori produttori mondiali e alla cui attivit\u00e0 stato dedicato proprio il Museo del Cristallo). \u00c8 il percorso ideale per chi cerca un itinerario piacevole (e relativamente facile), per chi ha uno o pi\u00f9 cani che amano l&#8217;acqua, per chi vuole godere di un po&#8217; di fresco e di un bel bagno!<\/p>\n<p>\ud83d\udfe2 Segui\u00a0<strong>LAVIA,<\/strong>\u00a0arriva alla\u00a0<strong>META<\/strong>!<\/p>\n","protected":false},"featured_media":4983,"comment_status":"open","ping_status":"closed","template":"","meta":[],"product_brand":[],"product_cat":[31,720],"product_tag":[853,127,126],"class_list":{"0":"post-4979","1":"product","2":"type-product","3":"status-publish","4":"has-post-thumbnail","6":"product_cat-escursionismo","7":"product_cat-dog-walking","8":"product_tag-colle-di-val-delsa","9":"product_tag-siena","10":"product_tag-toscana","12":"first","13":"instock","14":"downloadable","15":"virtual","16":"product-type-simple"},"_links":{"self":[{"href":"https:\/\/lavia.cc\/gpx\/wp-json\/wp\/v2\/product\/4979","targetHints":{"allow":["GET"]}}],"collection":[{"href":"https:\/\/lavia.cc\/gpx\/wp-json\/wp\/v2\/product"}],"about":[{"href":"https:\/\/lavia.cc\/gpx\/wp-json\/wp\/v2\/types\/product"}],"replies":[{"embeddable":true,"href":"https:\/\/lavia.cc\/gpx\/wp-json\/wp\/v2\/comments?post=4979"}],"version-history":[{"count":7,"href":"https:\/\/lavia.cc\/gpx\/wp-json\/wp\/v2\/product\/4979\/revisions"}],"predecessor-version":[{"id":6023,"href":"https:\/\/lavia.cc\/gpx\/wp-json\/wp\/v2\/product\/4979\/revisions\/6023"}],"wp:featuredmedia":[{"embeddable":true,"href":"https:\/\/lavia.cc\/gpx\/wp-json\/wp\/v2\/media\/4983"}],"wp:attachment":[{"href":"https:\/\/lavia.cc\/gpx\/wp-json\/wp\/v2\/media?parent=4979"}],"wp:term":[{"taxonomy":"product_brand","embeddable":true,"href":"https:\/\/lavia.cc\/gpx\/wp-json\/wp\/v2\/product_brand?post=4979"},{"taxonomy":"product_cat","embeddable":true,"href":"https:\/\/lavia.cc\/gpx\/wp-json\/wp\/v2\/product_cat?post=4979"},{"taxonomy":"product_tag","embeddable":true,"href":"https:\/\/lavia.cc\/gpx\/wp-json\/wp\/v2\/product_tag?post=4979"}],"curies":[{"name":"wp","href":"https:\/\/api.w.org\/{rel}","templated":true}]}}