{"id":5055,"date":"2023-03-14T09:49:07","date_gmt":"2023-03-14T08:49:07","guid":{"rendered":"https:\/\/lavia.cc\/gpx\/?post_type=product&#038;p=5055"},"modified":"2024-07-23T09:58:02","modified_gmt":"2024-07-23T07:58:02","slug":"escursione-mtb-sul-monte-sole","status":"publish","type":"product","link":"https:\/\/lavia.cc\/gpx\/tracce\/escursione-mtb-sul-monte-sole\/","title":{"rendered":"Escursione ad anello in MTB sul Monte Sole"},"content":{"rendered":"<h5>Escursione ad anello in MTB sul Monte Sole<\/h5>\n<p>\ud83d\udeb2 Tipologia di bici consigliate: <a href=\"https:\/\/lavia.cc\/gpx\/categoria-tracce\/mtb\/\" target=\"_blank\" rel=\"noopener\">MTB<\/a> \/ E-MTB<\/p>\n<p>\ud83d\udd5c Itinerario percorribile tutto l&#8217;anno<\/p>\n<p>\u27a1\ufe0f Clicca qui per andare al punto di partenza:\u00a0<a href=\"https:\/\/www.google.it\/maps\/place\/Parcheggio+pubblico+gratuito+1\/@44.3162613,11.2560863,18.25z\/data=!4m9!1m2!2m1!1sVia+Mario+Musolesi,+Vado,+BO!3m5!1s0x132ad72b83533a13:0xe920cb5005249cbd!8m2!3d44.3163859!4d11.2569674!16s%2Fg%2F11h_v_49lb?hl=it&amp;authuser=0\" target=\"_blank\" rel=\"noopener\">GOOGLE MAPS<\/a> (Parcheggio Pubblico, Vado di Monzuno)<\/p>\n<p>\ud83d\uddfa\ufe0f Mappa e altimetria della traccia &#8220;Escursione ad anello in <strong>MTB sul Monte Sole<\/strong>&#8220;:<\/p>\n\r\n\t\t<div id=\"wpgpxmaps_5055_1050615\" class=\"wpgpxmaps\">\r\n\t\t\t<div id=\"map_5055_1050615_cont\" style=\"width:100%; height:450px;position:relative\" >\r\n\t\t\t\t<div id=\"map_5055_1050615\" style=\"width:100%; height:450px\"><\/div>\r\n\t\t\t\t<div id=\"wpgpxmaps_5055_1050615_osm_footer\" class=\"wpgpxmaps_osm_footer\" style=\"display:none;\"><span> &copy; <a href=\"http:\/\/www.openstreetmap.org\/copyright\" target=\"_blank\" rel=\"noopener\">OpenStreetMap<\/a> contributors<\/span><\/div>\r\n\t\t\t<\/div>\r\n\t\t\t<canvas id=\"myChart_5055_1050615\" class=\"plot\" style=\"width:100%; height:200px\"><\/canvas>\r\n\t\t\t<div id=\"ngimages_5055_1050615\" class=\"ngimages\" style=\"display:none\"><\/div>\r\n\t\t\t<div id=\"report_5055_1050615\" class=\"report\"><\/div>\r\n\t\t<\/div>\r\n\t\t\r\n\t\t<script type=\"text\/javascript\">\r\n\r\n\t\t\tjQuery(document).ready(function() {\r\n\r\n\t\t\t\tjQuery( \"#wpgpxmaps_5055_1050615\" ).wpgpxmaps( {\r\n\t\t\t\t\ttargetId           : \"5055_1050615\",\r\n\t\t\t\t\tmapType            : \"HYBRID\",\r\n\t\t\t\t\tmapData            : [[44.3164210,11.2568460],[44.3158820,11.2567250],[44.3154470,11.2566780],[44.3153430,11.2566410],[44.3152470,11.2565470],[44.3153470,11.2564280],[44.3150120,11.2560780],[44.3139980,11.2551240],[44.3138540,11.2549730],[44.3136450,11.2547720],[44.3126010,11.2537760],[44.3124980,11.2536930],[44.3123400,11.2534380],[44.3115140,11.2519580],[44.3114000,11.2518130],[44.3111310,11.2516710],[44.3102080,11.2513690],[44.3097000,11.2511320],[44.3093810,11.2508260],[44.3092210,11.2506120],[44.3090910,11.2503900],[44.3076200,11.2472410],[44.3074500,11.2469640],[44.3072740,11.2467750],[44.3059430,11.2458250],[44.3055210,11.2454570],[44.3050360,11.2449670],[44.3045570,11.2448470],[44.3042800,11.2446530],[44.3028720,11.2431900],[44.3022190,11.2425260],[44.3020450,11.2424010],[44.3015840,11.2421740],[44.3014880,11.2420930],[44.3010930,11.2416540],[44.3004410,11.2410810],[44.3002920,11.2409620],[44.3001960,11.2408860],[44.2992770,11.2399140],[44.2989160,11.2393410],[44.2984430,11.2384680],[44.2981440,11.2379910],[44.2978390,11.2374030],[44.2973840,11.2363390],[44.2973290,11.2352470],[44.2972120,11.2345050],[44.2971740,11.2343550],[44.2970980,11.2342190],[44.2967510,11.2336990],[44.2965470,11.2333490],[44.2964980,11.2331560],[44.2964800,11.2329850],[44.2964650,11.2327590],[44.2965850,11.2321650],[44.2966740,11.2318460],[44.2966470,11.2316540],[44.2965280,11.2314470],[44.2968690,11.2304060],[44.2969150,11.2302730],[44.2963860,11.2280860],[44.2957030,11.2248750],[44.2955710,11.2246200],[44.2949450,11.2237380],[44.2948270,11.2234800],[44.2946980,11.2229850],[44.2946680,11.2225420],[44.2947010,11.2219170],[44.2948440,11.2212500],[44.2948280,11.2209640],[44.2944990,11.2196330],[44.2939150,11.2172620],[44.2930840,11.2142290],[44.2923260,11.2125980],[44.2922570,11.2122200],[44.2922520,11.2118340],[44.2924270,11.2114910],[44.2924810,11.2112820],[44.2924380,11.2109970],[44.2920830,11.2103290],[44.2920140,11.2101610],[44.2920650,11.2099190],[44.2923240,11.2095680],[44.2924360,11.2094170],[44.2925390,11.2091450],[44.2925570,11.2085330],[44.2924090,11.2081400],[44.2923270,11.2077580],[44.2922990,11.2074680],[44.2924090,11.2072610],[44.2928080,11.2068070],[44.2930980,11.2063870],[44.2938850,11.2052560],[44.2940730,11.2050780],[44.2943590,11.2051560],[44.2949370,11.2049370],[44.2951230,11.2048540],[44.2958520,11.2046690],[44.2962220,11.2044760],[44.2966040,11.2040590],[44.2971450,11.2032870],[44.2977180,11.2028590],[44.2980930,11.2028810],[44.2986680,11.2024470],[44.2989180,11.2023570],[44.2995700,11.2025310],[44.3002750,11.2024380],[44.3008400,11.2028780],[44.3016070,11.2030250],[44.3018080,11.2031940],[44.3020100,11.2034570],[44.3027550,11.2035110],[44.3046400,11.2033240],[44.3052600,11.2028230],[44.3056440,11.2020720],[44.3059010,11.2020190],[44.3065670,11.2024350],[44.3071770,11.2031910],[44.3072870,11.2032090],[44.3074400,11.2030160],[44.3075960,11.2023380],[44.3077240,11.2023330],[44.3078860,11.2026600],[44.3080700,11.2026720],[44.3082460,11.2024700],[44.3083960,11.2021160],[44.3089260,11.2012390],[44.3097300,11.2015500],[44.3098780,11.2014500],[44.3096210,11.1993040],[44.3096860,11.1991840],[44.3097880,11.1991170],[44.3103120,11.1991300],[44.3108140,11.1992220],[44.3107990,11.1997030],[44.3108160,11.1999140],[44.3109590,11.2001820],[44.3110360,11.2002570],[44.3112150,11.2003300],[44.3116060,11.2004070],[44.3117710,11.2005310],[44.3119820,11.2008510],[44.3129800,11.2021010],[44.3133200,11.2026010],[44.3137260,11.2030260],[44.3139280,11.2032530],[44.3140260,11.2034360],[44.3142000,11.2036690],[44.3143860,11.2038070],[44.3153210,11.2041750],[44.3154230,11.2043460],[44.3154580,11.2046070],[44.3155080,11.2056400],[44.3154530,11.2059030],[44.3154010,11.2078500],[44.3153650,11.2081820],[44.3153160,11.2084120],[44.3152100,11.2086160],[44.3150350,11.2088010],[44.3149640,11.2089850],[44.3149850,11.2091220],[44.3149660,11.2092880],[44.3148000,11.2100290],[44.3147300,11.2102000],[44.3146710,11.2101980],[44.3145940,11.2103040],[44.3145170,11.2103490],[44.3146100,11.2104300],[44.3146970,11.2104030],[44.3146840,11.2103280],[44.3146720,11.2102400],[44.3145970,11.2103000],[44.3145290,11.2103550],[44.3145710,11.2104110],[44.3146660,11.2104270],[44.3147140,11.2103400],[44.3146750,11.2102480],[44.3146150,11.2102630],[44.3145310,11.2103180],[44.3146280,11.2104190],[44.3147140,11.2103840],[44.3146820,11.2103020],[44.3146950,11.2102370],[44.3146120,11.2102620],[44.3145730,11.2103290],[44.3144950,11.2103710],[44.3145830,11.2104130],[44.3146870,11.2103880],[44.3146670,11.2103070],[44.3146790,11.2102530],[44.3145900,11.2102880],[44.3146740,11.2103120],[44.3146920,11.2102820],[44.3146670,11.2102420],[44.3146750,11.2102200],[44.3146530,11.2102270],[44.3146920,11.2102900],[44.3146770,11.2101410],[44.3146590,11.2099900],[44.3146470,11.2098610],[44.3145500,11.2098150],[44.3144680,11.2099290],[44.3143710,11.2103560],[44.3143180,11.2105060],[44.3141810,11.2110870],[44.3138540,11.2122740],[44.3138230,11.2125810],[44.3137840,11.2127190],[44.3134260,11.2133520],[44.3130140,11.2137060],[44.3128120,11.2139220],[44.3127380,11.2140340],[44.3126390,11.2143230],[44.3125720,11.2144220],[44.3124390,11.2144520],[44.3122590,11.2144230],[44.3119710,11.2143080],[44.3118300,11.2143580],[44.3117500,11.2146950],[44.3116680,11.2151080],[44.3115330,11.2162460],[44.3114740,11.2165970],[44.3115050,11.2167860],[44.3114430,11.2173350],[44.3109850,11.2182060],[44.3108100,11.2183920],[44.3106890,11.2185830],[44.3104300,11.2193710],[44.3103180,11.2196870],[44.3102560,11.2197850],[44.3101190,11.2198910],[44.3099290,11.2199430],[44.3093240,11.2198140],[44.3092030,11.2197630],[44.3091140,11.2197170],[44.3084820,11.2188430],[44.3080970,11.2185260],[44.3080290,11.2184110],[44.3079810,11.2182280],[44.3079120,11.2180840],[44.3075960,11.2178920],[44.3074380,11.2178920],[44.3073140,11.2178440],[44.3071560,11.2177290],[44.3070630,11.2177210],[44.3069250,11.2178230],[44.3068060,11.2177770],[44.3066200,11.2177860],[44.3064690,11.2179110],[44.3056990,11.2183050],[44.3054720,11.2183820],[44.3052050,11.2181760],[44.3044850,11.2183050],[44.3043480,11.2183730],[44.3040880,11.2185610],[44.3039810,11.2185450],[44.3038210,11.2184480],[44.3036010,11.2182570],[44.3032840,11.2180900],[44.3031610,11.2180630],[44.3030160,11.2180800],[44.3028570,11.2182410],[44.3027370,11.2184690],[44.3025800,11.2186310],[44.3022180,11.2194000],[44.3022180,11.2195850],[44.3021910,11.2197150],[44.3021100,11.2199510],[44.3020310,11.2201610],[44.3020160,11.2207040],[44.3019180,11.2210110],[44.3018930,11.2213040],[44.3020890,11.2210760],[44.3021660,11.2208610],[44.3023000,11.2208320],[44.3022150,11.2210760],[44.3022700,11.2215770],[44.3023650,11.2220330],[44.3024890,11.2221370],[44.3026650,11.2221770],[44.3029120,11.2222860],[44.3029910,11.2223520],[44.3030780,11.2226060],[44.3028980,11.2233160],[44.3029010,11.2237640],[44.3027820,11.2238370],[44.3027620,11.2240590],[44.3026190,11.2242980],[44.3024660,11.2249760],[44.3025970,11.2253720],[44.3026050,11.2261440],[44.3025470,11.2262700],[44.3019230,11.2260860],[44.3014030,11.2263080],[44.3006980,11.2268100],[44.3004760,11.2271080],[44.3003970,11.2276930],[44.3004110,11.2280190],[44.3005260,11.2284950],[44.3003850,11.2300040],[44.3002820,11.2301400],[44.3000930,11.2307570],[44.2999280,11.2311280],[44.2997800,11.2313380],[44.2995840,11.2317680],[44.2991630,11.2321150],[44.2990620,11.2321410],[44.2989230,11.2320620],[44.2986920,11.2321310],[44.2986950,11.2323510],[44.2988270,11.2328240],[44.2988030,11.2331610],[44.2987440,11.2334180],[44.2987860,11.2335760],[44.2987890,11.2339460],[44.2986380,11.2341440],[44.2984770,11.2345010],[44.2984910,11.2347180],[44.2985670,11.2349000],[44.2986870,11.2350840],[44.2988340,11.2352380],[44.2989600,11.2356360],[44.2989140,11.2357550],[44.2985840,11.2355350],[44.2984680,11.2355200],[44.2983520,11.2355060],[44.2984350,11.2356150],[44.2984820,11.2358350],[44.2985240,11.2361700],[44.2986400,11.2367580],[44.2988670,11.2376250],[44.2990930,11.2384140],[44.2994080,11.2391490],[44.2993350,11.2392440],[44.2996440,11.2399190],[44.2999320,11.2403190],[44.3002160,11.2406450],[44.3001960,11.2408860],[44.3002920,11.2409620],[44.3004410,11.2410810],[44.3010930,11.2416540],[44.3014880,11.2420930],[44.3015840,11.2421740],[44.3020450,11.2424010],[44.3022190,11.2425260],[44.3028720,11.2431900],[44.3042800,11.2446530],[44.3045570,11.2448470],[44.3050360,11.2449670],[44.3055210,11.2454570],[44.3059430,11.2458250],[44.3072740,11.2467750],[44.3074500,11.2469640],[44.3076200,11.2472410],[44.3090910,11.2503900],[44.3092210,11.2506120],[44.3093810,11.2508260],[44.3097000,11.2511320],[44.3102080,11.2513690],[44.3111310,11.2516710],[44.3114000,11.2518130],[44.3115140,11.2519580],[44.3123400,11.2534380],[44.3124980,11.2536930],[44.3126010,11.2537760],[44.3136450,11.2547720],[44.3138540,11.2549730],[44.3139980,11.2551240],[44.3150010,11.2560680],[44.3153470,11.2564280],[44.3152470,11.2565470],[44.3150520,11.2567800],[44.3149880,11.2566870],[44.3150550,11.2566470],[44.3148420,11.2563590],[44.3150120,11.2560780],[44.3153470,11.2564280],[44.3152470,11.2565470],[44.3153430,11.2566410],[44.3154470,11.2566780],[44.3158820,11.2567250],[44.3164210,11.2568460]],\r\n\t\t\t\t\tgraphDist          : [0.00,0.06,0.11,0.12,0.13,0.15,0.20,0.33,0.35,0.38,0.52,0.53,0.56,0.71,0.73,0.76,0.86,0.92,0.97,0.99,1.01,1.31,1.34,1.37,1.53,1.59,1.66,1.71,1.74,1.94,2.03,2.05,2.10,2.12,2.17,2.26,2.28,2.29,2.42,2.48,2.57,2.62,2.67,2.77,2.86,2.92,2.93,2.95,3.00,3.04,3.06,3.07,3.09,3.14,3.16,3.18,3.20,3.29,3.30,3.49,3.75,3.78,3.88,3.90,3.94,3.98,4.03,4.08,4.11,4.22,4.42,4.68,4.83,4.86,4.89,4.93,4.95,4.97,5.04,5.05,5.07,5.11,5.13,5.15,5.20,5.24,5.27,5.29,5.31,5.37,5.42,5.54,5.57,5.60,5.67,5.69,5.77,5.81,5.87,5.95,6.03,6.07,6.14,6.17,6.24,6.32,6.40,6.48,6.51,6.54,6.62,6.83,6.91,6.99,7.02,7.10,7.19,7.20,7.22,7.28,7.30,7.33,7.35,7.37,7.41,7.50,7.59,7.61,7.78,7.80,7.81,7.87,7.92,7.96,7.98,8.01,8.02,8.04,8.08,8.10,8.14,8.29,8.34,8.40,8.43,8.45,8.47,8.50,8.61,8.62,8.64,8.73,8.75,8.90,8.93,8.95,8.97,8.99,9.01,9.02,9.04,9.10,9.11,9.12,9.14,9.15,9.16,9.17,9.18,9.19,9.20,9.21,9.23,9.24,9.25,9.26,9.27,9.28,9.30,9.31,9.32,9.33,9.34,9.35,9.36,9.37,9.38,9.40,9.41,9.42,9.43,9.44,9.46,9.47,9.48,9.49,9.50,9.51,9.53,9.54,9.55,9.59,9.60,9.65,9.75,9.78,9.79,9.85,9.91,9.94,9.95,9.97,9.98,10.00,10.02,10.05,10.07,10.10,10.13,10.22,10.25,10.27,10.31,10.40,10.42,10.44,10.51,10.54,10.55,10.57,10.59,10.66,10.67,10.68,10.78,10.83,10.84,10.86,10.87,10.91,10.93,10.94,10.96,10.97,10.99,11.00,11.02,11.04,11.13,11.16,11.19,11.27,11.29,11.32,11.33,11.35,11.38,11.42,11.43,11.45,11.47,11.50,11.52,11.59,11.61,11.62,11.64,11.66,11.70,11.73,11.75,11.78,11.80,11.81,11.84,11.88,11.91,11.93,11.95,11.98,11.99,12.01,12.07,12.11,12.12,12.14,12.17,12.22,12.26,12.32,12.33,12.41,12.47,12.56,12.59,12.64,12.66,12.71,12.83,12.84,12.90,12.93,12.96,13.00,13.05,13.07,13.08,13.11,13.13,13.17,13.20,13.22,13.23,13.26,13.28,13.32,13.34,13.35,13.37,13.39,13.43,13.44,13.48,13.49,13.51,13.52,13.54,13.56,13.61,13.69,13.75,13.82,13.83,13.90,13.94,13.99,14.01,14.02,14.04,14.12,14.18,14.19,14.25,14.27,14.36,14.55,14.59,14.64,14.71,14.76,14.93,14.95,14.98,15.28,15.31,15.33,15.37,15.43,15.54,15.57,15.59,15.74,15.76,15.78,15.92,15.95,15.97,16.10,16.15,16.16,16.19,16.20,16.21,16.25,16.28,16.32,16.34,16.35,16.36,16.41,16.47],\r\n\t\t\t\t\tgraphEle           : [161.36,161.36,161.57,161.85,162.15,162.48,163.55,166.62,167.05,167.65,170.21,170.21,170.21,170.32,170.54,170.95,172.30,173.28,174.21,174.75,175.25,179.25,178.85,178.51,176.51,176.18,175.80,175.72,176.40,180.44,182.62,183.15,184.42,184.59,185.35,186.50,186.76,186.92,186.79,186.65,186.39,186.22,186.04,186.63,187.43,188.28,188.57,188.88,190.18,191.01,191.38,191.70,192.11,192.58,192.71,192.79,192.90,193.37,193.40,193.01,194.31,194.36,194.58,194.63,194.58,194.54,194.48,194.42,194.44,194.97,196.68,200.35,203.20,203.79,204.38,205.93,206.84,208.03,211.43,212.22,213.25,215.20,215.93,216.95,218.99,220.47,221.80,222.77,223.16,223.41,223.62,225.05,225.70,226.54,228.24,228.79,231.94,233.71,235.88,239.47,242.54,244.31,247.98,249.61,253.84,258.53,263.29,268.98,270.79,273.18,279.62,298.67,306.58,313.97,316.88,325.05,333.47,334.61,336.72,341.96,343.27,346.96,349.53,352.71,356.82,368.29,379.16,381.32,399.91,401.07,402.27,407.88,413.22,416.74,418.30,420.74,421.70,423.61,427.65,429.56,433.13,448.82,454.70,460.81,463.93,465.90,468.80,471.34,479.59,480.87,482.39,487.95,489.01,496.58,497.50,498.06,498.64,499.35,499.84,500.16,500.55,502.35,502.75,502.64,502.53,502.43,502.30,502.20,502.10,502.01,501.89,501.79,501.68,501.58,501.48,501.36,501.26,501.15,501.02,500.92,500.68,500.33,499.97,499.62,499.29,498.95,498.58,498.22,497.86,497.45,497.03,496.70,496.37,495.95,495.61,495.29,494.91,494.57,494.40,494.22,494.03,493.50,493.26,492.53,492.63,493.22,493.50,495.04,496.33,495.93,495.67,495.14,494.91,494.59,494.16,493.46,493.11,492.52,491.56,488.52,487.57,487.06,485.60,485.50,485.47,485.45,485.38,486.19,486.50,487.01,487.65,489.65,490.06,490.37,491.23,491.20,491.20,491.19,491.18,491.16,490.84,490.55,490.13,489.92,489.56,489.27,488.85,488.44,486.12,485.09,483.73,480.51,479.86,478.06,477.05,475.42,473.00,469.84,468.68,467.32,465.48,463.59,461.61,453.29,451.62,450.39,448.03,445.83,440.92,437.89,435.24,432.05,429.89,428.19,425.76,421.22,416.96,415.15,412.92,409.54,408.39,405.87,399.13,395.13,393.28,390.82,387.39,379.57,374.77,366.36,364.92,356.21,348.95,337.38,332.33,325.35,321.52,315.63,292.76,289.69,279.28,272.55,268.10,260.39,250.06,247.89,244.72,239.72,236.40,231.34,228.06,225.44,223.80,220.21,217.41,213.31,211.60,210.59,209.42,208.21,206.17,205.53,203.13,202.36,201.60,200.85,199.94,199.07,197.49,195.10,193.27,192.13,191.94,190.81,189.99,189.14,188.71,188.45,188.06,186.27,184.89,184.57,183.20,182.65,180.45,176.42,176.28,176.06,175.79,176.27,179.08,178.96,178.82,175.28,174.85,174.40,173.56,172.40,170.50,170.50,170.51,170.45,170.08,169.90,167.97,167.36,166.81,163.10,162.14,162.03,161.82,161.74,161.65,161.40,161.18,160.84,160.78,160.78,160.78,160.78,160.78],\r\n\t\t\t\t\tgraphSpeed         : [],\r\n\t\t\t\t\tgraphHr            : [],\r\n\t\t\t\t\tgraphAtemp         : [],\r\n\t\t\t\t\tgraphCad           : [],\r\n\t\t\t\t\tgraphGrade         : [],\r\n\t\t\t\t\twaypoints          : [],\r\n\t\t\t\t\tunit               : \"2\",\r\n\t\t\t\t\tunitspeed          : \"0\",\r\n\t\t\t\t\tcolor1             : [\"#3366cc\"],\r\n\t\t\t\t\tcolor2             : \"#3366cc\",\r\n\t\t\t\t\tcolor3             : \"#ff0000\",\r\n\t\t\t\t\tcolor4             : \"#ff77bd\",\r\n\t\t\t\t\tcolor5             : \"#beecff\",\r\n\t\t\t\t\tcolor6             : \"#beecff\",\r\n\t\t\t\t\tcolor7             : \"#ff77bd\",\r\n\t\t\t\t\tchartFrom1         : \"\",\r\n\t\t\t\t\tchartTo1           : \"\",\r\n\t\t\t\t\tchartFrom2         : \"\",\r\n\t\t\t\t\tchartTo2           : \"\",\r\n\t\t\t\t\tstartIcon          : \"\",\r\n\t\t\t\t\tendIcon            : \"\",\r\n\t\t\t\t\tcurrentIcon        : \"\",\r\n\t\t\t\t\twaypointIcon       : \"https:\/\/lavia.cc\/gpx\/wp-content\/uploads\/gpx\/cropped-icona.ico\",\r\n\t\t\t\t\tcurrentpositioncon : \"\",\r\n\t\t\t\t\tusegpsposition     : \"\",\r\n\t\t\t\t\tzoomOnScrollWheel  : \"\",\r\n\t\t\t\t\tngGalleries        : [],\r\n\t\t\t\t\tngImages           : [],\r\n\t\t\t\t\tpluginUrl          : \"https:\/\/lavia.cc\/gpx\/wp-content\/plugins\",\r\n\t\t\t\t\tTFApiKey           : \"\",\r\n\t\t\t\t\tMapBoxApiKey           : \"\",\r\n\t\t\t\t\tlangs              : {\r\n\t\t\t\t\t\taltitude        : \"Altitudine\",\r\n\t\t\t\t\t\tcurrentPosition : \"Current position\",\r\n\t\t\t\t\t\tspeed           : \"Velocit\u00e0\",\r\n\t\t\t\t\t\tgrade           : \"Grade\",\r\n\t\t\t\t\t\theartRate       : \"Battito Cardiaco\",\r\n\t\t\t\t\t\tatemp           : \"Temperature\",\r\n\t\t\t\t\t\tcadence         : \"Cadenza\",\r\n\t\t\t\t\t\tgoFullScreen    : \"Go full screen\",\r\n\t\t\t\t\t\texitFullFcreen  : \"Exit full screen\",\r\n\t\t\t\t\t\thideImages      : \"Hide images\",\r\n\t\t\t\t\t\tshowImages      : \"Show images\",\r\n\t\t\t\t\t\tbackToCenter\t: \"Ritorna al centro della mappa\"\r\n\t\t\t\t\t}\r\n\t\t\t\t});\r\n\r\n\t\t\t});\r\n\r\n\t\t<\/script>\n<p>\ud83d\udfe2 Scarica la traccia e Segui\u00a0<strong><a href=\"https:\/\/www.instagram.com\/lavia.cc\/\" target=\"_blank\" rel=\"noopener\">LAVIA<\/a>!<\/strong><\/p>\n","protected":false},"excerpt":{"rendered":"<p>\ud83d\udeb5\ud83c\udffc\u00a0<strong>TRACCIA CARICATA DALLA GUIDA: <a href=\"https:\/\/lavia.cc\/gpx\/morris-teglia-guida-cicloturistica-emilia-romagna\/\" target=\"_blank\" rel=\"noopener\">MORRIS TEGLIA<\/a><\/strong><\/p>\n<p>Escursione ad Anello in MTB sul Monte Sole con partenza dalla localit\u00e0 Vado di Monzuno, un piccolo paesino in provincia di Bologna. Consiglio una sosta iniziale al BAR H per prendere un caff\u00e8 o fare una buona colazione. La prima parte del percorso in direzione Gardeletta \u00e8 su strada asfaltata e\u00a0 permette di fare un buon riscaldamento fino ad arrivare su Via Quercia dove la strada inizia a salire fino ad arrivare a Monte Sole. Il territorio di Monte Sole merita una sosta nei luoghi dove avvenne un tragico evento correlato alla seconda guerra mondiale, qui troviamo il Memoriale della strage di Marzabotto. Arrivati in cima e seguendo la traccia ci troveremo sul Trail 55 e\u00a0 seguendo il percorso in fuoristrada ci riporter\u00e0 al punto di partenza. La discesa \u00e8 un sentiero nel bosco leggermente tecnico ma molto bello, consiglio la prima volta di scendere piano per conoscere bene il tracciato (passare con andatura moderata in zona convento dei frati).<\/p>\n<p>\ud83d\udfe2 Segui\u00a0<strong>LAVIA,<\/strong>\u00a0arriva alla\u00a0<strong>META!<\/strong><\/p>\n<p><a class=\"button\">[popup_trigger id=\"14446\" classes=\"morristeglia\"]\u2709\ufe0f Contatta la GUIDA![\/popup_trigger]<\/a><\/p>\n","protected":false},"featured_media":5059,"comment_status":"open","ping_status":"closed","template":"","meta":[],"product_brand":[],"product_cat":[30,856],"product_tag":[408,105,878],"class_list":{"0":"post-5055","1":"product","2":"type-product","3":"status-publish","4":"has-post-thumbnail","6":"product_cat-cicloturismo","7":"product_cat-mtb","8":"product_tag-bologna","9":"product_tag-emilia-romagna","10":"product_tag-monzuno","12":"first","13":"instock","14":"shipping-taxable","15":"product-type-simple"},"_links":{"self":[{"href":"https:\/\/lavia.cc\/gpx\/wp-json\/wp\/v2\/product\/5055","targetHints":{"allow":["GET"]}}],"collection":[{"href":"https:\/\/lavia.cc\/gpx\/wp-json\/wp\/v2\/product"}],"about":[{"href":"https:\/\/lavia.cc\/gpx\/wp-json\/wp\/v2\/types\/product"}],"replies":[{"embeddable":true,"href":"https:\/\/lavia.cc\/gpx\/wp-json\/wp\/v2\/comments?post=5055"}],"version-history":[{"count":6,"href":"https:\/\/lavia.cc\/gpx\/wp-json\/wp\/v2\/product\/5055\/revisions"}],"predecessor-version":[{"id":14559,"href":"https:\/\/lavia.cc\/gpx\/wp-json\/wp\/v2\/product\/5055\/revisions\/14559"}],"wp:featuredmedia":[{"embeddable":true,"href":"https:\/\/lavia.cc\/gpx\/wp-json\/wp\/v2\/media\/5059"}],"wp:attachment":[{"href":"https:\/\/lavia.cc\/gpx\/wp-json\/wp\/v2\/media?parent=5055"}],"wp:term":[{"taxonomy":"product_brand","embeddable":true,"href":"https:\/\/lavia.cc\/gpx\/wp-json\/wp\/v2\/product_brand?post=5055"},{"taxonomy":"product_cat","embeddable":true,"href":"https:\/\/lavia.cc\/gpx\/wp-json\/wp\/v2\/product_cat?post=5055"},{"taxonomy":"product_tag","embeddable":true,"href":"https:\/\/lavia.cc\/gpx\/wp-json\/wp\/v2\/product_tag?post=5055"}],"curies":[{"name":"wp","href":"https:\/\/api.w.org\/{rel}","templated":true}]}}