{"id":5289,"date":"2023-03-22T16:30:50","date_gmt":"2023-03-22T15:30:50","guid":{"rendered":"https:\/\/lavia.cc\/gpx\/?post_type=product&#038;p=5289"},"modified":"2023-07-04T20:19:08","modified_gmt":"2023-07-04T18:19:08","slug":"via-delle-terme-di-saturnia","status":"publish","type":"product","link":"https:\/\/lavia.cc\/gpx\/tracce\/via-delle-terme-di-saturnia\/","title":{"rendered":"Sulla Via delle Terme di Saturnia &#8211; Paesaggi, cultura e relax"},"content":{"rendered":"<h5>Paesaggi, cultura e relax sulla Via delle Terme di Saturnia<\/h5>\n<p>Le Terme di Saturnia sono una delle attrazioni principali della Toscana!<\/p>\n<p>Giunti in questo luogo, \u00e8 possibile, utilizzando le sorgenti termali gratuite delle Cascate del Mulino, trascorrere una giornata all\u2019insegna del benessere pi\u00f9 totale, immersi in un\u2019acqua curativa e calda nota sin dall\u2019epoca etrusco-romana.<\/p>\n<p>Se anche tu sei incuriosito da questo luogo magico, scarica il percorso e parti all&#8217;avventura!<\/p>\n<p>\u27a1\ufe0f Clicca qui per raggiungere il punto di partenza: <a href=\"https:\/\/www.google.it\/maps\/place\/Nuovo+Parcheggio+a+pagamento+Terme+del+Mulino\/@42.6541802,11.5108157,16.5z\/data=!4m14!1m7!3m6!1s0x13290366b31c96c3:0x2ffca3ed7d65295f!2sCascate+del+Mulino+di+Saturnia!8m2!3d42.6482857!4d11.5126785!16s%2Fg%2F11bccj9bft!3m5!1s0x132903b4d594c3c7:0x5229095fb514c0d!8m2!3d42.6536747!4d11.5114299!16s%2Fg%2F11qg15mlfv\" target=\"_blank\" rel=\"noopener\">GOOGLE MAPS<\/a> (Parcheggio Terme del Mulino)<\/p>\n<p>\ud83d\uddfa\ufe0f Mappa e altimetria dell&#8217;<a href=\"https:\/\/lavia.cc\/gpx\/categoria-tracce\/escursionismo\/\" target=\"_blank\" rel=\"noopener\">escursione<\/a> sulla Via delle Terme di Saturnia:<\/p>\n\r\n\t\t<div id=\"wpgpxmaps_5289_1291250\" class=\"wpgpxmaps\">\r\n\t\t\t<div id=\"map_5289_1291250_cont\" style=\"width:100%; height:450px;position:relative\" >\r\n\t\t\t\t<div id=\"map_5289_1291250\" style=\"width:100%; height:450px\"><\/div>\r\n\t\t\t\t<div id=\"wpgpxmaps_5289_1291250_osm_footer\" class=\"wpgpxmaps_osm_footer\" style=\"display:none;\"><span> &copy; <a href=\"http:\/\/www.openstreetmap.org\/copyright\" target=\"_blank\" rel=\"noopener\">OpenStreetMap<\/a> contributors<\/span><\/div>\r\n\t\t\t<\/div>\r\n\t\t\t<canvas id=\"myChart_5289_1291250\" class=\"plot\" style=\"width:100%; height:200px\"><\/canvas>\r\n\t\t\t<div id=\"ngimages_5289_1291250\" class=\"ngimages\" style=\"display:none\"><\/div>\r\n\t\t\t<div id=\"report_5289_1291250\" class=\"report\"><\/div>\r\n\t\t<\/div>\r\n\t\t\r\n\t\t<script type=\"text\/javascript\">\r\n\r\n\t\t\tjQuery(document).ready(function() {\r\n\r\n\t\t\t\tjQuery( \"#wpgpxmaps_5289_1291250\" ).wpgpxmaps( {\r\n\t\t\t\t\ttargetId           : \"5289_1291250\",\r\n\t\t\t\t\tmapType            : \"HYBRID\",\r\n\t\t\t\t\tmapData            : [[42.6516300,11.5116080],[42.6549790,11.5114240],[42.6560080,11.5113600],[42.6562130,11.5113280],[42.6563450,11.5094700],[42.6563870,11.5066590],[42.6564390,11.5056390],[42.6563570,11.5048640],[42.6562610,11.5043220],[42.6562770,11.5040770],[42.6568400,11.5039460],[42.6578460,11.5035810],[42.6586320,11.5034550],[42.6592130,11.5034640],[42.6595840,11.5035850],[42.6602420,11.5036760],[42.6606910,11.5037620],[42.6608340,11.5038700],[42.6609440,11.5037950],[42.6611100,11.5039130],[42.6617170,11.5040840],[42.6621230,11.5043170],[42.6623780,11.5043910],[42.6624820,11.5047420],[42.6628560,11.5050060],[42.6629770,11.5052070],[42.6630580,11.5054300],[42.6631690,11.5054300],[42.6633190,11.5055110],[42.6635450,11.5055740],[42.6637670,11.5056230],[42.6639820,11.5056230],[42.6641200,11.5055130],[42.6643280,11.5054770],[42.6642620,11.5051260],[42.6642830,11.5050180],[42.6643320,11.5048950],[42.6643900,11.5047940],[42.6643980,11.5046800],[42.6643320,11.5045180],[42.6642640,11.5044220],[42.6641950,11.5042960],[42.6641410,11.5041890],[42.6640840,11.5040940],[42.6640110,11.5039690],[42.6640470,11.5038190],[42.6640960,11.5036580],[42.6641820,11.5037710],[42.6642870,11.5039540],[42.6643500,11.5040680],[42.6644260,11.5042050],[42.6645430,11.5043890],[42.6645830,11.5047510],[42.6646450,11.5049150],[42.6646900,11.5050840],[42.6648930,11.5053690],[42.6655380,11.5062600],[42.6656790,11.5064550],[42.6662810,11.5072810],[42.6665270,11.5076180],[42.6662510,11.5076520],[42.6665270,11.5076180],[42.6671080,11.5077050],[42.6673130,11.5077770],[42.6674330,11.5080040],[42.6675300,11.5082800],[42.6677780,11.5086720],[42.6678790,11.5089090],[42.6680930,11.5095710],[42.6681690,11.5097000],[42.6681670,11.5098410],[42.6682040,11.5100250],[42.6684870,11.5108490],[42.6686010,11.5111730],[42.6685850,11.5114080],[42.6684120,11.5112730],[42.6682610,11.5112100],[42.6681230,11.5111910],[42.6678900,11.5111970],[42.6655870,11.5114700],[42.6649240,11.5115150],[42.6646140,11.5114670],[42.6643200,11.5113850],[42.6640170,11.5112130],[42.6638050,11.5109990],[42.6630020,11.5101890],[42.6627440,11.5100150],[42.6624810,11.5099190],[42.6622260,11.5099390],[42.6619580,11.5100340],[42.6606720,11.5107400],[42.6602410,11.5108790],[42.6600330,11.5109020],[42.6598240,11.5108620],[42.6596210,11.5107720],[42.6594930,11.5106770],[42.6593950,11.5106040],[42.6581660,11.5097190],[42.6580790,11.5096840],[42.6579550,11.5096870],[42.6578100,11.5097900],[42.6577090,11.5099710],[42.6574330,11.5107030],[42.6572260,11.5110010],[42.6570480,11.5111380],[42.6568200,11.5112410],[42.6562460,11.5113820],[42.6560210,11.5114230],[42.6556130,11.5114460],[42.6549820,11.5114820],[42.6516300,11.5116080],[42.6508840,11.5116660],[42.6496970,11.5117460],[42.6494090,11.5117560],[42.6493100,11.5118140],[42.6490250,11.5118070],[42.6482310,11.5118260],[42.6481140,11.5119450],[42.6480980,11.5121730],[42.6481140,11.5119450],[42.6482310,11.5118260],[42.6490250,11.5118070],[42.6493100,11.5118140],[42.6494090,11.5117560],[42.6496970,11.5117460],[42.6508840,11.5116660],[42.6516300,11.5116080],[42.6515640,11.5114600]],\r\n\t\t\t\t\tgraphDist          : [0.00,0.37,0.49,0.51,0.66,0.89,0.98,1.04,1.09,1.11,1.17,1.29,1.38,1.44,1.48,1.56,1.61,1.63,1.64,1.66,1.73,1.78,1.81,1.84,1.89,1.91,1.93,1.94,1.96,1.99,2.01,2.04,2.06,2.08,2.11,2.12,2.13,2.14,2.15,2.17,2.18,2.19,2.20,2.21,2.22,2.24,2.25,2.27,2.29,2.30,2.31,2.33,2.36,2.38,2.39,2.43,2.53,2.55,2.65,2.69,2.72,2.75,2.81,2.84,2.86,2.88,2.93,2.95,3.01,3.02,3.03,3.05,3.12,3.15,3.17,3.20,3.21,3.23,3.25,3.51,3.59,3.62,3.65,3.69,3.72,3.83,3.86,3.89,3.92,3.95,4.11,4.16,4.18,4.20,4.23,4.24,4.26,4.41,4.42,4.44,4.45,4.47,4.54,4.57,4.60,4.62,4.69,4.71,4.76,4.83,5.21,5.29,5.42,5.45,5.46,5.50,5.58,5.60,5.62,5.64,5.66,5.74,5.78,5.79,5.82,5.95,6.04,6.05],\r\n\t\t\t\t\tgraphEle           : [147.54,149.16,150.01,150.25,152.34,156.53,159.59,162.03,163.76,164.88,170.40,180.46,190.72,198.61,203.79,213.46,220.24,222.69,224.53,227.33,236.21,242.09,245.57,249.38,255.16,257.61,259.73,261.04,262.91,265.58,268.19,270.68,272.54,274.97,277.95,278.56,279.23,279.84,280.49,281.38,282.01,282.77,283.39,283.97,284.74,285.52,286.36,287.13,288.24,288.93,289.49,289.45,289.39,289.36,289.34,289.28,288.07,287.03,282.62,280.82,279.09,276.75,271.81,270.02,268.28,266.38,262.73,260.53,254.72,253.39,252.26,250.73,243.82,241.64,240.19,238.55,237.25,236.11,234.19,218.77,215.20,213.53,211.92,210.16,208.71,202.98,201.33,199.77,198.11,196.07,185.86,182.49,180.90,179.29,177.66,176.55,175.70,166.38,165.82,165.05,164.03,162.99,159.69,158.35,157.44,156.37,153.77,152.79,151.85,150.40,146.38,145.53,142.92,142.22,141.96,141.28,140.83,140.80,140.77,140.73,140.70,141.34,142.03,142.29,142.99,144.96,144.96,144.96],\r\n\t\t\t\t\tgraphSpeed         : [],\r\n\t\t\t\t\tgraphHr            : [],\r\n\t\t\t\t\tgraphAtemp         : [],\r\n\t\t\t\t\tgraphCad           : [],\r\n\t\t\t\t\tgraphGrade         : [],\r\n\t\t\t\t\twaypoints          : [],\r\n\t\t\t\t\tunit               : \"2\",\r\n\t\t\t\t\tunitspeed          : \"0\",\r\n\t\t\t\t\tcolor1             : [\"#3366cc\"],\r\n\t\t\t\t\tcolor2             : \"#3366cc\",\r\n\t\t\t\t\tcolor3             : \"#ff0000\",\r\n\t\t\t\t\tcolor4             : \"#ff77bd\",\r\n\t\t\t\t\tcolor5             : \"#beecff\",\r\n\t\t\t\t\tcolor6             : \"#beecff\",\r\n\t\t\t\t\tcolor7             : \"#ff77bd\",\r\n\t\t\t\t\tchartFrom1         : \"\",\r\n\t\t\t\t\tchartTo1           : \"\",\r\n\t\t\t\t\tchartFrom2         : \"\",\r\n\t\t\t\t\tchartTo2           : \"\",\r\n\t\t\t\t\tstartIcon          : \"\",\r\n\t\t\t\t\tendIcon            : \"\",\r\n\t\t\t\t\tcurrentIcon        : \"\",\r\n\t\t\t\t\twaypointIcon       : \"https:\/\/lavia.cc\/gpx\/wp-content\/uploads\/gpx\/cropped-icona.ico\",\r\n\t\t\t\t\tcurrentpositioncon : \"\",\r\n\t\t\t\t\tusegpsposition     : \"\",\r\n\t\t\t\t\tzoomOnScrollWheel  : \"\",\r\n\t\t\t\t\tngGalleries        : [],\r\n\t\t\t\t\tngImages           : [],\r\n\t\t\t\t\tpluginUrl          : \"https:\/\/lavia.cc\/gpx\/wp-content\/plugins\",\r\n\t\t\t\t\tTFApiKey           : \"\",\r\n\t\t\t\t\tMapBoxApiKey           : \"\",\r\n\t\t\t\t\tlangs              : {\r\n\t\t\t\t\t\taltitude        : \"Altitudine\",\r\n\t\t\t\t\t\tcurrentPosition : \"Current position\",\r\n\t\t\t\t\t\tspeed           : \"Velocit\u00e0\",\r\n\t\t\t\t\t\tgrade           : \"Grade\",\r\n\t\t\t\t\t\theartRate       : \"Battito Cardiaco\",\r\n\t\t\t\t\t\tatemp           : \"Temperature\",\r\n\t\t\t\t\t\tcadence         : \"Cadenza\",\r\n\t\t\t\t\t\tgoFullScreen    : \"Go full screen\",\r\n\t\t\t\t\t\texitFullFcreen  : \"Exit full screen\",\r\n\t\t\t\t\t\thideImages      : \"Hide images\",\r\n\t\t\t\t\t\tshowImages      : \"Show images\",\r\n\t\t\t\t\t\tbackToCenter\t: \"Ritorna al centro della mappa\"\r\n\t\t\t\t\t}\r\n\t\t\t\t});\r\n\r\n\t\t\t});\r\n\r\n\t\t<\/script>\n<p>\ud83d\udfe2 Scarica la traccia e Segui\u00a0<a href=\"https:\/\/www.instagram.com\/lavia.cc\/\" target=\"_blank\" rel=\"noopener\">LAVIA<\/a>!<\/p>\n<p>&nbsp;<\/p>\n","protected":false},"excerpt":{"rendered":"<p><strong>\ud83d\udccd TRACCIA CARICATA DA:\u00a0<a href=\"https:\/\/www.instagram.com\/maremmagreenpassion\/\" target=\"_blank\" rel=\"noopener\">@maremmagreenpassion<\/a><\/strong><\/p>\n<p>Passeggiata di circa 6 km che dal parcheggio comunale del Mulino di Saturnia, attraverso campi e vigneti, si risale verso il borgo di Aurinia (in latino), recuperando l&#8217;antico tracciato della Via Clodia fino alla Porta Romana. Da qui un breve tour del paese per vedere la Rocca Aldobrandesca (solo dall&#8217;esterno perch\u00e9 residenza privata), visitare la deliziosa chiesa di Santa Maria Maddalena e godersi una piccola pausa nella sua attrezzata Piazza Vittorio Veneto. Scendendo di nuovo lungo le mura all&#8217;ingresso opposto di Saturnia si procede in direzione SP10, sulla quale si fa ritorno al parcheggio, dove, con un cambio tattico di zaino, ci prepariamo per un&#8217;immersione nelle rilassanti acque termali delle Cascate del Mulino che si trovano poco oltre il parcheggio. Pi\u00f9 che un&#8217;escursione questa \u00e8 una piacevole esperienza che pu\u00f2 arricchire chi la vive di molteplici stimoli fisici, sensoriali e intellettuali.<\/p>\n<p>\ud83d\udfe2 Scarica la traccia e Segui\u00a0<a href=\"https:\/\/www.instagram.com\/lavia.cc\/\" target=\"_blank\" rel=\"noopener\">LAVIA<\/a><\/p>\n","protected":false},"featured_media":5290,"comment_status":"open","ping_status":"closed","template":"","meta":[],"product_brand":[],"product_cat":[31],"product_tag":[880,126],"class_list":{"0":"post-5289","1":"product","2":"type-product","3":"status-publish","4":"has-post-thumbnail","6":"product_cat-escursionismo","7":"product_tag-grosseto","8":"product_tag-toscana","10":"first","11":"instock","12":"downloadable","13":"virtual","14":"product-type-simple"},"_links":{"self":[{"href":"https:\/\/lavia.cc\/gpx\/wp-json\/wp\/v2\/product\/5289","targetHints":{"allow":["GET"]}}],"collection":[{"href":"https:\/\/lavia.cc\/gpx\/wp-json\/wp\/v2\/product"}],"about":[{"href":"https:\/\/lavia.cc\/gpx\/wp-json\/wp\/v2\/types\/product"}],"replies":[{"embeddable":true,"href":"https:\/\/lavia.cc\/gpx\/wp-json\/wp\/v2\/comments?post=5289"}],"version-history":[{"count":6,"href":"https:\/\/lavia.cc\/gpx\/wp-json\/wp\/v2\/product\/5289\/revisions"}],"predecessor-version":[{"id":5311,"href":"https:\/\/lavia.cc\/gpx\/wp-json\/wp\/v2\/product\/5289\/revisions\/5311"}],"wp:featuredmedia":[{"embeddable":true,"href":"https:\/\/lavia.cc\/gpx\/wp-json\/wp\/v2\/media\/5290"}],"wp:attachment":[{"href":"https:\/\/lavia.cc\/gpx\/wp-json\/wp\/v2\/media?parent=5289"}],"wp:term":[{"taxonomy":"product_brand","embeddable":true,"href":"https:\/\/lavia.cc\/gpx\/wp-json\/wp\/v2\/product_brand?post=5289"},{"taxonomy":"product_cat","embeddable":true,"href":"https:\/\/lavia.cc\/gpx\/wp-json\/wp\/v2\/product_cat?post=5289"},{"taxonomy":"product_tag","embeddable":true,"href":"https:\/\/lavia.cc\/gpx\/wp-json\/wp\/v2\/product_tag?post=5289"}],"curies":[{"name":"wp","href":"https:\/\/api.w.org\/{rel}","templated":true}]}}