{"id":532,"date":"2021-12-23T22:46:01","date_gmt":"2021-12-23T21:46:01","guid":{"rendered":"https:\/\/demo.creativethemes.com\/blocksy\/garderobe\/?post_type=product&#038;p=532"},"modified":"2025-06-13T10:27:30","modified_gmt":"2025-06-13T08:27:30","slug":"ciclabile-dobbiaco-cortina","status":"publish","type":"product","link":"https:\/\/lavia.cc\/gpx\/tracce\/ciclabile-dobbiaco-cortina\/","title":{"rendered":"Pista Ciclabile Dobbiaco-Cortina"},"content":{"rendered":"<h4>Pista Ciclabile Dobbiaco-Cortina<\/h4>\n<p>Abbiamo percorso la pista ciclabile Dobbiaco-Cortina durante il nostro viaggio in bici da Venezia a Budapest, sul blog trovi il <a href=\"https:\/\/lavia.cc\/blog\/venezia-budapest-in-bici\/\" target=\"_blank\" rel=\"noopener\">diario di viaggio<\/a>!<\/p>\n<p>\ud83d\udeb2 Tipologia di bici consigliate:\u00a0<a href=\"https:\/\/lavia.cc\/gpx\/categoria-tracce\/gravel\/\" target=\"_blank\" rel=\"noopener\">Gravel<\/a> \/ MTB \/ E-MTB.<\/p>\n<p>\u27a1\ufe0f Vai al punto di <strong>partenza<\/strong>: <a href=\"https:\/\/www.google.it\/maps\/place\/Dobbiaco+il+Paese\/@46.7355893,12.2222517,19.25z\/data=!4m13!1m7!3m6!1s0x0:0x9b501245b7a57df!2zNDbCsDQ0JzA4LjAiTiAxMsKwMTMnMjEuOSJF!3b1!8m2!3d46.73556!4d12.22275!3m4!1s0x47782bec851c3355:0xeac63e09193eff11!8m2!3d46.7354705!4d12.2230216\" target=\"_blank\" rel=\"noopener\">GOOGLE MAPS<\/a>.<\/p>\n<p>\ud83d\uddfa\ufe0f Mappa e altimetria della <strong>Pista<\/strong> <strong>Ciclabile Dobbiaco-Cortina<\/strong>:<\/p>\n\r\n\t\t<div id=\"wpgpxmaps_532_1458632\" class=\"wpgpxmaps\">\r\n\t\t\t<div id=\"map_532_1458632_cont\" style=\"width:100%; height:450px;position:relative\" >\r\n\t\t\t\t<div id=\"map_532_1458632\" style=\"width:100%; height:450px\"><\/div>\r\n\t\t\t\t<div id=\"wpgpxmaps_532_1458632_osm_footer\" class=\"wpgpxmaps_osm_footer\" style=\"display:none;\"><span> &copy; <a href=\"http:\/\/www.openstreetmap.org\/copyright\" target=\"_blank\" rel=\"noopener\">OpenStreetMap<\/a> contributors<\/span><\/div>\r\n\t\t\t<\/div>\r\n\t\t\t<canvas id=\"myChart_532_1458632\" class=\"plot\" style=\"width:100%; height:200px\"><\/canvas>\r\n\t\t\t<div id=\"ngimages_532_1458632\" class=\"ngimages\" style=\"display:none\"><\/div>\r\n\t\t\t<div id=\"report_532_1458632\" class=\"report\"><\/div>\r\n\t\t<\/div>\r\n\t\t\r\n\t\t<script type=\"text\/javascript\">\r\n\r\n\t\t\tjQuery(document).ready(function() {\r\n\r\n\t\t\t\tjQuery( \"#wpgpxmaps_532_1458632\" ).wpgpxmaps( {\r\n\t\t\t\t\ttargetId           : \"532_1458632\",\r\n\t\t\t\t\tmapType            : \"HYBRID\",\r\n\t\t\t\t\tmapData            : [[46.7355610,12.2227590],[46.7354150,12.2229060],[46.7352350,12.2231430],[46.7349930,12.2240580],[46.7343650,12.2236570],[46.7341790,12.2235440],[46.7338740,12.2233650],[46.7335260,12.2233140],[46.7324000,12.2234940],[46.7317240,12.2236130],[46.7314400,12.2236650],[46.7313030,12.2236870],[46.7311710,12.2237040],[46.7304980,12.2236850],[46.7302800,12.2236600],[46.7297490,12.2235930],[46.7295980,12.2234240],[46.7295520,12.2232920],[46.7294120,12.2232120],[46.7292640,12.2233530],[46.7290430,12.2235500],[46.7284340,12.2235550],[46.7266940,12.2232240],[46.7265540,12.2231940],[46.7262320,12.2231280],[46.7260040,12.2230770],[46.7255720,12.2229960],[46.7252220,12.2229320],[46.7250470,12.2229040],[46.7249480,12.2228980],[46.7238800,12.2231140],[46.7237500,12.2229800],[46.7236210,12.2229390],[46.7225400,12.2228100],[46.7216460,12.2227850],[46.7212730,12.2228210],[46.7198850,12.2225130],[46.7191130,12.2231590],[46.7189800,12.2233260],[46.7183730,12.2236060],[46.7179890,12.2236510],[46.7175460,12.2235480],[46.7171280,12.2235410],[46.7166760,12.2234440],[46.7162030,12.2231640],[46.7157460,12.2229480],[46.7154560,12.2229130],[46.7150390,12.2230870],[46.7146430,12.2231360],[46.7139210,12.2228300],[46.7131220,12.2231560],[46.7123000,12.2231260],[46.7116540,12.2234090],[46.7111200,12.2234540],[46.7095340,12.2229260],[46.7090850,12.2226720],[46.7088780,12.2223910],[46.7081520,12.2208450],[46.7080040,12.2206690],[46.7076340,12.2204600],[46.7070730,12.2200810],[46.7063420,12.2198950],[46.7057590,12.2198100],[46.7051260,12.2199240],[46.7050370,12.2198640],[46.7046540,12.2198710],[46.7042200,12.2200970],[46.7032580,12.2214930],[46.7028670,12.2217650],[46.7018940,12.2218220],[46.7010770,12.2222390],[46.7006980,12.2223040],[46.6996010,12.2220640],[46.6974360,12.2212990],[46.6971920,12.2213090],[46.6964500,12.2218680],[46.6955740,12.2222640],[46.6949830,12.2224150],[46.6940620,12.2225250],[46.6931310,12.2230000],[46.6925410,12.2237030],[46.6923050,12.2239040],[46.6921750,12.2239440],[46.6919180,12.2239620],[46.6916460,12.2238270],[46.6913900,12.2231860],[46.6912430,12.2225070],[46.6912510,12.2223330],[46.6912620,12.2221580],[46.6910900,12.2219700],[46.6910590,12.2218320],[46.6907980,12.2219810],[46.6903340,12.2222210],[46.6894340,12.2222100],[46.6892430,12.2220880],[46.6891470,12.2219050],[46.6888380,12.2218610],[46.6885240,12.2221140],[46.6880930,12.2226680],[46.6877320,12.2229820],[46.6873260,12.2230780],[46.6868680,12.2234410],[46.6857630,12.2238780],[46.6847740,12.2237050],[46.6844820,12.2236240],[46.6836570,12.2233980],[46.6831690,12.2231850],[46.6827840,12.2232240],[46.6824290,12.2230600],[46.6822070,12.2226780],[46.6818970,12.2225010],[46.6807760,12.2220350],[46.6805470,12.2219610],[46.6798840,12.2219150],[46.6794080,12.2216700],[46.6789190,12.2213270],[46.6786090,12.2211900],[46.6781700,12.2205060],[46.6773440,12.2206030],[46.6768680,12.2209060],[46.6764850,12.2210340],[46.6762170,12.2212210],[46.6762200,12.2215830],[46.6762850,12.2218470],[46.6763160,12.2222150],[46.6749010,12.2217650],[46.6733710,12.2216070],[46.6731980,12.2215400],[46.6727850,12.2214230],[46.6717160,12.2215450],[46.6711330,12.2212090],[46.6708980,12.2210870],[46.6704390,12.2210650],[46.6674100,12.2220500],[46.6650170,12.2228290],[46.6644160,12.2230000],[46.6642620,12.2230380],[46.6611730,12.2237030],[46.6608670,12.2238980],[46.6589900,12.2257730],[46.6587410,12.2259020],[46.6585380,12.2259550],[46.6574710,12.2257300],[46.6566190,12.2255490],[46.6565710,12.2252520],[46.6562540,12.2255380],[46.6558590,12.2256350],[46.6547500,12.2261740],[46.6533310,12.2268590],[46.6515700,12.2273000],[46.6510650,12.2277000],[46.6507360,12.2277610],[46.6504000,12.2275400],[46.6498030,12.2275970],[46.6490990,12.2280470],[46.6487560,12.2284600],[46.6484960,12.2289630],[46.6482740,12.2292620],[46.6480470,12.2294580],[46.6471880,12.2296770],[46.6470890,12.2296800],[46.6465630,12.2296910],[46.6463850,12.2297540],[46.6462520,12.2298920],[46.6460960,12.2303450],[46.6461000,12.2305200],[46.6461880,12.2308390],[46.6461480,12.2310750],[46.6460320,12.2312870],[46.6458440,12.2314680],[46.6454410,12.2323380],[46.6456440,12.2324510],[46.6455550,12.2326580],[46.6453710,12.2327490],[46.6450580,12.2327440],[46.6440950,12.2325300],[46.6436500,12.2325870],[46.6426340,12.2331300],[46.6424150,12.2331650],[46.6409610,12.2330090],[46.6405690,12.2329070],[46.6398870,12.2327020],[46.6394710,12.2325940],[46.6390580,12.2324830],[46.6388750,12.2319990],[46.6387430,12.2318190],[46.6375830,12.2318050],[46.6374250,12.2319700],[46.6357770,12.2319780],[46.6351410,12.2318840],[46.6347570,12.2315960],[46.6346520,12.2315320],[46.6344840,12.2313270],[46.6341460,12.2310930],[46.6337190,12.2309440],[46.6325170,12.2298570],[46.6325410,12.2296990],[46.6324200,12.2296160],[46.6323120,12.2295530],[46.6309950,12.2290370],[46.6305250,12.2288730],[46.6289500,12.2287610],[46.6285080,12.2286260],[46.6282880,12.2284560],[46.6266680,12.2267360],[46.6257920,12.2258890],[46.6254180,12.2256120],[46.6251690,12.2254700],[46.6240630,12.2251330],[46.6235120,12.2245900],[46.6231950,12.2240540],[46.6227980,12.2225580],[46.6227170,12.2223780],[46.6226030,12.2222290],[46.6218180,12.2215660],[46.6208030,12.2194310],[46.6207110,12.2190830],[46.6201220,12.2193370],[46.6180890,12.2202170],[46.6180730,12.2206470],[46.6183900,12.2213640],[46.6186660,12.2218240],[46.6183900,12.2213640],[46.6180730,12.2206470],[46.6179420,12.2202450],[46.6177930,12.2197750],[46.6168780,12.2168690],[46.6161760,12.2149310],[46.6161380,12.2147090],[46.6162030,12.2140640],[46.6163660,12.2137280],[46.6164930,12.2135770],[46.6173150,12.2129030],[46.6176460,12.2124900],[46.6183000,12.2110990],[46.6183860,12.2107030],[46.6184290,12.2101150],[46.6184550,12.2087960],[46.6184260,12.2085020],[46.6183440,12.2081350],[46.6177500,12.2062800],[46.6177260,12.2057890],[46.6178770,12.2052550],[46.6179980,12.2050490],[46.6185700,12.2044450],[46.6188160,12.2041110],[46.6189730,12.2035280],[46.6189990,12.2026680],[46.6190640,12.2023990],[46.6192780,12.2018970],[46.6194000,12.2011730],[46.6197220,12.2000540],[46.6205210,12.1983990],[46.6207700,12.1972590],[46.6215920,12.1958400],[46.6217240,12.1955670],[46.6217830,12.1952370],[46.6218040,12.1945890],[46.6215950,12.1935310],[46.6215580,12.1925790],[46.6219530,12.1897770],[46.6219720,12.1892790],[46.6219140,12.1887970],[46.6214760,12.1868820],[46.6210820,12.1853870],[46.6206980,12.1845190],[46.6205320,12.1841440],[46.6205100,12.1839920],[46.6200080,12.1828270],[46.6196250,12.1819760],[46.6194780,12.1817100],[46.6185080,12.1799220],[46.6181740,12.1789520],[46.6175780,12.1757710],[46.6175560,12.1752690],[46.6176680,12.1736420],[46.6176430,12.1732330],[46.6175650,12.1728360],[46.6173840,12.1722800],[46.6166330,12.1702600],[46.6156690,12.1679530],[46.6152960,12.1671740],[46.6140940,12.1657510],[46.6129740,12.1645690],[46.6108390,12.1616420],[46.6100200,12.1603970],[46.6093670,12.1590920],[46.6090650,12.1580240],[46.6084940,12.1567780],[46.6079540,12.1546490],[46.6077910,12.1542680],[46.6075090,12.1539870],[46.6074230,12.1539230],[46.6070530,12.1536460],[46.6068720,12.1534330],[46.6067300,12.1530910],[46.6062800,12.1513080],[46.6052260,12.1486890],[46.6051550,12.1482260],[46.6051520,12.1480940],[46.6051870,12.1476780],[46.6051600,12.1472540],[46.6050110,12.1464990],[46.6048180,12.1459380],[46.6036040,12.1435570],[46.6033310,12.1432220],[46.6028320,12.1428080],[46.6025380,12.1422670],[46.6019010,12.1398910],[46.6014660,12.1373780],[46.6011080,12.1355430],[46.6010100,12.1333460],[46.6009150,12.1329860],[46.6003470,12.1318150],[46.6001920,12.1312770],[46.6001330,12.1306140],[46.6002150,12.1295180],[46.6001720,12.1289970],[46.6000270,12.1285850],[46.5996200,12.1278380],[46.5995250,12.1274700],[46.5995360,12.1269620],[46.5997960,12.1260600],[46.5998210,12.1256570],[46.5997870,12.1251650],[46.5997150,12.1243220],[46.5997860,12.1233930],[46.5997710,12.1230720],[46.5996280,12.1227040],[46.5990980,12.1221680],[46.5988070,12.1216040],[46.5984220,12.1211270],[46.5982700,12.1208060],[46.5981360,12.1199390],[46.5983450,12.1190760],[46.5984250,12.1186790],[46.5984050,12.1183710],[46.5982700,12.1180130],[46.5981480,12.1178660],[46.5980140,12.1178010],[46.5977100,12.1178530],[46.5974890,12.1179700],[46.5971410,12.1181740],[46.5967050,12.1182540],[46.5965110,12.1181790],[46.5959060,12.1176830],[46.5955840,12.1172710],[46.5950630,12.1164330],[46.5944370,12.1151130],[46.5941360,12.1148850],[46.5934210,12.1148760],[46.5929270,12.1150410],[46.5923550,12.1153440],[46.5918540,12.1156460],[46.5908560,12.1155350],[46.5898490,12.1156130],[46.5893580,12.1158580],[46.5887350,12.1165140],[46.5883450,12.1166040],[46.5881910,12.1165210],[46.5876110,12.1159800],[46.5873080,12.1157710],[46.5870210,12.1156670],[46.5860040,12.1156850],[46.5847440,12.1155210],[46.5840300,12.1155620],[46.5833420,12.1158350],[46.5829540,12.1160860],[46.5813470,12.1176510],[46.5808560,12.1179650],[46.5798730,12.1180880],[46.5788820,12.1185380],[46.5786380,12.1185790],[46.5777750,12.1183200],[46.5775410,12.1183160],[46.5772460,12.1184280],[46.5759660,12.1194940],[46.5756750,12.1198950],[46.5754910,12.1202490],[46.5751880,12.1208770],[46.5748170,12.1219060],[46.5745930,12.1222140],[46.5743530,12.1224000],[46.5740750,12.1224400],[46.5735030,12.1222810],[46.5732790,12.1222740],[46.5726760,12.1223890],[46.5714370,12.1227690],[46.5709910,12.1229640],[46.5698200,12.1237720],[46.5694060,12.1239730],[46.5686300,12.1241570],[46.5657470,12.1238400],[46.5650610,12.1239000],[46.5647010,12.1240150],[46.5644190,12.1241790],[46.5623840,12.1254670],[46.5622290,12.1255650],[46.5610010,12.1263530],[46.5605810,12.1264840],[46.5599790,12.1265480],[46.5596590,12.1266710],[46.5592580,12.1270520],[46.5589260,12.1268810],[46.5583480,12.1270020],[46.5581700,12.1269590],[46.5558510,12.1281370],[46.5551930,12.1284710],[46.5548710,12.1287260],[46.5539400,12.1298890],[46.5538050,12.1299730],[46.5534100,12.1300490],[46.5521440,12.1301750],[46.5514580,12.1297890],[46.5511100,12.1297100],[46.5505010,12.1299270],[46.5497640,12.1302870],[46.5496520,12.1302780],[46.5493390,12.1306480],[46.5489690,12.1307850],[46.5487670,12.1310510],[46.5485260,12.1312500],[46.5476610,12.1317010],[46.5473580,12.1323920],[46.5467550,12.1325140],[46.5464830,12.1327280],[46.5462420,12.1329970],[46.5459290,12.1333450],[46.5456630,12.1335190],[46.5452210,12.1338090],[46.5446770,12.1341510],[46.5438520,12.1346800],[46.5434320,12.1346090],[46.5430620,12.1346260],[46.5430710,12.1344770],[46.5426430,12.1334790],[46.5425850,12.1333730],[46.5421800,12.1332220],[46.5419690,12.1330810],[46.5411380,12.1322350],[46.5407510,12.1320650],[46.5403570,12.1319730],[46.5401050,12.1319120],[46.5400020,12.1318500]],\r\n\t\t\t\t\tgraphDist          : [0.00,0.02,0.05,0.12,0.20,0.22,0.26,0.30,0.42,0.50,0.53,0.54,0.56,0.63,0.66,0.72,0.74,0.75,0.77,0.79,0.82,0.88,1.08,1.10,1.13,1.16,1.21,1.25,1.26,1.28,1.40,1.41,1.43,1.55,1.65,1.69,1.85,1.94,1.96,2.04,2.08,2.13,2.17,2.23,2.28,2.34,2.37,2.42,2.46,2.54,2.64,2.73,2.80,2.86,3.04,3.10,3.13,3.27,3.29,3.34,3.41,3.49,3.55,3.62,3.63,3.68,3.73,3.88,3.93,4.04,4.13,4.17,4.30,4.55,4.57,4.67,4.77,4.83,4.94,5.05,5.13,5.16,5.18,5.20,5.24,5.29,5.35,5.36,5.37,5.40,5.41,5.44,5.50,5.60,5.62,5.64,5.67,5.71,5.78,5.82,5.87,5.93,6.05,6.16,6.20,6.29,6.35,6.39,6.43,6.47,6.51,6.64,6.66,6.74,6.79,6.85,6.89,6.96,7.05,7.11,7.15,7.19,7.22,7.24,7.26,7.43,7.60,7.62,7.67,7.79,7.86,7.89,7.94,8.28,8.56,8.62,8.64,8.99,9.03,9.28,9.31,9.33,9.45,9.55,9.57,9.61,9.66,9.79,9.95,10.15,10.21,10.25,10.29,10.36,10.44,10.49,10.54,10.58,10.61,10.70,10.71,10.77,10.79,10.81,10.85,10.86,10.89,10.91,10.93,10.95,11.03,11.06,11.08,11.10,11.13,11.24,11.29,11.41,11.44,11.60,11.64,11.72,11.77,11.81,11.85,11.88,12.00,12.03,12.21,12.28,12.33,12.34,12.37,12.41,12.46,12.61,12.63,12.64,12.65,12.81,12.86,13.03,13.08,13.11,13.34,13.45,13.50,13.53,13.65,13.73,13.78,13.90,13.92,13.94,14.04,14.24,14.27,14.33,14.57,14.60,14.67,14.71,14.76,14.83,14.86,14.90,15.14,15.31,15.33,15.38,15.41,15.43,15.53,15.58,15.71,15.74,15.79,15.89,15.91,15.94,16.10,16.13,16.18,16.20,16.28,16.32,16.36,16.43,16.45,16.50,16.55,16.65,16.80,16.89,17.03,17.06,17.08,17.13,17.22,17.29,17.51,17.55,17.59,17.74,17.86,17.94,17.97,17.99,18.09,18.17,18.20,18.37,18.45,18.70,18.74,18.87,18.90,18.93,18.98,19.15,19.36,19.43,19.60,19.76,20.08,20.22,20.34,20.43,20.54,20.71,20.75,20.79,20.80,20.84,20.87,20.90,21.05,21.28,21.31,21.32,21.36,21.39,21.45,21.50,21.72,21.76,21.83,21.88,22.07,22.27,22.42,22.59,22.62,22.72,22.77,22.82,22.90,22.94,22.98,23.05,23.08,23.12,23.20,23.23,23.27,23.33,23.40,23.43,23.46,23.53,23.58,23.64,23.67,23.74,23.81,23.84,23.86,23.89,23.91,23.93,23.96,23.99,24.03,24.08,24.10,24.18,24.23,24.31,24.44,24.47,24.55,24.61,24.68,24.74,24.85,24.96,25.02,25.11,25.15,25.17,25.24,25.28,25.31,25.43,25.57,25.65,25.73,25.77,25.99,26.05,26.16,26.27,26.30,26.40,26.43,26.46,26.62,26.67,26.70,26.76,26.85,26.88,26.91,26.95,27.01,27.04,27.10,27.24,27.30,27.44,27.49,27.58,27.90,27.97,28.02,28.05,28.30,28.31,28.46,28.51,28.58,28.62,28.67,28.71,28.77,28.79,29.07,29.14,29.18,29.32,29.34,29.38,29.52,29.61,29.64,29.71,29.80,29.81,29.86,29.90,29.93,29.96,30.07,30.13,30.20,30.23,30.26,30.31,30.34,30.39,30.46,30.56,30.61,30.65,30.66,30.75,30.76,30.81,30.84,30.95,30.99,31.04,31.07,31.08],\r\n\t\t\t\t\tgraphEle           : [1243.96,1243.96,1243.96,1243.23,1240.66,1239.91,1238.67,1237.36,1231.06,1227.22,1226.28,1225.86,1225.45,1223.38,1222.71,1221.33,1221.06,1220.92,1220.71,1220.46,1220.07,1219.21,1216.49,1216.27,1215.87,1215.61,1215.10,1214.69,1214.49,1214.37,1214.13,1214.14,1214.14,1214.63,1215.61,1216.01,1219.24,1222.09,1222.84,1225.53,1227.15,1228.80,1230.16,1231.63,1233.28,1234.73,1235.57,1236.82,1237.97,1241.18,1245.76,1250.29,1253.96,1256.86,1263.27,1264.97,1265.42,1267.11,1267.36,1267.33,1267.08,1266.77,1266.44,1266.06,1266.00,1265.77,1266.03,1268.10,1268.83,1270.61,1272.03,1272.50,1273.86,1276.96,1277.36,1278.73,1279.90,1280.55,1281.40,1282.01,1281.95,1281.58,1281.41,1281.07,1280.69,1280.01,1279.24,1279.05,1278.85,1278.49,1278.32,1277.87,1277.07,1280.29,1281.08,1281.68,1282.86,1284.44,1287.89,1290.42,1292.89,1296.08,1303.24,1309.71,1311.69,1317.28,1319.06,1320.14,1321.18,1322.14,1322.95,1323.75,1323.91,1324.26,1324.44,1324.63,1324.74,1325.00,1325.35,1325.75,1326.77,1327.54,1328.18,1328.68,1329.33,1333.12,1333.34,1333.04,1332.33,1330.25,1328.98,1328.48,1328.89,1336.64,1344.87,1346.59,1347.03,1355.56,1356.90,1368.20,1369.41,1369.81,1371.89,1372.92,1373.00,1373.15,1373.30,1374.28,1376.54,1382.09,1384.93,1386.58,1388.40,1391.10,1394.51,1396.49,1397.26,1397.66,1398.01,1399.16,1399.22,1399.56,1399.68,1399.79,1400.01,1400.09,1400.24,1400.37,1400.55,1400.76,1401.46,1401.67,1401.83,1402.02,1402.54,1404.26,1405.05,1407.92,1408.52,1413.30,1414.75,1417.19,1418.45,1419.70,1420.83,1421.37,1421.59,1421.48,1417.13,1414.48,1412.71,1412.25,1411.34,1409.81,1408.02,1405.99,1405.95,1405.90,1405.86,1406.50,1406.92,1409.63,1410.53,1411.28,1420.16,1423.45,1424.76,1425.26,1427.20,1428.72,1430.34,1433.99,1434.46,1434.94,1437.83,1442.15,1442.69,1443.77,1446.53,1446.83,1447.45,1447.99,1448.79,1449.90,1450.49,1451.17,1459.78,1465.50,1465.59,1465.87,1466.04,1466.14,1466.55,1466.56,1466.88,1467.96,1469.49,1472.91,1473.78,1475.09,1482.08,1483.38,1484.82,1485.50,1488.08,1489.27,1490.73,1492.74,1493.40,1494.78,1496.57,1499.48,1505.18,1508.84,1515.87,1517.15,1518.46,1520.27,1522.69,1524.79,1526.64,1527.61,1528.56,1532.65,1536.32,1537.53,1537.51,1537.51,1537.46,1535.87,1535.25,1531.57,1530.18,1527.91,1527.54,1526.35,1526.05,1525.42,1524.42,1519.88,1513.67,1512.83,1513.51,1514.87,1513.02,1511.29,1509.27,1507.31,1505.10,1502.79,1502.47,1502.12,1502.02,1501.59,1501.35,1501.06,1496.85,1487.04,1485.54,1485.24,1484.29,1483.33,1481.55,1480.12,1475.73,1474.42,1472.32,1470.59,1462.81,1458.28,1455.62,1451.43,1450.49,1447.05,1445.77,1444.30,1441.93,1441.61,1441.33,1440.75,1440.51,1440.08,1438.99,1438.55,1438.00,1435.78,1431.43,1429.93,1427.96,1423.92,1421.28,1418.52,1417.06,1415.94,1416.90,1417.33,1417.65,1418.08,1419.11,1420.66,1424.03,1426.62,1430.75,1435.58,1437.79,1441.67,1444.01,1447.35,1441.58,1439.80,1434.87,1430.86,1426.05,1421.94,1414.62,1409.50,1408.00,1405.78,1404.97,1404.64,1403.23,1402.54,1401.63,1395.69,1387.80,1382.98,1379.13,1378.36,1375.45,1374.89,1372.19,1367.47,1366.36,1358.96,1356.96,1354.35,1344.40,1341.98,1340.14,1341.04,1342.81,1343.50,1343.98,1344.16,1344.53,1344.67,1345.06,1342.78,1341.92,1338.99,1337.99,1335.16,1322.41,1318.65,1316.60,1314.91,1303.13,1302.35,1297.34,1295.79,1294.26,1293.43,1292.22,1291.33,1289.65,1289.14,1281.56,1279.09,1277.66,1272.67,1271.85,1269.62,1262.43,1257.84,1255.65,1251.75,1246.98,1246.20,1243.73,1241.39,1239.87,1238.36,1233.36,1230.43,1227.57,1226.12,1224.70,1222.85,1222.00,1220.60,1218.88,1215.98,1214.50,1213.19,1212.83,1209.44,1209.01,1207.10,1206.03,1203.06,1203.06,1203.06,1203.06,1203.06],\r\n\t\t\t\t\tgraphSpeed         : [],\r\n\t\t\t\t\tgraphHr            : [],\r\n\t\t\t\t\tgraphAtemp         : [],\r\n\t\t\t\t\tgraphCad           : [],\r\n\t\t\t\t\tgraphGrade         : [],\r\n\t\t\t\t\twaypoints          : [],\r\n\t\t\t\t\tunit               : \"2\",\r\n\t\t\t\t\tunitspeed          : \"0\",\r\n\t\t\t\t\tcolor1             : [\"#3366cc\"],\r\n\t\t\t\t\tcolor2             : \"#3366cc\",\r\n\t\t\t\t\tcolor3             : \"#ff0000\",\r\n\t\t\t\t\tcolor4             : \"#ff77bd\",\r\n\t\t\t\t\tcolor5             : \"#beecff\",\r\n\t\t\t\t\tcolor6             : \"#beecff\",\r\n\t\t\t\t\tcolor7             : \"#ff77bd\",\r\n\t\t\t\t\tchartFrom1         : \"\",\r\n\t\t\t\t\tchartTo1           : \"\",\r\n\t\t\t\t\tchartFrom2         : \"\",\r\n\t\t\t\t\tchartTo2           : \"\",\r\n\t\t\t\t\tstartIcon          : \"\",\r\n\t\t\t\t\tendIcon            : \"\",\r\n\t\t\t\t\tcurrentIcon        : \"\",\r\n\t\t\t\t\twaypointIcon       : \"https:\/\/lavia.cc\/gpx\/wp-content\/uploads\/gpx\/cropped-icona.ico\",\r\n\t\t\t\t\tcurrentpositioncon : \"\",\r\n\t\t\t\t\tusegpsposition     : \"\",\r\n\t\t\t\t\tzoomOnScrollWheel  : \"\",\r\n\t\t\t\t\tngGalleries        : [],\r\n\t\t\t\t\tngImages           : [],\r\n\t\t\t\t\tpluginUrl          : \"https:\/\/lavia.cc\/gpx\/wp-content\/plugins\",\r\n\t\t\t\t\tTFApiKey           : \"\",\r\n\t\t\t\t\tMapBoxApiKey           : \"\",\r\n\t\t\t\t\tlangs              : {\r\n\t\t\t\t\t\taltitude        : \"Altitudine\",\r\n\t\t\t\t\t\tcurrentPosition : \"Current position\",\r\n\t\t\t\t\t\tspeed           : \"Velocit\u00e0\",\r\n\t\t\t\t\t\tgrade           : \"Grade\",\r\n\t\t\t\t\t\theartRate       : \"Battito Cardiaco\",\r\n\t\t\t\t\t\tatemp           : \"Temperature\",\r\n\t\t\t\t\t\tcadence         : \"Cadenza\",\r\n\t\t\t\t\t\tgoFullScreen    : \"Go full screen\",\r\n\t\t\t\t\t\texitFullFcreen  : \"Exit full screen\",\r\n\t\t\t\t\t\thideImages      : \"Hide images\",\r\n\t\t\t\t\t\tshowImages      : \"Show images\",\r\n\t\t\t\t\t\tbackToCenter\t: \"Ritorna al centro della mappa\"\r\n\t\t\t\t\t}\r\n\t\t\t\t});\r\n\r\n\t\t\t});\r\n\r\n\t\t<\/script>\n<p>\ud83d\udfe2 Visita\u00a0<a href=\"https:\/\/lavia.cc\/gpx\/\">LAVIA.CC<\/a>\u00a0per altre tracce gpx e condividi le tue avventure con la nostra\u00a0<a href=\"https:\/\/www.instagram.com\/lavia.cc\/\" target=\"_blank\" rel=\"noopener\">community<\/a>! \ud83d\udeb4\u200d\u2642\ufe0f\ud83c\udf32\ud83c\udfde\ufe0f<\/p>\n","protected":false},"excerpt":{"rendered":"<p>\ud83d\udeb5\ud83c\udffc Pedalare sull&#8217;antica linea del Trenino delle Dolomiti \u00e8 possibile grazie alla ciclabile che da Dobbiaco porta a Cortina seguendo il fiume Rienza. Il percorso, lungo circa 30km, si snoda sulla la vecchia linea ferroviaria che anni fa (in uso tra il 1921 ed il 1964) collegava Cortina con l&#8217;Alta Pusteria. Luoghi da sogno, uno dopo l&#8217;altro, lungo la pista si scorgono imponenti e famose cime dolomitiche, come il Monte Cristallo o la Croda Rossa D&#8217;Ampezzo e se la giornata \u00e8 limpida, alcune pedalate dopo essere entrati nella Val di Landro, sul lato orientale, \u00e8 possibile vedere le Tre Cime di Lavaredo. Il punto pi\u00f9 alto della ciclabile si raggiunge al km 18, il Passo Cimabanche (1529m) dopodich\u00e9 il percorso prosegue in leggera discesa passando per tunnel bui, stazioni ferroviarie abbandonate e lungo viadotti spettacolari! L\u2019itinerario \u00e8 adatto anche a famiglie e il ritorno \u00e8 possibile farlo anche in bus. Sia a Dobbiaco che a Cortina sono disponibili diversi punti per il noleggio delle bici.<\/p>\n<div class=\"woocommerce-product-details__short-description\">\n<p>\ud83d\udfe2 Segui\u00a0<strong>LAVIA,<\/strong>\u00a0arriva alla\u00a0<strong>META<\/strong>!<\/p>\n<\/div>\n","protected":false},"featured_media":1137,"comment_status":"open","ping_status":"closed","template":"","meta":[],"product_brand":[],"product_cat":[30],"product_tag":[155,339,37,47],"class_list":{"0":"post-532","1":"product","2":"type-product","3":"status-publish","4":"has-post-thumbnail","6":"product_cat-cicloturismo","7":"product_tag-cortina-dampezzo","8":"product_tag-dobbiaco","9":"product_tag-r-trentinoaltoadige","10":"product_tag-r-veneto","12":"first","13":"instock","14":"downloadable","15":"virtual","16":"sold-individually","17":"product-type-simple"},"_links":{"self":[{"href":"https:\/\/lavia.cc\/gpx\/wp-json\/wp\/v2\/product\/532","targetHints":{"allow":["GET"]}}],"collection":[{"href":"https:\/\/lavia.cc\/gpx\/wp-json\/wp\/v2\/product"}],"about":[{"href":"https:\/\/lavia.cc\/gpx\/wp-json\/wp\/v2\/types\/product"}],"replies":[{"embeddable":true,"href":"https:\/\/lavia.cc\/gpx\/wp-json\/wp\/v2\/comments?post=532"}],"version-history":[{"count":24,"href":"https:\/\/lavia.cc\/gpx\/wp-json\/wp\/v2\/product\/532\/revisions"}],"predecessor-version":[{"id":1135,"href":"https:\/\/lavia.cc\/gpx\/wp-json\/wp\/v2\/product\/532\/revisions\/1135"}],"wp:featuredmedia":[{"embeddable":true,"href":"https:\/\/lavia.cc\/gpx\/wp-json\/wp\/v2\/media\/1137"}],"wp:attachment":[{"href":"https:\/\/lavia.cc\/gpx\/wp-json\/wp\/v2\/media?parent=532"}],"wp:term":[{"taxonomy":"product_brand","embeddable":true,"href":"https:\/\/lavia.cc\/gpx\/wp-json\/wp\/v2\/product_brand?post=532"},{"taxonomy":"product_cat","embeddable":true,"href":"https:\/\/lavia.cc\/gpx\/wp-json\/wp\/v2\/product_cat?post=532"},{"taxonomy":"product_tag","embeddable":true,"href":"https:\/\/lavia.cc\/gpx\/wp-json\/wp\/v2\/product_tag?post=532"}],"curies":[{"name":"wp","href":"https:\/\/api.w.org\/{rel}","templated":true}]}}