{"id":5338,"date":"2023-03-27T11:13:11","date_gmt":"2023-03-27T09:13:11","guid":{"rendered":"https:\/\/lavia.cc\/gpx\/?post_type=product&#038;p=5338"},"modified":"2025-05-07T20:36:34","modified_gmt":"2025-05-07T18:36:34","slug":"escursione-oasi-lago-di-burano","status":"publish","type":"product","link":"https:\/\/lavia.cc\/gpx\/tracce\/escursione-oasi-lago-di-burano\/","title":{"rendered":"Oasi WWF Lago di Burano, che meraviglia!"},"content":{"rendered":"<h5>Passeggiata nella Riserva Naturale Oasi WWF Lago di Burano<\/h5>\n<p>\u26a0\ufe0f <strong>ATTENZIONE<\/strong>: escursione fattibile solamente previa prenotazione di visita guidata.<\/p>\n<p><center><a class=\"button\" href=\"https:\/\/www.wwf.it\/dove-interveniamo\/il-nostro-lavoro-in-italia\/oasi\/lago-di-burano\/\" target=\"_blank\" rel=\"noopener\"><b>Info prenotazioni<\/b><\/a><\/center>\u27a1\ufe0f Clicca qui per raggiungere il punto di partenza: <a href=\"https:\/\/www.google.it\/maps\/place\/Secondo+Parcheggio+di+Macchiatonda\/@42.4094243,11.3480345,15.13z\/data=!4m15!1m8!3m7!1s0x1328f64ea7f4d23b:0x29e10cd5036aeaf8!2s58011+Capalbio+Scalo+GR!3b1!8m2!3d42.4089523!4d11.3721842!16s%2Fm%2F011b4r1x!3m5!1s0x1328f7873e2527f1:0x30b6aac42a4fa791!8m2!3d42.4115204!4d11.3500496!16s%2Fg%2F11flt30plb\" target=\"_blank\" rel=\"noopener\">GOOGLE MAPS<\/a> (Secondo Parcheggio di Macchiatonda)<\/p>\n<p>\ud83d\udd5c Periodo consigliato: l\u2019 Oasi di Burano \u00e8 di norma aperta dal 1\u00b0 settembre al 1\u00b0 maggio.<\/p>\n<p>\ud83d\uddfa\ufe0f Mappa e altimetria dell&#8217;<a href=\"https:\/\/lavia.cc\/gpx\/categoria-tracce\/escursionismo\/\" target=\"_blank\" rel=\"noopener\">escursione<\/a> nella Riserva Naturale Oasi WWF <strong>Lago di Burano<\/strong>:<\/p>\n\r\n\t\t<div id=\"wpgpxmaps_5338_638136\" class=\"wpgpxmaps\">\r\n\t\t\t<div id=\"map_5338_638136_cont\" style=\"width:100%; height:450px;position:relative\" >\r\n\t\t\t\t<div id=\"map_5338_638136\" style=\"width:100%; height:450px\"><\/div>\r\n\t\t\t\t<div id=\"wpgpxmaps_5338_638136_osm_footer\" class=\"wpgpxmaps_osm_footer\" style=\"display:none;\"><span> &copy; <a href=\"http:\/\/www.openstreetmap.org\/copyright\" target=\"_blank\" rel=\"noopener\">OpenStreetMap<\/a> contributors<\/span><\/div>\r\n\t\t\t<\/div>\r\n\t\t\t<canvas id=\"myChart_5338_638136\" class=\"plot\" style=\"width:100%; height:200px\"><\/canvas>\r\n\t\t\t<div id=\"ngimages_5338_638136\" class=\"ngimages\" style=\"display:none\"><\/div>\r\n\t\t\t<div id=\"report_5338_638136\" class=\"report\"><\/div>\r\n\t\t<\/div>\r\n\t\t\r\n\t\t<script type=\"text\/javascript\">\r\n\r\n\t\t\tjQuery(document).ready(function() {\r\n\r\n\t\t\t\tjQuery( \"#wpgpxmaps_5338_638136\" ).wpgpxmaps( {\r\n\t\t\t\t\ttargetId           : \"5338_638136\",\r\n\t\t\t\t\tmapType            : \"HYBRID\",\r\n\t\t\t\t\tmapData            : [[42.4026260,11.3558410],[42.4024400,11.3560620],[42.4022560,11.3566180],[42.4020320,11.3578150],[42.4018020,11.3579930],[42.4017420,11.3577430],[42.4016330,11.3576510],[42.4015200,11.3576460],[42.4011800,11.3581980],[42.4009730,11.3584680],[42.4008750,11.3586520],[42.4006110,11.3588100],[42.4005360,11.3590910],[42.4005250,11.3594020],[42.4004080,11.3599580],[42.4003550,11.3603410],[42.4003550,11.3608870],[42.4000760,11.3616220],[42.4000420,11.3618310],[42.4000690,11.3619590],[42.4000420,11.3621780],[42.3996690,11.3635410],[42.3996500,11.3638170],[42.3996730,11.3640670],[42.3996280,11.3644490],[42.3993110,11.3655980],[42.3993070,11.3657460],[42.3992550,11.3660520],[42.3990740,11.3668020],[42.3990590,11.3672360],[42.3989000,11.3681140],[42.3988630,11.3683890],[42.3987610,11.3687570],[42.3986590,11.3694000],[42.3986850,11.3695730],[42.3986930,11.3698740],[42.3986590,11.3700070],[42.3984740,11.3703240],[42.3983610,11.3709460],[42.3983120,11.3714460],[42.3983240,11.3718190],[42.3982220,11.3724260],[42.3982180,11.3726200],[42.3981200,11.3727990],[42.3979960,11.3731510],[42.3979540,11.3735030],[42.3976190,11.3748400],[42.3973820,11.3765550],[42.3971060,11.3779250],[42.3970870,11.3780920],[42.3971150,11.3782600],[42.3973370,11.3783710],[42.3974670,11.3782890],[42.3977960,11.3783280],[42.3979110,11.3784690],[42.3977860,11.3787730],[42.3978760,11.3788900],[42.3979310,11.3790040],[42.3979700,11.3791160],[42.3979490,11.3791110],[42.3978210,11.3792350],[42.3977460,11.3792490],[42.3976980,11.3792100],[42.3975940,11.3791810],[42.3976580,11.3791210],[42.3977250,11.3789520],[42.3977900,11.3788650],[42.3977900,11.3789730],[42.3979460,11.3791160],[42.3978210,11.3790870],[42.3977680,11.3790110],[42.3976950,11.3791020],[42.3977440,11.3791510],[42.3978080,11.3791200],[42.3977510,11.3790650],[42.3977250,11.3790600],[42.3977630,11.3790370],[42.3978200,11.3790890],[42.3978350,11.3793220],[42.3978340,11.3794490],[42.3978250,11.3789250],[42.3978840,11.3788890],[42.3978580,11.3789630],[42.3978670,11.3788530],[42.3978710,11.3787910],[42.3978640,11.3789180],[42.3978240,11.3788050],[42.3978580,11.3786840],[42.3979210,11.3785850],[42.3979000,11.3785480],[42.3977960,11.3783280],[42.3975300,11.3782550],[42.3974000,11.3783710],[42.3971150,11.3782600],[42.3970870,11.3780920],[42.3971060,11.3779250],[42.3973820,11.3765550],[42.3976190,11.3748400],[42.3979540,11.3735030],[42.3979960,11.3731510],[42.3981200,11.3727990],[42.3982180,11.3726200],[42.3982220,11.3724260],[42.3983240,11.3718190],[42.3983120,11.3714460],[42.3983610,11.3709460],[42.3984740,11.3703240],[42.3986590,11.3700070],[42.3986930,11.3698740],[42.3986850,11.3695730],[42.3986590,11.3694000],[42.3987610,11.3687570],[42.3988740,11.3685020],[42.3989000,11.3681140],[42.3990590,11.3672360],[42.3990740,11.3668020],[42.3992550,11.3660520],[42.3993070,11.3657460],[42.3993110,11.3655980],[42.3996280,11.3644490],[42.3996730,11.3640670],[42.3996500,11.3638170],[42.3996690,11.3635410],[42.4000420,11.3621780],[42.4000690,11.3619590],[42.4000420,11.3618310],[42.4000760,11.3616220],[42.4003550,11.3608870],[42.4003550,11.3603410],[42.4004080,11.3599580],[42.4005250,11.3594020],[42.4005360,11.3590910],[42.4006110,11.3588100],[42.4008750,11.3586520],[42.4009730,11.3584680],[42.4011800,11.3581980],[42.4014400,11.3576920],[42.4016330,11.3576510],[42.4017420,11.3577430],[42.4017610,11.3579270],[42.4020320,11.3578150],[42.4022560,11.3566180],[42.4024400,11.3560620],[42.4026260,11.3558410]],\r\n\t\t\t\t\tgraphDist          : [0.00,0.03,0.08,0.18,0.21,0.23,0.24,0.26,0.32,0.35,0.37,0.40,0.42,0.45,0.50,0.53,0.57,0.64,0.66,0.67,0.69,0.81,0.83,0.85,0.88,0.98,1.00,1.02,1.09,1.12,1.20,1.22,1.25,1.31,1.32,1.35,1.36,1.39,1.44,1.49,1.52,1.57,1.58,1.60,1.63,1.66,1.78,1.92,2.04,2.05,2.07,2.09,2.11,2.15,2.17,2.19,2.21,2.22,2.23,2.25,2.27,2.28,2.29,2.31,2.32,2.34,2.35,2.37,2.39,2.41,2.42,2.43,2.44,2.45,2.46,2.48,2.49,2.50,2.52,2.53,2.57,2.59,2.60,2.61,2.62,2.63,2.64,2.66,2.67,2.68,2.70,2.73,2.75,2.79,2.80,2.81,2.93,3.07,3.19,3.22,3.25,3.27,3.28,3.34,3.37,3.41,3.46,3.49,3.51,3.53,3.54,3.60,3.62,3.66,3.73,3.77,3.83,3.86,3.87,3.97,4.00,4.02,4.04,4.16,4.18,4.19,4.21,4.28,4.32,4.35,4.40,4.43,4.45,4.48,4.50,4.53,4.59,4.61,4.62,4.64,4.67,4.78,4.83,4.85],\r\n\t\t\t\t\tgraphEle           : [4.07,4.07,4.07,4.40,4.52,4.62,4.68,4.73,4.92,4.94,4.96,4.98,5.00,5.02,5.06,5.02,4.97,4.88,4.86,4.85,4.83,4.41,4.32,4.25,4.13,3.99,3.98,3.96,3.90,3.93,4.06,4.10,4.16,4.23,4.22,4.20,4.19,4.16,4.11,4.07,4.04,4.00,3.99,3.97,3.95,3.92,4.08,4.29,3.92,3.88,3.84,3.75,3.64,3.29,3.13,2.86,2.74,2.63,2.54,2.37,2.19,2.09,2.00,1.89,1.86,1.85,1.83,1.81,1.78,1.76,1.75,1.74,1.72,1.71,1.69,1.67,1.66,1.66,1.83,1.92,2.28,2.38,2.47,2.58,2.69,2.78,2.88,2.97,3.06,3.18,3.37,3.53,3.63,3.80,3.88,3.95,4.35,4.04,3.97,3.97,3.96,3.96,3.96,4.01,4.05,4.11,4.19,4.24,4.24,4.21,4.19,4.12,4.09,4.05,3.98,3.97,3.95,3.94,3.94,4.17,4.28,4.36,4.44,4.76,4.80,4.83,4.86,5.00,5.04,5.03,5.01,5.00,4.99,4.97,4.96,4.86,4.72,4.65,4.61,4.57,4.46,4.39,4.39,4.39],\r\n\t\t\t\t\tgraphSpeed         : [],\r\n\t\t\t\t\tgraphHr            : [],\r\n\t\t\t\t\tgraphAtemp         : [],\r\n\t\t\t\t\tgraphCad           : [],\r\n\t\t\t\t\tgraphGrade         : [],\r\n\t\t\t\t\twaypoints          : [],\r\n\t\t\t\t\tunit               : \"2\",\r\n\t\t\t\t\tunitspeed          : \"0\",\r\n\t\t\t\t\tcolor1             : [\"#3366cc\"],\r\n\t\t\t\t\tcolor2             : \"#3366cc\",\r\n\t\t\t\t\tcolor3             : \"#ff0000\",\r\n\t\t\t\t\tcolor4             : \"#ff77bd\",\r\n\t\t\t\t\tcolor5             : \"#beecff\",\r\n\t\t\t\t\tcolor6             : \"#beecff\",\r\n\t\t\t\t\tcolor7             : \"#ff77bd\",\r\n\t\t\t\t\tchartFrom1         : \"\",\r\n\t\t\t\t\tchartTo1           : \"\",\r\n\t\t\t\t\tchartFrom2         : \"\",\r\n\t\t\t\t\tchartTo2           : \"\",\r\n\t\t\t\t\tstartIcon          : \"\",\r\n\t\t\t\t\tendIcon            : \"\",\r\n\t\t\t\t\tcurrentIcon        : \"\",\r\n\t\t\t\t\twaypointIcon       : \"https:\/\/lavia.cc\/gpx\/wp-content\/uploads\/gpx\/cropped-icona.ico\",\r\n\t\t\t\t\tcurrentpositioncon : \"\",\r\n\t\t\t\t\tusegpsposition     : \"\",\r\n\t\t\t\t\tzoomOnScrollWheel  : \"\",\r\n\t\t\t\t\tngGalleries        : [],\r\n\t\t\t\t\tngImages           : [],\r\n\t\t\t\t\tpluginUrl          : \"https:\/\/lavia.cc\/gpx\/wp-content\/plugins\",\r\n\t\t\t\t\tTFApiKey           : \"\",\r\n\t\t\t\t\tMapBoxApiKey           : \"\",\r\n\t\t\t\t\tlangs              : {\r\n\t\t\t\t\t\taltitude        : \"Altitudine\",\r\n\t\t\t\t\t\tcurrentPosition : \"Current position\",\r\n\t\t\t\t\t\tspeed           : \"Velocit\u00e0\",\r\n\t\t\t\t\t\tgrade           : \"Grade\",\r\n\t\t\t\t\t\theartRate       : \"Battito Cardiaco\",\r\n\t\t\t\t\t\tatemp           : \"Temperature\",\r\n\t\t\t\t\t\tcadence         : \"Cadenza\",\r\n\t\t\t\t\t\tgoFullScreen    : \"Go full screen\",\r\n\t\t\t\t\t\texitFullFcreen  : \"Exit full screen\",\r\n\t\t\t\t\t\thideImages      : \"Hide images\",\r\n\t\t\t\t\t\tshowImages      : \"Show images\",\r\n\t\t\t\t\t\tbackToCenter\t: \"Ritorna al centro della mappa\"\r\n\t\t\t\t\t}\r\n\t\t\t\t});\r\n\r\n\t\t\t});\r\n\r\n\t\t<\/script>\n<p>\ud83d\udfe2 Scarica la traccia e Segui\u00a0<a href=\"https:\/\/www.instagram.com\/lavia.cc\/\" target=\"_blank\" rel=\"noopener\">LAVIA<\/a>!<\/p>\n<p>&nbsp;<\/p>\n","protected":false},"excerpt":{"rendered":"<p><strong>\ud83d\udccd TRACCIA CARICATA DA:\u00a0<a href=\"https:\/\/www.instagram.com\/maremmagreenpassion\/\" target=\"_blank\" rel=\"noopener\">@maremmagreenpassion<\/a><\/strong><\/p>\n<p>Il Lago di Burano si trova nel Comune di Capalbio in Maremma, ai confini sud della Toscana con il Lazio. E&#8217; un lago costiero salmastro che si \u00e8 formato grazie all&#8217;emersione di un tombolo sul quale si \u00e8 creata una foresta sempreverde mediterranea, ricca di varie specie autoctone fra cui una sughera di circa 400 anni inserita fra gli alberi monumentali. Nel 1968 in questa area \u00e8 stata istituita la prima Oasi WWF in Italia. Il Lago di Burano ospita una grandissima variet\u00e0 di uccelli migratori e grazie all&#8217;ecosistema che qui si \u00e8 creato l&#8217;area \u00e8 stata identificata come zona umida di interesse internazionale di cui alla Convenzione di Ramsar del 1971. Sul tombolo \u00e8 stato organizzato un percorso naturalistico con 7 appostamenti per il birdwatching, fruibile anche dalle persone diversamente abili. Il percorso si pu\u00f2 fare solamente previa prenotazione di visita guidata (trovi il link sotto). In questo caso, avendo partecipato alle Giornate FAI di Primavera \u00e8 stato possibile anche accedere alla meravigliosa Torre di Buranaccio, baluardo difensivo dello Stato dei Presidi che si trova sull&#8217;unico canale seminaturale presente fra il lago e il mare.<\/p>\n<p>\ud83d\udfe2 Segui\u00a0<strong>LAVIA,<\/strong>\u00a0arriva alla\u00a0<strong>META<\/strong>!<\/p>\n<p>\u26a0\ufe0f <strong>ATTENZIONE<\/strong>: escursione fattibile solamente previa prenotazione di visita guidata.<\/p>\n","protected":false},"featured_media":5339,"comment_status":"open","ping_status":"closed","template":"","meta":[],"product_brand":[],"product_cat":[1897],"product_tag":[895,880,896,126],"class_list":{"0":"post-5338","1":"product","2":"type-product","3":"status-publish","4":"has-post-thumbnail","6":"product_cat-escursione-con-guida","7":"product_tag-capalbio","8":"product_tag-grosseto","9":"product_tag-lago-di-burano","10":"product_tag-toscana","12":"first","13":"instock","14":"downloadable","15":"virtual","16":"product-type-simple"},"_links":{"self":[{"href":"https:\/\/lavia.cc\/gpx\/wp-json\/wp\/v2\/product\/5338","targetHints":{"allow":["GET"]}}],"collection":[{"href":"https:\/\/lavia.cc\/gpx\/wp-json\/wp\/v2\/product"}],"about":[{"href":"https:\/\/lavia.cc\/gpx\/wp-json\/wp\/v2\/types\/product"}],"replies":[{"embeddable":true,"href":"https:\/\/lavia.cc\/gpx\/wp-json\/wp\/v2\/comments?post=5338"}],"version-history":[{"count":8,"href":"https:\/\/lavia.cc\/gpx\/wp-json\/wp\/v2\/product\/5338\/revisions"}],"predecessor-version":[{"id":5386,"href":"https:\/\/lavia.cc\/gpx\/wp-json\/wp\/v2\/product\/5338\/revisions\/5386"}],"wp:featuredmedia":[{"embeddable":true,"href":"https:\/\/lavia.cc\/gpx\/wp-json\/wp\/v2\/media\/5339"}],"wp:attachment":[{"href":"https:\/\/lavia.cc\/gpx\/wp-json\/wp\/v2\/media?parent=5338"}],"wp:term":[{"taxonomy":"product_brand","embeddable":true,"href":"https:\/\/lavia.cc\/gpx\/wp-json\/wp\/v2\/product_brand?post=5338"},{"taxonomy":"product_cat","embeddable":true,"href":"https:\/\/lavia.cc\/gpx\/wp-json\/wp\/v2\/product_cat?post=5338"},{"taxonomy":"product_tag","embeddable":true,"href":"https:\/\/lavia.cc\/gpx\/wp-json\/wp\/v2\/product_tag?post=5338"}],"curies":[{"name":"wp","href":"https:\/\/api.w.org\/{rel}","templated":true}]}}