{"id":5385,"date":"2023-03-27T13:45:39","date_gmt":"2023-03-27T11:45:39","guid":{"rendered":"https:\/\/lavia.cc\/gpx\/?post_type=product&#038;p=5385"},"modified":"2023-07-04T20:17:25","modified_gmt":"2023-07-04T18:17:25","slug":"monte-cognolo-anello-verde","status":"publish","type":"product","link":"https:\/\/lavia.cc\/gpx\/tracce\/monte-cognolo-anello-verde\/","title":{"rendered":"Monte Cognolo, Anello Verde [SdS]"},"content":{"rendered":"<h5>Monte Cognolo, Anello Verde [SdS]<\/h5>\n<p>\u27a1\ufe0f Clicca qui per raggiungere il punto di partenza: <a href=\"https:\/\/www.google.it\/maps\/place\/Parcheggio+di+via+Roma\/@45.6361431,10.04492,18.81z\/data=!4m15!1m8!3m7!1s0x4781650a5bef5f65:0x6feba971ba3e3ba!2sVia+Francesco+Francesconi,+25050+Provaglio+d&#039;Iseo+BS!3b1!8m2!3d45.6359046!4d10.0446188!16s%2Fg%2F1tfqk78n!3m5!1s0x4781658bb93ad499:0x4326db9f10567f09!8m2!3d45.6364476!4d10.0453381!16s%2Fg%2F11rvgsx0_8\" target=\"_blank\" rel=\"noopener\">GOOGLE MAPS<\/a> (Parcheggio di Via Roma, Provaglio d&#8217;Iseo)<\/p>\n<p>\ud83d\udd5c Periodo consigliato: tutto l&#8217;anno<\/p>\n<p>\ud83d\uddfa\ufe0f Mappa e altimetria dell&#8217;<a href=\"https:\/\/lavia.cc\/gpx\/categoria-tracce\/escursionismo\/\" target=\"_blank\" rel=\"noopener\">escursione<\/a> sul <strong>Monte Cognolo<\/strong>:<\/p>\n\r\n\t\t<div id=\"wpgpxmaps_5385_3018290\" class=\"wpgpxmaps\">\r\n\t\t\t<div id=\"map_5385_3018290_cont\" style=\"width:100%; height:450px;position:relative\" >\r\n\t\t\t\t<div id=\"map_5385_3018290\" style=\"width:100%; height:450px\"><\/div>\r\n\t\t\t\t<div id=\"wpgpxmaps_5385_3018290_osm_footer\" class=\"wpgpxmaps_osm_footer\" style=\"display:none;\"><span> &copy; <a href=\"http:\/\/www.openstreetmap.org\/copyright\" target=\"_blank\" rel=\"noopener\">OpenStreetMap<\/a> contributors<\/span><\/div>\r\n\t\t\t<\/div>\r\n\t\t\t<canvas id=\"myChart_5385_3018290\" class=\"plot\" style=\"width:100%; height:200px\"><\/canvas>\r\n\t\t\t<div id=\"ngimages_5385_3018290\" class=\"ngimages\" style=\"display:none\"><\/div>\r\n\t\t\t<div id=\"report_5385_3018290\" class=\"report\"><\/div>\r\n\t\t<\/div>\r\n\t\t\r\n\t\t<script type=\"text\/javascript\">\r\n\r\n\t\t\tjQuery(document).ready(function() {\r\n\r\n\t\t\t\tjQuery( \"#wpgpxmaps_5385_3018290\" ).wpgpxmaps( {\r\n\t\t\t\t\ttargetId           : \"5385_3018290\",\r\n\t\t\t\t\tmapType            : \"HYBRID\",\r\n\t\t\t\t\tmapData            : [[45.6363330,10.0450530],[45.6364460,10.0451540],[45.6365580,10.0452890],[45.6366710,10.0452710],[45.6367280,10.0451630],[45.6367830,10.0450240],[45.6368390,10.0447470],[45.6368840,10.0446150],[45.6369800,10.0443290],[45.6370970,10.0440990],[45.6373500,10.0443550],[45.6375950,10.0445100],[45.6378580,10.0448070],[45.6377420,10.0454470],[45.6378170,10.0455700],[45.6378270,10.0463020],[45.6379110,10.0472940],[45.6378120,10.0478020],[45.6377860,10.0479360],[45.6377520,10.0480680],[45.6377290,10.0481960],[45.6376880,10.0483150],[45.6376470,10.0484530],[45.6376200,10.0485810],[45.6375810,10.0488520],[45.6375660,10.0489790],[45.6375540,10.0491080],[45.6375330,10.0492440],[45.6376150,10.0491790],[45.6376760,10.0490600],[45.6377370,10.0489580],[45.6378060,10.0488500],[45.6379370,10.0487250],[45.6382150,10.0486110],[45.6385870,10.0485820],[45.6387280,10.0485090],[45.6389950,10.0479830],[45.6392170,10.0474720],[45.6393040,10.0472580],[45.6393660,10.0469450],[45.6396360,10.0470600],[45.6396250,10.0469000],[45.6396420,10.0466990],[45.6396900,10.0464860],[45.6398410,10.0465090],[45.6399020,10.0464510],[45.6400140,10.0464320],[45.6399830,10.0462680],[45.6399720,10.0460980],[45.6401320,10.0455550],[45.6403020,10.0457490],[45.6403770,10.0455190],[45.6407110,10.0451990],[45.6408770,10.0452170],[45.6409550,10.0452860],[45.6408370,10.0455800],[45.6408310,10.0457410],[45.6410760,10.0458010],[45.6413080,10.0457920],[45.6414560,10.0457140],[45.6415940,10.0456890],[45.6416910,10.0456950],[45.6418310,10.0456650],[45.6419370,10.0456520],[45.6421650,10.0457510],[45.6423390,10.0458770],[45.6426460,10.0459450],[45.6431380,10.0462820],[45.6433280,10.0464980],[45.6435520,10.0468900],[45.6437030,10.0477160],[45.6437960,10.0480940],[45.6439410,10.0484380],[45.6440140,10.0485290],[45.6440040,10.0488100],[45.6439090,10.0489620],[45.6438620,10.0491480],[45.6439060,10.0492760],[45.6439110,10.0494310],[45.6440900,10.0497530],[45.6442290,10.0498990],[45.6445480,10.0506690],[45.6449290,10.0512520],[45.6449840,10.0514210],[45.6450290,10.0520360],[45.6452150,10.0525740],[45.6453350,10.0528850],[45.6455370,10.0532200],[45.6456990,10.0534080],[45.6458620,10.0534540],[45.6461180,10.0533830],[45.6462010,10.0532550],[45.6461180,10.0533830],[45.6458620,10.0534540],[45.6458560,10.0545870],[45.6454250,10.0554370],[45.6451860,10.0556560],[45.6451640,10.0558220],[45.6450470,10.0557260],[45.6449480,10.0556910],[45.6448450,10.0557090],[45.6446450,10.0556230],[45.6445760,10.0552660],[45.6444710,10.0553250],[45.6442120,10.0552580],[45.6441450,10.0551360],[45.6441210,10.0546570],[45.6439900,10.0547680],[45.6439200,10.0546810],[45.6439780,10.0544580],[45.6438610,10.0544510],[45.6436850,10.0546540],[45.6434850,10.0548010],[45.6433000,10.0547270],[45.6431800,10.0547490],[45.6430770,10.0548440],[45.6429750,10.0550100],[45.6429590,10.0554760],[45.6429820,10.0558660],[45.6429700,10.0560730],[45.6430140,10.0561900],[45.6429790,10.0563530],[45.6428580,10.0563870],[45.6427600,10.0562640],[45.6426640,10.0562430],[45.6424370,10.0563670],[45.6422260,10.0564630],[45.6420720,10.0563200],[45.6419130,10.0562500],[45.6416500,10.0562150],[45.6415140,10.0561110],[45.6414150,10.0558720],[45.6412910,10.0557220],[45.6411970,10.0555210],[45.6411790,10.0552660],[45.6410900,10.0550330],[45.6411270,10.0549120],[45.6410940,10.0547670],[45.6410330,10.0546500],[45.6409140,10.0545340],[45.6406810,10.0545080],[45.6405870,10.0544580],[45.6403300,10.0539240],[45.6400050,10.0534680],[45.6397470,10.0530240],[45.6393700,10.0527210],[45.6392350,10.0525840],[45.6385990,10.0519420],[45.6381690,10.0515810],[45.6381290,10.0511560],[45.6380450,10.0510460],[45.6376290,10.0509990],[45.6373630,10.0510070],[45.6371590,10.0510700],[45.6368160,10.0512220],[45.6366950,10.0513070],[45.6367400,10.0511760],[45.6368910,10.0508970],[45.6369740,10.0505340],[45.6371660,10.0499930],[45.6372590,10.0495840],[45.6373300,10.0490990],[45.6373000,10.0488380],[45.6366930,10.0492620],[45.6363800,10.0493300],[45.6360660,10.0494560],[45.6359960,10.0493460],[45.6358540,10.0492340],[45.6356340,10.0490600],[45.6357050,10.0486830],[45.6355200,10.0485590],[45.6354130,10.0484880],[45.6352770,10.0483960],[45.6351280,10.0482960],[45.6349430,10.0481720],[45.6350270,10.0479690],[45.6351720,10.0477580],[45.6353510,10.0473560],[45.6356370,10.0468490],[45.6357980,10.0465840],[45.6359870,10.0462840],[45.6362750,10.0459580],[45.6364540,10.0456280],[45.6365510,10.0454700]],\r\n\t\t\t\t\tgraphDist          : [0.00,0.01,0.03,0.04,0.05,0.07,0.09,0.10,0.13,0.15,0.18,0.21,0.25,0.30,0.31,0.37,0.45,0.49,0.50,0.52,0.53,0.54,0.55,0.56,0.58,0.59,0.60,0.61,0.62,0.63,0.64,0.66,0.68,0.71,0.75,0.77,0.82,0.87,0.89,0.91,0.95,0.96,0.98,1.00,1.03,1.04,1.06,1.08,1.09,1.14,1.16,1.18,1.23,1.25,1.26,1.29,1.30,1.33,1.36,1.38,1.39,1.40,1.42,1.43,1.46,1.48,1.52,1.58,1.61,1.65,1.71,1.74,1.78,1.79,1.81,1.82,1.84,1.85,1.87,1.90,1.92,1.99,2.05,2.07,2.12,2.17,2.19,2.23,2.25,2.27,2.30,2.31,2.33,2.36,2.44,2.53,2.56,2.57,2.59,2.60,2.61,2.64,2.67,2.68,2.71,2.72,2.76,2.78,2.79,2.81,2.82,2.85,2.87,2.90,2.91,2.92,2.94,2.98,3.01,3.03,3.04,3.05,3.06,3.08,3.09,3.12,3.14,3.16,3.18,3.21,3.23,3.25,3.27,3.29,3.31,3.33,3.34,3.35,3.37,3.38,3.41,3.42,3.47,3.52,3.57,3.62,3.64,3.72,3.78,3.81,3.83,3.87,3.90,3.93,3.97,3.98,4.00,4.02,4.05,4.10,4.13,4.17,4.19,4.27,4.31,4.34,4.36,4.37,4.40,4.43,4.46,4.47,4.49,4.51,4.53,4.55,4.58,4.61,4.66,4.69,4.72,4.76,4.80,4.82],\r\n\t\t\t\t\tgraphEle           : [217.33,217.33,217.33,217.33,217.33,217.33,217.33,217.38,219.25,220.93,223.54,225.80,228.65,232.61,234.85,244.85,258.51,265.72,267.72,269.81,271.78,273.76,275.99,277.98,282.10,284.02,285.95,288.03,290.02,292.22,294.22,296.40,300.30,306.40,313.38,316.19,324.70,332.59,335.83,340.16,347.10,349.57,353.79,357.98,362.13,365.36,369.10,371.84,374.46,384.90,390.77,395.52,406.30,410.76,414.12,420.47,423.49,429.46,434.32,437.51,440.45,442.42,445.60,447.75,452.58,456.53,462.82,469.53,472.33,476.42,483.32,488.06,493.74,495.69,499.66,502.54,505.95,507.96,510.16,515.96,519.45,535.17,549.54,552.90,564.03,573.01,577.87,583.93,588.02,591.28,596.39,598.78,601.17,601.91,599.78,597.81,591.70,588.35,584.51,581.61,578.66,572.17,564.52,561.31,553.82,550.74,541.18,536.83,534.19,529.45,526.11,519.66,513.25,507.77,504.32,500.83,496.42,489.64,484.28,481.44,479.62,477.28,474.87,472.31,470.41,465.61,461.11,457.22,453.57,447.78,444.40,440.14,436.58,432.87,428.94,424.87,422.85,420.51,418.14,414.80,409.37,407.03,396.50,385.92,376.86,368.26,364.97,349.50,340.03,334.84,332.88,325.67,321.07,317.46,311.16,308.47,306.44,301.52,296.20,287.74,281.75,274.88,271.30,258.22,252.09,245.78,243.76,240.92,238.58,235.85,233.94,232.84,231.44,229.91,228.00,226.46,224.43,224.43,224.43,224.43,224.43,224.43,224.43,224.43],\r\n\t\t\t\t\tgraphSpeed         : [],\r\n\t\t\t\t\tgraphHr            : [],\r\n\t\t\t\t\tgraphAtemp         : [],\r\n\t\t\t\t\tgraphCad           : [],\r\n\t\t\t\t\tgraphGrade         : [],\r\n\t\t\t\t\twaypoints          : [],\r\n\t\t\t\t\tunit               : \"2\",\r\n\t\t\t\t\tunitspeed          : \"0\",\r\n\t\t\t\t\tcolor1             : [\"#3366cc\"],\r\n\t\t\t\t\tcolor2             : \"#3366cc\",\r\n\t\t\t\t\tcolor3             : \"#ff0000\",\r\n\t\t\t\t\tcolor4             : \"#ff77bd\",\r\n\t\t\t\t\tcolor5             : \"#beecff\",\r\n\t\t\t\t\tcolor6             : \"#beecff\",\r\n\t\t\t\t\tcolor7             : \"#ff77bd\",\r\n\t\t\t\t\tchartFrom1         : \"\",\r\n\t\t\t\t\tchartTo1           : \"\",\r\n\t\t\t\t\tchartFrom2         : \"\",\r\n\t\t\t\t\tchartTo2           : \"\",\r\n\t\t\t\t\tstartIcon          : \"\",\r\n\t\t\t\t\tendIcon            : \"\",\r\n\t\t\t\t\tcurrentIcon        : \"\",\r\n\t\t\t\t\twaypointIcon       : \"https:\/\/lavia.cc\/gpx\/wp-content\/uploads\/gpx\/cropped-icona.ico\",\r\n\t\t\t\t\tcurrentpositioncon : \"\",\r\n\t\t\t\t\tusegpsposition     : \"\",\r\n\t\t\t\t\tzoomOnScrollWheel  : \"\",\r\n\t\t\t\t\tngGalleries        : [],\r\n\t\t\t\t\tngImages           : [],\r\n\t\t\t\t\tpluginUrl          : \"https:\/\/lavia.cc\/gpx\/wp-content\/plugins\",\r\n\t\t\t\t\tTFApiKey           : \"\",\r\n\t\t\t\t\tMapBoxApiKey           : \"\",\r\n\t\t\t\t\tlangs              : {\r\n\t\t\t\t\t\taltitude        : \"Altitudine\",\r\n\t\t\t\t\t\tcurrentPosition : \"Current position\",\r\n\t\t\t\t\t\tspeed           : \"Velocit\u00e0\",\r\n\t\t\t\t\t\tgrade           : \"Grade\",\r\n\t\t\t\t\t\theartRate       : \"Battito Cardiaco\",\r\n\t\t\t\t\t\tatemp           : \"Temperature\",\r\n\t\t\t\t\t\tcadence         : \"Cadenza\",\r\n\t\t\t\t\t\tgoFullScreen    : \"Go full screen\",\r\n\t\t\t\t\t\texitFullFcreen  : \"Exit full screen\",\r\n\t\t\t\t\t\thideImages      : \"Hide images\",\r\n\t\t\t\t\t\tshowImages      : \"Show images\",\r\n\t\t\t\t\t\tbackToCenter\t: \"Ritorna al centro della mappa\"\r\n\t\t\t\t\t}\r\n\t\t\t\t});\r\n\r\n\t\t\t});\r\n\r\n\t\t<\/script>\n<p>\ud83d\udfe2 Scarica la traccia e Segui\u00a0<a href=\"https:\/\/www.instagram.com\/lavia.cc\/\" target=\"_blank\" rel=\"noopener\">LAVIA<\/a>!<\/p>\n<p>&nbsp;<\/p>\n","protected":false},"excerpt":{"rendered":"<p><strong>\ud83d\udccd TRACCIA CARICATA DA: <a href=\"https:\/\/www.instagram.com\/sentieridelsebino\/\" target=\"_blank\" rel=\"noopener\">@sentieridelsebino<\/a><\/strong><\/p>\n<p>Il Monte Cognolo, 672 m.s.l., \u00e8 situato alle pendici del massiccio che separa il Sebino dalla Val Trompia, accoglie numerosi punti panoramici sull\u2019area circostante del Lago d\u2019Iseo e della Franciacorta. Il percorso ad anello proposto parte da Provaglio d\u2019Iseo (BS) ed \u00e8 adatto a tutti senza particolari difficolt\u00e0 tecniche. Il tempo necessario \u00e8 di circa 2h con un dislivello positivo totale di 410m. Una volta lasciata l\u2019auto si procede verso l\u2019imbocco di via Castello da cui dopo pochi metri si imbocca un sentiero sulla sinistra che vi permetter\u00e0 di entrare nel bosco per raggiungere il monumento ai caduti e successivamente la Chiesa della Madonna del Corno, o Madonnina di Provaglio. Dopo aver ammirato la vista sulle Torbiere si prosegue lungo il percorso 290 della Proai-Golem, gara podistica locale, fino alla Balota del Coren che domina il Lago. Un ultimo tratto in salita vi permetter\u00e0 di giungere in vetta e iniziare la discesa del versante sud fino alla localit\u00e0 Pian delle Viti. Il percorso termina poi ricollegandosi a via Castello per tornare all\u2019auto.<\/p>\n<p>\ud83d\udfe2 Segui\u00a0<strong>LAVIA,<\/strong>\u00a0arriva alla\u00a0<strong>META<\/strong>!<\/p>\n","protected":false},"featured_media":5391,"comment_status":"open","ping_status":"closed","template":"","meta":[],"product_brand":[],"product_cat":[31],"product_tag":[74,729],"class_list":{"0":"post-5385","1":"product","2":"type-product","3":"status-publish","4":"has-post-thumbnail","6":"product_cat-escursionismo","7":"product_tag-brescia","8":"product_tag-lago-diseo","10":"first","11":"instock","12":"downloadable","13":"virtual","14":"product-type-simple"},"_links":{"self":[{"href":"https:\/\/lavia.cc\/gpx\/wp-json\/wp\/v2\/product\/5385","targetHints":{"allow":["GET"]}}],"collection":[{"href":"https:\/\/lavia.cc\/gpx\/wp-json\/wp\/v2\/product"}],"about":[{"href":"https:\/\/lavia.cc\/gpx\/wp-json\/wp\/v2\/types\/product"}],"replies":[{"embeddable":true,"href":"https:\/\/lavia.cc\/gpx\/wp-json\/wp\/v2\/comments?post=5385"}],"version-history":[{"count":3,"href":"https:\/\/lavia.cc\/gpx\/wp-json\/wp\/v2\/product\/5385\/revisions"}],"predecessor-version":[{"id":5389,"href":"https:\/\/lavia.cc\/gpx\/wp-json\/wp\/v2\/product\/5385\/revisions\/5389"}],"wp:featuredmedia":[{"embeddable":true,"href":"https:\/\/lavia.cc\/gpx\/wp-json\/wp\/v2\/media\/5391"}],"wp:attachment":[{"href":"https:\/\/lavia.cc\/gpx\/wp-json\/wp\/v2\/media?parent=5385"}],"wp:term":[{"taxonomy":"product_brand","embeddable":true,"href":"https:\/\/lavia.cc\/gpx\/wp-json\/wp\/v2\/product_brand?post=5385"},{"taxonomy":"product_cat","embeddable":true,"href":"https:\/\/lavia.cc\/gpx\/wp-json\/wp\/v2\/product_cat?post=5385"},{"taxonomy":"product_tag","embeddable":true,"href":"https:\/\/lavia.cc\/gpx\/wp-json\/wp\/v2\/product_tag?post=5385"}],"curies":[{"name":"wp","href":"https:\/\/api.w.org\/{rel}","templated":true}]}}