{"id":5409,"date":"2023-03-27T12:59:19","date_gmt":"2023-03-27T10:59:19","guid":{"rendered":"https:\/\/lavia.cc\/gpx\/?post_type=product&#038;p=5409"},"modified":"2024-10-07T13:49:34","modified_gmt":"2024-10-07T11:49:34","slug":"monte-cognolo-anello-blu-sds","status":"publish","type":"product","link":"https:\/\/lavia.cc\/gpx\/tracce\/monte-cognolo-anello-blu-sds\/","title":{"rendered":"Monte Cognolo, Anello Blu [SdS]"},"content":{"rendered":"<h5>Monte Cognolo, Anello Blu [SdS]<\/h5>\n<p>\u27a1\ufe0f Clicca qui per raggiungere il punto di partenza: <a href=\"https:\/\/www.google.it\/maps\/place\/Parcheggio+di+via+Roma\/@45.6361431,10.04492,18.81z\/data=!4m15!1m8!3m7!1s0x4781650a5bef5f65:0x6feba971ba3e3ba!2sVia+Francesco+Francesconi,+25050+Provaglio+d&#039;Iseo+BS!3b1!8m2!3d45.6359046!4d10.0446188!16s%2Fg%2F1tfqk78n!3m5!1s0x4781658bb93ad499:0x4326db9f10567f09!8m2!3d45.6364476!4d10.0453381!16s%2Fg%2F11rvgsx0_8\" target=\"_blank\" rel=\"noopener\">GOOGLE MAPS<\/a> (Parcheggio di Via Roma, Provaglio d&#8217;Iseo)<\/p>\n<p>\ud83d\udd5c Periodo consigliato: tutto l&#8217;anno<\/p>\n<p>\ud83d\uddfa\ufe0f Mappa e altimetria dell&#8217;<a href=\"https:\/\/lavia.cc\/gpx\/categoria-tracce\/escursionismo\/\" target=\"_blank\" rel=\"noopener\">escursione<\/a> sul <strong>Monte Cognolo, Anello Blu<\/strong>:<\/p>\n\r\n\t\t<div id=\"wpgpxmaps_5409_1165347\" class=\"wpgpxmaps\">\r\n\t\t\t<div id=\"map_5409_1165347_cont\" style=\"width:100%; height:450px;position:relative\" >\r\n\t\t\t\t<div id=\"map_5409_1165347\" style=\"width:100%; height:450px\"><\/div>\r\n\t\t\t\t<div id=\"wpgpxmaps_5409_1165347_osm_footer\" class=\"wpgpxmaps_osm_footer\" style=\"display:none;\"><span> &copy; <a href=\"http:\/\/www.openstreetmap.org\/copyright\" target=\"_blank\" rel=\"noopener\">OpenStreetMap<\/a> contributors<\/span><\/div>\r\n\t\t\t<\/div>\r\n\t\t\t<canvas id=\"myChart_5409_1165347\" class=\"plot\" style=\"width:100%; height:200px\"><\/canvas>\r\n\t\t\t<div id=\"ngimages_5409_1165347\" class=\"ngimages\" style=\"display:none\"><\/div>\r\n\t\t\t<div id=\"report_5409_1165347\" class=\"report\"><\/div>\r\n\t\t<\/div>\r\n\t\t\r\n\t\t<script type=\"text\/javascript\">\r\n\r\n\t\t\tjQuery(document).ready(function() {\r\n\r\n\t\t\t\tjQuery( \"#wpgpxmaps_5409_1165347\" ).wpgpxmaps( {\r\n\t\t\t\t\ttargetId           : \"5409_1165347\",\r\n\t\t\t\t\tmapType            : \"HYBRID\",\r\n\t\t\t\t\tmapData            : [[45.6363330,10.0450530],[45.6364460,10.0451540],[45.6365580,10.0452890],[45.6365510,10.0454700],[45.6364990,10.0456410],[45.6362750,10.0459580],[45.6360430,10.0462060],[45.6357980,10.0465840],[45.6356370,10.0468490],[45.6353570,10.0473460],[45.6351720,10.0477580],[45.6350710,10.0480160],[45.6349430,10.0481720],[45.6351280,10.0482960],[45.6352890,10.0483680],[45.6354130,10.0484880],[45.6355200,10.0485590],[45.6357050,10.0486830],[45.6356060,10.0489510],[45.6359960,10.0493460],[45.6360660,10.0494560],[45.6361660,10.0494160],[45.6363800,10.0493300],[45.6366930,10.0492620],[45.6373000,10.0488380],[45.6373300,10.0490990],[45.6372590,10.0495840],[45.6371660,10.0499930],[45.6369740,10.0505340],[45.6368910,10.0508970],[45.6367400,10.0511760],[45.6366950,10.0513070],[45.6368160,10.0512220],[45.6371590,10.0510700],[45.6373630,10.0510070],[45.6376290,10.0509990],[45.6380450,10.0510460],[45.6381290,10.0511560],[45.6381690,10.0515810],[45.6385990,10.0519420],[45.6393700,10.0527210],[45.6397470,10.0530240],[45.6400050,10.0534680],[45.6403300,10.0539240],[45.6402890,10.0541240],[45.6396420,10.0544270],[45.6392050,10.0545380],[45.6389430,10.0546050],[45.6383850,10.0546660],[45.6381760,10.0547820],[45.6379890,10.0550670],[45.6376270,10.0557540],[45.6373330,10.0561230],[45.6372690,10.0563130],[45.6375250,10.0565030],[45.6379720,10.0565850],[45.6383810,10.0568260],[45.6386090,10.0569970],[45.6388510,10.0571170],[45.6389770,10.0572940],[45.6390980,10.0574630],[45.6393490,10.0575900],[45.6400940,10.0582950],[45.6404940,10.0584220],[45.6408290,10.0586080],[45.6410710,10.0586410],[45.6412750,10.0588540],[45.6415360,10.0590140],[45.6417970,10.0590140],[45.6419870,10.0590140],[45.6424810,10.0592330],[45.6426960,10.0594250],[45.6429170,10.0593830],[45.6433320,10.0595060],[45.6436480,10.0595600],[45.6439460,10.0594600],[45.6442440,10.0592070],[45.6445140,10.0587210],[45.6447650,10.0584590],[45.6452260,10.0580820],[45.6453260,10.0579830],[45.6454900,10.0577440],[45.6455870,10.0576940],[45.6458250,10.0569560],[45.6458240,10.0565170],[45.6458460,10.0563770],[45.6459420,10.0562000],[45.6459930,10.0559880],[45.6460620,10.0556070],[45.6460050,10.0554010],[45.6460370,10.0552400],[45.6460250,10.0550880],[45.6458940,10.0547580],[45.6458560,10.0545870],[45.6458620,10.0534540],[45.6461180,10.0533830],[45.6458620,10.0534540],[45.6456990,10.0534080],[45.6455370,10.0532200],[45.6453350,10.0528850],[45.6452150,10.0525740],[45.6450290,10.0520360],[45.6449840,10.0514210],[45.6449290,10.0512520],[45.6445480,10.0506690],[45.6442290,10.0498990],[45.6440900,10.0497530],[45.6439110,10.0494310],[45.6439060,10.0492760],[45.6438620,10.0491480],[45.6439380,10.0489920],[45.6440040,10.0488100],[45.6440100,10.0486550],[45.6440880,10.0485210],[45.6441380,10.0484020],[45.6441460,10.0482600],[45.6441090,10.0481080],[45.6441180,10.0479700],[45.6441180,10.0478350],[45.6441240,10.0476770],[45.6441180,10.0475290],[45.6442040,10.0472690],[45.6442570,10.0471560],[45.6442510,10.0470260],[45.6442520,10.0468750],[45.6442130,10.0467340],[45.6441930,10.0465730],[45.6441650,10.0464210],[45.6441300,10.0462850],[45.6441060,10.0461430],[45.6440490,10.0460020],[45.6439900,10.0458760],[45.6438960,10.0458310],[45.6438610,10.0457050],[45.6438290,10.0455760],[45.6437820,10.0454590],[45.6437170,10.0453670],[45.6436470,10.0452830],[45.6435800,10.0451650],[45.6435130,10.0450740],[45.6434380,10.0449550],[45.6433560,10.0448810],[45.6432640,10.0448040],[45.6432010,10.0447120],[45.6431220,10.0446270],[45.6429520,10.0444920],[45.6428620,10.0444260],[45.6427690,10.0443420],[45.6426740,10.0443150],[45.6425830,10.0443100],[45.6424840,10.0443100],[45.6423970,10.0442560],[45.6423820,10.0441070],[45.6423870,10.0439620],[45.6424410,10.0436410],[45.6425940,10.0430560],[45.6426900,10.0427790],[45.6427340,10.0424770],[45.6426820,10.0421600],[45.6426340,10.0416470],[45.6425130,10.0412510],[45.6425450,10.0409910],[45.6424360,10.0408060],[45.6423790,10.0404350],[45.6424730,10.0406910],[45.6425390,10.0409800],[45.6424970,10.0411980],[45.6425890,10.0412040],[45.6424860,10.0412500],[45.6424020,10.0413270],[45.6423120,10.0413430],[45.6422230,10.0413910],[45.6421570,10.0414910],[45.6420670,10.0414860],[45.6419920,10.0416630],[45.6420060,10.0418090],[45.6420220,10.0419360],[45.6419960,10.0420840],[45.6419450,10.0422120],[45.6419130,10.0423470],[45.6419050,10.0424970],[45.6418810,10.0426590],[45.6418080,10.0427510],[45.6417510,10.0428690],[45.6417430,10.0429990],[45.6416780,10.0431240],[45.6416560,10.0432490],[45.6416010,10.0433780],[45.6414830,10.0433770],[45.6413830,10.0433570],[45.6412850,10.0433460],[45.6411800,10.0433660],[45.6410870,10.0433610],[45.6410300,10.0434620],[45.6410910,10.0433470],[45.6411590,10.0432330],[45.6411390,10.0428740],[45.6412270,10.0420110],[45.6410760,10.0418820],[45.6402750,10.0428500],[45.6393650,10.0434900],[45.6393010,10.0436040],[45.6392210,10.0436820],[45.6391360,10.0437330],[45.6390400,10.0437640],[45.6389400,10.0437600],[45.6389910,10.0436530],[45.6390710,10.0435810],[45.6391270,10.0434660],[45.6391580,10.0433110],[45.6391890,10.0431810],[45.6392020,10.0430400],[45.6392470,10.0429100],[45.6392390,10.0427810],[45.6392210,10.0426420],[45.6391620,10.0425390],[45.6388880,10.0429410],[45.6386460,10.0427300],[45.6383290,10.0424540],[45.6381160,10.0422690],[45.6379650,10.0421370],[45.6378440,10.0425200],[45.6375940,10.0432440],[45.6371220,10.0440530],[45.6369800,10.0443290],[45.6368840,10.0446150],[45.6368390,10.0447470],[45.6367940,10.0449970],[45.6367280,10.0451630],[45.6367280,10.0451630],[45.6366710,10.0452710],[45.6365580,10.0452890],[45.6364460,10.0451540],[45.6363330,10.0450530]],\r\n\t\t\t\t\tgraphDist          : [0.00,0.01,0.03,0.05,0.06,0.10,0.13,0.17,0.20,0.25,0.29,0.31,0.33,0.36,0.38,0.40,0.41,0.43,0.46,0.51,0.53,0.54,0.56,0.60,0.67,0.69,0.73,0.77,0.82,0.85,0.87,0.89,0.90,0.94,0.96,0.99,1.04,1.05,1.09,1.14,1.25,1.30,1.35,1.40,1.41,1.49,1.54,1.57,1.63,1.66,1.69,1.76,1.80,1.82,1.85,1.90,1.95,1.98,2.01,2.03,2.05,2.08,2.18,2.22,2.27,2.29,2.32,2.35,2.38,2.40,2.46,2.49,2.52,2.57,2.60,2.64,2.67,2.72,2.76,2.82,2.83,2.86,2.87,2.93,2.97,2.98,3.00,3.01,3.04,3.06,3.07,3.09,3.12,3.13,3.22,3.25,3.28,3.30,3.32,3.36,3.38,3.43,3.48,3.50,3.56,3.63,3.65,3.68,3.70,3.71,3.72,3.74,3.75,3.77,3.78,3.79,3.81,3.82,3.83,3.84,3.85,3.88,3.89,3.90,3.91,3.92,3.93,3.95,3.96,3.97,3.98,3.99,4.00,4.01,4.03,4.04,4.05,4.06,4.07,4.08,4.09,4.10,4.11,4.12,4.13,4.16,4.17,4.18,4.19,4.20,4.21,4.22,4.24,4.25,4.28,4.33,4.35,4.38,4.40,4.44,4.48,4.50,4.52,4.55,4.57,4.60,4.62,4.63,4.64,4.65,4.66,4.68,4.69,4.70,4.71,4.72,4.73,4.75,4.76,4.77,4.78,4.79,4.81,4.82,4.83,4.84,4.85,4.86,4.88,4.89,4.90,4.91,4.92,4.93,4.94,4.95,4.98,5.05,5.07,5.19,5.31,5.32,5.33,5.34,5.35,5.37,5.38,5.39,5.40,5.41,5.42,5.43,5.44,5.45,5.46,5.47,5.53,5.56,5.60,5.63,5.65,5.68,5.74,5.82,5.85,5.88,5.89,5.91,5.92,5.94,5.95,5.96,5.98,5.99],\r\n\t\t\t\t\tgraphEle           : [218.53,218.53,218.53,218.53,218.53,218.53,219.50,220.73,221.57,223.09,224.26,225.48,227.54,229.46,231.33,232.95,234.06,235.97,237.96,243.73,245.75,247.76,252.08,258.22,271.33,274.92,281.77,287.75,296.19,301.50,306.41,308.44,311.12,317.48,321.10,325.71,332.95,334.92,340.12,349.97,370.03,379.21,388.34,398.88,402.26,418.02,425.81,428.94,435.51,438.15,441.36,450.04,456.48,458.90,463.64,471.06,479.80,485.45,491.08,494.96,498.67,504.52,522.65,530.40,537.19,541.78,546.55,552.69,558.47,562.68,574.14,579.76,584.70,592.84,598.59,604.12,610.45,618.29,622.05,627.30,628.50,630.81,631.83,637.44,635.37,634.61,633.43,632.24,630.16,628.99,628.10,627.30,625.22,624.27,607.32,601.56,595.79,592.12,587.51,580.21,574.01,563.54,552.75,549.50,535.87,521.49,517.53,510.93,508.43,506.14,503.09,498.99,497.01,494.59,493.13,491.63,489.93,488.47,487.05,485.38,483.82,480.78,479.35,477.98,476.39,474.79,473.06,471.41,469.90,468.39,466.70,465.14,463.67,462.27,460.85,459.46,458.11,456.76,455.19,453.82,452.16,450.73,449.15,447.82,446.36,443.39,441.72,439.90,438.30,436.80,435.16,433.60,431.86,430.18,425.48,418.26,414.69,411.76,408.69,403.81,399.73,397.13,394.84,390.92,388.16,384.76,382.53,380.84,379.36,377.99,376.75,375.45,374.13,372.89,370.91,369.49,368.26,366.79,365.20,362.82,360.31,357.56,355.24,352.85,350.67,348.08,345.93,343.41,340.60,338.20,335.85,333.33,331.11,328.95,326.54,324.05,317.38,300.81,296.03,269.41,250.05,247.55,245.70,243.94,242.06,240.15,238.94,237.97,236.96,235.81,234.82,233.80,232.76,231.84,230.82,229.87,225.20,222.30,220.42,219.75,219.28,218.49,216.99,216.29,216.29,216.29,216.29,216.29,216.29,216.29,216.29,216.29,216.29,216.29],\r\n\t\t\t\t\tgraphSpeed         : [],\r\n\t\t\t\t\tgraphHr            : [],\r\n\t\t\t\t\tgraphAtemp         : [],\r\n\t\t\t\t\tgraphCad           : [],\r\n\t\t\t\t\tgraphGrade         : [],\r\n\t\t\t\t\twaypoints          : [],\r\n\t\t\t\t\tunit               : \"2\",\r\n\t\t\t\t\tunitspeed          : \"0\",\r\n\t\t\t\t\tcolor1             : [\"#3366cc\"],\r\n\t\t\t\t\tcolor2             : \"#3366cc\",\r\n\t\t\t\t\tcolor3             : \"#ff0000\",\r\n\t\t\t\t\tcolor4             : \"#ff77bd\",\r\n\t\t\t\t\tcolor5             : \"#beecff\",\r\n\t\t\t\t\tcolor6             : \"#beecff\",\r\n\t\t\t\t\tcolor7             : \"#ff77bd\",\r\n\t\t\t\t\tchartFrom1         : \"\",\r\n\t\t\t\t\tchartTo1           : \"\",\r\n\t\t\t\t\tchartFrom2         : \"\",\r\n\t\t\t\t\tchartTo2           : \"\",\r\n\t\t\t\t\tstartIcon          : \"\",\r\n\t\t\t\t\tendIcon            : \"\",\r\n\t\t\t\t\tcurrentIcon        : \"\",\r\n\t\t\t\t\twaypointIcon       : \"https:\/\/lavia.cc\/gpx\/wp-content\/uploads\/gpx\/cropped-icona.ico\",\r\n\t\t\t\t\tcurrentpositioncon : \"\",\r\n\t\t\t\t\tusegpsposition     : \"\",\r\n\t\t\t\t\tzoomOnScrollWheel  : \"\",\r\n\t\t\t\t\tngGalleries        : [],\r\n\t\t\t\t\tngImages           : [],\r\n\t\t\t\t\tpluginUrl          : \"https:\/\/lavia.cc\/gpx\/wp-content\/plugins\",\r\n\t\t\t\t\tTFApiKey           : \"\",\r\n\t\t\t\t\tMapBoxApiKey           : \"\",\r\n\t\t\t\t\tlangs              : {\r\n\t\t\t\t\t\taltitude        : \"Altitudine\",\r\n\t\t\t\t\t\tcurrentPosition : \"Current position\",\r\n\t\t\t\t\t\tspeed           : \"Velocit\u00e0\",\r\n\t\t\t\t\t\tgrade           : \"Grade\",\r\n\t\t\t\t\t\theartRate       : \"Battito Cardiaco\",\r\n\t\t\t\t\t\tatemp           : \"Temperature\",\r\n\t\t\t\t\t\tcadence         : \"Cadenza\",\r\n\t\t\t\t\t\tgoFullScreen    : \"Go full screen\",\r\n\t\t\t\t\t\texitFullFcreen  : \"Exit full screen\",\r\n\t\t\t\t\t\thideImages      : \"Hide images\",\r\n\t\t\t\t\t\tshowImages      : \"Show images\",\r\n\t\t\t\t\t\tbackToCenter\t: \"Ritorna al centro della mappa\"\r\n\t\t\t\t\t}\r\n\t\t\t\t});\r\n\r\n\t\t\t});\r\n\r\n\t\t<\/script>\n<p>\ud83d\udfe2 Scarica la traccia e Segui\u00a0<a href=\"https:\/\/www.instagram.com\/lavia.cc\/\" target=\"_blank\" rel=\"noopener\">LAVIA<\/a>!<\/p>\n<p>&nbsp;<\/p>\n","protected":false},"excerpt":{"rendered":"<p><strong>\ud83d\udccd TRACCIA CARICATA DA: <a href=\"https:\/\/www.instagram.com\/sentieridelsebino\/\" target=\"_blank\" rel=\"noopener\">@sentieridelsebino<\/a><\/strong><\/p>\n<p>Il Monte Cognolo, 672 m.s.l., \u00e8 situato alle pendici del massiccio che separa il Sebino dalla Val Trompia, accoglie numerosi punti panoramici sull\u2019area circostante del Lago d\u2019Iseo e della Franciacorta. Il percorso ad anello proposto parte da Provaglio d\u2019Iseo (BS) ed \u00e8 adatto a tutti senza particolari difficolt\u00e0 tecniche. Il tempo necessario \u00e8 di circa 2h e 30 min con un dislivello positivo totale di 450m. Una volta lasciata l\u2019auto si procede su via Castello verso la localit\u00e0 Pian dell Viti, da cui si inizia la salita\u00a0 fino al sentiero in cresta che termina alla Balota del Coren, punto panoramico suggestivo che domina il Lago d\u2019Iseo. Il percorso continua scendendo dal sentiero 290 tenendo la destra al bivio successivo in direzione: Croce di Provaglio, dalla quale si possono ammirare dall\u2019alto le Torbiere e la vicina Franciacorta.<br \/>\nPer chiudere l\u2019anello si torna nel bosco, mantenendo la destra dirigendosi verso valle all\u2019imbocco di via Trento per tornare all\u2019auto.<\/p>\n<p>\ud83d\udfe2 Segui\u00a0<strong>LAVIA,<\/strong>\u00a0arriva alla\u00a0<strong>META<\/strong>!<\/p>\n","protected":false},"featured_media":5415,"comment_status":"open","ping_status":"closed","template":"","meta":[],"product_brand":[],"product_cat":[31],"product_tag":[74,729,73],"class_list":{"0":"post-5409","1":"product","2":"type-product","3":"status-publish","4":"has-post-thumbnail","6":"product_cat-escursionismo","7":"product_tag-brescia","8":"product_tag-lago-diseo","9":"product_tag-lombardia","11":"first","12":"instock","13":"downloadable","14":"virtual","15":"product-type-simple"},"_links":{"self":[{"href":"https:\/\/lavia.cc\/gpx\/wp-json\/wp\/v2\/product\/5409","targetHints":{"allow":["GET"]}}],"collection":[{"href":"https:\/\/lavia.cc\/gpx\/wp-json\/wp\/v2\/product"}],"about":[{"href":"https:\/\/lavia.cc\/gpx\/wp-json\/wp\/v2\/types\/product"}],"replies":[{"embeddable":true,"href":"https:\/\/lavia.cc\/gpx\/wp-json\/wp\/v2\/comments?post=5409"}],"version-history":[{"count":3,"href":"https:\/\/lavia.cc\/gpx\/wp-json\/wp\/v2\/product\/5409\/revisions"}],"predecessor-version":[{"id":5417,"href":"https:\/\/lavia.cc\/gpx\/wp-json\/wp\/v2\/product\/5409\/revisions\/5417"}],"wp:featuredmedia":[{"embeddable":true,"href":"https:\/\/lavia.cc\/gpx\/wp-json\/wp\/v2\/media\/5415"}],"wp:attachment":[{"href":"https:\/\/lavia.cc\/gpx\/wp-json\/wp\/v2\/media?parent=5409"}],"wp:term":[{"taxonomy":"product_brand","embeddable":true,"href":"https:\/\/lavia.cc\/gpx\/wp-json\/wp\/v2\/product_brand?post=5409"},{"taxonomy":"product_cat","embeddable":true,"href":"https:\/\/lavia.cc\/gpx\/wp-json\/wp\/v2\/product_cat?post=5409"},{"taxonomy":"product_tag","embeddable":true,"href":"https:\/\/lavia.cc\/gpx\/wp-json\/wp\/v2\/product_tag?post=5409"}],"curies":[{"name":"wp","href":"https:\/\/api.w.org\/{rel}","templated":true}]}}