{"id":5442,"date":"2023-03-31T21:12:24","date_gmt":"2023-03-31T19:12:24","guid":{"rendered":"https:\/\/lavia.cc\/gpx\/?post_type=product&#038;p=5442"},"modified":"2024-07-29T20:17:16","modified_gmt":"2024-07-29T18:17:16","slug":"anello-del-monte-ciavac-trekking-pordenone","status":"publish","type":"product","link":"https:\/\/lavia.cc\/gpx\/tracce\/anello-del-monte-ciavac-trekking-pordenone\/","title":{"rendered":"Anello del Monte Ciavac: trekking sulla faglia periadriatica"},"content":{"rendered":"<h5>Anello del Monte Ciavac: trekking sulla faglia periadriatica<\/h5>\n<p>\u27a1\ufe0f Clicca qui per andare al punto di partenza:\u00a0<a href=\"https:\/\/www.google.it\/maps\/place\/Via+Acquedotto,+33080+Andreis+PN\/@46.2014689,12.6121529,17.13z\/data=!4m6!3m5!1s0x47799c7675c1d28d:0x502b8e32b75c5b7a!8m2!3d46.203231!4d12.6136074!16s%2Fg%2F119tk0s85\" target=\"_blank\" rel=\"noopener\">GOOGLE MAPS<\/a> (Andreis, PN)<\/p>\n<p>\ud83d\uddfa\ufe0f Mappa e altimetria della traccia Anello del Monte Ciavac:<\/p>\n\r\n\t\t<div id=\"wpgpxmaps_5442_1215796\" class=\"wpgpxmaps\">\r\n\t\t\t<div id=\"map_5442_1215796_cont\" style=\"width:100%; height:450px;position:relative\" >\r\n\t\t\t\t<div id=\"map_5442_1215796\" style=\"width:100%; height:450px\"><\/div>\r\n\t\t\t\t<div id=\"wpgpxmaps_5442_1215796_osm_footer\" class=\"wpgpxmaps_osm_footer\" style=\"display:none;\"><span> &copy; <a href=\"http:\/\/www.openstreetmap.org\/copyright\" target=\"_blank\" rel=\"noopener\">OpenStreetMap<\/a> contributors<\/span><\/div>\r\n\t\t\t<\/div>\r\n\t\t\t<canvas id=\"myChart_5442_1215796\" class=\"plot\" style=\"width:100%; height:200px\"><\/canvas>\r\n\t\t\t<div id=\"ngimages_5442_1215796\" class=\"ngimages\" style=\"display:none\"><\/div>\r\n\t\t\t<div id=\"report_5442_1215796\" class=\"report\"><\/div>\r\n\t\t<\/div>\r\n\t\t\r\n\t\t<script type=\"text\/javascript\">\r\n\r\n\t\t\tjQuery(document).ready(function() {\r\n\r\n\t\t\t\tjQuery( \"#wpgpxmaps_5442_1215796\" ).wpgpxmaps( {\r\n\t\t\t\t\ttargetId           : \"5442_1215796\",\r\n\t\t\t\t\tmapType            : \"HYBRID\",\r\n\t\t\t\t\tmapData            : [[46.2024160,12.6132550],[46.2024810,12.6134820],[46.2027620,12.6134000],[46.2033770,12.6137030],[46.2036900,12.6138130],[46.2039750,12.6138710],[46.2040880,12.6138380],[46.2042150,12.6135900],[46.2042370,12.6133940],[46.2041240,12.6127150],[46.2042380,12.6129450],[46.2043430,12.6131980],[46.2044410,12.6132370],[46.2047940,12.6134120],[46.2051350,12.6131950],[46.2054670,12.6132700],[46.2057460,12.6131120],[46.2059580,12.6131400],[46.2062970,12.6131150],[46.2065670,12.6129560],[46.2073570,12.6131760],[46.2078500,12.6131260],[46.2079300,12.6130430],[46.2079810,12.6128280],[46.2081180,12.6125790],[46.2082040,12.6124720],[46.2083040,12.6124040],[46.2084530,12.6122140],[46.2085870,12.6121720],[46.2087270,12.6117350],[46.2087550,12.6112810],[46.2089200,12.6109450],[46.2089500,12.6107340],[46.2091020,12.6105470],[46.2092540,12.6104680],[46.2097470,12.6100880],[46.2099500,12.6099760],[46.2101440,12.6099830],[46.2103010,12.6100950],[46.2106780,12.6105420],[46.2108140,12.6106440],[46.2114510,12.6108930],[46.2117030,12.6111770],[46.2119130,12.6112980],[46.2119260,12.6116390],[46.2119080,12.6122760],[46.2119620,12.6124840],[46.2122630,12.6125320],[46.2123880,12.6124880],[46.2125060,12.6125330],[46.2126250,12.6125710],[46.2131940,12.6127670],[46.2134610,12.6126780],[46.2135130,12.6128040],[46.2136080,12.6129760],[46.2136980,12.6131170],[46.2137720,12.6133220],[46.2140570,12.6135360],[46.2141740,12.6135780],[46.2143230,12.6137360],[46.2144950,12.6138400],[46.2144470,12.6139580],[46.2145440,12.6139840],[46.2148410,12.6140100],[46.2150480,12.6140800],[46.2152100,12.6141860],[46.2153080,12.6141250],[46.2154670,12.6141860],[46.2155350,12.6143080],[46.2156020,12.6145160],[46.2157650,12.6151970],[46.2156660,12.6151370],[46.2155370,12.6149700],[46.2153830,12.6149650],[46.2151760,12.6150280],[46.2151070,12.6152760],[46.2150720,12.6155650],[46.2151020,12.6156860],[46.2151300,12.6161570],[46.2150160,12.6168100],[46.2150240,12.6171310],[46.2150020,12.6173620],[46.2150180,12.6180510],[46.2150810,12.6185400],[46.2151520,12.6187010],[46.2151950,12.6189210],[46.2151760,12.6197190],[46.2152100,12.6198430],[46.2151790,12.6199910],[46.2152420,12.6200350],[46.2152540,12.6201840],[46.2153510,12.6204070],[46.2154990,12.6207870],[46.2155320,12.6209390],[46.2155480,12.6212520],[46.2155960,12.6213860],[46.2156960,12.6215880],[46.2157870,12.6217570],[46.2157000,12.6218500],[46.2156400,12.6221000],[46.2155500,12.6222100],[46.2153300,12.6222000],[46.2151200,12.6221400],[46.2149800,12.6221200],[46.2148200,12.6221300],[46.2146800,12.6220700],[46.2145600,12.6221700],[46.2145600,12.6223850],[46.2144630,12.6224200],[46.2143480,12.6226690],[46.2142510,12.6227830],[46.2141980,12.6228810],[46.2141940,12.6230780],[46.2141150,12.6234570],[46.2139310,12.6235890],[46.2138050,12.6235770],[46.2136790,12.6236810],[46.2135850,12.6238060],[46.2134880,12.6240190],[46.2132480,12.6242060],[46.2131710,12.6246370],[46.2130460,12.6250350],[46.2129080,12.6251900],[46.2127280,12.6253130],[46.2127010,12.6255300],[46.2125070,12.6255500],[46.2123420,12.6256300],[46.2123450,12.6257600],[46.2122960,12.6258960],[46.2122060,12.6260230],[46.2119550,12.6263080],[46.2119070,12.6263990],[46.2117830,12.6264040],[46.2118380,12.6265330],[46.2117860,12.6266420],[46.2115990,12.6266530],[46.2115750,12.6268600],[46.2115790,12.6270900],[46.2114380,12.6270220],[46.2113200,12.6270920],[46.2112500,12.6271930],[46.2110320,12.6273310],[46.2109340,12.6275100],[46.2107370,12.6277460],[46.2106520,12.6278590],[46.2105410,12.6279460],[46.2104110,12.6280010],[46.2103020,12.6280720],[46.2102640,12.6282030],[46.2100420,12.6283400],[46.2097730,12.6284440],[46.2095140,12.6286870],[46.2092850,12.6286870],[46.2091550,12.6286180],[46.2090160,12.6285310],[46.2089030,12.6284230],[46.2086160,12.6277710],[46.2083970,12.6275310],[46.2082490,12.6274410],[46.2080640,12.6272580],[46.2078540,12.6271130],[46.2076140,12.6270210],[46.2073900,12.6266000],[46.2073010,12.6266630],[46.2071330,12.6268060],[46.2064400,12.6271540],[46.2061740,12.6274010],[46.2059850,12.6276390],[46.2055650,12.6278330],[46.2053840,12.6278250],[46.2052900,12.6277460],[46.2050010,12.6276400],[46.2049320,12.6274930],[46.2048090,12.6273390],[46.2047640,12.6272080],[46.2045500,12.6263290],[46.2044130,12.6261200],[46.2045500,12.6260470],[46.2046850,12.6258060],[46.2047590,12.6255190],[46.2047260,12.6252560],[46.2046970,12.6251390],[46.2045560,12.6249610],[46.2044060,12.6247140],[46.2044720,12.6236670],[46.2044030,12.6234010],[46.2044030,12.6228650],[46.2042670,12.6226260],[46.2040610,12.6224540],[46.2037980,12.6223450],[46.2034410,12.6222820],[46.2033500,12.6222170],[46.2032730,12.6220840],[46.2032780,12.6219530],[46.2032050,12.6217900],[46.2033390,12.6213100],[46.2034390,12.6207670],[46.2035310,12.6207860],[46.2039250,12.6207570],[46.2041860,12.6208330],[46.2043430,12.6209220],[46.2044450,12.6210240],[46.2048120,12.6220790],[46.2048900,12.6223740],[46.2050230,12.6226720],[46.2051370,12.6228020],[46.2052840,12.6228740],[46.2055170,12.6229480],[46.2058550,12.6229700],[46.2060880,12.6226160],[46.2059930,12.6219000],[46.2059870,12.6213580],[46.2058340,12.6206100],[46.2056780,12.6201880],[46.2055340,12.6199740],[46.2052920,12.6198100],[46.2049250,12.6196390],[46.2044250,12.6191740],[46.2041510,12.6188440],[46.2037820,12.6182100],[46.2036310,12.6179970],[46.2035540,12.6178360],[46.2034970,12.6175790],[46.2033260,12.6175340],[46.2033810,12.6173400],[46.2032970,12.6172620],[46.2033870,12.6170350],[46.2036150,12.6167720],[46.2035610,12.6164250],[46.2036620,12.6160740],[46.2036620,12.6156660],[46.2035660,12.6154210],[46.2033700,12.6151310],[46.2033180,12.6149250],[46.2032410,12.6146640],[46.2031300,12.6145280],[46.2027430,12.6141920],[46.2020170,12.6139630],[46.2019490,12.6137140],[46.2024810,12.6134820],[46.2024200,12.6132700]],\r\n\t\t\t\t\tgraphDist          : [0.00,0.02,0.05,0.12,0.16,0.19,0.20,0.23,0.24,0.30,0.32,0.34,0.35,0.39,0.44,0.47,0.51,0.53,0.57,0.60,0.69,0.75,0.76,0.77,0.80,0.81,0.82,0.85,0.86,0.90,0.93,0.97,0.98,1.01,1.02,1.09,1.11,1.13,1.15,1.21,1.22,1.30,1.33,1.36,1.38,1.43,1.45,1.49,1.50,1.51,1.53,1.59,1.62,1.64,1.65,1.67,1.69,1.72,1.74,1.76,1.78,1.79,1.81,1.84,1.86,1.88,1.90,1.91,1.93,1.94,2.00,2.01,2.03,2.05,2.07,2.09,2.12,2.13,2.16,2.22,2.24,2.26,2.32,2.36,2.37,2.39,2.45,2.46,2.48,2.49,2.51,2.53,2.57,2.58,2.60,2.61,2.63,2.65,2.66,2.68,2.70,2.72,2.74,2.76,2.78,2.79,2.81,2.83,2.84,2.86,2.88,2.89,2.90,2.93,2.96,2.97,2.99,3.00,3.03,3.06,3.09,3.13,3.15,3.17,3.19,3.21,3.23,3.25,3.26,3.27,3.31,3.33,3.34,3.35,3.37,3.39,3.40,3.42,3.44,3.45,3.46,3.49,3.51,3.54,3.55,3.57,3.58,3.60,3.61,3.64,3.67,3.70,3.73,3.74,3.76,3.77,3.83,3.86,3.88,3.91,3.93,3.96,4.00,4.01,4.04,4.12,4.15,4.18,4.23,4.25,4.26,4.30,4.31,4.33,4.34,4.41,4.43,4.46,4.48,4.51,4.53,4.54,4.56,4.58,4.66,4.69,4.73,4.75,4.78,4.81,4.85,4.86,4.87,4.88,4.90,4.94,4.98,4.99,5.04,5.07,5.08,5.10,5.19,5.21,5.24,5.26,5.28,5.30,5.34,5.38,5.43,5.48,5.54,5.57,5.60,5.63,5.67,5.74,5.78,5.84,5.86,5.88,5.90,5.92,5.94,5.95,5.97,6.00,6.03,6.06,6.09,6.11,6.14,6.16,6.18,6.20,6.25,6.33,6.35,6.42,6.43],\r\n\t\t\t\t\tgraphEle           : [460.33,460.33,460.33,459.78,458.93,458.17,457.87,457.30,456.93,455.66,455.87,456.23,456.41,457.07,457.72,458.31,459.49,462.22,466.56,470.30,480.60,486.04,487.09,488.76,491.10,492.30,493.47,495.58,497.04,500.62,502.42,503.95,504.75,505.82,506.68,509.67,510.98,512.47,513.80,517.53,518.70,523.74,526.08,527.71,529.51,532.79,533.90,536.15,537.08,537.98,538.92,543.21,545.22,545.96,547.16,548.13,549.35,551.99,553.06,555.01,556.68,557.68,558.67,561.34,563.24,564.83,565.78,567.86,569.61,572.17,580.22,581.95,584.74,587.23,590.64,593.62,597.90,600.37,609.46,622.41,628.59,633.07,646.37,656.43,660.30,664.92,681.08,683.96,688.70,691.28,695.33,699.64,703.82,705.35,708.37,709.81,712.20,714.30,715.80,718.34,719.98,723.03,719.98,717.95,715.64,713.53,711.53,709.38,707.90,704.91,703.10,701.44,699.47,693.39,686.40,682.10,677.16,672.82,666.45,657.17,646.69,636.40,629.91,622.46,616.58,609.30,602.79,599.42,595.45,590.60,578.65,573.66,568.91,565.85,563.29,558.39,554.60,550.44,546.55,543.22,540.63,534.41,530.28,523.59,521.21,520.22,519.11,518.05,517.28,515.38,513.20,510.77,508.97,507.84,506.83,506.01,502.78,501.11,500.14,498.79,497.38,495.55,492.25,491.32,489.44,482.86,480.12,478.39,475.34,474.09,473.34,471.28,470.43,469.31,468.61,469.19,469.61,470.08,470.54,470.98,471.37,471.56,472.29,473.67,478.10,479.30,481.56,482.84,484.10,485.55,487.45,487.98,488.62,489.10,489.81,491.70,495.74,496.87,501.67,504.91,506.96,508.47,518.54,521.29,524.37,526.19,528.14,531.13,535.37,537.12,538.03,538.70,539.68,538.20,536.33,533.91,530.42,525.04,521.41,515.07,512.74,511.24,508.75,506.83,505.22,504.12,501.79,497.93,494.67,491.19,487.45,484.88,481.16,479.98,479.98,479.98,479.98,479.98,479.98,479.98,479.98],\r\n\t\t\t\t\tgraphSpeed         : [],\r\n\t\t\t\t\tgraphHr            : [],\r\n\t\t\t\t\tgraphAtemp         : [],\r\n\t\t\t\t\tgraphCad           : [],\r\n\t\t\t\t\tgraphGrade         : [],\r\n\t\t\t\t\twaypoints          : [],\r\n\t\t\t\t\tunit               : \"2\",\r\n\t\t\t\t\tunitspeed          : \"0\",\r\n\t\t\t\t\tcolor1             : [\"#3366cc\"],\r\n\t\t\t\t\tcolor2             : \"#3366cc\",\r\n\t\t\t\t\tcolor3             : \"#ff0000\",\r\n\t\t\t\t\tcolor4             : \"#ff77bd\",\r\n\t\t\t\t\tcolor5             : \"#beecff\",\r\n\t\t\t\t\tcolor6             : \"#beecff\",\r\n\t\t\t\t\tcolor7             : \"#ff77bd\",\r\n\t\t\t\t\tchartFrom1         : \"\",\r\n\t\t\t\t\tchartTo1           : \"\",\r\n\t\t\t\t\tchartFrom2         : \"\",\r\n\t\t\t\t\tchartTo2           : \"\",\r\n\t\t\t\t\tstartIcon          : \"\",\r\n\t\t\t\t\tendIcon            : \"\",\r\n\t\t\t\t\tcurrentIcon        : \"\",\r\n\t\t\t\t\twaypointIcon       : \"https:\/\/lavia.cc\/gpx\/wp-content\/uploads\/gpx\/cropped-icona.ico\",\r\n\t\t\t\t\tcurrentpositioncon : \"\",\r\n\t\t\t\t\tusegpsposition     : \"\",\r\n\t\t\t\t\tzoomOnScrollWheel  : \"\",\r\n\t\t\t\t\tngGalleries        : [],\r\n\t\t\t\t\tngImages           : [],\r\n\t\t\t\t\tpluginUrl          : \"https:\/\/lavia.cc\/gpx\/wp-content\/plugins\",\r\n\t\t\t\t\tTFApiKey           : \"\",\r\n\t\t\t\t\tMapBoxApiKey           : \"\",\r\n\t\t\t\t\tlangs              : {\r\n\t\t\t\t\t\taltitude        : \"Altitudine\",\r\n\t\t\t\t\t\tcurrentPosition : \"Current position\",\r\n\t\t\t\t\t\tspeed           : \"Velocit\u00e0\",\r\n\t\t\t\t\t\tgrade           : \"Grade\",\r\n\t\t\t\t\t\theartRate       : \"Battito Cardiaco\",\r\n\t\t\t\t\t\tatemp           : \"Temperature\",\r\n\t\t\t\t\t\tcadence         : \"Cadenza\",\r\n\t\t\t\t\t\tgoFullScreen    : \"Go full screen\",\r\n\t\t\t\t\t\texitFullFcreen  : \"Exit full screen\",\r\n\t\t\t\t\t\thideImages      : \"Hide images\",\r\n\t\t\t\t\t\tshowImages      : \"Show images\",\r\n\t\t\t\t\t\tbackToCenter\t: \"Ritorna al centro della mappa\"\r\n\t\t\t\t\t}\r\n\t\t\t\t});\r\n\r\n\t\t\t});\r\n\r\n\t\t<\/script>\n<p>\ud83d\udfe2 Scarica la traccia e Segui\u00a0<strong><a href=\"https:\/\/www.instagram.com\/lavia.cc\/\" target=\"_blank\" rel=\"noopener\">LAVIA<\/a>!<\/strong><\/p>\n","protected":false},"excerpt":{"rendered":"<p>\ud83c\udfd4\ufe0f\u00a0<strong>TRACCIA CARICATA DALLA GUIDA: <a href=\"https:\/\/lavia.cc\/gpx\/manuela-canaveras-guida-escursionistica-friuli-venezia-giulia\/\" target=\"_blank\" rel=\"noopener\">MANUELA CANAVERAS<\/a><\/strong><\/p>\n<p>L\u2019anello del Monte Ciavac \u00e8 un percorso escursionistico che si sviluppa a partire dal paese di Andreis, piccolo e affascinante borgo della provincia di Pordenone, ai piedi delle ultime propaggini delle Dolomiti Friulane. L\u2019anello, nonostante la sua relativa brevit\u00e0, presenta una grande variet\u00e0 di ambienti e paesaggi e nella sua seconda parte attraversa una delle linee tettoniche pi\u00f9 importanti della regione: la linea Barcis \u2013 Staro Selo. In questo punto, seguendo il corso del limpido torrente Susaibes, sar\u00e0 impossibile non meravigliarsi di fronte agli effetti degli imponenti movimenti geologici che millennio dopo millennio hanno plasmato questo paesaggio e dato forma alle montagne che oggi ammiriamo.<\/p>\n<p>\ud83d\udfe2 Segui\u00a0<strong>LAVIA,<\/strong>\u00a0arriva alla\u00a0<strong>META!<\/strong><\/p>\n<p><a class=\"button\">[popup_trigger id=\"14755\" classes=\"manuelacanaveras\"]\u2709\ufe0f Contatta la GUIDA![\/popup_trigger]<\/a><\/p>\n","protected":false},"featured_media":5447,"comment_status":"open","ping_status":"closed","template":"","meta":[],"product_brand":[],"product_cat":[31],"product_tag":[917,276,451],"class_list":{"0":"post-5442","1":"product","2":"type-product","3":"status-publish","4":"has-post-thumbnail","6":"product_cat-escursionismo","7":"product_tag-andreis","8":"product_tag-friuli-venezia-giulia","9":"product_tag-pordenone","11":"first","12":"instock","13":"shipping-taxable","14":"product-type-simple"},"_links":{"self":[{"href":"https:\/\/lavia.cc\/gpx\/wp-json\/wp\/v2\/product\/5442","targetHints":{"allow":["GET"]}}],"collection":[{"href":"https:\/\/lavia.cc\/gpx\/wp-json\/wp\/v2\/product"}],"about":[{"href":"https:\/\/lavia.cc\/gpx\/wp-json\/wp\/v2\/types\/product"}],"replies":[{"embeddable":true,"href":"https:\/\/lavia.cc\/gpx\/wp-json\/wp\/v2\/comments?post=5442"}],"version-history":[{"count":7,"href":"https:\/\/lavia.cc\/gpx\/wp-json\/wp\/v2\/product\/5442\/revisions"}],"predecessor-version":[{"id":14776,"href":"https:\/\/lavia.cc\/gpx\/wp-json\/wp\/v2\/product\/5442\/revisions\/14776"}],"wp:featuredmedia":[{"embeddable":true,"href":"https:\/\/lavia.cc\/gpx\/wp-json\/wp\/v2\/media\/5447"}],"wp:attachment":[{"href":"https:\/\/lavia.cc\/gpx\/wp-json\/wp\/v2\/media?parent=5442"}],"wp:term":[{"taxonomy":"product_brand","embeddable":true,"href":"https:\/\/lavia.cc\/gpx\/wp-json\/wp\/v2\/product_brand?post=5442"},{"taxonomy":"product_cat","embeddable":true,"href":"https:\/\/lavia.cc\/gpx\/wp-json\/wp\/v2\/product_cat?post=5442"},{"taxonomy":"product_tag","embeddable":true,"href":"https:\/\/lavia.cc\/gpx\/wp-json\/wp\/v2\/product_tag?post=5442"}],"curies":[{"name":"wp","href":"https:\/\/api.w.org\/{rel}","templated":true}]}}