{"id":5460,"date":"2023-04-01T14:48:49","date_gmt":"2023-04-01T12:48:49","guid":{"rendered":"https:\/\/lavia.cc\/gpx\/?post_type=product&#038;p=5460"},"modified":"2023-07-04T20:16:39","modified_gmt":"2023-07-04T18:16:39","slug":"monte-cognolo-anello-rosso","status":"publish","type":"product","link":"https:\/\/lavia.cc\/gpx\/tracce\/monte-cognolo-anello-rosso\/","title":{"rendered":"Monte Cognolo, Anello Rosso [SdS]"},"content":{"rendered":"<h5>Monte Cognolo, Anello Rosso [SdS]<\/h5>\n<p>\u27a1\ufe0f Clicca qui per raggiungere il punto di partenza: <a href=\"https:\/\/www.google.it\/maps\/place\/Iseo\/@45.6565924,10.0493177,17.75z\/data=!4m15!1m8!3m7!1s0x478164ff4e8c7bd7:0xce57b490cb926bb!2sVia+Roma,+Iseo+BS!3b1!8m2!3d45.6591098!4d10.0531173!16s%2Fg%2F119tzr_zj!3m5!1s0x478164f8ab5d0079:0x7826edbb607fcb6f!8m2!3d45.65654!4d10.050019!16s%2Fg%2F120vbgt5\" target=\"_blank\" rel=\"noopener\">GOOGLE MAPS<\/a> (Stazione ferroviaria di Iseo)<\/p>\n<p>\ud83d\udd5c Periodo consigliato: tutto l&#8217;anno<\/p>\n<p>\ud83d\uddfa\ufe0f Mappa e altimetria dell&#8217;<a href=\"https:\/\/lavia.cc\/gpx\/categoria-tracce\/escursionismo\/\" target=\"_blank\" rel=\"noopener\">escursione<\/a> sul <strong>Monte Cognolo<\/strong> con partenza da Iseo:<\/p>\n\r\n\t\t<div id=\"wpgpxmaps_5460_956112\" class=\"wpgpxmaps\">\r\n\t\t\t<div id=\"map_5460_956112_cont\" style=\"width:100%; height:450px;position:relative\" >\r\n\t\t\t\t<div id=\"map_5460_956112\" style=\"width:100%; height:450px\"><\/div>\r\n\t\t\t\t<div id=\"wpgpxmaps_5460_956112_osm_footer\" class=\"wpgpxmaps_osm_footer\" style=\"display:none;\"><span> &copy; <a href=\"http:\/\/www.openstreetmap.org\/copyright\" target=\"_blank\" rel=\"noopener\">OpenStreetMap<\/a> contributors<\/span><\/div>\r\n\t\t\t<\/div>\r\n\t\t\t<canvas id=\"myChart_5460_956112\" class=\"plot\" style=\"width:100%; height:200px\"><\/canvas>\r\n\t\t\t<div id=\"ngimages_5460_956112\" class=\"ngimages\" style=\"display:none\"><\/div>\r\n\t\t\t<div id=\"report_5460_956112\" class=\"report\"><\/div>\r\n\t\t<\/div>\r\n\t\t\r\n\t\t<script type=\"text\/javascript\">\r\n\r\n\t\t\tjQuery(document).ready(function() {\r\n\r\n\t\t\t\tjQuery( \"#wpgpxmaps_5460_956112\" ).wpgpxmaps( {\r\n\t\t\t\t\ttargetId           : \"5460_956112\",\r\n\t\t\t\t\tmapType            : \"HYBRID\",\r\n\t\t\t\t\tmapData            : [[45.6543210,10.0502710],[45.6543600,10.0501470],[45.6543900,10.0499910],[45.6532780,10.0496070],[45.6531510,10.0496370],[45.6528870,10.0494300],[45.6526900,10.0495990],[45.6522830,10.0498340],[45.6519080,10.0499780],[45.6516030,10.0499510],[45.6513370,10.0498550],[45.6510130,10.0495280],[45.6507250,10.0494140],[45.6503740,10.0493940],[45.6501240,10.0492210],[45.6497090,10.0487000],[45.6494150,10.0484290],[45.6492870,10.0483670],[45.6491290,10.0482040],[45.6489130,10.0478860],[45.6486900,10.0476910],[45.6485360,10.0474700],[45.6483260,10.0469210],[45.6481490,10.0466300],[45.6478450,10.0464620],[45.6475750,10.0462420],[45.6474900,10.0462390],[45.6475580,10.0464150],[45.6473280,10.0463330],[45.6470770,10.0460310],[45.6469280,10.0457410],[45.6467500,10.0455020],[45.6463530,10.0450860],[45.6460530,10.0448330],[45.6457180,10.0444810],[45.6455440,10.0439450],[45.6452000,10.0431550],[45.6451590,10.0425090],[45.6448670,10.0418110],[45.6446150,10.0414050],[45.6444900,10.0410100],[45.6444190,10.0407430],[45.6442590,10.0404870],[45.6440290,10.0402640],[45.6436980,10.0400030],[45.6434710,10.0396450],[45.6432650,10.0394040],[45.6431830,10.0394960],[45.6430910,10.0395140],[45.6430090,10.0395720],[45.6429460,10.0396730],[45.6429080,10.0397940],[45.6428460,10.0398940],[45.6427960,10.0400030],[45.6428450,10.0397480],[45.6428880,10.0396190],[45.6429470,10.0395050],[45.6429520,10.0393760],[45.6428720,10.0393040],[45.6427820,10.0392870],[45.6426950,10.0392410],[45.6427010,10.0393780],[45.6426490,10.0395090],[45.6425870,10.0393460],[45.6425480,10.0396190],[45.6424130,10.0397040],[45.6423310,10.0399070],[45.6423250,10.0400430],[45.6423280,10.0402130],[45.6423720,10.0404150],[45.6424730,10.0406910],[45.6425450,10.0409910],[45.6424970,10.0411980],[45.6425470,10.0413620],[45.6426340,10.0416470],[45.6426820,10.0421600],[45.6427340,10.0424770],[45.6426900,10.0427790],[45.6425940,10.0430560],[45.6424410,10.0436410],[45.6424560,10.0441890],[45.6425990,10.0442010],[45.6426940,10.0442140],[45.6427800,10.0442570],[45.6428700,10.0443150],[45.6429580,10.0443670],[45.6430450,10.0444260],[45.6431150,10.0445320],[45.6432000,10.0446070],[45.6432740,10.0447070],[45.6433560,10.0447860],[45.6434280,10.0448710],[45.6435090,10.0449760],[45.6435630,10.0450990],[45.6436220,10.0452120],[45.6436780,10.0453140],[45.6437210,10.0454350],[45.6437760,10.0455540],[45.6438490,10.0456620],[45.6439220,10.0457870],[45.6439830,10.0459150],[45.6440070,10.0460590],[45.6440830,10.0463110],[45.6441080,10.0464440],[45.6441430,10.0465820],[45.6441680,10.0467180],[45.6441780,10.0468530],[45.6441650,10.0469850],[45.6441750,10.0471210],[45.6440990,10.0475170],[45.6440900,10.0476570],[45.6440690,10.0477850],[45.6440810,10.0480610],[45.6441000,10.0481880],[45.6440490,10.0485850],[45.6440080,10.0487010],[45.6439730,10.0488330],[45.6439380,10.0489570],[45.6439200,10.0490850],[45.6438620,10.0491480],[45.6439060,10.0492760],[45.6439110,10.0494310],[45.6440900,10.0497530],[45.6442290,10.0498990],[45.6445480,10.0506690],[45.6449290,10.0512520],[45.6449840,10.0514210],[45.6450290,10.0520360],[45.6452150,10.0525740],[45.6453350,10.0528850],[45.6455370,10.0532200],[45.6456990,10.0534080],[45.6458620,10.0534540],[45.6461180,10.0533830],[45.6463500,10.0530240],[45.6463500,10.0530240],[45.6461180,10.0533830],[45.6458620,10.0534540],[45.6458560,10.0545870],[45.6458940,10.0547580],[45.6460150,10.0549700],[45.6460370,10.0552400],[45.6460050,10.0554010],[45.6460620,10.0556070],[45.6459930,10.0559880],[45.6459420,10.0562000],[45.6458460,10.0563770],[45.6458240,10.0565170],[45.6458250,10.0569560],[45.6455870,10.0576940],[45.6456840,10.0577870],[45.6457660,10.0581320],[45.6458450,10.0582910],[45.6458550,10.0585720],[45.6459820,10.0587760],[45.6464570,10.0590440],[45.6465650,10.0598100],[45.6466940,10.0603070],[45.6466450,10.0605860],[45.6465830,10.0609940],[45.6466430,10.0612380],[45.6467780,10.0615760],[45.6469460,10.0617090],[45.6470210,10.0618850],[45.6470640,10.0623690],[45.6471320,10.0625960],[45.6473250,10.0628520],[45.6473810,10.0630300],[45.6474440,10.0633920],[45.6475340,10.0635610],[45.6477380,10.0636350],[45.6479430,10.0636660],[45.6483010,10.0636070],[45.6486110,10.0636460],[45.6487860,10.0638330],[45.6489590,10.0643230],[45.6490120,10.0645310],[45.6490300,10.0648010],[45.6491730,10.0653050],[45.6492010,10.0657260],[45.6491970,10.0660350],[45.6491130,10.0670770],[45.6491640,10.0674620],[45.6491830,10.0678580],[45.6492340,10.0685730],[45.6491700,10.0689190],[45.6491550,10.0691120],[45.6491320,10.0696700],[45.6491630,10.0704720],[45.6491070,10.0708830],[45.6490950,10.0715710],[45.6491130,10.0718560],[45.6491430,10.0721000],[45.6492160,10.0723430],[45.6493200,10.0728480],[45.6493560,10.0731500],[45.6493540,10.0734760],[45.6493940,10.0736900],[45.6495210,10.0742030],[45.6495940,10.0743630],[45.6497010,10.0743330],[45.6509940,10.0744830],[45.6515920,10.0747970],[45.6518820,10.0748840],[45.6520010,10.0750020],[45.6525460,10.0756970],[45.6526770,10.0759570],[45.6528920,10.0767000],[45.6529230,10.0764980],[45.6528650,10.0760210],[45.6525440,10.0752090],[45.6524160,10.0748180],[45.6521110,10.0744260],[45.6519850,10.0743040],[45.6512140,10.0735500],[45.6510700,10.0734710],[45.6509180,10.0735100],[45.6508660,10.0732930],[45.6509000,10.0731540],[45.6509050,10.0730140],[45.6508790,10.0727360],[45.6505950,10.0717650],[45.6505140,10.0712070],[45.6505240,10.0706390],[45.6505790,10.0702060],[45.6505850,10.0696570],[45.6506240,10.0692970],[45.6506730,10.0690690],[45.6506560,10.0689270],[45.6507150,10.0686890],[45.6509090,10.0684670],[45.6511160,10.0683490],[45.6511870,10.0682560],[45.6513080,10.0677540],[45.6514230,10.0671480],[45.6516590,10.0664200],[45.6516730,10.0661880],[45.6513730,10.0656650],[45.6513160,10.0655080],[45.6513070,10.0653700],[45.6513230,10.0650130],[45.6513630,10.0648200],[45.6515000,10.0647010],[45.6516920,10.0644850],[45.6517780,10.0643880],[45.6519070,10.0642820],[45.6520950,10.0642560],[45.6521930,10.0643090],[45.6523250,10.0643150],[45.6523570,10.0641260],[45.6523100,10.0637920],[45.6522410,10.0635560],[45.6521800,10.0632230],[45.6520680,10.0630580],[45.6519550,10.0630260],[45.6518000,10.0630120],[45.6517100,10.0626050],[45.6516030,10.0623420],[45.6518260,10.0621630],[45.6520530,10.0620740],[45.6522450,10.0619120],[45.6523640,10.0617600],[45.6524460,10.0618170],[45.6526870,10.0615980],[45.6527290,10.0614370],[45.6527060,10.0611800],[45.6527210,10.0610300],[45.6527180,10.0602840],[45.6527760,10.0600570],[45.6527450,10.0594580],[45.6528010,10.0592830],[45.6528330,10.0589720],[45.6532470,10.0591210],[45.6533800,10.0593570],[45.6535200,10.0594580],[45.6536230,10.0595850],[45.6536560,10.0597940],[45.6538430,10.0603110],[45.6539850,10.0603580],[45.6541900,10.0602450],[45.6543340,10.0602870],[45.6543490,10.0601080],[45.6542970,10.0598880],[45.6543370,10.0597510],[45.6545250,10.0599050],[45.6546220,10.0599790],[45.6547640,10.0600060],[45.6550000,10.0602350],[45.6551860,10.0603110],[45.6553090,10.0604980],[45.6556430,10.0613660],[45.6557960,10.0618250],[45.6558020,10.0621720],[45.6558500,10.0623650],[45.6559720,10.0624450],[45.6559410,10.0622350],[45.6562480,10.0616040],[45.6562870,10.0614300],[45.6562790,10.0611620],[45.6564320,10.0609070],[45.6566310,10.0605570],[45.6564990,10.0602990],[45.6566740,10.0596650],[45.6568710,10.0594420],[45.6567230,10.0592410],[45.6565630,10.0591050],[45.6565290,10.0587890],[45.6565750,10.0584290],[45.6567090,10.0579140],[45.6568530,10.0578590],[45.6569930,10.0578160],[45.6571500,10.0577100],[45.6574390,10.0574460],[45.6575110,10.0572600],[45.6574100,10.0572040],[45.6568330,10.0564350],[45.6566360,10.0562100],[45.6564390,10.0560740],[45.6561520,10.0558140],[45.6557470,10.0557430],[45.6552030,10.0553450],[45.6546100,10.0550540],[45.6545270,10.0548880],[45.6548140,10.0542720],[45.6549020,10.0541720],[45.6551260,10.0541360],[45.6552250,10.0540590],[45.6546400,10.0537770],[45.6544920,10.0536190],[45.6543910,10.0532900],[45.6544680,10.0526720],[45.6545200,10.0524290],[45.6545810,10.0520210],[45.6546480,10.0512100],[45.6546730,10.0508920],[45.6547170,10.0507410],[45.6547040,10.0506020],[45.6546930,10.0504460],[45.6546430,10.0503310],[45.6545450,10.0503110],[45.6544480,10.0502990],[45.6543500,10.0502900],[45.6542820,10.0503750]],\r\n\t\t\t\t\tgraphDist          : [0.00,0.01,0.02,0.15,0.17,0.20,0.22,0.27,0.32,0.35,0.38,0.43,0.46,0.50,0.53,0.59,0.63,0.65,0.67,0.70,0.73,0.76,0.81,0.84,0.88,0.91,0.92,0.94,0.97,1.01,1.04,1.06,1.12,1.16,1.20,1.25,1.33,1.38,1.44,1.48,1.52,1.55,1.57,1.60,1.65,1.68,1.71,1.73,1.74,1.75,1.76,1.77,1.78,1.79,1.81,1.82,1.83,1.84,1.85,1.86,1.87,1.88,1.90,1.91,1.93,1.95,1.97,1.98,2.00,2.01,2.04,2.07,2.08,2.10,2.12,2.16,2.19,2.21,2.24,2.29,2.33,2.34,2.36,2.37,2.38,2.39,2.40,2.41,2.42,2.43,2.44,2.45,2.47,2.48,2.49,2.50,2.51,2.52,2.53,2.55,2.56,2.57,2.59,2.60,2.61,2.62,2.63,2.64,2.66,2.69,2.70,2.71,2.73,2.74,2.77,2.78,2.79,2.80,2.82,2.83,2.84,2.85,2.88,2.90,2.97,3.04,3.05,3.10,3.15,3.18,3.21,3.23,3.25,3.28,3.32,3.34,3.38,3.41,3.50,3.51,3.53,3.55,3.57,3.58,3.61,3.63,3.65,3.66,3.69,3.76,3.77,3.80,3.81,3.84,3.86,3.91,3.98,4.02,4.04,4.08,4.10,4.13,4.15,4.16,4.20,4.22,4.25,4.27,4.29,4.31,4.33,4.36,4.40,4.43,4.46,4.50,4.52,4.54,4.58,4.61,4.64,4.72,4.75,4.78,4.84,4.86,4.88,4.92,4.98,5.02,5.07,5.09,5.11,5.13,5.17,5.20,5.22,5.24,5.28,5.30,5.31,5.45,5.52,5.56,5.57,5.65,5.68,5.74,5.76,5.80,5.87,5.90,5.95,5.96,6.07,6.09,6.10,6.12,6.13,6.14,6.16,6.25,6.29,6.33,6.37,6.41,6.44,6.46,6.47,6.49,6.52,6.54,6.55,6.59,6.64,6.71,6.72,6.78,6.79,6.80,6.83,6.85,6.86,6.89,6.90,6.92,6.94,6.95,6.97,6.98,7.01,7.03,7.06,7.08,7.09,7.11,7.14,7.16,7.19,7.22,7.25,7.26,7.28,7.31,7.32,7.34,7.35,7.41,7.43,7.48,7.50,7.52,7.57,7.59,7.61,7.63,7.64,7.69,7.71,7.73,7.75,7.76,7.78,7.79,7.82,7.83,7.85,7.88,7.90,7.92,8.00,8.04,8.07,8.08,8.10,8.12,8.18,8.19,8.21,8.24,8.27,8.30,8.35,8.38,8.40,8.42,8.45,8.48,8.52,8.54,8.55,8.57,8.61,8.63,8.64,8.73,8.76,8.78,8.82,8.87,8.93,9.00,9.02,9.08,9.09,9.12,9.13,9.20,9.22,9.25,9.30,9.32,9.35,9.41,9.44,9.45,9.46,9.47,9.48,9.49,9.51,9.52,9.53],\r\n\t\t\t\t\tgraphEle           : [193.41,193.41,193.41,197.42,198.62,201.30,203.34,207.23,211.81,216.85,221.38,227.93,232.86,238.66,243.63,253.59,259.89,262.33,265.84,271.43,276.24,280.26,288.31,293.28,299.28,304.98,306.54,309.09,314.28,319.98,324.35,328.59,336.85,341.52,347.11,353.00,361.23,365.54,370.96,374.57,377.59,378.54,379.68,381.01,382.81,384.41,385.68,385.10,384.72,384.34,383.96,383.58,383.20,382.83,382.07,381.67,381.26,380.89,380.51,380.14,379.76,379.37,378.94,378.39,380.26,381.76,383.40,384.43,385.65,387.10,389.24,391.76,393.26,394.48,397.25,404.41,408.91,413.18,417.45,426.09,433.40,435.86,437.50,439.06,440.76,442.40,444.05,445.80,447.52,449.27,450.97,452.57,454.45,456.19,457.89,459.44,461.07,462.72,464.12,465.64,467.09,468.48,471.04,472.33,473.70,475.02,476.28,477.53,478.81,482.65,483.96,485.19,488.49,490.39,496.30,498.21,500.28,502.24,504.15,506.09,508.18,510.45,516.48,520.10,535.15,549.37,552.69,563.71,573.34,578.12,584.08,588.10,591.30,596.32,602.91,605.88,610.84,614.62,626.10,627.92,630.69,631.61,632.15,632.85,634.10,634.81,635.53,635.98,637.38,636.72,635.54,632.98,631.60,629.62,627.69,622.54,615.84,610.93,608.26,604.04,601.64,598.03,596.49,595.87,594.41,593.68,592.55,591.97,590.85,590.22,589.32,588.89,588.19,587.58,587.15,586.40,586.09,585.64,583.15,581.21,579.79,574.98,573.82,573.49,572.89,572.59,572.43,571.96,571.46,571.22,570.83,570.66,570.52,570.37,569.96,569.72,569.46,569.28,568.85,568.70,568.57,567.21,566.55,565.13,564.15,559.19,557.67,554.00,553.43,552.10,549.52,548.33,546.85,546.45,544.00,543.60,543.20,542.78,542.51,542.12,541.19,537.69,535.79,533.90,531.18,527.72,525.43,523.92,523.02,521.43,519.17,517.31,516.71,514.39,511.65,508.14,507.09,502.54,501.23,500.20,497.55,496.05,494.35,491.76,490.60,489.02,486.85,485.13,482.96,480.71,476.80,473.86,469.91,467.27,465.38,462.77,457.71,453.19,447.67,442.66,437.92,434.53,432.40,426.33,423.77,419.92,417.34,404.31,400.08,389.53,386.17,380.68,369.91,364.59,360.65,357.24,353.48,343.27,339.41,333.90,330.21,327.73,325.03,323.31,319.45,317.62,315.24,310.50,307.28,304.30,294.57,290.31,287.39,285.64,283.96,282.16,275.22,273.36,270.64,267.23,262.64,259.40,252.47,249.76,247.75,245.91,243.70,241.14,237.35,235.87,234.46,233.17,230.95,229.99,229.28,224.18,222.55,221.47,219.88,217.88,215.03,211.99,211.25,208.62,208.06,206.94,206.38,203.27,202.33,201.05,198.81,197.90,196.41,195.84,195.84,195.84,195.84,195.84,195.84,195.84,195.84,195.84,195.84],\r\n\t\t\t\t\tgraphSpeed         : [],\r\n\t\t\t\t\tgraphHr            : [],\r\n\t\t\t\t\tgraphAtemp         : [],\r\n\t\t\t\t\tgraphCad           : [],\r\n\t\t\t\t\tgraphGrade         : [],\r\n\t\t\t\t\twaypoints          : [],\r\n\t\t\t\t\tunit               : \"2\",\r\n\t\t\t\t\tunitspeed          : \"0\",\r\n\t\t\t\t\tcolor1             : [\"#3366cc\"],\r\n\t\t\t\t\tcolor2             : \"#3366cc\",\r\n\t\t\t\t\tcolor3             : \"#ff0000\",\r\n\t\t\t\t\tcolor4             : \"#ff77bd\",\r\n\t\t\t\t\tcolor5             : \"#beecff\",\r\n\t\t\t\t\tcolor6             : \"#beecff\",\r\n\t\t\t\t\tcolor7             : \"#ff77bd\",\r\n\t\t\t\t\tchartFrom1         : \"\",\r\n\t\t\t\t\tchartTo1           : \"\",\r\n\t\t\t\t\tchartFrom2         : \"\",\r\n\t\t\t\t\tchartTo2           : \"\",\r\n\t\t\t\t\tstartIcon          : \"\",\r\n\t\t\t\t\tendIcon            : \"\",\r\n\t\t\t\t\tcurrentIcon        : \"\",\r\n\t\t\t\t\twaypointIcon       : \"https:\/\/lavia.cc\/gpx\/wp-content\/uploads\/gpx\/cropped-icona.ico\",\r\n\t\t\t\t\tcurrentpositioncon : \"\",\r\n\t\t\t\t\tusegpsposition     : \"\",\r\n\t\t\t\t\tzoomOnScrollWheel  : \"\",\r\n\t\t\t\t\tngGalleries        : [],\r\n\t\t\t\t\tngImages           : [],\r\n\t\t\t\t\tpluginUrl          : \"https:\/\/lavia.cc\/gpx\/wp-content\/plugins\",\r\n\t\t\t\t\tTFApiKey           : \"\",\r\n\t\t\t\t\tMapBoxApiKey           : \"\",\r\n\t\t\t\t\tlangs              : {\r\n\t\t\t\t\t\taltitude        : \"Altitudine\",\r\n\t\t\t\t\t\tcurrentPosition : \"Current position\",\r\n\t\t\t\t\t\tspeed           : \"Velocit\u00e0\",\r\n\t\t\t\t\t\tgrade           : \"Grade\",\r\n\t\t\t\t\t\theartRate       : \"Battito Cardiaco\",\r\n\t\t\t\t\t\tatemp           : \"Temperature\",\r\n\t\t\t\t\t\tcadence         : \"Cadenza\",\r\n\t\t\t\t\t\tgoFullScreen    : \"Go full screen\",\r\n\t\t\t\t\t\texitFullFcreen  : \"Exit full screen\",\r\n\t\t\t\t\t\thideImages      : \"Hide images\",\r\n\t\t\t\t\t\tshowImages      : \"Show images\",\r\n\t\t\t\t\t\tbackToCenter\t: \"Ritorna al centro della mappa\"\r\n\t\t\t\t\t}\r\n\t\t\t\t});\r\n\r\n\t\t\t});\r\n\r\n\t\t<\/script>\n<p>\ud83d\udfe2 Scarica la traccia e Segui\u00a0<a href=\"https:\/\/www.instagram.com\/lavia.cc\/\" target=\"_blank\" rel=\"noopener\">LAVIA<\/a>!<\/p>\n<p>&nbsp;<\/p>\n","protected":false},"excerpt":{"rendered":"<p><strong>\ud83d\udccd TRACCIA CARICATA DA: <a href=\"https:\/\/www.instagram.com\/sentieridelsebino\/\" target=\"_blank\" rel=\"noopener\">@sentieridelsebino<\/a><\/strong><\/p>\n<p>Il Monte Cognolo, 672 m.s.l., \u00e8 situato alle pendici del massiccio che separa il Sebino dalla Val Trompia, accoglie numerosi punti panoramici sull\u2019area circostante del Lago d\u2019Iseo e della Franciacorta. Il percorso ad anello proposto parte da Iseo (BS) ed \u00e8 adatto a tutti senza particolari difficolt\u00e0 tecniche. Il tempo necessario \u00e8 di circa 2h e 30 min con un dislivello positivo totale di 480m. Una volta lasciata l\u2019auto si procede su via Roma verso la traversa n.2, adiacente al passaggio a livello, percorrendola fino all\u2019ingresso nel bosco dove mantenendo la destra si raggiunge il Campo Scout e l\u2019inizio della salita per la Croce di Provaglio.<br \/>\nA questo punto tornando sulla strada si procede sulla variante del sentiero 290 tenendo la sinistra per raggiungere la Balota del Coren da cui si gode di un panorama unico sul lago. Il percorso continua seguendo il sentiero 290 della Proai Golem fino alla localit\u00e0 Marus dove poco pi\u00f9 avanti, al bivio, si imbocca il Sentier\u00f9 (sentiero 245)\u00a0 mantenendo la sinistra che termina la discesa verso il paese in via Carlo Bonardi. Successivamente si prende la traversa decima che porta in via Giuseppe Zatti dalla quale si ritorna facilmente all\u2019auto.<\/p>\n<p>\ud83d\udfe2 Segui\u00a0<strong>LAVIA,<\/strong>\u00a0arriva alla\u00a0<strong>META<\/strong>!<\/p>\n","protected":false},"featured_media":5464,"comment_status":"open","ping_status":"closed","template":"","meta":[],"product_brand":[],"product_cat":[31],"product_tag":[74,249,729,73],"class_list":{"0":"post-5460","1":"product","2":"type-product","3":"status-publish","4":"has-post-thumbnail","6":"product_cat-escursionismo","7":"product_tag-brescia","8":"product_tag-iseo","9":"product_tag-lago-diseo","10":"product_tag-lombardia","12":"first","13":"instock","14":"downloadable","15":"virtual","16":"product-type-simple"},"_links":{"self":[{"href":"https:\/\/lavia.cc\/gpx\/wp-json\/wp\/v2\/product\/5460","targetHints":{"allow":["GET"]}}],"collection":[{"href":"https:\/\/lavia.cc\/gpx\/wp-json\/wp\/v2\/product"}],"about":[{"href":"https:\/\/lavia.cc\/gpx\/wp-json\/wp\/v2\/types\/product"}],"replies":[{"embeddable":true,"href":"https:\/\/lavia.cc\/gpx\/wp-json\/wp\/v2\/comments?post=5460"}],"version-history":[{"count":4,"href":"https:\/\/lavia.cc\/gpx\/wp-json\/wp\/v2\/product\/5460\/revisions"}],"predecessor-version":[{"id":6445,"href":"https:\/\/lavia.cc\/gpx\/wp-json\/wp\/v2\/product\/5460\/revisions\/6445"}],"wp:featuredmedia":[{"embeddable":true,"href":"https:\/\/lavia.cc\/gpx\/wp-json\/wp\/v2\/media\/5464"}],"wp:attachment":[{"href":"https:\/\/lavia.cc\/gpx\/wp-json\/wp\/v2\/media?parent=5460"}],"wp:term":[{"taxonomy":"product_brand","embeddable":true,"href":"https:\/\/lavia.cc\/gpx\/wp-json\/wp\/v2\/product_brand?post=5460"},{"taxonomy":"product_cat","embeddable":true,"href":"https:\/\/lavia.cc\/gpx\/wp-json\/wp\/v2\/product_cat?post=5460"},{"taxonomy":"product_tag","embeddable":true,"href":"https:\/\/lavia.cc\/gpx\/wp-json\/wp\/v2\/product_tag?post=5460"}],"curies":[{"name":"wp","href":"https:\/\/api.w.org\/{rel}","templated":true}]}}