{"id":5517,"date":"2023-04-06T13:09:29","date_gmt":"2023-04-06T11:09:29","guid":{"rendered":"https:\/\/lavia.cc\/gpx\/?post_type=product&#038;p=5517"},"modified":"2025-11-13T10:31:33","modified_gmt":"2025-11-13T09:31:33","slug":"escursione-a-cala-di-forno-maremma-a4","status":"publish","type":"product","link":"https:\/\/lavia.cc\/gpx\/tracce\/escursione-a-cala-di-forno-maremma-a4\/","title":{"rendered":"Escursione a Cala di Forno nel Parco della Maremma &#8211; Itinerario A4"},"content":{"rendered":"<h5>Escursione a Cala di Forno nel Parco della Maremma &#8211; Itinerario A4<\/h5>\n<p>\u27a1\ufe0f Clicca qui per raggiungere il punto di partenza: <a href=\"https:\/\/www.google.com\/maps\/place\/Parcheggio+a+Pagamento\/@42.649633,11.0351872,19.25z\/data=!4m15!1m8!3m7!1s0x1329b4d037deffdb:0xaea8fd8e94119c56!2s58100+Marina+di+Alberese+GR!3b1!8m2!3d42.6491965!4d11.0358349!16s%2Fg%2F119tnmdn2!3m5!1s0x1329b4d05aa7af47:0x45b111d7a9b2797e!8m2!3d42.6493643!4d11.0350632!16s%2Fg%2F11c56rdl59?authuser=0\" target=\"_blank\" rel=\"noopener\">GOOGLE MAPS<\/a> (Parcheggio di Marina Alberese)<\/p>\n<p>\ud83d\uddfa\ufe0f Mappa e altimetria dell&#8217;<a href=\"https:\/\/lavia.cc\/gpx\/categoria-tracce\/escursionismo\/\" target=\"_blank\" rel=\"noopener\">escursione<\/a> a <strong>Cala di Forno<\/strong>:<\/p>\n\r\n\t\t<div id=\"wpgpxmaps_5517_4496095\" class=\"wpgpxmaps\">\r\n\t\t\t<div id=\"map_5517_4496095_cont\" style=\"width:100%; height:450px;position:relative\" >\r\n\t\t\t\t<div id=\"map_5517_4496095\" style=\"width:100%; height:450px\"><\/div>\r\n\t\t\t\t<div id=\"wpgpxmaps_5517_4496095_osm_footer\" class=\"wpgpxmaps_osm_footer\" style=\"display:none;\"><span> &copy; <a href=\"http:\/\/www.openstreetmap.org\/copyright\" target=\"_blank\" rel=\"noopener\">OpenStreetMap<\/a> contributors<\/span><\/div>\r\n\t\t\t<\/div>\r\n\t\t\t<canvas id=\"myChart_5517_4496095\" class=\"plot\" style=\"width:100%; height:200px\"><\/canvas>\r\n\t\t\t<div id=\"ngimages_5517_4496095\" class=\"ngimages\" style=\"display:none\"><\/div>\r\n\t\t\t<div id=\"report_5517_4496095\" class=\"report\"><\/div>\r\n\t\t<\/div>\r\n\t\t\r\n\t\t<script type=\"text\/javascript\">\r\n\r\n\t\t\tjQuery(document).ready(function() {\r\n\r\n\t\t\t\tjQuery( \"#wpgpxmaps_5517_4496095\" ).wpgpxmaps( {\r\n\t\t\t\t\ttargetId           : \"5517_4496095\",\r\n\t\t\t\t\tmapType            : \"HYBRID\",\r\n\t\t\t\t\tmapData            : [[42.6492600,11.0349370],[42.6490740,11.0354350],[42.6494300,11.0356910],[42.6503460,11.0363010],[42.6502780,11.0365030],[42.6503260,11.0371280],[42.6504510,11.0374640],[42.6506450,11.0375870],[42.6508020,11.0375060],[42.6510310,11.0378230],[42.6511120,11.0379020],[42.6513300,11.0380040],[42.6511510,11.0389540],[42.6510110,11.0404510],[42.6509500,11.0408000],[42.6509330,11.0413390],[42.6506930,11.0426230],[42.6506090,11.0431860],[42.6502960,11.0437170],[42.6502960,11.0441120],[42.6503460,11.0444770],[42.6502850,11.0449180],[42.6501010,11.0454950],[42.6500170,11.0464520],[42.6497260,11.0468320],[42.6494750,11.0474170],[42.6493460,11.0480930],[42.6491790,11.0486630],[42.6491670,11.0492480],[42.6490840,11.0498480],[42.6489160,11.0502360],[42.6487040,11.0513670],[42.6481340,11.0524230],[42.6479380,11.0529550],[42.6478820,11.0535020],[42.6478650,11.0541630],[42.6475920,11.0553940],[42.6474300,11.0559640],[42.6469600,11.0568750],[42.6466310,11.0580300],[42.6460100,11.0595040],[42.6456640,11.0610230],[42.6456020,11.0616390],[42.6461050,11.0623910],[42.6461950,11.0628080],[42.6461600,11.0630870],[42.6461280,11.0633400],[42.6458590,11.0636670],[42.6454910,11.0639020],[42.6452110,11.0643280],[42.6450320,11.0647530],[42.6447750,11.0649810],[42.6437080,11.0652700],[42.6428140,11.0660600],[42.6424510,11.0662040],[42.6421040,11.0661890],[42.6418190,11.0663110],[42.6415730,11.0666600],[42.6412160,11.0668200],[42.6400860,11.0668610],[42.6399810,11.0668650],[42.6395330,11.0669870],[42.6391990,11.0672200],[42.6395210,11.0673980],[42.6396720,11.0674010],[42.6398990,11.0674590],[42.6399790,11.0673980],[42.6403290,11.0674140],[42.6407930,11.0675210],[42.6409210,11.0676680],[42.6410400,11.0677130],[42.6408970,11.0678150],[42.6408810,11.0679370],[42.6409420,11.0680310],[42.6406140,11.0694130],[42.6405740,11.0695840],[42.6404320,11.0701530],[42.6404210,11.0703440],[42.6405650,11.0707330],[42.6410920,11.0713410],[42.6412180,11.0715340],[42.6414730,11.0717830],[42.6418190,11.0720650],[42.6422540,11.0724190],[42.6424490,11.0726340],[42.6425900,11.0728350],[42.6422280,11.0731040],[42.6419700,11.0732530],[42.6415300,11.0736140],[42.6414290,11.0736640],[42.6411860,11.0737100],[42.6410890,11.0737970],[42.6410640,11.0741920],[42.6410780,11.0745480],[42.6411680,11.0748890],[42.6411890,11.0751200],[42.6408980,11.0756670],[42.6408180,11.0757490],[42.6407110,11.0757950],[42.6406280,11.0759720],[42.6404420,11.0761380],[42.6400070,11.0763860],[42.6397480,11.0764900],[42.6393700,11.0767590],[42.6387860,11.0772340],[42.6386490,11.0772640],[42.6382760,11.0774510],[42.6380490,11.0774950],[42.6379170,11.0775600],[42.6377220,11.0777090],[42.6371080,11.0782710],[42.6368500,11.0785550],[42.6366050,11.0789750],[42.6364740,11.0793680],[42.6359860,11.0794140],[42.6357930,11.0796270],[42.6356840,11.0798990],[42.6355670,11.0802930],[42.6354600,11.0805320],[42.6353480,11.0806760],[42.6351410,11.0808470],[42.6347560,11.0814040],[42.6346590,11.0816140],[42.6344410,11.0823030],[42.6343360,11.0825400],[42.6342020,11.0827050],[42.6337920,11.0833380],[42.6337630,11.0834560],[42.6335000,11.0839260],[42.6327690,11.0847700],[42.6324830,11.0851900],[42.6319880,11.0858150],[42.6315250,11.0862530],[42.6315240,11.0863850],[42.6316880,11.0867300],[42.6317660,11.0869890],[42.6317900,11.0871490],[42.6319340,11.0875330],[42.6320340,11.0879000],[42.6320780,11.0882880],[42.6318390,11.0881310],[42.6316120,11.0878910],[42.6310730,11.0878670],[42.6304370,11.0879030],[42.6303420,11.0879350],[42.6296190,11.0884760],[42.6294880,11.0884680],[42.6293720,11.0883650],[42.6293300,11.0880570],[42.6292840,11.0879190],[42.6291940,11.0877540],[42.6289620,11.0876580],[42.6283020,11.0877440],[42.6274170,11.0879690],[42.6268930,11.0878930],[42.6267330,11.0879060],[42.6264210,11.0881430],[42.6260420,11.0882220],[42.6256960,11.0883160],[42.6254510,11.0884160],[42.6249780,11.0884870],[42.6242040,11.0885460],[42.6239870,11.0886250],[42.6236830,11.0888130],[42.6234720,11.0890960],[42.6232300,11.0892590],[42.6229150,11.0893490],[42.6227650,11.0893360],[42.6225670,11.0892610],[42.6219690,11.0891600],[42.6214230,11.0891360],[42.6212750,11.0891010],[42.6205960,11.0886530],[42.6204460,11.0884590],[42.6203520,11.0884130],[42.6200580,11.0883810],[42.6199210,11.0884480],[42.6196810,11.0886950],[42.6194410,11.0888410],[42.6191930,11.0890550],[42.6189460,11.0889760],[42.6184230,11.0890030],[42.6179360,11.0891570],[42.6178080,11.0892640],[42.6176260,11.0893580],[42.6174970,11.0893900],[42.6173710,11.0893380],[42.6172810,11.0892850],[42.6172270,11.0891580],[42.6173810,11.0888140],[42.6175930,11.0885490],[42.6178000,11.0883620],[42.6177240,11.0882390],[42.6176690,11.0881390],[42.6175730,11.0880360],[42.6174720,11.0878980],[42.6173710,11.0877630],[42.6172820,11.0876620],[42.6172080,11.0875630],[42.6171390,11.0874420],[42.6170730,11.0873190],[42.6170220,11.0872110],[42.6169600,11.0870850],[42.6168960,11.0869710],[42.6168390,11.0868760],[42.6167710,11.0867730],[42.6167270,11.0866310],[42.6166460,11.0865360],[42.6165780,11.0863890],[42.6165330,11.0862610],[42.6164630,11.0860910],[42.6164150,11.0859460],[42.6164510,11.0858090],[42.6163850,11.0857110],[42.6164210,11.0856190],[42.6164700,11.0857370],[42.6164000,11.0857930],[42.6163720,11.0857050],[42.6163920,11.0858780],[42.6163190,11.0858870],[42.6163480,11.0858990],[42.6163400,11.0860170],[42.6163930,11.0861610],[42.6164240,11.0862760],[42.6164640,11.0864520],[42.6164770,11.0865730],[42.6165590,11.0866590],[42.6166160,11.0867670],[42.6167600,11.0869130],[42.6168190,11.0870290],[42.6168780,11.0871080],[42.6169360,11.0872350],[42.6169150,11.0873560],[42.6169090,11.0875460],[42.6169120,11.0873950],[42.6169390,11.0872760],[42.6169010,11.0871420],[42.6168440,11.0870210],[42.6167900,11.0869260],[42.6166910,11.0871040],[42.6166100,11.0871240],[42.6166940,11.0870720],[42.6167080,11.0869430],[42.6166820,11.0867940],[42.6166310,11.0866180],[42.6165820,11.0864950],[42.6165120,11.0863200],[42.6164770,11.0862040],[42.6164310,11.0860360],[42.6163670,11.0858240],[42.6164740,11.0860070],[42.6165240,11.0861550],[42.6165660,11.0862760],[42.6166070,11.0863860],[42.6166710,11.0865610],[42.6167200,11.0867010],[42.6167900,11.0868640],[42.6168460,11.0869750],[42.6169500,11.0871970],[42.6170080,11.0873220],[42.6170830,11.0874580],[42.6171300,11.0875680],[42.6171980,11.0876730],[42.6172300,11.0878340],[42.6171850,11.0879510],[42.6172130,11.0879560],[42.6173050,11.0880440],[42.6173850,11.0881370],[42.6174840,11.0882010],[42.6175670,11.0883200],[42.6176230,11.0884650],[42.6173810,11.0888140],[42.6172270,11.0891580],[42.6172810,11.0892850],[42.6173710,11.0893380],[42.6174970,11.0893900],[42.6176260,11.0893580],[42.6178080,11.0892640],[42.6179360,11.0891570],[42.6184230,11.0890030],[42.6189460,11.0889760],[42.6191930,11.0890550],[42.6194410,11.0888410],[42.6196810,11.0886950],[42.6198600,11.0885360],[42.6200580,11.0883810],[42.6203520,11.0884130],[42.6204460,11.0884590],[42.6205960,11.0886530],[42.6212750,11.0891010],[42.6214230,11.0891360],[42.6219690,11.0891600],[42.6225670,11.0892610],[42.6227650,11.0893360],[42.6229150,11.0893490],[42.6232300,11.0892590],[42.6234720,11.0890960],[42.6236830,11.0888130],[42.6239870,11.0886250],[42.6242040,11.0885460],[42.6249780,11.0884870],[42.6254510,11.0884160],[42.6256960,11.0883160],[42.6260420,11.0882220],[42.6264210,11.0881430],[42.6266860,11.0879210],[42.6268930,11.0878930],[42.6274170,11.0879690],[42.6283020,11.0877440],[42.6289620,11.0876580],[42.6291940,11.0877540],[42.6292840,11.0879190],[42.6293300,11.0880570],[42.6293720,11.0883650],[42.6294880,11.0884680],[42.6296190,11.0884760],[42.6303420,11.0879350],[42.6304370,11.0879030],[42.6310730,11.0878670],[42.6316120,11.0878910],[42.6318390,11.0881310],[42.6320240,11.0883740],[42.6320340,11.0879000],[42.6319340,11.0875330],[42.6317900,11.0871490],[42.6317660,11.0869890],[42.6316880,11.0867300],[42.6315240,11.0863850],[42.6315250,11.0862530],[42.6319880,11.0858150],[42.6324830,11.0851900],[42.6327690,11.0847700],[42.6335000,11.0839260],[42.6337630,11.0834560],[42.6337920,11.0833380],[42.6342020,11.0827050],[42.6343360,11.0825400],[42.6344410,11.0823030],[42.6346590,11.0816140],[42.6347560,11.0814040],[42.6351410,11.0808470],[42.6353480,11.0806760],[42.6354600,11.0805320],[42.6355670,11.0802930],[42.6356840,11.0798990],[42.6357930,11.0796270],[42.6359200,11.0794600],[42.6364200,11.0794650],[42.6366050,11.0789750],[42.6368500,11.0785550],[42.6371080,11.0782710],[42.6377220,11.0777090],[42.6379170,11.0775600],[42.6380490,11.0774950],[42.6382760,11.0774510],[42.6386490,11.0772640],[42.6387860,11.0772340],[42.6393700,11.0767590],[42.6397480,11.0764900],[42.6400070,11.0763860],[42.6404420,11.0761380],[42.6406280,11.0759720],[42.6407110,11.0757950],[42.6408180,11.0757490],[42.6408980,11.0756670],[42.6411890,11.0751200],[42.6411680,11.0748890],[42.6410780,11.0745480],[42.6410640,11.0741920],[42.6410890,11.0737970],[42.6411860,11.0737100],[42.6414290,11.0736640],[42.6415300,11.0736140],[42.6419700,11.0732530],[42.6422280,11.0731040],[42.6425900,11.0728350],[42.6424490,11.0726340],[42.6422540,11.0724190],[42.6418190,11.0720650],[42.6414730,11.0717830],[42.6412180,11.0715340],[42.6410920,11.0713410],[42.6405650,11.0707330],[42.6404440,11.0704600],[42.6404320,11.0701530],[42.6405740,11.0695840],[42.6406140,11.0694130],[42.6409420,11.0680310],[42.6408810,11.0679370],[42.6408970,11.0678150],[42.6409770,11.0677550],[42.6409210,11.0676680],[42.6407930,11.0675210],[42.6404180,11.0674180],[42.6399790,11.0673980],[42.6398990,11.0674590],[42.6396720,11.0674010],[42.6395210,11.0673980],[42.6391990,11.0672200],[42.6395330,11.0669870],[42.6399810,11.0668650],[42.6400860,11.0668610],[42.6412160,11.0668200],[42.6415730,11.0666600],[42.6418190,11.0663110],[42.6421040,11.0661890],[42.6424510,11.0662040],[42.6428140,11.0660600],[42.6437080,11.0652700],[42.6447750,11.0649810],[42.6450320,11.0647530],[42.6452110,11.0643280],[42.6454910,11.0639020],[42.6458590,11.0636670],[42.6461280,11.0633400],[42.6461600,11.0630870],[42.6461950,11.0628080],[42.6461050,11.0623910],[42.6456020,11.0616390],[42.6456640,11.0610230],[42.6460100,11.0595040],[42.6466310,11.0580300],[42.6469600,11.0568750],[42.6474300,11.0559640],[42.6475920,11.0553940],[42.6478650,11.0541630],[42.6478820,11.0535020],[42.6479380,11.0529550],[42.6481340,11.0524230],[42.6487040,11.0513670],[42.6489160,11.0502360],[42.6490840,11.0498480],[42.6491670,11.0492480],[42.6491790,11.0486630],[42.6493460,11.0480930],[42.6494750,11.0474170],[42.6497260,11.0468320],[42.6500170,11.0464520],[42.6501010,11.0454950],[42.6502850,11.0449180],[42.6503460,11.0444770],[42.6502960,11.0441120],[42.6502960,11.0437170],[42.6506090,11.0431860],[42.6506930,11.0426230],[42.6509330,11.0413390],[42.6509500,11.0408000],[42.6510110,11.0404510],[42.6511510,11.0389540],[42.6513300,11.0380040],[42.6514190,11.0374580],[42.6515160,11.0371390],[42.6515590,11.0370040],[42.6512980,11.0368530],[42.6503460,11.0363010],[42.6500660,11.0360470],[42.6494300,11.0356910],[42.6491090,11.0355120],[42.6492200,11.0350460]],\r\n\t\t\t\t\tgraphDist          : [0.00,0.05,0.09,0.21,0.23,0.28,0.31,0.34,0.36,0.39,0.40,0.43,0.51,0.63,0.66,0.71,0.81,0.86,0.92,0.95,0.98,1.02,1.07,1.15,1.19,1.25,1.30,1.35,1.40,1.45,1.49,1.58,1.69,1.74,1.78,1.84,1.94,1.99,2.08,2.19,2.32,2.46,2.51,2.59,2.62,2.65,2.67,2.71,2.75,2.80,2.84,2.87,3.00,3.11,3.16,3.19,3.23,3.27,3.31,3.44,3.45,3.50,3.54,3.58,3.59,3.62,3.63,3.67,3.72,3.74,3.75,3.77,3.78,3.80,3.91,3.93,3.98,3.99,4.03,4.11,4.13,4.16,4.21,4.26,4.29,4.31,4.36,4.39,4.45,4.46,4.49,4.50,4.53,4.56,4.59,4.61,4.67,4.68,4.69,4.71,4.73,4.78,4.81,4.86,4.94,4.95,5.00,5.02,5.04,5.06,5.15,5.18,5.23,5.26,5.32,5.35,5.37,5.41,5.43,5.45,5.48,5.54,5.56,5.62,5.64,5.66,5.73,5.74,5.79,5.90,5.94,6.02,6.08,6.09,6.13,6.15,6.16,6.20,6.23,6.26,6.30,6.33,6.39,6.46,6.47,6.57,6.58,6.60,6.62,6.63,6.65,6.68,6.75,6.85,6.91,6.93,6.97,7.01,7.05,7.08,7.13,7.22,7.24,7.28,7.31,7.34,7.38,7.39,7.42,7.49,7.55,7.56,7.65,7.67,7.68,7.71,7.73,7.76,7.79,7.83,7.85,7.91,7.97,7.98,8.01,8.02,8.04,8.05,8.06,8.09,8.12,8.15,8.17,8.18,8.19,8.21,8.22,8.24,8.25,8.26,8.27,8.28,8.30,8.31,8.32,8.33,8.34,8.35,8.37,8.38,8.40,8.41,8.42,8.43,8.44,8.46,8.47,8.49,8.50,8.52,8.53,8.56,8.57,8.58,8.60,8.61,8.62,8.63,8.65,8.66,8.67,8.68,8.69,8.71,8.74,8.75,8.76,8.77,8.78,8.80,8.81,8.82,8.83,8.85,8.86,8.87,8.89,8.90,8.91,8.93,8.97,8.98,8.99,9.00,9.02,9.03,9.04,9.06,9.08,9.09,9.10,9.11,9.13,9.14,9.15,9.17,9.18,9.19,9.21,9.22,9.23,9.27,9.31,9.32,9.33,9.34,9.36,9.38,9.40,9.45,9.51,9.54,9.57,9.60,9.62,9.65,9.68,9.69,9.72,9.80,9.82,9.88,9.95,9.97,9.99,10.02,10.05,10.09,10.12,10.15,10.23,10.29,10.32,10.35,10.40,10.43,10.45,10.51,10.61,10.69,10.71,10.73,10.74,10.77,10.78,10.80,10.89,10.90,10.97,11.03,11.06,11.09,11.14,11.17,11.20,11.22,11.24,11.27,11.28,11.35,11.42,11.47,11.57,11.62,11.63,11.70,11.72,11.74,11.81,11.83,11.89,11.92,11.93,11.96,11.99,12.02,12.04,12.09,12.14,12.18,12.22,12.30,12.33,12.34,12.37,12.41,12.43,12.50,12.55,12.58,12.63,12.66,12.67,12.69,12.70,12.75,12.77,12.80,12.83,12.86,12.88,12.90,12.92,12.97,13.00,13.05,13.07,13.10,13.16,13.20,13.24,13.26,13.33,13.36,13.39,13.44,13.45,13.57,13.58,13.59,13.60,13.62,13.64,13.68,13.73,13.74,13.77,13.79,13.82,13.87,13.92,13.93,14.05,14.10,14.14,14.17,14.21,14.25,14.37,14.49,14.52,14.56,14.61,14.66,14.70,14.72,14.74,14.78,14.86,14.91,15.04,15.18,15.28,15.37,15.42,15.53,15.58,15.62,15.67,15.78,15.88,15.91,15.96,16.01,16.06,16.12,16.17,16.22,16.30,16.35,16.39,16.42,16.45,16.50,16.55,16.66,16.70,16.73,16.86,16.94,16.98,17.01,17.02,17.05,17.17,17.21,17.29,17.33,17.37],\r\n\t\t\t\t\tgraphEle           : [4.81,4.81,4.81,5.23,5.30,5.49,5.56,5.56,5.56,5.56,5.56,5.56,5.55,5.34,5.29,5.22,4.98,4.88,4.79,4.80,4.80,4.81,4.82,5.06,5.29,5.58,5.88,6.12,6.36,6.60,6.78,7.05,7.32,7.27,7.20,7.11,6.80,6.56,6.14,5.78,5.40,5.40,5.43,5.82,5.99,6.10,6.19,6.35,6.41,6.47,6.52,6.57,6.27,6.03,6.34,6.63,6.87,7.16,7.70,11.43,11.78,13.29,13.50,13.67,13.74,13.84,13.89,14.05,14.57,14.90,15.14,15.50,15.67,15.86,18.12,18.56,20.00,20.47,21.52,23.42,22.90,22.05,20.96,19.59,18.91,18.16,16.45,15.29,13.15,12.71,11.69,11.27,11.96,12.58,13.21,13.61,14.78,15.02,15.28,15.86,17.11,19.75,21.27,23.66,27.47,28.25,30.49,31.77,32.56,33.82,37.82,39.56,41.62,43.28,45.82,46.85,47.79,49.07,49.91,50.55,51.54,54.28,55.26,58.22,59.32,60.29,62.96,63.24,64.54,67.43,68.80,71.01,72.86,73.18,74.71,75.88,76.57,78.37,80.01,81.65,83.62,83.72,83.83,83.96,83.98,82.46,82.11,81.74,81.12,80.82,80.41,79.76,78.31,76.56,75.48,75.05,74.09,73.07,72.13,71.44,69.25,64.51,63.14,61.10,58.98,56.50,53.55,52.17,50.28,44.74,39.80,38.45,31.66,29.80,28.90,26.62,25.80,24.11,22.64,21.00,19.58,16.74,14.41,13.71,12.81,12.20,11.56,11.11,10.60,9.22,9.04,9.37,9.53,9.65,9.80,9.98,10.16,10.31,10.44,10.58,10.73,10.85,10.99,11.23,11.56,11.93,12.35,12.75,13.22,13.60,14.13,14.55,14.97,15.36,15.73,16.17,16.71,17.09,17.55,17.18,16.86,16.04,15.66,15.34,14.90,14.60,14.25,13.92,13.34,12.99,12.70,12.34,12.03,11.77,11.76,11.76,11.76,11.75,11.75,11.74,11.74,11.74,11.73,11.73,11.73,11.72,11.72,11.71,11.56,11.31,10.86,10.68,10.54,10.40,10.19,10.02,9.81,9.66,9.38,9.21,9.05,9.12,9.19,9.28,9.35,9.48,9.56,9.63,9.71,9.80,9.89,10.14,10.46,10.97,11.44,12.09,12.71,13.64,14.36,16.74,19.33,20.89,22.70,24.31,25.63,27.07,28.88,29.50,31.20,38.35,39.78,44.95,50.36,52.15,53.46,56.27,58.62,61.20,63.56,64.78,68.96,71.53,72.59,73.34,74.16,74.82,75.26,76.39,78.31,79.73,80.30,80.72,81.02,81.64,82.02,82.38,84.61,84.88,83.94,83.06,82.59,82.17,80.38,78.69,76.83,76.13,74.92,73.14,72.57,70.53,68.87,67.83,64.61,62.95,62.60,60.22,59.32,58.27,55.41,54.47,51.56,50.42,49.79,48.94,47.66,46.72,46.00,43.90,41.81,39.63,37.79,33.70,32.47,31.70,30.44,28.26,27.49,23.76,21.40,19.91,17.30,16.07,15.22,14.60,14.05,13.28,13.12,12.86,12.61,12.33,12.22,11.99,12.43,14.88,16.22,18.18,19.16,20.36,21.22,21.79,22.24,22.51,22.09,21.18,20.30,18.59,18.07,15.57,15.47,15.38,15.29,15.07,14.90,14.51,14.05,13.96,13.71,13.56,13.19,12.80,12.09,11.74,8.05,6.82,6.48,6.40,6.30,6.19,6.24,6.63,6.63,6.52,6.39,6.26,6.15,6.07,5.98,5.84,5.51,5.33,5.44,5.78,6.16,6.55,6.77,7.17,7.20,7.23,7.26,7.06,6.77,6.65,6.38,6.12,5.85,5.55,5.30,5.10,4.75,4.75,4.78,4.81,4.83,4.88,4.97,5.20,5.29,5.31,5.39,5.42,5.41,5.41,5.41,5.41,5.40,5.40,5.40,5.40,5.40],\r\n\t\t\t\t\tgraphSpeed         : [],\r\n\t\t\t\t\tgraphHr            : [],\r\n\t\t\t\t\tgraphAtemp         : [],\r\n\t\t\t\t\tgraphCad           : [],\r\n\t\t\t\t\tgraphGrade         : [],\r\n\t\t\t\t\twaypoints          : [],\r\n\t\t\t\t\tunit               : \"2\",\r\n\t\t\t\t\tunitspeed          : \"0\",\r\n\t\t\t\t\tcolor1             : [\"#3366cc\"],\r\n\t\t\t\t\tcolor2             : \"#3366cc\",\r\n\t\t\t\t\tcolor3             : \"#ff0000\",\r\n\t\t\t\t\tcolor4             : \"#ff77bd\",\r\n\t\t\t\t\tcolor5             : \"#beecff\",\r\n\t\t\t\t\tcolor6             : \"#beecff\",\r\n\t\t\t\t\tcolor7             : \"#ff77bd\",\r\n\t\t\t\t\tchartFrom1         : \"\",\r\n\t\t\t\t\tchartTo1           : \"\",\r\n\t\t\t\t\tchartFrom2         : \"\",\r\n\t\t\t\t\tchartTo2           : \"\",\r\n\t\t\t\t\tstartIcon          : \"\",\r\n\t\t\t\t\tendIcon            : \"\",\r\n\t\t\t\t\tcurrentIcon        : \"\",\r\n\t\t\t\t\twaypointIcon       : \"https:\/\/lavia.cc\/gpx\/wp-content\/uploads\/gpx\/cropped-icona.ico\",\r\n\t\t\t\t\tcurrentpositioncon : \"\",\r\n\t\t\t\t\tusegpsposition     : \"\",\r\n\t\t\t\t\tzoomOnScrollWheel  : \"\",\r\n\t\t\t\t\tngGalleries        : [],\r\n\t\t\t\t\tngImages           : [],\r\n\t\t\t\t\tpluginUrl          : \"https:\/\/lavia.cc\/gpx\/wp-content\/plugins\",\r\n\t\t\t\t\tTFApiKey           : \"\",\r\n\t\t\t\t\tMapBoxApiKey           : \"\",\r\n\t\t\t\t\tlangs              : {\r\n\t\t\t\t\t\taltitude        : \"Altitudine\",\r\n\t\t\t\t\t\tcurrentPosition : \"Current position\",\r\n\t\t\t\t\t\tspeed           : \"Velocit\u00e0\",\r\n\t\t\t\t\t\tgrade           : \"Grade\",\r\n\t\t\t\t\t\theartRate       : \"Battito Cardiaco\",\r\n\t\t\t\t\t\tatemp           : \"Temperature\",\r\n\t\t\t\t\t\tcadence         : \"Cadenza\",\r\n\t\t\t\t\t\tgoFullScreen    : \"Go full screen\",\r\n\t\t\t\t\t\texitFullFcreen  : \"Exit full screen\",\r\n\t\t\t\t\t\thideImages      : \"Hide images\",\r\n\t\t\t\t\t\tshowImages      : \"Show images\",\r\n\t\t\t\t\t\tbackToCenter\t: \"Ritorna al centro della mappa\"\r\n\t\t\t\t\t}\r\n\t\t\t\t});\r\n\r\n\t\t\t});\r\n\r\n\t\t<\/script>\n<p>\ud83d\udfe2 Scarica la traccia e Segui\u00a0<a href=\"https:\/\/www.instagram.com\/lavia.cc\/\" target=\"_blank\" rel=\"noopener\">LAVIA<\/a>!<\/p>\n<p>&nbsp;<\/p>\n","protected":false},"excerpt":{"rendered":"<p><strong>\ud83d\udccd TRACCIA CARICATA DA:\u00a0<a href=\"https:\/\/www.instagram.com\/maremmagreenpassion\/\" target=\"_blank\" rel=\"noopener\">@maremmagreenpassion<\/a><\/strong><\/p>\n<p>Escursione a Cala di Forno! Finalmente dopo 4 anni \u00e8 stato possibile ripercorrere uno degli itinerari pi\u00f9 suggestivi del Parco della Maremma! La partenza \u00e8 al parcheggio di Marina di Alberese con inizio del percorso nella pineta granducale lungo il sentiero Pinastrellaia. Una volta giunti sotto la torre di Collelungo, si costeggia per un breve tratto il canale, iniziando quindi la risalita fino al bivio dell&#8217;oliveta secolare dove vi sembrer\u00e0 di aver raggiunto il Giardino dell&#8217;Eden&#8230;Da qui si entra nell&#8217;essenza del percorso A4: un viaggio sensoriale che appaga la vista, l&#8217;udito e l&#8217;olfatto, facendoti immergere in una dimensione primordiale. L&#8217;itinerario si sviluppa parallelamente alla costa, sopra le falesie di Cala Rossa con affaccio sulla riserva integrale, dove si \u00e8 creato un ecosistema di particolare interesse conservativo sottoposto a tutela della biodiversit\u00e0. Usciti dal bosco vi troverete davanti alla Dogana sovrastata dalla Torre della Bella Marsilia, costruita per proteggere la baia dalle incursioni barbariche dopo che fu rapita Margherita Marsili, detta la bella Rossellana. Una volta raggiunta Cala di Forno, avrete stabilito la perfetta connessione con la natura che vi avvolger\u00e0 nel suo confortante abbraccio. Questa \u00e8 la magia di una delle spiagge pi\u00f9 belle della Toscana!<\/p>\n<p>\ud83c\udf89 W la Maremma!<\/p>\n<p>\ud83d\udcf7 Durante l\u2019escursione cerca l\u2019<a href=\"https:\/\/lavia.cc\/gpx\/mappa-degli-adesivi-lavia\/\" target=\"_blank\" rel=\"noopener\">adesivo LAVIA<\/a>. Se lo trovi fai una foto e taggaci in una storia su Instagram!<\/p>\n<p>\ud83d\udfe2 Scarica la traccia e Segui\u00a0<a href=\"https:\/\/www.instagram.com\/lavia.cc\/\" target=\"_blank\" rel=\"noopener\">LAVIA<\/a><\/p>\n","protected":false},"featured_media":5526,"comment_status":"open","ping_status":"closed","template":"","meta":[],"product_brand":[],"product_cat":[31],"product_tag":[880,943,126],"class_list":{"0":"post-5517","1":"product","2":"type-product","3":"status-publish","4":"has-post-thumbnail","6":"product_cat-escursionismo","7":"product_tag-grosseto","8":"product_tag-magliano","9":"product_tag-toscana","11":"first","12":"instock","13":"downloadable","14":"virtual","15":"product-type-simple"},"_links":{"self":[{"href":"https:\/\/lavia.cc\/gpx\/wp-json\/wp\/v2\/product\/5517","targetHints":{"allow":["GET"]}}],"collection":[{"href":"https:\/\/lavia.cc\/gpx\/wp-json\/wp\/v2\/product"}],"about":[{"href":"https:\/\/lavia.cc\/gpx\/wp-json\/wp\/v2\/types\/product"}],"replies":[{"embeddable":true,"href":"https:\/\/lavia.cc\/gpx\/wp-json\/wp\/v2\/comments?post=5517"}],"version-history":[{"count":9,"href":"https:\/\/lavia.cc\/gpx\/wp-json\/wp\/v2\/product\/5517\/revisions"}],"predecessor-version":[{"id":10502,"href":"https:\/\/lavia.cc\/gpx\/wp-json\/wp\/v2\/product\/5517\/revisions\/10502"}],"wp:featuredmedia":[{"embeddable":true,"href":"https:\/\/lavia.cc\/gpx\/wp-json\/wp\/v2\/media\/5526"}],"wp:attachment":[{"href":"https:\/\/lavia.cc\/gpx\/wp-json\/wp\/v2\/media?parent=5517"}],"wp:term":[{"taxonomy":"product_brand","embeddable":true,"href":"https:\/\/lavia.cc\/gpx\/wp-json\/wp\/v2\/product_brand?post=5517"},{"taxonomy":"product_cat","embeddable":true,"href":"https:\/\/lavia.cc\/gpx\/wp-json\/wp\/v2\/product_cat?post=5517"},{"taxonomy":"product_tag","embeddable":true,"href":"https:\/\/lavia.cc\/gpx\/wp-json\/wp\/v2\/product_tag?post=5517"}],"curies":[{"name":"wp","href":"https:\/\/api.w.org\/{rel}","templated":true}]}}