{"id":5531,"date":"2023-04-07T16:19:22","date_gmt":"2023-04-07T14:19:22","guid":{"rendered":"https:\/\/lavia.cc\/gpx\/?post_type=product&#038;p=5531"},"modified":"2023-07-04T20:14:48","modified_gmt":"2023-07-04T18:14:48","slug":"monte-cognolo-anello-arancio-sds","status":"publish","type":"product","link":"https:\/\/lavia.cc\/gpx\/tracce\/monte-cognolo-anello-arancio-sds\/","title":{"rendered":"Monte Cognolo, Anello Arancio [SdS]"},"content":{"rendered":"<h5>Monte Cognolo, Anello Arancio [SdS]<\/h5>\n<p>\u27a1\ufe0f Clicca qui per raggiungere il punto di partenza: <a href=\"https:\/\/www.google.it\/maps\/place\/Iseo\/@45.6565924,10.0493177,17.75z\/data=!4m15!1m8!3m7!1s0x478164ff4e8c7bd7:0xce57b490cb926bb!2sVia+Roma,+Iseo+BS!3b1!8m2!3d45.6591098!4d10.0531173!16s%2Fg%2F119tzr_zj!3m5!1s0x478164f8ab5d0079:0x7826edbb607fcb6f!8m2!3d45.65654!4d10.050019!16s%2Fg%2F120vbgt5\" target=\"_blank\" rel=\"noopener\">GOOGLE MAPS<\/a> (Stazione ferroviaria di Iseo)<\/p>\n<p>\ud83d\udd5c Periodo consigliato: tutto l&#8217;anno<\/p>\n<p>\ud83d\uddfa\ufe0f Mappa e altimetria dell&#8217;<a href=\"https:\/\/lavia.cc\/gpx\/categoria-tracce\/escursionismo\/\" target=\"_blank\" rel=\"noopener\">escursione<\/a> sul <strong>Monte Cognolo<\/strong> con partenza da Iseo:<\/p>\n\r\n\t\t<div id=\"wpgpxmaps_5531_3638413\" class=\"wpgpxmaps\">\r\n\t\t\t<div id=\"map_5531_3638413_cont\" style=\"width:100%; height:450px;position:relative\" >\r\n\t\t\t\t<div id=\"map_5531_3638413\" style=\"width:100%; height:450px\"><\/div>\r\n\t\t\t\t<div id=\"wpgpxmaps_5531_3638413_osm_footer\" class=\"wpgpxmaps_osm_footer\" style=\"display:none;\"><span> &copy; <a href=\"http:\/\/www.openstreetmap.org\/copyright\" target=\"_blank\" rel=\"noopener\">OpenStreetMap<\/a> contributors<\/span><\/div>\r\n\t\t\t<\/div>\r\n\t\t\t<canvas id=\"myChart_5531_3638413\" class=\"plot\" style=\"width:100%; height:200px\"><\/canvas>\r\n\t\t\t<div id=\"ngimages_5531_3638413\" class=\"ngimages\" style=\"display:none\"><\/div>\r\n\t\t\t<div id=\"report_5531_3638413\" class=\"report\"><\/div>\r\n\t\t<\/div>\r\n\t\t\r\n\t\t<script type=\"text\/javascript\">\r\n\r\n\t\t\tjQuery(document).ready(function() {\r\n\r\n\t\t\t\tjQuery( \"#wpgpxmaps_5531_3638413\" ).wpgpxmaps( {\r\n\t\t\t\t\ttargetId           : \"5531_3638413\",\r\n\t\t\t\t\tmapType            : \"HYBRID\",\r\n\t\t\t\t\tmapData            : [[45.6547260,10.0504440],[45.6546780,10.0508310],[45.6546480,10.0512100],[45.6545810,10.0520210],[45.6545200,10.0524290],[45.6544680,10.0526720],[45.6543910,10.0532900],[45.6544920,10.0536190],[45.6546400,10.0537770],[45.6552250,10.0540590],[45.6551260,10.0541360],[45.6549020,10.0541720],[45.6548140,10.0542720],[45.6545900,10.0548460],[45.6545620,10.0550100],[45.6552030,10.0553450],[45.6557470,10.0557430],[45.6560920,10.0557270],[45.6564390,10.0560740],[45.6566360,10.0562100],[45.6568330,10.0564350],[45.6574100,10.0572040],[45.6575110,10.0572600],[45.6574390,10.0574460],[45.6571500,10.0577100],[45.6569930,10.0578160],[45.6568530,10.0578590],[45.6567090,10.0579140],[45.6565750,10.0584290],[45.6565240,10.0587120],[45.6565630,10.0591050],[45.6567230,10.0592410],[45.6568710,10.0594420],[45.6568000,10.0595230],[45.6566740,10.0596650],[45.6564990,10.0602990],[45.6566310,10.0605570],[45.6564320,10.0609070],[45.6562790,10.0611620],[45.6562870,10.0614300],[45.6562480,10.0616040],[45.6559550,10.0621770],[45.6559720,10.0624450],[45.6560050,10.0626630],[45.6559150,10.0628320],[45.6558100,10.0628200],[45.6555780,10.0626590],[45.6555240,10.0630520],[45.6554920,10.0634380],[45.6553730,10.0638350],[45.6553520,10.0640290],[45.6552730,10.0641980],[45.6552670,10.0643480],[45.6552220,10.0646440],[45.6551730,10.0647860],[45.6552290,10.0651740],[45.6552370,10.0654840],[45.6553020,10.0655440],[45.6554740,10.0653180],[45.6555600,10.0652220],[45.6555940,10.0654790],[45.6553150,10.0661310],[45.6551430,10.0663940],[45.6549650,10.0666060],[45.6547810,10.0670730],[45.6547080,10.0673540],[45.6546040,10.0676070],[45.6544760,10.0677440],[45.6543050,10.0678460],[45.6542780,10.0681160],[45.6541980,10.0682500],[45.6541310,10.0683590],[45.6539370,10.0687210],[45.6538600,10.0690150],[45.6537330,10.0690100],[45.6535450,10.0690470],[45.6534400,10.0690860],[45.6533710,10.0692050],[45.6531920,10.0692240],[45.6531050,10.0693370],[45.6530140,10.0694110],[45.6528570,10.0695560],[45.6527580,10.0696810],[45.6526860,10.0697330],[45.6527280,10.0698560],[45.6527270,10.0701480],[45.6526890,10.0704540],[45.6526940,10.0707050],[45.6528140,10.0709890],[45.6529620,10.0714470],[45.6529570,10.0716490],[45.6529000,10.0719090],[45.6529340,10.0721470],[45.6530800,10.0725830],[45.6533980,10.0730390],[45.6537160,10.0732340],[45.6539340,10.0733010],[45.6540060,10.0734810],[45.6539970,10.0737700],[45.6539990,10.0741590],[45.6539370,10.0743120],[45.6539620,10.0744860],[45.6540910,10.0749580],[45.6541680,10.0754520],[45.6543510,10.0756910],[45.6545560,10.0757520],[45.6547840,10.0761500],[45.6549590,10.0766330],[45.6550020,10.0768630],[45.6549940,10.0770520],[45.6549360,10.0772340],[45.6551040,10.0778830],[45.6553000,10.0781470],[45.6555430,10.0782290],[45.6556620,10.0783450],[45.6557920,10.0783720],[45.6559140,10.0785590],[45.6560170,10.0788270],[45.6561290,10.0788800],[45.6562250,10.0788620],[45.6563090,10.0789720],[45.6565320,10.0792160],[45.6565610,10.0795800],[45.6566370,10.0797100],[45.6564970,10.0799690],[45.6564810,10.0802180],[45.6564770,10.0804730],[45.6563080,10.0805790],[45.6562090,10.0805730],[45.6561330,10.0805100],[45.6559660,10.0805330],[45.6558260,10.0806070],[45.6556900,10.0805730],[45.6556370,10.0807080],[45.6556790,10.0808450],[45.6560270,10.0821750],[45.6556790,10.0808450],[45.6555730,10.0807840],[45.6554460,10.0808340],[45.6553180,10.0809440],[45.6547620,10.0810180],[45.6545720,10.0809800],[45.6544150,10.0808610],[45.6541960,10.0805770],[45.6540060,10.0803160],[45.6538340,10.0799710],[45.6536840,10.0794580],[45.6535430,10.0788170],[45.6531270,10.0776680],[45.6530240,10.0773020],[45.6528920,10.0767000],[45.6526770,10.0759570],[45.6525460,10.0756970],[45.6520010,10.0750020],[45.6518820,10.0748840],[45.6515920,10.0747970],[45.6509940,10.0744830],[45.6497010,10.0743330],[45.6495940,10.0743630],[45.6495210,10.0742030],[45.6493940,10.0736900],[45.6493540,10.0734760],[45.6493560,10.0731500],[45.6493200,10.0728480],[45.6492160,10.0723430],[45.6491430,10.0721000],[45.6491130,10.0718560],[45.6490950,10.0715710],[45.6491070,10.0708830],[45.6491630,10.0704720],[45.6491320,10.0696700],[45.6491550,10.0691120],[45.6491700,10.0689190],[45.6492340,10.0685730],[45.6491830,10.0678580],[45.6491640,10.0674620],[45.6491130,10.0670770],[45.6491970,10.0660350],[45.6492010,10.0657260],[45.6491730,10.0653050],[45.6490300,10.0648010],[45.6490120,10.0645310],[45.6489590,10.0643230],[45.6487860,10.0638330],[45.6486910,10.0637020],[45.6485650,10.0634480],[45.6484500,10.0632530],[45.6483560,10.0631330],[45.6482860,10.0629590],[45.6482350,10.0627210],[45.6482400,10.0625480],[45.6483820,10.0621510],[45.6484790,10.0619530],[45.6485290,10.0617960],[45.6485940,10.0615470],[45.6486740,10.0612380],[45.6487120,10.0609400],[45.6486950,10.0607330],[45.6486370,10.0605190],[45.6484610,10.0603850],[45.6483870,10.0602870],[45.6482630,10.0602060],[45.6478690,10.0602200],[45.6474320,10.0603670],[45.6469680,10.0604480],[45.6468370,10.0604160],[45.6466940,10.0603070],[45.6465650,10.0598100],[45.6464570,10.0590440],[45.6459820,10.0587760],[45.6458550,10.0585720],[45.6458450,10.0582910],[45.6457660,10.0581320],[45.6456840,10.0577870],[45.6455870,10.0576940],[45.6458250,10.0569560],[45.6458240,10.0565170],[45.6458460,10.0563770],[45.6459420,10.0562000],[45.6459930,10.0559880],[45.6460620,10.0556070],[45.6460050,10.0554010],[45.6460370,10.0552400],[45.6460250,10.0550880],[45.6458940,10.0547580],[45.6458560,10.0545870],[45.6458620,10.0534540],[45.6461180,10.0533830],[45.6458620,10.0534540],[45.6456990,10.0534080],[45.6455370,10.0532200],[45.6453350,10.0528850],[45.6452150,10.0525740],[45.6450290,10.0520360],[45.6449840,10.0514210],[45.6449290,10.0512520],[45.6445480,10.0506690],[45.6442290,10.0498990],[45.6440900,10.0497530],[45.6439110,10.0494310],[45.6439060,10.0492760],[45.6438620,10.0491480],[45.6439380,10.0489920],[45.6440040,10.0488100],[45.6440140,10.0485290],[45.6439410,10.0484380],[45.6437960,10.0480940],[45.6437030,10.0477160],[45.6435520,10.0468900],[45.6433280,10.0464980],[45.6431380,10.0462820],[45.6426460,10.0459450],[45.6423390,10.0458770],[45.6421650,10.0457510],[45.6419370,10.0456520],[45.6418310,10.0456650],[45.6416910,10.0456950],[45.6415940,10.0456890],[45.6414560,10.0457140],[45.6413080,10.0457920],[45.6411430,10.0457590],[45.6408310,10.0457410],[45.6408370,10.0455800],[45.6409550,10.0452860],[45.6407110,10.0451990],[45.6415360,10.0446170],[45.6420050,10.0445080],[45.6422110,10.0444200],[45.6423320,10.0443470],[45.6424560,10.0441890],[45.6428120,10.0442010],[45.6429330,10.0441140],[45.6429950,10.0439450],[45.6431300,10.0439460],[45.6432970,10.0441180],[45.6434640,10.0441780],[45.6437660,10.0443810],[45.6444010,10.0452400],[45.6445910,10.0456320],[45.6447400,10.0461570],[45.6450010,10.0466840],[45.6452620,10.0471440],[45.6454520,10.0473940],[45.6455300,10.0472340],[45.6454590,10.0468610],[45.6453580,10.0466220],[45.6453700,10.0463540],[45.6453260,10.0458000],[45.6454590,10.0456300],[45.6456730,10.0458040],[45.6457120,10.0456400],[45.6456150,10.0452710],[45.6456000,10.0449820],[45.6455440,10.0446830],[45.6456100,10.0444980],[45.6457180,10.0444810],[45.6460530,10.0448330],[45.6463530,10.0450860],[45.6467500,10.0455020],[45.6469280,10.0457410],[45.6470770,10.0460310],[45.6473280,10.0463330],[45.6475060,10.0464990],[45.6476680,10.0467040],[45.6477870,10.0471750],[45.6478920,10.0474300],[45.6479280,10.0476170],[45.6478310,10.0477540],[45.6477800,10.0479340],[45.6477910,10.0482790],[45.6478790,10.0485500],[45.6481780,10.0490880],[45.6484820,10.0493870],[45.6493470,10.0504730],[45.6497320,10.0508780],[45.6499190,10.0512080],[45.6500570,10.0516530],[45.6501240,10.0517580],[45.6504570,10.0518410],[45.6510860,10.0518250],[45.6514060,10.0518720],[45.6517330,10.0520720],[45.6519140,10.0523060],[45.6522450,10.0529950],[45.6524980,10.0533790],[45.6536230,10.0545460],[45.6538950,10.0546090],[45.6545270,10.0548880],[45.6548140,10.0542720],[45.6549020,10.0541720],[45.6551260,10.0541360],[45.6552250,10.0540590],[45.6548300,10.0538680],[45.6546400,10.0537770],[45.6544920,10.0536190],[45.6543910,10.0532900],[45.6544680,10.0526720],[45.6545200,10.0524290],[45.6545810,10.0520210],[45.6546480,10.0512100],[45.6546780,10.0508310]],\r\n\t\t\t\t\tgraphDist          : [0.00,0.03,0.06,0.12,0.16,0.18,0.22,0.25,0.27,0.34,0.35,0.38,0.39,0.44,0.46,0.54,0.61,0.64,0.69,0.72,0.74,0.83,0.84,0.86,0.90,0.92,0.93,0.95,0.99,1.02,1.05,1.07,1.09,1.10,1.12,1.17,1.20,1.23,1.26,1.28,1.29,1.35,1.37,1.39,1.41,1.42,1.45,1.48,1.51,1.55,1.56,1.58,1.59,1.61,1.63,1.66,1.68,1.69,1.72,1.73,1.75,1.81,1.84,1.87,1.91,1.93,1.95,1.97,1.99,2.02,2.03,2.05,2.09,2.11,2.13,2.15,2.16,2.18,2.20,2.21,2.23,2.25,2.27,2.28,2.29,2.31,2.34,2.36,2.38,2.42,2.44,2.46,2.48,2.51,2.56,2.61,2.63,2.65,2.67,2.70,2.71,2.73,2.77,2.81,2.83,2.86,2.90,2.94,2.96,2.97,2.99,3.04,3.07,3.10,3.12,3.13,3.15,3.18,3.19,3.20,3.21,3.25,3.27,3.29,3.31,3.33,3.35,3.37,3.39,3.40,3.42,3.43,3.45,3.47,3.48,3.59,3.70,3.71,3.73,3.74,3.81,3.83,3.85,3.88,3.91,3.94,3.99,4.04,4.14,4.17,4.22,4.28,4.31,4.39,4.40,4.44,4.51,4.65,4.66,4.68,4.72,4.74,4.76,4.79,4.83,4.85,4.87,4.89,4.94,4.98,5.04,5.08,5.10,5.13,5.18,5.21,5.24,5.32,5.35,5.38,5.42,5.45,5.46,5.51,5.52,5.54,5.57,5.58,5.59,5.61,5.63,5.66,5.68,5.70,5.72,5.74,5.77,5.78,5.80,5.82,5.83,5.85,5.89,5.94,5.99,6.01,6.03,6.07,6.13,6.19,6.21,6.23,6.24,6.27,6.29,6.35,6.38,6.39,6.41,6.43,6.46,6.48,6.49,6.50,6.53,6.55,6.64,6.67,6.70,6.72,6.74,6.78,6.81,6.85,6.90,6.92,6.98,7.05,7.07,7.10,7.12,7.13,7.14,7.16,7.19,7.20,7.23,7.26,7.33,7.37,7.39,7.45,7.49,7.51,7.54,7.55,7.57,7.58,7.59,7.61,7.63,7.67,7.68,7.70,7.74,7.84,7.89,7.92,7.93,7.95,7.99,8.00,8.02,8.04,8.06,8.08,8.12,8.21,8.25,8.29,8.34,8.39,8.42,8.44,8.47,8.50,8.52,8.56,8.58,8.61,8.63,8.66,8.68,8.71,8.72,8.74,8.78,8.82,8.88,8.91,8.93,8.97,8.99,9.02,9.06,9.08,9.09,9.11,9.13,9.15,9.18,9.23,9.27,9.40,9.45,9.49,9.52,9.53,9.57,9.64,9.68,9.72,9.75,9.81,9.86,10.01,10.04,10.12,10.17,10.19,10.21,10.22,10.27,10.29,10.31,10.34,10.39,10.41,10.44,10.51,10.54],\r\n\t\t\t\t\tgraphEle           : [195.42,195.42,195.42,196.50,197.97,198.86,201.07,202.34,203.27,206.36,206.92,208.05,208.61,210.91,211.72,215.02,217.86,219.46,221.44,222.68,224.27,229.23,229.92,230.85,233.01,234.61,235.99,237.42,241.12,243.09,245.76,247.55,249.52,250.39,253.05,261.14,264.94,270.29,274.28,277.46,279.63,288.96,292.66,295.64,298.57,300.59,305.53,311.19,315.82,318.08,319.11,320.20,320.99,322.65,323.48,325.56,327.18,327.88,330.18,331.74,334.19,341.41,344.78,347.88,352.90,357.94,362.97,366.88,371.42,376.09,379.52,383.72,391.53,397.18,400.15,404.57,407.08,409.68,413.74,416.39,419.81,424.22,427.39,429.72,431.89,436.55,439.94,442.29,445.40,450.11,452.00,454.55,456.82,461.34,464.84,467.48,469.11,470.21,471.70,473.72,474.62,475.33,477.08,478.83,480.05,481.08,482.87,484.76,485.59,486.26,486.96,489.38,490.73,491.98,492.71,493.43,494.51,495.74,496.40,496.95,497.64,499.23,500.67,501.34,502.64,503.90,505.39,506.87,507.70,508.46,509.83,511.16,512.30,513.57,514.44,520.91,526.55,527.21,528.01,528.96,532.49,533.71,534.83,536.70,538.37,540.08,542.22,544.81,549.98,551.81,554.72,558.43,559.91,563.39,564.03,565.33,568.13,568.61,568.61,568.61,568.61,568.90,569.33,569.72,570.41,570.75,571.07,571.45,571.86,571.75,571.52,571.37,571.31,571.44,573.81,575.11,576.40,580.03,582.23,585.24,589.11,591.05,592.62,596.53,597.88,600.57,602.85,604.43,606.18,608.36,609.87,613.77,615.88,617.38,619.79,621.03,621.68,622.13,622.63,623.25,623.56,623.98,625.20,626.20,626.64,626.76,626.92,627.26,628.09,631.40,632.63,633.91,634.79,636.44,637.19,637.90,635.98,635.35,634.37,633.38,631.66,630.68,629.95,629.28,626.35,623.74,607.28,601.86,595.74,592.29,587.45,579.85,573.75,563.44,552.81,549.61,535.82,520.33,516.06,508.94,506.25,503.78,501.07,498.39,495.43,493.97,489.75,485.53,476.56,471.68,468.48,461.27,457.17,454.59,451.45,450.18,448.36,447.24,445.56,443.73,441.81,438.08,436.78,434.03,430.65,431.46,432.06,432.33,432.50,432.69,433.07,433.22,433.37,433.53,433.75,433.93,434.29,431.92,430.58,428.99,426.71,419.34,414.74,411.14,406.33,402.85,399.51,391.65,387.09,381.08,377.46,370.89,366.06,360.90,357.35,354.62,347.86,342.94,335.99,332.55,328.99,327.19,327.36,327.54,327.82,327.99,328.10,328.21,328.32,328.43,327.89,326.65,325.69,316.26,307.96,302.80,296.88,295.16,288.39,274.50,267.39,259.54,254.15,245.48,240.30,223.14,220.62,214.55,210.17,209.50,208.14,207.46,204.94,203.73,202.62,201.10,200.25,200.25,200.25,200.25,200.25],\r\n\t\t\t\t\tgraphSpeed         : [],\r\n\t\t\t\t\tgraphHr            : [],\r\n\t\t\t\t\tgraphAtemp         : [],\r\n\t\t\t\t\tgraphCad           : [],\r\n\t\t\t\t\tgraphGrade         : [],\r\n\t\t\t\t\twaypoints          : [],\r\n\t\t\t\t\tunit               : \"2\",\r\n\t\t\t\t\tunitspeed          : \"0\",\r\n\t\t\t\t\tcolor1             : [\"#3366cc\"],\r\n\t\t\t\t\tcolor2             : \"#3366cc\",\r\n\t\t\t\t\tcolor3             : \"#ff0000\",\r\n\t\t\t\t\tcolor4             : \"#ff77bd\",\r\n\t\t\t\t\tcolor5             : \"#beecff\",\r\n\t\t\t\t\tcolor6             : \"#beecff\",\r\n\t\t\t\t\tcolor7             : \"#ff77bd\",\r\n\t\t\t\t\tchartFrom1         : \"\",\r\n\t\t\t\t\tchartTo1           : \"\",\r\n\t\t\t\t\tchartFrom2         : \"\",\r\n\t\t\t\t\tchartTo2           : \"\",\r\n\t\t\t\t\tstartIcon          : \"\",\r\n\t\t\t\t\tendIcon            : \"\",\r\n\t\t\t\t\tcurrentIcon        : \"\",\r\n\t\t\t\t\twaypointIcon       : \"https:\/\/lavia.cc\/gpx\/wp-content\/uploads\/gpx\/cropped-icona.ico\",\r\n\t\t\t\t\tcurrentpositioncon : \"\",\r\n\t\t\t\t\tusegpsposition     : \"\",\r\n\t\t\t\t\tzoomOnScrollWheel  : \"\",\r\n\t\t\t\t\tngGalleries        : [],\r\n\t\t\t\t\tngImages           : [],\r\n\t\t\t\t\tpluginUrl          : \"https:\/\/lavia.cc\/gpx\/wp-content\/plugins\",\r\n\t\t\t\t\tTFApiKey           : \"\",\r\n\t\t\t\t\tMapBoxApiKey           : \"\",\r\n\t\t\t\t\tlangs              : {\r\n\t\t\t\t\t\taltitude        : \"Altitudine\",\r\n\t\t\t\t\t\tcurrentPosition : \"Current position\",\r\n\t\t\t\t\t\tspeed           : \"Velocit\u00e0\",\r\n\t\t\t\t\t\tgrade           : \"Grade\",\r\n\t\t\t\t\t\theartRate       : \"Battito Cardiaco\",\r\n\t\t\t\t\t\tatemp           : \"Temperature\",\r\n\t\t\t\t\t\tcadence         : \"Cadenza\",\r\n\t\t\t\t\t\tgoFullScreen    : \"Go full screen\",\r\n\t\t\t\t\t\texitFullFcreen  : \"Exit full screen\",\r\n\t\t\t\t\t\thideImages      : \"Hide images\",\r\n\t\t\t\t\t\tshowImages      : \"Show images\",\r\n\t\t\t\t\t\tbackToCenter\t: \"Ritorna al centro della mappa\"\r\n\t\t\t\t\t}\r\n\t\t\t\t});\r\n\r\n\t\t\t});\r\n\r\n\t\t<\/script>\n<p>\ud83d\udfe2 Scarica la traccia e Segui\u00a0<a href=\"https:\/\/www.instagram.com\/lavia.cc\/\" target=\"_blank\" rel=\"noopener\">LAVIA<\/a>!<\/p>\n","protected":false},"excerpt":{"rendered":"<p><strong>\ud83d\udccd TRACCIA CARICATA DA: <a href=\"https:\/\/www.instagram.com\/sentieridelsebino\/\" target=\"_blank\" rel=\"noopener\">@sentieridelsebino<\/a><\/strong><\/p>\n<p>Il Monte Cognolo, 672 m.s.l., \u00e8 situato alle pendici del massiccio che separa il Sebino dalla Val Trompia, accoglie numerosi punti panoramici sull\u2019area circostante del Lago d\u2019Iseo e della Franciacorta. Il percorso ad anello proposto parte da Iseo (BS) ed \u00e8 adatto a tutti senza particolari difficolt\u00e0 tecniche. Il tempo necessario \u00e8 di circa 3h con un dislivello positivo totale di 470m. Una volta lasciata l\u2019auto si procede in via Giuseppe Zatti lungo la mulattiera sulla sinistra che porta in via Carlo Bonardi, risalendo la quale si arriver\u00e0 ad un sottopassaggio. Poco pi\u00f9 avanti si giunge ad un bivio e tenendo ancora una volta la sinistra si entra nel bosco sul cosiddetto \u201cSenter del G\u00e0t\u201d, o sentiero n. 246 del CAI, fino alla localit\u00e0 Bocas (conosciuta per la presenza\u00a0 dei pollai).\u00a0 Uscendo dal bosco si giunge a destinazione sul sentiero 290 che a destra porta alla localit\u00e0 Marus, prima, e alla cima del Cognolo fino alla Balota del Coren poi. Dopo aver ammirato la vista si inizia la discesa verso la Madonnina di Provaglio e successivamente tenendo la destra, in direzione Iseo, al Campo Scout dopo il quale troveremo una deviazione dalla strada principale che ci riporter\u00e0 in via Giuseppe Zatti per chiudere il percorso ad anello ritornando all\u2019auto.<\/p>\n<p>\ud83d\udfe2 Segui\u00a0<strong>LAVIA,<\/strong>\u00a0arriva alla\u00a0<strong>META<\/strong>!<\/p>\n","protected":false},"featured_media":5537,"comment_status":"open","ping_status":"closed","template":"","meta":[],"product_brand":[],"product_cat":[31],"product_tag":[74,249,729,73],"class_list":{"0":"post-5531","1":"product","2":"type-product","3":"status-publish","4":"has-post-thumbnail","6":"product_cat-escursionismo","7":"product_tag-brescia","8":"product_tag-iseo","9":"product_tag-lago-diseo","10":"product_tag-lombardia","12":"first","13":"instock","14":"downloadable","15":"virtual","16":"product-type-simple"},"_links":{"self":[{"href":"https:\/\/lavia.cc\/gpx\/wp-json\/wp\/v2\/product\/5531","targetHints":{"allow":["GET"]}}],"collection":[{"href":"https:\/\/lavia.cc\/gpx\/wp-json\/wp\/v2\/product"}],"about":[{"href":"https:\/\/lavia.cc\/gpx\/wp-json\/wp\/v2\/types\/product"}],"replies":[{"embeddable":true,"href":"https:\/\/lavia.cc\/gpx\/wp-json\/wp\/v2\/comments?post=5531"}],"version-history":[{"count":4,"href":"https:\/\/lavia.cc\/gpx\/wp-json\/wp\/v2\/product\/5531\/revisions"}],"predecessor-version":[{"id":5538,"href":"https:\/\/lavia.cc\/gpx\/wp-json\/wp\/v2\/product\/5531\/revisions\/5538"}],"wp:featuredmedia":[{"embeddable":true,"href":"https:\/\/lavia.cc\/gpx\/wp-json\/wp\/v2\/media\/5537"}],"wp:attachment":[{"href":"https:\/\/lavia.cc\/gpx\/wp-json\/wp\/v2\/media?parent=5531"}],"wp:term":[{"taxonomy":"product_brand","embeddable":true,"href":"https:\/\/lavia.cc\/gpx\/wp-json\/wp\/v2\/product_brand?post=5531"},{"taxonomy":"product_cat","embeddable":true,"href":"https:\/\/lavia.cc\/gpx\/wp-json\/wp\/v2\/product_cat?post=5531"},{"taxonomy":"product_tag","embeddable":true,"href":"https:\/\/lavia.cc\/gpx\/wp-json\/wp\/v2\/product_tag?post=5531"}],"curies":[{"name":"wp","href":"https:\/\/api.w.org\/{rel}","templated":true}]}}