{"id":5578,"date":"2023-04-20T13:20:50","date_gmt":"2023-04-20T11:20:50","guid":{"rendered":"https:\/\/lavia.cc\/gpx\/?post_type=product&#038;p=5578"},"modified":"2025-05-07T20:45:31","modified_gmt":"2025-05-07T18:45:31","slug":"viaggio-nel-giardino-di-ninfa-latina","status":"publish","type":"product","link":"https:\/\/lavia.cc\/gpx\/tracce\/viaggio-nel-giardino-di-ninfa-latina\/","title":{"rendered":"Viaggio nel pittoresco Giardino di Ninfa a Cisterna di Latina"},"content":{"rendered":"<h5>Viaggio nel pittoresco Giardino di Ninfa a Cisterna di Latina<\/h5>\n<p>\u27a1\ufe0f Clicca qui per raggiungere il punto di partenza: <a href=\"https:\/\/www.google.it\/maps\/place\/Park+-+Ninfa\/@41.5828086,12.9505231,17.92z\/data=!4m14!1m7!3m6!1s0x13257206f0552575:0x38b44067a4237cdd!2sGiardino+di+Ninfa!8m2!3d41.581727!4d12.9539461!16s%2Fm%2F0bs54q1!3m5!1s0x1325718e2c7e29f5:0xdc82944f3437603!8m2!3d41.5826719!4d12.9509255!16s%2Fg%2F11t6_6b92b\" target=\"_blank\" rel=\"noopener\">GOOGLE MAPS<\/a> (Parcheggio &#8211; Giardino di Ninfa)<\/p>\n<p>\ud83d\udd5c Periodo consigliato: tutto l\u2019anno<\/p>\n<p>\ud83d\uddfa\ufe0f Mappa e altimetria dell&#8217;<a href=\"https:\/\/lavia.cc\/gpx\/categoria-tracce\/escursionismo\/\" target=\"_blank\" rel=\"noopener\">escursione<\/a> nel Giardino di Ninfa:<\/p>\n\r\n\t\t<div id=\"wpgpxmaps_5578_4648434\" class=\"wpgpxmaps\">\r\n\t\t\t<div id=\"map_5578_4648434_cont\" style=\"width:100%; height:450px;position:relative\" >\r\n\t\t\t\t<div id=\"map_5578_4648434\" style=\"width:100%; height:450px\"><\/div>\r\n\t\t\t\t<div id=\"wpgpxmaps_5578_4648434_osm_footer\" class=\"wpgpxmaps_osm_footer\" style=\"display:none;\"><span> &copy; <a href=\"http:\/\/www.openstreetmap.org\/copyright\" target=\"_blank\" rel=\"noopener\">OpenStreetMap<\/a> contributors<\/span><\/div>\r\n\t\t\t<\/div>\r\n\t\t\t<canvas id=\"myChart_5578_4648434\" class=\"plot\" style=\"width:100%; height:200px\"><\/canvas>\r\n\t\t\t<div id=\"ngimages_5578_4648434\" class=\"ngimages\" style=\"display:none\"><\/div>\r\n\t\t\t<div id=\"report_5578_4648434\" class=\"report\"><\/div>\r\n\t\t<\/div>\r\n\t\t\r\n\t\t<script type=\"text\/javascript\">\r\n\r\n\t\t\tjQuery(document).ready(function() {\r\n\r\n\t\t\t\tjQuery( \"#wpgpxmaps_5578_4648434\" ).wpgpxmaps( {\r\n\t\t\t\t\ttargetId           : \"5578_4648434\",\r\n\t\t\t\t\tmapType            : \"HYBRID\",\r\n\t\t\t\t\tmapData            : [[41.5829930,12.9520460],[41.5826790,12.9522870],[41.5825080,12.9524260],[41.5823080,12.9521290],[41.5819240,12.9525550],[41.5817980,12.9527490],[41.5816590,12.9528590],[41.5817800,12.9531990],[41.5820710,12.9534370],[41.5822760,12.9537810],[41.5822810,12.9539640],[41.5822010,12.9541030],[41.5820890,12.9542270],[41.5819990,12.9544160],[41.5819450,12.9546000],[41.5818020,12.9545470],[41.5816210,12.9538680],[41.5814460,12.9535320],[41.5813460,12.9534460],[41.5812580,12.9533200],[41.5812460,12.9531660],[41.5813110,12.9530530],[41.5812090,12.9528790],[41.5813530,12.9524240],[41.5811280,12.9521850],[41.5810180,12.9521370],[41.5808520,12.9521500],[41.5806470,12.9523460],[41.5804780,12.9525680],[41.5801570,12.9525960],[41.5800380,12.9530340],[41.5800400,12.9532460],[41.5801060,12.9535060],[41.5803460,12.9534750],[41.5804490,12.9535550],[41.5805210,12.9537360],[41.5805380,12.9539740],[41.5807040,12.9542050],[41.5808080,12.9543510],[41.5809730,12.9542350],[41.5809930,12.9543610],[41.5812330,12.9545410],[41.5814430,12.9546240],[41.5815810,12.9545650],[41.5817440,12.9546240],[41.5818680,12.9548740],[41.5819410,12.9550060],[41.5820280,12.9550500],[41.5821390,12.9546730],[41.5822820,12.9543400],[41.5824540,12.9538000],[41.5824840,12.9536090],[41.5825880,12.9533280],[41.5826870,12.9531030],[41.5828630,12.9529920],[41.5829400,12.9529200],[41.5828630,12.9529920],[41.5829400,12.9529200],[41.5829480,12.9525780]],\r\n\t\t\t\t\tgraphDist          : [0.00,0.04,0.06,0.10,0.15,0.18,0.20,0.23,0.27,0.31,0.32,0.34,0.35,0.37,0.39,0.40,0.46,0.50,0.51,0.53,0.54,0.55,0.57,0.61,0.64,0.66,0.67,0.70,0.73,0.76,0.80,0.82,0.84,0.87,0.88,0.90,0.92,0.95,0.96,0.98,1.00,1.03,1.05,1.07,1.09,1.11,1.12,1.13,1.17,1.20,1.25,1.27,1.29,1.31,1.34,1.35,1.36,1.37,1.40],\r\n\t\t\t\t\tgraphEle           : [31.09,31.09,31.09,31.09,31.01,30.95,30.93,30.87,30.81,30.73,30.63,30.54,30.44,30.33,30.23,30.12,29.75,29.54,29.44,29.32,29.21,29.10,28.95,28.61,28.34,28.23,28.08,27.87,27.87,27.88,27.88,27.88,27.88,27.89,27.89,27.90,28.08,28.32,28.47,28.66,28.76,29.04,29.26,29.40,29.57,29.76,29.83,29.89,30.06,30.23,30.49,30.57,30.71,30.75,30.75,30.75,30.75,30.75,30.75],\r\n\t\t\t\t\tgraphSpeed         : [],\r\n\t\t\t\t\tgraphHr            : [],\r\n\t\t\t\t\tgraphAtemp         : [],\r\n\t\t\t\t\tgraphCad           : [],\r\n\t\t\t\t\tgraphGrade         : [],\r\n\t\t\t\t\twaypoints          : [],\r\n\t\t\t\t\tunit               : \"2\",\r\n\t\t\t\t\tunitspeed          : \"0\",\r\n\t\t\t\t\tcolor1             : [\"#3366cc\"],\r\n\t\t\t\t\tcolor2             : \"#3366cc\",\r\n\t\t\t\t\tcolor3             : \"#ff0000\",\r\n\t\t\t\t\tcolor4             : \"#ff77bd\",\r\n\t\t\t\t\tcolor5             : \"#beecff\",\r\n\t\t\t\t\tcolor6             : \"#beecff\",\r\n\t\t\t\t\tcolor7             : \"#ff77bd\",\r\n\t\t\t\t\tchartFrom1         : \"\",\r\n\t\t\t\t\tchartTo1           : \"\",\r\n\t\t\t\t\tchartFrom2         : \"\",\r\n\t\t\t\t\tchartTo2           : \"\",\r\n\t\t\t\t\tstartIcon          : \"\",\r\n\t\t\t\t\tendIcon            : \"\",\r\n\t\t\t\t\tcurrentIcon        : \"\",\r\n\t\t\t\t\twaypointIcon       : \"https:\/\/lavia.cc\/gpx\/wp-content\/uploads\/gpx\/cropped-icona.ico\",\r\n\t\t\t\t\tcurrentpositioncon : \"\",\r\n\t\t\t\t\tusegpsposition     : \"\",\r\n\t\t\t\t\tzoomOnScrollWheel  : \"\",\r\n\t\t\t\t\tngGalleries        : [],\r\n\t\t\t\t\tngImages           : [],\r\n\t\t\t\t\tpluginUrl          : \"https:\/\/lavia.cc\/gpx\/wp-content\/plugins\",\r\n\t\t\t\t\tTFApiKey           : \"\",\r\n\t\t\t\t\tMapBoxApiKey           : \"\",\r\n\t\t\t\t\tlangs              : {\r\n\t\t\t\t\t\taltitude        : \"Altitudine\",\r\n\t\t\t\t\t\tcurrentPosition : \"Current position\",\r\n\t\t\t\t\t\tspeed           : \"Velocit\u00e0\",\r\n\t\t\t\t\t\tgrade           : \"Grade\",\r\n\t\t\t\t\t\theartRate       : \"Battito Cardiaco\",\r\n\t\t\t\t\t\tatemp           : \"Temperature\",\r\n\t\t\t\t\t\tcadence         : \"Cadenza\",\r\n\t\t\t\t\t\tgoFullScreen    : \"Go full screen\",\r\n\t\t\t\t\t\texitFullFcreen  : \"Exit full screen\",\r\n\t\t\t\t\t\thideImages      : \"Hide images\",\r\n\t\t\t\t\t\tshowImages      : \"Show images\",\r\n\t\t\t\t\t\tbackToCenter\t: \"Ritorna al centro della mappa\"\r\n\t\t\t\t\t}\r\n\t\t\t\t});\r\n\r\n\t\t\t});\r\n\r\n\t\t<\/script>\n<p>\ud83d\udfe2 Scarica la traccia e Segui\u00a0<a href=\"https:\/\/www.instagram.com\/lavia.cc\/\" target=\"_blank\" rel=\"noopener\">LAVIA<\/a>!<\/p>\n","protected":false},"excerpt":{"rendered":"<p><strong>\ud83d\udccd TRACCIA CARICATA DA:\u00a0<a href=\"https:\/\/www.instagram.com\/maremmagreenpassion\/\" target=\"_blank\" rel=\"noopener\">@maremmagreenpassion<\/a><\/strong><\/p>\n<p>Se vuoi provare l&#8217;emozione di entrare in un quadro, questa \u00e8 l&#8217;esperienza che fa per te! Il Giardino di Ninfa \u00e8 un parco all&#8217;inglese che si trova in provincia di Latina e prende il nome dal fiume che lo attraversa. Percorrendolo, avrai proprio la sensazione di entrare in un quadro romantico dove si alternano elementi naturali e artificiali in perfetta armonia fra loro! Le rovine della citt\u00e0 medievale di Ninfa rendono ancora pi\u00f9 suggestiva la sua complessa variet\u00e0 botanica, che crea con esse un vero e proprio rapporto simbiotico. Potrai trovare cipressi, rose e anche un pioppo monumentale che affiancano magnolie, banani e aceri rossi e potrai perfino entrare in una foresta di bamb\u00f9. Le fioriture colorano il percorso di piacevoli sfumature che cambiano con le stagioni e durante il viaggio verrai accompagnato dal cinguettio degli uccelli che numerosi popolano questo paradiso naturalistico. La passeggiata \u00e8 di cica 1,5 km quindi molto rilassante e rigenerante, oltre che ricca di stimoli sensoriali. Il percorso pu\u00f2 essere effettuato esclusivamente con la guida e vi consiglio vivamente di prenotare il biglietto perch\u00e9 ci sono molte visite nel periodo primaverile, ma gli accessi sono molto ben organizzati ed \u00e8 possibile fruire dell&#8217;esperienza in gruppi non troppo numerosi.<\/p>\n<p>\ud83d\udfe2 Scarica la traccia e Segui\u00a0<a href=\"https:\/\/www.instagram.com\/lavia.cc\/\" target=\"_blank\" rel=\"noopener\">LAVIA<\/a><\/p>\n","protected":false},"featured_media":5582,"comment_status":"open","ping_status":"closed","template":"","meta":[],"product_brand":[],"product_cat":[1897],"product_tag":[953,952,81],"class_list":{"0":"post-5578","1":"product","2":"type-product","3":"status-publish","4":"has-post-thumbnail","6":"product_cat-escursione-con-guida","7":"product_tag-cisterna-di-latina","8":"product_tag-latina","9":"product_tag-lazio","11":"first","12":"instock","13":"downloadable","14":"virtual","15":"product-type-simple"},"_links":{"self":[{"href":"https:\/\/lavia.cc\/gpx\/wp-json\/wp\/v2\/product\/5578","targetHints":{"allow":["GET"]}}],"collection":[{"href":"https:\/\/lavia.cc\/gpx\/wp-json\/wp\/v2\/product"}],"about":[{"href":"https:\/\/lavia.cc\/gpx\/wp-json\/wp\/v2\/types\/product"}],"replies":[{"embeddable":true,"href":"https:\/\/lavia.cc\/gpx\/wp-json\/wp\/v2\/comments?post=5578"}],"version-history":[{"count":3,"href":"https:\/\/lavia.cc\/gpx\/wp-json\/wp\/v2\/product\/5578\/revisions"}],"predecessor-version":[{"id":15096,"href":"https:\/\/lavia.cc\/gpx\/wp-json\/wp\/v2\/product\/5578\/revisions\/15096"}],"wp:featuredmedia":[{"embeddable":true,"href":"https:\/\/lavia.cc\/gpx\/wp-json\/wp\/v2\/media\/5582"}],"wp:attachment":[{"href":"https:\/\/lavia.cc\/gpx\/wp-json\/wp\/v2\/media?parent=5578"}],"wp:term":[{"taxonomy":"product_brand","embeddable":true,"href":"https:\/\/lavia.cc\/gpx\/wp-json\/wp\/v2\/product_brand?post=5578"},{"taxonomy":"product_cat","embeddable":true,"href":"https:\/\/lavia.cc\/gpx\/wp-json\/wp\/v2\/product_cat?post=5578"},{"taxonomy":"product_tag","embeddable":true,"href":"https:\/\/lavia.cc\/gpx\/wp-json\/wp\/v2\/product_tag?post=5578"}],"curies":[{"name":"wp","href":"https:\/\/api.w.org\/{rel}","templated":true}]}}