{"id":6020,"date":"2023-06-09T09:39:02","date_gmt":"2023-06-09T07:39:02","guid":{"rendered":"https:\/\/lavia.cc\/gpx\/?post_type=product&#038;p=6020"},"modified":"2023-07-04T20:12:02","modified_gmt":"2023-07-04T18:12:02","slug":"dogtrekking-monticiano-abbazia-di-san-galgano","status":"publish","type":"product","link":"https:\/\/lavia.cc\/gpx\/tracce\/dogtrekking-monticiano-abbazia-di-san-galgano\/","title":{"rendered":"Dogtrekking Monticiano &#8211; Abbazia di San Galgano"},"content":{"rendered":"<h5><strong>Dogtrekking Monticiano &#8211; Abbazia di San Galgano<\/strong><\/h5>\n<p>\u27a1\ufe0f Clicca qui per raggiungere il punto di partenza:\u00a0<a href=\"https:\/\/goo.gl\/maps\/wkCMonAVcTPU6iuw5\" target=\"_blank\" rel=\"noopener\">GOOGLE MAPS<\/a> (Monticiano, parcheggio)<\/p>\n<p>\ud83d\udca7 Sono presenti fontane\/punti acqua (al parcheggio segnato come punto di inizio della traccia e di fronte all&#8217;Abbazia)<\/p>\n<p>\ud83d\udd5c Periodo consigliato: tutto l\u2019anno<\/p>\n<p>\u26a0\ufe0fATTENZIONE: al momento della visita (Giugno 2023) il ponte sul fiume Merse risultava crollato, rendendo impossibile raggiungere l&#8217;Abbazia di San Galgano e l&#8217;Eremo di Montesiepi. Il guado pu\u00f2 essere rischioso! La segnaletica \u00e8 presente, ma non sempre in buono stato<\/p>\n<p>Per favore, rispetta la natura: non lasciare in giro i rifiuti!<\/p>\n<p>Mappa e altimetria dell&#8217;<a href=\"https:\/\/lavia.cc\/gpx\/categoria-tracce\/escursionismo\/\" target=\"_blank\" rel=\"noopener\">escursione<\/a> all&#8217;Abbazia di San Galgano:<\/p>\n\r\n\t\t<div id=\"wpgpxmaps_6020_3089554\" class=\"wpgpxmaps\">\r\n\t\t\t<div id=\"map_6020_3089554_cont\" style=\"width:100%; height:450px;position:relative\" >\r\n\t\t\t\t<div id=\"map_6020_3089554\" style=\"width:100%; height:450px\"><\/div>\r\n\t\t\t\t<div id=\"wpgpxmaps_6020_3089554_osm_footer\" class=\"wpgpxmaps_osm_footer\" style=\"display:none;\"><span> &copy; <a href=\"http:\/\/www.openstreetmap.org\/copyright\" target=\"_blank\" rel=\"noopener\">OpenStreetMap<\/a> contributors<\/span><\/div>\r\n\t\t\t<\/div>\r\n\t\t\t<canvas id=\"myChart_6020_3089554\" class=\"plot\" style=\"width:100%; height:200px\"><\/canvas>\r\n\t\t\t<div id=\"ngimages_6020_3089554\" class=\"ngimages\" style=\"display:none\"><\/div>\r\n\t\t\t<div id=\"report_6020_3089554\" class=\"report\"><\/div>\r\n\t\t<\/div>\r\n\t\t\r\n\t\t<script type=\"text\/javascript\">\r\n\r\n\t\t\tjQuery(document).ready(function() {\r\n\r\n\t\t\t\tjQuery( \"#wpgpxmaps_6020_3089554\" ).wpgpxmaps( {\r\n\t\t\t\t\ttargetId           : \"6020_3089554\",\r\n\t\t\t\t\tmapType            : \"HYBRID\",\r\n\t\t\t\t\tmapData            : [[43.1402460,11.1796170],[43.1401160,11.1796220],[43.1400370,11.1796880],[43.1400610,11.1798310],[43.1400720,11.1800060],[43.1395230,11.1800040],[43.1394390,11.1798300],[43.1394560,11.1796990],[43.1397030,11.1789820],[43.1397310,11.1788080],[43.1398470,11.1785820],[43.1399390,11.1783690],[43.1399050,11.1779830],[43.1400850,11.1778740],[43.1403240,11.1776450],[43.1401680,11.1771940],[43.1401540,11.1770140],[43.1408570,11.1760380],[43.1409310,11.1758290],[43.1409740,11.1755550],[43.1409290,11.1749340],[43.1408280,11.1745570],[43.1407850,11.1744260],[43.1406790,11.1742760],[43.1404250,11.1741620],[43.1404750,11.1728470],[43.1407310,11.1724290],[43.1408300,11.1723350],[43.1412100,11.1721300],[43.1417360,11.1716790],[43.1418600,11.1716160],[43.1417340,11.1714350],[43.1412860,11.1711350],[43.1415460,11.1688310],[43.1413360,11.1687560],[43.1412820,11.1684340],[43.1411940,11.1679220],[43.1411330,11.1677500],[43.1409000,11.1674500],[43.1408240,11.1671650],[43.1408280,11.1669160],[43.1408730,11.1667820],[43.1408750,11.1666580],[43.1408710,11.1664140],[43.1409490,11.1662940],[43.1412660,11.1659580],[43.1421030,11.1659800],[43.1437870,11.1657220],[43.1438840,11.1659210],[43.1437320,11.1668750],[43.1435950,11.1675300],[43.1436340,11.1678090],[43.1440700,11.1677020],[43.1442950,11.1675750],[43.1444510,11.1674450],[43.1446930,11.1674440],[43.1447950,11.1673250],[43.1448670,11.1674060],[43.1449160,11.1676970],[43.1450700,11.1676970],[43.1451100,11.1675000],[43.1452600,11.1672800],[43.1459100,11.1667900],[43.1459900,11.1666800],[43.1460400,11.1665500],[43.1460400,11.1661200],[43.1461000,11.1660100],[43.1464000,11.1661900],[43.1466640,11.1665520],[43.1466360,11.1660600],[43.1465070,11.1657010],[43.1460530,11.1650190],[43.1454700,11.1643440],[43.1449410,11.1635870],[43.1444500,11.1632010],[43.1441250,11.1630290],[43.1438980,11.1628470],[43.1441080,11.1626960],[43.1441960,11.1625510],[43.1442880,11.1624530],[43.1443800,11.1624010],[43.1446220,11.1621070],[43.1449320,11.1619530],[43.1450550,11.1620050],[43.1452900,11.1619810],[43.1455760,11.1620230],[43.1456920,11.1621070],[43.1458010,11.1622520],[43.1461760,11.1623460],[43.1465540,11.1623780],[43.1468060,11.1625280],[43.1468980,11.1625370],[43.1469870,11.1625880],[43.1470690,11.1625290],[43.1476790,11.1629200],[43.1475870,11.1627250],[43.1477090,11.1624240],[43.1478090,11.1620580],[43.1479610,11.1616600],[43.1480720,11.1613930],[43.1480840,11.1612410],[43.1482500,11.1610800],[43.1487530,11.1617990],[43.1489870,11.1611760],[43.1491110,11.1606930],[43.1492260,11.1601090],[43.1492640,11.1597320],[43.1493770,11.1592390],[43.1494700,11.1589390],[43.1495590,11.1587610],[43.1498030,11.1586040],[43.1499650,11.1585290],[43.1500710,11.1583410],[43.1502060,11.1579490],[43.1503450,11.1574690],[43.1504750,11.1568660],[43.1506920,11.1556400],[43.1506050,11.1555090],[43.1503360,11.1553880],[43.1496810,11.1550100],[43.1495910,11.1548140],[43.1494930,11.1546910],[43.1493770,11.1546680],[43.1490390,11.1546820],[43.1493770,11.1546680],[43.1494930,11.1546910],[43.1495910,11.1548140],[43.1496810,11.1550100],[43.1503360,11.1553880],[43.1506050,11.1555090],[43.1506920,11.1556400],[43.1508310,11.1557130],[43.1521200,11.1560040],[43.1524700,11.1561400],[43.1526900,11.1560560],[43.1527730,11.1559840],[43.1528870,11.1557670],[43.1527510,11.1555040],[43.1527200,11.1554890],[43.1528870,11.1557670],[43.1528450,11.1559140],[43.1526900,11.1560560],[43.1524700,11.1561400],[43.1521200,11.1560040],[43.1508310,11.1557130],[43.1506920,11.1556400],[43.1505080,11.1557710],[43.1504250,11.1559060],[43.1502090,11.1572240],[43.1502110,11.1576470],[43.1500680,11.1578700],[43.1498790,11.1584840],[43.1498030,11.1586040],[43.1495590,11.1587610],[43.1494700,11.1589390],[43.1493770,11.1592390],[43.1492640,11.1597320],[43.1492260,11.1601090],[43.1491110,11.1606930],[43.1489870,11.1611760],[43.1487530,11.1617990],[43.1483170,11.1611370],[43.1480840,11.1612410],[43.1480720,11.1613930],[43.1479610,11.1616600],[43.1478090,11.1620580],[43.1477090,11.1624240],[43.1475870,11.1627250],[43.1476790,11.1629200],[43.1479500,11.1631600],[43.1481200,11.1633800],[43.1482650,11.1636740],[43.1483700,11.1638500],[43.1487530,11.1643270],[43.1488360,11.1645260],[43.1489410,11.1646630],[43.1495640,11.1650540],[43.1497620,11.1652640],[43.1497300,11.1657800],[43.1497860,11.1662840],[43.1497210,11.1664480],[43.1495310,11.1667440],[43.1493170,11.1671910],[43.1493020,11.1674370],[43.1495010,11.1683300],[43.1495020,11.1686340],[43.1493910,11.1688200],[43.1492680,11.1690630],[43.1491840,11.1691580],[43.1491280,11.1692910],[43.1487820,11.1695970],[43.1487150,11.1697430],[43.1483900,11.1700510],[43.1483000,11.1701980],[43.1482590,11.1703900],[43.1479970,11.1709850],[43.1478710,11.1713520],[43.1477030,11.1718740],[43.1476150,11.1720530],[43.1474100,11.1723400],[43.1466800,11.1729160],[43.1464680,11.1729000],[43.1463670,11.1729440],[43.1462500,11.1730380],[43.1458060,11.1729840],[43.1454740,11.1728260],[43.1453110,11.1727900],[43.1444880,11.1722460],[43.1440680,11.1720900],[43.1432450,11.1719120],[43.1424830,11.1718510],[43.1422540,11.1717160],[43.1418600,11.1716160],[43.1417360,11.1716790],[43.1412100,11.1721300],[43.1408300,11.1723350],[43.1407310,11.1724290],[43.1404750,11.1728470],[43.1404630,11.1740710],[43.1406790,11.1742760],[43.1407850,11.1744260],[43.1408280,11.1745570],[43.1409290,11.1749340],[43.1409740,11.1755550],[43.1409310,11.1758290],[43.1408570,11.1760380],[43.1401540,11.1770140],[43.1401680,11.1771940],[43.1403290,11.1775590],[43.1400850,11.1778740],[43.1399050,11.1779830],[43.1399390,11.1783690],[43.1398470,11.1785820],[43.1397720,11.1787860],[43.1397030,11.1789820],[43.1394560,11.1796990],[43.1394390,11.1798300],[43.1394740,11.1799500],[43.1400720,11.1800060],[43.1400610,11.1798310],[43.1400370,11.1796880],[43.1401160,11.1796220],[43.1402450,11.1796170]],\r\n\t\t\t\t\tgraphDist          : [0.00,0.01,0.02,0.04,0.05,0.11,0.13,0.14,0.20,0.22,0.24,0.26,0.29,0.32,0.35,0.39,0.40,0.52,0.54,0.56,0.61,0.64,0.65,0.67,0.70,0.81,0.85,0.86,0.91,0.98,0.99,1.01,1.07,1.26,1.28,1.31,1.35,1.37,1.40,1.43,1.45,1.46,1.47,1.49,1.51,1.55,1.64,1.83,1.85,1.93,1.99,2.01,2.06,2.09,2.11,2.13,2.15,2.16,2.18,2.20,2.22,2.24,2.33,2.34,2.35,2.38,2.40,2.43,2.47,2.51,2.55,2.62,2.71,2.79,2.86,2.89,2.92,2.95,2.97,2.98,2.99,3.03,3.06,3.08,3.10,3.14,3.15,3.17,3.21,3.25,3.28,3.29,3.30,3.31,3.39,3.41,3.44,3.47,3.50,3.53,3.54,3.56,3.64,3.70,3.74,3.79,3.82,3.87,3.89,3.91,3.94,3.96,3.98,4.01,4.05,4.11,4.21,4.22,4.25,4.33,4.35,4.37,4.38,4.42,4.46,4.47,4.49,4.50,4.58,4.62,4.63,4.65,4.79,4.83,4.86,4.87,4.89,4.92,4.93,4.96,4.97,4.99,5.02,5.06,5.21,5.22,5.25,5.26,5.37,5.40,5.43,5.48,5.50,5.53,5.54,5.57,5.61,5.64,5.69,5.73,5.79,5.86,5.89,5.91,5.93,5.97,6.00,6.03,6.05,6.08,6.11,6.14,6.16,6.21,6.23,6.25,6.32,6.35,6.39,6.44,6.45,6.48,6.53,6.55,6.62,6.65,6.67,6.69,6.70,6.72,6.76,6.78,6.82,6.83,6.85,6.91,6.94,6.99,7.00,7.04,7.13,7.15,7.17,7.18,7.23,7.27,7.29,7.39,7.44,7.53,7.62,7.64,7.69,7.70,7.77,7.82,7.83,7.88,7.97,8.01,8.03,8.04,8.07,8.12,8.15,8.17,8.28,8.29,8.33,8.37,8.39,8.42,8.44,8.46,8.48,8.54,8.55,8.56,8.63,8.65,8.66,8.67,8.68],\r\n\t\t\t\t\tgraphEle           : [365.63,365.63,365.63,365.63,365.63,365.46,365.22,365.07,364.16,363.95,363.62,363.34,362.90,362.62,362.23,361.74,361.56,360.42,360.41,360.40,360.38,360.37,360.36,360.35,360.34,362.33,363.15,363.40,364.17,365.02,365.20,365.45,366.13,368.77,369.12,369.89,371.97,372.73,374.46,375.66,376.64,377.22,377.71,378.72,379.33,381.27,385.36,387.02,386.90,385.02,382.28,381.14,378.70,377.36,376.33,374.93,374.15,373.58,372.31,371.42,370.55,369.27,365.12,364.54,363.99,362.38,361.87,360.19,358.28,356.48,355.09,351.88,347.90,338.99,332.39,328.33,324.97,321.84,320.03,318.49,317.18,312.92,308.57,306.87,303.77,301.64,300.67,299.55,296.73,293.93,291.89,291.21,290.50,289.92,285.74,284.68,283.12,281.35,279.32,278.61,278.26,277.62,275.33,273.73,274.52,275.58,276.25,277.16,277.73,278.29,280.01,281.09,282.19,284.20,286.60,289.48,293.42,293.99,295.21,297.40,297.57,297.71,297.84,298.19,298.54,298.68,298.82,299.01,302.31,303.63,304.25,304.95,311.53,313.46,314.67,315.19,316.26,316.36,315.82,314.65,314.14,313.32,312.32,310.72,300.61,299.24,297.34,296.16,288.21,285.97,284.39,280.86,280.02,278.80,278.30,277.56,276.37,275.50,274.11,274.32,275.59,277.20,277.89,278.18,279.42,281.23,282.81,284.20,285.14,286.92,288.19,289.22,289.89,291.96,292.62,293.20,296.52,298.43,301.31,304.15,305.19,307.39,310.89,312.80,320.04,322.40,324.26,326.55,327.71,328.74,332.18,333.23,336.53,337.70,338.92,343.15,344.50,346.40,347.11,348.44,351.85,352.37,352.63,352.96,354.06,354.93,355.33,357.58,358.65,360.58,361.99,362.45,363.19,363.43,362.83,362.35,362.21,361.73,360.90,360.62,360.50,360.41,360.18,360.09,360.31,360.49,361.55,361.70,362.10,362.63,362.93,363.35,363.62,363.87,364.13,364.53,364.53,364.53,364.53,364.53,364.53,364.53,364.53],\r\n\t\t\t\t\tgraphSpeed         : [],\r\n\t\t\t\t\tgraphHr            : [],\r\n\t\t\t\t\tgraphAtemp         : [],\r\n\t\t\t\t\tgraphCad           : [],\r\n\t\t\t\t\tgraphGrade         : [],\r\n\t\t\t\t\twaypoints          : [],\r\n\t\t\t\t\tunit               : \"2\",\r\n\t\t\t\t\tunitspeed          : \"0\",\r\n\t\t\t\t\tcolor1             : [\"#3366cc\"],\r\n\t\t\t\t\tcolor2             : \"#3366cc\",\r\n\t\t\t\t\tcolor3             : \"#ff0000\",\r\n\t\t\t\t\tcolor4             : \"#ff77bd\",\r\n\t\t\t\t\tcolor5             : \"#beecff\",\r\n\t\t\t\t\tcolor6             : \"#beecff\",\r\n\t\t\t\t\tcolor7             : \"#ff77bd\",\r\n\t\t\t\t\tchartFrom1         : \"\",\r\n\t\t\t\t\tchartTo1           : \"\",\r\n\t\t\t\t\tchartFrom2         : \"\",\r\n\t\t\t\t\tchartTo2           : \"\",\r\n\t\t\t\t\tstartIcon          : \"\",\r\n\t\t\t\t\tendIcon            : \"\",\r\n\t\t\t\t\tcurrentIcon        : \"\",\r\n\t\t\t\t\twaypointIcon       : \"https:\/\/lavia.cc\/gpx\/wp-content\/uploads\/gpx\/cropped-icona.ico\",\r\n\t\t\t\t\tcurrentpositioncon : \"\",\r\n\t\t\t\t\tusegpsposition     : \"\",\r\n\t\t\t\t\tzoomOnScrollWheel  : \"\",\r\n\t\t\t\t\tngGalleries        : [],\r\n\t\t\t\t\tngImages           : [],\r\n\t\t\t\t\tpluginUrl          : \"https:\/\/lavia.cc\/gpx\/wp-content\/plugins\",\r\n\t\t\t\t\tTFApiKey           : \"\",\r\n\t\t\t\t\tMapBoxApiKey           : \"\",\r\n\t\t\t\t\tlangs              : {\r\n\t\t\t\t\t\taltitude        : \"Altitudine\",\r\n\t\t\t\t\t\tcurrentPosition : \"Current position\",\r\n\t\t\t\t\t\tspeed           : \"Velocit\u00e0\",\r\n\t\t\t\t\t\tgrade           : \"Grade\",\r\n\t\t\t\t\t\theartRate       : \"Battito Cardiaco\",\r\n\t\t\t\t\t\tatemp           : \"Temperature\",\r\n\t\t\t\t\t\tcadence         : \"Cadenza\",\r\n\t\t\t\t\t\tgoFullScreen    : \"Go full screen\",\r\n\t\t\t\t\t\texitFullFcreen  : \"Exit full screen\",\r\n\t\t\t\t\t\thideImages      : \"Hide images\",\r\n\t\t\t\t\t\tshowImages      : \"Show images\",\r\n\t\t\t\t\t\tbackToCenter\t: \"Ritorna al centro della mappa\"\r\n\t\t\t\t\t}\r\n\t\t\t\t});\r\n\r\n\t\t\t});\r\n\r\n\t\t<\/script>\n<p>\ud83d\udfe2 Scarica la <strong>TRACCIA<\/strong> e segui <strong><a href=\"https:\/\/www.instagram.com\/lavia.cc\/\" target=\"_blank\" rel=\"noopener\">LAVIA<\/a><\/strong>!<\/p>\n","protected":false},"excerpt":{"rendered":"<p><strong>\ud83d\udccd TRACCIA CARICATA DA: <a href=\"https:\/\/www.instagram.com\/cubadogtrekking\/\" target=\"_blank\" rel=\"noopener\">@cubadogtrekking<\/a><\/strong><\/p>\n<p>Il borgo di Monticiano sorge tra le colline senesi, in un ambiente incontaminato bagnato dai fiumi Merse e Farma; circondato da una natura rigogliosa, \u00e8 il punto di partenza per numerosi trekking. L&#8217;inizio del sentiero verso l&#8217;abbazia di San Galgano \u00e8 impreziosito da sculture lignee realizzate da diversi artisti durante Trucioli d\u2019Arte (manifestazione abituale del luogo) utilizzando, tra gli altri, anche alcuni degli alberi abbattuti dalla Tempesta Vaia. L&#8217;Abbazia deve il nome a San Galgano: non ci sono molte notizie certe sulla vita di questo Santo, se non che mor\u00ec nel 1181 e che, dopo una giovinezza dissoluta, si convert\u00ec alla fede cristiana ritirandosi a vita eremitica per darsi alla penitenza. Il momento culminante della conversione avvenne nel giorno di Natale del 1180 quando Galgano infisse nel terreno la sua spada allo scopo di trasformarla in una croce. Ancora oggi, nella poco distante cappella di Montesiepi, c&#8217;\u00e8 un masso da cui spuntano un&#8217;elsa e un segmento di una spada corrosa dagli anni e dalla ruggine: l&#8217;evidente rimando alla celeberrima &#8220;Spada nella Roccia&#8221; di re Art\u00f9 non ha mancato di sollevare curiosit\u00e0 e, ovviamente, qualche ipotesi ardita su possibili relazioni fra la mitologia della Tavola Rotonda e la storia del Santo. Al di l\u00e0 della leggenda, la grande Abbazia cistercense fu realizzata tra il 1220 ed 1268, nel periodo in cui in Italia si fondevano lo stile Romanico con il nascente stile Gotico di importazione francese; osservata dall&#8217;alto, la struttura ha la forma della classica croce latina \u271e. Dopo la consacrazione nel 1288, numerosi accadimenti (carestie, epidemie di peste, razzie delle compagnie di ventura e avversit\u00e0 meteorologiche) minarono la conservazione della struttura, che nella prima met\u00e0 del Settecento risultava ormai crollata in pi\u00f9 parti, tanto da portare alla sconsacrazione nel 1789. Solamente nel 1924, per opera di Gino Chierici, l&#8217;Abbazia fu ristrutturata senza ricostruzioni arbitrarie o integrazioni, consolidando quanto rimaneva del monastero.<\/p>\n<p>\ud83d\udfe2 Segui\u00a0<strong>LAVIA,<\/strong>\u00a0arriva alla\u00a0<strong>META<\/strong>!<\/p>\n","protected":false},"featured_media":6028,"comment_status":"open","ping_status":"closed","template":"","meta":[],"product_brand":[],"product_cat":[31,720],"product_tag":[1000,999,127,126],"class_list":{"0":"post-6020","1":"product","2":"type-product","3":"status-publish","4":"has-post-thumbnail","6":"product_cat-escursionismo","7":"product_cat-dog-walking","8":"product_tag-chiusdino","9":"product_tag-monticiano","10":"product_tag-siena","11":"product_tag-toscana","13":"first","14":"instock","15":"downloadable","16":"virtual","17":"product-type-simple"},"_links":{"self":[{"href":"https:\/\/lavia.cc\/gpx\/wp-json\/wp\/v2\/product\/6020","targetHints":{"allow":["GET"]}}],"collection":[{"href":"https:\/\/lavia.cc\/gpx\/wp-json\/wp\/v2\/product"}],"about":[{"href":"https:\/\/lavia.cc\/gpx\/wp-json\/wp\/v2\/types\/product"}],"replies":[{"embeddable":true,"href":"https:\/\/lavia.cc\/gpx\/wp-json\/wp\/v2\/comments?post=6020"}],"version-history":[{"count":6,"href":"https:\/\/lavia.cc\/gpx\/wp-json\/wp\/v2\/product\/6020\/revisions"}],"predecessor-version":[{"id":6031,"href":"https:\/\/lavia.cc\/gpx\/wp-json\/wp\/v2\/product\/6020\/revisions\/6031"}],"wp:featuredmedia":[{"embeddable":true,"href":"https:\/\/lavia.cc\/gpx\/wp-json\/wp\/v2\/media\/6028"}],"wp:attachment":[{"href":"https:\/\/lavia.cc\/gpx\/wp-json\/wp\/v2\/media?parent=6020"}],"wp:term":[{"taxonomy":"product_brand","embeddable":true,"href":"https:\/\/lavia.cc\/gpx\/wp-json\/wp\/v2\/product_brand?post=6020"},{"taxonomy":"product_cat","embeddable":true,"href":"https:\/\/lavia.cc\/gpx\/wp-json\/wp\/v2\/product_cat?post=6020"},{"taxonomy":"product_tag","embeddable":true,"href":"https:\/\/lavia.cc\/gpx\/wp-json\/wp\/v2\/product_tag?post=6020"}],"curies":[{"name":"wp","href":"https:\/\/api.w.org\/{rel}","templated":true}]}}