{"id":6055,"date":"2023-06-26T13:41:21","date_gmt":"2023-06-26T11:41:21","guid":{"rendered":"https:\/\/lavia.cc\/gpx\/?post_type=product&#038;p=6055"},"modified":"2023-07-04T20:09:28","modified_gmt":"2023-07-04T18:09:28","slug":"passeggiata-panoramica-in-grancia-grosseto","status":"publish","type":"product","link":"https:\/\/lavia.cc\/gpx\/tracce\/passeggiata-panoramica-in-grancia-grosseto\/","title":{"rendered":"Passeggiata panoramica in Grancia: un affaccio sulla citt\u00e0 di Grosseto"},"content":{"rendered":"<h5>Passeggiata panoramica in Grancia: un affaccio sulla citt\u00e0 di Grosseto<\/h5>\n<p>\u27a1\ufe0f Clicca qui per raggiungere il punto di partenza: <a href=\"https:\/\/www.google.it\/maps\/place\/42%C2%B043&#039;60.0%22N+11%C2%B008&#039;07.4%22E\/@42.733324,11.1335683,17z\/data=!3m1!4b1!4m13!1m8!3m7!1s0x1329afef2cd577d5:0x489cd379fa242cef!2sStrada+Provinciale+Sante+Mariae,+30,+58100+Grosseto+GR!3b1!8m2!3d42.7678809!4d11.1754065!16s%2Fg%2F11b8vch3wh!3m3!8m2!3d42.733324!4d11.135389?entry=ttu\" target=\"_blank\" rel=\"noopener\">GOOGLE MAPS<\/a> (Parcheggio, Podere Spadino Ricasoli, Grosseto)<\/p>\n<p>\ud83d\udd5c Periodo consigliato: tutto l\u2019anno<\/p>\n<p>\ud83d\uddfa\ufe0f Mappa e altimetria della passeggiata panoramica in <strong>Grancia:<\/strong><\/p>\n\r\n\t\t<div id=\"wpgpxmaps_6055_18177\" class=\"wpgpxmaps\">\r\n\t\t\t<div id=\"map_6055_18177_cont\" style=\"width:100%; height:450px;position:relative\" >\r\n\t\t\t\t<div id=\"map_6055_18177\" style=\"width:100%; height:450px\"><\/div>\r\n\t\t\t\t<div id=\"wpgpxmaps_6055_18177_osm_footer\" class=\"wpgpxmaps_osm_footer\" style=\"display:none;\"><span> &copy; <a href=\"http:\/\/www.openstreetmap.org\/copyright\" target=\"_blank\" rel=\"noopener\">OpenStreetMap<\/a> contributors<\/span><\/div>\r\n\t\t\t<\/div>\r\n\t\t\t<canvas id=\"myChart_6055_18177\" class=\"plot\" style=\"width:100%; height:200px\"><\/canvas>\r\n\t\t\t<div id=\"ngimages_6055_18177\" class=\"ngimages\" style=\"display:none\"><\/div>\r\n\t\t\t<div id=\"report_6055_18177\" class=\"report\"><\/div>\r\n\t\t<\/div>\r\n\t\t\r\n\t\t<script type=\"text\/javascript\">\r\n\r\n\t\t\tjQuery(document).ready(function() {\r\n\r\n\t\t\t\tjQuery( \"#wpgpxmaps_6055_18177\" ).wpgpxmaps( {\r\n\t\t\t\t\ttargetId           : \"6055_18177\",\r\n\t\t\t\t\tmapType            : \"HYBRID\",\r\n\t\t\t\t\tmapData            : [[42.7332520,11.1356920],[42.7335570,11.1357870],[42.7336970,11.1356540],[42.7338100,11.1357990],[42.7340130,11.1359300],[42.7374980,11.1370600],[42.7378060,11.1371570],[42.7385440,11.1373900],[42.7388660,11.1375750],[42.7394780,11.1382730],[42.7401230,11.1390710],[42.7402140,11.1392800],[42.7402530,11.1395180],[42.7402500,11.1397140],[42.7401920,11.1401650],[42.7401830,11.1404710],[42.7402030,11.1407900],[42.7403720,11.1419080],[42.7405370,11.1424170],[42.7407440,11.1428240],[42.7408420,11.1429640],[42.7420480,11.1420590],[42.7427600,11.1415920],[42.7430480,11.1411220],[42.7431270,11.1410390],[42.7432480,11.1409760],[42.7431270,11.1410390],[42.7430480,11.1411220],[42.7427600,11.1415920],[42.7420480,11.1420590],[42.7408580,11.1429830],[42.7407440,11.1428240],[42.7405370,11.1424170],[42.7402290,11.1423980],[42.7398000,11.1422530],[42.7395940,11.1422720],[42.7392200,11.1424070],[42.7388050,11.1425990],[42.7385040,11.1430090],[42.7382770,11.1431920],[42.7378720,11.1434160],[42.7377940,11.1435610],[42.7378280,11.1437240],[42.7381300,11.1439900],[42.7381880,11.1441630],[42.7382810,11.1443310],[42.7388350,11.1445010],[42.7388410,11.1451610],[42.7387960,11.1460170],[42.7387240,11.1463830],[42.7391620,11.1468380],[42.7393850,11.1469540],[42.7389460,11.1470430],[42.7385990,11.1472480],[42.7384290,11.1472390],[42.7388940,11.1474980],[42.7390970,11.1476180],[42.7391560,11.1478190],[42.7391100,11.1479880],[42.7389460,11.1482560],[42.7386520,11.1482290],[42.7381500,11.1480450],[42.7380550,11.1477890],[42.7378000,11.1475600],[42.7375050,11.1471940],[42.7373940,11.1468470],[42.7372040,11.1466770],[42.7363720,11.1464540],[42.7356600,11.1462060],[42.7354300,11.1458930],[42.7353230,11.1456680],[42.7353170,11.1451160],[42.7352740,11.1440960],[42.7352650,11.1438870],[42.7351670,11.1436260],[42.7352650,11.1438870],[42.7352740,11.1440960],[42.7353170,11.1451160],[42.7352740,11.1440960],[42.7351210,11.1441080],[42.7350690,11.1439750],[42.7346780,11.1436340],[42.7345670,11.1433590],[42.7344670,11.1432550],[42.7338520,11.1430390],[42.7336440,11.1428390],[42.7333340,11.1423270],[42.7327380,11.1417570],[42.7321420,11.1411870],[42.7320120,11.1409600],[42.7319380,11.1407440],[42.7319450,11.1403910],[42.7320340,11.1398620],[42.7320080,11.1396620],[42.7318780,11.1396110],[42.7318020,11.1394940],[42.7318420,11.1383280],[42.7319160,11.1369230],[42.7319430,11.1367770],[42.7320000,11.1366460],[42.7320790,11.1365390],[42.7321890,11.1364620],[42.7323230,11.1364170],[42.7325390,11.1364590],[42.7331020,11.1367170],[42.7332840,11.1366480],[42.7333710,11.1363920],[42.7334230,11.1361070],[42.7334640,11.1359360],[42.7335570,11.1357870],[42.7332520,11.1356920]],\r\n\t\t\t\t\tgraphDist          : [0.00,0.03,0.05,0.07,0.10,0.49,0.53,0.61,0.65,0.74,0.84,0.86,0.88,0.89,0.93,0.96,0.98,1.08,1.12,1.16,1.18,1.33,1.42,1.47,1.48,1.50,1.51,1.52,1.57,1.66,1.81,1.83,1.87,1.90,1.95,1.98,2.02,2.07,2.12,2.15,2.19,2.21,2.22,2.26,2.28,2.30,2.36,2.41,2.48,2.51,2.58,2.60,2.66,2.70,2.72,2.78,2.80,2.82,2.84,2.86,2.90,2.96,2.98,3.01,3.06,3.09,3.11,3.21,3.29,3.33,3.35,3.39,3.48,3.49,3.52,3.54,3.56,3.64,3.73,3.74,3.76,3.81,3.83,3.85,3.92,3.95,4.00,4.08,4.16,4.19,4.21,4.23,4.28,4.30,4.31,4.32,4.42,4.53,4.55,4.56,4.57,4.59,4.60,4.62,4.69,4.71,4.74,4.76,4.77,4.79,4.82],\r\n\t\t\t\t\tgraphEle           : [20.84,20.84,20.84,20.84,20.84,31.88,31.76,31.00,30.65,29.01,26.16,25.57,24.99,24.52,23.70,23.19,22.65,20.75,19.87,19.15,18.87,16.25,15.03,14.34,14.19,13.99,14.10,14.29,15.15,16.66,21.29,21.93,23.35,24.70,27.87,29.34,32.11,35.24,38.31,40.23,43.41,44.38,45.28,47.90,48.92,50.05,54.29,57.92,62.64,64.62,68.23,69.80,73.04,75.52,76.17,78.02,78.78,79.32,79.77,80.64,81.64,84.40,85.58,87.25,89.43,90.95,91.73,92.75,93.62,92.89,92.11,90.51,87.54,86.94,86.06,85.16,84.52,81.39,77.25,75.87,74.88,70.71,68.65,67.52,61.66,59.07,54.12,46.71,40.64,39.02,37.68,35.69,32.63,31.49,30.68,30.20,26.63,22.92,22.70,22.47,22.25,22.01,21.73,21.30,20.12,19.88,19.88,19.88,19.88,19.88,19.88],\r\n\t\t\t\t\tgraphSpeed         : [],\r\n\t\t\t\t\tgraphHr            : [],\r\n\t\t\t\t\tgraphAtemp         : [],\r\n\t\t\t\t\tgraphCad           : [],\r\n\t\t\t\t\tgraphGrade         : [],\r\n\t\t\t\t\twaypoints          : [],\r\n\t\t\t\t\tunit               : \"2\",\r\n\t\t\t\t\tunitspeed          : \"0\",\r\n\t\t\t\t\tcolor1             : [\"#3366cc\"],\r\n\t\t\t\t\tcolor2             : \"#3366cc\",\r\n\t\t\t\t\tcolor3             : \"#ff0000\",\r\n\t\t\t\t\tcolor4             : \"#ff77bd\",\r\n\t\t\t\t\tcolor5             : \"#beecff\",\r\n\t\t\t\t\tcolor6             : \"#beecff\",\r\n\t\t\t\t\tcolor7             : \"#ff77bd\",\r\n\t\t\t\t\tchartFrom1         : \"\",\r\n\t\t\t\t\tchartTo1           : \"\",\r\n\t\t\t\t\tchartFrom2         : \"\",\r\n\t\t\t\t\tchartTo2           : \"\",\r\n\t\t\t\t\tstartIcon          : \"\",\r\n\t\t\t\t\tendIcon            : \"\",\r\n\t\t\t\t\tcurrentIcon        : \"\",\r\n\t\t\t\t\twaypointIcon       : \"https:\/\/lavia.cc\/gpx\/wp-content\/uploads\/gpx\/cropped-icona.ico\",\r\n\t\t\t\t\tcurrentpositioncon : \"\",\r\n\t\t\t\t\tusegpsposition     : \"\",\r\n\t\t\t\t\tzoomOnScrollWheel  : \"\",\r\n\t\t\t\t\tngGalleries        : [],\r\n\t\t\t\t\tngImages           : [],\r\n\t\t\t\t\tpluginUrl          : \"https:\/\/lavia.cc\/gpx\/wp-content\/plugins\",\r\n\t\t\t\t\tTFApiKey           : \"\",\r\n\t\t\t\t\tMapBoxApiKey           : \"\",\r\n\t\t\t\t\tlangs              : {\r\n\t\t\t\t\t\taltitude        : \"Altitudine\",\r\n\t\t\t\t\t\tcurrentPosition : \"Current position\",\r\n\t\t\t\t\t\tspeed           : \"Velocit\u00e0\",\r\n\t\t\t\t\t\tgrade           : \"Grade\",\r\n\t\t\t\t\t\theartRate       : \"Battito Cardiaco\",\r\n\t\t\t\t\t\tatemp           : \"Temperature\",\r\n\t\t\t\t\t\tcadence         : \"Cadenza\",\r\n\t\t\t\t\t\tgoFullScreen    : \"Go full screen\",\r\n\t\t\t\t\t\texitFullFcreen  : \"Exit full screen\",\r\n\t\t\t\t\t\thideImages      : \"Hide images\",\r\n\t\t\t\t\t\tshowImages      : \"Show images\",\r\n\t\t\t\t\t\tbackToCenter\t: \"Ritorna al centro della mappa\"\r\n\t\t\t\t\t}\r\n\t\t\t\t});\r\n\r\n\t\t\t});\r\n\r\n\t\t<\/script>\n<p>\ud83d\udfe2 Scarica la <strong>TRACCIA<\/strong> e segui <strong><a href=\"https:\/\/www.instagram.com\/lavia.cc\/\" target=\"_blank\" rel=\"noopener\">LAVIA<\/a><\/strong>!<\/p>\n","protected":false},"excerpt":{"rendered":"<p class=\"price\"><strong>\ud83d\udccd TRACCIA CARICATA DA: <a href=\"https:\/\/www.instagram.com\/maremmagreenpassion\/\" target=\"_blank\" rel=\"noopener\">@maremmagreenpassion<\/a><\/strong><\/p>\n<p>Passeggiata con Amina verso i serbatoi dell&#8217;Acquedotto del Fiora in Grancia: una scampagnata a portata di mano per chi abita a Grosseto, che anche se non risulta particolarmente impegnativa riesce comunque ad offrire delle bellissime viste, anche per chi si cimenta in tour in bici e fa tappa a Grosseto. Il percorso di circa 5 km \u00e8 impostato per partire dal Podere Spadino Ricasoli, all&#8217;uscita di Grosseto sud, dove \u00e8 possibile parcheggiare comodamente l&#8217;auto in maniera da non disturbare nessuno. La prima parte si sviluppa lungo la SP 30 Sante Mariae in direzione Scansano (qui bisogna fare attenzione perch\u00e9 il tratto di strada extraurbano non ha banchine per i pedoni, quindi il consiglio \u00e8 di avere una buona visibilit\u00e0!). Dopo circa 400 metri se volete potete fare una deviazione a sinistra raggiungendo la Fattoria di Grancia, un bellissimo complesso rurale fortificato risalente al periodo rinascimentale. Ritornando sulla SP si prosegue per altri 600 metri e qui sulla destra troveremo la salita ai serbatoi dell&#8217;Acquedotto, mentre sulla sinistra raggiungiamo una graziosa spiaggia sul fiume Ombrone, attraversato dal suggestivo Ponte dei Francesi. Dopo una pausa rinfrescante, saliamo sulla collina prendendo la Strada dei Serbatoi di Grancia che \u00e8 interamente asfaltata (quindi non fatela nelle ore troppo calde, altrimenti le zampette dei vostri amici rischiano di bruciarsi!!) Qui cominceranno ad aprirsi prospettive molto interessanti sulla citt\u00e0 e sulla campagna di Grosseto, che vengono come avvolte dal morbido abbraccio delle colline di Roselle, Castiglione della Pescaia e dell&#8217;Uccellina e all&#8217;orizzonte il vostro sguardo potr\u00e0 spaziare fino al\u00a0 mare! Una volta giunti ai serbatoi, prendiamo la strada sterrata sulla sinistra che conduce fino alla Strada Comunale Grancia sul versante opposto della collina. Dopo essere passati sotto la quattro corsie vi troverete di nuovo al parcheggio di Spadino, chiudendo un percorso ad anello molto variegato che i vostri cuccioli sicuramente apprezzeranno!<br \/>\n<strong>\ud83c\udf89 W LA MAREMMA A SORPRESA!<\/strong><\/p>\n<p>\ud83d\udfe2 Segui\u00a0<strong>LAVIA,<\/strong>\u00a0arriva alla\u00a0<strong>META<\/strong>!<\/p>\n","protected":false},"featured_media":6058,"comment_status":"open","ping_status":"closed","template":"","meta":[],"product_brand":[],"product_cat":[31,720],"product_tag":[880,126],"class_list":{"0":"post-6055","1":"product","2":"type-product","3":"status-publish","4":"has-post-thumbnail","6":"product_cat-escursionismo","7":"product_cat-dog-walking","8":"product_tag-grosseto","9":"product_tag-toscana","11":"first","12":"instock","13":"downloadable","14":"virtual","15":"product-type-simple"},"_links":{"self":[{"href":"https:\/\/lavia.cc\/gpx\/wp-json\/wp\/v2\/product\/6055","targetHints":{"allow":["GET"]}}],"collection":[{"href":"https:\/\/lavia.cc\/gpx\/wp-json\/wp\/v2\/product"}],"about":[{"href":"https:\/\/lavia.cc\/gpx\/wp-json\/wp\/v2\/types\/product"}],"replies":[{"embeddable":true,"href":"https:\/\/lavia.cc\/gpx\/wp-json\/wp\/v2\/comments?post=6055"}],"version-history":[{"count":2,"href":"https:\/\/lavia.cc\/gpx\/wp-json\/wp\/v2\/product\/6055\/revisions"}],"predecessor-version":[{"id":6060,"href":"https:\/\/lavia.cc\/gpx\/wp-json\/wp\/v2\/product\/6055\/revisions\/6060"}],"wp:featuredmedia":[{"embeddable":true,"href":"https:\/\/lavia.cc\/gpx\/wp-json\/wp\/v2\/media\/6058"}],"wp:attachment":[{"href":"https:\/\/lavia.cc\/gpx\/wp-json\/wp\/v2\/media?parent=6055"}],"wp:term":[{"taxonomy":"product_brand","embeddable":true,"href":"https:\/\/lavia.cc\/gpx\/wp-json\/wp\/v2\/product_brand?post=6055"},{"taxonomy":"product_cat","embeddable":true,"href":"https:\/\/lavia.cc\/gpx\/wp-json\/wp\/v2\/product_cat?post=6055"},{"taxonomy":"product_tag","embeddable":true,"href":"https:\/\/lavia.cc\/gpx\/wp-json\/wp\/v2\/product_tag?post=6055"}],"curies":[{"name":"wp","href":"https:\/\/api.w.org\/{rel}","templated":true}]}}