{"id":6083,"date":"2023-06-27T12:32:36","date_gmt":"2023-06-27T10:32:36","guid":{"rendered":"https:\/\/lavia.cc\/gpx\/?post_type=product&#038;p=6083"},"modified":"2024-07-04T22:04:11","modified_gmt":"2024-07-04T20:04:11","slug":"escursione-al-lac-vert-dal-rifugio-i-re-magi","status":"publish","type":"product","link":"https:\/\/lavia.cc\/gpx\/tracce\/escursione-al-lac-vert-dal-rifugio-i-re-magi\/","title":{"rendered":"Escursione al LAC VERT dal Rifugio I RE MAGI"},"content":{"rendered":"<h4>Escursione al LAC VERT dal Rifugio I RE MAGI<\/h4>\n<p>\u27a1\ufe0f Clicca qui per raggiungere il punto di partenza: <a href=\"https:\/\/www.google.it\/maps\/place\/Parcheggio\/@45.069287,6.6245503,16.5z\/data=!4m17!1m10!3m9!1s0x4789f289f0c138b3:0x23b464ff6819fc7b!2sRifugio+I+Re+Magi!5m2!4m1!1i2!8m2!3d45.0707761!4d6.6226146!16s%2Fg%2F1215jrl4!3m5!1s0x4789f262eaea8125:0xbaaaebde2bcb0bf3!8m2!3d45.0686353!4d6.6257104!16s%2Fg%2F11f12452jq?entry=ttu\" target=\"_blank\" rel=\"noopener\">GOOGLE MAPS<\/a> (Parcheggio gratuito poco prima del rifugio I Re Magi).<\/p>\n<p>\ud83d\udd5c Periodo consigliato: da fine Aprile a Ottobre<\/p>\n<p>\ud83d\uddfa\ufe0f Mappa e altimetria dell&#8217;<a href=\"https:\/\/lavia.cc\/gpx\/categoria-tracce\/escursionismo\/\" target=\"_blank\" rel=\"noopener\">escursione<\/a> al <strong>Lac Vert<\/strong>:<\/p>\n\r\n\t\t<div id=\"wpgpxmaps_6083_3918138\" class=\"wpgpxmaps\">\r\n\t\t\t<div id=\"map_6083_3918138_cont\" style=\"width:100%; height:450px;position:relative\" >\r\n\t\t\t\t<div id=\"map_6083_3918138\" style=\"width:100%; height:450px\"><\/div>\r\n\t\t\t\t<div id=\"wpgpxmaps_6083_3918138_osm_footer\" class=\"wpgpxmaps_osm_footer\" style=\"display:none;\"><span> &copy; <a href=\"http:\/\/www.openstreetmap.org\/copyright\" target=\"_blank\" rel=\"noopener\">OpenStreetMap<\/a> contributors<\/span><\/div>\r\n\t\t\t<\/div>\r\n\t\t\t<canvas id=\"myChart_6083_3918138\" class=\"plot\" style=\"width:100%; height:200px\"><\/canvas>\r\n\t\t\t<div id=\"ngimages_6083_3918138\" class=\"ngimages\" style=\"display:none\"><\/div>\r\n\t\t\t<div id=\"report_6083_3918138\" class=\"report\"><\/div>\r\n\t\t<\/div>\r\n\t\t\r\n\t\t<script type=\"text\/javascript\">\r\n\r\n\t\t\tjQuery(document).ready(function() {\r\n\r\n\t\t\t\tjQuery( \"#wpgpxmaps_6083_3918138\" ).wpgpxmaps( {\r\n\t\t\t\t\ttargetId           : \"6083_3918138\",\r\n\t\t\t\t\tmapType            : \"HYBRID\",\r\n\t\t\t\t\tmapData            : [[45.0686700,6.6256870],[45.0688860,6.6255180],[45.0690230,6.6254690],[45.0691930,6.6253680],[45.0693290,6.6251690],[45.0695240,6.6248880],[45.0697410,6.6245890],[45.0699000,6.6243220],[45.0700570,6.6239590],[45.0702030,6.6236010],[45.0703880,6.6231430],[45.0705660,6.6229010],[45.0706200,6.6226640],[45.0706520,6.6224320],[45.0706590,6.6223010],[45.0707950,6.6220390],[45.0708640,6.6219060],[45.0710950,6.6215900],[45.0712070,6.6213840],[45.0714370,6.6209950],[45.0717070,6.6208220],[45.0720740,6.6204490],[45.0723120,6.6201050],[45.0724320,6.6199820],[45.0727680,6.6197470],[45.0729770,6.6193480],[45.0730970,6.6191890],[45.0732470,6.6190110],[45.0733540,6.6188290],[45.0737010,6.6180780],[45.0738830,6.6175430],[45.0740250,6.6169960],[45.0741760,6.6166180],[45.0743660,6.6163560],[45.0747230,6.6153420],[45.0748730,6.6151410],[45.0750510,6.6149730],[45.0750880,6.6147750],[45.0751430,6.6146660],[45.0752650,6.6145590],[45.0753310,6.6144680],[45.0755410,6.6143610],[45.0757380,6.6144120],[45.0758390,6.6144930],[45.0760020,6.6143290],[45.0760590,6.6141240],[45.0763600,6.6136570],[45.0766180,6.6131790],[45.0766850,6.6128580],[45.0766770,6.6124640],[45.0769040,6.6118490],[45.0770090,6.6117420],[45.0777160,6.6117880],[45.0778740,6.6118710],[45.0780220,6.6119100],[45.0781420,6.6120760],[45.0782700,6.6123070],[45.0786680,6.6125780],[45.0788770,6.6128600],[45.0790310,6.6130210],[45.0790760,6.6132040],[45.0789420,6.6133440],[45.0788850,6.6134680],[45.0790790,6.6135120],[45.0790940,6.6136540],[45.0791630,6.6137830],[45.0791070,6.6139510],[45.0791620,6.6141850],[45.0794880,6.6143370],[45.0794800,6.6148370],[45.0794800,6.6148370],[45.0793070,6.6148480],[45.0792280,6.6149210],[45.0793530,6.6152080],[45.0792700,6.6152020],[45.0792720,6.6151250],[45.0791950,6.6150600],[45.0790980,6.6150370],[45.0790270,6.6150200],[45.0789000,6.6149670],[45.0788570,6.6149520],[45.0788050,6.6149550],[45.0787970,6.6149520],[45.0787520,6.6149750],[45.0786700,6.6149230],[45.0787180,6.6149120],[45.0787170,6.6148870],[45.0786650,6.6149430],[45.0787250,6.6148780],[45.0786480,6.6148520],[45.0785730,6.6147680],[45.0785480,6.6148070],[45.0784870,6.6147700],[45.0784430,6.6147250],[45.0784700,6.6146750],[45.0784070,6.6145850],[45.0783830,6.6145580],[45.0783000,6.6144850],[45.0782400,6.6143880],[45.0781570,6.6143400],[45.0780730,6.6143770],[45.0780300,6.6144650],[45.0777880,6.6145970],[45.0777240,6.6147140],[45.0775080,6.6146190],[45.0773570,6.6146720],[45.0772290,6.6148280],[45.0771640,6.6151970],[45.0770500,6.6153030],[45.0769470,6.6153960],[45.0767790,6.6156790],[45.0766530,6.6157860],[45.0765960,6.6161570],[45.0764680,6.6164950],[45.0763330,6.6166110],[45.0762720,6.6168730],[45.0761780,6.6169920],[45.0760710,6.6170660],[45.0759300,6.6174740],[45.0754950,6.6180110],[45.0754250,6.6180950],[45.0750490,6.6182730],[45.0748800,6.6184530],[45.0746440,6.6188110],[45.0743620,6.6190100],[45.0742280,6.6191520],[45.0741680,6.6192580],[45.0740530,6.6191700],[45.0738180,6.6196730],[45.0733340,6.6202450],[45.0732460,6.6203930],[45.0730860,6.6205410],[45.0730170,6.6207810],[45.0729130,6.6209050],[45.0726590,6.6210050],[45.0723980,6.6212150],[45.0720560,6.6213950],[45.0717230,6.6214220],[45.0714910,6.6214750],[45.0713820,6.6214650],[45.0712070,6.6213840],[45.0710950,6.6215900],[45.0708640,6.6219060],[45.0706590,6.6223010],[45.0706520,6.6224320],[45.0706200,6.6226640],[45.0705660,6.6229010],[45.0703880,6.6231430],[45.0702030,6.6236010],[45.0700570,6.6239590],[45.0699270,6.6242760],[45.0697410,6.6245890],[45.0695240,6.6248880],[45.0693640,6.6251190],[45.0691930,6.6253680],[45.0690490,6.6255320],[45.0689330,6.6254870],[45.0686700,6.6256870]],\r\n\t\t\t\t\tgraphDist          : [0.00,0.03,0.04,0.07,0.09,0.12,0.16,0.18,0.22,0.25,0.29,0.32,0.34,0.36,0.37,0.39,0.41,0.44,0.46,0.50,0.53,0.58,0.62,0.64,0.68,0.72,0.74,0.76,0.78,0.85,0.90,0.94,0.98,1.01,1.09,1.12,1.14,1.16,1.17,1.18,1.20,1.22,1.24,1.26,1.28,1.30,1.35,1.40,1.42,1.45,1.51,1.52,1.60,1.62,1.64,1.65,1.68,1.73,1.76,1.78,1.80,1.81,1.83,1.85,1.86,1.88,1.89,1.91,1.95,1.99,2.01,2.03,2.04,2.06,2.07,2.09,2.10,2.11,2.12,2.13,2.14,2.15,2.17,2.18,2.19,2.20,2.21,2.22,2.23,2.24,2.25,2.26,2.27,2.28,2.29,2.30,2.31,2.33,2.34,2.35,2.36,2.38,2.40,2.42,2.44,2.46,2.48,2.51,2.53,2.55,2.58,2.59,2.62,2.65,2.67,2.69,2.71,2.72,2.76,2.82,2.83,2.88,2.90,2.94,2.97,2.99,3.00,3.02,3.07,3.14,3.16,3.18,3.20,3.21,3.24,3.28,3.32,3.35,3.38,3.39,3.41,3.43,3.47,3.51,3.52,3.54,3.56,3.58,3.62,3.66,3.69,3.72,3.75,3.78,3.80,3.82,3.84,3.87],\r\n\t\t\t\t\tgraphEle           : [1756.58,1756.58,1756.58,1756.58,1756.58,1757.62,1759.20,1760.48,1762.05,1763.56,1765.50,1766.14,1766.36,1766.58,1766.69,1766.98,1767.13,1767.54,1767.77,1768.24,1769.29,1770.88,1772.09,1772.61,1773.93,1775.96,1777.28,1778.86,1780.21,1785.33,1788.71,1791.66,1793.81,1795.68,1801.31,1803.23,1805.42,1806.94,1807.90,1809.37,1810.34,1812.62,1814.67,1815.85,1818.02,1819.61,1823.62,1827.19,1829.18,1831.52,1835.19,1835.05,1834.31,1834.14,1833.98,1833.80,1833.59,1833.81,1834.41,1834.80,1835.08,1835.43,1835.64,1836.07,1836.32,1836.56,1836.86,1836.94,1836.52,1836.07,1835.89,1835.67,1835.56,1835.26,1835.13,1835.02,1834.89,1834.30,1833.30,1831.92,1831.00,1830.05,1829.01,1827.90,1826.91,1825.97,1825.05,1824.12,1823.14,1822.17,1821.10,1820.19,1819.25,1818.32,1817.36,1816.37,1815.37,1814.19,1813.10,1811.95,1810.71,1809.42,1806.54,1805.40,1802.82,1800.98,1799.14,1796.38,1795.33,1793.96,1791.90,1790.80,1788.78,1786.76,1785.52,1784.07,1783.17,1782.42,1780.38,1776.72,1776.13,1773.62,1772.28,1770.40,1768.73,1767.84,1767.33,1766.63,1764.07,1762.28,1762.20,1762.09,1761.98,1761.90,1761.75,1761.58,1761.70,1762.56,1763.17,1763.45,1763.92,1764.39,1765.22,1766.00,1765.69,1765.15,1764.57,1763.76,1762.54,1761.58,1760.73,1760.16,1760.16,1760.16,1760.16,1760.16,1760.16,1760.16],\r\n\t\t\t\t\tgraphSpeed         : [],\r\n\t\t\t\t\tgraphHr            : [],\r\n\t\t\t\t\tgraphAtemp         : [],\r\n\t\t\t\t\tgraphCad           : [],\r\n\t\t\t\t\tgraphGrade         : [],\r\n\t\t\t\t\twaypoints          : [],\r\n\t\t\t\t\tunit               : \"2\",\r\n\t\t\t\t\tunitspeed          : \"0\",\r\n\t\t\t\t\tcolor1             : [\"#3366cc\"],\r\n\t\t\t\t\tcolor2             : \"#3366cc\",\r\n\t\t\t\t\tcolor3             : \"#ff0000\",\r\n\t\t\t\t\tcolor4             : \"#ff77bd\",\r\n\t\t\t\t\tcolor5             : \"#beecff\",\r\n\t\t\t\t\tcolor6             : \"#beecff\",\r\n\t\t\t\t\tcolor7             : \"#ff77bd\",\r\n\t\t\t\t\tchartFrom1         : \"\",\r\n\t\t\t\t\tchartTo1           : \"\",\r\n\t\t\t\t\tchartFrom2         : \"\",\r\n\t\t\t\t\tchartTo2           : \"\",\r\n\t\t\t\t\tstartIcon          : \"\",\r\n\t\t\t\t\tendIcon            : \"\",\r\n\t\t\t\t\tcurrentIcon        : \"\",\r\n\t\t\t\t\twaypointIcon       : \"https:\/\/lavia.cc\/gpx\/wp-content\/uploads\/gpx\/cropped-icona.ico\",\r\n\t\t\t\t\tcurrentpositioncon : \"\",\r\n\t\t\t\t\tusegpsposition     : \"\",\r\n\t\t\t\t\tzoomOnScrollWheel  : \"\",\r\n\t\t\t\t\tngGalleries        : [],\r\n\t\t\t\t\tngImages           : [],\r\n\t\t\t\t\tpluginUrl          : \"https:\/\/lavia.cc\/gpx\/wp-content\/plugins\",\r\n\t\t\t\t\tTFApiKey           : \"\",\r\n\t\t\t\t\tMapBoxApiKey           : \"\",\r\n\t\t\t\t\tlangs              : {\r\n\t\t\t\t\t\taltitude        : \"Altitudine\",\r\n\t\t\t\t\t\tcurrentPosition : \"Current position\",\r\n\t\t\t\t\t\tspeed           : \"Velocit\u00e0\",\r\n\t\t\t\t\t\tgrade           : \"Grade\",\r\n\t\t\t\t\t\theartRate       : \"Battito Cardiaco\",\r\n\t\t\t\t\t\tatemp           : \"Temperature\",\r\n\t\t\t\t\t\tcadence         : \"Cadenza\",\r\n\t\t\t\t\t\tgoFullScreen    : \"Go full screen\",\r\n\t\t\t\t\t\texitFullFcreen  : \"Exit full screen\",\r\n\t\t\t\t\t\thideImages      : \"Hide images\",\r\n\t\t\t\t\t\tshowImages      : \"Show images\",\r\n\t\t\t\t\t\tbackToCenter\t: \"Ritorna al centro della mappa\"\r\n\t\t\t\t\t}\r\n\t\t\t\t});\r\n\r\n\t\t\t});\r\n\r\n\t\t<\/script>\n<p>\ud83d\udfe2 Scarica la traccia e Segui\u00a0<a href=\"https:\/\/www.instagram.com\/lavia.cc\/\" target=\"_blank\" rel=\"noopener\">LAVIA<\/a>!<\/p>\n","protected":false},"excerpt":{"rendered":"<p>\ud83c\udfd4\ufe0f Il LAC VERT (in italiano Lago Verde) \u00e8 uno specchio d\u2019acqua, a 1838 metri di altitudine, situato in Valle Stretta (Vall\u00e9e \u00c9troite in francese), sul confine tra Francia e Italia, tra i comuni di N\u00e9vache e Bardonecchia. Il colore di questo lago \u00e8 determinato dalla presenza di un\u2019alga che vive sul fondale, che gli dona la tipica colorazione verde smeraldo. Il lago \u00e8 raggiungibile con un&#8217;escursione adatta a tutti, famiglie e bambini compresi, con partenza nei pressi del Rifugio I Re Magi dove inizia un piccolo sentiero che attraversa il borgo, sale nei prati e arriva a un ponticello sopra il torrente. Attraversato il ponte si sale su una collinetta, tenendo la destra e seguendo un piccolo sentiero nella foresta. Una volta su, si inizier\u00e0 a scorgere, attraverso i pini, il gioiello di questa bellissima passeggiata: il lago Verde, dal colore verde fluorescente. Con una breve discesa si arriva sulle sponde di questo lago magico, dove sar\u00e0 possibile rilassarsi su tronchi e sassi. Per il ritorno ci sono due possibilit\u00e0: o si ripercorre il percorso fatto all&#8217;andata o si segue la traccia scaricabile qui sotto per completare un anello nel bosco e tornare al punto di partenza. Prima di tornare all&#8217;auto vi consigliamo di fermarvi per uno spuntino al Rifugio I Re Magi, un rifugio italiano molto simpatico per mangiare una polenta o per bere qualcosa!<\/p>\n<p>\ud83d\udfe2 Segui\u00a0<strong>LAVIA,<\/strong>\u00a0arriva alla\u00a0<strong>META<\/strong>!<\/p>\n","protected":false},"featured_media":6088,"comment_status":"open","ping_status":"closed","template":"","meta":[],"product_brand":[],"product_cat":[31],"product_tag":[1014,1015,513,1013],"class_list":{"0":"post-6083","1":"product","2":"type-product","3":"status-publish","4":"has-post-thumbnail","6":"product_cat-escursionismo","7":"product_tag-bardonecchia","8":"product_tag-briancon","9":"product_tag-francia","10":"product_tag-nevache","12":"first","13":"instock","14":"downloadable","15":"virtual","16":"product-type-simple"},"_links":{"self":[{"href":"https:\/\/lavia.cc\/gpx\/wp-json\/wp\/v2\/product\/6083","targetHints":{"allow":["GET"]}}],"collection":[{"href":"https:\/\/lavia.cc\/gpx\/wp-json\/wp\/v2\/product"}],"about":[{"href":"https:\/\/lavia.cc\/gpx\/wp-json\/wp\/v2\/types\/product"}],"replies":[{"embeddable":true,"href":"https:\/\/lavia.cc\/gpx\/wp-json\/wp\/v2\/comments?post=6083"}],"version-history":[{"count":5,"href":"https:\/\/lavia.cc\/gpx\/wp-json\/wp\/v2\/product\/6083\/revisions"}],"predecessor-version":[{"id":6094,"href":"https:\/\/lavia.cc\/gpx\/wp-json\/wp\/v2\/product\/6083\/revisions\/6094"}],"wp:featuredmedia":[{"embeddable":true,"href":"https:\/\/lavia.cc\/gpx\/wp-json\/wp\/v2\/media\/6088"}],"wp:attachment":[{"href":"https:\/\/lavia.cc\/gpx\/wp-json\/wp\/v2\/media?parent=6083"}],"wp:term":[{"taxonomy":"product_brand","embeddable":true,"href":"https:\/\/lavia.cc\/gpx\/wp-json\/wp\/v2\/product_brand?post=6083"},{"taxonomy":"product_cat","embeddable":true,"href":"https:\/\/lavia.cc\/gpx\/wp-json\/wp\/v2\/product_cat?post=6083"},{"taxonomy":"product_tag","embeddable":true,"href":"https:\/\/lavia.cc\/gpx\/wp-json\/wp\/v2\/product_tag?post=6083"}],"curies":[{"name":"wp","href":"https:\/\/api.w.org\/{rel}","templated":true}]}}