{"id":6721,"date":"2023-07-26T15:38:02","date_gmt":"2023-07-26T13:38:02","guid":{"rendered":"https:\/\/lavia.cc\/gpx\/?post_type=product&#038;p=6721"},"modified":"2025-06-13T10:24:00","modified_gmt":"2025-06-13T08:24:00","slug":"ciclabile-la-tradotta-cicloturismo-treviso","status":"publish","type":"product","link":"https:\/\/lavia.cc\/gpx\/tracce\/ciclabile-la-tradotta-cicloturismo-treviso\/","title":{"rendered":"Ciclabile LA TRADOTTA, da Montebelluna a Bidasio"},"content":{"rendered":"<h4>Pista Ciclabile LA TRADOTTA, da Montebelluna a Bidasio<\/h4>\n<p>\ud83d\udeb2 Tipologia di bici consigliate:\u00a0<a href=\"https:\/\/lavia.cc\/gpx\/categoria-tracce\/gravel\/\" target=\"_blank\" rel=\"noopener\">Gravel<\/a> \/ Bici da Trekking<\/p>\n<p>\u27a1\ufe0f Clicca qui per andare al punto di partenza: <a href=\"https:\/\/www.google.it\/maps\/place\/31044+Montebelluna+TV\/@45.7753437,12.0021381,13z\/data=!3m1!4b1!4m6!3m5!1s0x477924f72ac90249:0x6a7ba9ed2f3d2442!8m2!3d45.775491!4d12.0439904!16zL20vMGN4a19s?entry=ttu\" target=\"_blank\" rel=\"noopener\">GOOGLE MAPS<\/a> (Montebelluna, TV)<\/p>\n<p>\ud83d\uddfa\ufe0f Mappa e altimetria della Pista Ciclabile <strong>LA TRADOTTA<\/strong>:<\/p>\n\r\n\t\t<div id=\"wpgpxmaps_6721_2537715\" class=\"wpgpxmaps\">\r\n\t\t\t<div id=\"map_6721_2537715_cont\" style=\"width:100%; height:450px;position:relative\" >\r\n\t\t\t\t<div id=\"map_6721_2537715\" style=\"width:100%; height:450px\"><\/div>\r\n\t\t\t\t<div id=\"wpgpxmaps_6721_2537715_osm_footer\" class=\"wpgpxmaps_osm_footer\" style=\"display:none;\"><span> &copy; <a href=\"http:\/\/www.openstreetmap.org\/copyright\" target=\"_blank\" rel=\"noopener\">OpenStreetMap<\/a> contributors<\/span><\/div>\r\n\t\t\t<\/div>\r\n\t\t\t<canvas id=\"myChart_6721_2537715\" class=\"plot\" style=\"width:100%; height:200px\"><\/canvas>\r\n\t\t\t<div id=\"ngimages_6721_2537715\" class=\"ngimages\" style=\"display:none\"><\/div>\r\n\t\t\t<div id=\"report_6721_2537715\" class=\"report\"><\/div>\r\n\t\t<\/div>\r\n\t\t\r\n\t\t<script type=\"text\/javascript\">\r\n\r\n\t\t\tjQuery(document).ready(function() {\r\n\r\n\t\t\t\tjQuery( \"#wpgpxmaps_6721_2537715\" ).wpgpxmaps( {\r\n\t\t\t\t\ttargetId           : \"6721_2537715\",\r\n\t\t\t\t\tmapType            : \"HYBRID\",\r\n\t\t\t\t\tmapData            : [[45.7614630,12.0618540],[45.7615460,12.0617870],[45.7629030,12.0606870],[45.7634340,12.0602570],[45.7639540,12.0598340],[45.7647520,12.0591870],[45.7648220,12.0592630],[45.7664810,12.0579380],[45.7665950,12.0579320],[45.7668000,12.0580560],[45.7670490,12.0583040],[45.7679840,12.0594080],[45.7696030,12.0616290],[45.7696810,12.0617370],[45.7703310,12.0625990],[45.7708840,12.0634030],[45.7713490,12.0640600],[45.7716880,12.0647100],[45.7719010,12.0652490],[45.7721160,12.0659570],[45.7722060,12.0663250],[45.7722680,12.0666950],[45.7723540,12.0674490],[45.7723620,12.0714800],[45.7722470,12.0790290],[45.7721680,12.0872290],[45.7721010,12.0912090],[45.7720980,12.0950770],[45.7719770,12.1039270],[45.7719610,12.1048520],[45.7719710,12.1069870],[45.7719370,12.1105590],[45.7719310,12.1125340],[45.7718560,12.1171560],[45.7718040,12.1205810],[45.7718710,12.1223620],[45.7719460,12.1231980],[45.7721260,12.1241480],[45.7721930,12.1244750],[45.7731890,12.1277690],[45.7766590,12.1389390],[45.7783640,12.1442700],[45.7803370,12.1507470],[45.7810980,12.1532460],[45.7823540,12.1571510],[45.7836000,12.1611010],[45.7839040,12.1620790],[45.7839720,12.1623020],[45.7843150,12.1633960],[45.7851390,12.1657700],[45.7854550,12.1664810],[45.7861840,12.1681230],[45.7864100,12.1686320],[45.7875930,12.1710570],[45.7878260,12.1714190],[45.7888330,12.1729710],[45.7900600,12.1747900],[45.7902410,12.1750590],[45.7904650,12.1753910],[45.7920660,12.1773440],[45.7932200,12.1786750],[45.7959620,12.1818070],[45.7968700,12.1828300],[45.8021210,12.1886880],[45.8042280,12.1910170],[45.8055750,12.1924850],[45.8064240,12.1934600],[45.8099540,12.1974930],[45.8131700,12.2009680],[45.8139200,12.2018410],[45.8148640,12.2033140],[45.8151350,12.2038350],[45.8154190,12.2043450],[45.8158740,12.2053570],[45.8165020,12.2071970],[45.8168520,12.2084570],[45.8170230,12.2093970],[45.8171950,12.2106170],[45.8173260,12.2123530],[45.8173600,12.2139640],[45.8171810,12.2162030],[45.8170930,12.2166470],[45.8169950,12.2173420],[45.8167470,12.2183920],[45.8162530,12.2199730],[45.8161340,12.2202820],[45.8160050,12.2206180],[45.8155350,12.2218390],[45.8146850,12.2235640],[45.8098800,12.2331840]],\r\n\t\t\t\t\tgraphDist          : [0.00,0.01,0.18,0.25,0.32,0.42,0.43,0.64,0.66,0.68,0.71,0.85,1.10,1.11,1.21,1.30,1.37,1.43,1.48,1.54,1.57,1.60,1.66,1.97,2.56,3.19,3.50,3.80,4.49,4.56,4.73,5.00,5.16,5.51,5.78,5.92,5.98,6.06,6.09,6.36,7.31,7.77,8.32,8.53,8.86,9.20,9.28,9.30,9.39,9.60,9.66,9.81,9.86,10.09,10.13,10.29,10.49,10.52,10.55,10.79,10.95,11.34,11.47,12.21,12.50,12.69,12.81,13.32,13.76,13.87,14.03,14.08,14.13,14.22,14.38,14.48,14.56,14.66,14.79,14.92,15.09,15.13,15.18,15.27,15.40,15.43,15.46,15.57,15.73,16.65],\r\n\t\t\t\t\tgraphEle           : [94.46,94.46,94.80,95.08,95.34,95.70,95.74,96.93,97.01,97.17,97.44,98.73,101.10,101.17,101.68,102.14,101.95,101.76,101.61,101.41,101.29,101.18,100.96,101.06,100.47,96.63,95.65,94.36,90.92,90.57,89.70,87.88,87.08,85.39,83.80,83.47,83.53,83.60,83.63,83.28,81.53,79.76,78.01,77.31,75.48,72.96,72.46,72.35,72.02,70.90,70.41,69.05,68.60,67.56,67.42,66.82,65.50,65.28,64.99,63.65,63.52,64.49,64.99,66.49,67.82,68.33,68.55,70.36,74.02,74.83,75.55,75.75,75.73,75.39,74.74,74.25,74.33,74.55,74.69,74.62,73.52,73.37,73.17,72.85,72.70,72.69,72.68,72.52,72.11,68.77],\r\n\t\t\t\t\tgraphSpeed         : [],\r\n\t\t\t\t\tgraphHr            : [],\r\n\t\t\t\t\tgraphAtemp         : [],\r\n\t\t\t\t\tgraphCad           : [],\r\n\t\t\t\t\tgraphGrade         : [],\r\n\t\t\t\t\twaypoints          : [],\r\n\t\t\t\t\tunit               : \"2\",\r\n\t\t\t\t\tunitspeed          : \"0\",\r\n\t\t\t\t\tcolor1             : [\"#3366cc\"],\r\n\t\t\t\t\tcolor2             : \"#3366cc\",\r\n\t\t\t\t\tcolor3             : \"#ff0000\",\r\n\t\t\t\t\tcolor4             : \"#ff77bd\",\r\n\t\t\t\t\tcolor5             : \"#beecff\",\r\n\t\t\t\t\tcolor6             : \"#beecff\",\r\n\t\t\t\t\tcolor7             : \"#ff77bd\",\r\n\t\t\t\t\tchartFrom1         : \"\",\r\n\t\t\t\t\tchartTo1           : \"\",\r\n\t\t\t\t\tchartFrom2         : \"\",\r\n\t\t\t\t\tchartTo2           : \"\",\r\n\t\t\t\t\tstartIcon          : \"\",\r\n\t\t\t\t\tendIcon            : \"\",\r\n\t\t\t\t\tcurrentIcon        : \"\",\r\n\t\t\t\t\twaypointIcon       : \"https:\/\/lavia.cc\/gpx\/wp-content\/uploads\/gpx\/cropped-icona.ico\",\r\n\t\t\t\t\tcurrentpositioncon : \"\",\r\n\t\t\t\t\tusegpsposition     : \"\",\r\n\t\t\t\t\tzoomOnScrollWheel  : \"\",\r\n\t\t\t\t\tngGalleries        : [],\r\n\t\t\t\t\tngImages           : [],\r\n\t\t\t\t\tpluginUrl          : \"https:\/\/lavia.cc\/gpx\/wp-content\/plugins\",\r\n\t\t\t\t\tTFApiKey           : \"\",\r\n\t\t\t\t\tMapBoxApiKey           : \"\",\r\n\t\t\t\t\tlangs              : {\r\n\t\t\t\t\t\taltitude        : \"Altitudine\",\r\n\t\t\t\t\t\tcurrentPosition : \"Current position\",\r\n\t\t\t\t\t\tspeed           : \"Velocit\u00e0\",\r\n\t\t\t\t\t\tgrade           : \"Grade\",\r\n\t\t\t\t\t\theartRate       : \"Battito Cardiaco\",\r\n\t\t\t\t\t\tatemp           : \"Temperature\",\r\n\t\t\t\t\t\tcadence         : \"Cadenza\",\r\n\t\t\t\t\t\tgoFullScreen    : \"Go full screen\",\r\n\t\t\t\t\t\texitFullFcreen  : \"Exit full screen\",\r\n\t\t\t\t\t\thideImages      : \"Hide images\",\r\n\t\t\t\t\t\tshowImages      : \"Show images\",\r\n\t\t\t\t\t\tbackToCenter\t: \"Ritorna al centro della mappa\"\r\n\t\t\t\t\t}\r\n\t\t\t\t});\r\n\r\n\t\t\t});\r\n\r\n\t\t<\/script>\n<p>\ud83d\udfe2 Segui\u00a0<strong>LAVIA,<\/strong>\u00a0arriva alla\u00a0<strong>META<\/strong><\/p>\n","protected":false},"excerpt":{"rendered":"<p>\ud83d\udeb5\ud83c\udffc La ciclabile La Tradotta \u00e8 una pista che collega Montebelluna a Bidasio (fra. di Nervesa della Battaglia) lunga circa 17km. Parte da Montebelluna\u00a0nei pressi del Bio Parco No\u00e9 e arriva a Bidasio lungo\u00a0Via Madonnette, nei pressi de La Trattoria La Rotonda. Il percorso lo si fa completamente in bici senza grosse difficolt\u00e0, poich\u00e9 \u00e8 completamente pianeggiante. Ci sono 27 intersezioni ben segnalate, fate attenzione a fermarvi, poich\u00e9 alcune strade sono molto trafficate e gli attraversamenti pedonali vanno fatti con la bici a mano. E\u2019 stata denominata La Tradotta in quanto la linea ferroviaria, di cui segue il tracciato, fu realizzata per la Prima Guerra Mondiale e ricopriva gli ultimi km percorsi dalle tradotte militari, prima di andare in Guerra. L\u2019attuale Tradotta si \u00e8 trasformata in un monumento storico.<\/p>\n<p>\ud83d\udfe2 Segui\u00a0LAVIA,\u00a0arriva alla\u00a0META<\/p>\n","protected":false},"featured_media":6727,"comment_status":"open","ping_status":"closed","template":"","meta":[],"product_brand":[],"product_cat":[30,28],"product_tag":[93,47],"class_list":{"0":"post-6721","1":"product","2":"type-product","3":"status-publish","4":"has-post-thumbnail","6":"product_cat-cicloturismo","7":"product_cat-gravel","8":"product_tag-treviso","9":"product_tag-r-veneto","11":"first","12":"instock","13":"downloadable","14":"virtual","15":"product-type-simple"},"_links":{"self":[{"href":"https:\/\/lavia.cc\/gpx\/wp-json\/wp\/v2\/product\/6721","targetHints":{"allow":["GET"]}}],"collection":[{"href":"https:\/\/lavia.cc\/gpx\/wp-json\/wp\/v2\/product"}],"about":[{"href":"https:\/\/lavia.cc\/gpx\/wp-json\/wp\/v2\/types\/product"}],"replies":[{"embeddable":true,"href":"https:\/\/lavia.cc\/gpx\/wp-json\/wp\/v2\/comments?post=6721"}],"version-history":[{"count":4,"href":"https:\/\/lavia.cc\/gpx\/wp-json\/wp\/v2\/product\/6721\/revisions"}],"predecessor-version":[{"id":6728,"href":"https:\/\/lavia.cc\/gpx\/wp-json\/wp\/v2\/product\/6721\/revisions\/6728"}],"wp:featuredmedia":[{"embeddable":true,"href":"https:\/\/lavia.cc\/gpx\/wp-json\/wp\/v2\/media\/6727"}],"wp:attachment":[{"href":"https:\/\/lavia.cc\/gpx\/wp-json\/wp\/v2\/media?parent=6721"}],"wp:term":[{"taxonomy":"product_brand","embeddable":true,"href":"https:\/\/lavia.cc\/gpx\/wp-json\/wp\/v2\/product_brand?post=6721"},{"taxonomy":"product_cat","embeddable":true,"href":"https:\/\/lavia.cc\/gpx\/wp-json\/wp\/v2\/product_cat?post=6721"},{"taxonomy":"product_tag","embeddable":true,"href":"https:\/\/lavia.cc\/gpx\/wp-json\/wp\/v2\/product_tag?post=6721"}],"curies":[{"name":"wp","href":"https:\/\/api.w.org\/{rel}","templated":true}]}}