{"id":6828,"date":"2023-08-08T10:35:28","date_gmt":"2023-08-08T08:35:28","guid":{"rendered":"https:\/\/lavia.cc\/gpx\/?post_type=product&#038;p=6828"},"modified":"2024-07-29T20:18:38","modified_gmt":"2024-07-29T18:18:38","slug":"altopiano-del-montasio-e-rifugio-di-brazza","status":"publish","type":"product","link":"https:\/\/lavia.cc\/gpx\/tracce\/altopiano-del-montasio-e-rifugio-di-brazza\/","title":{"rendered":"Altopiano del Montasio e Rifugio di Brazz\u00e0"},"content":{"rendered":"<h4>Escursione all&#8217; Altopiano del Montasio e Rifugio di Brazz\u00e0<\/h4>\n<p>\u27a1\ufe0f Clicca qui per raggiungere il punto di partenza: <a href=\"https:\/\/www.google.com\/maps\/place\/Parcheggio%2FParkiri%C5%A1%C4%8De\/@46.390927,13.4757451,17z\/data=!3m1!4b1!4m6!3m5!1s0x477a6bed0a22c3ed:0xf9b93f9ec003968c!8m2!3d46.390927!4d13.4757451!16s%2Fg%2F11s5vvl8j0?entry=ttu\" target=\"_blank\" rel=\"noopener\">GOOGLE MAPS<\/a> (Parcheggio).<\/p>\n<p>\u27a1\ufe0f Punto di passaggio dell\u2019escursione \u00e8 il <a href=\"https:\/\/explorerfvg.com\/luoghi\/rifugi\/rifugio-brazza\/\" target=\"_blank\" rel=\"noopener\">Rifugio di Brazz\u00e0<\/a>, situato in mezzo ai prati dell\u2019altopiano del Montasio. Ottimo punto di appoggio per famiglie e per gli escursionisti che desiderano inoltrarsi nel gruppo del Montasio e dei Buinz.<\/p>\n<p>\ud83d\uddfa\ufe0f Mappa e altimetria dell&#8217;<a href=\"https:\/\/lavia.cc\/gpx\/categoria-tracce\/escursionismo\/\" target=\"_blank\" rel=\"noopener\">escursione<\/a> all&#8217; <strong>Altopiano del Montasio e Rifugio di Brazz\u00e0:<\/strong><\/p>\n\r\n\t\t<div id=\"wpgpxmaps_6828_3919922\" class=\"wpgpxmaps\">\r\n\t\t\t<div id=\"map_6828_3919922_cont\" style=\"width:100%; height:450px;position:relative\" >\r\n\t\t\t\t<div id=\"map_6828_3919922\" style=\"width:100%; height:450px\"><\/div>\r\n\t\t\t\t<div id=\"wpgpxmaps_6828_3919922_osm_footer\" class=\"wpgpxmaps_osm_footer\" style=\"display:none;\"><span> &copy; <a href=\"http:\/\/www.openstreetmap.org\/copyright\" target=\"_blank\" rel=\"noopener\">OpenStreetMap<\/a> contributors<\/span><\/div>\r\n\t\t\t<\/div>\r\n\t\t\t<canvas id=\"myChart_6828_3919922\" class=\"plot\" style=\"width:100%; height:200px\"><\/canvas>\r\n\t\t\t<div id=\"ngimages_6828_3919922\" class=\"ngimages\" style=\"display:none\"><\/div>\r\n\t\t\t<div id=\"report_6828_3919922\" class=\"report\"><\/div>\r\n\t\t<\/div>\r\n\t\t\r\n\t\t<script type=\"text\/javascript\">\r\n\r\n\t\t\tjQuery(document).ready(function() {\r\n\r\n\t\t\t\tjQuery( \"#wpgpxmaps_6828_3919922\" ).wpgpxmaps( {\r\n\t\t\t\t\ttargetId           : \"6828_3919922\",\r\n\t\t\t\t\tmapType            : \"HYBRID\",\r\n\t\t\t\t\tmapData            : [[46.3911070,13.4756930],[46.3912650,13.4758260],[46.3916250,13.4759240],[46.3918430,13.4758490],[46.3921370,13.4758330],[46.3925420,13.4757050],[46.3930190,13.4755260],[46.3933480,13.4755190],[46.3934830,13.4755320],[46.3936900,13.4757620],[46.3939050,13.4759030],[46.3940130,13.4760500],[46.3941300,13.4763290],[46.3941740,13.4764640],[46.3942850,13.4766270],[46.3948510,13.4773170],[46.3949460,13.4773140],[46.3949570,13.4771480],[46.3948350,13.4766800],[46.3947120,13.4764140],[46.3946650,13.4761400],[46.3946000,13.4758190],[46.3945320,13.4752440],[46.3946180,13.4751870],[46.3947010,13.4753750],[46.3948370,13.4755750],[46.3953030,13.4759440],[46.3956790,13.4761300],[46.3959640,13.4760640],[46.3961160,13.4761100],[46.3962120,13.4762030],[46.3963440,13.4764220],[46.3964230,13.4767140],[46.3966470,13.4773880],[46.3968880,13.4781290],[46.3968780,13.4785960],[46.3969430,13.4790600],[46.3970120,13.4792460],[46.3971740,13.4795430],[46.3974440,13.4799090],[46.3975630,13.4801890],[46.3975740,13.4804280],[46.3975060,13.4806640],[46.3975210,13.4809510],[46.3975530,13.4810880],[46.3977880,13.4814380],[46.3978930,13.4817430],[46.3981920,13.4823830],[46.3984090,13.4829600],[46.3985630,13.4832200],[46.3986370,13.4836380],[46.3986940,13.4841620],[46.3987410,13.4844290],[46.3987840,13.4845440],[46.3990700,13.4847400],[46.3991480,13.4848760],[46.3992240,13.4851080],[46.3992160,13.4860340],[46.3992330,13.4861970],[46.3993380,13.4864560],[46.3993440,13.4869610],[46.3994400,13.4868890],[46.3994860,13.4865180],[46.3994460,13.4862050],[46.3994660,13.4857910],[46.3995390,13.4853630],[46.3996080,13.4852070],[46.3996840,13.4850670],[46.3996230,13.4847510],[46.3996430,13.4845730],[46.3994370,13.4841810],[46.3993750,13.4840070],[46.3994280,13.4832680],[46.3996030,13.4825340],[46.3996680,13.4820610],[46.3996930,13.4816160],[46.3995960,13.4814110],[46.3995010,13.4811140],[46.3995730,13.4810460],[46.3996890,13.4812860],[46.3999160,13.4814700],[46.3999890,13.4816360],[46.3999860,13.4819750],[46.4000300,13.4823890],[46.4000670,13.4825180],[46.4001800,13.4827530],[46.4003270,13.4835230],[46.4004340,13.4838080],[46.4004940,13.4839680],[46.4005300,13.4842630],[46.4006220,13.4842690],[46.4006370,13.4840700],[46.4005330,13.4833890],[46.4005200,13.4831820],[46.4005840,13.4821720],[46.4006430,13.4819780],[46.4009420,13.4814820],[46.4009640,13.4812340],[46.4009780,13.4809550],[46.4008680,13.4806650],[46.4009740,13.4800370],[46.4008010,13.4794350],[46.4007030,13.4789700],[46.4005970,13.4788290],[46.4004280,13.4784640],[46.4003120,13.4783840],[46.4000450,13.4781850],[46.3997510,13.4775880],[46.3996980,13.4773500],[46.3996860,13.4764650],[46.3995640,13.4757790],[46.3995700,13.4756480],[46.3997210,13.4752290],[46.3997060,13.4748470],[46.3997310,13.4746530],[46.3997230,13.4743590],[46.3997440,13.4740640],[46.3997260,13.4739090],[46.3996530,13.4736700],[46.3995050,13.4733600],[46.3994220,13.4730110],[46.3991750,13.4725470],[46.3990230,13.4724050],[46.3988840,13.4721720],[46.3986350,13.4719190],[46.3986730,13.4717640],[46.3988070,13.4716500],[46.3992620,13.4713610],[46.3993900,13.4712220],[46.3996040,13.4710560],[46.3999170,13.4706230],[46.4000030,13.4704250],[46.4000590,13.4700730],[46.4000690,13.4698140],[46.4002280,13.4694160],[46.4004230,13.4684480],[46.4005850,13.4678150],[46.4006310,13.4675370],[46.4006560,13.4665310],[46.4007800,13.4660220],[46.4009040,13.4653770],[46.4009510,13.4649270],[46.4010140,13.4646970],[46.4011780,13.4643840],[46.4014890,13.4634990],[46.4015190,13.4629500],[46.4015760,13.4626490],[46.4017330,13.4623210],[46.4020370,13.4617810],[46.4021220,13.4615580],[46.4021470,13.4614100],[46.4021340,13.4612800],[46.4019110,13.4608950],[46.4018650,13.4607680],[46.4018580,13.4605320],[46.4019310,13.4603450],[46.4019970,13.4602450],[46.4022620,13.4599970],[46.4025590,13.4594890],[46.4027240,13.4592890],[46.4028850,13.4589680],[46.4030510,13.4587730],[46.4032440,13.4586070],[46.4034450,13.4583040],[46.4038180,13.4579340],[46.4041660,13.4573620],[46.4045670,13.4566640],[46.4052260,13.4556650],[46.4057520,13.4545590],[46.4059510,13.4542400],[46.4060790,13.4541060],[46.4061510,13.4539840],[46.4063320,13.4534830],[46.4064630,13.4532020],[46.4069110,13.4514750],[46.4071960,13.4508760],[46.4071300,13.4504010],[46.4071360,13.4502700],[46.4071930,13.4500180],[46.4073680,13.4496780],[46.4077400,13.4492230],[46.4077970,13.4488370],[46.4079070,13.4485530],[46.4080310,13.4482960],[46.4083190,13.4478210],[46.4088590,13.4464310],[46.4090150,13.4460430],[46.4090580,13.4453460],[46.4091190,13.4451030],[46.4092690,13.4448980],[46.4096510,13.4445650],[46.4097160,13.4444730],[46.4098910,13.4446980],[46.4099570,13.4448550],[46.4099390,13.4451300],[46.4102680,13.4454960],[46.4105530,13.4458580],[46.4106380,13.4460180],[46.4109190,13.4463620],[46.4110870,13.4464690],[46.4111940,13.4464450],[46.4112680,13.4465410],[46.4113720,13.4465680],[46.4115470,13.4466910],[46.4116440,13.4468070],[46.4117740,13.4468860],[46.4119860,13.4471050],[46.4120580,13.4471930],[46.4122240,13.4471530],[46.4123200,13.4472390],[46.4127850,13.4473050],[46.4130920,13.4471770],[46.4132250,13.4471620],[46.4134170,13.4471340],[46.4134890,13.4470160],[46.4136020,13.4470030],[46.4137850,13.4468310],[46.4140810,13.4467280],[46.4143570,13.4465840],[46.4144690,13.4464400],[46.4146060,13.4465220],[46.4146870,13.4467330],[46.4147510,13.4469000],[46.4146870,13.4467330],[46.4147510,13.4469000],[46.4149240,13.4468350],[46.4152840,13.4468060],[46.4155700,13.4466330],[46.4156740,13.4464910],[46.4157300,13.4463650],[46.4158790,13.4461950],[46.4158680,13.4460770],[46.4155310,13.4460840],[46.4154340,13.4460280],[46.4152240,13.4459060],[46.4149590,13.4458170],[46.4148400,13.4457460],[46.4146890,13.4457340],[46.4145760,13.4457080],[46.4144930,13.4455370],[46.4145150,13.4452310],[46.4145190,13.4449790],[46.4140960,13.4444000],[46.4136440,13.4445710],[46.4135440,13.4446130],[46.4132070,13.4446670],[46.4130030,13.4445860],[46.4129420,13.4444920],[46.4129240,13.4442230],[46.4129930,13.4437410],[46.4130090,13.4435170],[46.4131130,13.4430950],[46.4130490,13.4429530],[46.4128960,13.4427140],[46.4127510,13.4426330],[46.4125990,13.4424900],[46.4124760,13.4423000],[46.4122950,13.4421300],[46.4121120,13.4418660],[46.4119330,13.4414300],[46.4118390,13.4412720],[46.4112530,13.4402110],[46.4106670,13.4392760],[46.4105250,13.4389660],[46.4103970,13.4385840],[46.4099850,13.4375550],[46.4097730,13.4374710],[46.4095310,13.4375540],[46.4085460,13.4380670],[46.4071650,13.4385050],[46.4070230,13.4386080],[46.4068620,13.4388410],[46.4065800,13.4397210],[46.4058290,13.4423840],[46.4057260,13.4429390],[46.4056340,13.4442580],[46.4055940,13.4444570],[46.4054270,13.4447630],[46.4047260,13.4463740],[46.4045920,13.4467560],[46.4040800,13.4484880],[46.4040080,13.4488440],[46.4039780,13.4499500],[46.4039230,13.4502410],[46.4036170,13.4508230],[46.4031540,13.4523980],[46.4028350,13.4530600],[46.4025020,13.4536240],[46.4022840,13.4541700],[46.4018380,13.4554260],[46.4016750,13.4558010],[46.4016890,13.4559980],[46.4017490,13.4561430],[46.4017830,13.4563910],[46.4016460,13.4568510],[46.4015650,13.4572260],[46.4014740,13.4573530],[46.4012710,13.4575100],[46.4009670,13.4580310],[46.4002310,13.4589680],[46.3999730,13.4592390],[46.3998140,13.4594580],[46.3995340,13.4595110],[46.3994480,13.4596000],[46.3992490,13.4600890],[46.3992170,13.4604630],[46.3991620,13.4606200],[46.3989160,13.4609320],[46.3987280,13.4612810],[46.3985710,13.4612400],[46.3984130,13.4613190],[46.3983340,13.4616110],[46.3981810,13.4619930],[46.3980720,13.4622120],[46.3978440,13.4625040],[46.3977650,13.4624390],[46.3978120,13.4620570],[46.3977380,13.4619140],[46.3976320,13.4620870],[46.3975830,13.4623480],[46.3975900,13.4627510],[46.3974440,13.4635030],[46.3973350,13.4638740],[46.3972000,13.4641490],[46.3971080,13.4641010],[46.3968910,13.4636660],[46.3967850,13.4635210],[46.3966170,13.4635170],[46.3965140,13.4637000],[46.3964410,13.4638920],[46.3965750,13.4643780],[46.3965630,13.4645350],[46.3964920,13.4646310],[46.3964330,13.4643930],[46.3963240,13.4642350],[46.3962670,13.4640820],[46.3961930,13.4641390],[46.3961930,13.4644350],[46.3961230,13.4646020],[46.3956600,13.4650180],[46.3953920,13.4653390],[46.3951680,13.4655300],[46.3950860,13.4656960],[46.3950020,13.4659210],[46.3948200,13.4661340],[46.3946850,13.4663600],[46.3943730,13.4667890],[46.3942290,13.4669540],[46.3938110,13.4673360],[46.3935880,13.4675940],[46.3934680,13.4676790],[46.3933610,13.4677370],[46.3932670,13.4678000],[46.3931780,13.4680620],[46.3930440,13.4685590],[46.3929230,13.4691870],[46.3927520,13.4695840],[46.3925310,13.4700660],[46.3925400,13.4704750],[46.3924400,13.4708290],[46.3923900,13.4711380],[46.3922880,13.4714550],[46.3921400,13.4727330],[46.3920300,13.4729600],[46.3920100,13.4731130],[46.3920580,13.4735000],[46.3920200,13.4738070],[46.3919290,13.4740380],[46.3917970,13.4740440],[46.3914880,13.4741810],[46.3914310,13.4743100],[46.3913850,13.4745620],[46.3908950,13.4751300]],\r\n\t\t\t\t\tgraphDist          : [0.00,0.02,0.06,0.09,0.12,0.17,0.22,0.26,0.27,0.30,0.33,0.35,0.37,0.38,0.40,0.48,0.49,0.51,0.55,0.57,0.59,0.62,0.66,0.68,0.69,0.72,0.78,0.82,0.85,0.87,0.88,0.91,0.93,0.99,1.05,1.09,1.12,1.14,1.17,1.21,1.23,1.25,1.27,1.30,1.31,1.34,1.37,1.43,1.48,1.51,1.54,1.58,1.60,1.61,1.65,1.66,1.68,1.75,1.76,1.79,1.83,1.84,1.87,1.89,1.93,1.96,1.97,1.99,2.01,2.03,2.07,2.08,2.14,2.20,2.24,2.27,2.29,2.32,2.33,2.35,2.38,2.40,2.42,2.45,2.46,2.49,2.55,2.57,2.59,2.61,2.62,2.64,2.69,2.71,2.79,2.80,2.85,2.87,2.89,2.92,2.97,3.02,3.06,3.07,3.11,3.12,3.16,3.21,3.23,3.30,3.35,3.36,3.40,3.43,3.44,3.47,3.49,3.50,3.52,3.55,3.58,3.62,3.64,3.67,3.70,3.72,3.73,3.79,3.81,3.83,3.88,3.90,3.93,3.95,3.98,4.06,4.11,4.13,4.21,4.25,4.30,4.34,4.36,4.39,4.46,4.51,4.53,4.56,4.61,4.63,4.64,4.66,4.69,4.70,4.72,4.74,4.75,4.79,4.84,4.86,4.89,4.91,4.94,4.97,5.02,5.08,5.15,5.26,5.36,5.39,5.41,5.42,5.47,5.49,5.63,5.69,5.73,5.74,5.76,5.79,5.84,5.87,5.90,5.92,5.97,6.09,6.13,6.18,6.20,6.23,6.28,6.29,6.31,6.33,6.35,6.40,6.44,6.45,6.49,6.52,6.53,6.54,6.55,6.57,6.59,6.60,6.63,6.64,6.66,6.68,6.73,6.76,6.78,6.80,6.81,6.83,6.85,6.89,6.92,6.94,6.96,6.98,6.99,7.02,7.03,7.05,7.09,7.13,7.14,7.15,7.17,7.19,7.22,7.24,7.26,7.29,7.31,7.32,7.34,7.35,7.38,7.40,7.46,7.51,7.53,7.56,7.59,7.60,7.62,7.66,7.68,7.71,7.72,7.75,7.77,7.79,7.81,7.83,7.86,7.90,7.92,8.02,8.12,8.15,8.18,8.27,8.30,8.33,8.45,8.60,8.62,8.65,8.72,8.94,8.99,9.09,9.11,9.14,9.28,9.31,9.46,9.49,9.57,9.60,9.65,9.78,9.85,9.90,9.95,10.06,10.10,10.11,10.12,10.14,10.18,10.21,10.23,10.25,10.30,10.41,10.45,10.47,10.51,10.52,10.56,10.59,10.60,10.64,10.68,10.69,10.71,10.74,10.77,10.79,10.83,10.84,10.87,10.88,10.90,10.92,10.95,11.01,11.05,11.07,11.08,11.13,11.14,11.16,11.18,11.20,11.24,11.25,11.26,11.28,11.30,11.31,11.33,11.35,11.36,11.42,11.46,11.49,11.51,11.53,11.55,11.58,11.63,11.65,11.70,11.73,11.75,11.76,11.77,11.80,11.84,11.89,11.92,11.97,12.00,12.03,12.05,12.08,12.18,12.20,12.21,12.24,12.27,12.29,12.30,12.34,12.35,12.37,12.44],\r\n\t\t\t\t\tgraphEle           : [1184.18,1184.18,1184.18,1184.18,1186.69,1192.33,1199.02,1203.50,1205.33,1208.88,1212.05,1214.05,1217.08,1218.47,1220.59,1230.55,1231.83,1233.48,1238.58,1241.85,1244.73,1248.14,1254.09,1255.80,1258.08,1261.18,1270.30,1277.12,1282.08,1284.75,1286.73,1290.18,1292.23,1296.93,1302.08,1305.02,1307.66,1308.63,1310.38,1312.85,1314.37,1315.50,1316.68,1318.00,1318.67,1320.89,1322.42,1325.89,1328.84,1330.38,1332.28,1334.62,1335.83,1336.41,1338.43,1339.21,1340.34,1345.58,1346.65,1348.59,1351.90,1353.10,1355.54,1357.60,1360.85,1364.82,1366.49,1368.16,1371.11,1372.74,1377.37,1379.13,1386.31,1394.28,1399.23,1403.81,1406.36,1409.57,1410.70,1412.98,1415.91,1417.49,1420.13,1423.39,1424.47,1426.70,1432.82,1435.28,1436.66,1438.93,1440.16,1441.68,1446.96,1448.54,1456.29,1457.91,1462.95,1464.90,1467.04,1469.18,1470.06,1470.95,1471.60,1471.88,1472.47,1472.49,1472.07,1471.37,1471.14,1470.29,1470.92,1471.13,1471.89,1472.51,1472.82,1473.30,1473.77,1474.03,1474.65,1476.10,1477.51,1479.75,1480.76,1481.94,1483.62,1484.31,1484.84,1486.52,1487.07,1487.89,1489.36,1489.91,1489.89,1489.04,1487.53,1484.23,1482.02,1481.17,1478.22,1476.64,1474.68,1473.72,1473.30,1472.64,1470.96,1470.02,1469.60,1469.16,1468.38,1468.09,1467.92,1467.78,1467.21,1467.05,1467.21,1467.89,1468.33,1469.78,1471.89,1472.87,1474.13,1475.11,1476.44,1478.18,1480.89,1484.05,1487.16,1490.92,1494.61,1495.81,1496.45,1496.90,1498.48,1499.43,1504.70,1506.78,1508.34,1508.87,1509.93,1511.63,1514.45,1516.03,1517.33,1518.76,1522.44,1531.73,1534.81,1540.89,1543.14,1545.74,1551.38,1552.52,1555.47,1557.28,1560.28,1566.66,1572.49,1574.63,1580.29,1583.11,1584.93,1586.68,1588.55,1591.98,1594.20,1596.69,1601.29,1603.16,1606.13,1608.12,1616.32,1621.62,1623.83,1627.14,1628.95,1630.82,1634.70,1640.16,1645.02,1646.36,1647.42,1648.60,1649.52,1651.07,1652.00,1653.39,1655.93,1657.87,1656.24,1655.06,1652.90,1651.78,1647.93,1646.74,1644.16,1641.06,1639.59,1637.87,1635.83,1632.90,1628.53,1625.00,1613.20,1603.60,1601.49,1595.60,1591.97,1590.44,1587.24,1581.40,1578.74,1573.44,1571.43,1567.46,1565.17,1562.51,1559.87,1556.70,1552.91,1547.76,1545.65,1533.95,1523.40,1520.92,1518.74,1512.64,1510.67,1508.82,1503.97,1495.76,1494.58,1492.89,1487.93,1468.59,1465.45,1458.22,1457.09,1454.96,1446.92,1445.12,1437.34,1435.81,1430.09,1428.08,1423.22,1410.29,1402.83,1395.97,1390.70,1382.21,1379.54,1378.32,1377.30,1375.84,1373.79,1372.19,1371.44,1370.08,1367.29,1357.42,1353.57,1350.92,1347.43,1346.16,1340.74,1336.65,1334.73,1329.58,1324.77,1322.06,1319.30,1315.89,1311.70,1309.19,1305.08,1303.72,1300.07,1298.31,1296.08,1293.57,1289.92,1283.30,1279.89,1277.03,1275.68,1271.13,1269.34,1266.88,1264.57,1262.42,1257.24,1255.69,1254.23,1251.58,1249.39,1247.69,1246.18,1243.31,1241.68,1235.08,1230.86,1227.71,1226.01,1223.87,1220.98,1218.27,1212.60,1210.18,1203.67,1199.91,1198.03,1196.68,1195.45,1193.08,1188.74,1183.44,1179.63,1176.23,1175.33,1174.48,1173.78,1173.01,1171.01,1171.01,1171.01,1171.01,1171.01,1171.01,1171.01,1171.01,1171.01,1171.01,1171.01],\r\n\t\t\t\t\tgraphSpeed         : [],\r\n\t\t\t\t\tgraphHr            : [],\r\n\t\t\t\t\tgraphAtemp         : [],\r\n\t\t\t\t\tgraphCad           : [],\r\n\t\t\t\t\tgraphGrade         : [],\r\n\t\t\t\t\twaypoints          : [],\r\n\t\t\t\t\tunit               : \"2\",\r\n\t\t\t\t\tunitspeed          : \"0\",\r\n\t\t\t\t\tcolor1             : [\"#3366cc\"],\r\n\t\t\t\t\tcolor2             : \"#3366cc\",\r\n\t\t\t\t\tcolor3             : \"#ff0000\",\r\n\t\t\t\t\tcolor4             : \"#ff77bd\",\r\n\t\t\t\t\tcolor5             : \"#beecff\",\r\n\t\t\t\t\tcolor6             : \"#beecff\",\r\n\t\t\t\t\tcolor7             : \"#ff77bd\",\r\n\t\t\t\t\tchartFrom1         : \"\",\r\n\t\t\t\t\tchartTo1           : \"\",\r\n\t\t\t\t\tchartFrom2         : \"\",\r\n\t\t\t\t\tchartTo2           : \"\",\r\n\t\t\t\t\tstartIcon          : \"\",\r\n\t\t\t\t\tendIcon            : \"\",\r\n\t\t\t\t\tcurrentIcon        : \"\",\r\n\t\t\t\t\twaypointIcon       : \"https:\/\/lavia.cc\/gpx\/wp-content\/uploads\/gpx\/cropped-icona.ico\",\r\n\t\t\t\t\tcurrentpositioncon : \"\",\r\n\t\t\t\t\tusegpsposition     : \"\",\r\n\t\t\t\t\tzoomOnScrollWheel  : \"\",\r\n\t\t\t\t\tngGalleries        : [],\r\n\t\t\t\t\tngImages           : [],\r\n\t\t\t\t\tpluginUrl          : \"https:\/\/lavia.cc\/gpx\/wp-content\/plugins\",\r\n\t\t\t\t\tTFApiKey           : \"\",\r\n\t\t\t\t\tMapBoxApiKey           : \"\",\r\n\t\t\t\t\tlangs              : {\r\n\t\t\t\t\t\taltitude        : \"Altitudine\",\r\n\t\t\t\t\t\tcurrentPosition : \"Current position\",\r\n\t\t\t\t\t\tspeed           : \"Velocit\u00e0\",\r\n\t\t\t\t\t\tgrade           : \"Grade\",\r\n\t\t\t\t\t\theartRate       : \"Battito Cardiaco\",\r\n\t\t\t\t\t\tatemp           : \"Temperature\",\r\n\t\t\t\t\t\tcadence         : \"Cadenza\",\r\n\t\t\t\t\t\tgoFullScreen    : \"Go full screen\",\r\n\t\t\t\t\t\texitFullFcreen  : \"Exit full screen\",\r\n\t\t\t\t\t\thideImages      : \"Hide images\",\r\n\t\t\t\t\t\tshowImages      : \"Show images\",\r\n\t\t\t\t\t\tbackToCenter\t: \"Ritorna al centro della mappa\"\r\n\t\t\t\t\t}\r\n\t\t\t\t});\r\n\r\n\t\t\t});\r\n\r\n\t\t<\/script>\n<p>\ud83d\udfe2 Scarica la traccia e Segui\u00a0<a href=\"https:\/\/www.instagram.com\/lavia.cc\/\" target=\"_blank\" rel=\"noopener\">LAVIA<\/a>!<\/p>\n","protected":false},"excerpt":{"rendered":"<p>Bellissima e facile escursione super consigliata a tutti, famiglie e bambini compresi. Il <strong>giro delle malghe<\/strong> dell&#8217;altopiano del Montasio \u00e8 una delle tante attivit\u00e0 che si possono fare nella zona del tarvisiano, uno dei luoghi pi\u00f9 affascinanti del <strong>Friuli Venezia Giulia<\/strong>. L\u2019escursione, di difficolt\u00e0 medio facile, si svolge nei dintorni dell\u2019altopiano del Montasio e incontra diverse malghe e casere durante il percorso. Lunga circa 12 km, questa escursione non presenta tratti tecnicamente difficili ma richiede una certa <strong>attitudine a camminare<\/strong>. Il sottobosco millenario di <strong>Tarvisio<\/strong>, la presenza di animali al pascolo e malghe di vario genere che possono offrirvi diverse esperienze culinarie renderanno la vostra avventura ancora pi\u00f9 interessante. L\u2019<strong>altopiano del Montasio<\/strong>, un vasto terrazzamento di origine glaciale dedicato al pascolo, \u00e8 sovrastato dalle rocce del Montasio e della Cima di Torregrossa, che con la pianura a ridosso creano un meraviglioso contrasto con i verdi pascoli della vallata. Punto di passaggio dell\u2019escursione \u00e8 il <strong>rifugio di Brazz\u00e0<\/strong>, situato in mezzo ai prati dell\u2019altopiano. Il rifugio si trova a poca distanza dalla strada che si snoda su una carreggiata adatta a tutti, per questo motivo \u00e8 un ottimo punto di appoggio per famiglie e per gli escursionisti che desiderano inoltrarsi nel gruppo del Montasio e dei <strong>Buinz<\/strong>. Punto di partenza dell\u2019itinerario \u00e8<strong> Sella Nevea<\/strong>, esattamente dal comodo parcheggio antistante l\u2019ex caserma della Guardia di Finanza. Il Giro delle Malghe del Montasio inizia da qui: si risale il primo breve ripido tratto che accosta la pista da sci seguendo il segnavia CAI 625. Raggiunto il terzo pilone della pista, si piega a destra: il sentiero diventa una pista forestale che sale con tornanti decisi. Si trova qualche cartello sbiadito \u201cGiro delle Malghe\u201d che conferma la giusta direzione. Si segue sempre il segnavia ai 625 fino a raggiungere la nostra prima <strong>Casera Cregnedul di Sopra<\/strong> (1515m). La fatica \u00e8 finita (2km) , da qui in poi ci si gode il tratto panoramico e forse anche pi\u00f9 interessante dell\u2019escursione. Si prosegue sempre dritti, senza deviazioni, seguendo ora il cartelli CAI 624 in direzione Casere Larice. La strada prosegue con un lungo rettilineo quasi pianeggiante. Dopo poco, si incontra Casere Parte di mezzo (1552m), al centro dei Piani del Montasio. Qui, sulla destra, si prende una deviazione che allunga il percorso e porta al rifugio. Il paesaggio in questo punto \u00e8 davvero <strong>stupendo<\/strong>. Si passa dalle distese verdi dei pascoli ai grandi muri di roccia che con la loro <strong>formazione calcarea<\/strong> creano un contrasto impressionante. Dopo la sosta si riparte in direzione delle Casere Pecol, ultima tappa di questa lunga passeggiata. Dalla casera si inverte la direzione passando una stalla e un parcheggio. Si continua a scendere lungo la rotabile asfaltata fino a tornare dapprima in centro a Sella Nevea e poi, proseguendo poco oltre, al nostro punto di partenza.<\/p>\n<p>\ud83d\udcf7 Foto di <a href=\"https:\/\/www.instagram.com\/p\/Cvpv5Y8M30o\/?img_index=6\">@cyclinginlove<\/a><\/p>\n<p>\ud83d\udfe2\u00a0Segui<strong>\u00a0LAVIA<\/strong>, arriva alla\u00a0<strong>META<\/strong>!<\/p>\n","protected":false},"featured_media":6875,"comment_status":"open","ping_status":"closed","template":"","meta":[],"product_brand":[],"product_cat":[31],"product_tag":[276,710],"class_list":{"0":"post-6828","1":"product","2":"type-product","3":"status-publish","4":"has-post-thumbnail","6":"product_cat-escursionismo","7":"product_tag-friuli-venezia-giulia","8":"product_tag-udine","10":"first","11":"instock","12":"downloadable","13":"virtual","14":"product-type-simple"},"_links":{"self":[{"href":"https:\/\/lavia.cc\/gpx\/wp-json\/wp\/v2\/product\/6828","targetHints":{"allow":["GET"]}}],"collection":[{"href":"https:\/\/lavia.cc\/gpx\/wp-json\/wp\/v2\/product"}],"about":[{"href":"https:\/\/lavia.cc\/gpx\/wp-json\/wp\/v2\/types\/product"}],"replies":[{"embeddable":true,"href":"https:\/\/lavia.cc\/gpx\/wp-json\/wp\/v2\/comments?post=6828"}],"version-history":[{"count":4,"href":"https:\/\/lavia.cc\/gpx\/wp-json\/wp\/v2\/product\/6828\/revisions"}],"predecessor-version":[{"id":6876,"href":"https:\/\/lavia.cc\/gpx\/wp-json\/wp\/v2\/product\/6828\/revisions\/6876"}],"wp:featuredmedia":[{"embeddable":true,"href":"https:\/\/lavia.cc\/gpx\/wp-json\/wp\/v2\/media\/6875"}],"wp:attachment":[{"href":"https:\/\/lavia.cc\/gpx\/wp-json\/wp\/v2\/media?parent=6828"}],"wp:term":[{"taxonomy":"product_brand","embeddable":true,"href":"https:\/\/lavia.cc\/gpx\/wp-json\/wp\/v2\/product_brand?post=6828"},{"taxonomy":"product_cat","embeddable":true,"href":"https:\/\/lavia.cc\/gpx\/wp-json\/wp\/v2\/product_cat?post=6828"},{"taxonomy":"product_tag","embeddable":true,"href":"https:\/\/lavia.cc\/gpx\/wp-json\/wp\/v2\/product_tag?post=6828"}],"curies":[{"name":"wp","href":"https:\/\/api.w.org\/{rel}","templated":true}]}}