{"id":7090,"date":"2023-08-28T20:29:26","date_gmt":"2023-08-28T18:29:26","guid":{"rendered":"https:\/\/lavia.cc\/gpx\/?post_type=product&#038;p=7090"},"modified":"2023-08-28T20:29:27","modified_gmt":"2023-08-28T18:29:27","slug":"escursione-da-principina-a-bocca-dombrone","status":"publish","type":"product","link":"https:\/\/lavia.cc\/gpx\/tracce\/escursione-da-principina-a-bocca-dombrone\/","title":{"rendered":"Escursione lungo spiaggia da Principina a Bocca d&#8217;Ombrone"},"content":{"rendered":"<h5>Escursione lungo spiaggia da Principina a Bocca d&#8217;Ombrone (GR)<\/h5>\n<p>\u27a1\ufe0f Clicca qui per raggiungere il punto di partenza: <a href=\"https:\/\/www.google.it\/maps\/place\/Parcheggio+Principina+Oasi\/@42.6904417,10.998205,15z\/data=!4m2!3m1!1s0x0:0x319464b18fecd6a7?sa=X&amp;ved=2ahUKEwj5pYvI-v-AAxVF_7sIHT2YAakQ_BJ6BAhGEAA&amp;ved=2ahUKEwj5pYvI-v-AAxVF_7sIHT2YAakQ_BJ6BAhTEAg\" target=\"_blank\" rel=\"noopener\">GOOGLE MAPS<\/a> (Parcheggio Principina OASI)<\/p>\n<p>\ud83d\udd5c Periodo consigliato: tutto l\u2019anno<\/p>\n<p>\ud83d\uddfa\ufe0f Mappa e altimetria dell&#8217;<a href=\"https:\/\/lavia.cc\/gpx\/categoria-tracce\/escursionismo\/\" target=\"_blank\" rel=\"noopener\">escursione<\/a> lungo spiaggia da Principina a Bocca d&#8217;Ombrone:<\/p>\n\r\n\t\t<div id=\"wpgpxmaps_7090_1952072\" class=\"wpgpxmaps\">\r\n\t\t\t<div id=\"map_7090_1952072_cont\" style=\"width:100%; height:450px;position:relative\" >\r\n\t\t\t\t<div id=\"map_7090_1952072\" style=\"width:100%; height:450px\"><\/div>\r\n\t\t\t\t<div id=\"wpgpxmaps_7090_1952072_osm_footer\" class=\"wpgpxmaps_osm_footer\" style=\"display:none;\"><span> &copy; <a href=\"http:\/\/www.openstreetmap.org\/copyright\" target=\"_blank\" rel=\"noopener\">OpenStreetMap<\/a> contributors<\/span><\/div>\r\n\t\t\t<\/div>\r\n\t\t\t<canvas id=\"myChart_7090_1952072\" class=\"plot\" style=\"width:100%; height:200px\"><\/canvas>\r\n\t\t\t<div id=\"ngimages_7090_1952072\" class=\"ngimages\" style=\"display:none\"><\/div>\r\n\t\t\t<div id=\"report_7090_1952072\" class=\"report\"><\/div>\r\n\t\t<\/div>\r\n\t\t\r\n\t\t<script type=\"text\/javascript\">\r\n\r\n\t\t\tjQuery(document).ready(function() {\r\n\r\n\t\t\t\tjQuery( \"#wpgpxmaps_7090_1952072\" ).wpgpxmaps( {\r\n\t\t\t\t\ttargetId           : \"7090_1952072\",\r\n\t\t\t\t\tmapType            : \"HYBRID\",\r\n\t\t\t\t\tmapData            : [[42.6899420,10.9983810],[42.6897880,10.9983530],[42.6897140,10.9982790],[42.6894680,10.9978810],[42.6892572,10.9974502],[42.6890463,10.9970194],[42.6889162,10.9970891],[42.6885663,10.9972876],[42.6882163,10.9974861],[42.6879837,10.9976149],[42.6877510,10.9977436],[42.6870452,10.9980977],[42.6863393,10.9984517],[42.6860357,10.9985858],[42.6857321,10.9987199],[42.6856374,10.9987977],[42.6855428,10.9988755],[42.6852490,10.9990391],[42.6849552,10.9992027],[42.6847847,10.9992725],[42.6846141,10.9993422],[42.6844081,10.9994066],[42.6842021,10.9994709],[42.6833282,10.9999190],[42.6824543,11.0003671],[42.6816960,11.0007879],[42.6809999,11.0011768],[42.6805267,11.0015845],[42.6800535,11.0019922],[42.6792726,11.0025823],[42.6784918,11.0031724],[42.6776308,11.0036649],[42.6767699,11.0041573],[42.6761097,11.0045350],[42.6757784,11.0047013],[42.6754471,11.0048676],[42.6750527,11.0050982],[42.6746583,11.0053289],[42.6741495,11.0055810],[42.6736408,11.0058331],[42.6734475,11.0059780],[42.6732542,11.0061228],[42.6731128,11.0061615],[42.6729713,11.0062001],[42.6728667,11.0062285],[42.6727621,11.0062570],[42.6726785,11.0063575],[42.6726366,11.0063423],[42.6725544,11.0062702],[42.6724219,11.0062797],[42.6723131,11.0060977],[42.6721627,11.0061121],[42.6720513,11.0061523],[42.6719556,11.0061818],[42.6718600,11.0062113],[42.6717298,11.0063347],[42.6716529,11.0064876],[42.6715484,11.0065386],[42.6714439,11.0065895],[42.6712743,11.0066700],[42.6711816,11.0067102],[42.6710889,11.0067505],[42.6704608,11.0072124],[42.6698839,11.0076529],[42.6695604,11.0078463],[42.6692368,11.0080398],[42.6688882,11.0082522],[42.6685396,11.0084646],[42.6681686,11.0086657],[42.6677977,11.0088667],[42.6670809,11.0093712],[42.6663640,11.0098757],[42.6660265,11.0100881],[42.6656891,11.0103005],[42.6651256,11.0107026],[42.6645622,11.0111047],[42.6644562,11.0112071],[42.6643502,11.0113095],[42.6641299,11.0114916],[42.6639095,11.0116737],[42.6636138,11.0121061],[42.6633182,11.0125385],[42.6632289,11.0130392],[42.6631396,11.0135399],[42.6631229,11.0139724],[42.6631062,11.0144048],[42.6631731,11.0146476],[42.6632401,11.0148903],[42.6634130,11.0151103],[42.6635859,11.0153303],[42.6638091,11.0153986],[42.6640322,11.0154669],[42.6642498,11.0155807],[42.6644674,11.0156945],[42.6645733,11.0154441],[42.6646793,11.0151938],[42.6643893,11.0149586],[42.6640992,11.0147234],[42.6638928,11.0147386],[42.6636864,11.0147538],[42.6635971,11.0148448],[42.6634911,11.0148676],[42.6633851,11.0148903],[42.6633126,11.0147158],[42.6632401,11.0145414],[42.6632811,11.0135454],[42.6633222,11.0125494],[42.6636500,11.0121030],[42.6639778,11.0116566],[42.6640622,11.0115542],[42.6641466,11.0114518],[42.6642735,11.0113427],[42.6644004,11.0112337],[42.6644778,11.0111578],[42.6645552,11.0110819],[42.6646619,11.0110336],[42.6647686,11.0109852],[42.6650888,11.0107253],[42.6654090,11.0104653],[42.6656200,11.0103567],[42.6658310,11.0102481],[42.6660874,11.0100549],[42.6663438,11.0098618],[42.6665124,11.0097720],[42.6666811,11.0096821],[42.6668510,11.0095361],[42.6670209,11.0093902],[42.6672015,11.0092612],[42.6673821,11.0091322],[42.6675480,11.0090412],[42.6677140,11.0089502],[42.6678005,11.0088923],[42.6678869,11.0088345],[42.6680069,11.0087453],[42.6681268,11.0086562],[42.6686405,11.0083538],[42.6691542,11.0080513],[42.6692617,11.0080272],[42.6693692,11.0080031],[42.6696140,11.0078460],[42.6698588,11.0076889],[42.6701100,11.0074705],[42.6703612,11.0072520],[42.6706831,11.0070105],[42.6710051,11.0067691],[42.6711386,11.0067226],[42.6712721,11.0066761],[42.6713603,11.0066297],[42.6714485,11.0065832],[42.6715448,11.0065344],[42.6716410,11.0064855],[42.6717365,11.0063442],[42.6718615,11.0062191],[42.6719560,11.0061887],[42.6720505,11.0061584],[42.6721970,11.0060948],[42.6722910,11.0061052],[42.6723656,11.0062032],[42.6724275,11.0062940],[42.6724550,11.0063390],[42.6725157,11.0062304],[42.6726576,11.0061944],[42.6728388,11.0061792],[42.6729337,11.0061678],[42.6731860,11.0060882],[42.6734384,11.0060085],[42.6736030,11.0059364],[42.6737825,11.0057814],[42.6738923,11.0056899],[42.6740085,11.0056239],[42.6741140,11.0056015],[42.6742025,11.0055740],[42.6743182,11.0055401],[42.6744399,11.0054640],[42.6745617,11.0053879],[42.6746868,11.0053407],[42.6748120,11.0052935],[42.6749075,11.0053144],[42.6749036,11.0051859],[42.6749747,11.0051280],[42.6751449,11.0050247],[42.6752916,11.0049274],[42.6753927,11.0048772],[42.6755215,11.0048107],[42.6756502,11.0047442],[42.6759095,11.0046396],[42.6761689,11.0045350],[42.6763187,11.0044625],[42.6764686,11.0043901],[42.6766303,11.0042533],[42.6767920,11.0041165],[42.6769044,11.0040508],[42.6770168,11.0039851],[42.6772722,11.0038429],[42.6775275,11.0037008],[42.6776478,11.0036311],[42.6777681,11.0035613],[42.6783582,11.0031884],[42.6789483,11.0028156],[42.6791153,11.0026814],[42.6792823,11.0025472],[42.6796028,11.0023327],[42.6799233,11.0021183],[42.6802467,11.0018179],[42.6805701,11.0015175],[42.6808264,11.0013579],[42.6810828,11.0011983],[42.6814101,11.0010172],[42.6817374,11.0008362],[42.6818685,11.0007893],[42.6819996,11.0007423],[42.6821860,11.0005961],[42.6823723,11.0004500],[42.6825793,11.0003038],[42.6827864,11.0001576],[42.6828932,11.0001068],[42.6830001,11.0000560],[42.6831752,10.9999740],[42.6833503,10.9998921],[42.6834922,10.9997908],[42.6836451,10.9996942],[42.6837570,10.9996577],[42.6838688,10.9996212],[42.6840300,10.9995521],[42.6841303,10.9995125],[42.6842307,10.9994730],[42.6843497,10.9994243],[42.6844687,10.9993757],[42.6845974,10.9993368],[42.6847108,10.9993070],[42.6848192,10.9992490],[42.6849735,10.9992011],[42.6850639,10.9991555],[42.6852178,10.9990722],[42.6853172,10.9990148],[42.6854482,10.9989189],[42.6855620,10.9988435],[42.6856855,10.9987637],[42.6858052,10.9986798],[42.6858977,10.9986186],[42.6859913,10.9985733],[42.6861141,10.9985151],[42.6862072,10.9984772],[42.6863342,10.9984276],[42.6864612,10.9983780],[42.6866424,10.9983147],[42.6868236,10.9982514],[42.6870397,10.9981319],[42.6872558,10.9980124],[42.6873639,10.9979318],[42.6874719,10.9978512],[42.6876141,10.9977796],[42.6877563,10.9977080],[42.6878598,10.9976800],[42.6879633,10.9976521],[42.6881246,10.9975572],[42.6882405,10.9974727],[42.6883563,10.9973882],[42.6886747,10.9972119],[42.6889931,10.9970355],[42.6891021,10.9971208],[42.6893079,10.9975060],[42.6894557,10.9978076],[42.6895108,10.9979470],[42.6895659,10.9980864],[42.6896620,10.9982381],[42.6897590,10.9983910],[42.6898650,10.9983810]],\r\n\t\t\t\t\tgraphDist          : [0.00,0.02,0.03,0.07,0.11,0.16,0.17,0.21,0.26,0.28,0.31,0.39,0.48,0.51,0.55,0.56,0.57,0.61,0.64,0.66,0.68,0.71,0.73,0.83,0.94,1.03,1.11,1.18,1.24,1.34,1.44,1.54,1.64,1.72,1.76,1.80,1.85,1.90,1.96,2.02,2.04,2.07,2.08,2.10,2.11,2.12,2.14,2.15,2.16,2.18,2.20,2.21,2.23,2.24,2.25,2.27,2.28,2.29,2.31,2.33,2.34,2.35,2.43,2.50,2.54,2.58,2.62,2.66,2.71,2.75,2.84,2.93,2.97,3.01,3.09,3.16,3.17,3.19,3.21,3.24,3.29,3.34,3.38,3.42,3.46,3.49,3.52,3.54,3.56,3.59,3.61,3.64,3.67,3.69,3.72,3.74,3.78,3.81,3.84,3.86,3.87,3.88,3.90,3.91,3.93,4.01,4.09,4.14,4.20,4.21,4.22,4.24,4.25,4.26,4.28,4.29,4.30,4.34,4.38,4.41,4.43,4.47,4.50,4.52,4.54,4.56,4.58,4.61,4.63,4.65,4.67,4.68,4.69,4.71,4.72,4.78,4.85,4.86,4.87,4.90,4.93,4.96,5.00,5.04,5.08,5.09,5.11,5.12,5.13,5.14,5.15,5.17,5.18,5.20,5.21,5.22,5.24,5.25,5.26,5.27,5.28,5.30,5.32,5.33,5.36,5.39,5.41,5.43,5.44,5.46,5.47,5.48,5.49,5.51,5.52,5.54,5.55,5.56,5.57,5.58,5.60,5.62,5.63,5.65,5.67,5.70,5.73,5.74,5.76,5.78,5.80,5.82,5.83,5.86,5.89,5.91,5.92,5.99,6.07,6.09,6.11,6.15,6.19,6.23,6.27,6.31,6.34,6.38,6.42,6.43,6.45,6.47,6.49,6.52,6.55,6.56,6.57,6.59,6.61,6.63,6.65,6.66,6.67,6.69,6.70,6.72,6.73,6.74,6.76,6.77,6.78,6.80,6.81,6.83,6.84,6.86,6.87,6.89,6.90,6.92,6.93,6.94,6.95,6.97,6.98,7.00,7.02,7.05,7.07,7.09,7.10,7.12,7.14,7.15,7.16,7.18,7.19,7.21,7.25,7.28,7.30,7.34,7.37,7.38,7.39,7.41,7.43,7.44],\r\n\t\t\t\t\tgraphEle           : [1.00,1.00,1.00,1.70,0.00,0.00,0.00,0.00,0.00,0.00,0.00,0.00,0.00,0.00,0.00,0.00,0.00,0.00,0.00,0.00,0.00,0.00,0.00,0.00,0.00,0.00,0.00,0.00,0.00,0.20,1.40,1.80,1.70,1.80,1.60,1.00,0.60,0.80,2.90,1.10,-0.80,-1.40,-1.20,-0.60,-0.10,0.30,0.60,0.70,0.80,1.00,1.40,1.70,1.70,1.70,1.70,1.20,1.00,1.00,1.00,0.80,0.80,0.70,-1.50,-0.80,-0.60,-0.10,-0.10,-0.30,-0.80,-1.00,-0.10,-0.80,0.00,-0.60,-0.30,0.00,0.00,0.00,0.00,0.00,0.10,-0.50,-0.90,-1.00,-0.80,-0.10,-0.60,-0.80,-0.50,0.50,0.90,0.60,-0.10,-0.80,0.60,1.50,1.60,0.40,0.00,-0.20,-0.30,-0.60,-0.70,-0.90,-0.70,-1.20,-0.50,0.20,0.00,0.00,0.00,0.00,0.00,0.00,0.00,0.00,0.00,-0.20,-0.90,-0.70,-0.20,0.00,-0.70,-0.70,-0.50,-0.10,-0.10,-0.20,-0.60,-1.00,-1.10,-1.10,-1.00,-1.00,-0.90,-0.20,0.00,-0.20,-0.40,-0.50,-0.70,-1.40,-1.70,-0.40,0.70,0.80,0.80,0.90,1.00,1.00,1.00,1.20,1.60,1.70,1.70,1.60,1.50,1.20,1.00,1.00,0.90,0.60,0.00,-0.50,-1.50,-0.80,0.50,2.60,3.20,3.40,3.10,2.80,2.40,1.80,1.10,0.80,0.80,1.30,0.70,0.70,0.40,0.60,0.80,1.10,1.30,1.90,1.90,1.50,1.40,1.80,1.80,1.80,1.80,1.70,1.80,1.60,1.40,1.10,0.60,0.30,0.10,0.00,0.00,0.00,0.00,0.00,0.00,0.00,0.00,0.00,0.00,0.00,0.00,0.00,0.00,0.00,0.00,0.00,0.00,0.00,0.00,0.00,0.00,0.00,0.00,0.00,0.00,0.00,0.00,0.00,0.00,0.00,0.00,0.00,0.00,0.00,0.00,0.00,0.00,0.00,0.00,0.00,0.00,0.00,0.00,0.00,0.00,0.00,0.00,0.00,0.00,0.00,0.00,0.00,0.00,0.00,0.00,0.00,0.00,0.00,0.00,0.00,1.50,2.00,2.40,2.10,1.00,1.00],\r\n\t\t\t\t\tgraphSpeed         : [],\r\n\t\t\t\t\tgraphHr            : [],\r\n\t\t\t\t\tgraphAtemp         : [],\r\n\t\t\t\t\tgraphCad           : [],\r\n\t\t\t\t\tgraphGrade         : [],\r\n\t\t\t\t\twaypoints          : [],\r\n\t\t\t\t\tunit               : \"2\",\r\n\t\t\t\t\tunitspeed          : \"0\",\r\n\t\t\t\t\tcolor1             : [\"#3366cc\"],\r\n\t\t\t\t\tcolor2             : \"#3366cc\",\r\n\t\t\t\t\tcolor3             : \"#ff0000\",\r\n\t\t\t\t\tcolor4             : \"#ff77bd\",\r\n\t\t\t\t\tcolor5             : \"#beecff\",\r\n\t\t\t\t\tcolor6             : \"#beecff\",\r\n\t\t\t\t\tcolor7             : \"#ff77bd\",\r\n\t\t\t\t\tchartFrom1         : \"\",\r\n\t\t\t\t\tchartTo1           : \"\",\r\n\t\t\t\t\tchartFrom2         : \"\",\r\n\t\t\t\t\tchartTo2           : \"\",\r\n\t\t\t\t\tstartIcon          : \"\",\r\n\t\t\t\t\tendIcon            : \"\",\r\n\t\t\t\t\tcurrentIcon        : \"\",\r\n\t\t\t\t\twaypointIcon       : \"https:\/\/lavia.cc\/gpx\/wp-content\/uploads\/gpx\/cropped-icona.ico\",\r\n\t\t\t\t\tcurrentpositioncon : \"\",\r\n\t\t\t\t\tusegpsposition     : \"\",\r\n\t\t\t\t\tzoomOnScrollWheel  : \"\",\r\n\t\t\t\t\tngGalleries        : [],\r\n\t\t\t\t\tngImages           : [],\r\n\t\t\t\t\tpluginUrl          : \"https:\/\/lavia.cc\/gpx\/wp-content\/plugins\",\r\n\t\t\t\t\tTFApiKey           : \"\",\r\n\t\t\t\t\tMapBoxApiKey           : \"\",\r\n\t\t\t\t\tlangs              : {\r\n\t\t\t\t\t\taltitude        : \"Altitudine\",\r\n\t\t\t\t\t\tcurrentPosition : \"Current position\",\r\n\t\t\t\t\t\tspeed           : \"Velocit\u00e0\",\r\n\t\t\t\t\t\tgrade           : \"Grade\",\r\n\t\t\t\t\t\theartRate       : \"Battito Cardiaco\",\r\n\t\t\t\t\t\tatemp           : \"Temperature\",\r\n\t\t\t\t\t\tcadence         : \"Cadenza\",\r\n\t\t\t\t\t\tgoFullScreen    : \"Go full screen\",\r\n\t\t\t\t\t\texitFullFcreen  : \"Exit full screen\",\r\n\t\t\t\t\t\thideImages      : \"Hide images\",\r\n\t\t\t\t\t\tshowImages      : \"Show images\",\r\n\t\t\t\t\t\tbackToCenter\t: \"Ritorna al centro della mappa\"\r\n\t\t\t\t\t}\r\n\t\t\t\t});\r\n\r\n\t\t\t});\r\n\r\n\t\t<\/script>\n<p>\ud83d\udfe2 Scarica la <strong>TRACCIA<\/strong> e segui <strong><a href=\"https:\/\/www.instagram.com\/lavia.cc\/\" target=\"_blank\" rel=\"noopener\">LAVIA<\/a><\/strong>!<\/p>\n","protected":false},"excerpt":{"rendered":"<p><strong>\ud83d\udccd TRACCIA CARICATA DA: <a href=\"https:\/\/www.instagram.com\/maremmagreenpassion\/\" target=\"_blank\" rel=\"noopener\">@maremmagreenpassion<\/a><\/strong><\/p>\n<p>Questa volta esploriamo un posto veramente spettacolare, la Bocca D&#8217;Ombrone! Arriviamo fino alla foce del Fiume Ombrone camminando lungo la spiaggia di Principina a Mare con partenza dove inizia il Parco della Maremma. Lasciamo la macchina al parcheggio dietro il Bagno Lido Oasi per dirigerci a sud verso la Baia dell&#8217;Ombrone. Vi consiglio di portare un repellente per insetti e\/o degli abiti per coprirvi, delle scarpe da battaglia e un cappello per il sole. Il percorso \u00e8 di circa 8 km (4 A + 4 R) con un tratto da affrontare dentro il mare a causa dell&#8217;erosione della costa. Arrivati al &#8220;Casino di Caccia&#8221; potrete scorgere le zone umide del Padule della Trappola e da qui inizier\u00e0 un vera e propria avventura wild ai confini della realt\u00e0. Il paesaggio incredibile della distesa di tronchi trasportati dal fiume e depositati sulla costa dal mare vi far\u00e0 sembrare di essere in un film di fantascienza e lo sguardo verr\u00e0 rapito dai meravigliosi orizzonti dei monti dell&#8217;Uccellina verso terra e dell&#8217;Isola del Giglio verso il mare. Verrete letteralmente catturati dall&#8217;originale contesto paesaggistico rimanendo a &#8220;bocca&#8221; aperta di fronte allo spettacolo della natura!<\/p>\n<p><strong>\ud83c\udf89 W LA MAREMMA WILD!<\/strong><\/p>\n<p>\ud83d\udfe2 Segui\u00a0<strong>LAVIA,<\/strong>\u00a0arriva alla\u00a0<strong>META<\/strong>!<\/p>\n","protected":false},"featured_media":7092,"comment_status":"open","ping_status":"closed","template":"","meta":[],"product_brand":[],"product_cat":[31],"product_tag":[880,1092,126],"class_list":{"0":"post-7090","1":"product","2":"type-product","3":"status-publish","4":"has-post-thumbnail","6":"product_cat-escursionismo","7":"product_tag-grosseto","8":"product_tag-principina-a-mare","9":"product_tag-toscana","11":"first","12":"instock","13":"downloadable","14":"virtual","15":"product-type-simple"},"_links":{"self":[{"href":"https:\/\/lavia.cc\/gpx\/wp-json\/wp\/v2\/product\/7090","targetHints":{"allow":["GET"]}}],"collection":[{"href":"https:\/\/lavia.cc\/gpx\/wp-json\/wp\/v2\/product"}],"about":[{"href":"https:\/\/lavia.cc\/gpx\/wp-json\/wp\/v2\/types\/product"}],"replies":[{"embeddable":true,"href":"https:\/\/lavia.cc\/gpx\/wp-json\/wp\/v2\/comments?post=7090"}],"version-history":[{"count":5,"href":"https:\/\/lavia.cc\/gpx\/wp-json\/wp\/v2\/product\/7090\/revisions"}],"predecessor-version":[{"id":7099,"href":"https:\/\/lavia.cc\/gpx\/wp-json\/wp\/v2\/product\/7090\/revisions\/7099"}],"wp:featuredmedia":[{"embeddable":true,"href":"https:\/\/lavia.cc\/gpx\/wp-json\/wp\/v2\/media\/7092"}],"wp:attachment":[{"href":"https:\/\/lavia.cc\/gpx\/wp-json\/wp\/v2\/media?parent=7090"}],"wp:term":[{"taxonomy":"product_brand","embeddable":true,"href":"https:\/\/lavia.cc\/gpx\/wp-json\/wp\/v2\/product_brand?post=7090"},{"taxonomy":"product_cat","embeddable":true,"href":"https:\/\/lavia.cc\/gpx\/wp-json\/wp\/v2\/product_cat?post=7090"},{"taxonomy":"product_tag","embeddable":true,"href":"https:\/\/lavia.cc\/gpx\/wp-json\/wp\/v2\/product_tag?post=7090"}],"curies":[{"name":"wp","href":"https:\/\/api.w.org\/{rel}","templated":true}]}}