{"id":7243,"date":"2023-09-12T08:35:18","date_gmt":"2023-09-12T06:35:18","guid":{"rendered":"https:\/\/lavia.cc\/gpx\/?post_type=product&#038;p=7243"},"modified":"2024-07-29T20:35:45","modified_gmt":"2024-07-29T18:35:45","slug":"dogtrekking-cascate-di-monte-gelato","status":"publish","type":"product","link":"https:\/\/lavia.cc\/gpx\/tracce\/dogtrekking-cascate-di-monte-gelato\/","title":{"rendered":"Dogtrekking Mazzano Romano &#8211; Cascate di Monte Gelato"},"content":{"rendered":"<h5>Dogtrekking Mazzano Romano &#8211; Cascate di Monte Gelato<\/h5>\n<p>\u27a1\ufe0f Clicca qui per raggiungere il punto di partenza:\u00a0<a href=\"https:\/\/www.google.it\/maps\/place\/Parcheggio+l%E2%80%99Ortaccio\/@42.2035357,12.4012756,17.75z\/data=!4m6!3m5!1s0x132f3f245b964963:0x3ada49149e39e288!8m2!3d42.2024802!4d12.401308!16s%2Fg%2F11tfgfpd6c?entry=ttu\" target=\"_blank\" rel=\"noopener\">GOOGLE MAPS<\/a> (Mazzano Romano, Parcheggio l&#8217;Ortaccio).<\/p>\n<p><img decoding=\"async\" class=\"an1\" src=\"https:\/\/fonts.gstatic.com\/s\/e\/notoemoji\/15.0\/26a0_fe0f\/32.png\" alt=\"\u26a0\ufe0f\" width=\"24\" height=\"24\" data-emoji=\"\u26a0\ufe0f\" aria-label=\"\u26a0\ufe0f\" \/> Indicazioni sulla sicurezza:<br \/>\n&#8211; La variante verso la Fonte di Virgilio (CAI 004) alla data della visita (settembre 2023) non era molto praticabile; in alcuni punti c&#8217;erano segni di cedimento e il sentiero non era pulito.<br \/>\n&#8211; La fauna selvatica \u00e8 abbondante, per questo \u00e8 fondamentale rispettare il luogo naturale in cui ci si trova.<br \/>\n&#8211; L&#8217;ultimo breve tratto, prima di arrivare alle Cascate, \u00e8 totalmente esposto al Sole. Attenzione in estate, specialmente con il cane!<br \/>\n&#8211; Acqua potabile presente solo all&#8217;inizio\/fine del percorso, nel borgo di Mazzano, o al bar vicino alle Cascate.<br \/>\n&#8211; Nei giorni festivi e prefestivi la zona solitamente \u00e8 molto affollata.<br \/>\n&#8211; Il percorso non \u00e8 accessibile con sedie a rotelle, passeggini e\/o carrellini.<\/p>\n<p>Inoltre, il Parco Regionale Valle del Treja impone 3 semplici regole:<br \/>\n&#8211; L&#8217;accesso \u00e8 consentito solo tra le 7 e le 20;<br \/>\n&#8211; La balneazione \u00e8 vietata;<br \/>\n&#8211; Non \u00e8 consentito il bivacco o qualsiasi altra attivit\u00e0 ludico-ricreativa diversa dalla visita naturalistica.<\/p>\n<p>Mappa e altimetria dell&#8217;<a href=\"https:\/\/lavia.cc\/gpx\/categoria-tracce\/escursionismo\/\" target=\"_blank\" rel=\"noopener\">escursione<\/a> alle <strong>Cascate di Monte Gelato<\/strong>:<\/p>\n\r\n\t\t<div id=\"wpgpxmaps_7243_1717468\" class=\"wpgpxmaps\">\r\n\t\t\t<div id=\"map_7243_1717468_cont\" style=\"width:100%; height:450px;position:relative\" >\r\n\t\t\t\t<div id=\"map_7243_1717468\" style=\"width:100%; height:450px\"><\/div>\r\n\t\t\t\t<div id=\"wpgpxmaps_7243_1717468_osm_footer\" class=\"wpgpxmaps_osm_footer\" style=\"display:none;\"><span> &copy; <a href=\"http:\/\/www.openstreetmap.org\/copyright\" target=\"_blank\" rel=\"noopener\">OpenStreetMap<\/a> contributors<\/span><\/div>\r\n\t\t\t<\/div>\r\n\t\t\t<canvas id=\"myChart_7243_1717468\" class=\"plot\" style=\"width:100%; height:200px\"><\/canvas>\r\n\t\t\t<div id=\"ngimages_7243_1717468\" class=\"ngimages\" style=\"display:none\"><\/div>\r\n\t\t\t<div id=\"report_7243_1717468\" class=\"report\"><\/div>\r\n\t\t<\/div>\r\n\t\t\r\n\t\t<script type=\"text\/javascript\">\r\n\r\n\t\t\tjQuery(document).ready(function() {\r\n\r\n\t\t\t\tjQuery( \"#wpgpxmaps_7243_1717468\" ).wpgpxmaps( {\r\n\t\t\t\t\ttargetId           : \"7243_1717468\",\r\n\t\t\t\t\tmapType            : \"HYBRID\",\r\n\t\t\t\t\tmapData            : [[42.2022940,12.4016870],[42.2022030,12.4016120],[42.2020650,12.4016340],[42.2019300,12.4016700],[42.2018210,12.4015740],[42.2016470,12.4015230],[42.2015630,12.4014780],[42.2014480,12.4012780],[42.2013120,12.4010220],[42.2010630,12.4001920],[42.2009890,12.4000360],[42.2007420,12.3998210],[42.2006780,12.3996480],[42.2006460,12.3994390],[42.2005640,12.3991430],[42.2003220,12.3988350],[42.2001030,12.3987180],[42.1999570,12.3985580],[42.1997740,12.3984530],[42.1997290,12.3983230],[42.1996280,12.3982860],[42.1994550,12.3980460],[42.1990260,12.3974670],[42.1989800,12.3973070],[42.1988800,12.3971590],[42.1987430,12.3967950],[42.1987020,12.3965920],[42.1985420,12.3963080],[42.1984000,12.3961170],[42.1982770,12.3958090],[42.1982310,12.3955940],[42.1983230,12.3943430],[42.1981770,12.3939730],[42.1979160,12.3939050],[42.1977930,12.3937820],[42.1974830,12.3936950],[42.1973640,12.3936220],[42.1970170,12.3933380],[42.1967930,12.3932460],[42.1965830,12.3931040],[42.1963510,12.3928330],[42.1963510,12.3925740],[42.1962960,12.3923340],[42.1961090,12.3919330],[42.1959990,12.3919390],[42.1959030,12.3918900],[42.1957710,12.3915510],[42.1956060,12.3912860],[42.1955150,12.3912120],[42.1954510,12.3910270],[42.1953100,12.3908300],[42.1951860,12.3900040],[42.1951640,12.3897270],[42.1949220,12.3894130],[42.1949130,12.3892710],[42.1948030,12.3889820],[42.1945150,12.3884700],[42.1944240,12.3884090],[42.1943050,12.3883780],[42.1937890,12.3880390],[42.1935840,12.3878290],[42.1935250,12.3877120],[42.1935200,12.3876260],[42.1928260,12.3873730],[42.1924200,12.3872560],[42.1923510,12.3871760],[42.1921640,12.3871330],[42.1919950,12.3871390],[42.1918350,12.3870340],[42.1916990,12.3869050],[42.1916120,12.3867820],[42.1914660,12.3867450],[42.1913420,12.3866090],[42.1911280,12.3861350],[42.1910270,12.3861100],[42.1909180,12.3859930],[42.1905710,12.3857530],[42.1901650,12.3852840],[42.1899960,12.3850500],[42.1899590,12.3846190],[42.1899130,12.3843600],[42.1900410,12.3834670],[42.1899090,12.3830120],[42.1898350,12.3828670],[42.1897450,12.3824480],[42.1897350,12.3823260],[42.1896500,12.3820720],[42.1892920,12.3815870],[42.1890410,12.3813040],[42.1889360,12.3810140],[42.1888400,12.3809150],[42.1887310,12.3805770],[42.1884980,12.3804040],[42.1882970,12.3803850],[42.1882150,12.3802620],[42.1878180,12.3802750],[42.1877170,12.3803110],[42.1876170,12.3805520],[42.1874840,12.3806260],[42.1873700,12.3805950],[42.1872700,12.3806070],[42.1871240,12.3804160],[42.1868220,12.3802310],[42.1866120,12.3801140],[42.1864340,12.3798550],[42.1861600,12.3795910],[42.1857630,12.3794490],[42.1854430,12.3796150],[42.1853340,12.3795910],[42.1851970,12.3797080],[42.1850010,12.3797010],[42.1846170,12.3797690],[42.1842880,12.3797200],[42.1842020,12.3794920],[42.1840420,12.3795350],[42.1839820,12.3793690],[42.1840420,12.3786230],[42.1840420,12.3776450],[42.1837070,12.3776930],[42.1834900,12.3786630],[42.1835100,12.3788030],[42.1835620,12.3786060],[42.1836060,12.3786180],[42.1835660,12.3788500],[42.1835260,12.3789930],[42.1836250,12.3791220],[42.1836320,12.3792640],[42.1836820,12.3793580],[42.1836530,12.3793390],[42.1836450,12.3792150],[42.1835150,12.3790640],[42.1835460,12.3789320],[42.1836060,12.3786180],[42.1835620,12.3786060],[42.1834900,12.3786630],[42.1836660,12.3777050],[42.1839720,12.3777100],[42.1840420,12.3786230],[42.1839820,12.3793690],[42.1840420,12.3795350],[42.1842020,12.3794920],[42.1842880,12.3797200],[42.1846170,12.3797690],[42.1850010,12.3797010],[42.1851970,12.3797080],[42.1853340,12.3795910],[42.1854430,12.3796150],[42.1856810,12.3794490],[42.1861600,12.3795910],[42.1864340,12.3798550],[42.1866120,12.3801140],[42.1868220,12.3802310],[42.1871240,12.3803300],[42.1871920,12.3805770],[42.1873700,12.3805950],[42.1874840,12.3806260],[42.1876170,12.3805520],[42.1877170,12.3803110],[42.1878180,12.3802750],[42.1882150,12.3802620],[42.1882970,12.3803850],[42.1884980,12.3804040],[42.1887310,12.3805770],[42.1888400,12.3809150],[42.1889360,12.3810140],[42.1890410,12.3813040],[42.1892920,12.3815870],[42.1896500,12.3820720],[42.1896850,12.3822340],[42.1897450,12.3824480],[42.1903050,12.3807740],[42.1906630,12.3803450],[42.1910680,12.3802270],[42.1914500,12.3799370],[42.1917460,12.3796500],[42.1914500,12.3799370],[42.1910680,12.3802270],[42.1906630,12.3803450],[42.1903050,12.3807740],[42.1897450,12.3824480],[42.1898350,12.3828670],[42.1899090,12.3830120],[42.1900410,12.3834670],[42.1899130,12.3843600],[42.1899860,12.3845260],[42.1899960,12.3850500],[42.1901650,12.3852840],[42.1905710,12.3857530],[42.1909180,12.3859930],[42.1910270,12.3861100],[42.1911280,12.3861350],[42.1913420,12.3866090],[42.1914660,12.3867450],[42.1916120,12.3867820],[42.1916990,12.3869050],[42.1918350,12.3870340],[42.1919950,12.3871390],[42.1921640,12.3871330],[42.1923510,12.3871760],[42.1924200,12.3872560],[42.1928260,12.3873730],[42.1935200,12.3876260],[42.1935250,12.3877120],[42.1935840,12.3878290],[42.1937890,12.3880390],[42.1943050,12.3883780],[42.1944240,12.3884090],[42.1945150,12.3884700],[42.1948030,12.3889820],[42.1949130,12.3892710],[42.1949220,12.3894130],[42.1951640,12.3897270],[42.1951860,12.3900040],[42.1953100,12.3908300],[42.1954510,12.3910270],[42.1955150,12.3912120],[42.1956060,12.3912860],[42.1957710,12.3915510],[42.1959030,12.3918900],[42.1959990,12.3919390],[42.1961090,12.3919330],[42.1962960,12.3923340],[42.1963510,12.3925740],[42.1963510,12.3928330],[42.1965830,12.3931040],[42.1967930,12.3932460],[42.1970170,12.3933380],[42.1973640,12.3936220],[42.1974830,12.3936950],[42.1977930,12.3937820],[42.1979160,12.3939050],[42.1981770,12.3939730],[42.1983230,12.3943430],[42.1982310,12.3955940],[42.1982770,12.3958090],[42.1984000,12.3961170],[42.1985420,12.3963080],[42.1987020,12.3965920],[42.1987430,12.3967950],[42.1988800,12.3971590],[42.1989800,12.3973070],[42.1990260,12.3974670],[42.1994360,12.3979470],[42.1996280,12.3982860],[42.1997290,12.3983230],[42.1997740,12.3984530],[42.1999570,12.3985580],[42.2001030,12.3987180],[42.2003220,12.3988350],[42.2005640,12.3991430],[42.2006460,12.3994390],[42.2006780,12.3996480],[42.2007420,12.3998210],[42.2009890,12.4000360],[42.2010630,12.4001920],[42.2013120,12.4010220],[42.2014480,12.4012780],[42.2015020,12.4014070],[42.2016470,12.4015230],[42.2018210,12.4015740],[42.2018670,12.4016800],[42.2020650,12.4016340],[42.2022030,12.4016120],[42.2022940,12.4016870]],\r\n\t\t\t\t\tgraphDist          : [0.00,0.02,0.03,0.05,0.06,0.08,0.09,0.12,0.14,0.22,0.23,0.26,0.28,0.30,0.32,0.36,0.39,0.41,0.43,0.44,0.45,0.48,0.55,0.56,0.58,0.61,0.63,0.66,0.68,0.71,0.73,0.83,0.87,0.90,0.91,0.95,0.96,1.01,1.04,1.06,1.10,1.12,1.14,1.18,1.19,1.20,1.23,1.26,1.27,1.29,1.31,1.38,1.40,1.44,1.45,1.48,1.53,1.54,1.56,1.62,1.65,1.66,1.67,1.75,1.80,1.81,1.83,1.85,1.87,1.89,1.90,1.92,1.93,1.98,1.99,2.01,2.05,2.11,2.14,2.17,2.20,2.27,2.31,2.33,2.36,2.37,2.40,2.45,2.49,2.51,2.53,2.56,2.59,2.61,2.62,2.67,2.68,2.70,2.72,2.73,2.74,2.77,2.81,2.83,2.86,2.90,2.95,2.99,3.00,3.02,3.04,3.08,3.12,3.14,3.16,3.17,3.23,3.31,3.35,3.44,3.45,3.47,3.48,3.50,3.52,3.54,3.55,3.56,3.57,3.58,3.60,3.62,3.64,3.66,3.67,3.76,3.79,3.88,3.94,3.96,3.98,4.00,4.03,4.08,4.10,4.12,4.13,4.16,4.21,4.25,4.28,4.30,4.34,4.36,4.38,4.39,4.41,4.43,4.45,4.49,4.50,4.53,4.55,4.59,4.60,4.63,4.66,4.72,4.73,4.75,4.90,4.96,5.00,5.05,5.09,5.14,5.19,5.24,5.29,5.44,5.48,5.49,5.53,5.61,5.62,5.67,5.69,5.75,5.80,5.81,5.82,5.87,5.89,5.90,5.92,5.93,5.95,5.97,5.99,6.00,6.05,6.13,6.14,6.15,6.18,6.25,6.26,6.27,6.32,6.35,6.36,6.40,6.42,6.49,6.51,6.53,6.54,6.57,6.60,6.61,6.63,6.67,6.69,6.71,6.74,6.77,6.79,6.84,6.85,6.89,6.91,6.93,6.97,7.07,7.09,7.12,7.14,7.17,7.19,7.22,7.24,7.25,7.31,7.35,7.36,7.37,7.40,7.42,7.44,7.48,7.51,7.52,7.54,7.57,7.59,7.66,7.69,7.70,7.72,7.74,7.75,7.77,7.79,7.80],\r\n\t\t\t\t\tgraphEle           : [144.17,144.17,144.17,144.17,144.17,144.17,144.17,143.78,143.13,141.30,140.92,140.10,139.71,139.27,139.87,140.99,141.78,142.41,143.08,143.44,143.79,144.62,147.45,148.09,148.84,150.37,151.16,152.50,153.51,154.50,154.78,156.37,156.90,157.35,157.09,156.32,156.00,155.00,154.43,153.85,153.10,152.95,152.89,152.79,152.76,152.73,152.65,152.58,152.55,152.51,152.60,153.38,153.64,154.06,154.19,154.49,155.77,156.14,156.58,158.65,159.59,159.96,160.30,163.09,164.76,165.13,165.89,166.57,167.29,167.96,168.46,168.60,168.74,169.11,169.20,169.32,169.67,170.02,169.88,169.69,169.56,169.16,168.91,168.79,168.50,168.41,168.22,167.76,167.46,167.49,167.60,167.85,168.09,168.27,168.38,168.74,168.84,169.04,169.26,169.43,169.59,169.92,170.49,170.83,171.23,171.73,171.81,171.88,171.90,171.94,171.98,172.05,172.22,172.37,172.51,172.62,173.08,173.57,173.54,173.47,173.46,173.45,173.44,173.43,173.43,173.45,173.46,173.46,173.47,173.48,173.49,173.50,173.52,173.53,173.54,173.40,173.31,173.07,172.80,172.72,172.62,172.51,172.32,172.10,171.99,171.88,171.80,171.61,171.27,171.04,170.85,170.65,170.17,169.85,169.57,169.39,169.16,168.84,168.68,168.05,167.90,167.83,167.75,167.66,167.62,167.54,167.44,167.55,167.72,167.96,169.82,170.48,171.05,171.65,172.15,171.76,171.18,170.63,169.99,169.24,169.08,169.02,169.15,169.56,169.64,169.88,170.03,169.66,169.33,169.21,169.12,168.77,168.63,168.43,167.93,167.26,166.55,165.88,165.12,164.76,163.10,160.33,159.98,159.60,158.66,156.56,156.12,155.75,154.51,154.21,154.07,153.65,153.38,152.59,152.53,152.56,152.59,152.65,152.72,152.75,152.77,152.86,152.90,153.11,153.86,154.44,155.02,156.03,156.35,157.13,157.30,156.86,156.35,154.83,154.55,153.49,152.48,151.14,150.35,148.82,148.07,147.43,144.90,143.79,143.44,143.08,142.40,141.76,140.96,139.83,139.37,139.79,140.17,140.96,141.33,143.10,143.73,144.02,144.03,144.03,144.03,144.03,144.03,144.03],\r\n\t\t\t\t\tgraphSpeed         : [],\r\n\t\t\t\t\tgraphHr            : [],\r\n\t\t\t\t\tgraphAtemp         : [],\r\n\t\t\t\t\tgraphCad           : [],\r\n\t\t\t\t\tgraphGrade         : [],\r\n\t\t\t\t\twaypoints          : [],\r\n\t\t\t\t\tunit               : \"2\",\r\n\t\t\t\t\tunitspeed          : \"0\",\r\n\t\t\t\t\tcolor1             : [\"#3366cc\"],\r\n\t\t\t\t\tcolor2             : \"#3366cc\",\r\n\t\t\t\t\tcolor3             : \"#ff0000\",\r\n\t\t\t\t\tcolor4             : \"#ff77bd\",\r\n\t\t\t\t\tcolor5             : \"#beecff\",\r\n\t\t\t\t\tcolor6             : \"#beecff\",\r\n\t\t\t\t\tcolor7             : \"#ff77bd\",\r\n\t\t\t\t\tchartFrom1         : \"\",\r\n\t\t\t\t\tchartTo1           : \"\",\r\n\t\t\t\t\tchartFrom2         : \"\",\r\n\t\t\t\t\tchartTo2           : \"\",\r\n\t\t\t\t\tstartIcon          : \"\",\r\n\t\t\t\t\tendIcon            : \"\",\r\n\t\t\t\t\tcurrentIcon        : \"\",\r\n\t\t\t\t\twaypointIcon       : \"https:\/\/lavia.cc\/gpx\/wp-content\/uploads\/gpx\/cropped-icona.ico\",\r\n\t\t\t\t\tcurrentpositioncon : \"\",\r\n\t\t\t\t\tusegpsposition     : \"\",\r\n\t\t\t\t\tzoomOnScrollWheel  : \"\",\r\n\t\t\t\t\tngGalleries        : [],\r\n\t\t\t\t\tngImages           : [],\r\n\t\t\t\t\tpluginUrl          : \"https:\/\/lavia.cc\/gpx\/wp-content\/plugins\",\r\n\t\t\t\t\tTFApiKey           : \"\",\r\n\t\t\t\t\tMapBoxApiKey           : \"\",\r\n\t\t\t\t\tlangs              : {\r\n\t\t\t\t\t\taltitude        : \"Altitudine\",\r\n\t\t\t\t\t\tcurrentPosition : \"Current position\",\r\n\t\t\t\t\t\tspeed           : \"Velocit\u00e0\",\r\n\t\t\t\t\t\tgrade           : \"Grade\",\r\n\t\t\t\t\t\theartRate       : \"Battito Cardiaco\",\r\n\t\t\t\t\t\tatemp           : \"Temperature\",\r\n\t\t\t\t\t\tcadence         : \"Cadenza\",\r\n\t\t\t\t\t\tgoFullScreen    : \"Go full screen\",\r\n\t\t\t\t\t\texitFullFcreen  : \"Exit full screen\",\r\n\t\t\t\t\t\thideImages      : \"Hide images\",\r\n\t\t\t\t\t\tshowImages      : \"Show images\",\r\n\t\t\t\t\t\tbackToCenter\t: \"Ritorna al centro della mappa\"\r\n\t\t\t\t\t}\r\n\t\t\t\t});\r\n\r\n\t\t\t});\r\n\r\n\t\t<\/script>\n<p>\ud83d\udfe2 Segui\u00a0<strong>LAVIA,<\/strong>\u00a0arriva alla\u00a0<strong>META<\/strong>!<\/p>\n","protected":false},"excerpt":{"rendered":"<p><strong>\ud83d\udccd TRACCIA CARICATA DA:\u00a0<a href=\"https:\/\/www.instagram.com\/cubadogtrekking\/\" target=\"_blank\" rel=\"noopener\">@cubadogtrekking<\/a><\/strong><\/p>\n<p>Le Cascate di Monte Gelato sono tra le pi\u00f9 famose e suggestive del Lazio! Poste nel Parco Regionale Valle del Treja, lungo il fiume omonimo, creano uno dei quadri naturali pi\u00f9 belli della regione &#8211; tanto da essere state scelte come set per pi\u00f9 di 100 spot e film! L&#8217;inizio del percorso \u00e8 Mazzano Romano. La storia del borgo ebbe inizio con i primi insediamenti dei Falisci, ma si svilupp\u00f2 grandiosamente nel Medioevo: ancora oggi, l\u2019antico abitato conserva immutato l\u2019impianto urbanistico di quest&#8217;epoca, con una struttura elicoidale fatta di vicoli che seguono le pieghe della rupe. La prima tappa sono le Cascate di Monte Gelato. L\u2019origine di questa meraviglia naturale \u00e8 da ricondurre alla presenza in questo luogo di strati sovrapposti di rocce vulcaniche di diverso tipo. Nel corso dei millenni, l\u2019incessante scorrere delle acque del fiume Treja ha scavato di poco le pietre pi\u00f9 dure, ma profondamente quelle pi\u00f9 morbide, determinando il salto che forma le cascate di Monte Gelato. Nel tempo, tuttavia, alla natura si \u00e8 unito l\u2019intervento dell\u2019uomo &#8211; che ha sfruttato il luogo sia per utilizzare l\u2019energia delle acque, sia per cavarne blocchi di pietra da usare per le costruzioni. Il risultato \u00e8 ci\u00f2 che si vede oggi: il corso del fiume si suddivide in diversi rami, che si intrecciano con salti e cascatelle a circondare la cascata principale. L\u2019insieme \u00e8 straordinario! Sono numerose, inoltre, le testimonianze storiche: dai resti di una villa romana del I secolo a.C., all\u2019insediamento agricolo del secolo VIII d.C. &#8211; passando per il mulino ad acqua, tutt&#8217;oggi visibile, realizzato nell\u2019800 e rimasto attivo sino agli anni \u201960 del secolo scorso. Infine, sulla traccia \u00e8 indicata una seconda tappa a met\u00e0 strada: \u00e8 la Fonte di Virgilio, che pu\u00f2 essere eventualmente esplorata deviando appena dal sentiero principale.<\/p>\n<p>\ud83d\udfe2 Segui\u00a0<strong>LAVIA,<\/strong>\u00a0arriva alla\u00a0<strong>META<\/strong>!<\/p>\n","protected":false},"featured_media":7246,"comment_status":"open","ping_status":"closed","template":"","meta":[],"product_brand":[],"product_cat":[31,720],"product_tag":[81,1104,134],"class_list":{"0":"post-7243","1":"product","2":"type-product","3":"status-publish","4":"has-post-thumbnail","6":"product_cat-escursionismo","7":"product_cat-dog-walking","8":"product_tag-lazio","9":"product_tag-mazzano-romano","10":"product_tag-roma","12":"first","13":"instock","14":"downloadable","15":"virtual","16":"product-type-simple"},"_links":{"self":[{"href":"https:\/\/lavia.cc\/gpx\/wp-json\/wp\/v2\/product\/7243","targetHints":{"allow":["GET"]}}],"collection":[{"href":"https:\/\/lavia.cc\/gpx\/wp-json\/wp\/v2\/product"}],"about":[{"href":"https:\/\/lavia.cc\/gpx\/wp-json\/wp\/v2\/types\/product"}],"replies":[{"embeddable":true,"href":"https:\/\/lavia.cc\/gpx\/wp-json\/wp\/v2\/comments?post=7243"}],"version-history":[{"count":4,"href":"https:\/\/lavia.cc\/gpx\/wp-json\/wp\/v2\/product\/7243\/revisions"}],"predecessor-version":[{"id":7250,"href":"https:\/\/lavia.cc\/gpx\/wp-json\/wp\/v2\/product\/7243\/revisions\/7250"}],"wp:featuredmedia":[{"embeddable":true,"href":"https:\/\/lavia.cc\/gpx\/wp-json\/wp\/v2\/media\/7246"}],"wp:attachment":[{"href":"https:\/\/lavia.cc\/gpx\/wp-json\/wp\/v2\/media?parent=7243"}],"wp:term":[{"taxonomy":"product_brand","embeddable":true,"href":"https:\/\/lavia.cc\/gpx\/wp-json\/wp\/v2\/product_brand?post=7243"},{"taxonomy":"product_cat","embeddable":true,"href":"https:\/\/lavia.cc\/gpx\/wp-json\/wp\/v2\/product_cat?post=7243"},{"taxonomy":"product_tag","embeddable":true,"href":"https:\/\/lavia.cc\/gpx\/wp-json\/wp\/v2\/product_tag?post=7243"}],"curies":[{"name":"wp","href":"https:\/\/api.w.org\/{rel}","templated":true}]}}