{"id":7275,"date":"2023-09-18T13:54:15","date_gmt":"2023-09-18T11:54:15","guid":{"rendered":"https:\/\/lavia.cc\/gpx\/?post_type=product&#038;p=7275"},"modified":"2024-07-24T21:34:22","modified_gmt":"2024-07-24T19:34:22","slug":"la-via-dei-prati-iemali-paesaggi-di-marcita","status":"publish","type":"product","link":"https:\/\/lavia.cc\/gpx\/tracce\/la-via-dei-prati-iemali-paesaggi-di-marcita\/","title":{"rendered":"La Via dei prati iemali &#8211; paesaggi di marcita"},"content":{"rendered":"<h5>La Via dei prati iemali &#8211; paesaggi di marcita<\/h5>\n<p>\u27a1\ufe0f Clicca qui per raggiungere il punto di partenza: <a href=\"https:\/\/www.google.it\/maps\/place\/Il+Risutin\/@45.4300275,8.8696859,15z\/data=!4m2!3m1!1s0x0:0x4ce51f97b62e139f?sa=X&amp;ved=2ahUKEwi3goTzh7SBAxVQiqQKHbmpBBQQ_BJ6BAhFEAA&amp;ved=2ahUKEwi3goTzh7SBAxVQiqQKHbmpBBQQ_BJ6BAhiEAg\" target=\"_blank\" rel=\"noopener\">GOOGLE MAPS<\/a> (Osteria Il Risutin, Casterno, Milano)<\/p>\n<p>\ud83d\udd5c Periodo consigliato: tutto l\u2019anno<\/p>\n<p>\ud83d\uddfa\ufe0f Mappa e altimetria dell&#8217;itinerario <a href=\"https:\/\/lavia.cc\/gpx\/categoria-tracce\/gravel\/\" target=\"_blank\" rel=\"noopener\">gravel<\/a> &#8220;<strong>La<\/strong>\u00a0<strong>Via dei prati iemali&#8221;<\/strong>:<\/p>\n\r\n\t\t<div id=\"wpgpxmaps_7275_1815485\" class=\"wpgpxmaps\">\r\n\t\t\t<div id=\"map_7275_1815485_cont\" style=\"width:100%; height:450px;position:relative\" >\r\n\t\t\t\t<div id=\"map_7275_1815485\" style=\"width:100%; height:450px\"><\/div>\r\n\t\t\t\t<div id=\"wpgpxmaps_7275_1815485_osm_footer\" class=\"wpgpxmaps_osm_footer\" style=\"display:none;\"><span> &copy; <a href=\"http:\/\/www.openstreetmap.org\/copyright\" target=\"_blank\" rel=\"noopener\">OpenStreetMap<\/a> contributors<\/span><\/div>\r\n\t\t\t<\/div>\r\n\t\t\t<canvas id=\"myChart_7275_1815485\" class=\"plot\" style=\"width:100%; height:200px\"><\/canvas>\r\n\t\t\t<div id=\"ngimages_7275_1815485\" class=\"ngimages\" style=\"display:none\"><\/div>\r\n\t\t\t<div id=\"report_7275_1815485\" class=\"report\"><\/div>\r\n\t\t<\/div>\r\n\t\t\r\n\t\t<script type=\"text\/javascript\">\r\n\r\n\t\t\tjQuery(document).ready(function() {\r\n\r\n\t\t\t\tjQuery( \"#wpgpxmaps_7275_1815485\" ).wpgpxmaps( {\r\n\t\t\t\t\ttargetId           : \"7275_1815485\",\r\n\t\t\t\t\tmapType            : \"HYBRID\",\r\n\t\t\t\t\tmapData            : [[45.4297270,8.8703010],[45.4296830,8.8701590],[45.4294540,8.8701140],[45.4285640,8.8700900],[45.4283150,8.8700580],[45.4280870,8.8700290],[45.4276700,8.8699710],[45.4271620,8.8698850],[45.4265290,8.8697140],[45.4261520,8.8695920],[45.4258040,8.8694710],[45.4254770,8.8692830],[45.4252480,8.8690850],[45.4249820,8.8687560],[45.4246440,8.8682620],[45.4245740,8.8679990],[45.4245620,8.8676940],[45.4245420,8.8669470],[45.4245090,8.8666260],[45.4243420,8.8653830],[45.4237180,8.8647970],[45.4230760,8.8642070],[45.4227300,8.8639830],[45.4225000,8.8638850],[45.4221580,8.8637920],[45.4213850,8.8637030],[45.4212550,8.8636530],[45.4211260,8.8635160],[45.4207400,8.8629190],[45.4204010,8.8624850],[45.4202840,8.8623690],[45.4200320,8.8622110],[45.4187170,8.8615430],[45.4177800,8.8611750],[45.4168800,8.8607490],[45.4162270,8.8604820],[45.4147600,8.8602830],[45.4145660,8.8601700],[45.4129760,8.8589580],[45.4127010,8.8585180],[45.4124300,8.8579580],[45.4124030,8.8578150],[45.4119440,8.8581660],[45.4117970,8.8583650],[45.4114110,8.8596620],[45.4113950,8.8599180],[45.4114260,8.8600430],[45.4115290,8.8602760],[45.4117950,8.8606250],[45.4118560,8.8608370],[45.4118620,8.8610160],[45.4118360,8.8615100],[45.4117960,8.8616990],[45.4113930,8.8622740],[45.4105400,8.8631260],[45.4103550,8.8632570],[45.4075970,8.8650770],[45.4068340,8.8654850],[45.4060720,8.8658920],[45.4059760,8.8659890],[45.4057350,8.8666270],[45.4055840,8.8668630],[45.4050510,8.8676210],[45.4042130,8.8674770],[45.4033750,8.8673330],[45.4028840,8.8672820],[45.4026650,8.8671910],[45.4025060,8.8670510],[45.4021840,8.8675080],[45.4009550,8.8692490],[45.4008270,8.8694610],[45.4007030,8.8696970],[45.4002620,8.8707810],[45.3992240,8.8725050],[45.3991470,8.8726930],[45.3992530,8.8730040],[45.3993050,8.8737810],[45.3993140,8.8739530],[45.3993580,8.8743080],[45.3994300,8.8747980],[45.3994200,8.8750340],[45.3992210,8.8759860],[45.3992010,8.8763630],[45.3991980,8.8772930],[45.3992170,8.8775380],[45.3993740,8.8780690],[45.3994510,8.8785690],[45.3995800,8.8806920],[45.3996160,8.8810320],[45.3996680,8.8813550],[45.3997450,8.8815850],[45.3998770,8.8817970],[45.3996830,8.8818220],[45.3989400,8.8817860],[45.3974970,8.8817170],[45.3973840,8.8816740],[45.3972270,8.8815260],[45.3969050,8.8803840],[45.3964700,8.8789150],[45.3964070,8.8787370],[45.3965900,8.8785840],[45.3965610,8.8782910],[45.3964880,8.8781170],[45.3964130,8.8779950],[45.3963000,8.8778820],[45.3961860,8.8779540],[45.3960920,8.8780940],[45.3959980,8.8779090],[45.3959010,8.8778050],[45.3957240,8.8778140],[45.3951680,8.8783290],[45.3950630,8.8784000],[45.3949510,8.8783230],[45.3946520,8.8777050],[45.3945750,8.8775910],[45.3940220,8.8781360],[45.3939310,8.8782260],[45.3938480,8.8783590],[45.3937650,8.8785440],[45.3935500,8.8794000],[45.3934950,8.8795090],[45.3921990,8.8803030],[45.3910440,8.8813060],[45.3911350,8.8815490],[45.3935400,8.8867170],[45.3946620,8.8890630],[45.3949740,8.8896600],[45.3957500,8.8909440],[45.3955950,8.8911320],[45.3952730,8.8923170],[45.3951280,8.8929290],[45.3950670,8.8933480],[45.3947750,8.8935190],[45.3941530,8.8938260],[45.3940440,8.8939400],[45.3930380,8.8946890],[45.3928460,8.8948030],[45.3927060,8.8948240],[45.3922130,8.8948080],[45.3917220,8.8947130],[45.3914340,8.8943720],[45.3913310,8.8941050],[45.3912760,8.8938730],[45.3911730,8.8932090],[45.3910980,8.8924920],[45.3909940,8.8920050],[45.3908890,8.8916340],[45.3907690,8.8913570],[45.3903030,8.8905390],[45.3900730,8.8900420],[45.3900160,8.8897660],[45.3899800,8.8889770],[45.3899410,8.8887760],[45.3894270,8.8878020],[45.3893300,8.8874780],[45.3891400,8.8865440],[45.3890460,8.8862400],[45.3889250,8.8860490],[45.3886570,8.8858220],[45.3885830,8.8857260],[45.3885030,8.8855910],[45.3883090,8.8851170],[45.3881690,8.8847110],[45.3880640,8.8842930],[45.3879890,8.8836160],[45.3878870,8.8833610],[45.3871640,8.8818700],[45.3869920,8.8817250],[45.3863890,8.8815760],[45.3862450,8.8814980],[45.3857080,8.8807090],[45.3854880,8.8803430],[45.3848160,8.8787660],[45.3847250,8.8786330],[45.3844420,8.8783270],[45.3841080,8.8778120],[45.3838330,8.8772490],[45.3835610,8.8764780],[45.3834720,8.8765450],[45.3835610,8.8764780],[45.3834350,8.8760690],[45.3833500,8.8756870],[45.3832540,8.8749470],[45.3831930,8.8746490],[45.3826930,8.8730310],[45.3826450,8.8727640],[45.3826500,8.8724430],[45.3827370,8.8713950],[45.3827590,8.8708040],[45.3827310,8.8700160],[45.3827420,8.8696590],[45.3828690,8.8690680],[45.3828110,8.8687390],[45.3821760,8.8666790],[45.3819190,8.8666840],[45.3815120,8.8668790],[45.3813870,8.8669390],[45.3803960,8.8665100],[45.3802920,8.8664940],[45.3796940,8.8668150],[45.3795050,8.8668650],[45.3793790,8.8668560],[45.3785960,8.8666100],[45.3783170,8.8666030],[45.3782130,8.8667160],[45.3780790,8.8671510],[45.3778090,8.8681690],[45.3776990,8.8685850],[45.3771810,8.8707990],[45.3763870,8.8719640],[45.3760600,8.8727080],[45.3759260,8.8731620],[45.3758240,8.8733840],[45.3748400,8.8744230],[45.3744600,8.8748950],[45.3744030,8.8750000],[45.3743750,8.8751290],[45.3743410,8.8754890],[45.3741220,8.8755990],[45.3741670,8.8783530],[45.3741590,8.8784840],[45.3740650,8.8786490],[45.3728180,8.8792180],[45.3717580,8.8777480],[45.3710360,8.8766420],[45.3698870,8.8750120],[45.3696350,8.8746420],[45.3694160,8.8744590],[45.3693190,8.8743780],[45.3692230,8.8744440],[45.3689550,8.8746270],[45.3688910,8.8747440],[45.3687990,8.8750860],[45.3679840,8.8760860],[45.3676640,8.8763330],[45.3669570,8.8768800],[45.3668160,8.8770990],[45.3667220,8.8772000],[45.3657450,8.8779500],[45.3655080,8.8779740],[45.3649070,8.8783530],[45.3648240,8.8784570],[45.3644010,8.8792260],[45.3643150,8.8793170],[45.3642040,8.8793040],[45.3631060,8.8781080],[45.3629300,8.8780260],[45.3626760,8.8780250],[45.3625530,8.8781120],[45.3619860,8.8792140],[45.3617670,8.8794620],[45.3614630,8.8797020],[45.3613800,8.8797680],[45.3611310,8.8799070],[45.3607770,8.8799650],[45.3607550,8.8800930],[45.3607730,8.8809510],[45.3606270,8.8812320],[45.3602350,8.8813020],[45.3597540,8.8813180],[45.3595710,8.8813240],[45.3594800,8.8813790],[45.3592210,8.8824710],[45.3590230,8.8829630],[45.3587860,8.8832850],[45.3581350,8.8837660],[45.3580390,8.8837980],[45.3575550,8.8836860],[45.3579600,8.8838080],[45.3581350,8.8837660],[45.3587860,8.8832850],[45.3590230,8.8829630],[45.3592210,8.8824710],[45.3594510,8.8814340],[45.3595230,8.8812980],[45.3602350,8.8813020],[45.3605890,8.8812860],[45.3607450,8.8810610],[45.3607550,8.8800930],[45.3607770,8.8799650],[45.3611310,8.8799070],[45.3613800,8.8797680],[45.3617670,8.8794620],[45.3619860,8.8792140],[45.3625530,8.8781120],[45.3626760,8.8780250],[45.3629300,8.8780260],[45.3631060,8.8781080],[45.3642040,8.8793040],[45.3643150,8.8793170],[45.3644010,8.8792260],[45.3648240,8.8784570],[45.3649070,8.8783530],[45.3655080,8.8779740],[45.3657450,8.8779500],[45.3667220,8.8772000],[45.3668160,8.8770990],[45.3669570,8.8768800],[45.3676640,8.8763330],[45.3679840,8.8760860],[45.3687980,8.8750900],[45.3679840,8.8760860],[45.3676640,8.8763330],[45.3669570,8.8768800],[45.3668160,8.8770990],[45.3667220,8.8772000],[45.3657450,8.8779500],[45.3655080,8.8779740],[45.3649070,8.8783530],[45.3648240,8.8784570],[45.3644010,8.8792260],[45.3643150,8.8793170],[45.3642040,8.8793040],[45.3631060,8.8781080],[45.3629300,8.8780260],[45.3626760,8.8780250],[45.3625530,8.8781120],[45.3619860,8.8792140],[45.3617670,8.8794620],[45.3614630,8.8797020],[45.3613800,8.8797680],[45.3611310,8.8799070],[45.3607770,8.8799650],[45.3607550,8.8800930],[45.3607730,8.8809510],[45.3606270,8.8812320],[45.3602350,8.8813020],[45.3595710,8.8813240],[45.3594800,8.8813790],[45.3592210,8.8824710],[45.3590230,8.8829630],[45.3587860,8.8832850],[45.3581350,8.8837660],[45.3580390,8.8837980],[45.3574630,8.8836580],[45.3572810,8.8836300],[45.3571900,8.8837220],[45.3569620,8.8841580],[45.3568840,8.8844640],[45.3569200,8.8854660],[45.3568990,8.8858260],[45.3568240,8.8862200],[45.3566490,8.8866010],[45.3565120,8.8867540],[45.3558070,8.8870920],[45.3554470,8.8873600],[45.3553280,8.8877120],[45.3552510,8.8883410],[45.3553080,8.8886430],[45.3554850,8.8890770],[45.3558590,8.8897450],[45.3569630,8.8912350],[45.3573920,8.8919230],[45.3576780,8.8917570],[45.3577900,8.8918170],[45.3582680,8.8927220],[45.3587790,8.8942570],[45.3592680,8.8958600],[45.3593460,8.8960030],[45.3598610,8.8964660],[45.3602670,8.8967580],[45.3602290,8.8969020],[45.3594780,8.8995320],[45.3593280,8.8998780],[45.3590200,8.9002820],[45.3583240,8.9013130],[45.3582020,8.9013870],[45.3576620,8.9013620],[45.3575300,8.9014760],[45.3574480,8.9017220],[45.3573890,8.9018290],[45.3573590,8.9022140],[45.3570020,8.9037660],[45.3570350,8.9042670],[45.3571450,8.9050470],[45.3572370,8.9058050],[45.3572670,8.9064670],[45.3573200,8.9075250],[45.3573490,8.9077420],[45.3574610,8.9082070],[45.3574670,8.9084710],[45.3574590,8.9087170],[45.3572880,8.9086860],[45.3571650,8.9089710],[45.3571550,8.9091370],[45.3571760,8.9094590],[45.3571300,8.9098610],[45.3572830,8.9099730],[45.3572500,8.9101190],[45.3571300,8.9101640],[45.3569990,8.9108080],[45.3569040,8.9124440],[45.3570010,8.9125970],[45.3569690,8.9127850],[45.3567990,8.9133370],[45.3567820,8.9135870],[45.3571480,8.9158750],[45.3574740,8.9177170],[45.3575150,8.9179320],[45.3577710,8.9187290],[45.3581200,8.9191920],[45.3589380,8.9200030],[45.3598710,8.9208680],[45.3601660,8.9210930],[45.3604200,8.9212160],[45.3616980,8.9217620],[45.3623330,8.9219940],[45.3640970,8.9225770],[45.3643140,8.9225470],[45.3645930,8.9223890],[45.3647200,8.9223870],[45.3648640,8.9225150],[45.3654070,8.9219730],[45.3655990,8.9219020],[45.3658520,8.9216710],[45.3659550,8.9216910],[45.3660830,8.9218190],[45.3661480,8.9220020]],\r\n\t\t\t\t\tgraphDist          : [0.00,0.01,0.04,0.14,0.17,0.19,0.24,0.30,0.37,0.41,0.45,0.49,0.52,0.56,0.61,0.63,0.66,0.72,0.74,0.84,0.92,1.01,1.05,1.08,1.12,1.20,1.22,1.24,1.30,1.35,1.37,1.40,1.55,1.66,1.77,1.84,2.00,2.03,2.23,2.27,2.33,2.34,2.40,2.42,2.53,2.55,2.56,2.58,2.62,2.64,2.65,2.69,2.71,2.77,2.89,2.91,3.25,3.34,3.43,3.44,3.50,3.52,3.61,3.70,3.79,3.85,3.87,3.90,3.95,4.14,4.16,4.18,4.28,4.46,4.48,4.50,4.56,4.58,4.61,4.64,4.66,4.74,4.77,4.84,4.86,4.91,4.95,5.11,5.14,5.17,5.19,5.21,5.23,5.31,5.47,5.49,5.51,5.60,5.73,5.74,5.77,5.79,5.81,5.82,5.83,5.85,5.86,5.88,5.89,5.92,5.99,6.00,6.02,6.07,6.09,6.16,6.17,6.19,6.21,6.28,6.29,6.44,6.59,6.62,7.10,7.32,7.38,7.51,7.53,7.63,7.68,7.72,7.75,7.83,7.84,7.97,7.99,8.01,8.06,8.12,8.16,8.18,8.20,8.25,8.31,8.35,8.38,8.41,8.49,8.53,8.56,8.62,8.64,8.73,8.76,8.83,8.86,8.88,8.91,8.93,8.94,8.98,9.02,9.05,9.11,9.13,9.27,9.29,9.36,9.38,9.46,9.50,9.65,9.66,9.70,9.75,9.81,9.87,9.89,9.90,9.93,9.96,10.02,10.05,10.18,10.21,10.23,10.31,10.36,10.42,10.45,10.50,10.52,10.70,10.73,10.78,10.79,10.91,10.92,10.99,11.01,11.02,11.11,11.14,11.16,11.20,11.28,11.32,11.50,11.62,11.69,11.73,11.75,11.89,11.94,11.96,11.97,11.99,12.02,12.24,12.25,12.26,12.41,12.57,12.69,12.87,12.91,12.94,12.95,12.96,13.00,13.01,13.04,13.16,13.20,13.29,13.31,13.32,13.45,13.47,13.55,13.56,13.63,13.65,13.66,13.81,13.83,13.86,13.88,13.98,14.01,14.05,14.06,14.09,14.13,14.14,14.21,14.24,14.28,14.34,14.36,14.37,14.46,14.51,14.54,14.62,14.63,14.69,14.74,14.76,14.84,14.87,14.92,15.00,15.02,15.10,15.13,15.16,15.24,15.25,15.29,15.32,15.36,15.40,15.50,15.52,15.55,15.57,15.72,15.73,15.74,15.82,15.83,15.91,15.93,16.06,16.07,16.09,16.18,16.22,16.34,16.46,16.50,16.59,16.61,16.63,16.75,16.78,16.85,16.86,16.94,16.95,16.96,17.12,17.14,17.17,17.18,17.29,17.32,17.36,17.37,17.40,17.44,17.45,17.51,17.54,17.59,17.66,17.68,17.77,17.81,17.85,17.93,17.94,18.00,18.02,18.04,18.08,18.11,18.18,18.21,18.24,18.28,18.30,18.38,18.43,18.46,18.51,18.53,18.57,18.64,18.81,18.88,18.91,18.93,19.02,19.15,19.29,19.30,19.37,19.42,19.43,19.65,19.68,19.73,19.84,19.86,19.92,19.93,19.95,19.97,20.00,20.12,20.16,20.22,20.28,20.34,20.42,20.44,20.48,20.50,20.52,20.53,20.56,20.57,20.60,20.63,20.65,20.66,20.68,20.73,20.86,20.88,20.89,20.94,20.96,21.14,21.29,21.31,21.38,21.43,21.54,21.66,21.70,21.73,21.88,21.95,22.15,22.18,22.21,22.23,22.25,22.32,22.34,22.37,22.39,22.40,22.42],\r\n\t\t\t\t\tgraphEle           : [121.63,121.63,121.63,120.93,120.41,119.94,119.08,118.03,115.84,114.48,113.23,111.99,111.27,110.49,109.43,108.99,108.52,107.60,107.49,107.04,106.73,106.63,106.58,106.55,106.52,106.53,106.53,106.53,106.54,106.41,106.37,106.29,105.94,105.77,105.60,105.48,104.88,104.77,104.00,103.85,103.75,103.74,103.69,103.67,103.62,103.63,103.63,103.64,103.66,103.67,103.68,103.70,103.71,103.70,103.68,103.67,103.12,102.97,102.81,102.78,102.68,102.61,102.37,102.10,101.77,101.58,101.49,101.42,101.42,101.42,101.41,101.39,101.33,100.95,100.91,100.86,100.85,100.85,100.84,100.84,100.83,100.95,101.04,101.26,101.32,101.42,101.36,101.09,100.97,100.87,100.78,100.69,100.60,100.30,100.17,100.16,100.17,100.40,100.64,100.65,100.67,100.68,100.69,100.70,100.71,100.72,100.73,100.74,100.75,100.65,100.23,100.15,100.07,99.73,99.66,99.43,99.39,99.36,99.31,99.12,99.09,99.33,100.09,100.24,104.59,105.93,106.39,107.49,107.78,109.04,109.69,109.87,109.86,109.83,109.83,108.62,108.22,107.95,106.99,105.98,105.13,104.64,104.24,103.16,102.06,101.48,101.02,100.65,99.44,99.09,98.96,98.61,98.52,98.14,98.13,98.09,98.07,98.06,97.99,97.94,97.89,97.72,97.58,97.44,97.20,97.00,95.80,95.61,95.43,95.39,95.21,95.14,95.28,95.30,95.34,95.19,95.04,94.86,94.83,94.79,94.79,94.79,94.78,94.78,94.76,94.75,94.74,94.72,94.72,94.71,94.70,94.69,94.67,94.52,94.49,94.44,94.42,94.31,94.32,94.39,94.41,94.43,94.52,94.57,94.60,94.65,94.79,94.76,94.20,93.89,93.72,93.73,93.74,93.82,93.83,93.83,93.83,93.83,93.83,93.66,93.64,93.62,93.36,92.97,92.62,91.65,91.47,91.41,91.38,91.36,91.28,91.26,91.19,91.03,91.01,90.97,90.92,90.88,90.47,90.39,90.36,90.37,90.45,90.46,90.47,91.13,91.24,91.39,91.47,91.00,90.79,90.53,90.45,90.25,89.82,89.71,88.96,88.64,88.13,87.92,87.88,87.86,87.72,87.66,87.69,87.74,87.75,87.79,87.77,87.75,87.69,87.67,87.70,87.88,87.91,88.08,88.52,88.81,89.70,89.82,90.29,90.52,90.80,90.98,91.52,91.44,91.28,91.16,90.42,90.41,90.41,90.38,90.38,90.39,90.47,90.86,90.91,90.98,91.02,91.03,91.05,91.06,91.06,90.90,90.86,90.83,90.56,90.48,90.28,90.24,90.36,90.42,90.48,91.17,91.18,91.21,91.22,91.30,91.04,90.59,90.46,90.11,89.65,89.53,88.84,88.66,88.38,87.91,87.82,87.73,87.75,87.77,87.79,87.79,87.79,87.79,87.79,87.79,87.81,88.03,88.10,88.19,88.28,88.34,88.80,89.05,89.22,89.43,89.40,89.35,89.28,88.79,88.51,88.41,88.38,88.24,88.08,88.02,88.01,87.90,87.82,87.80,87.67,87.66,87.65,87.62,87.62,87.59,87.58,87.56,87.56,87.53,87.47,87.48,87.50,87.52,87.56,87.64,87.65,87.69,87.71,87.66,87.61,87.53,87.50,87.43,87.35,87.30,87.26,87.23,87.31,87.80,87.86,87.92,88.43,88.65,90.82,92.72,92.87,93.30,93.62,93.98,93.88,93.87,93.95,94.31,94.76,96.31,96.53,96.82,96.95,97.11,97.56,97.56,97.56,97.56,97.56,97.56],\r\n\t\t\t\t\tgraphSpeed         : [],\r\n\t\t\t\t\tgraphHr            : [],\r\n\t\t\t\t\tgraphAtemp         : [],\r\n\t\t\t\t\tgraphCad           : [],\r\n\t\t\t\t\tgraphGrade         : [],\r\n\t\t\t\t\twaypoints          : [],\r\n\t\t\t\t\tunit               : \"2\",\r\n\t\t\t\t\tunitspeed          : \"0\",\r\n\t\t\t\t\tcolor1             : [\"#3366cc\"],\r\n\t\t\t\t\tcolor2             : \"#3366cc\",\r\n\t\t\t\t\tcolor3             : \"#ff0000\",\r\n\t\t\t\t\tcolor4             : \"#ff77bd\",\r\n\t\t\t\t\tcolor5             : \"#beecff\",\r\n\t\t\t\t\tcolor6             : \"#beecff\",\r\n\t\t\t\t\tcolor7             : \"#ff77bd\",\r\n\t\t\t\t\tchartFrom1         : \"\",\r\n\t\t\t\t\tchartTo1           : \"\",\r\n\t\t\t\t\tchartFrom2         : \"\",\r\n\t\t\t\t\tchartTo2           : \"\",\r\n\t\t\t\t\tstartIcon          : \"\",\r\n\t\t\t\t\tendIcon            : \"\",\r\n\t\t\t\t\tcurrentIcon        : \"\",\r\n\t\t\t\t\twaypointIcon       : \"https:\/\/lavia.cc\/gpx\/wp-content\/uploads\/gpx\/cropped-icona.ico\",\r\n\t\t\t\t\tcurrentpositioncon : \"\",\r\n\t\t\t\t\tusegpsposition     : \"\",\r\n\t\t\t\t\tzoomOnScrollWheel  : \"\",\r\n\t\t\t\t\tngGalleries        : [],\r\n\t\t\t\t\tngImages           : [],\r\n\t\t\t\t\tpluginUrl          : \"https:\/\/lavia.cc\/gpx\/wp-content\/plugins\",\r\n\t\t\t\t\tTFApiKey           : \"\",\r\n\t\t\t\t\tMapBoxApiKey           : \"\",\r\n\t\t\t\t\tlangs              : {\r\n\t\t\t\t\t\taltitude        : \"Altitudine\",\r\n\t\t\t\t\t\tcurrentPosition : \"Current position\",\r\n\t\t\t\t\t\tspeed           : \"Velocit\u00e0\",\r\n\t\t\t\t\t\tgrade           : \"Grade\",\r\n\t\t\t\t\t\theartRate       : \"Battito Cardiaco\",\r\n\t\t\t\t\t\tatemp           : \"Temperature\",\r\n\t\t\t\t\t\tcadence         : \"Cadenza\",\r\n\t\t\t\t\t\tgoFullScreen    : \"Go full screen\",\r\n\t\t\t\t\t\texitFullFcreen  : \"Exit full screen\",\r\n\t\t\t\t\t\thideImages      : \"Hide images\",\r\n\t\t\t\t\t\tshowImages      : \"Show images\",\r\n\t\t\t\t\t\tbackToCenter\t: \"Ritorna al centro della mappa\"\r\n\t\t\t\t\t}\r\n\t\t\t\t});\r\n\r\n\t\t\t});\r\n\r\n\t\t<\/script>\n<p>\ud83d\udfe2 Scarica la <strong>TRACCIA<\/strong> e segui <strong><a href=\"https:\/\/www.instagram.com\/lavia.cc\/\" target=\"_blank\" rel=\"noopener\">LAVIA<\/a><\/strong>!<\/p>\n","protected":false},"excerpt":{"rendered":"<p>\ud83d\udeb5\ud83c\udffc La Via dei prati iemali \u00e8 un itinerario gravel, in parte sterrato e per brevi tratti asfaltato, che si snoda su strade carrabili nella campagna tra Robecco, Abbiategrasso e Ozzero in Provincia di Milano, parallelamente al corso del fiume Ticino. Sale e scende sui terrazzi fluviali, si avvicina e si allontana dal Grande Fiume. Sfiora le marcite e i prati iemali, segue il naturale percorso delle acque della pianura che digradano da nord-ovest a sud-est. Attraversa un paesaggio vario con alternanza di prati stabili, risaie, campi di mais, prati d\u2019erba medica, soia, orzo e altri cereali vernini. Viene affiancato da filari di salici capitozzati (gabb), ontani e pioppi, da folte siepi arbustive che nascondono teste ed aste di fontanili. \u00c8 costellato dalle cascine, presidi rurali della pianura: custodi e gestori da secoli di questo patrimonio paesaggistico modellato dall\u2019abbondanza di acque superficiali e sotterranee. Si pu\u00f2 percorrere in tutte le stagioni per apprezzare la diversit\u00e0 del paesaggio, ma la sua stagione migliore \u00e8 l\u2019inverno, quando le marcite tornano a verdeggiare sommerse dalle acque iemali e si stagliano sulla bianca coltre di brina o di neve. Sono decine le specie di uccelli censite nelle marcite, di cui alcune, molto rare in Europa: si possono osservare Pavoncelle, Beccaccini, Allodole, Pispole, Frullini, Tottaville e Fanelli.<\/p>\n<p>\ud83d\udfe2\u00a0Segui<strong>\u00a0LAVIA<\/strong>, arriva alla\u00a0<strong>META<\/strong>!<\/p>\n","protected":false},"featured_media":7282,"comment_status":"open","ping_status":"closed","template":"","meta":[],"product_brand":[],"product_cat":[28],"product_tag":[1110,73,675],"class_list":{"0":"post-7275","1":"product","2":"type-product","3":"status-publish","4":"has-post-thumbnail","6":"product_cat-gravel","7":"product_tag-casterno","8":"product_tag-lombardia","9":"product_tag-milano","11":"first","12":"instock","13":"downloadable","14":"virtual","15":"product-type-simple"},"_links":{"self":[{"href":"https:\/\/lavia.cc\/gpx\/wp-json\/wp\/v2\/product\/7275","targetHints":{"allow":["GET"]}}],"collection":[{"href":"https:\/\/lavia.cc\/gpx\/wp-json\/wp\/v2\/product"}],"about":[{"href":"https:\/\/lavia.cc\/gpx\/wp-json\/wp\/v2\/types\/product"}],"replies":[{"embeddable":true,"href":"https:\/\/lavia.cc\/gpx\/wp-json\/wp\/v2\/comments?post=7275"}],"version-history":[{"count":6,"href":"https:\/\/lavia.cc\/gpx\/wp-json\/wp\/v2\/product\/7275\/revisions"}],"predecessor-version":[{"id":10610,"href":"https:\/\/lavia.cc\/gpx\/wp-json\/wp\/v2\/product\/7275\/revisions\/10610"}],"wp:featuredmedia":[{"embeddable":true,"href":"https:\/\/lavia.cc\/gpx\/wp-json\/wp\/v2\/media\/7282"}],"wp:attachment":[{"href":"https:\/\/lavia.cc\/gpx\/wp-json\/wp\/v2\/media?parent=7275"}],"wp:term":[{"taxonomy":"product_brand","embeddable":true,"href":"https:\/\/lavia.cc\/gpx\/wp-json\/wp\/v2\/product_brand?post=7275"},{"taxonomy":"product_cat","embeddable":true,"href":"https:\/\/lavia.cc\/gpx\/wp-json\/wp\/v2\/product_cat?post=7275"},{"taxonomy":"product_tag","embeddable":true,"href":"https:\/\/lavia.cc\/gpx\/wp-json\/wp\/v2\/product_tag?post=7275"}],"curies":[{"name":"wp","href":"https:\/\/api.w.org\/{rel}","templated":true}]}}