{"id":7306,"date":"2023-09-20T17:46:48","date_gmt":"2023-09-20T15:46:48","guid":{"rendered":"https:\/\/lavia.cc\/gpx\/?post_type=product&#038;p=7306"},"modified":"2024-07-29T21:31:31","modified_gmt":"2024-07-29T19:31:31","slug":"monte-berlinghera-da-san-bartolomeo","status":"publish","type":"product","link":"https:\/\/lavia.cc\/gpx\/tracce\/monte-berlinghera-da-san-bartolomeo\/","title":{"rendered":"Monte Berlinghera da San Bartolomeo"},"content":{"rendered":"<h4>Escursione: Monte Berlinghera da San Bartolomeo<\/h4>\n<p>\u27a1\ufe0f Clicca qui per raggiungere il punto di partenza: <a href=\"https:\/\/www.google.com\/maps\/place\/San+Bartolomeo\/@46.1933568,9.3860255,17z\/data=!3m1!4b1!4m6!3m5!1s0x47846babab72e7b7:0xfdd9b0a316ccdf1f!8m2!3d46.1933568!4d9.3860255!16s%2Fg%2F11f6nlqr_s?entry=ttu\" target=\"_blank\" rel=\"noopener\">GOOGLE MAPS<\/a> (Parcheggio).<\/p>\n<p>\u27a1\ufe0f Lungo il percorso che porta alla vetta non ci sono punti ristoro o rifugi. Possibilit\u00e0 di ristoro e alloggio prima di San Bartolomeo: <a href=\"https:\/\/www.agriturismogiacomino.it\/\" target=\"_blank\" rel=\"noopener\">Agriturismo Giacomino<\/a> aperto da\u00a0 \u00a0 \u00a0 \u00a0Marzo a Novembre e la <a href=\"http:\/\/www.baitadalvikingo.it\/\" target=\"_blank\" rel=\"noopener\">Baita dal Vikingo <\/a>\u00a0aperto tutto l&#8217;anno<\/p>\n<p>\u27a1\ufe0f Periodo consigliato: da fine Giugno a Settembre<\/p>\n<p>\ud83d\uddfa\ufe0f Mappa e altimetria dell&#8217;<a href=\"https:\/\/lavia.cc\/gpx\/categoria-tracce\/escursionismo\/\" target=\"_blank\" rel=\"noopener\">escursione<\/a> dell&#8217; escursione al<strong> Monte Berlinghera da San Bartolomeo<\/strong><\/p>\n\r\n\t\t<div id=\"wpgpxmaps_7306_3094050\" class=\"wpgpxmaps\">\r\n\t\t\t<div id=\"map_7306_3094050_cont\" style=\"width:100%; height:450px;position:relative\" >\r\n\t\t\t\t<div id=\"map_7306_3094050\" style=\"width:100%; height:450px\"><\/div>\r\n\t\t\t\t<div id=\"wpgpxmaps_7306_3094050_osm_footer\" class=\"wpgpxmaps_osm_footer\" style=\"display:none;\"><span> &copy; <a href=\"http:\/\/www.openstreetmap.org\/copyright\" target=\"_blank\" rel=\"noopener\">OpenStreetMap<\/a> contributors<\/span><\/div>\r\n\t\t\t<\/div>\r\n\t\t\t<canvas id=\"myChart_7306_3094050\" class=\"plot\" style=\"width:100%; height:200px\"><\/canvas>\r\n\t\t\t<div id=\"ngimages_7306_3094050\" class=\"ngimages\" style=\"display:none\"><\/div>\r\n\t\t\t<div id=\"report_7306_3094050\" class=\"report\"><\/div>\r\n\t\t<\/div>\r\n\t\t\r\n\t\t<script type=\"text\/javascript\">\r\n\r\n\t\t\tjQuery(document).ready(function() {\r\n\r\n\t\t\t\tjQuery( \"#wpgpxmaps_7306_3094050\" ).wpgpxmaps( {\r\n\t\t\t\t\ttargetId           : \"7306_3094050\",\r\n\t\t\t\t\tmapType            : \"HYBRID\",\r\n\t\t\t\t\tmapData            : [[46.1967110,9.3840510],[46.1967540,9.3840190],[46.1968490,9.3839450],[46.1970100,9.3840900],[46.1969180,9.3840060],[46.1967460,9.3838960],[46.1968970,9.3839930],[46.1969460,9.3841160],[46.1968290,9.3842820],[46.1969010,9.3840390],[46.1968740,9.3838910],[46.1969720,9.3837950],[46.1970690,9.3833850],[46.1974780,9.3827700],[46.1975030,9.3824410],[46.1974910,9.3821240],[46.1975620,9.3818660],[46.1977460,9.3814800],[46.1979300,9.3812830],[46.1980670,9.3812660],[46.1982870,9.3816090],[46.1984060,9.3817120],[46.1985230,9.3817010],[46.1986440,9.3816300],[46.1988100,9.3816430],[46.1990240,9.3817720],[46.1993530,9.3818670],[46.1994820,9.3817400],[46.1995740,9.3817370],[46.1997370,9.3818060],[46.1998710,9.3817740],[46.1999950,9.3818180],[46.2002680,9.3820380],[46.2003670,9.3820450],[46.2006040,9.3820640],[46.2013520,9.3822780],[46.2016490,9.3822040],[46.2017540,9.3820560],[46.2018980,9.3820390],[46.2018230,9.3823950],[46.2018300,9.3825410],[46.2019210,9.3826600],[46.2021240,9.3826960],[46.2022580,9.3826240],[46.2027730,9.3825750],[46.2029380,9.3824230],[46.2033340,9.3823560],[46.2036480,9.3823650],[46.2040990,9.3821570],[46.2044650,9.3814040],[46.2047620,9.3809160],[46.2049720,9.3807460],[46.2051620,9.3806550],[46.2058210,9.3804740],[46.2062370,9.3805120],[46.2063660,9.3804310],[46.2064960,9.3801400],[46.2065970,9.3797140],[46.2066690,9.3795990],[46.2072970,9.3795620],[46.2078660,9.3796080],[46.2079740,9.3796540],[46.2085130,9.3798840],[46.2087480,9.3802430],[46.2089140,9.3801710],[46.2091410,9.3802540],[46.2092490,9.3802370],[46.2093300,9.3805750],[46.2092690,9.3817160],[46.2091590,9.3817850],[46.2087900,9.3818780],[46.2086840,9.3818690],[46.2085270,9.3819590],[46.2082140,9.3822260],[46.2081460,9.3823230],[46.2080480,9.3823330],[46.2079560,9.3823230],[46.2078530,9.3823140],[46.2077540,9.3823170],[46.2076460,9.3823210],[46.2075460,9.3822810],[46.2074700,9.3822050],[46.2073730,9.3821610],[46.2072780,9.3821310],[46.2071770,9.3821670],[46.2070900,9.3821430],[46.2069990,9.3821330],[46.2069020,9.3821140],[46.2068140,9.3821430],[46.2067170,9.3821960],[46.2066240,9.3821870],[46.2065280,9.3822180],[46.2064620,9.3823110],[46.2063820,9.3823910],[46.2063200,9.3825050],[46.2063260,9.3825480],[46.2063810,9.3824180],[46.2064620,9.3823400],[46.2065100,9.3822350],[46.2066090,9.3821960],[46.2067080,9.3821700],[46.2068120,9.3821730],[46.2069140,9.3821520],[46.2070150,9.3821550],[46.2069240,9.3820620],[46.2068910,9.3819290],[46.2068550,9.3817950],[46.2069140,9.3818960],[46.2069800,9.3818070],[46.2070720,9.3819290],[46.2077100,9.3819080],[46.2078660,9.3819590],[46.2082230,9.3818840],[46.2086840,9.3818690],[46.2087900,9.3818780],[46.2091590,9.3817850],[46.2092930,9.3818440],[46.2094940,9.3817380],[46.2095620,9.3816430],[46.2097330,9.3814080],[46.2099890,9.3808540],[46.2099780,9.3806830],[46.2100170,9.3805500],[46.2100690,9.3804290],[46.2101290,9.3805390],[46.2101660,9.3806760],[46.2101480,9.3808080],[46.2101610,9.3809630],[46.2101000,9.3810540],[46.2100620,9.3811850],[46.2100240,9.3813080],[46.2099610,9.3814040],[46.2099270,9.3815330],[46.2099130,9.3816770],[46.2098600,9.3817860],[46.2099370,9.3817540],[46.2101290,9.3817650],[46.2104180,9.3814750],[46.2106780,9.3812930],[46.2109230,9.3811750],[46.2112050,9.3811530],[46.2114150,9.3810150],[46.2117120,9.3810580],[46.2120070,9.3811700],[46.2121300,9.3811560],[46.2123970,9.3812680],[46.2124590,9.3823040],[46.2124110,9.3824610],[46.2123800,9.3828340],[46.2123990,9.3830330],[46.2125250,9.3831490],[46.2124980,9.3832980],[46.2123870,9.3833470],[46.2123840,9.3834910],[46.2124260,9.3836130],[46.2124290,9.3837790],[46.2123140,9.3838840],[46.2123320,9.3840540],[46.2122640,9.3841550],[46.2121330,9.3841160],[46.2120120,9.3841940],[46.2119060,9.3841710],[46.2120110,9.3844230],[46.2119060,9.3844860],[46.2118730,9.3850670],[46.2117220,9.3853810],[46.2116890,9.3855820],[46.2115590,9.3857170],[46.2114650,9.3854990],[46.2112630,9.3858520],[46.2112360,9.3859050],[46.2112120,9.3860530],[46.2111910,9.3867430],[46.2110760,9.3871790],[46.2109790,9.3874670],[46.2108670,9.3880780],[46.2107190,9.3885140],[46.2104950,9.3887510],[46.2104140,9.3888230],[46.2100600,9.3891370],[46.2100610,9.3893170],[46.2104930,9.3893390],[46.2104920,9.3895090],[46.2105490,9.3896520],[46.2104920,9.3895090],[46.2104930,9.3893390],[46.2100610,9.3893170],[46.2099550,9.3892760],[46.2097900,9.3890660],[46.2094450,9.3888310],[46.2090070,9.3886460],[46.2088950,9.3885600],[46.2086100,9.3885230],[46.2083510,9.3885270],[46.2082170,9.3885680],[46.2077750,9.3885880],[46.2076100,9.3883620],[46.2074960,9.3884610],[46.2074250,9.3883000],[46.2073170,9.3882960],[46.2072200,9.3883170],[46.2071540,9.3884030],[46.2069660,9.3883910],[46.2068580,9.3884940],[46.2067670,9.3884520],[46.2064620,9.3885430],[46.2064650,9.3881600],[46.2065330,9.3880370],[46.2067360,9.3874970],[46.2068010,9.3874070],[46.2068660,9.3871940],[46.2068730,9.3865030],[46.2069350,9.3861950],[46.2070740,9.3858540],[46.2070800,9.3855780],[46.2070520,9.3853620],[46.2072190,9.3852980],[46.2073640,9.3851440],[46.2074930,9.3849570],[46.2076120,9.3846780],[46.2077030,9.3845900],[46.2079430,9.3845350],[46.2081920,9.3842730],[46.2083030,9.3842440],[46.2084360,9.3843050],[46.2086260,9.3841450],[46.2086700,9.3837430],[46.2086460,9.3836070],[46.2085550,9.3834900],[46.2085590,9.3833360],[46.2084970,9.3828740],[46.2083600,9.3827710],[46.2082230,9.3827070],[46.2080840,9.3827190],[46.2078350,9.3825440],[46.2078900,9.3823170],[46.2080630,9.3823470],[46.2082140,9.3822260],[46.2085270,9.3819590],[46.2086840,9.3818690],[46.2087900,9.3818780],[46.2091590,9.3817850],[46.2092690,9.3817160],[46.2093300,9.3805750],[46.2093150,9.3801660],[46.2091410,9.3802540],[46.2089140,9.3801710],[46.2087480,9.3802430],[46.2085130,9.3798840],[46.2079740,9.3796540],[46.2078660,9.3796080],[46.2072970,9.3795620],[46.2067280,9.3795780],[46.2065970,9.3797140],[46.2064960,9.3801400],[46.2063660,9.3804310],[46.2062370,9.3805120],[46.2058210,9.3804740],[46.2051620,9.3806550],[46.2049720,9.3807460],[46.2047620,9.3809160],[46.2044650,9.3814040],[46.2040990,9.3821570],[46.2036480,9.3823650],[46.2033340,9.3823560],[46.2029380,9.3824230],[46.2027730,9.3825750],[46.2022580,9.3826240],[46.2021240,9.3826960],[46.2019970,9.3827100],[46.2018630,9.3827820],[46.2014170,9.3831300],[46.2011810,9.3834510],[46.2010260,9.3837860],[46.2006410,9.3842880],[46.2003500,9.3844790],[46.2001340,9.3843500],[46.2000900,9.3831810],[46.2000920,9.3825170],[46.2000650,9.3820400],[46.1999950,9.3818180],[46.1998710,9.3817740],[46.1997370,9.3818060],[46.1995740,9.3817370],[46.1994820,9.3817400],[46.1994030,9.3818070],[46.1990240,9.3817720],[46.1988100,9.3816430],[46.1986440,9.3816300],[46.1985230,9.3817010],[46.1984060,9.3817120],[46.1982870,9.3816090],[46.1980670,9.3812660],[46.1979300,9.3812830],[46.1977460,9.3814800],[46.1975620,9.3818660],[46.1974910,9.3821240],[46.1975030,9.3824410],[46.1974780,9.3827700],[46.1968520,9.3845650],[46.1965490,9.3851350],[46.1962630,9.3859500],[46.1961460,9.3857900],[46.1960330,9.3855730],[46.1958270,9.3849540],[46.1957080,9.3847250],[46.1956130,9.3846820],[46.1954590,9.3844760],[46.1953580,9.3844240],[46.1947630,9.3846130],[46.1945210,9.3847460],[46.1943060,9.3849910],[46.1941200,9.3853610],[46.1939150,9.3856880],[46.1937400,9.3858010],[46.1935040,9.3859990]],\r\n\t\t\t\t\tgraphDist          : [0.00,0.01,0.03,0.05,0.06,0.08,0.10,0.11,0.13,0.15,0.16,0.18,0.21,0.28,0.31,0.33,0.35,0.39,0.42,0.43,0.47,0.48,0.50,0.51,0.53,0.56,0.60,0.61,0.62,0.64,0.66,0.67,0.71,0.72,0.75,0.83,0.87,0.89,0.90,0.93,0.94,0.96,0.98,1.00,1.05,1.08,1.12,1.16,1.21,1.28,1.33,1.36,1.38,1.46,1.50,1.52,1.54,1.58,1.59,1.66,1.73,1.74,1.80,1.84,1.86,1.89,1.90,1.94,2.03,2.04,2.08,2.10,2.11,2.15,2.17,2.18,2.19,2.20,2.21,2.22,2.24,2.25,2.26,2.27,2.28,2.29,2.30,2.31,2.32,2.34,2.35,2.36,2.37,2.38,2.39,2.40,2.41,2.42,2.43,2.45,2.46,2.47,2.48,2.49,2.50,2.52,2.53,2.54,2.55,2.57,2.64,2.66,2.70,2.75,2.76,2.80,2.82,2.84,2.85,2.88,2.93,2.94,2.95,2.96,2.98,2.99,3.00,3.01,3.02,3.03,3.04,3.05,3.06,3.07,3.08,3.10,3.12,3.16,3.19,3.22,3.26,3.28,3.32,3.35,3.36,3.40,3.48,3.50,3.53,3.55,3.56,3.57,3.59,3.60,3.61,3.62,3.64,3.65,3.67,3.68,3.70,3.71,3.73,3.75,3.79,3.82,3.84,3.86,3.88,3.92,3.93,3.94,4.00,4.04,4.06,4.12,4.15,4.18,4.20,4.24,4.26,4.31,4.32,4.33,4.35,4.36,4.41,4.42,4.45,4.49,4.54,4.56,4.59,4.62,4.64,4.69,4.72,4.73,4.75,4.76,4.77,4.78,4.81,4.82,4.83,4.87,4.90,4.92,4.97,4.98,4.99,5.05,5.07,5.10,5.13,5.14,5.16,5.18,5.20,5.23,5.24,5.27,5.30,5.32,5.33,5.36,5.39,5.40,5.42,5.43,5.46,5.48,5.50,5.51,5.55,5.57,5.59,5.61,5.65,5.67,5.68,5.72,5.73,5.82,5.86,5.88,5.90,5.92,5.96,6.02,6.04,6.10,6.17,6.18,6.22,6.25,6.26,6.31,6.38,6.41,6.43,6.48,6.55,6.61,6.64,6.69,6.71,6.77,6.78,6.80,6.81,6.87,6.91,6.94,6.99,7.03,7.06,7.15,7.20,7.24,7.26,7.27,7.29,7.31,7.32,7.33,7.37,7.40,7.42,7.43,7.45,7.46,7.50,7.51,7.54,7.58,7.60,7.62,7.65,7.80,7.86,7.93,7.95,7.97,8.02,8.05,8.06,8.08,8.09,8.16,8.19,8.22,8.26,8.29,8.31,8.34],\r\n\t\t\t\t\tgraphEle           : [1266.95,1266.95,1266.95,1266.95,1266.95,1266.95,1267.04,1268.26,1270.29,1272.56,1273.91,1275.89,1279.62,1286.94,1290.30,1295.73,1300.48,1308.50,1314.16,1317.55,1325.55,1328.98,1331.88,1335.21,1339.61,1345.76,1354.66,1358.81,1361.25,1365.75,1369.35,1372.74,1381.02,1383.27,1388.05,1403.40,1409.47,1412.43,1415.33,1419.77,1421.19,1422.90,1425.86,1427.86,1435.08,1437.82,1443.35,1447.34,1453.36,1461.46,1467.32,1470.69,1473.48,1482.85,1488.68,1490.64,1494.25,1498.97,1500.59,1510.11,1518.88,1520.94,1531.19,1537.42,1540.59,1544.86,1546.84,1552.35,1560.64,1561.90,1565.82,1566.93,1568.69,1569.71,1569.75,1569.78,1569.81,1569.84,1569.87,1569.90,1569.94,1569.97,1570.00,1570.03,1570.06,1570.09,1570.12,1570.15,1570.18,1569.90,1569.62,1569.35,1569.10,1568.83,1568.56,1568.29,1568.00,1567.73,1567.48,1567.20,1566.92,1566.64,1566.36,1566.08,1565.77,1565.50,1565.31,1565.46,1565.61,1565.89,1566.91,1567.18,1567.75,1569.34,1569.95,1572.08,1572.88,1574.10,1574.63,1575.98,1578.86,1580.40,1581.69,1582.96,1584.24,1585.56,1586.77,1588.17,1589.41,1590.70,1591.90,1593.10,1594.33,1595.64,1596.88,1598.12,1601.02,1609.24,1616.45,1622.90,1629.95,1635.71,1643.17,1651.72,1655.48,1665.40,1687.33,1690.95,1698.99,1703.32,1708.10,1711.51,1715.22,1718.41,1721.42,1725.10,1729.83,1733.63,1736.75,1741.03,1745.27,1748.69,1755.20,1758.84,1771.71,1780.15,1784.71,1791.17,1796.84,1806.95,1810.35,1813.70,1827.08,1836.26,1842.29,1854.59,1863.73,1865.71,1865.94,1866.94,1867.30,1868.35,1868.63,1868.92,1869.21,1869.49,1858.90,1856.14,1850.62,1840.59,1829.12,1825.93,1816.01,1806.32,1801.20,1784.65,1775.92,1770.94,1765.74,1761.69,1758.02,1755.28,1749.84,1746.21,1743.54,1734.82,1725.62,1722.57,1710.66,1708.14,1704.78,1696.48,1692.63,1687.87,1684.56,1681.92,1678.92,1675.79,1671.28,1665.48,1662.67,1656.45,1648.56,1645.67,1642.10,1636.47,1629.26,1626.76,1623.64,1620.90,1612.54,1608.58,1604.82,1601.24,1594.14,1589.19,1584.72,1581.54,1576.19,1573.70,1572.14,1566.62,1564.86,1552.50,1547.50,1544.13,1540.00,1536.95,1530.92,1521.41,1519.62,1510.56,1501.51,1498.84,1494.17,1490.78,1488.80,1482.92,1473.45,1470.65,1467.50,1461.61,1453.26,1447.16,1443.96,1439.90,1437.91,1432.65,1431.19,1429.90,1428.38,1422.76,1419.16,1416.07,1410.32,1405.73,1402.03,1389.22,1381.94,1374.42,1370.26,1367.10,1363.75,1359.56,1357.29,1355.03,1345.14,1339.42,1335.35,1332.24,1329.44,1326.14,1318.42,1315.14,1309.68,1301.94,1297.36,1292.71,1289.61,1270.74,1263.83,1254.98,1252.72,1250.09,1243.33,1239.94,1238.24,1234.66,1232.83,1222.40,1217.97,1213.30,1213.22,1213.22,1213.22,1213.22],\r\n\t\t\t\t\tgraphSpeed         : [],\r\n\t\t\t\t\tgraphHr            : [],\r\n\t\t\t\t\tgraphAtemp         : [],\r\n\t\t\t\t\tgraphCad           : [],\r\n\t\t\t\t\tgraphGrade         : [],\r\n\t\t\t\t\twaypoints          : [],\r\n\t\t\t\t\tunit               : \"2\",\r\n\t\t\t\t\tunitspeed          : \"0\",\r\n\t\t\t\t\tcolor1             : [\"#3366cc\"],\r\n\t\t\t\t\tcolor2             : \"#3366cc\",\r\n\t\t\t\t\tcolor3             : \"#ff0000\",\r\n\t\t\t\t\tcolor4             : \"#ff77bd\",\r\n\t\t\t\t\tcolor5             : \"#beecff\",\r\n\t\t\t\t\tcolor6             : \"#beecff\",\r\n\t\t\t\t\tcolor7             : \"#ff77bd\",\r\n\t\t\t\t\tchartFrom1         : \"\",\r\n\t\t\t\t\tchartTo1           : \"\",\r\n\t\t\t\t\tchartFrom2         : \"\",\r\n\t\t\t\t\tchartTo2           : \"\",\r\n\t\t\t\t\tstartIcon          : \"\",\r\n\t\t\t\t\tendIcon            : \"\",\r\n\t\t\t\t\tcurrentIcon        : \"\",\r\n\t\t\t\t\twaypointIcon       : \"https:\/\/lavia.cc\/gpx\/wp-content\/uploads\/gpx\/cropped-icona.ico\",\r\n\t\t\t\t\tcurrentpositioncon : \"\",\r\n\t\t\t\t\tusegpsposition     : \"\",\r\n\t\t\t\t\tzoomOnScrollWheel  : \"\",\r\n\t\t\t\t\tngGalleries        : [],\r\n\t\t\t\t\tngImages           : [],\r\n\t\t\t\t\tpluginUrl          : \"https:\/\/lavia.cc\/gpx\/wp-content\/plugins\",\r\n\t\t\t\t\tTFApiKey           : \"\",\r\n\t\t\t\t\tMapBoxApiKey           : \"\",\r\n\t\t\t\t\tlangs              : {\r\n\t\t\t\t\t\taltitude        : \"Altitudine\",\r\n\t\t\t\t\t\tcurrentPosition : \"Current position\",\r\n\t\t\t\t\t\tspeed           : \"Velocit\u00e0\",\r\n\t\t\t\t\t\tgrade           : \"Grade\",\r\n\t\t\t\t\t\theartRate       : \"Battito Cardiaco\",\r\n\t\t\t\t\t\tatemp           : \"Temperature\",\r\n\t\t\t\t\t\tcadence         : \"Cadenza\",\r\n\t\t\t\t\t\tgoFullScreen    : \"Go full screen\",\r\n\t\t\t\t\t\texitFullFcreen  : \"Exit full screen\",\r\n\t\t\t\t\t\thideImages      : \"Hide images\",\r\n\t\t\t\t\t\tshowImages      : \"Show images\",\r\n\t\t\t\t\t\tbackToCenter\t: \"Ritorna al centro della mappa\"\r\n\t\t\t\t\t}\r\n\t\t\t\t});\r\n\r\n\t\t\t});\r\n\r\n\t\t<\/script>\n<p>\ud83d\udfe2 Scarica la traccia e Segui\u00a0<a href=\"https:\/\/www.instagram.com\/lavia.cc\/\" target=\"_blank\" rel=\"noopener\">LAVIA<\/a>!<\/p>\n","protected":false},"excerpt":{"rendered":"<p>Il <strong>Monte Berlinghera<\/strong>, alto 1930 metri si trova a met\u00e0 tra la provincia di Como e quella di Sondrio. Considerato uno dei balconi panoramici pi\u00f9 belli della regione, \u00e8 una vetta delle Alpi Lepontine sulla costa occidentale del <strong>Lago di Como<\/strong> e del Lago di Mezzola. Con una piacevole e non troppo difficile escursione si pu\u00f2 raggiungere la sommit\u00e0, da cui si gode <strong>una vista<\/strong> da togliere letteralmente il fiato. Salire al Monte Berlinghera \u00e8 un\u2019escursione di media difficolt\u00e0 che, con circa <strong>700 metri di dislivello<\/strong> su percorso misto, regala fantastiche viste verso il <strong>Lario<\/strong>, il Lago di Mezzola e la <strong>Val Chiavenna.<\/strong> Il punto di partenza \u00e8 la Chiesetta di San Bartolomeo (1203 m), raggiungibile in auto su strada stretta e asfaltata proveniente da Gera Lario. Si prende il sentiero situato dall\u2019altro lato della strada rispetto alla chiesetta in direzione dell\u2019Alpe di Mezzo, come indicato sul segnavia. Si attraversa un bosco fino ad incrociare la mulattiera che porta all\u2019Alpe di Pescedo e a seguire all\u2019<strong>Alpe di Mezzo<\/strong> (1540 m). Una volta usciti dal bosco, la vista si apre sull\u2019Alpe con le sue bellissime baite che guardano il Lario.<br \/>\nDa qui si lascia la mulattiera per il sentiero che sale deciso in direzione dei piloni della luce fino a raggiungere la<strong> Bocchetta di Chiaro<\/strong> (1670 m).<br \/>\nLa pendenza in questo tratto si fa pi\u00f9 elevata ma lo sforzo \u00e8 ripagato dalla bellezza del bosco di aghifoglie e rododendri in cui ci si addentra. Usciti dal bosco, si trova di fronte una <strong>croce ferrea<\/strong>, e una volta superata, non restano che alcune facili roccette da salire per raggiungere la cima. Dalla <strong>vetta<\/strong> il panorama \u00e8 magnifico!! Si pu\u00e0 ammirare non solo il Lago di Como ma anche il pi\u00f9 piccolo lago di Mezzola, con l\u2019acqua verde smeraldo, oltre alle cime della Valchiavenna. Per il rientro, \u00e8 consigliato scendere per il sentiero posto di fronte cos\u00ec da poter godere pi\u00f9 a lungo della vista sul lago e compiere un giro ad anello fino all\u2019Alpe di Mezzo.<\/p>\n<p>\ud83d\udcf7 Foto di <a href=\"https:\/\/www.instagram.com\/p\/Cu73jOntYy0\/?img_index=1\">@ilarialeoni<\/a><\/p>\n<p>\ud83d\udfe2\u00a0Segui<strong>\u00a0LAVIA<\/strong>, arriva alla\u00a0<strong>META<\/strong>!<\/p>\n","protected":false},"featured_media":7311,"comment_status":"open","ping_status":"closed","template":"","meta":[],"product_brand":[],"product_cat":[31],"product_tag":[362,73,231],"class_list":{"0":"post-7306","1":"product","2":"type-product","3":"status-publish","4":"has-post-thumbnail","6":"product_cat-escursionismo","7":"product_tag-como","8":"product_tag-lombardia","9":"product_tag-sondrio","11":"first","12":"instock","13":"downloadable","14":"virtual","15":"product-type-simple"},"_links":{"self":[{"href":"https:\/\/lavia.cc\/gpx\/wp-json\/wp\/v2\/product\/7306","targetHints":{"allow":["GET"]}}],"collection":[{"href":"https:\/\/lavia.cc\/gpx\/wp-json\/wp\/v2\/product"}],"about":[{"href":"https:\/\/lavia.cc\/gpx\/wp-json\/wp\/v2\/types\/product"}],"replies":[{"embeddable":true,"href":"https:\/\/lavia.cc\/gpx\/wp-json\/wp\/v2\/comments?post=7306"}],"version-history":[{"count":4,"href":"https:\/\/lavia.cc\/gpx\/wp-json\/wp\/v2\/product\/7306\/revisions"}],"predecessor-version":[{"id":15098,"href":"https:\/\/lavia.cc\/gpx\/wp-json\/wp\/v2\/product\/7306\/revisions\/15098"}],"wp:featuredmedia":[{"embeddable":true,"href":"https:\/\/lavia.cc\/gpx\/wp-json\/wp\/v2\/media\/7311"}],"wp:attachment":[{"href":"https:\/\/lavia.cc\/gpx\/wp-json\/wp\/v2\/media?parent=7306"}],"wp:term":[{"taxonomy":"product_brand","embeddable":true,"href":"https:\/\/lavia.cc\/gpx\/wp-json\/wp\/v2\/product_brand?post=7306"},{"taxonomy":"product_cat","embeddable":true,"href":"https:\/\/lavia.cc\/gpx\/wp-json\/wp\/v2\/product_cat?post=7306"},{"taxonomy":"product_tag","embeddable":true,"href":"https:\/\/lavia.cc\/gpx\/wp-json\/wp\/v2\/product_tag?post=7306"}],"curies":[{"name":"wp","href":"https:\/\/api.w.org\/{rel}","templated":true}]}}