{"id":8537,"date":"2023-12-22T19:36:57","date_gmt":"2023-12-22T18:36:57","guid":{"rendered":"https:\/\/lavia.cc\/gpx\/?post_type=product&#038;p=8537"},"modified":"2024-11-16T08:37:01","modified_gmt":"2024-11-16T07:37:01","slug":"escursione-bandite-di-scarlino","status":"publish","type":"product","link":"https:\/\/lavia.cc\/gpx\/tracce\/escursione-bandite-di-scarlino\/","title":{"rendered":"Bandite di Scarlino: 3 Poggi, 3 Cale, 3 Isole"},"content":{"rendered":"<h5>Bandite di Scarlino: 3 Poggi, 3 Cale, 3 Isole (GR)<\/h5>\n<p>\u27a1\ufe0f Clicca qui per raggiungere il punto di partenza: <a href=\"https:\/\/www.google.it\/maps\/place\/Area+di+sosta+%22Cala+Violina%22\/@42.8573314,10.7929587,18.52z\/data=!4m6!3m5!1s0x1329dad616de70bb:0xb1dd3447a990df79!8m2!3d42.8570893!4d10.7932262!16s%2Fg%2F11c54hr0xn?entry=ttu\" target=\"_blank\" rel=\"noopener\">GOOGLE MAPS<\/a> (Area di sosta &#8220;Cala Violina&#8221;)<\/p>\n<p>\ud83d\udd5c Periodo consigliato: tutto l\u2019anno<\/p>\n<p>\ud83d\uddfa\ufe0f Mappa e altimetria dell&#8217;<a href=\"https:\/\/lavia.cc\/gpx\/categoria-tracce\/escursionismo\/\" target=\"_blank\" rel=\"noopener\">escursione<\/a> &#8220;<strong>Bandite di Scarlino: <\/strong><strong>3 Poggi, 3 Cale, 3 Isole<\/strong>&#8220;:<\/p>\n\r\n\t\t<div id=\"wpgpxmaps_8537_2305004\" class=\"wpgpxmaps\">\r\n\t\t\t<div id=\"map_8537_2305004_cont\" style=\"width:100%; height:450px;position:relative\" >\r\n\t\t\t\t<div id=\"map_8537_2305004\" style=\"width:100%; height:450px\"><\/div>\r\n\t\t\t\t<div id=\"wpgpxmaps_8537_2305004_osm_footer\" class=\"wpgpxmaps_osm_footer\" style=\"display:none;\"><span> &copy; <a href=\"http:\/\/www.openstreetmap.org\/copyright\" target=\"_blank\" rel=\"noopener\">OpenStreetMap<\/a> contributors<\/span><\/div>\r\n\t\t\t<\/div>\r\n\t\t\t<canvas id=\"myChart_8537_2305004\" class=\"plot\" style=\"width:100%; height:200px\"><\/canvas>\r\n\t\t\t<div id=\"ngimages_8537_2305004\" class=\"ngimages\" style=\"display:none\"><\/div>\r\n\t\t\t<div id=\"report_8537_2305004\" class=\"report\"><\/div>\r\n\t\t<\/div>\r\n\t\t\r\n\t\t<script type=\"text\/javascript\">\r\n\r\n\t\t\tjQuery(document).ready(function() {\r\n\r\n\t\t\t\tjQuery( \"#wpgpxmaps_8537_2305004\" ).wpgpxmaps( {\r\n\t\t\t\t\ttargetId           : \"8537_2305004\",\r\n\t\t\t\t\tmapType            : \"HYBRID\",\r\n\t\t\t\t\tmapData            : [[42.8572200,10.7922700],[42.8570900,10.7920460],[42.8571390,10.7918910],[42.8573760,10.7913760],[42.8574190,10.7912030],[42.8575070,10.7906730],[42.8575690,10.7901270],[42.8577760,10.7891080],[42.8581910,10.7863380],[42.8583120,10.7857270],[42.8584090,10.7854590],[42.8588740,10.7844530],[42.8591000,10.7837460],[42.8590930,10.7835800],[42.8590600,10.7834560],[42.8589700,10.7830750],[42.8590040,10.7829540],[42.8591330,10.7828140],[42.8591270,10.7826480],[42.8590740,10.7823380],[42.8590160,10.7821850],[42.8592360,10.7809470],[42.8593360,10.7806840],[42.8594500,10.7805090],[42.8596070,10.7802050],[42.8597110,10.7800040],[42.8598300,10.7796700],[42.8599090,10.7793040],[42.8599810,10.7792080],[42.8600700,10.7791800],[42.8601600,10.7792000],[42.8604300,10.7793500],[42.8608000,10.7793700],[42.8610600,10.7792800],[42.8611600,10.7792800],[42.8613100,10.7793300],[42.8615300,10.7794300],[42.8619400,10.7797600],[42.8622030,10.7799060],[42.8623010,10.7799250],[42.8623790,10.7798340],[42.8624380,10.7795990],[42.8625740,10.7794090],[42.8625830,10.7792010],[42.8626600,10.7789960],[42.8626800,10.7788460],[42.8626250,10.7783390],[42.8626570,10.7780400],[42.8627800,10.7780080],[42.8628510,10.7781680],[42.8629330,10.7782490],[42.8630270,10.7782070],[42.8636390,10.7783810],[42.8636070,10.7785100],[42.8633820,10.7788700],[42.8634010,10.7792770],[42.8635350,10.7795340],[42.8635790,10.7797470],[42.8635670,10.7800410],[42.8636780,10.7801180],[42.8637950,10.7801760],[42.8637970,10.7803850],[42.8637400,10.7804830],[42.8637950,10.7806320],[42.8637340,10.7807130],[42.8635830,10.7808380],[42.8632340,10.7812910],[42.8628230,10.7819460],[42.8629380,10.7819910],[42.8638520,10.7823350],[42.8644370,10.7821060],[42.8649790,10.7821560],[42.8653570,10.7821700],[42.8655200,10.7822340],[42.8670420,10.7826770],[42.8673110,10.7827970],[42.8672830,10.7824720],[42.8672980,10.7819820],[42.8673170,10.7817990],[42.8674120,10.7813900],[42.8676730,10.7806060],[42.8679530,10.7798720],[42.8681400,10.7794300],[42.8682700,10.7792600],[42.8683690,10.7791770],[42.8687800,10.7788300],[42.8689580,10.7787290],[42.8692340,10.7786220],[42.8694820,10.7786110],[42.8699930,10.7787020],[42.8701780,10.7788140],[42.8704720,10.7790320],[42.8706790,10.7792240],[42.8709500,10.7795800],[42.8714200,10.7800800],[42.8719600,10.7805700],[42.8724980,10.7809730],[42.8729530,10.7813860],[42.8730560,10.7814380],[42.8731600,10.7814500],[42.8739040,10.7814780],[42.8742310,10.7815220],[42.8745520,10.7815510],[42.8748500,10.7817100],[42.8750000,10.7816400],[42.8751100,10.7815600],[42.8752130,10.7814300],[42.8754100,10.7811900],[42.8755600,10.7808100],[42.8757420,10.7804350],[42.8758050,10.7803450],[42.8759980,10.7801920],[42.8765880,10.7799360],[42.8774030,10.7796590],[42.8778410,10.7794750],[42.8786200,10.7792620],[42.8789400,10.7790640],[42.8792540,10.7789540],[42.8794340,10.7789440],[42.8794140,10.7787550],[42.8793220,10.7784050],[42.8790680,10.7782080],[42.8791810,10.7780510],[42.8788240,10.7781120],[42.8783930,10.7782950],[42.8782370,10.7783120],[42.8778860,10.7782300],[42.8777020,10.7781280],[42.8776210,10.7780210],[42.8775460,10.7778190],[42.8774750,10.7777040],[42.8772680,10.7775370],[42.8770010,10.7774360],[42.8764380,10.7774590],[42.8757480,10.7774970],[42.8753820,10.7776670],[42.8751740,10.7778080],[42.8749990,10.7778730],[42.8746800,10.7778500],[42.8745830,10.7778930],[42.8744280,10.7779020],[42.8744230,10.7777380],[42.8747300,10.7771920],[42.8748690,10.7769980],[42.8749890,10.7767380],[42.8750640,10.7764640],[42.8751640,10.7758050],[42.8752290,10.7755270],[42.8751800,10.7752340],[42.8750720,10.7751510],[42.8743600,10.7747800],[42.8742380,10.7747380],[42.8740800,10.7747600],[42.8737800,10.7748400],[42.8733300,10.7750100],[42.8730430,10.7749590],[42.8726720,10.7744250],[42.8725190,10.7743360],[42.8723450,10.7743030],[42.8716800,10.7746300],[42.8715800,10.7747890],[42.8714400,10.7749380],[42.8713200,10.7749350],[42.8712440,10.7747500],[42.8712700,10.7746310],[42.8713740,10.7743680],[42.8714820,10.7738550],[42.8717880,10.7730070],[42.8717920,10.7726320],[42.8714400,10.7722200],[42.8712300,10.7719400],[42.8709500,10.7717300],[42.8707450,10.7713450],[42.8704500,10.7710370],[42.8703400,10.7709730],[42.8702000,10.7709400],[42.8698500,10.7707400],[42.8690770,10.7699290],[42.8688280,10.7697640],[42.8686070,10.7696430],[42.8685070,10.7696670],[42.8683350,10.7703660],[42.8682630,10.7709810],[42.8682180,10.7711960],[42.8681570,10.7713580],[42.8677640,10.7721190],[42.8676480,10.7722210],[42.8675600,10.7722530],[42.8672360,10.7722380],[42.8667620,10.7720940],[42.8665540,10.7719870],[42.8664470,10.7720050],[42.8663550,10.7720760],[42.8662300,10.7722200],[42.8659830,10.7724260],[42.8656990,10.7725360],[42.8653840,10.7725230],[42.8651670,10.7724140],[42.8648260,10.7720050],[42.8646960,10.7717850],[42.8644000,10.7716000],[42.8637600,10.7713900],[42.8632710,10.7711480],[42.8628200,10.7710000],[42.8626400,10.7708100],[42.8624320,10.7704520],[42.8622800,10.7702900],[42.8619100,10.7701000],[42.8611200,10.7694100],[42.8608000,10.7690900],[42.8606180,10.7689780],[42.8602420,10.7688520],[42.8601230,10.7688620],[42.8599360,10.7689860],[42.8598290,10.7691400],[42.8596000,10.7697300],[42.8594700,10.7701400],[42.8594300,10.7705300],[42.8594360,10.7712890],[42.8594900,10.7717100],[42.8596200,10.7721400],[42.8597000,10.7723300],[42.8598620,10.7725660],[42.8598860,10.7727380],[42.8598450,10.7728800],[42.8596840,10.7730190],[42.8593430,10.7732790],[42.8589840,10.7735880],[42.8589100,10.7736800],[42.8587800,10.7737700],[42.8580300,10.7743000],[42.8576900,10.7746500],[42.8575100,10.7749060],[42.8571700,10.7748200],[42.8567600,10.7748400],[42.8565080,10.7749160],[42.8561400,10.7749700],[42.8560400,10.7750100],[42.8557600,10.7752500],[42.8555200,10.7753600],[42.8553900,10.7753800],[42.8551300,10.7753100],[42.8550100,10.7752700],[42.8545800,10.7749500],[42.8544460,10.7748670],[42.8540400,10.7748000],[42.8538300,10.7748600],[42.8535700,10.7748800],[42.8533500,10.7747800],[42.8531200,10.7745000],[42.8526520,10.7740450],[42.8524600,10.7737480],[42.8520700,10.7733000],[42.8519060,10.7732100],[42.8517520,10.7732420],[42.8516420,10.7733500],[42.8514400,10.7736400],[42.8511400,10.7738800],[42.8508600,10.7741500],[42.8504600,10.7744600],[42.8503900,10.7745600],[42.8501600,10.7749900],[42.8500500,10.7752300],[42.8500000,10.7754000],[42.8500000,10.7756660],[42.8500480,10.7758640],[42.8500920,10.7759720],[42.8503860,10.7765130],[42.8504520,10.7767460],[42.8502660,10.7770970],[42.8502030,10.7772490],[42.8502240,10.7776580],[42.8503300,10.7780200],[42.8503460,10.7781720],[42.8503280,10.7782980],[42.8501980,10.7785360],[42.8501200,10.7788390],[42.8499960,10.7799890],[42.8499850,10.7802630],[42.8499140,10.7804470],[42.8497500,10.7805700],[42.8494300,10.7807000],[42.8491870,10.7807740],[42.8499170,10.7810450],[42.8505150,10.7811940],[42.8512960,10.7808670],[42.8514370,10.7808330],[42.8515470,10.7808570],[42.8518250,10.7812690],[42.8523110,10.7818890],[42.8530200,10.7826710],[42.8534020,10.7832800],[42.8538730,10.7836250],[42.8540520,10.7837530],[42.8541330,10.7838580],[42.8541930,10.7839660],[42.8544900,10.7847310],[42.8545940,10.7848240],[42.8551500,10.7843080],[42.8556260,10.7839080],[42.8557640,10.7838350],[42.8559090,10.7838070],[42.8561640,10.7838440],[42.8566710,10.7842420],[42.8568630,10.7843300],[42.8574280,10.7840570],[42.8576480,10.7839670],[42.8579060,10.7838530],[42.8582380,10.7836360],[42.8586410,10.7832900],[42.8589700,10.7830750],[42.8590600,10.7834560],[42.8590930,10.7835800],[42.8591000,10.7837460],[42.8588740,10.7844530],[42.8584090,10.7854590],[42.8583120,10.7857270],[42.8581910,10.7863380],[42.8577760,10.7891080],[42.8575690,10.7901270],[42.8575070,10.7906730],[42.8574190,10.7912030],[42.8573760,10.7913760],[42.8571390,10.7918910],[42.8570900,10.7920460],[42.8571870,10.7921780]],\r\n\t\t\t\t\tgraphDist          : [0.00,0.02,0.04,0.09,0.10,0.15,0.19,0.28,0.51,0.56,0.58,0.68,0.74,0.76,0.77,0.80,0.81,0.83,0.84,0.87,0.88,0.99,1.01,1.03,1.06,1.08,1.11,1.14,1.16,1.17,1.18,1.21,1.25,1.28,1.29,1.31,1.33,1.39,1.42,1.43,1.44,1.46,1.48,1.50,1.52,1.53,1.57,1.60,1.61,1.63,1.64,1.65,1.72,1.73,1.77,1.81,1.83,1.85,1.88,1.89,1.91,1.92,1.93,1.95,1.97,1.99,2.05,2.12,2.13,2.24,2.30,2.36,2.41,2.43,2.60,2.63,2.66,2.70,2.71,2.75,2.82,2.88,2.93,2.95,2.96,3.01,3.04,3.07,3.10,3.15,3.18,3.21,3.24,3.28,3.35,3.42,3.49,3.55,3.56,3.57,3.66,3.69,3.73,3.76,3.79,3.80,3.82,3.85,3.88,3.92,3.93,3.95,4.02,4.12,4.17,4.26,4.30,4.33,4.35,4.37,4.40,4.44,4.45,4.49,4.54,4.56,4.60,4.62,4.64,4.65,4.67,4.69,4.72,4.79,4.86,4.91,4.93,4.95,4.99,5.00,5.02,5.03,5.09,5.11,5.13,5.16,5.21,5.24,5.26,5.28,5.36,5.37,5.39,5.43,5.48,5.51,5.57,5.59,5.61,5.69,5.70,5.72,5.74,5.75,5.77,5.79,5.83,5.91,5.94,5.99,6.03,6.06,6.10,6.14,6.15,6.17,6.21,6.32,6.35,6.38,6.39,6.45,6.50,6.52,6.53,6.61,6.63,6.64,6.67,6.73,6.75,6.76,6.77,6.79,6.83,6.86,6.89,6.92,6.97,6.99,7.03,7.10,7.16,7.21,7.24,7.27,7.30,7.34,7.44,7.49,7.51,7.55,7.57,7.59,7.61,7.66,7.70,7.73,7.79,7.83,7.87,7.88,7.91,7.92,7.94,7.96,8.00,8.05,8.06,8.08,8.17,8.22,8.25,8.28,8.33,8.36,8.40,8.41,8.45,8.48,8.49,8.52,8.53,8.59,8.61,8.65,8.68,8.70,8.73,8.76,8.83,8.86,8.92,8.94,8.95,8.97,9.00,9.04,9.08,9.13,9.14,9.18,9.21,9.22,9.24,9.26,9.27,9.33,9.35,9.38,9.40,9.43,9.46,9.48,9.49,9.51,9.54,9.63,9.65,9.67,9.69,9.73,9.76,9.84,9.91,10.00,10.02,10.03,10.08,10.15,10.25,10.32,10.38,10.40,10.41,10.42,10.49,10.51,10.58,10.64,10.66,10.68,10.71,10.77,10.79,10.86,10.89,10.92,10.96,11.01,11.05,11.08,11.09,11.11,11.17,11.27,11.29,11.34,11.58,11.66,11.71,11.75,11.77,11.82,11.83,11.84],\r\n\t\t\t\t\tgraphEle           : [49.02,49.02,49.02,49.02,49.12,51.59,54.10,58.91,74.64,77.43,78.75,84.00,84.52,84.36,84.23,83.83,83.69,83.47,83.31,83.00,82.83,83.30,83.48,83.62,83.85,84.00,85.33,88.47,89.60,90.63,91.65,94.93,99.09,102.10,103.23,104.57,105.49,107.38,108.51,108.90,109.31,110.03,110.80,111.41,112.18,112.69,114.43,115.45,116.13,116.76,117.23,117.69,122.60,124.27,130.05,135.38,139.24,141.94,145.54,148.05,150.05,151.86,152.92,154.35,156.91,158.97,164.58,171.69,172.79,181.52,187.13,189.44,190.99,191.68,192.99,192.42,191.94,191.22,190.41,186.30,178.06,170.13,165.50,163.40,162.05,156.42,154.18,150.84,147.95,143.89,142.51,140.24,138.54,135.98,132.17,128.18,124.41,121.99,121.60,121.22,118.54,117.35,115.42,112.89,111.23,110.25,109.14,107.06,104.57,101.35,99.99,96.66,87.42,75.04,69.31,59.37,54.97,52.35,51.43,50.59,49.20,47.70,46.88,45.05,43.75,43.51,42.95,42.64,42.46,42.20,42.03,41.65,41.55,42.53,43.73,44.40,44.78,45.07,45.58,45.74,45.99,46.21,47.02,47.34,47.33,47.29,47.18,47.14,47.09,47.07,47.84,48.09,48.40,49.00,49.91,50.48,51.51,51.82,52.16,53.50,53.79,54.03,54.15,54.31,54.40,54.62,55.01,55.69,55.22,54.32,53.75,53.14,52.46,49.86,48.77,47.48,44.02,35.37,33.62,32.12,31.48,28.07,25.19,24.59,24.72,25.40,25.54,25.63,25.95,27.01,28.34,28.99,29.62,30.61,32.34,34.11,36.00,37.45,40.84,42.38,44.81,49.72,51.07,51.70,52.02,52.48,52.74,50.58,40.92,36.84,34.78,30.53,29.22,26.92,25.21,19.80,16.19,14.42,13.76,13.39,12.98,12.79,12.51,12.55,12.68,12.90,13.36,13.85,13.97,14.14,15.22,15.80,16.15,16.62,17.52,18.51,19.92,20.32,21.59,22.56,23.06,24.30,25.31,29.31,30.51,33.86,35.61,37.74,38.98,39.94,41.72,42.63,44.09,43.06,42.15,41.37,39.66,37.64,35.65,33.93,34.09,34.73,35.07,35.28,35.61,35.86,36.00,37.80,39.98,43.84,45.36,48.97,52.36,53.70,54.82,57.41,59.64,67.13,68.89,70.25,71.89,74.92,77.33,84.65,90.52,98.09,99.41,100.44,104.22,108.99,112.89,115.39,118.38,119.52,120.15,120.71,124.28,125.03,124.02,122.43,122.00,121.58,120.85,116.64,114.95,109.90,107.98,105.71,102.72,98.87,95.91,93.54,92.76,91.77,87.23,80.24,78.49,74.80,59.08,53.96,51.29,50.42,50.42,50.42,50.42,50.42],\r\n\t\t\t\t\tgraphSpeed         : [],\r\n\t\t\t\t\tgraphHr            : [],\r\n\t\t\t\t\tgraphAtemp         : [],\r\n\t\t\t\t\tgraphCad           : [],\r\n\t\t\t\t\tgraphGrade         : [],\r\n\t\t\t\t\twaypoints          : [],\r\n\t\t\t\t\tunit               : \"2\",\r\n\t\t\t\t\tunitspeed          : \"0\",\r\n\t\t\t\t\tcolor1             : [\"#3366cc\"],\r\n\t\t\t\t\tcolor2             : \"#3366cc\",\r\n\t\t\t\t\tcolor3             : \"#ff0000\",\r\n\t\t\t\t\tcolor4             : \"#ff77bd\",\r\n\t\t\t\t\tcolor5             : \"#beecff\",\r\n\t\t\t\t\tcolor6             : \"#beecff\",\r\n\t\t\t\t\tcolor7             : \"#ff77bd\",\r\n\t\t\t\t\tchartFrom1         : \"\",\r\n\t\t\t\t\tchartTo1           : \"\",\r\n\t\t\t\t\tchartFrom2         : \"\",\r\n\t\t\t\t\tchartTo2           : \"\",\r\n\t\t\t\t\tstartIcon          : \"\",\r\n\t\t\t\t\tendIcon            : \"\",\r\n\t\t\t\t\tcurrentIcon        : \"\",\r\n\t\t\t\t\twaypointIcon       : \"https:\/\/lavia.cc\/gpx\/wp-content\/uploads\/gpx\/cropped-icona.ico\",\r\n\t\t\t\t\tcurrentpositioncon : \"\",\r\n\t\t\t\t\tusegpsposition     : \"\",\r\n\t\t\t\t\tzoomOnScrollWheel  : \"\",\r\n\t\t\t\t\tngGalleries        : [],\r\n\t\t\t\t\tngImages           : [],\r\n\t\t\t\t\tpluginUrl          : \"https:\/\/lavia.cc\/gpx\/wp-content\/plugins\",\r\n\t\t\t\t\tTFApiKey           : \"\",\r\n\t\t\t\t\tMapBoxApiKey           : \"\",\r\n\t\t\t\t\tlangs              : {\r\n\t\t\t\t\t\taltitude        : \"Altitudine\",\r\n\t\t\t\t\t\tcurrentPosition : \"Current position\",\r\n\t\t\t\t\t\tspeed           : \"Velocit\u00e0\",\r\n\t\t\t\t\t\tgrade           : \"Grade\",\r\n\t\t\t\t\t\theartRate       : \"Battito Cardiaco\",\r\n\t\t\t\t\t\tatemp           : \"Temperature\",\r\n\t\t\t\t\t\tcadence         : \"Cadenza\",\r\n\t\t\t\t\t\tgoFullScreen    : \"Go full screen\",\r\n\t\t\t\t\t\texitFullFcreen  : \"Exit full screen\",\r\n\t\t\t\t\t\thideImages      : \"Hide images\",\r\n\t\t\t\t\t\tshowImages      : \"Show images\",\r\n\t\t\t\t\t\tbackToCenter\t: \"Ritorna al centro della mappa\"\r\n\t\t\t\t\t}\r\n\t\t\t\t});\r\n\r\n\t\t\t});\r\n\r\n\t\t<\/script>\n<p>\ud83d\udfe2 Segui\u00a0<strong>LAVIA,<\/strong>\u00a0arriva alla\u00a0<strong>META<\/strong>!<\/p>\n","protected":false},"excerpt":{"rendered":"<p><strong>\ud83d\udccd TRACCIA CARICATA DA:\u00a0<a href=\"https:\/\/www.instagram.com\/maremmagreenpassion\/\" target=\"_blank\" rel=\"noopener\">@maremmagreenpassion<\/a><\/strong><\/p>\n<p>Volete provare 12 km di assoluta bellezza? Allora dovete immergervi nelle Bandite di Scarlino!!! Tra colline verdeggianti e affacci mozzafiato sul mare, questa \u00e8 un&#8217;esperienza unica che vi dar\u00e0 l&#8217;opportunit\u00e0 di fruire del panorama completo sulla costa della Maremma Nord. Ho voluto intitolare il percorso: &#8220;3 Poggi, 3 Cale, 3 Isole&#8221; e adesso scoprirete perch\u00e9&#8230;Parcheggio all&#8217;Area di Sosta Cala Violina, ma\u00a0 invece di scendere gi\u00f9 voglio raggiungere il punto pi\u00f9 alto per godermi il quadro generale d&#8217;insieme. Il primo che raggiungo \u00e8 Poggio Sentinella, poi proseguo a nord per Poggio la Guardia in direzione Portiglioni, dove imboccher\u00f2 l&#8217;inizio del percorso n. 1 dal Puntone di Scarlino verso Cala Violina (quindi sostanzialmente tornando indietro). Il panorama \u00e8 questo: a sud Punta Ala con il suo bell&#8217;Isolotto dello Sparviero davanti e l&#8217;Isola di Montecristo sullo sfondo; a nord invece si intravede lo Skyline di Follonica appollaiata sul suo nido\/golfo, e infine a ovest l&#8217;Isola d&#8217;Elba che si distende sinuosa sul mare ammaliando letteralmente il mio sguardo. Ecco che dal basso iniziano anche a intravedersi le spiagge: per prima la selvaggia Cala Martina, davanti al monumento di Garibaldi; poi Cala Violina che trae il nome dalla sua sabbia &#8220;musicale&#8221; che &#8220;suona&#8221; come un violino quando i cristalli di quarzo si sfregano tra di loro. Infine appare Cala Civette, troneggiata dalla candida torre che fa da faro alla spiaggia lunga di Punta Ala. A questo punto non resta che risalire sull&#8217;ultimo Poggio Carpineta, dove ammirare il sole caldo del tramonto che si tuffa nel mare. Se avete tenuto bene i conti, il gioco \u00e8 fatto: non resta altro che tornare al parcheggio, con gli occhi ancora abbagliati dal paesaggio.<\/p>\n<p>\ud83c\udf89 <strong>W GLI ORIZZONTI DELLA MAREMMA!<\/strong><\/p>\n<p>\ud83d\udcf7 Durante l\u2019escursione cerca l\u2019<a href=\"https:\/\/lavia.cc\/gpx\/mappa-degli-adesivi-lavia\/\" target=\"_blank\" rel=\"noopener\">adesivo LAVIA<\/a>. Se lo trovi fai una foto e taggaci in una storia su Instagram!<\/p>\n<p>\ud83d\udfe2 Segui\u00a0<strong>LAVIA,<\/strong>\u00a0arriva alla\u00a0<strong>META<\/strong>!<\/p>\n","protected":false},"featured_media":16912,"comment_status":"open","ping_status":"closed","template":"","meta":[],"product_brand":[],"product_cat":[31],"product_tag":[880,1221],"class_list":{"0":"post-8537","1":"product","2":"type-product","3":"status-publish","4":"has-post-thumbnail","6":"product_cat-escursionismo","7":"product_tag-grosseto","8":"product_tag-scarlino","10":"first","11":"instock","12":"downloadable","13":"virtual","14":"product-type-simple"},"_links":{"self":[{"href":"https:\/\/lavia.cc\/gpx\/wp-json\/wp\/v2\/product\/8537","targetHints":{"allow":["GET"]}}],"collection":[{"href":"https:\/\/lavia.cc\/gpx\/wp-json\/wp\/v2\/product"}],"about":[{"href":"https:\/\/lavia.cc\/gpx\/wp-json\/wp\/v2\/types\/product"}],"replies":[{"embeddable":true,"href":"https:\/\/lavia.cc\/gpx\/wp-json\/wp\/v2\/comments?post=8537"}],"version-history":[{"count":1,"href":"https:\/\/lavia.cc\/gpx\/wp-json\/wp\/v2\/product\/8537\/revisions"}],"predecessor-version":[{"id":8538,"href":"https:\/\/lavia.cc\/gpx\/wp-json\/wp\/v2\/product\/8537\/revisions\/8538"}],"wp:featuredmedia":[{"embeddable":true,"href":"https:\/\/lavia.cc\/gpx\/wp-json\/wp\/v2\/media\/16912"}],"wp:attachment":[{"href":"https:\/\/lavia.cc\/gpx\/wp-json\/wp\/v2\/media?parent=8537"}],"wp:term":[{"taxonomy":"product_brand","embeddable":true,"href":"https:\/\/lavia.cc\/gpx\/wp-json\/wp\/v2\/product_brand?post=8537"},{"taxonomy":"product_cat","embeddable":true,"href":"https:\/\/lavia.cc\/gpx\/wp-json\/wp\/v2\/product_cat?post=8537"},{"taxonomy":"product_tag","embeddable":true,"href":"https:\/\/lavia.cc\/gpx\/wp-json\/wp\/v2\/product_tag?post=8537"}],"curies":[{"name":"wp","href":"https:\/\/api.w.org\/{rel}","templated":true}]}}