{"id":9239,"date":"2024-01-11T12:34:48","date_gmt":"2024-01-11T11:34:48","guid":{"rendered":"https:\/\/lavia.cc\/gpx\/?post_type=product&#038;p=9239"},"modified":"2024-01-16T11:42:42","modified_gmt":"2024-01-16T10:42:42","slug":"dallalpe-del-vicere-al-monte-boletto","status":"publish","type":"product","link":"https:\/\/lavia.cc\/gpx\/tracce\/dallalpe-del-vicere-al-monte-boletto\/","title":{"rendered":"Dall&#8217;Alpe del Vicer\u00e8 al Monte Boletto (passando dal Bolettone)"},"content":{"rendered":"<h5>Dall&#8217;Alpe del Vicer\u00e8 al Monte Boletto (passando dal Bolettone)<\/h5>\n<p>\u27a1\ufe0f Clicca qui per raggiungere il punto di partenza: <a href=\"https:\/\/www.google.it\/maps\/place\/Alpe+del+Vicer%C3%A8\/@45.8257142,9.1863715,17.44z\/data=!4m6!3m5!1s0x47869fe95fbe7d65:0xe908dddd8c69915f!8m2!3d45.8251967!4d9.1878876!16s%2Fg%2F1223qmc8?entry=ttu\" target=\"_blank\" rel=\"noopener\">GOOGLE MAPS<\/a> (Albavilla, Alpe del Vicer\u00e8)<\/p>\n<p>\ud83d\udd5c Periodo consigliato: tutto l\u2019anno (controllare la situazione neve nei mesi invernali)<\/p>\n<p>\ud83d\uddfa\ufe0f Mappa e altimetria dell&#8217;<a href=\"https:\/\/lavia.cc\/gpx\/categoria-tracce\/escursionismo\/\" target=\"_blank\" rel=\"noopener\">escursione<\/a> dall&#8217;Alpe del Vicer\u00e8 al Monte Boletto:<\/p>\n\r\n\t\t<div id=\"wpgpxmaps_9239_4918952\" class=\"wpgpxmaps\">\r\n\t\t\t<div id=\"map_9239_4918952_cont\" style=\"width:100%; height:450px;position:relative\" >\r\n\t\t\t\t<div id=\"map_9239_4918952\" style=\"width:100%; height:450px\"><\/div>\r\n\t\t\t\t<div id=\"wpgpxmaps_9239_4918952_osm_footer\" class=\"wpgpxmaps_osm_footer\" style=\"display:none;\"><span> &copy; <a href=\"http:\/\/www.openstreetmap.org\/copyright\" target=\"_blank\" rel=\"noopener\">OpenStreetMap<\/a> contributors<\/span><\/div>\r\n\t\t\t<\/div>\r\n\t\t\t<canvas id=\"myChart_9239_4918952\" class=\"plot\" style=\"width:100%; height:200px\"><\/canvas>\r\n\t\t\t<div id=\"ngimages_9239_4918952\" class=\"ngimages\" style=\"display:none\"><\/div>\r\n\t\t\t<div id=\"report_9239_4918952\" class=\"report\"><\/div>\r\n\t\t<\/div>\r\n\t\t\r\n\t\t<script type=\"text\/javascript\">\r\n\r\n\t\t\tjQuery(document).ready(function() {\r\n\r\n\t\t\t\tjQuery( \"#wpgpxmaps_9239_4918952\" ).wpgpxmaps( {\r\n\t\t\t\t\ttargetId           : \"9239_4918952\",\r\n\t\t\t\t\tmapType            : \"HYBRID\",\r\n\t\t\t\t\tmapData            : [[45.8259020,9.1879220],[45.8261080,9.1883190],[45.8263320,9.1884220],[45.8263710,9.1888720],[45.8265220,9.1892710],[45.8266610,9.1892230],[45.8267650,9.1892340],[45.8269660,9.1892560],[45.8274290,9.1894870],[45.8277170,9.1895200],[45.8281080,9.1898430],[45.8283570,9.1901450],[45.8284320,9.1902880],[45.8285430,9.1903970],[45.8287280,9.1904690],[45.8290990,9.1905210],[45.8294460,9.1906070],[45.8296890,9.1905190],[45.8298570,9.1904170],[45.8302550,9.1901010],[45.8303200,9.1899560],[45.8304350,9.1898990],[45.8307190,9.1899640],[45.8308510,9.1900310],[45.8309800,9.1902820],[45.8312510,9.1905800],[45.8314480,9.1906160],[45.8316230,9.1905340],[45.8317660,9.1905700],[45.8318800,9.1906720],[45.8320950,9.1907020],[45.8322630,9.1906420],[45.8325170,9.1907290],[45.8329960,9.1912060],[45.8331180,9.1911340],[45.8334680,9.1909240],[45.8337850,9.1901680],[45.8341160,9.1896810],[45.8342790,9.1895850],[45.8346540,9.1892720],[45.8348470,9.1893070],[45.8349470,9.1892770],[45.8350330,9.1893430],[45.8352230,9.1896560],[45.8354760,9.1898510],[45.8355940,9.1899950],[45.8356950,9.1900720],[45.8358300,9.1901080],[45.8359450,9.1902050],[45.8360660,9.1904050],[45.8362950,9.1905800],[45.8364380,9.1906050],[45.8365770,9.1905230],[45.8370630,9.1899030],[45.8372820,9.1891280],[45.8374070,9.1889590],[45.8375210,9.1888970],[45.8379360,9.1888870],[45.8381820,9.1887900],[45.8383170,9.1885450],[45.8386930,9.1884050],[45.8390440,9.1883380],[45.8395230,9.1880920],[45.8397190,9.1883270],[45.8399510,9.1884660],[45.8406270,9.1902620],[45.8409920,9.1908050],[45.8411060,9.1911700],[45.8412670,9.1913900],[45.8416690,9.1915120],[45.8430690,9.1927410],[45.8434270,9.1930620],[45.8437720,9.1935540],[45.8438380,9.1937200],[45.8439020,9.1940660],[45.8440190,9.1945310],[45.8440420,9.1942750],[45.8440600,9.1936000],[45.8440970,9.1933930],[45.8439610,9.1927580],[45.8440020,9.1925660],[45.8441000,9.1924190],[45.8439780,9.1922830],[45.8437620,9.1918150],[45.8436660,9.1914830],[45.8432860,9.1907900],[45.8429440,9.1900230],[45.8427430,9.1888070],[45.8425340,9.1881800],[45.8423020,9.1878620],[45.8421570,9.1878250],[45.8420380,9.1877450],[45.8417800,9.1869070],[45.8415770,9.1865180],[45.8408230,9.1853700],[45.8406620,9.1852600],[45.8404220,9.1849570],[45.8395240,9.1839980],[45.8393640,9.1839800],[45.8390990,9.1838130],[45.8390060,9.1836250],[45.8389230,9.1835160],[45.8387780,9.1833540],[45.8385570,9.1830850],[45.8384660,9.1829610],[45.8383450,9.1826850],[45.8382730,9.1824360],[45.8380730,9.1821130],[45.8378680,9.1819130],[45.8377530,9.1818270],[45.8375060,9.1817160],[45.8373490,9.1815570],[45.8372310,9.1807260],[45.8372360,9.1805400],[45.8371310,9.1795090],[45.8370890,9.1792130],[45.8370600,9.1787900],[45.8370800,9.1781200],[45.8372080,9.1768970],[45.8372140,9.1764600],[45.8371910,9.1761920],[45.8372030,9.1756560],[45.8371490,9.1755500],[45.8371450,9.1750300],[45.8371360,9.1745600],[45.8370520,9.1740550],[45.8371020,9.1735610],[45.8372040,9.1733510],[45.8372300,9.1729780],[45.8372900,9.1728610],[45.8373620,9.1726310],[45.8374200,9.1722980],[45.8374310,9.1713260],[45.8373620,9.1703610],[45.8372060,9.1698810],[45.8373170,9.1697160],[45.8374770,9.1693300],[45.8377090,9.1686640],[45.8382520,9.1680930],[45.8383370,9.1679370],[45.8385790,9.1676210],[45.8387000,9.1672410],[45.8389850,9.1668940],[45.8390000,9.1658770],[45.8392020,9.1647130],[45.8392490,9.1635160],[45.8393110,9.1633080],[45.8393680,9.1627700],[45.8393040,9.1625590],[45.8392430,9.1622270],[45.8391890,9.1617330],[45.8391310,9.1614790],[45.8391540,9.1612760],[45.8391400,9.1610390],[45.8390250,9.1602550],[45.8389250,9.1599890],[45.8387920,9.1598020],[45.8387390,9.1596620],[45.8385760,9.1589030],[45.8385220,9.1584490],[45.8384880,9.1581650],[45.8384290,9.1580490],[45.8380850,9.1575860],[45.8380880,9.1571850],[45.8380290,9.1567170],[45.8378840,9.1560530],[45.8378690,9.1558880],[45.8378840,9.1551630],[45.8378200,9.1544980],[45.8378550,9.1541800],[45.8378900,9.1538780],[45.8378960,9.1535700],[45.8378390,9.1531640],[45.8379130,9.1526540],[45.8379350,9.1523280],[45.8379400,9.1515420],[45.8378930,9.1511730],[45.8377640,9.1507940],[45.8376020,9.1504860],[45.8374570,9.1501370],[45.8373820,9.1499330],[45.8373130,9.1496450],[45.8372220,9.1494390],[45.8370780,9.1493510],[45.8370040,9.1491640],[45.8369920,9.1489930],[45.8368330,9.1488330],[45.8365370,9.1486200],[45.8364370,9.1484810],[45.8362470,9.1481120],[45.8361130,9.1479070],[45.8359360,9.1473660],[45.8357010,9.1469340],[45.8356310,9.1466530],[45.8352030,9.1458840],[45.8349720,9.1454060],[45.8348940,9.1450820],[45.8346080,9.1442840],[45.8345960,9.1437030],[45.8345440,9.1435270],[45.8343530,9.1432810],[45.8340560,9.1429130],[45.8339530,9.1427670],[45.8338150,9.1426590],[45.8337010,9.1423690],[45.8338150,9.1426590],[45.8339530,9.1427670],[45.8340560,9.1429130],[45.8343300,9.1431770],[45.8345440,9.1435270],[45.8345960,9.1437030],[45.8346080,9.1442840],[45.8348940,9.1450820],[45.8349720,9.1454060],[45.8352030,9.1458840],[45.8356310,9.1466530],[45.8357010,9.1469340],[45.8359360,9.1473660],[45.8361130,9.1479070],[45.8362470,9.1481120],[45.8364370,9.1484810],[45.8365370,9.1486200],[45.8368330,9.1488330],[45.8369920,9.1489930],[45.8370040,9.1491640],[45.8370780,9.1493510],[45.8372220,9.1494390],[45.8373130,9.1496450],[45.8373820,9.1499330],[45.8374570,9.1501370],[45.8376020,9.1504860],[45.8377640,9.1507940],[45.8378930,9.1511730],[45.8379400,9.1515420],[45.8379350,9.1523280],[45.8379130,9.1526540],[45.8378390,9.1531640],[45.8378960,9.1535700],[45.8378900,9.1538780],[45.8378550,9.1541800],[45.8378200,9.1544980],[45.8378840,9.1551630],[45.8378690,9.1558880],[45.8378840,9.1560530],[45.8380290,9.1567170],[45.8380880,9.1571850],[45.8380850,9.1575860],[45.8384290,9.1580490],[45.8384880,9.1581650],[45.8384430,9.1583690],[45.8384760,9.1585350],[45.8384490,9.1590110],[45.8384620,9.1592770],[45.8384890,9.1594510],[45.8385960,9.1601580],[45.8385830,9.1607840],[45.8384860,9.1618760],[45.8383660,9.1625880],[45.8382210,9.1629330],[45.8380770,9.1634100],[45.8378590,9.1639250],[45.8377510,9.1640350],[45.8375920,9.1643410],[45.8374320,9.1643240],[45.8372340,9.1643480],[45.8370100,9.1643070],[45.8368280,9.1642460],[45.8366300,9.1641010],[45.8363630,9.1639920],[45.8360490,9.1639200],[45.8356660,9.1638710],[45.8352480,9.1639130],[45.8349130,9.1638990],[45.8346510,9.1637290],[45.8345720,9.1639610],[45.8346050,9.1642720],[45.8345220,9.1646460],[45.8344080,9.1649950],[45.8343640,9.1653420],[45.8342160,9.1654850],[45.8340500,9.1654670],[45.8338490,9.1655330],[45.8336600,9.1654200],[45.8335520,9.1653960],[45.8334240,9.1654180],[45.8331080,9.1653830],[45.8329830,9.1654130],[45.8323390,9.1657290],[45.8321980,9.1655720],[45.8319580,9.1650980],[45.8318340,9.1649070],[45.8317030,9.1648020],[45.8315080,9.1647980],[45.8308220,9.1652050],[45.8307260,9.1653030],[45.8303840,9.1654940],[45.8300900,9.1659080],[45.8297150,9.1660670],[45.8296020,9.1661960],[45.8292040,9.1664330],[45.8290970,9.1665470],[45.8290320,9.1666820],[45.8290070,9.1668400],[45.8287860,9.1670240],[45.8286010,9.1669500],[45.8283870,9.1667520],[45.8281290,9.1669020],[45.8281430,9.1676730],[45.8281060,9.1681310],[45.8281380,9.1685920],[45.8281750,9.1687300],[45.8279250,9.1690270],[45.8278050,9.1691890],[45.8277390,9.1693520],[45.8276080,9.1700390],[45.8274590,9.1704380],[45.8271140,9.1708240],[45.8269880,9.1710930],[45.8270210,9.1714070],[45.8269930,9.1718550],[45.8269790,9.1720900],[45.8270690,9.1725110],[45.8271260,9.1727080],[45.8272300,9.1728480],[45.8274550,9.1730560],[45.8277870,9.1732950],[45.8280020,9.1740450],[45.8282100,9.1744570],[45.8284550,9.1745700],[45.8289800,9.1745080],[45.8293320,9.1745000],[45.8298080,9.1746960],[45.8301540,9.1749090],[45.8303590,9.1747640],[45.8305400,9.1746860],[45.8307980,9.1747260],[45.8309790,9.1745630],[45.8311520,9.1746930],[45.8313340,9.1747230],[45.8314490,9.1748340],[45.8314260,9.1752010],[45.8313590,9.1753510],[45.8313940,9.1757960],[45.8313560,9.1763890],[45.8313760,9.1765660],[45.8313480,9.1768020],[45.8314010,9.1769530],[45.8316020,9.1772080],[45.8316840,9.1774140],[45.8316170,9.1775750],[45.8313430,9.1778740],[45.8309760,9.1783520],[45.8309450,9.1784770],[45.8310710,9.1789040],[45.8310880,9.1791430],[45.8309250,9.1793610],[45.8307780,9.1796140],[45.8299660,9.1804650],[45.8295280,9.1807370],[45.8294880,9.1809380],[45.8295550,9.1812540],[45.8302990,9.1825290],[45.8304010,9.1827810],[45.8306690,9.1832980],[45.8307620,9.1835830],[45.8306120,9.1839620],[45.8303980,9.1841920],[45.8303120,9.1844380],[45.8301460,9.1844840],[45.8299840,9.1844660],[45.8295610,9.1846410],[45.8291270,9.1847340],[45.8289710,9.1847440],[45.8283650,9.1850610],[45.8279460,9.1855490],[45.8274830,9.1861460],[45.8273200,9.1862440],[45.8273930,9.1864340],[45.8273040,9.1867520],[45.8272680,9.1869630],[45.8272800,9.1871100],[45.8271040,9.1873020],[45.8266640,9.1875640],[45.8261490,9.1878660],[45.8259800,9.1879040]],\r\n\t\t\t\t\tgraphDist          : [0.00,0.05,0.08,0.11,0.15,0.16,0.17,0.20,0.25,0.28,0.33,0.37,0.38,0.40,0.42,0.46,0.50,0.53,0.55,0.60,0.61,0.63,0.66,0.68,0.70,0.74,0.76,0.78,0.80,0.81,0.84,0.86,0.88,0.95,0.96,1.01,1.08,1.13,1.15,1.20,1.22,1.23,1.24,1.27,1.30,1.32,1.33,1.35,1.36,1.39,1.41,1.43,1.45,1.52,1.58,1.60,1.62,1.66,1.69,1.72,1.76,1.80,1.86,1.88,1.91,2.07,2.13,2.16,2.19,2.23,2.42,2.46,2.52,2.53,2.56,2.60,2.62,2.67,2.69,2.74,2.76,2.77,2.79,2.84,2.86,2.93,3.00,3.10,3.15,3.19,3.21,3.22,3.29,3.33,3.45,3.47,3.51,3.64,3.65,3.69,3.70,3.72,3.74,3.77,3.79,3.81,3.83,3.87,3.89,3.91,3.94,3.96,4.02,4.04,4.12,4.14,4.18,4.23,4.32,4.36,4.38,4.42,4.43,4.47,4.51,4.55,4.59,4.61,4.64,4.65,4.67,4.69,4.77,4.84,4.89,4.90,4.94,5.00,5.07,5.09,5.12,5.16,5.20,5.28,5.37,5.47,5.49,5.53,5.55,5.57,5.61,5.63,5.65,5.67,5.73,5.75,5.77,5.79,5.85,5.88,5.91,5.92,5.97,6.00,6.04,6.09,6.10,6.16,6.21,6.24,6.26,6.29,6.32,6.36,6.38,6.44,6.47,6.51,6.54,6.57,6.59,6.61,6.63,6.65,6.66,6.68,6.70,6.74,6.75,6.79,6.81,6.86,6.90,6.92,7.00,7.04,7.07,7.14,7.18,7.20,7.23,7.27,7.29,7.31,7.33,7.37,7.38,7.40,7.44,7.47,7.49,7.53,7.60,7.63,7.67,7.75,7.77,7.82,7.86,7.89,7.92,7.94,7.97,8.00,8.01,8.03,8.04,8.06,8.09,8.10,8.14,8.17,8.20,8.23,8.29,8.31,8.36,8.39,8.41,8.43,8.46,8.51,8.57,8.58,8.64,8.67,8.70,8.76,8.77,8.78,8.80,8.83,8.85,8.87,8.92,8.97,9.06,9.11,9.15,9.19,9.23,9.25,9.28,9.30,9.32,9.34,9.36,9.39,9.42,9.46,9.50,9.55,9.58,9.62,9.64,9.66,9.69,9.72,9.75,9.77,9.79,9.81,9.83,9.85,9.86,9.90,9.91,9.99,10.01,10.05,10.07,10.09,10.11,10.19,10.21,10.25,10.29,10.34,10.35,10.40,10.42,10.43,10.44,10.47,10.49,10.52,10.55,10.61,10.65,10.69,10.70,10.74,10.75,10.77,10.82,10.86,10.91,10.93,10.96,11.00,11.01,11.05,11.06,11.08,11.11,11.15,11.22,11.26,11.28,11.34,11.38,11.44,11.48,11.50,11.53,11.55,11.58,11.60,11.62,11.64,11.67,11.68,11.72,11.77,11.78,11.80,11.81,11.84,11.86,11.87,11.91,11.97,11.98,12.01,12.03,12.06,12.08,12.19,12.25,12.26,12.29,12.42,12.44,12.49,12.52,12.55,12.58,12.60,12.62,12.64,12.69,12.73,12.75,12.82,12.88,12.95,12.97,12.99,13.02,13.03,13.05,13.07,13.12,13.18,13.20],\r\n\t\t\t\t\tgraphEle           : [898.23,898.23,898.23,898.35,898.69,898.85,898.96,899.18,899.71,900.03,901.92,903.75,904.46,905.21,906.29,908.39,910.43,913.19,915.19,920.20,921.52,922.86,926.02,927.56,929.95,933.90,936.20,938.33,940.01,941.57,944.07,946.07,949.10,955.75,957.25,961.55,968.53,972.58,973.55,975.93,976.99,977.55,978.09,979.67,981.28,982.75,983.83,985.13,986.40,988.15,990.61,991.98,993.40,999.96,1007.13,1009.24,1010.74,1015.85,1018.99,1020.95,1023.04,1024.95,1027.69,1029.06,1030.43,1038.57,1043.38,1047.34,1050.50,1056.34,1083.03,1090.49,1099.00,1101.18,1105.28,1110.93,1113.92,1121.64,1124.08,1130.74,1132.58,1134.41,1136.48,1141.53,1144.76,1152.09,1158.03,1166.18,1170.40,1173.12,1174.37,1175.49,1180.91,1184.59,1200.35,1202.91,1207.49,1230.18,1233.49,1239.46,1242.77,1245.09,1248.18,1253.06,1255.12,1258.83,1261.95,1266.87,1270.93,1273.05,1275.44,1276.15,1278.32,1278.80,1281.47,1280.11,1277.99,1274.63,1268.43,1266.05,1264.59,1261.67,1260.96,1258.12,1255.56,1253.89,1252.87,1252.34,1251.58,1251.28,1250.77,1250.07,1246.90,1243.01,1240.88,1239.96,1236.47,1227.25,1215.28,1212.82,1207.01,1200.88,1193.01,1178.09,1162.45,1148.88,1146.32,1140.16,1138.37,1135.90,1132.30,1130.37,1128.89,1127.18,1121.41,1120.67,1120.10,1119.75,1118.05,1117.06,1116.44,1116.13,1116.72,1117.52,1118.47,1119.86,1120.20,1122.47,1125.28,1126.62,1127.90,1129.19,1130.92,1133.44,1135.13,1139.20,1141.14,1143.32,1145.50,1148.97,1150.94,1153.55,1155.63,1157.56,1159.40,1160.96,1163.34,1167.38,1168.95,1172.54,1174.74,1179.42,1183.71,1186.05,1191.03,1193.64,1195.19,1199.13,1200.89,1201.47,1202.58,1204.34,1204.96,1205.65,1206.65,1205.54,1204.88,1204.27,1202.87,1201.47,1200.91,1199.20,1195.19,1193.65,1191.04,1185.93,1183.62,1179.38,1174.75,1172.57,1169.02,1167.46,1163.37,1160.97,1159.40,1157.55,1155.61,1153.52,1150.89,1148.91,1145.41,1143.38,1141.18,1139.23,1135.13,1133.42,1130.92,1129.15,1127.83,1126.51,1125.13,1122.26,1119.72,1119.24,1117.26,1115.90,1114.75,1113.17,1112.97,1112.68,1112.44,1111.79,1111.43,1111.19,1110.20,1108.55,1105.09,1102.79,1100.96,1096.51,1091.36,1089.74,1086.48,1084.51,1082.07,1079.02,1075.43,1071.15,1065.82,1059.70,1052.31,1044.62,1040.65,1037.25,1035.13,1032.53,1029.30,1026.13,1023.90,1023.80,1023.71,1023.60,1023.50,1023.44,1023.37,1023.20,1023.13,1021.10,1020.21,1018.23,1017.34,1016.62,1015.65,1008.46,1006.96,1002.27,997.00,992.01,989.99,983.61,981.63,979.94,978.27,974.49,971.64,967.87,963.69,956.90,952.84,948.76,947.46,943.15,940.90,938.88,931.26,926.42,919.71,916.22,912.65,907.26,904.44,899.17,896.61,894.16,889.57,883.33,880.19,878.22,876.79,873.87,875.36,878.94,881.66,883.31,884.68,886.60,888.70,890.62,892.41,893.77,896.88,898.09,901.16,905.07,906.13,907.54,908.54,910.82,912.22,913.33,916.25,919.43,919.50,919.76,919.90,920.08,920.26,919.70,918.35,917.93,917.28,917.13,917.64,918.77,919.32,920.08,920.09,920.03,919.98,919.93,919.80,919.66,919.62,916.26,913.42,910.16,910.16,910.16,910.16,910.16,910.16,910.16,910.16,910.16,910.16],\r\n\t\t\t\t\tgraphSpeed         : [],\r\n\t\t\t\t\tgraphHr            : [],\r\n\t\t\t\t\tgraphAtemp         : [],\r\n\t\t\t\t\tgraphCad           : [],\r\n\t\t\t\t\tgraphGrade         : [],\r\n\t\t\t\t\twaypoints          : [],\r\n\t\t\t\t\tunit               : \"2\",\r\n\t\t\t\t\tunitspeed          : \"0\",\r\n\t\t\t\t\tcolor1             : [\"#3366cc\"],\r\n\t\t\t\t\tcolor2             : \"#3366cc\",\r\n\t\t\t\t\tcolor3             : \"#ff0000\",\r\n\t\t\t\t\tcolor4             : \"#ff77bd\",\r\n\t\t\t\t\tcolor5             : \"#beecff\",\r\n\t\t\t\t\tcolor6             : \"#beecff\",\r\n\t\t\t\t\tcolor7             : \"#ff77bd\",\r\n\t\t\t\t\tchartFrom1         : \"\",\r\n\t\t\t\t\tchartTo1           : \"\",\r\n\t\t\t\t\tchartFrom2         : \"\",\r\n\t\t\t\t\tchartTo2           : \"\",\r\n\t\t\t\t\tstartIcon          : \"\",\r\n\t\t\t\t\tendIcon            : \"\",\r\n\t\t\t\t\tcurrentIcon        : \"\",\r\n\t\t\t\t\twaypointIcon       : \"https:\/\/lavia.cc\/gpx\/wp-content\/uploads\/gpx\/cropped-icona.ico\",\r\n\t\t\t\t\tcurrentpositioncon : \"\",\r\n\t\t\t\t\tusegpsposition     : \"\",\r\n\t\t\t\t\tzoomOnScrollWheel  : \"\",\r\n\t\t\t\t\tngGalleries        : [],\r\n\t\t\t\t\tngImages           : [],\r\n\t\t\t\t\tpluginUrl          : \"https:\/\/lavia.cc\/gpx\/wp-content\/plugins\",\r\n\t\t\t\t\tTFApiKey           : \"\",\r\n\t\t\t\t\tMapBoxApiKey           : \"\",\r\n\t\t\t\t\tlangs              : {\r\n\t\t\t\t\t\taltitude        : \"Altitudine\",\r\n\t\t\t\t\t\tcurrentPosition : \"Current position\",\r\n\t\t\t\t\t\tspeed           : \"Velocit\u00e0\",\r\n\t\t\t\t\t\tgrade           : \"Grade\",\r\n\t\t\t\t\t\theartRate       : \"Battito Cardiaco\",\r\n\t\t\t\t\t\tatemp           : \"Temperature\",\r\n\t\t\t\t\t\tcadence         : \"Cadenza\",\r\n\t\t\t\t\t\tgoFullScreen    : \"Go full screen\",\r\n\t\t\t\t\t\texitFullFcreen  : \"Exit full screen\",\r\n\t\t\t\t\t\thideImages      : \"Hide images\",\r\n\t\t\t\t\t\tshowImages      : \"Show images\",\r\n\t\t\t\t\t\tbackToCenter\t: \"Ritorna al centro della mappa\"\r\n\t\t\t\t\t}\r\n\t\t\t\t});\r\n\r\n\t\t\t});\r\n\r\n\t\t<\/script>\n<p>\ud83d\udfe2 Segui\u00a0<strong>LAVIA,<\/strong>\u00a0arriva alla\u00a0<strong>META<\/strong>!<\/p>\n","protected":false},"excerpt":{"rendered":"<p><strong>\ud83d\udccd Una traccia di <a href=\"https:\/\/lavia.cc\/gpx\/pietro-franzese\/\" target=\"_blank\" rel=\"noopener\">PIETRO FRANZESE<\/a><\/strong><\/p>\n<p>Abiti a Milano e vuoi fare un&#8217;escursione non troppo difficile con una vista pazzesca sul Lago di Como? Allora prendi la macchina fai qualche tornante e in meno di un&#8217;ora arriva al parcheggio dell&#8217;Alpe del Vicer\u00e8. Da qui si inizia il percorso in un boschetto, nella parte forse pi\u00f9 pendente di tutta la traccia, fino alla Capanna Mara, dalla quale si pu\u00f2 godere di una vista bellissima sulla Brianza. Si prosegue poi verso il Bolettone, seguendo un sentiero ben battuto. Il panorama a poco a poco si apre e lascia godere della vista del lago e del massiccio del Rosa. Siamo a 1317 metri ma il percorso non \u00e8 ancora finito, perch\u00e9 ora si va verso il Monte Boletto. Il percorso \u00e8 semplice, si raggiunge in circa un&#8217;oretta, e da quass\u00f9 la vista sul Lago di Como \u00e8 davvero pazzesca: si vede il faro di Brunate e tutto l&#8217;arco alpino piemontese. Da qui si scende verso il punto di partenza su un tratto semplice e rilassante tra foglie, alberi e cascatelle che ci riportano fino all&#8217;Alpe del Vicer\u00e8 chiudendo l&#8217;anello.<\/p>\n<p>\ud83d\udfe2 Segui\u00a0<strong>LAVIA,<\/strong>\u00a0arriva alla\u00a0<strong>META<\/strong>!<\/p>\n","protected":false},"featured_media":9244,"comment_status":"open","ping_status":"closed","template":"","meta":[],"product_brand":[],"product_cat":[31],"product_tag":[1275,362,73],"class_list":{"0":"post-9239","1":"product","2":"type-product","3":"status-publish","4":"has-post-thumbnail","6":"product_cat-escursionismo","7":"product_tag-albavilla","8":"product_tag-como","9":"product_tag-lombardia","11":"first","12":"instock","13":"downloadable","14":"virtual","15":"product-type-simple"},"_links":{"self":[{"href":"https:\/\/lavia.cc\/gpx\/wp-json\/wp\/v2\/product\/9239","targetHints":{"allow":["GET"]}}],"collection":[{"href":"https:\/\/lavia.cc\/gpx\/wp-json\/wp\/v2\/product"}],"about":[{"href":"https:\/\/lavia.cc\/gpx\/wp-json\/wp\/v2\/types\/product"}],"replies":[{"embeddable":true,"href":"https:\/\/lavia.cc\/gpx\/wp-json\/wp\/v2\/comments?post=9239"}],"version-history":[{"count":9,"href":"https:\/\/lavia.cc\/gpx\/wp-json\/wp\/v2\/product\/9239\/revisions"}],"predecessor-version":[{"id":9434,"href":"https:\/\/lavia.cc\/gpx\/wp-json\/wp\/v2\/product\/9239\/revisions\/9434"}],"wp:featuredmedia":[{"embeddable":true,"href":"https:\/\/lavia.cc\/gpx\/wp-json\/wp\/v2\/media\/9244"}],"wp:attachment":[{"href":"https:\/\/lavia.cc\/gpx\/wp-json\/wp\/v2\/media?parent=9239"}],"wp:term":[{"taxonomy":"product_brand","embeddable":true,"href":"https:\/\/lavia.cc\/gpx\/wp-json\/wp\/v2\/product_brand?post=9239"},{"taxonomy":"product_cat","embeddable":true,"href":"https:\/\/lavia.cc\/gpx\/wp-json\/wp\/v2\/product_cat?post=9239"},{"taxonomy":"product_tag","embeddable":true,"href":"https:\/\/lavia.cc\/gpx\/wp-json\/wp\/v2\/product_tag?post=9239"}],"curies":[{"name":"wp","href":"https:\/\/api.w.org\/{rel}","templated":true}]}}