{"id":9775,"date":"2024-01-25T12:57:52","date_gmt":"2024-01-25T11:57:52","guid":{"rendered":"https:\/\/lavia.cc\/gpx\/?post_type=product&#038;p=9775"},"modified":"2024-10-22T15:41:54","modified_gmt":"2024-10-22T13:41:54","slug":"la-greenway-voghera-varzi","status":"publish","type":"product","link":"https:\/\/lavia.cc\/gpx\/tracce\/la-greenway-voghera-varzi\/","title":{"rendered":"La Greenway Voghera-Varzi"},"content":{"rendered":"<h4>La Greenway Voghera-Varzi<\/h4>\n<p>\ud83d\udeb2 Tipologia di bici consigliate: <a href=\"https:\/\/lavia.cc\/gpx\/categoria-tracce\/gravel\/\" target=\"_blank\" rel=\"noopener\">Gravel<\/a> \/ Cicloturismo \/ Strada<\/p>\n<p>\ud83d\udee4\ufe0f Fondo: 100% asfalto<\/p>\n<p>\u27a1\ufe0f Clicca qui per andare al punto di partenza:\u00a0<a href=\"https:\/\/www.google.it\/maps\/place\/Piazza+Duomo,+27058+Voghera+PV\/data=!4m2!3m1!1s0x47873ee821b35407:0x90f68ea5b96bc4dd?sa=X&amp;ved=2ahUKEwjLwKTDu_iDAxXr-AIHHb-0BtMQ8gF6BAhTEAA\" target=\"_blank\" rel=\"noopener\">GOOGLE MAPS<\/a> (Piazza Duomo, Voghera)<\/p>\n<p>\ud83d\udd5c Periodo consigliato: tutto l&#8217;anno.<\/p>\n<p>\ud83d\uddfa\ufe0f Mappa e altimetria dell&#8217;itinerario cicloturistico &#8220;La Greenway Voghera-Varzi&#8221;:<\/p>\n\r\n\t\t<div id=\"wpgpxmaps_9775_1245680\" class=\"wpgpxmaps\">\r\n\t\t\t<div id=\"map_9775_1245680_cont\" style=\"width:100%; height:450px;position:relative\" >\r\n\t\t\t\t<div id=\"map_9775_1245680\" style=\"width:100%; height:450px\"><\/div>\r\n\t\t\t\t<div id=\"wpgpxmaps_9775_1245680_osm_footer\" class=\"wpgpxmaps_osm_footer\" style=\"display:none;\"><span> &copy; <a href=\"http:\/\/www.openstreetmap.org\/copyright\" target=\"_blank\" rel=\"noopener\">OpenStreetMap<\/a> contributors<\/span><\/div>\r\n\t\t\t<\/div>\r\n\t\t\t<canvas id=\"myChart_9775_1245680\" class=\"plot\" style=\"width:100%; height:200px\"><\/canvas>\r\n\t\t\t<div id=\"ngimages_9775_1245680\" class=\"ngimages\" style=\"display:none\"><\/div>\r\n\t\t\t<div id=\"report_9775_1245680\" class=\"report\"><\/div>\r\n\t\t<\/div>\r\n\t\t\r\n\t\t<script type=\"text\/javascript\">\r\n\r\n\t\t\tjQuery(document).ready(function() {\r\n\r\n\t\t\t\tjQuery( \"#wpgpxmaps_9775_1245680\" ).wpgpxmaps( {\r\n\t\t\t\t\ttargetId           : \"9775_1245680\",\r\n\t\t\t\t\tmapType            : \"HYBRID\",\r\n\t\t\t\t\tmapData            : [[44.9925030,9.0082670],[44.9929420,9.0082190],[44.9930740,9.0085610],[44.9931920,9.0084750],[44.9933380,9.0083500],[44.9935010,9.0082030],[44.9934560,9.0080210],[44.9935920,9.0082770],[44.9938180,9.0087180],[44.9946380,9.0081880],[44.9950280,9.0081280],[44.9953070,9.0080910],[44.9954470,9.0080730],[44.9956980,9.0080400],[44.9962820,9.0079610],[44.9967700,9.0078880],[44.9968340,9.0080190],[44.9968880,9.0081960],[44.9968920,9.0085390],[44.9968960,9.0089640],[44.9969020,9.0094850],[44.9969060,9.0098910],[44.9969070,9.0101440],[44.9969060,9.0103930],[44.9969050,9.0109020],[44.9969040,9.0112040],[44.9969040,9.0115100],[44.9969030,9.0119130],[44.9971320,9.0120180],[44.9973870,9.0120080],[44.9974880,9.0120020],[44.9975190,9.0121810],[44.9975130,9.0133480],[44.9975120,9.0135570],[44.9975050,9.0149900],[44.9975020,9.0156210],[44.9975010,9.0157670],[44.9975000,9.0159300],[44.9974980,9.0164470],[44.9974950,9.0170360],[44.9969010,9.0171030],[44.9968720,9.0172540],[44.9972500,9.0180970],[44.9979320,9.0195210],[44.9981030,9.0198820],[44.9988960,9.0216040],[44.9989780,9.0219670],[44.9989950,9.0222650],[44.9989880,9.0223970],[44.9989370,9.0227570],[44.9988960,9.0230550],[44.9995490,9.0232380],[44.9997170,9.0232820],[44.9997260,9.0237380],[44.9995850,9.0247930],[44.9993390,9.0263960],[44.9992170,9.0271930],[44.9989960,9.0288130],[44.9989480,9.0293170],[44.9989310,9.0297820],[44.9989050,9.0311670],[44.9988260,9.0320820],[44.9987190,9.0324810],[44.9984830,9.0331550],[44.9981640,9.0337340],[44.9978890,9.0341150],[44.9971830,9.0345520],[44.9970550,9.0346180],[44.9957460,9.0352110],[44.9953920,9.0354100],[44.9950400,9.0356660],[44.9947600,9.0359290],[44.9944550,9.0363090],[44.9937530,9.0373530],[44.9910720,9.0413780],[44.9887850,9.0448690],[44.9875580,9.0466970],[44.9861860,9.0487570],[44.9813180,9.0560520],[44.9812450,9.0561620],[44.9809020,9.0567090],[44.9802170,9.0577230],[44.9794090,9.0587170],[44.9788620,9.0592200],[44.9780130,9.0599060],[44.9775840,9.0601840],[44.9770410,9.0604880],[44.9762600,9.0608410],[44.9755970,9.0610360],[44.9748990,9.0611780],[44.9739850,9.0612300],[44.9733160,9.0611990],[44.9727720,9.0611060],[44.9708450,9.0607890],[44.9693410,9.0605240],[44.9690300,9.0603800],[44.9689070,9.0600590],[44.9688130,9.0599280],[44.9686910,9.0598840],[44.9685760,9.0599110],[44.9684830,9.0599820],[44.9683610,9.0600180],[44.9681260,9.0598600],[44.9673910,9.0591170],[44.9668930,9.0585120],[44.9663830,9.0578460],[44.9657470,9.0569170],[44.9656100,9.0566620],[44.9655220,9.0565080],[44.9655630,9.0563340],[44.9655240,9.0562180],[44.9653840,9.0561300],[44.9652510,9.0558500],[44.9648340,9.0549830],[44.9641550,9.0535090],[44.9637500,9.0527370],[44.9622100,9.0501960],[44.9595170,9.0457000],[44.9580270,9.0432220],[44.9565410,9.0407490],[44.9547190,9.0377190],[44.9528780,9.0346510],[44.9517830,9.0327170],[44.9508490,9.0311560],[44.9505570,9.0307930],[44.9501380,9.0304440],[44.9497060,9.0302040],[44.9494330,9.0301120],[44.9491800,9.0300640],[44.9478860,9.0298330],[44.9476470,9.0298060],[44.9461200,9.0295150],[44.9457410,9.0294430],[44.9441520,9.0291540],[44.9437120,9.0290020],[44.9421270,9.0281080],[44.9394120,9.0264860],[44.9361740,9.0246190],[44.9341350,9.0234630],[44.9331430,9.0229570],[44.9320570,9.0227710],[44.9306470,9.0227690],[44.9306590,9.0225680],[44.9304220,9.0225580],[44.9302500,9.0224380],[44.9301970,9.0223260],[44.9300490,9.0202690],[44.9300910,9.0200930],[44.9300220,9.0196860],[44.9299650,9.0187350],[44.9298450,9.0187640],[44.9293360,9.0187900],[44.9291470,9.0188910],[44.9287680,9.0192050],[44.9285350,9.0192260],[44.9283990,9.0192780],[44.9280950,9.0196180],[44.9266710,9.0200710],[44.9263970,9.0201950],[44.9260760,9.0205360],[44.9257990,9.0205620],[44.9256360,9.0206950],[44.9253660,9.0207930],[44.9251610,9.0209800],[44.9244880,9.0213670],[44.9232850,9.0220530],[44.9230610,9.0219210],[44.9228260,9.0220980],[44.9226860,9.0221580],[44.9215800,9.0230220],[44.9211700,9.0234440],[44.9208470,9.0238360],[44.9207640,9.0239720],[44.9202910,9.0251800],[44.9196220,9.0263630],[44.9194110,9.0268560],[44.9191380,9.0267790],[44.9188860,9.0266080],[44.9186220,9.0263760],[44.9186370,9.0262290],[44.9171830,9.0254950],[44.9170180,9.0256160],[44.9169220,9.0259360],[44.9168650,9.0261880],[44.9168190,9.0263930],[44.9165790,9.0276860],[44.9165030,9.0278070],[44.9171350,9.0283120],[44.9175430,9.0286420],[44.9179900,9.0290020],[44.9183790,9.0293160],[44.9189460,9.0297730],[44.9195650,9.0302820],[44.9198370,9.0305080],[44.9197320,9.0308410],[44.9196400,9.0310180],[44.9194030,9.0313570],[44.9190380,9.0322100],[44.9185890,9.0331520],[44.9181440,9.0339700],[44.9174220,9.0351950],[44.9172130,9.0355650],[44.9165620,9.0364410],[44.9159010,9.0370850],[44.9150860,9.0377750],[44.9127220,9.0396780],[44.9119020,9.0403840],[44.9113130,9.0409220],[44.9109280,9.0413250],[44.9096500,9.0429990],[44.9091390,9.0437980],[44.9087780,9.0444860],[44.9085980,9.0447140],[44.9083540,9.0452660],[44.9074160,9.0471770],[44.9073520,9.0474170],[44.9072050,9.0477500],[44.9069850,9.0481120],[44.9066620,9.0485470],[44.9061310,9.0490600],[44.9057670,9.0493330],[44.9052700,9.0495610],[44.9042980,9.0498800],[44.9041310,9.0499730],[44.9040430,9.0500250],[44.9031370,9.0506280],[44.9028070,9.0506970],[44.9024270,9.0508630],[44.9023330,9.0508060],[44.9019680,9.0500020],[44.9019120,9.0498960],[44.9015930,9.0500600],[44.9012880,9.0501810],[44.9009010,9.0503830],[44.9005370,9.0506180],[44.9003900,9.0507700],[44.9001850,9.0510750],[44.9000560,9.0512040],[44.8998470,9.0513540],[44.8992270,9.0516760],[44.8991150,9.0517860],[44.8992400,9.0524780],[44.8992920,9.0526370],[44.8993860,9.0528050],[44.8993090,9.0528730],[44.8990880,9.0530530],[44.8989990,9.0531810],[44.8988430,9.0532140],[44.8986650,9.0531720],[44.8982880,9.0528440],[44.8977850,9.0527810],[44.8974490,9.0527410],[44.8973010,9.0527250],[44.8970180,9.0526940],[44.8965090,9.0526920],[44.8960260,9.0528300],[44.8956910,9.0530330],[44.8952860,9.0534160],[44.8950700,9.0536930],[44.8948010,9.0542110],[44.8947150,9.0544300],[44.8946300,9.0546710],[44.8945420,9.0550590],[44.8945160,9.0551880],[44.8944650,9.0556180],[44.8944670,9.0557970],[44.8944740,9.0562570],[44.8944570,9.0564300],[44.8943970,9.0572050],[44.8942950,9.0577650],[44.8939990,9.0586160],[44.8938680,9.0589000],[44.8936670,9.0592090],[44.8934390,9.0594810],[44.8928250,9.0600720],[44.8926670,9.0601510],[44.8920470,9.0603500],[44.8914380,9.0604050],[44.8911880,9.0604570],[44.8907540,9.0604020],[44.8902420,9.0602480],[44.8899950,9.0602250],[44.8898490,9.0602680],[44.8897350,9.0603610],[44.8895070,9.0603220],[44.8892800,9.0603630],[44.8886580,9.0603920],[44.8884610,9.0603460],[44.8879260,9.0600590],[44.8864420,9.0594760],[44.8846860,9.0587660],[44.8844600,9.0587280],[44.8842390,9.0587810],[44.8840300,9.0588720],[44.8839330,9.0588570],[44.8837550,9.0583710],[44.8835670,9.0582340],[44.8834270,9.0582500],[44.8830230,9.0587430],[44.8826740,9.0590400],[44.8822320,9.0593050],[44.8818930,9.0594500],[44.8810540,9.0599360],[44.8809160,9.0600840],[44.8803920,9.0604370],[44.8800950,9.0605940],[44.8799810,9.0606580],[44.8794920,9.0608680],[44.8788030,9.0610590],[44.8790180,9.0625020],[44.8790370,9.0628690],[44.8780410,9.0632740],[44.8776970,9.0633780],[44.8772770,9.0636150],[44.8768340,9.0638190],[44.8757480,9.0640600],[44.8756260,9.0641300],[44.8755350,9.0644690],[44.8754840,9.0646040],[44.8748070,9.0649270],[44.8744740,9.0651500],[44.8741190,9.0654890],[44.8731310,9.0665360],[44.8727600,9.0668030],[44.8721400,9.0670950],[44.8720470,9.0671990],[44.8720460,9.0675200],[44.8710720,9.0677820],[44.8709400,9.0678620],[44.8707390,9.0680930],[44.8705570,9.0683560],[44.8697730,9.0697440],[44.8694190,9.0701830],[44.8689510,9.0706000],[44.8688710,9.0706600],[44.8685470,9.0708580],[44.8678480,9.0709600],[44.8673910,9.0710160],[44.8661230,9.0710260],[44.8660220,9.0710480],[44.8657890,9.0710300],[44.8647090,9.0710580],[44.8644180,9.0710960],[44.8639390,9.0712700],[44.8635090,9.0715270],[44.8632680,9.0717460],[44.8629090,9.0721630],[44.8626700,9.0725280],[44.8625000,9.0729230],[44.8623410,9.0733770],[44.8621920,9.0739930],[44.8618190,9.0765380],[44.8616880,9.0769590],[44.8614130,9.0775830],[44.8612840,9.0777970],[44.8605560,9.0787790],[44.8601600,9.0794110],[44.8595350,9.0808260],[44.8592370,9.0813320],[44.8591020,9.0814940],[44.8588080,9.0816660],[44.8583590,9.0820640],[44.8579650,9.0823700],[44.8576480,9.0827290],[44.8573970,9.0829610],[44.8570940,9.0832010],[44.8568270,9.0833720],[44.8564160,9.0838990],[44.8560850,9.0844420],[44.8558560,9.0842870],[44.8556750,9.0845800],[44.8557690,9.0848840],[44.8557960,9.0850160],[44.8556070,9.0856730],[44.8554580,9.0863050],[44.8553640,9.0869220],[44.8550160,9.0898960],[44.8549890,9.0900350],[44.8546900,9.0927300],[44.8545200,9.0935470],[44.8543960,9.0939530],[44.8541570,9.0944960],[44.8537570,9.0950530],[44.8534500,9.0953650],[44.8532690,9.0955010],[44.8531600,9.0955830],[44.8524180,9.0959320],[44.8520340,9.0961130],[44.8519170,9.0960610],[44.8516920,9.0961000],[44.8515730,9.0961670],[44.8514210,9.0962530],[44.8513230,9.0963100],[44.8512370,9.0963580],[44.8508590,9.0966150],[44.8506330,9.0968340],[44.8502110,9.0970790],[44.8493240,9.0978540],[44.8489560,9.0982350],[44.8482580,9.0989830],[44.8463740,9.1009130],[44.8459230,9.1016280],[44.8450090,9.1032280],[44.8435800,9.1057300],[44.8430900,9.1064350],[44.8420950,9.1076430],[44.8417120,9.1081500],[44.8415550,9.1083640],[44.8413740,9.1085480],[44.8408690,9.1091800],[44.8402250,9.1098200],[44.8396620,9.1101980],[44.8381180,9.1111170],[44.8368480,9.1118850],[44.8366170,9.1120670],[44.8362680,9.1124280],[44.8360970,9.1126690],[44.8357730,9.1132370],[44.8350450,9.1146370],[44.8340620,9.1165110],[44.8337890,9.1168970],[44.8335300,9.1171530],[44.8330850,9.1175010],[44.8324950,9.1178290],[44.8317840,9.1180170],[44.8310620,9.1182570],[44.8307250,9.1184300],[44.8302430,9.1187580],[44.8292480,9.1196310],[44.8290050,9.1196840],[44.8286100,9.1199950],[44.8275300,9.1210330],[44.8269370,9.1215610],[44.8264760,9.1220460],[44.8263330,9.1221850],[44.8259850,9.1225220],[44.8256400,9.1228550],[44.8253910,9.1231610],[44.8251700,9.1235830],[44.8248330,9.1244170],[44.8245070,9.1253160],[44.8244500,9.1256850],[44.8243810,9.1257980],[44.8241270,9.1262200],[44.8231570,9.1278970],[44.8229480,9.1283100],[44.8227720,9.1287980],[44.8226700,9.1291600],[44.8225640,9.1298430],[44.8225440,9.1300690],[44.8225490,9.1308670],[44.8226240,9.1328570],[44.8226860,9.1336910],[44.8227830,9.1342450],[44.8229450,9.1347460],[44.8231440,9.1352560],[44.8233440,9.1359170],[44.8236190,9.1373230],[44.8235320,9.1386070],[44.8234420,9.1395750],[44.8234030,9.1401520],[44.8234780,9.1404380],[44.8235140,9.1408990],[44.8238250,9.1436230],[44.8238560,9.1441280],[44.8238640,9.1454610],[44.8238080,9.1463520],[44.8237180,9.1473000],[44.8235000,9.1492240],[44.8232030,9.1520000],[44.8231290,9.1528810],[44.8230780,9.1546510],[44.8230760,9.1553170],[44.8230710,9.1554520],[44.8230710,9.1557530],[44.8230980,9.1559670],[44.8232460,9.1567000],[44.8233740,9.1571410],[44.8235120,9.1575280],[44.8238460,9.1582590],[44.8240440,9.1588330],[44.8245500,9.1601460],[44.8247410,9.1608730],[44.8247760,9.1610430],[44.8248180,9.1619220],[44.8247580,9.1631590],[44.8246540,9.1644910],[44.8246730,9.1649790],[44.8245500,9.1661190],[44.8245270,9.1667290],[44.8245640,9.1687790],[44.8245790,9.1710510],[44.8245910,9.1724290],[44.8245940,9.1738680],[44.8245970,9.1752600],[44.8247280,9.1750630],[44.8247830,9.1755120],[44.8247930,9.1768420],[44.8248030,9.1776710],[44.8248060,9.1789270],[44.8248060,9.1794380],[44.8248050,9.1796070],[44.8248090,9.1798620],[44.8248100,9.1804230],[44.8248150,9.1806050],[44.8248220,9.1808620],[44.8248470,9.1813810],[44.8249120,9.1821680],[44.8249350,9.1825060],[44.8249420,9.1826620],[44.8249400,9.1827990],[44.8249420,9.1829360],[44.8248820,9.1836060],[44.8248600,9.1840800],[44.8248550,9.1842100],[44.8248480,9.1847010],[44.8248500,9.1850230],[44.8248390,9.1852270],[44.8247710,9.1859280],[44.8247390,9.1862650],[44.8247220,9.1864480],[44.8246950,9.1867370],[44.8246810,9.1868960],[44.8246630,9.1870790],[44.8246500,9.1872090],[44.8246180,9.1875630],[44.8245940,9.1878670],[44.8243670,9.1878420],[44.8242520,9.1879510],[44.8239650,9.1878020],[44.8237260,9.1884380],[44.8235740,9.1889740],[44.8234970,9.1894600],[44.8234430,9.1896220],[44.8232640,9.1900030],[44.8228170,9.1917550],[44.8227270,9.1921380],[44.8226620,9.1924160],[44.8226110,9.1926340],[44.8224710,9.1932330],[44.8224660,9.1935980],[44.8224550,9.1937720],[44.8223240,9.1939970],[44.8222530,9.1946320],[44.8221750,9.1951840],[44.8221290,9.1955440],[44.8220790,9.1959490],[44.8220470,9.1962020],[44.8219310,9.1971390],[44.8219050,9.1973440],[44.8218530,9.1977630],[44.8218290,9.1979840],[44.8218080,9.1981660],[44.8217530,9.1986660]],\r\n\t\t\t\t\tgraphDist          : [0.00,0.05,0.08,0.09,0.11,0.14,0.15,0.18,0.22,0.33,0.37,0.40,0.42,0.45,0.51,0.57,0.59,0.61,0.63,0.67,0.71,0.74,0.76,0.78,0.82,0.84,0.87,0.90,0.93,0.96,0.97,0.99,1.08,1.10,1.21,1.26,1.27,1.28,1.32,1.37,1.44,1.45,1.53,1.66,1.70,1.86,1.89,1.91,1.92,1.95,1.97,2.05,2.07,2.10,2.19,2.32,2.38,2.51,2.55,2.59,2.70,2.77,2.80,2.86,2.92,2.96,3.05,3.06,3.22,3.26,3.30,3.34,3.39,3.50,3.93,4.31,4.51,4.73,5.52,5.53,5.59,5.70,5.82,5.89,6.00,6.05,6.11,6.21,6.28,6.36,6.46,6.54,6.60,6.81,6.98,7.02,7.05,7.06,7.07,7.09,7.10,7.11,7.14,7.24,7.32,7.39,7.49,7.52,7.54,7.55,7.56,7.58,7.61,7.69,7.83,7.90,8.17,8.63,8.88,9.14,9.45,9.77,9.96,10.13,10.17,10.22,10.27,10.31,10.33,10.48,10.51,10.68,10.72,10.90,10.95,11.14,11.47,11.85,12.10,12.22,12.34,12.49,12.51,12.54,12.56,12.57,12.73,12.75,12.78,12.85,12.87,12.92,12.95,13.00,13.02,13.04,13.08,13.24,13.28,13.32,13.35,13.37,13.40,13.43,13.51,13.66,13.68,13.71,13.73,13.87,13.93,13.97,13.99,14.10,14.22,14.26,14.30,14.33,14.36,14.37,14.55,14.57,14.60,14.62,14.63,14.74,14.75,14.83,14.88,14.94,14.99,15.06,15.14,15.18,15.21,15.22,15.26,15.34,15.43,15.51,15.64,15.67,15.77,15.86,15.97,16.27,16.38,16.46,16.51,16.70,16.79,16.86,16.88,16.93,17.12,17.14,17.17,17.21,17.26,17.33,17.37,17.43,17.54,17.56,17.57,17.68,17.72,17.77,17.78,17.85,17.86,17.90,17.94,17.98,18.03,18.05,18.08,18.10,18.12,18.20,18.21,18.27,18.28,18.30,18.31,18.34,18.35,18.37,18.39,18.44,18.50,18.53,18.55,18.58,18.64,18.69,18.73,18.79,18.82,18.87,18.89,18.91,18.94,18.95,18.99,19.00,19.04,19.05,19.11,19.16,19.23,19.26,19.29,19.33,19.41,19.43,19.50,19.57,19.60,19.64,19.70,19.73,19.75,19.76,19.79,19.81,19.88,19.90,19.97,20.14,20.34,20.37,20.39,20.42,20.43,20.47,20.49,20.51,20.57,20.61,20.67,20.71,20.81,20.83,20.89,20.93,20.94,21.00,21.08,21.19,21.22,21.34,21.38,21.43,21.48,21.60,21.62,21.65,21.66,21.74,21.78,21.83,21.96,22.01,22.08,22.10,22.12,22.23,22.25,22.28,22.31,22.44,22.50,22.56,22.57,22.61,22.69,22.74,22.88,22.89,22.92,23.04,23.07,23.12,23.18,23.21,23.26,23.30,23.33,23.37,23.43,23.63,23.67,23.72,23.75,23.86,23.93,24.06,24.11,24.13,24.16,24.22,24.27,24.32,24.35,24.39,24.42,24.48,24.54,24.57,24.60,24.63,24.64,24.69,24.75,24.80,25.03,25.05,25.26,25.33,25.36,25.41,25.48,25.52,25.54,25.55,25.64,25.69,25.70,25.72,25.74,25.76,25.77,25.78,25.83,25.86,25.91,26.02,26.07,26.17,26.43,26.51,26.67,26.92,27.00,27.14,27.20,27.23,27.25,27.33,27.41,27.48,27.67,27.82,27.85,27.90,27.93,27.99,28.12,28.31,28.35,28.38,28.44,28.51,28.59,28.67,28.71,28.77,28.90,28.93,28.98,29.13,29.21,29.27,29.29,29.34,29.38,29.42,29.46,29.54,29.62,29.65,29.66,29.70,29.87,29.91,29.95,29.99,30.04,30.06,30.12,30.28,30.34,30.39,30.43,30.48,30.54,30.65,30.75,30.83,30.88,30.90,30.94,31.15,31.19,31.30,31.37,31.45,31.60,31.82,31.89,32.03,32.08,32.09,32.12,32.13,32.19,32.23,32.27,32.33,32.38,32.50,32.56,32.58,32.65,32.74,32.85,32.89,32.98,33.03,33.19,33.37,33.48,33.59,33.70,33.72,33.77,33.87,33.94,34.04,34.08,34.09,34.11,34.15,34.17,34.19,34.23,34.29,34.32,34.33,34.34,34.35,34.41,34.44,34.45,34.49,34.52,34.53,34.59,34.62,34.63,34.65,34.67,34.68,34.69,34.72,34.74,34.77,34.78,34.82,34.88,34.92,34.96,34.98,35.01,35.16,35.19,35.22,35.23,35.28,35.31,35.33,35.35,35.40,35.45,35.47,35.51,35.53,35.60,35.62,35.65,35.67,35.68,35.72],\r\n\t\t\t\t\tgraphEle           : [102.85,102.85,102.85,102.85,102.72,102.52,102.35,102.08,101.68,100.65,100.01,99.60,99.39,99.02,98.24,97.85,97.72,97.58,97.38,97.14,96.84,96.58,96.41,96.25,95.92,95.72,95.52,95.26,95.11,94.99,94.94,94.88,94.50,94.44,95.37,95.80,95.90,96.01,96.30,96.56,96.93,97.00,97.08,96.02,95.75,94.51,94.28,94.13,94.08,93.95,93.84,93.51,93.42,93.24,92.70,91.88,91.51,90.75,90.51,90.29,89.63,89.70,89.73,89.80,89.96,90.22,90.73,90.83,91.40,91.53,91.66,91.62,91.59,91.49,92.31,93.91,94.32,95.22,104.99,105.15,105.90,107.33,108.70,109.54,110.93,111.61,112.47,113.73,114.77,115.85,117.24,118.44,119.58,123.85,127.53,128.37,129.05,129.38,129.70,130.00,130.27,130.60,131.29,133.67,135.31,136.73,138.61,138.85,138.97,139.09,139.17,139.31,139.51,140.15,139.30,138.73,136.17,137.41,139.90,142.77,146.64,149.64,149.64,148.89,148.73,148.53,148.34,148.23,148.13,147.67,147.61,147.74,148.01,150.08,150.67,152.44,152.00,151.97,153.13,153.64,154.13,154.64,154.53,154.27,154.05,153.95,152.21,152.01,151.58,150.61,150.43,150.03,150.01,149.97,149.95,149.93,149.90,150.47,150.59,150.84,151.06,151.21,151.43,151.63,152.18,153.03,153.20,153.39,153.50,154.50,155.07,155.70,155.89,157.33,159.59,160.45,161.13,161.83,162.60,162.86,166.06,166.25,166.48,166.66,166.80,166.64,166.42,165.01,164.10,163.47,163.02,162.37,162.55,162.92,163.22,163.40,163.79,164.81,166.15,167.39,169.41,170.01,171.77,173.37,175.13,179.44,180.47,181.13,181.56,182.83,183.49,184.02,184.24,184.66,186.18,186.33,186.56,186.84,187.21,187.62,187.77,187.97,187.74,187.55,187.44,186.34,185.88,185.27,185.11,184.07,183.93,183.48,183.65,183.87,184.09,184.19,184.35,184.45,184.87,186.05,186.29,187.20,187.42,187.65,187.70,187.83,187.89,187.97,188.06,188.28,188.53,188.59,188.61,188.65,188.73,188.81,189.14,189.61,189.90,190.34,190.52,190.70,190.97,191.06,191.36,191.48,191.79,191.91,192.62,193.49,194.91,195.42,196.05,197.53,201.40,202.27,205.54,207.58,208.42,209.88,211.48,211.56,211.60,211.64,211.71,211.78,211.97,212.05,212.47,213.10,211.53,211.11,210.69,210.28,210.10,209.38,208.98,208.85,208.49,208.22,207.90,207.76,208.18,208.27,208.54,208.87,209.00,209.58,210.37,212.67,213.30,215.68,216.40,217.32,218.27,220.58,220.86,221.42,221.64,223.14,223.90,224.79,227.51,228.49,230.02,230.30,230.68,232.27,232.50,232.92,233.26,234.04,234.33,234.75,234.82,235.10,235.64,235.32,233.95,233.84,233.73,233.49,233.42,233.87,234.86,235.47,236.45,237.20,237.76,238.39,239.18,242.05,242.53,243.34,243.66,245.32,246.33,248.38,249.17,249.46,249.96,250.81,251.53,252.07,252.37,252.73,253.03,253.59,254.09,254.35,254.61,254.85,254.94,255.42,255.55,255.66,256.58,256.64,259.46,260.49,261.01,261.76,262.70,263.09,263.17,263.22,263.53,263.69,263.75,263.91,264.00,264.11,264.18,264.25,264.54,264.73,265.09,266.18,266.65,267.61,270.59,271.63,274.77,279.93,281.26,283.65,284.52,284.88,285.25,286.25,287.23,288.01,289.78,290.68,290.83,291.10,291.33,291.84,293.44,297.73,298.47,299.07,300.04,301.06,301.44,301.84,302.06,302.42,303.31,303.72,304.47,306.37,306.87,307.27,307.39,307.60,307.80,307.96,308.13,308.83,309.93,310.34,310.50,311.13,314.36,315.06,315.71,316.18,317.01,317.28,318.15,320.02,320.86,321.45,322.02,322.63,323.38,324.91,326.63,328.15,329.06,329.54,330.25,334.06,334.53,335.77,336.40,337.07,338.89,342.37,343.59,346.25,347.25,347.45,347.71,347.89,348.49,348.87,349.21,349.95,350.51,351.85,352.81,353.02,354.11,355.55,357.01,357.54,359.21,360.11,363.49,367.67,370.33,372.81,375.11,375.37,375.90,377.17,378.13,379.76,380.42,380.63,381.04,382.03,382.35,382.80,383.71,385.11,385.69,385.96,386.20,386.43,387.60,388.42,388.64,389.49,389.91,390.16,391.04,391.46,391.68,392.04,392.24,392.47,392.63,392.78,392.87,392.95,393.01,393.13,393.33,393.63,393.95,394.07,394.38,395.89,396.30,396.59,396.82,397.46,397.86,398.07,398.43,399.18,399.84,400.27,400.59,400.59,400.59,400.59,400.59,400.59,400.59,400.59],\r\n\t\t\t\t\tgraphSpeed         : [],\r\n\t\t\t\t\tgraphHr            : [],\r\n\t\t\t\t\tgraphAtemp         : [],\r\n\t\t\t\t\tgraphCad           : [],\r\n\t\t\t\t\tgraphGrade         : [],\r\n\t\t\t\t\twaypoints          : [],\r\n\t\t\t\t\tunit               : \"2\",\r\n\t\t\t\t\tunitspeed          : \"0\",\r\n\t\t\t\t\tcolor1             : [\"#3366cc\"],\r\n\t\t\t\t\tcolor2             : \"#3366cc\",\r\n\t\t\t\t\tcolor3             : \"#ff0000\",\r\n\t\t\t\t\tcolor4             : \"#ff77bd\",\r\n\t\t\t\t\tcolor5             : \"#beecff\",\r\n\t\t\t\t\tcolor6             : \"#beecff\",\r\n\t\t\t\t\tcolor7             : \"#ff77bd\",\r\n\t\t\t\t\tchartFrom1         : \"\",\r\n\t\t\t\t\tchartTo1           : \"\",\r\n\t\t\t\t\tchartFrom2         : \"\",\r\n\t\t\t\t\tchartTo2           : \"\",\r\n\t\t\t\t\tstartIcon          : \"\",\r\n\t\t\t\t\tendIcon            : \"\",\r\n\t\t\t\t\tcurrentIcon        : \"\",\r\n\t\t\t\t\twaypointIcon       : \"https:\/\/lavia.cc\/gpx\/wp-content\/uploads\/gpx\/cropped-icona.ico\",\r\n\t\t\t\t\tcurrentpositioncon : \"\",\r\n\t\t\t\t\tusegpsposition     : \"\",\r\n\t\t\t\t\tzoomOnScrollWheel  : \"\",\r\n\t\t\t\t\tngGalleries        : [],\r\n\t\t\t\t\tngImages           : [],\r\n\t\t\t\t\tpluginUrl          : \"https:\/\/lavia.cc\/gpx\/wp-content\/plugins\",\r\n\t\t\t\t\tTFApiKey           : \"\",\r\n\t\t\t\t\tMapBoxApiKey           : \"\",\r\n\t\t\t\t\tlangs              : {\r\n\t\t\t\t\t\taltitude        : \"Altitudine\",\r\n\t\t\t\t\t\tcurrentPosition : \"Current position\",\r\n\t\t\t\t\t\tspeed           : \"Velocit\u00e0\",\r\n\t\t\t\t\t\tgrade           : \"Grade\",\r\n\t\t\t\t\t\theartRate       : \"Battito Cardiaco\",\r\n\t\t\t\t\t\tatemp           : \"Temperature\",\r\n\t\t\t\t\t\tcadence         : \"Cadenza\",\r\n\t\t\t\t\t\tgoFullScreen    : \"Go full screen\",\r\n\t\t\t\t\t\texitFullFcreen  : \"Exit full screen\",\r\n\t\t\t\t\t\thideImages      : \"Hide images\",\r\n\t\t\t\t\t\tshowImages      : \"Show images\",\r\n\t\t\t\t\t\tbackToCenter\t: \"Ritorna al centro della mappa\"\r\n\t\t\t\t\t}\r\n\t\t\t\t});\r\n\r\n\t\t\t});\r\n\r\n\t\t<\/script>\n<p>\ud83d\udfe2 Segui\u00a0<strong><a href=\"https:\/\/www.instagram.com\/lavia.cc\/\" target=\"_blank\" rel=\"noopener\">LAVIA<\/a>,<\/strong>\u00a0arriva alla\u00a0<strong>META<\/strong><\/p>\n","protected":false},"excerpt":{"rendered":"<p>\ud83d\udeb5\ud83c\udffc Andata in pensione nel 1966, oggi l&#8217;ex ferrovia Voghera-Varzi \u00e8 diventata una greenway sulla quale si pu\u00f2 pedalare e camminare per circa 35 chilometri. Da Voghera, capoluogo dell&#8217;Oltrep\u00f2 Pavese fino a Varzi, borgo medievale del salame DOP, diventato recentemente uno de &#8220;I Borghi pi\u00f9 belli d&#8217;Italia&#8221;. Una vecchia strada recuperata per un nuovo modo di intendere la cultura associata al movimento, allo sport e all&#8217;attivit\u00e0 all&#8217;aria aperta. Della greenway Voghera-Varzi. che sale leggera e con qualche breve strappo verso il cuore della Val Staffora, sorprende, la variet\u00e0 degli otto comuni e frazioni che attraversa. Questa via verde \u00e8 il racconto fra storia e futuro di una terra di mezzo all&#8217;incrocio delle cosiddette &#8220;Quattro Province&#8221; (Alessandria, Genova, Pavia, Piacenza).<\/p>\n<p>\ud83d\udcf7 Foto di <a href=\"https:\/\/www.instagram.com\/daniele_fantini\/\" target=\"_blank\" rel=\"noopener\">@daniele_fantini<\/a><\/p>\n<p>\ud83d\udfe2 Segui\u00a0<strong>LAVIA,<\/strong>\u00a0arriva alla\u00a0<strong>META<\/strong>!<\/p>\n","protected":false},"featured_media":9796,"comment_status":"open","ping_status":"closed","template":"","meta":[],"product_brand":[],"product_cat":[30],"product_tag":[73,1304,1303,1302],"class_list":{"0":"post-9775","1":"product","2":"type-product","3":"status-publish","4":"has-post-thumbnail","6":"product_cat-cicloturismo","7":"product_tag-lombardia","8":"product_tag-pavia","9":"product_tag-varzi","10":"product_tag-voghera","12":"first","13":"instock","14":"downloadable","15":"virtual","16":"product-type-simple"},"_links":{"self":[{"href":"https:\/\/lavia.cc\/gpx\/wp-json\/wp\/v2\/product\/9775","targetHints":{"allow":["GET"]}}],"collection":[{"href":"https:\/\/lavia.cc\/gpx\/wp-json\/wp\/v2\/product"}],"about":[{"href":"https:\/\/lavia.cc\/gpx\/wp-json\/wp\/v2\/types\/product"}],"replies":[{"embeddable":true,"href":"https:\/\/lavia.cc\/gpx\/wp-json\/wp\/v2\/comments?post=9775"}],"version-history":[{"count":8,"href":"https:\/\/lavia.cc\/gpx\/wp-json\/wp\/v2\/product\/9775\/revisions"}],"predecessor-version":[{"id":9922,"href":"https:\/\/lavia.cc\/gpx\/wp-json\/wp\/v2\/product\/9775\/revisions\/9922"}],"wp:featuredmedia":[{"embeddable":true,"href":"https:\/\/lavia.cc\/gpx\/wp-json\/wp\/v2\/media\/9796"}],"wp:attachment":[{"href":"https:\/\/lavia.cc\/gpx\/wp-json\/wp\/v2\/media?parent=9775"}],"wp:term":[{"taxonomy":"product_brand","embeddable":true,"href":"https:\/\/lavia.cc\/gpx\/wp-json\/wp\/v2\/product_brand?post=9775"},{"taxonomy":"product_cat","embeddable":true,"href":"https:\/\/lavia.cc\/gpx\/wp-json\/wp\/v2\/product_cat?post=9775"},{"taxonomy":"product_tag","embeddable":true,"href":"https:\/\/lavia.cc\/gpx\/wp-json\/wp\/v2\/product_tag?post=9775"}],"curies":[{"name":"wp","href":"https:\/\/api.w.org\/{rel}","templated":true}]}}