{"id":9951,"date":"2024-02-01T19:15:17","date_gmt":"2024-02-01T18:15:17","guid":{"rendered":"https:\/\/lavia.cc\/gpx\/?post_type=product&#038;p=9951"},"modified":"2024-10-07T17:46:53","modified_gmt":"2024-10-07T15:46:53","slug":"da-grosseto-a-talamone-in-bicicletta","status":"publish","type":"product","link":"https:\/\/lavia.cc\/gpx\/tracce\/da-grosseto-a-talamone-in-bicicletta\/","title":{"rendered":"Da Grosseto a Talamone in bicicletta, adesso si pu\u00f2!"},"content":{"rendered":"<h5>Da Grosseto a Talamone in bicicletta, adesso si pu\u00f2!<\/h5>\n<p>\u27a1\ufe0f Clicca qui per raggiungere il punto di partenza: <a href=\"https:\/\/www.google.it\/maps\/place\/42%C2%B044&#039;22.6%22N+11%C2%B006&#039;41.3%22E\/@42.7395356,11.111275,19.88z\/data=!4m13!1m8!3m7!1s0x1329b10f4cb3efc3:0xdf8aa2a65168f42c!2sVia+Adolfo+Celi,+58100+Grosseto+GR!3b1!8m2!3d42.7393307!4d11.1109717!16s%2Fg%2F12lw86j6c!3m3!8m2!3d42.739615!4d11.111474?entry=ttu\" target=\"_blank\" rel=\"noopener\">GOOGLE MAPS<\/a> (Strada Magenta, Grosseto)<\/p>\n<p>\ud83d\udeb2 Tipologia di bici consigliate:\u00a0<a href=\"https:\/\/lavia.cc\/gpx\/categoria-tracce\/gravel\/\" target=\"_blank\" rel=\"noopener\">Gravel<\/a> \/ Cicloturismo<\/p>\n<p>\ud83d\udee4\ufe0f Fondo: 70% asfalto, 30% sterrato<\/p>\n<p>\ud83d\udd5c Periodo consigliato: tutto l\u2019anno<\/p>\n<p>\ud83d\uddfa\ufe0f Mappa e altimetria dell&#8217;itinerario <strong>da Grosseto a Talamone<\/strong> in bicicletta:<\/p>\n\r\n\t\t<div id=\"wpgpxmaps_9951_1776830\" class=\"wpgpxmaps\">\r\n\t\t\t<div id=\"map_9951_1776830_cont\" style=\"width:100%; height:450px;position:relative\" >\r\n\t\t\t\t<div id=\"map_9951_1776830\" style=\"width:100%; height:450px\"><\/div>\r\n\t\t\t\t<div id=\"wpgpxmaps_9951_1776830_osm_footer\" class=\"wpgpxmaps_osm_footer\" style=\"display:none;\"><span> &copy; <a href=\"http:\/\/www.openstreetmap.org\/copyright\" target=\"_blank\" rel=\"noopener\">OpenStreetMap<\/a> contributors<\/span><\/div>\r\n\t\t\t<\/div>\r\n\t\t\t<canvas id=\"myChart_9951_1776830\" class=\"plot\" style=\"width:100%; height:200px\"><\/canvas>\r\n\t\t\t<div id=\"ngimages_9951_1776830\" class=\"ngimages\" style=\"display:none\"><\/div>\r\n\t\t\t<div id=\"report_9951_1776830\" class=\"report\"><\/div>\r\n\t\t<\/div>\r\n\t\t\r\n\t\t<script type=\"text\/javascript\">\r\n\r\n\t\t\tjQuery(document).ready(function() {\r\n\r\n\t\t\t\tjQuery( \"#wpgpxmaps_9951_1776830\" ).wpgpxmaps( {\r\n\t\t\t\t\ttargetId           : \"9951_1776830\",\r\n\t\t\t\t\tmapType            : \"HYBRID\",\r\n\t\t\t\t\tmapData            : [[42.7395960,11.1114360],[42.7395390,11.1117000],[42.7385310,11.1118810],[42.7375270,11.1120620],[42.7370430,11.1121580],[42.7361620,11.1123380],[42.7355980,11.1124590],[42.7338660,11.1127550],[42.7296070,11.1135560],[42.7284860,11.1137740],[42.7283690,11.1137650],[42.7282160,11.1115710],[42.7269540,11.1115990],[42.7269590,11.1041160],[42.7269780,11.1002410],[42.7269740,11.0991040],[42.7269510,11.0987140],[42.7268980,11.0982550],[42.7267660,11.0976490],[42.7265750,11.0971730],[42.7262520,11.0967060],[42.7259000,11.0963010],[42.7250200,11.0954190],[42.7246890,11.0951240],[42.7242930,11.0948400],[42.7238150,11.0945790],[42.7232290,11.0944050],[42.7211960,11.0940350],[42.7206800,11.0938530],[42.7201950,11.0936190],[42.7198700,11.0933990],[42.7195110,11.0930960],[42.7190430,11.0926020],[42.7179620,11.0914600],[42.7149760,11.0882020],[42.7124300,11.0854630],[42.7119940,11.0850450],[42.7080460,11.0807460],[42.7078810,11.0807800],[42.7033530,11.0819990],[42.7029850,11.0821090],[42.6992000,11.0831420],[42.6962110,11.0829520],[42.6960840,11.0829230],[42.6959780,11.0828430],[42.6958620,11.0826610],[42.6957890,11.0823700],[42.6957580,11.0820980],[42.6956420,11.0811930],[42.6953950,11.0808860],[42.6952770,11.0809270],[42.6950810,11.0810490],[42.6949090,11.0811790],[42.6930560,11.0827860],[42.6924280,11.0833510],[42.6918000,11.0839150],[42.6915010,11.0841860],[42.6868670,11.0883550],[42.6842590,11.0906850],[42.6841520,11.0907790],[42.6828340,11.0919430],[42.6815310,11.0931000],[42.6801680,11.0943250],[42.6799800,11.0944700],[42.6798590,11.0946120],[42.6797990,11.0944860],[42.6724490,11.1011050],[42.6723740,11.1011980],[42.6721440,11.1013770],[42.6695950,11.1036430],[42.6695740,11.1038020],[42.6688410,11.1044660],[42.6685760,11.1046790],[42.6683740,11.1048620],[42.6683060,11.1050290],[42.6683410,11.1053890],[42.6683040,11.1058040],[42.6681230,11.1062940],[42.6680280,11.1065250],[42.6679030,11.1067380],[42.6677640,11.1069060],[42.6674900,11.1071310],[42.6672920,11.1072510],[42.6670340,11.1073480],[42.6668880,11.1073260],[42.6666170,11.1072230],[42.6661450,11.1069400],[42.6660210,11.1069150],[42.6659180,11.1069420],[42.6658160,11.1070250],[42.6649090,11.1080270],[42.6639650,11.1090120],[42.6637540,11.1092120],[42.6636480,11.1092790],[42.6630700,11.1094700],[42.6627930,11.1095200],[42.6624630,11.1094420],[42.6623630,11.1094450],[42.6621670,11.1095290],[42.6619580,11.1096940],[42.6616690,11.1100560],[42.6595760,11.1133080],[42.6575430,11.1164740],[42.6561770,11.1185020],[42.6551070,11.1198480],[42.6549860,11.1199810],[42.6534720,11.1213180],[42.6528560,11.1218610],[42.6526700,11.1220640],[42.6505460,11.1247530],[42.6484610,11.1274030],[42.6483020,11.1275600],[42.6480150,11.1277810],[42.6449500,11.1298950],[42.6404450,11.1330380],[42.6402250,11.1331840],[42.6399430,11.1333310],[42.6393770,11.1335540],[42.6392820,11.1335930],[42.6389900,11.1336900],[42.6388150,11.1336210],[42.6386480,11.1335830],[42.6384970,11.1336220],[42.6382090,11.1337930],[42.6379570,11.1338470],[42.6373330,11.1339090],[42.6371440,11.1339140],[42.6369600,11.1342020],[42.6368700,11.1342490],[42.6349290,11.1346110],[42.6332180,11.1350510],[42.6330650,11.1351210],[42.6329250,11.1352480],[42.6328320,11.1353760],[42.6316350,11.1358490],[42.6297020,11.1367210],[42.6295720,11.1368030],[42.6240480,11.1400970],[42.6239480,11.1401610],[42.6225020,11.1410420],[42.6215710,11.1415480],[42.6212780,11.1413240],[42.6211850,11.1413170],[42.6203120,11.1417780],[42.6199170,11.1416190],[42.6197900,11.1415400],[42.6187670,11.1408150],[42.6186830,11.1407230],[42.6185500,11.1405080],[42.6184250,11.1402570],[42.6182810,11.1399850],[42.6133120,11.1429430],[42.6131680,11.1428590],[42.6127080,11.1422310],[42.6125550,11.1420820],[42.6124170,11.1420710],[42.6123130,11.1421160],[42.6115140,11.1425670],[42.6052680,11.1458420],[42.6037390,11.1466720],[42.6039270,11.1473040],[42.6039910,11.1474630],[42.6020720,11.1488730],[42.6018070,11.1490170],[42.6013610,11.1491770],[42.5999910,11.1495450],[42.5997240,11.1496500],[42.5995630,11.1497780],[42.5993550,11.1500440],[42.5992570,11.1502440],[42.5987550,11.1518100],[42.5985630,11.1522390],[42.5984420,11.1524130],[42.5982960,11.1525570],[42.5980660,11.1526960],[42.5976640,11.1528050],[42.5963470,11.1530420],[42.5948210,11.1528300],[42.5919160,11.1523540],[42.5917580,11.1523450],[42.5916930,11.1525530],[42.5917480,11.1531050],[42.5917150,11.1533370],[42.5915080,11.1532930],[42.5857280,11.1542000],[42.5760490,11.1557150],[42.5748030,11.1559060],[42.5736000,11.1560730],[42.5656320,11.1573230],[42.5636380,11.1576420],[42.5634400,11.1576070],[42.5633380,11.1574470],[42.5631460,11.1572080],[42.5630820,11.1570530],[42.5630470,11.1568590],[42.5631110,11.1566710],[42.5635120,11.1550210],[42.5638410,11.1530700],[42.5638830,11.1525000],[42.5638410,11.1509070],[42.5637690,11.1498480],[42.5637390,11.1494980],[42.5636660,11.1491420],[42.5635110,11.1487550],[42.5629110,11.1475280],[42.5624950,11.1460770],[42.5624300,11.1457600],[42.5621680,11.1435590],[42.5619250,11.1425850],[42.5614570,11.1408760],[42.5609570,11.1391420],[42.5609040,11.1390090],[42.5605140,11.1383200],[42.5603960,11.1381350],[42.5597140,11.1370660],[42.5595870,11.1368860],[42.5589190,11.1361210],[42.5588290,11.1359580],[42.5587820,11.1357400],[42.5586280,11.1356980],[42.5583370,11.1356780],[42.5581300,11.1356180],[42.5573220,11.1350980],[42.5569650,11.1349730],[42.5561820,11.1347420],[42.5557410,11.1346120],[42.5554580,11.1345290],[42.5553030,11.1345210],[42.5552920,11.1343240],[42.5550660,11.1343250],[42.5545430,11.1343350],[42.5544210,11.1343760],[42.5542760,11.1344390],[42.5541610,11.1344920],[42.5540490,11.1345470],[42.5539420,11.1346560],[42.5537930,11.1344170],[42.5536850,11.1340390],[42.5536240,11.1337620],[42.5536100,11.1335890],[42.5536510,11.1333200],[42.5536100,11.1328470],[42.5535270,11.1325290],[42.5535850,11.1326380],[42.5536130,11.1327930],[42.5536370,11.1329150],[42.5536580,11.1331480],[42.5536670,11.1332750],[42.5536480,11.1333930],[42.5536020,11.1335470],[42.5536200,11.1337050],[42.5536920,11.1339020],[42.5537500,11.1340630],[42.5537820,11.1342450],[42.5538230,11.1343730],[42.5538680,11.1345100],[42.5539130,11.1346530],[42.5539300,11.1348170],[42.5539230,11.1349650],[42.5539050,11.1351300],[42.5538780,11.1352970],[42.5537640,11.1354260],[42.5536850,11.1352410],[42.5535340,11.1353030],[42.5534070,11.1353470],[42.5531030,11.1354720],[42.5530570,11.1352690],[42.5529000,11.1352310],[42.5526560,11.1349220],[42.5525690,11.1348140],[42.5525280,11.1345710],[42.5524750,11.1342410],[42.5522360,11.1340100],[42.5522110,11.1335860],[42.5522110,11.1335860],[42.5521940,11.1339440],[42.5519700,11.1336400],[42.5521940,11.1339440],[42.5524460,11.1341870],[42.5525280,11.1345710],[42.5525690,11.1348140],[42.5526560,11.1349220],[42.5527620,11.1350570],[42.5528420,11.1351650],[42.5529600,11.1352450],[42.5530500,11.1352270],[42.5531050,11.1353670],[42.5531580,11.1354850],[42.5532820,11.1354620],[42.5534000,11.1354150],[42.5535250,11.1353700],[42.5536170,11.1353280],[42.5537150,11.1353020],[42.5537920,11.1353950],[42.5538780,11.1353430],[42.5538310,11.1352800],[42.5538810,11.1348220],[42.5539420,11.1346560],[42.5540490,11.1345470],[42.5541610,11.1344920],[42.5542760,11.1344390],[42.5544210,11.1343760],[42.5545430,11.1343350],[42.5550580,11.1342400],[42.5552900,11.1342960],[42.5553010,11.1344920],[42.5554580,11.1345290],[42.5557410,11.1346120],[42.5561820,11.1347420],[42.5569650,11.1349730],[42.5573220,11.1350980],[42.5580510,11.1355870],[42.5583370,11.1356780],[42.5586280,11.1356980],[42.5587820,11.1357400],[42.5588290,11.1359580],[42.5589190,11.1361210],[42.5595870,11.1368860],[42.5597140,11.1370660],[42.5603960,11.1381350],[42.5605140,11.1383200],[42.5608850,11.1389600],[42.5609570,11.1391420],[42.5614570,11.1408760],[42.5619250,11.1425850],[42.5621680,11.1435590],[42.5624300,11.1457600],[42.5624950,11.1460770],[42.5629110,11.1475280],[42.5634960,11.1487240],[42.5636660,11.1491420],[42.5637390,11.1494980],[42.5637690,11.1498480],[42.5638400,11.1508920],[42.5638830,11.1525000],[42.5638410,11.1530700],[42.5635120,11.1550210],[42.5631110,11.1566710],[42.5630470,11.1568590],[42.5630820,11.1570530],[42.5631460,11.1572080],[42.5633380,11.1574470],[42.5634490,11.1575890],[42.5635640,11.1576500],[42.5656320,11.1573230],[42.5736000,11.1560730],[42.5747450,11.1559150],[42.5760120,11.1557200],[42.5856700,11.1542100],[42.5915080,11.1532930],[42.5916510,11.1532970],[42.5917480,11.1531050],[42.5916930,11.1525530],[42.5917020,11.1523960],[42.5919160,11.1523540],[42.5948210,11.1528300],[42.5963470,11.1530420],[42.5976640,11.1528050],[42.5980660,11.1526960],[42.5982960,11.1525570],[42.5984420,11.1524130],[42.5985630,11.1522390],[42.5987550,11.1518100],[42.5992570,11.1502440],[42.5993550,11.1500440],[42.5995630,11.1497780],[42.5997240,11.1496500],[42.5999910,11.1495450],[42.6013610,11.1491770],[42.6018070,11.1490170],[42.6020720,11.1488730],[42.6040110,11.1475590],[42.6039270,11.1473040],[42.6037390,11.1466720],[42.6052680,11.1458420],[42.6115140,11.1425670],[42.6123130,11.1421160],[42.6124170,11.1420710],[42.6125550,11.1420820],[42.6127080,11.1422310],[42.6131680,11.1428590],[42.6132590,11.1429510],[42.6182810,11.1399850],[42.6184250,11.1402570],[42.6185500,11.1405080],[42.6186830,11.1407230],[42.6187670,11.1408150],[42.6197900,11.1415400],[42.6199170,11.1416190],[42.6202440,11.1418370],[42.6211850,11.1413170],[42.6212780,11.1413240],[42.6214910,11.1415500],[42.6225020,11.1410420],[42.6239480,11.1401610],[42.6240480,11.1400970],[42.6295720,11.1368030],[42.6297020,11.1367210],[42.6316350,11.1358490],[42.6327480,11.1354190],[42.6329250,11.1352480],[42.6330650,11.1351210],[42.6332180,11.1350510],[42.6349290,11.1346110],[42.6368700,11.1342490],[42.6369600,11.1342020],[42.6370770,11.1339620],[42.6372600,11.1339010],[42.6379570,11.1338470],[42.6382090,11.1337930],[42.6384970,11.1336220],[42.6386480,11.1335830],[42.6387270,11.1336810],[42.6388410,11.1336790],[42.6389360,11.1336900],[42.6392820,11.1335930],[42.6393770,11.1335540],[42.6399430,11.1333310],[42.6402250,11.1331840],[42.6404450,11.1330380],[42.6449500,11.1298950],[42.6480150,11.1277810],[42.6483020,11.1275600],[42.6484610,11.1274030],[42.6505460,11.1247530],[42.6526700,11.1220640],[42.6528560,11.1218610],[42.6534720,11.1213180],[42.6549860,11.1199810],[42.6551070,11.1198480],[42.6561770,11.1185020],[42.6575430,11.1164740],[42.6595760,11.1133080],[42.6616690,11.1100560],[42.6619580,11.1096940],[42.6621670,11.1095290],[42.6623630,11.1094450],[42.6624630,11.1094420],[42.6627930,11.1095200],[42.6630700,11.1094700],[42.6636480,11.1092790],[42.6637540,11.1092120],[42.6639650,11.1090120],[42.6649090,11.1080270],[42.6658160,11.1070250],[42.6659180,11.1069420],[42.6660210,11.1069150],[42.6661450,11.1069400],[42.6666170,11.1072230],[42.6668880,11.1073260],[42.6670340,11.1073480],[42.6672920,11.1072510],[42.6674900,11.1071310],[42.6677640,11.1069060],[42.6679030,11.1067380],[42.6680280,11.1065250],[42.6681230,11.1062940],[42.6683040,11.1058040],[42.6684450,11.1054590],[42.6685760,11.1051030],[42.6687000,11.1047670],[42.6688410,11.1044660],[42.6695340,11.1038410],[42.6695570,11.1036890],[42.6721440,11.1013770],[42.6723740,11.1011980],[42.6724490,11.1011050],[42.6797990,11.0944860],[42.6800350,11.0942320],[42.6801410,11.0940000],[42.6809240,11.0909300],[42.6810660,11.0904770],[42.6811680,11.0903800],[42.6818210,11.0900260],[42.6818750,11.0899120],[42.6810690,11.0870210],[42.6809650,11.0868490],[42.6807610,11.0867020],[42.6807420,11.0865560],[42.6816470,11.0824210],[42.6817650,11.0820980],[42.6822680,11.0835970],[42.6834150,11.0877750],[42.6841650,11.0905300],[42.6841870,11.0907010],[42.6868670,11.0883550],[42.6915010,11.0841860],[42.6917350,11.0839750],[42.6924280,11.0833510],[42.6930560,11.0827860],[42.6949090,11.0811790],[42.6950810,11.0810490],[42.6954690,11.0812810],[42.6955890,11.0813830],[42.6954690,11.0812810],[42.6950810,11.0810490],[42.6952770,11.0809270],[42.6953950,11.0808860],[42.6956250,11.0811370],[42.6957580,11.0820980],[42.6957890,11.0823700],[42.6958620,11.0826610],[42.6959780,11.0828430],[42.6960840,11.0829230],[42.6962110,11.0829520],[42.6992000,11.0831420],[42.7029850,11.0821090],[42.7033530,11.0819990],[42.7078810,11.0807800],[42.7080460,11.0807460],[42.7119940,11.0850450],[42.7124300,11.0854630],[42.7149760,11.0882020],[42.7179620,11.0914600],[42.7195110,11.0930960],[42.7198700,11.0933990],[42.7201950,11.0936190],[42.7206800,11.0938530],[42.7211960,11.0940350],[42.7232290,11.0944050],[42.7238150,11.0945790],[42.7242930,11.0948400],[42.7246890,11.0951240],[42.7250200,11.0954190],[42.7259000,11.0963010],[42.7262520,11.0967060],[42.7265750,11.0971730],[42.7267660,11.0976490],[42.7268980,11.0982550],[42.7269510,11.0987140],[42.7269740,11.0991040],[42.7269780,11.1002410],[42.7269590,11.1041160],[42.7269540,11.1115990],[42.7281900,11.1115110],[42.7283300,11.1136650],[42.7284860,11.1137740],[42.7296070,11.1135560],[42.7338660,11.1127550],[42.7355980,11.1124590],[42.7361620,11.1123380],[42.7370430,11.1121580],[42.7375270,11.1120620],[42.7385310,11.1118810],[42.7395390,11.1117000],[42.7395940,11.1114460]],\r\n\t\t\t\t\tgraphDist          : [0.00,0.02,0.14,0.25,0.30,0.40,0.46,0.66,1.14,1.26,1.28,1.46,1.60,2.21,2.53,2.62,2.65,2.69,2.74,2.79,2.84,2.89,3.01,3.06,3.11,3.16,3.23,3.46,3.52,3.57,3.61,3.66,3.73,3.88,4.30,4.66,4.72,5.29,5.30,5.82,5.86,6.29,6.62,6.64,6.65,6.67,6.69,6.72,6.79,6.83,6.84,6.87,6.89,7.13,7.22,7.30,7.34,7.96,8.31,8.32,8.50,8.67,8.85,8.87,8.89,8.90,9.88,9.90,9.92,10.26,10.28,10.38,10.41,10.44,10.45,10.48,10.52,10.56,10.58,10.61,10.63,10.66,10.69,10.72,10.73,10.76,10.82,10.83,10.85,10.86,10.99,11.12,11.15,11.16,11.23,11.26,11.30,11.31,11.33,11.36,11.40,11.76,12.10,12.32,12.49,12.50,12.70,12.79,12.81,13.14,13.45,13.47,13.51,13.89,14.46,14.48,14.52,14.58,14.59,14.63,14.65,14.67,14.68,14.72,14.75,14.82,14.84,14.87,14.88,15.10,15.29,15.31,15.33,15.34,15.48,15.71,15.72,16.39,16.41,16.58,16.69,16.73,16.74,16.85,16.90,16.91,17.04,17.05,17.08,17.10,17.13,17.73,17.75,17.82,17.84,17.86,17.87,17.97,18.71,18.89,18.95,18.96,19.21,19.25,19.30,19.45,19.48,19.50,19.54,19.56,19.69,19.74,19.76,19.78,19.80,19.85,20.00,20.17,20.49,20.51,20.53,20.58,20.60,20.62,21.27,22.35,22.49,22.62,23.51,23.74,23.76,23.78,23.81,23.82,23.84,23.86,24.00,24.16,24.21,24.34,24.43,24.46,24.49,24.52,24.64,24.77,24.80,24.98,25.06,25.21,25.37,25.38,25.45,25.47,25.59,25.61,25.70,25.72,25.74,25.76,25.79,25.81,25.91,25.95,26.04,26.09,26.12,26.14,26.16,26.18,26.25,26.26,26.28,26.29,26.31,26.32,26.35,26.38,26.40,26.42,26.44,26.48,26.51,26.52,26.54,26.55,26.57,26.58,26.59,26.60,26.61,26.63,26.65,26.66,26.67,26.68,26.70,26.71,26.72,26.74,26.75,26.77,26.79,26.81,26.82,26.85,26.87,26.90,26.93,26.95,26.97,26.99,27.03,27.06,27.08,27.11,27.15,27.18,27.22,27.25,27.27,27.28,27.30,27.31,27.33,27.34,27.35,27.36,27.38,27.39,27.41,27.42,27.43,27.44,27.45,27.46,27.50,27.52,27.53,27.54,27.56,27.57,27.59,27.65,27.68,27.69,27.71,27.75,27.80,27.88,27.93,28.02,28.05,28.08,28.10,28.12,28.13,28.23,28.25,28.37,28.39,28.45,28.47,28.62,28.77,28.86,29.04,29.07,29.19,29.31,29.35,29.38,29.41,29.50,29.63,29.67,29.84,29.98,30.00,30.01,30.03,30.06,30.07,30.09,30.32,31.21,31.34,31.48,32.56,33.22,33.23,33.26,33.31,33.32,33.34,33.67,33.84,33.99,34.03,34.06,34.08,34.10,34.14,34.28,34.30,34.33,34.35,34.38,34.54,34.59,34.62,34.86,34.89,34.94,35.13,35.87,35.97,35.98,35.99,36.01,36.09,36.10,36.71,36.74,36.76,36.78,36.80,36.92,36.94,36.98,37.09,37.10,37.13,37.25,37.43,37.44,38.11,38.13,38.36,38.48,38.51,38.53,38.55,38.74,38.96,38.97,38.99,39.01,39.09,39.12,39.15,39.17,39.19,39.20,39.21,39.25,39.26,39.33,39.36,39.39,39.95,40.33,40.37,40.39,40.71,41.03,41.06,41.14,41.34,41.36,41.52,41.74,42.09,42.44,42.48,42.51,42.53,42.54,42.58,42.61,42.68,42.69,42.72,42.85,42.98,43.00,43.01,43.02,43.08,43.11,43.13,43.16,43.18,43.22,43.24,43.26,43.28,43.33,43.36,43.39,43.42,43.45,43.54,43.56,43.90,43.93,43.94,44.92,44.96,44.98,45.24,45.28,45.30,45.38,45.39,45.64,45.66,45.68,45.70,46.05,46.08,46.22,46.59,46.83,46.84,47.20,47.81,47.85,47.94,48.02,48.27,48.29,48.34,48.35,48.37,48.41,48.44,48.45,48.48,48.56,48.59,48.61,48.63,48.65,48.66,48.99,49.42,49.46,49.98,49.99,50.56,50.62,50.98,51.40,51.62,51.67,51.71,51.76,51.82,52.05,52.12,52.18,52.23,52.27,52.39,52.44,52.50,52.54,52.59,52.63,52.66,52.75,53.07,53.68,53.82,54.00,54.02,54.14,54.62,54.82,54.88,54.98,55.03,55.15,55.26,55.28],\r\n\t\t\t\t\tgraphEle           : [6.75,6.75,6.79,6.92,6.98,6.96,6.95,7.29,7.48,7.45,7.45,7.64,7.78,7.75,7.78,7.57,7.50,7.42,7.26,7.11,6.94,6.78,6.77,6.78,6.79,6.81,6.82,6.80,6.79,6.80,6.80,6.80,6.74,6.37,5.90,5.61,5.55,4.74,4.72,4.52,4.51,5.12,5.90,5.93,5.96,6.01,6.07,6.09,6.14,6.16,6.17,6.18,6.20,5.59,5.47,5.37,5.50,7.46,7.84,7.85,8.00,8.10,8.41,8.46,8.49,8.55,16.75,16.86,17.35,23.79,24.10,25.32,25.67,25.95,26.12,26.43,26.28,25.57,25.24,24.89,24.56,24.01,23.63,23.24,23.06,22.71,22.07,21.91,21.78,21.63,20.02,18.30,17.91,17.73,16.82,16.40,15.89,15.86,15.80,15.74,15.63,16.60,21.71,23.26,23.42,23.42,23.00,23.21,23.28,24.82,26.04,26.11,26.21,26.49,24.57,24.45,24.21,23.63,23.53,23.23,23.05,22.89,22.73,22.42,22.17,21.55,21.36,21.07,20.97,19.00,17.23,17.07,16.91,16.78,15.60,13.81,13.73,10.48,10.40,9.32,8.58,8.43,8.39,8.01,7.83,7.87,8.16,8.19,8.24,8.27,8.14,5.29,5.29,5.31,5.32,5.32,5.32,5.10,2.68,2.82,2.66,2.62,1.94,1.86,1.74,1.90,1.93,1.94,1.90,1.87,1.69,1.58,1.53,1.47,1.39,1.26,0.94,0.68,0.32,0.27,0.20,0.06,0.00,-0.07,-1.80,-1.67,-1.37,-1.13,-0.92,-0.50,-0.48,-0.46,-0.44,-0.42,-0.41,-0.39,-0.24,-0.09,-0.06,-0.02,-0.04,-0.05,-0.06,-0.09,-0.22,-0.64,-0.77,-1.40,-1.57,-1.09,-0.52,-0.48,-0.28,-0.22,-0.32,-0.36,-0.56,-0.59,-0.63,-0.67,-0.75,-0.80,-0.78,-0.26,0.87,1.51,2.80,3.55,4.25,5.44,8.25,8.86,9.59,10.18,10.59,11.03,11.78,12.76,13.46,13.88,14.54,15.69,15.80,15.47,15.14,14.89,14.42,14.16,13.91,13.58,13.26,12.81,12.45,12.07,11.79,11.49,11.16,10.74,10.36,9.93,9.50,8.90,8.36,7.81,7.35,6.25,5.71,5.01,5.01,5.01,5.01,5.01,5.01,5.01,5.02,4.97,4.86,4.75,4.65,4.54,4.48,4.44,4.43,4.49,4.56,4.61,4.69,4.74,4.81,4.88,4.95,5.00,5.06,5.12,5.18,5.23,5.33,5.12,4.92,4.74,4.55,4.32,4.13,3.34,2.90,2.68,2.34,1.78,0.91,-0.65,-0.81,-0.75,-0.73,-0.70,-0.69,-0.64,-0.60,-0.35,-0.30,-0.29,-0.32,-0.42,-0.45,-1.12,-1.48,-1.49,-0.72,-0.58,-0.25,-0.06,-0.05,-0.05,-0.04,-0.03,-0.05,-0.06,-0.26,-0.39,-0.40,-0.41,-0.41,-0.43,-0.44,-0.45,-0.89,-1.13,-1.34,-1.71,-1.72,-0.06,-0.01,0.08,0.20,0.23,0.27,0.69,0.92,1.27,1.40,1.48,1.54,1.59,1.67,1.92,1.94,1.91,1.89,1.87,1.83,1.90,1.94,2.67,2.76,2.75,2.76,5.29,5.29,5.28,5.26,5.24,5.18,5.20,8.22,8.17,8.13,8.09,8.07,7.96,7.99,8.06,8.27,8.34,8.53,9.32,10.42,10.50,13.71,13.83,15.60,16.69,16.91,17.08,17.24,19.00,20.96,21.06,21.26,21.44,22.11,22.37,22.69,22.85,22.99,23.11,23.21,23.57,23.67,24.11,24.26,24.39,26.42,26.18,26.07,26.01,24.84,23.23,23.12,23.05,23.36,23.36,23.26,21.53,16.33,15.52,15.53,15.74,15.99,16.12,16.53,16.88,17.61,17.76,18.19,20.16,21.56,21.68,21.79,21.91,22.43,22.82,23.06,23.50,23.85,24.38,24.68,25.01,25.33,25.40,25.30,25.21,25.12,25.04,23.91,23.61,17.31,17.05,16.95,8.53,8.33,8.19,6.60,6.35,6.28,5.88,5.83,4.64,4.56,4.45,4.39,2.82,2.73,3.62,6.72,7.58,7.60,7.43,5.51,5.45,5.46,5.62,6.33,6.40,6.40,6.40,6.39,6.38,6.38,6.38,6.37,6.17,6.11,6.04,5.99,5.95,5.91,5.14,4.54,4.51,4.75,4.76,5.55,5.60,5.91,6.39,6.75,6.83,6.86,6.83,6.80,6.85,6.85,6.80,6.76,6.72,6.86,6.94,7.04,7.20,7.38,7.52,7.64,7.77,7.73,7.83,7.63,7.49,7.48,7.45,7.27,6.98,6.88,6.91,6.94,6.97,6.97,6.97],\r\n\t\t\t\t\tgraphSpeed         : [],\r\n\t\t\t\t\tgraphHr            : [],\r\n\t\t\t\t\tgraphAtemp         : [],\r\n\t\t\t\t\tgraphCad           : [],\r\n\t\t\t\t\tgraphGrade         : [],\r\n\t\t\t\t\twaypoints          : [],\r\n\t\t\t\t\tunit               : \"2\",\r\n\t\t\t\t\tunitspeed          : \"0\",\r\n\t\t\t\t\tcolor1             : [\"#3366cc\"],\r\n\t\t\t\t\tcolor2             : \"#3366cc\",\r\n\t\t\t\t\tcolor3             : \"#ff0000\",\r\n\t\t\t\t\tcolor4             : \"#ff77bd\",\r\n\t\t\t\t\tcolor5             : \"#beecff\",\r\n\t\t\t\t\tcolor6             : \"#beecff\",\r\n\t\t\t\t\tcolor7             : \"#ff77bd\",\r\n\t\t\t\t\tchartFrom1         : \"\",\r\n\t\t\t\t\tchartTo1           : \"\",\r\n\t\t\t\t\tchartFrom2         : \"\",\r\n\t\t\t\t\tchartTo2           : \"\",\r\n\t\t\t\t\tstartIcon          : \"\",\r\n\t\t\t\t\tendIcon            : \"\",\r\n\t\t\t\t\tcurrentIcon        : \"\",\r\n\t\t\t\t\twaypointIcon       : \"https:\/\/lavia.cc\/gpx\/wp-content\/uploads\/gpx\/cropped-icona.ico\",\r\n\t\t\t\t\tcurrentpositioncon : \"\",\r\n\t\t\t\t\tusegpsposition     : \"\",\r\n\t\t\t\t\tzoomOnScrollWheel  : \"\",\r\n\t\t\t\t\tngGalleries        : [],\r\n\t\t\t\t\tngImages           : [],\r\n\t\t\t\t\tpluginUrl          : \"https:\/\/lavia.cc\/gpx\/wp-content\/plugins\",\r\n\t\t\t\t\tTFApiKey           : \"\",\r\n\t\t\t\t\tMapBoxApiKey           : \"\",\r\n\t\t\t\t\tlangs              : {\r\n\t\t\t\t\t\taltitude        : \"Altitudine\",\r\n\t\t\t\t\t\tcurrentPosition : \"Current position\",\r\n\t\t\t\t\t\tspeed           : \"Velocit\u00e0\",\r\n\t\t\t\t\t\tgrade           : \"Grade\",\r\n\t\t\t\t\t\theartRate       : \"Battito Cardiaco\",\r\n\t\t\t\t\t\tatemp           : \"Temperature\",\r\n\t\t\t\t\t\tcadence         : \"Cadenza\",\r\n\t\t\t\t\t\tgoFullScreen    : \"Go full screen\",\r\n\t\t\t\t\t\texitFullFcreen  : \"Exit full screen\",\r\n\t\t\t\t\t\thideImages      : \"Hide images\",\r\n\t\t\t\t\t\tshowImages      : \"Show images\",\r\n\t\t\t\t\t\tbackToCenter\t: \"Ritorna al centro della mappa\"\r\n\t\t\t\t\t}\r\n\t\t\t\t});\r\n\r\n\t\t\t});\r\n\r\n\t\t<\/script>\n<p>\ud83d\udfe2 Segui\u00a0<strong><a href=\"https:\/\/www.instagram.com\/lavia.cc\/\" target=\"_blank\" rel=\"noopener\">LAVIA<\/a>,<\/strong>\u00a0arriva alla\u00a0<strong>META<\/strong>!<\/p>\n","protected":false},"excerpt":{"rendered":"<p><strong>\ud83d\udccd TRACCIA CARICATA DA:\u00a0<a href=\"https:\/\/lavia.cc\/gpx\/maremma-green-passion\/\" target=\"_blank\" rel=\"noopener\">MAREMMA GREEN PASSION<\/a><\/strong><\/p>\n<p>E&#8217; possibile arrivare in sicurezza da Grosseto a Talamone in bicicletta? Adesso finalmente S\u00ec! Il tragitto \u00e8 semplice da seguire: partenza a Grosseto nel quartiere del Casalone (dove c&#8217;\u00e8 un bel parcheggio), con direzione argine e ponte sull&#8217;Ombrone. Oltrepassato il ponte bisogna dirigersi verso il centro abitato di Alberese (e non verso il mare), percorrendo il tratto di pista ciclabile che conduce fino agli uffici del Parco della Maremma. Proseguendo oltre sulla viabilit\u00e0 locale, la tappa successiva \u00e8 la Stazione di Alberese, sulla destra della quale si trova il cancello del tratto di pista ciclabile che porta al Collecchio. Questo percorso si sviluppa lungo la ferrovia su un fondo di terra e viene chiuso per sicurezza con allerta meteo gialla. Al Collecchio baster\u00e0 dirigersi verso la Strada Vicinale della Valentina che vi porter\u00e0 dritti nel Golfo di Talamone. Arrivati sul lungomare potrete sfruttare il suggestivo arenile che porta da Fonteblanda a Talamone e il gioco sar\u00e0 fatto! Inutile dirvi che in questo tragitto potrete veramente apprezzare tutte le sfaccettature pi\u00f9 caratteristiche della Maremma: dalla campagna, alle colline verdeggianti&#8230;fino mare limpido e splendente. Quindi cosa aspettate: montate in sella e venitelo a provare!<\/p>\n<p>\ud83c\udf89 W la Maremma ciclabile!!!<\/p>\n<p>\ud83d\udcf7 Durante l\u2019escursione cerca l\u2019<a href=\"https:\/\/lavia.cc\/gpx\/mappa-degli-adesivi-lavia\/\" target=\"_blank\" rel=\"noopener\">adesivo LAVIA<\/a>. Se lo trovi fai una foto e taggaci in una storia su Instagram!<\/p>\n<p>\ud83d\udfe2 Segui\u00a0<strong>LAVIA,<\/strong>\u00a0arriva alla\u00a0<strong>META<\/strong>!<\/p>\n","protected":false},"featured_media":16907,"comment_status":"open","ping_status":"closed","template":"","meta":[],"product_brand":[],"product_cat":[30],"product_tag":[880,1317,126],"class_list":{"0":"post-9951","1":"product","2":"type-product","3":"status-publish","4":"has-post-thumbnail","6":"product_cat-cicloturismo","7":"product_tag-grosseto","8":"product_tag-talamone","9":"product_tag-toscana","11":"first","12":"instock","13":"downloadable","14":"virtual","15":"product-type-simple"},"_links":{"self":[{"href":"https:\/\/lavia.cc\/gpx\/wp-json\/wp\/v2\/product\/9951","targetHints":{"allow":["GET"]}}],"collection":[{"href":"https:\/\/lavia.cc\/gpx\/wp-json\/wp\/v2\/product"}],"about":[{"href":"https:\/\/lavia.cc\/gpx\/wp-json\/wp\/v2\/types\/product"}],"replies":[{"embeddable":true,"href":"https:\/\/lavia.cc\/gpx\/wp-json\/wp\/v2\/comments?post=9951"}],"version-history":[{"count":5,"href":"https:\/\/lavia.cc\/gpx\/wp-json\/wp\/v2\/product\/9951\/revisions"}],"predecessor-version":[{"id":9962,"href":"https:\/\/lavia.cc\/gpx\/wp-json\/wp\/v2\/product\/9951\/revisions\/9962"}],"wp:featuredmedia":[{"embeddable":true,"href":"https:\/\/lavia.cc\/gpx\/wp-json\/wp\/v2\/media\/16907"}],"wp:attachment":[{"href":"https:\/\/lavia.cc\/gpx\/wp-json\/wp\/v2\/media?parent=9951"}],"wp:term":[{"taxonomy":"product_brand","embeddable":true,"href":"https:\/\/lavia.cc\/gpx\/wp-json\/wp\/v2\/product_brand?post=9951"},{"taxonomy":"product_cat","embeddable":true,"href":"https:\/\/lavia.cc\/gpx\/wp-json\/wp\/v2\/product_cat?post=9951"},{"taxonomy":"product_tag","embeddable":true,"href":"https:\/\/lavia.cc\/gpx\/wp-json\/wp\/v2\/product_tag?post=9951"}],"curies":[{"name":"wp","href":"https:\/\/api.w.org\/{rel}","templated":true}]}}